{"id":1145,"date":"2019-01-03T10:37:51","date_gmt":"2019-01-03T10:37:51","guid":{"rendered":"\/?page_id=1145"},"modified":"2021-03-17T14:06:00","modified_gmt":"2021-03-17T14:06:00","slug":"installations-reparations-de-rails-au-plafond-et-de-leves-personnes","status":"publish","type":"page","link":"https:\/\/canadacaremedical.com\/fr\/installations-reparations\/installations-reparations-de-rails-au-plafond-et-de-leves-personnes\/","title":{"rendered":"INSTALLATIONS &#038; R\u00c9PARATIONS DE RAILS AU PLAFOND ET DE L\u00c8VES-PERSONNES"},"content":{"rendered":"<div class=\"wpb-content-wrapper\"><p>[vc_row source=\u00a0\u00bb\u00a0\u00bb text=\u00a0\u00bbCANADA CARE MEDICAL\u00a0\u00bb font_container=\u00a0\u00bbtag:h1|text_align:left\u00a0\u00bb use_theme_fonts=\u00a0\u00bbyes\u00a0\u00bb google_fonts=\u00a0\u00bbfont_family:Abril%20Fatface%3Aregular|font_style:400%20regular%3A400%3Anormal\u00a0\u00bb el_class=\u00a0\u00bbfont25 mosterratbold\u00a0\u00bb link=\u00a0\u00bb\u00a0\u00bb][vc_column][dhvc_woo_product_page_breadcrumb el_class=\u00a0\u00bb\u00a0\u00bb][vc_custom_heading text=\u00a0\u00bbINSTALLATIONS &amp; R\u00c9PARATIONS DE RAILS AU PLAFOND ET DE L\u00c8VES-PERSONNES\u00a0\u00bb font_container=\u00a0\u00bbtag:h1|text_align:left\u00a0\u00bb use_theme_fonts=\u00a0\u00bbyes\u00a0\u00bb el_class=\u00a0\u00bbfont25 mosterratbold padding25yt\u00a0\u00bb][\/vc_column][\/vc_row][vc_row el_class=\u00a0\u00bbpadding36t\u00a0\u00bb][vc_column width=\u00a0\u00bb3\/4&Prime;][vc_row_inner][vc_column_inner el_class=\u00a0\u00bbpadding10xr\u00a0\u00bb width=\u00a0\u00bb7\/12&Prime;][vc_single_image image=\u00a0\u00bb3532&Prime; img_size=\u00a0\u00bbfull\u00a0\u00bb el_class=\u00a0\u00bbfullwidthimg\u00a0\u00bb][\/vc_column_inner][vc_column_inner el_class=\u00a0\u00bbpadding5xl padding5xr\u00a0\u00bb width=\u00a0\u00bb5\/12&Prime;][vc_column_text el_class=\u00a0\u00bbfont14 nomargintop\u00a0\u00bb]<\/p>\n<p class=\"nomargintop\">Il se peut que vous ayez besoin d\u2019une r\u00e9paration ou bien d\u2019une pleine installation d\u2019un syst\u00e8me de rails au plafond et de l\u00e8ve-personnes. Dans les deux cas, la plupart des points mentionn\u00e9s plus bas r\u00e9pondront \u00e0 vos questions.<\/p>\n<p>Si vous avez des questions additionnelles, appelez-nous ou venez nous voir en magasin. Nous nous ferons un plaisir de r\u00e9pondre \u00e0 toutes vos interrogations afin que vous puissiez prendre une d\u00e9cision en pleine connaissance de cause. [\/vc_column_text][\/vc_column_inner][\/vc_row_inner][vc_custom_heading text=\u00a0\u00bbCE QU\u2019IL FAUT SAVOIR\u00a0\u00bb font_container=\u00a0\u00bbtag:p|text_align:left\u00a0\u00bb use_theme_fonts=\u00a0\u00bbyes\u00a0\u00bb el_class=\u00a0\u00bbmosterratbold font20&Prime;][vc_column_text el_class=\u00a0\u00bbfont14&Prime;]<\/p>\n<ul>\n<li>Nous installons ou r\u00e9parons tout ce que nous offrons en termes de produits et toutes les marques que nous vendons.<\/li>\n<li>Si vous avez d\u00e9j\u00e0 en votre possession un item achet\u00e9 ailleurs, mais qui n\u00e9cessite une r\u00e9paration, nous pouvons nous en occuper pour vous. Il doit cependant correspondre \u00e0 une marque que nous vendons.<\/li>\n<li>Dans le cas pr\u00e9cis de l\u2019achat d\u2019un l\u00e8ve-personne \u00e0 roulettes, le ou la physioth\u00e9rapeute qui a recommand\u00e9 l\u2019achat pourra vous montrer comment utiliser l\u2019appareil et aucune installation n\u2019est requise.<\/li>\n<li>La plupart de besoins en r\u00e9paration d\u2019un l\u00e8ve-personne \u00e0 roulettes concernent la batterie ou la commande manuelle.<\/li>\n<li>Dans le cas de rails au plafond, la premi\u00e8re \u00e9tape consiste en un rendez-vous d\u2019une heure gratuit chez vous afin de d\u00e9terminer le besoin et de mettre au point un devis.<\/li>\n<li>La deuxi\u00e8me \u00e9tape consiste en l\u2019\u00e9laboration d\u2019un plan de rails au plafond par le manufacturier, puis d\u2019une acceptation formelle du devis de fabrication par Canada Care Medical et vous-m\u00eames. Une p\u00e9riode d\u2019attende de quatre \u00e0 six semaines s&rsquo;ensuit, pendant laquelle le manufacturier fabrique les rails du plan et fait parvenir le tout \u00e0 Canada Care Medical.<\/li>\n<li>Cela prend environ une journ\u00e9e et deux techniciens pour installer votre syst\u00e8me de rail dans votre maison.<\/li>\n<li>Nous avons une \u00e9quipe de cinq techniciens sur la route ainsi que deux techniciens en magasin \u00e0 votre service.<\/li>\n<li>Nos techniciens sont des professionnels exp\u00e9riment\u00e9s qui cumulent plus de 70 ann\u00e9es de savoir-faire dans le domaine, et ils consacrent r\u00e9guli\u00e8rement du temps de formation reli\u00e9 aux aspects techniques de nos produits.<\/li>\n<li>Nos techniciens sur la route se d\u00e9placent \u00e0 l\u2019aide de notre flotte de camionnettes \u00e9quip\u00e9es pour un service routier d\u2019urgence et ils se d\u00e9placent quotidiennement pour r\u00e9pondre aux besoins de la client\u00e8le pendant les heures de bureau. Prenez rendez-vous afin qu\u2019ils puissent vous inclure sur leur horaire.<\/li>\n<li>Certaines r\u00e9parations d\u2019urgence peuvent \u00eatre accomplies chez vous, alors que d\u2019autres devront n\u00e9cessiter de l\u2019appareillage disponible seulement en atelier de r\u00e9paration en magasin.<\/li>\n<li>Nous r\u00e9parons votre \u00e9quipement en pensant \u00e0 votre s\u00e9curit\u00e9 en tout premier lieu. Il se peut que nous proposions une strat\u00e9gie de r\u00e9paration en une ou plusieurs \u00e9tapes au besoin, suivant le diagnostic.<\/li>\n<li>Nos prix sont comp\u00e9titifs \u00e0 tous les niveaux, du taux horaire au frais d\u2019appel de service, de l\u2019installation au prix des pi\u00e8ces.<\/li>\n<\/ul>\n<p>[\/vc_column_text][vc_custom_heading text=\u00a0\u00bbRAILS AU PLAFOND &amp; ET L\u00c8VES-PERSONNES\u00a0\u00bb use_theme_fonts=\u00a0\u00bbyes\u00a0\u00bb el_class=\u00a0\u00bbmosterratbold font20&Prime;][vc_column_text el_class=\u00a0\u00bbfont14&Prime;]<\/p>\n<ul>\n<li>L\u2019hyperlien qui suit vous introduira \u00e0 certains des \u00e9quipements que nous tenons en stock et desquels vous pouvez choisir ce qui vous convient le mieux.\u00a0<a href=\"\/product-category\/accessibility-products\/\">Produits d\u2019accessibilit\u00e9.<\/a><\/li>\n<li>Si vous cherchez un produit d\u2019accessibilit\u00e9 qui n\u2019est pas encore ajout\u00e9 \u00e0 notre site web, appelez-nous pour v\u00e9rifier notre marchandise au <a href=\"tel:6132341222\">(613) 234-1222\u00a0<\/a>et demandez le d\u00e9partement de la mobilit\u00e9. Nous poss\u00e9dons un inventaire de plus de 11,000 produits diff\u00e9rents et nous en ajoutons toujours, \u00e0 la fois dans nos entrep\u00f4ts et sur notre site web!<\/li>\n<\/ul>\n<p>[\/vc_column_text][\/vc_column][vc_column width=\u00a0\u00bb1\/4&Prime; el_class=\u00a0\u00bbpadding24xl\u00a0\u00bb][vc_column_text el_class=\u00a0\u00bbfont16 nomargintop\u00a0\u00bb]<\/p>\n<p class=\"nomargintop\"><strong>Composez le<br \/>\n<a href=\"tel:6132341222\">(613) 234-1222<\/a><\/strong><br \/>\n<strong>pour prendre rendez-vous.<\/strong><\/p>\n<p>[\/vc_column_text][\/vc_column][\/vc_row]<\/p>\n<\/div>","protected":false},"excerpt":{"rendered":"<p>[vc_row source=\u00a0\u00bb\u00a0\u00bb text=\u00a0\u00bbCANADA CARE MEDICAL\u00a0\u00bb font_container=\u00a0\u00bbtag:h1|text_align:left\u00a0\u00bb use_theme_fonts=\u00a0\u00bbyes\u00a0\u00bb google_fonts=\u00a0\u00bbfont_family:Abril%20Fatface%3Aregular|font_style:400%20regular%3A400%3Anormal\u00a0\u00bb el_class=\u00a0\u00bbfont25 mosterratbold\u00a0\u00bb link=\u00a0\u00bb\u00a0\u00bb][vc_column][dhvc_woo_product_page_breadcrumb el_class=\u00a0\u00bb\u00a0\u00bb][vc_custom_heading text=\u00a0\u00bbINSTALLATIONS &amp; R\u00c9PARATIONS DE RAILS AU PLAFOND ET DE L\u00c8VES-PERSONNES\u00a0\u00bb font_container=\u00a0\u00bbtag:h1|text_align:left\u00a0\u00bb use_theme_fonts=\u00a0\u00bbyes\u00a0\u00bb el_class=\u00a0\u00bbfont25 mosterratbold padding25yt\u00a0\u00bb][\/vc_column][\/vc_row][vc_row el_class=\u00a0\u00bbpadding36t\u00a0\u00bb][vc_column width=\u00a0\u00bb3\/4&Prime;][vc_row_inner][vc_column_inner el_class=\u00a0\u00bbpadding10xr\u00a0\u00bb width=\u00a0\u00bb7\/12&Prime;][vc_single_image image=\u00a0\u00bb3532&Prime; img_size=\u00a0\u00bbfull\u00a0\u00bb el_class=\u00a0\u00bbfullwidthimg\u00a0\u00bb][\/vc_column_inner][vc_column_inner el_class=\u00a0\u00bbpadding5xl padding5xr\u00a0\u00bb width=\u00a0\u00bb5\/12&Prime;][vc_column_text el_class=\u00a0\u00bbfont14 nomargintop\u00a0\u00bb] Il se peut que vous ayez besoin d\u2019une r\u00e9paration ou bien d\u2019une pleine installation d\u2019un syst\u00e8me [&hellip;]<\/p>\n","protected":false},"author":5,"featured_media":0,"parent":1027,"menu_order":0,"comment_status":"closed","ping_status":"closed","template":"","meta":{"footnotes":""},"tags":[],"class_list":["post-1145","page","type-page","status-publish","hentry"],"yoast_head":"<!-- This site is optimized with the Yoast SEO plugin v27.3 - https:\/\/yoast.com\/product\/yoast-seo-wordpress\/ -->\n<title>Installation \u00e0 domicile de l\u00e8ves-personnes et r\u00e9paration - CCMedical<\/title>\n<meta name=\"description\" content=\"Canada Care Medical offre un service d&#039;installation \u00e0 domicile de l\u00e8ve-personnes, ainsi que la r\u00e9paration de ces \u00e9quipements m\u00e9dicaux.\" \/>\n<meta name=\"robots\" content=\"index, follow, max-snippet:-1, max-image-preview:large, max-video-preview:-1\" \/>\n<link rel=\"canonical\" href=\"https:\/\/canadacaremedical.com\/fr\/installations-reparations\/installations-reparations-de-rails-au-plafond-et-de-leves-personnes\/\" \/>\n<meta property=\"og:locale\" content=\"fr_FR\" \/>\n<meta property=\"og:type\" content=\"article\" \/>\n<meta property=\"og:title\" content=\"Installation \u00e0 domicile de l\u00e8ves-personnes et r\u00e9paration - CCMedical\" \/>\n<meta property=\"og:description\" content=\"Canada Care Medical offre un service d&#039;installation \u00e0 domicile de l\u00e8ve-personnes, ainsi que la r\u00e9paration de ces \u00e9quipements m\u00e9dicaux.\" \/>\n<meta property=\"og:url\" content=\"https:\/\/canadacaremedical.com\/fr\/installations-reparations\/installations-reparations-de-rails-au-plafond-et-de-leves-personnes\/\" \/>\n<meta property=\"og:site_name\" content=\"Canada Care Medical\" \/>\n<meta property=\"article:modified_time\" content=\"2021-03-17T14:06:00+00:00\" \/>\n<meta name=\"twitter:card\" content=\"summary_large_image\" \/>\n<meta name=\"twitter:label1\" content=\"Dur\u00e9e de lecture estim\u00e9e\" \/>\n\t<meta name=\"twitter:data1\" content=\"4 minutes\" \/>\n<script type=\"application\/ld+json\" class=\"yoast-schema-graph\">{\"@context\":\"https:\\\/\\\/schema.org\",\"@graph\":[{\"@type\":\"WebPage\",\"@id\":\"https:\\\/\\\/canadacaremedical.com\\\/fr\\\/installations-reparations\\\/installations-reparations-de-rails-au-plafond-et-de-leves-personnes\\\/\",\"url\":\"https:\\\/\\\/canadacaremedical.com\\\/fr\\\/installations-reparations\\\/installations-reparations-de-rails-au-plafond-et-de-leves-personnes\\\/\",\"name\":\"Installation \u00e0 domicile de l\u00e8ves-personnes et r\u00e9paration - CCMedical\",\"isPartOf\":{\"@id\":\"https:\\\/\\\/canadacaremedical.com\\\/#website\"},\"datePublished\":\"2019-01-03T10:37:51+00:00\",\"dateModified\":\"2021-03-17T14:06:00+00:00\",\"description\":\"Canada Care Medical offre un service d'installation \u00e0 domicile de l\u00e8ve-personnes, ainsi que la r\u00e9paration de ces \u00e9quipements m\u00e9dicaux.\",\"breadcrumb\":{\"@id\":\"https:\\\/\\\/canadacaremedical.com\\\/fr\\\/installations-reparations\\\/installations-reparations-de-rails-au-plafond-et-de-leves-personnes\\\/#breadcrumb\"},\"inLanguage\":\"fr-FR\",\"potentialAction\":[{\"@type\":\"ReadAction\",\"target\":[\"https:\\\/\\\/canadacaremedical.com\\\/fr\\\/installations-reparations\\\/installations-reparations-de-rails-au-plafond-et-de-leves-personnes\\\/\"]}]},{\"@type\":\"BreadcrumbList\",\"@id\":\"https:\\\/\\\/canadacaremedical.com\\\/fr\\\/installations-reparations\\\/installations-reparations-de-rails-au-plafond-et-de-leves-personnes\\\/#breadcrumb\",\"itemListElement\":[{\"@type\":\"ListItem\",\"position\":1,\"name\":\"Home\",\"item\":\"https:\\\/\\\/canadacaremedical.com\\\/fr\\\/\"},{\"@type\":\"ListItem\",\"position\":2,\"name\":\"Installations &#038; r\u00e9parations\",\"item\":\"https:\\\/\\\/canadacaremedical.com\\\/fr\\\/installations-reparations\\\/\"},{\"@type\":\"ListItem\",\"position\":3,\"name\":\"INSTALLATIONS &#038; R\u00c9PARATIONS DE RAILS AU PLAFOND ET DE L\u00c8VES-PERSONNES\"}]},{\"@type\":\"WebSite\",\"@id\":\"https:\\\/\\\/canadacaremedical.com\\\/#website\",\"url\":\"https:\\\/\\\/canadacaremedical.com\\\/\",\"name\":\"Canada Care Medical\",\"description\":\"\",\"publisher\":{\"@id\":\"https:\\\/\\\/canadacaremedical.com\\\/#organization\"},\"potentialAction\":[{\"@type\":\"SearchAction\",\"target\":{\"@type\":\"EntryPoint\",\"urlTemplate\":\"https:\\\/\\\/canadacaremedical.com\\\/?s={search_term_string}\"},\"query-input\":{\"@type\":\"PropertyValueSpecification\",\"valueRequired\":true,\"valueName\":\"search_term_string\"}}],\"inLanguage\":\"fr-FR\"},{\"@type\":\"Organization\",\"@id\":\"https:\\\/\\\/canadacaremedical.com\\\/#organization\",\"name\":\"Canada Care Medical\",\"url\":\"https:\\\/\\\/canadacaremedical.com\\\/\",\"logo\":{\"@type\":\"ImageObject\",\"inLanguage\":\"fr-FR\",\"@id\":\"https:\\\/\\\/canadacaremedical.com\\\/#\\\/schema\\\/logo\\\/image\\\/\",\"url\":\"https:\\\/\\\/canadacaremedical.com\\\/wp-content\\\/uploads\\\/2022\\\/04\\\/cropped-CCM-an-NSM-company-website-vertical-no-50-1.png\",\"contentUrl\":\"https:\\\/\\\/canadacaremedical.com\\\/wp-content\\\/uploads\\\/2022\\\/04\\\/cropped-CCM-an-NSM-company-website-vertical-no-50-1.png\",\"width\":500,\"height\":181,\"caption\":\"Canada Care Medical\"},\"image\":{\"@id\":\"https:\\\/\\\/canadacaremedical.com\\\/#\\\/schema\\\/logo\\\/image\\\/\"}}]}<\/script>\n<!-- \/ Yoast SEO plugin. -->","yoast_head_json":{"title":"Installation \u00e0 domicile de l\u00e8ves-personnes et r\u00e9paration - CCMedical","description":"Canada Care Medical offre un service d'installation \u00e0 domicile de l\u00e8ve-personnes, ainsi que la r\u00e9paration de ces \u00e9quipements m\u00e9dicaux.","robots":{"index":"index","follow":"follow","max-snippet":"max-snippet:-1","max-image-preview":"max-image-preview:large","max-video-preview":"max-video-preview:-1"},"canonical":"https:\/\/canadacaremedical.com\/fr\/installations-reparations\/installations-reparations-de-rails-au-plafond-et-de-leves-personnes\/","og_locale":"fr_FR","og_type":"article","og_title":"Installation \u00e0 domicile de l\u00e8ves-personnes et r\u00e9paration - CCMedical","og_description":"Canada Care Medical offre un service d'installation \u00e0 domicile de l\u00e8ve-personnes, ainsi que la r\u00e9paration de ces \u00e9quipements m\u00e9dicaux.","og_url":"https:\/\/canadacaremedical.com\/fr\/installations-reparations\/installations-reparations-de-rails-au-plafond-et-de-leves-personnes\/","og_site_name":"Canada Care Medical","article_modified_time":"2021-03-17T14:06:00+00:00","twitter_card":"summary_large_image","twitter_misc":{"Dur\u00e9e de lecture estim\u00e9e":"4 minutes"},"schema":{"@context":"https:\/\/schema.org","@graph":[{"@type":"WebPage","@id":"https:\/\/canadacaremedical.com\/fr\/installations-reparations\/installations-reparations-de-rails-au-plafond-et-de-leves-personnes\/","url":"https:\/\/canadacaremedical.com\/fr\/installations-reparations\/installations-reparations-de-rails-au-plafond-et-de-leves-personnes\/","name":"Installation \u00e0 domicile de l\u00e8ves-personnes et r\u00e9paration - CCMedical","isPartOf":{"@id":"https:\/\/canadacaremedical.com\/#website"},"datePublished":"2019-01-03T10:37:51+00:00","dateModified":"2021-03-17T14:06:00+00:00","description":"Canada Care Medical offre un service d'installation \u00e0 domicile de l\u00e8ve-personnes, ainsi que la r\u00e9paration de ces \u00e9quipements m\u00e9dicaux.","breadcrumb":{"@id":"https:\/\/canadacaremedical.com\/fr\/installations-reparations\/installations-reparations-de-rails-au-plafond-et-de-leves-personnes\/#breadcrumb"},"inLanguage":"fr-FR","potentialAction":[{"@type":"ReadAction","target":["https:\/\/canadacaremedical.com\/fr\/installations-reparations\/installations-reparations-de-rails-au-plafond-et-de-leves-personnes\/"]}]},{"@type":"BreadcrumbList","@id":"https:\/\/canadacaremedical.com\/fr\/installations-reparations\/installations-reparations-de-rails-au-plafond-et-de-leves-personnes\/#breadcrumb","itemListElement":[{"@type":"ListItem","position":1,"name":"Home","item":"https:\/\/canadacaremedical.com\/fr\/"},{"@type":"ListItem","position":2,"name":"Installations &#038; r\u00e9parations","item":"https:\/\/canadacaremedical.com\/fr\/installations-reparations\/"},{"@type":"ListItem","position":3,"name":"INSTALLATIONS &#038; R\u00c9PARATIONS DE RAILS AU PLAFOND ET DE L\u00c8VES-PERSONNES"}]},{"@type":"WebSite","@id":"https:\/\/canadacaremedical.com\/#website","url":"https:\/\/canadacaremedical.com\/","name":"Canada Care Medical","description":"","publisher":{"@id":"https:\/\/canadacaremedical.com\/#organization"},"potentialAction":[{"@type":"SearchAction","target":{"@type":"EntryPoint","urlTemplate":"https:\/\/canadacaremedical.com\/?s={search_term_string}"},"query-input":{"@type":"PropertyValueSpecification","valueRequired":true,"valueName":"search_term_string"}}],"inLanguage":"fr-FR"},{"@type":"Organization","@id":"https:\/\/canadacaremedical.com\/#organization","name":"Canada Care Medical","url":"https:\/\/canadacaremedical.com\/","logo":{"@type":"ImageObject","inLanguage":"fr-FR","@id":"https:\/\/canadacaremedical.com\/#\/schema\/logo\/image\/","url":"https:\/\/canadacaremedical.com\/wp-content\/uploads\/2022\/04\/cropped-CCM-an-NSM-company-website-vertical-no-50-1.png","contentUrl":"https:\/\/canadacaremedical.com\/wp-content\/uploads\/2022\/04\/cropped-CCM-an-NSM-company-website-vertical-no-50-1.png","width":500,"height":181,"caption":"Canada Care Medical"},"image":{"@id":"https:\/\/canadacaremedical.com\/#\/schema\/logo\/image\/"}}]}},"jetpack_sharing_enabled":true,"_links":{"self":[{"href":"https:\/\/canadacaremedical.com\/fr\/wp-json\/wp\/v2\/pages\/1145","targetHints":{"allow":["GET"]}}],"collection":[{"href":"https:\/\/canadacaremedical.com\/fr\/wp-json\/wp\/v2\/pages"}],"about":[{"href":"https:\/\/canadacaremedical.com\/fr\/wp-json\/wp\/v2\/types\/page"}],"author":[{"embeddable":true,"href":"https:\/\/canadacaremedical.com\/fr\/wp-json\/wp\/v2\/users\/5"}],"replies":[{"embeddable":true,"href":"https:\/\/canadacaremedical.com\/fr\/wp-json\/wp\/v2\/comments?post=1145"}],"version-history":[{"count":9,"href":"https:\/\/canadacaremedical.com\/fr\/wp-json\/wp\/v2\/pages\/1145\/revisions"}],"predecessor-version":[{"id":7063,"href":"https:\/\/canadacaremedical.com\/fr\/wp-json\/wp\/v2\/pages\/1145\/revisions\/7063"}],"up":[{"embeddable":true,"href":"https:\/\/canadacaremedical.com\/fr\/wp-json\/wp\/v2\/pages\/1027"}],"wp:attachment":[{"href":"https:\/\/canadacaremedical.com\/fr\/wp-json\/wp\/v2\/media?parent=1145"}],"wp:term":[{"taxonomy":"post_tag","embeddable":true,"href":"https:\/\/canadacaremedical.com\/fr\/wp-json\/wp\/v2\/tags?post=1145"}],"curies":[{"name":"wp","href":"https:\/\/api.w.org\/{rel}","templated":true}]}}