{"id":1147,"date":"2019-01-03T10:43:52","date_gmt":"2019-01-03T10:43:52","guid":{"rendered":"\/?page_id=1147"},"modified":"2021-03-17T14:08:58","modified_gmt":"2021-03-17T14:08:58","slug":"installations-reparations-de-lits-dhopitaux","status":"publish","type":"page","link":"https:\/\/canadacaremedical.com\/fr\/installations-reparations\/installations-reparations-de-lits-dhopitaux\/","title":{"rendered":"INSTALLATIONS &#038; R\u00c9PARATIONS DE LITS D\u2019H\u00d4PITAUX"},"content":{"rendered":"<div class=\"wpb-content-wrapper\"><p>[vc_row source=\u00a0\u00bb\u00a0\u00bb text=\u00a0\u00bbCANADA CARE MEDICAL\u00a0\u00bb font_container=\u00a0\u00bbtag:h1|text_align:left\u00a0\u00bb use_theme_fonts=\u00a0\u00bbyes\u00a0\u00bb google_fonts=\u00a0\u00bbfont_family:Abril%20Fatface%3Aregular|font_style:400%20regular%3A400%3Anormal\u00a0\u00bb el_class=\u00a0\u00bbfont25 mosterratbold\u00a0\u00bb link=\u00a0\u00bb\u00a0\u00bb][vc_column][dhvc_woo_product_page_breadcrumb el_class=\u00a0\u00bb\u00a0\u00bb][vc_custom_heading text=\u00a0\u00bbINSTALLATIONS &amp; R\u00c9PARATIONS DE LITS D\u2019H\u00d4PITAUX\u00a0\u00bb font_container=\u00a0\u00bbtag:h1|text_align:left\u00a0\u00bb use_theme_fonts=\u00a0\u00bbyes\u00a0\u00bb el_class=\u00a0\u00bbfont25 mosterratbold padding25yt\u00a0\u00bb][\/vc_column][\/vc_row][vc_row el_class=\u00a0\u00bbpadding36t\u00a0\u00bb][vc_column width=\u00a0\u00bb3\/4&Prime;][vc_row_inner][vc_column_inner el_class=\u00a0\u00bbpadding10xr\u00a0\u00bb width=\u00a0\u00bb7\/12&Prime;][vc_single_image image=\u00a0\u00bb3889&Prime; img_size=\u00a0\u00bbfull\u00a0\u00bb el_class=\u00a0\u00bbfullwidthimg\u00a0\u00bb][\/vc_column_inner][vc_column_inner el_class=\u00a0\u00bbpadding5xl padding5xr\u00a0\u00bb width=\u00a0\u00bb5\/12&Prime;][vc_column_text el_class=\u00a0\u00bbfont14 nomargintop\u00a0\u00bb]<\/p>\n<p class=\"nomargintop\">Bien que les lits d\u2019h\u00f4pitaux soient en g\u00e9n\u00e9ral plut\u00f4t lourds \u00e0 transporter, ils sont aussi tr\u00e8s solides et faciles \u00e0 installer.<\/p>\n<p>Nous recevons rarement un appel pour une r\u00e9paration de lit d\u2019h\u00f4pital, mais si vous vous retrouvez dans cette situation, ou si vous venez tout juste de vous procurer un lit d\u2019h\u00f4pital, voici ce qu\u2019il faut savoir.[\/vc_column_text][\/vc_column_inner][\/vc_row_inner][vc_custom_heading text=\u00a0\u00bbCE QU\u2019IL FAUT SAVOIR\u00a0\u00bb font_container=\u00a0\u00bbtag:p|text_align:left\u00a0\u00bb use_theme_fonts=\u00a0\u00bbyes\u00a0\u00bb el_class=\u00a0\u00bbmosterratbold font20&Prime;][vc_column_text el_class=\u00a0\u00bbfont14&Prime;]<\/p>\n<ul>\n<li>Nous installons ou r\u00e9parons tout ce que nous offrons en termes de produits et toutes les marques que nous vendons.<\/li>\n<li>Si vous avez d\u00e9j\u00e0 en votre possession un article achet\u00e9 ailleurs, mais qui n\u00e9cessite une r\u00e9paration, nous pouvons nous en occuper pour vous. Il doit cependant correspondre \u00e0 une marque que nous vendons.<\/li>\n<li>La livraison de votre lit d\u2019h\u00f4pital ne requiert pas l\u2019aide de notre \u00e9quipe de techniciens. C\u2019est plut\u00f4t notre \u00e9quipe de livreurs qui proc\u00e9deront \u00e0 une simple installation dans votre demeure.<\/li>\n<li>Nous tentons la visite de services le jour m\u00eame, s\u2019il advenait un probl\u00e8me avec votre lit.<\/li>\n<li>Si vous \u00eates en attente de recevoir votre nouveau lit, et selon le mod\u00e8le choisi, cela peut prendre quelques jours ou quelques semaines avant que nous ne recevions votre article du manufacturier. Si votre besoin est urgent, nous pouvons vous fournir un lit en location temporaire.<\/li>\n<li>Le type de r\u00e9paration la plus commune consiste en un probl\u00e8me de fonctionnement de la commande manuelle, si le lit est \u00e9lectrique. Nos techniciens r\u00e8glent ce genre de probl\u00e8me tr\u00e8s facilement.<\/li>\n<li>Nous avons une \u00e9quipe de cinq techniciens sur la route ainsi que deux techniciens en magasin \u00e0 votre service.<\/li>\n<li>Nos techniciens sont des professionnels exp\u00e9riment\u00e9s qui cumulent plus de 70 ann\u00e9es de savoir-faire dans le domaine, et ils consacrent r\u00e9guli\u00e8rement du temps de formation reli\u00e9 aux aspects techniques de nos produits.<\/li>\n<li>Nos techniciens sur la route se d\u00e9placent \u00e0 l\u2019aide de notre flotte de camionnettes \u00e9quip\u00e9es pour un service routier d\u2019urgence et ils se d\u00e9placent quotidiennement pour r\u00e9pondre aux besoins de la client\u00e8le pendant les heures de bureau. Prenez rendez-vous afin qu\u2019ils puissent vous inclure sur leur horaire.<\/li>\n<li>Certaines r\u00e9parations d\u2019urgence peuvent \u00eatre accomplies chez vous, alors que d\u2019autres devront n\u00e9cessiter de l\u2019appareillage disponible seulement en atelier de r\u00e9paration en magasin, ou des pi\u00e8ces qu\u2019il faille commander.<\/li>\n<li>Nous r\u00e9parons votre \u00e9quipement en pensant \u00e0 votre s\u00e9curit\u00e9 en tout premier lieu. Il se peut que nous proposions une strat\u00e9gie de r\u00e9paration en une ou plusieurs \u00e9tapes au besoin, suivant le diagnostic.<\/li>\n<li>Nos prix sont comp\u00e9titifs \u00e0 tous les niveaux, du taux horaire au frais d\u2019appel de service, de l\u2019installation au prix des pi\u00e8ces.<\/li>\n<\/ul>\n<p>[\/vc_column_text][vc_custom_heading text=\u00a0\u00bbAUTRES PRODUITS M\u00c9DICAUX POUR LA CHAMBRE\u00a0\u00bb use_theme_fonts=\u00a0\u00bbyes\u00a0\u00bb el_class=\u00a0\u00bbmosterratbold font20&Prime;][vc_column_text el_class=\u00a0\u00bbfont14&Prime;]<\/p>\n<ul>\n<li>L\u2019hyperlien qui suit vous introduira \u00e0 d\u2019autres produits m\u00e9dicaux disponibles pour la chambre <a href=\"\/fr\/product-category\/aides-a-la-vie-quotidienne\/produits-medicaux-pour-la-chambre\/\"> Produits m\u00e9dicaux pour la chambre <\/a><\/li>\n<li>Si vous cherchez un type sp\u00e9cifique de <a href=\"\/fr\/product-category\/aides-a-la-vie-quotidienne\/produits-medicaux-pour-la-chambre\/lits-dhopitaux-electriques\/\">lit d\u2019h\u00f4pital<\/a> qui ne figure pas encore sur notre site web, ou si vous n\u2019\u00eates pas certains que nous puissions r\u00e9parer le v\u00f4tre, appelez-nous pour v\u00e9rifier notre inventaire, ou pour mettre un appel de service \u00e0 l\u2019horaire. Demandez le d\u00e9partement de la mobilit\u00e9 au <a href=\"tel:6132341222\">(613) 234-1222<\/a><\/li>\n<\/ul>\n<p>[\/vc_column_text][\/vc_column][vc_column width=\u00a0\u00bb1\/4&Prime; el_class=\u00a0\u00bbpadding24xl\u00a0\u00bb][vc_column_text el_class=\u00a0\u00bbfont16 nomargintop\u00a0\u00bb]<\/p>\n<p class=\"nomargintop\"><strong>Composez le<br \/>\n<a href=\"tel:6132341222\">(613) 234-1222<\/a><\/strong><br \/>\n<strong>pour prendre rendez-vous.<\/strong><\/p>\n<p>[\/vc_column_text][\/vc_column][\/vc_row]<\/p>\n<\/div>","protected":false},"excerpt":{"rendered":"<p>[vc_row source=\u00a0\u00bb\u00a0\u00bb text=\u00a0\u00bbCANADA CARE MEDICAL\u00a0\u00bb font_container=\u00a0\u00bbtag:h1|text_align:left\u00a0\u00bb use_theme_fonts=\u00a0\u00bbyes\u00a0\u00bb google_fonts=\u00a0\u00bbfont_family:Abril%20Fatface%3Aregular|font_style:400%20regular%3A400%3Anormal\u00a0\u00bb el_class=\u00a0\u00bbfont25 mosterratbold\u00a0\u00bb link=\u00a0\u00bb\u00a0\u00bb][vc_column][dhvc_woo_product_page_breadcrumb el_class=\u00a0\u00bb\u00a0\u00bb][vc_custom_heading text=\u00a0\u00bbINSTALLATIONS &amp; R\u00c9PARATIONS DE LITS D\u2019H\u00d4PITAUX\u00a0\u00bb font_container=\u00a0\u00bbtag:h1|text_align:left\u00a0\u00bb use_theme_fonts=\u00a0\u00bbyes\u00a0\u00bb el_class=\u00a0\u00bbfont25 mosterratbold padding25yt\u00a0\u00bb][\/vc_column][\/vc_row][vc_row el_class=\u00a0\u00bbpadding36t\u00a0\u00bb][vc_column width=\u00a0\u00bb3\/4&Prime;][vc_row_inner][vc_column_inner el_class=\u00a0\u00bbpadding10xr\u00a0\u00bb width=\u00a0\u00bb7\/12&Prime;][vc_single_image image=\u00a0\u00bb3889&Prime; img_size=\u00a0\u00bbfull\u00a0\u00bb el_class=\u00a0\u00bbfullwidthimg\u00a0\u00bb][\/vc_column_inner][vc_column_inner el_class=\u00a0\u00bbpadding5xl padding5xr\u00a0\u00bb width=\u00a0\u00bb5\/12&Prime;][vc_column_text el_class=\u00a0\u00bbfont14 nomargintop\u00a0\u00bb] Bien que les lits d\u2019h\u00f4pitaux soient en g\u00e9n\u00e9ral plut\u00f4t lourds \u00e0 transporter, ils sont aussi tr\u00e8s solides et faciles \u00e0 [&hellip;]<\/p>\n","protected":false},"author":5,"featured_media":0,"parent":1027,"menu_order":0,"comment_status":"closed","ping_status":"closed","template":"","meta":{"footnotes":""},"tags":[],"class_list":["post-1147","page","type-page","status-publish","hentry"],"yoast_head":"<!-- This site is optimized with the Yoast SEO plugin v27.3 - https:\/\/yoast.com\/product\/yoast-seo-wordpress\/ -->\n<title>Installations de lit d\u2019h\u00f4pital \u00e0 domicile et r\u00e9parations - Canada Care Medical<\/title>\n<meta name=\"description\" content=\"Nous offrons un service d&#039;installation de lit d&#039;h\u00f4pital \u00e0 domicile et de r\u00e9paration. Ce service est offert par nos sp\u00e9cialistes des \u00e9quipements m\u00e9dicaux.\" \/>\n<meta name=\"robots\" content=\"index, follow, max-snippet:-1, max-image-preview:large, max-video-preview:-1\" \/>\n<link rel=\"canonical\" href=\"https:\/\/canadacaremedical.com\/fr\/installations-reparations\/installations-reparations-de-lits-dhopitaux\/\" \/>\n<meta property=\"og:locale\" content=\"fr_FR\" \/>\n<meta property=\"og:type\" content=\"article\" \/>\n<meta property=\"og:title\" content=\"Installations de lit d\u2019h\u00f4pital \u00e0 domicile et r\u00e9parations - Canada Care Medical\" \/>\n<meta property=\"og:description\" content=\"Nous offrons un service d&#039;installation de lit d&#039;h\u00f4pital \u00e0 domicile et de r\u00e9paration. Ce service est offert par nos sp\u00e9cialistes des \u00e9quipements m\u00e9dicaux.\" \/>\n<meta property=\"og:url\" content=\"https:\/\/canadacaremedical.com\/fr\/installations-reparations\/installations-reparations-de-lits-dhopitaux\/\" \/>\n<meta property=\"og:site_name\" content=\"Canada Care Medical\" \/>\n<meta property=\"article:modified_time\" content=\"2021-03-17T14:08:58+00:00\" \/>\n<meta name=\"twitter:card\" content=\"summary_large_image\" \/>\n<meta name=\"twitter:label1\" content=\"Dur\u00e9e de lecture estim\u00e9e\" \/>\n\t<meta name=\"twitter:data1\" content=\"4 minutes\" \/>\n<script type=\"application\/ld+json\" class=\"yoast-schema-graph\">{\"@context\":\"https:\\\/\\\/schema.org\",\"@graph\":[{\"@type\":\"WebPage\",\"@id\":\"https:\\\/\\\/canadacaremedical.com\\\/fr\\\/installations-reparations\\\/installations-reparations-de-lits-dhopitaux\\\/\",\"url\":\"https:\\\/\\\/canadacaremedical.com\\\/fr\\\/installations-reparations\\\/installations-reparations-de-lits-dhopitaux\\\/\",\"name\":\"Installations de lit d\u2019h\u00f4pital \u00e0 domicile et r\u00e9parations - Canada Care Medical\",\"isPartOf\":{\"@id\":\"https:\\\/\\\/canadacaremedical.com\\\/#website\"},\"datePublished\":\"2019-01-03T10:43:52+00:00\",\"dateModified\":\"2021-03-17T14:08:58+00:00\",\"description\":\"Nous offrons un service d'installation de lit d'h\u00f4pital \u00e0 domicile et de r\u00e9paration. Ce service est offert par nos sp\u00e9cialistes des \u00e9quipements m\u00e9dicaux.\",\"breadcrumb\":{\"@id\":\"https:\\\/\\\/canadacaremedical.com\\\/fr\\\/installations-reparations\\\/installations-reparations-de-lits-dhopitaux\\\/#breadcrumb\"},\"inLanguage\":\"fr-FR\",\"potentialAction\":[{\"@type\":\"ReadAction\",\"target\":[\"https:\\\/\\\/canadacaremedical.com\\\/fr\\\/installations-reparations\\\/installations-reparations-de-lits-dhopitaux\\\/\"]}]},{\"@type\":\"BreadcrumbList\",\"@id\":\"https:\\\/\\\/canadacaremedical.com\\\/fr\\\/installations-reparations\\\/installations-reparations-de-lits-dhopitaux\\\/#breadcrumb\",\"itemListElement\":[{\"@type\":\"ListItem\",\"position\":1,\"name\":\"Home\",\"item\":\"https:\\\/\\\/canadacaremedical.com\\\/fr\\\/\"},{\"@type\":\"ListItem\",\"position\":2,\"name\":\"Installations &#038; r\u00e9parations\",\"item\":\"https:\\\/\\\/canadacaremedical.com\\\/fr\\\/installations-reparations\\\/\"},{\"@type\":\"ListItem\",\"position\":3,\"name\":\"INSTALLATIONS &#038; R\u00c9PARATIONS DE LITS D\u2019H\u00d4PITAUX\"}]},{\"@type\":\"WebSite\",\"@id\":\"https:\\\/\\\/canadacaremedical.com\\\/#website\",\"url\":\"https:\\\/\\\/canadacaremedical.com\\\/\",\"name\":\"Canada Care Medical\",\"description\":\"\",\"publisher\":{\"@id\":\"https:\\\/\\\/canadacaremedical.com\\\/#organization\"},\"potentialAction\":[{\"@type\":\"SearchAction\",\"target\":{\"@type\":\"EntryPoint\",\"urlTemplate\":\"https:\\\/\\\/canadacaremedical.com\\\/?s={search_term_string}\"},\"query-input\":{\"@type\":\"PropertyValueSpecification\",\"valueRequired\":true,\"valueName\":\"search_term_string\"}}],\"inLanguage\":\"fr-FR\"},{\"@type\":\"Organization\",\"@id\":\"https:\\\/\\\/canadacaremedical.com\\\/#organization\",\"name\":\"Canada Care Medical\",\"url\":\"https:\\\/\\\/canadacaremedical.com\\\/\",\"logo\":{\"@type\":\"ImageObject\",\"inLanguage\":\"fr-FR\",\"@id\":\"https:\\\/\\\/canadacaremedical.com\\\/#\\\/schema\\\/logo\\\/image\\\/\",\"url\":\"https:\\\/\\\/canadacaremedical.com\\\/wp-content\\\/uploads\\\/2022\\\/04\\\/cropped-CCM-an-NSM-company-website-vertical-no-50-1.png\",\"contentUrl\":\"https:\\\/\\\/canadacaremedical.com\\\/wp-content\\\/uploads\\\/2022\\\/04\\\/cropped-CCM-an-NSM-company-website-vertical-no-50-1.png\",\"width\":500,\"height\":181,\"caption\":\"Canada Care Medical\"},\"image\":{\"@id\":\"https:\\\/\\\/canadacaremedical.com\\\/#\\\/schema\\\/logo\\\/image\\\/\"}}]}<\/script>\n<!-- \/ Yoast SEO plugin. -->","yoast_head_json":{"title":"Installations de lit d\u2019h\u00f4pital \u00e0 domicile et r\u00e9parations - Canada Care Medical","description":"Nous offrons un service d'installation de lit d'h\u00f4pital \u00e0 domicile et de r\u00e9paration. Ce service est offert par nos sp\u00e9cialistes des \u00e9quipements m\u00e9dicaux.","robots":{"index":"index","follow":"follow","max-snippet":"max-snippet:-1","max-image-preview":"max-image-preview:large","max-video-preview":"max-video-preview:-1"},"canonical":"https:\/\/canadacaremedical.com\/fr\/installations-reparations\/installations-reparations-de-lits-dhopitaux\/","og_locale":"fr_FR","og_type":"article","og_title":"Installations de lit d\u2019h\u00f4pital \u00e0 domicile et r\u00e9parations - Canada Care Medical","og_description":"Nous offrons un service d'installation de lit d'h\u00f4pital \u00e0 domicile et de r\u00e9paration. Ce service est offert par nos sp\u00e9cialistes des \u00e9quipements m\u00e9dicaux.","og_url":"https:\/\/canadacaremedical.com\/fr\/installations-reparations\/installations-reparations-de-lits-dhopitaux\/","og_site_name":"Canada Care Medical","article_modified_time":"2021-03-17T14:08:58+00:00","twitter_card":"summary_large_image","twitter_misc":{"Dur\u00e9e de lecture estim\u00e9e":"4 minutes"},"schema":{"@context":"https:\/\/schema.org","@graph":[{"@type":"WebPage","@id":"https:\/\/canadacaremedical.com\/fr\/installations-reparations\/installations-reparations-de-lits-dhopitaux\/","url":"https:\/\/canadacaremedical.com\/fr\/installations-reparations\/installations-reparations-de-lits-dhopitaux\/","name":"Installations de lit d\u2019h\u00f4pital \u00e0 domicile et r\u00e9parations - Canada Care Medical","isPartOf":{"@id":"https:\/\/canadacaremedical.com\/#website"},"datePublished":"2019-01-03T10:43:52+00:00","dateModified":"2021-03-17T14:08:58+00:00","description":"Nous offrons un service d'installation de lit d'h\u00f4pital \u00e0 domicile et de r\u00e9paration. Ce service est offert par nos sp\u00e9cialistes des \u00e9quipements m\u00e9dicaux.","breadcrumb":{"@id":"https:\/\/canadacaremedical.com\/fr\/installations-reparations\/installations-reparations-de-lits-dhopitaux\/#breadcrumb"},"inLanguage":"fr-FR","potentialAction":[{"@type":"ReadAction","target":["https:\/\/canadacaremedical.com\/fr\/installations-reparations\/installations-reparations-de-lits-dhopitaux\/"]}]},{"@type":"BreadcrumbList","@id":"https:\/\/canadacaremedical.com\/fr\/installations-reparations\/installations-reparations-de-lits-dhopitaux\/#breadcrumb","itemListElement":[{"@type":"ListItem","position":1,"name":"Home","item":"https:\/\/canadacaremedical.com\/fr\/"},{"@type":"ListItem","position":2,"name":"Installations &#038; r\u00e9parations","item":"https:\/\/canadacaremedical.com\/fr\/installations-reparations\/"},{"@type":"ListItem","position":3,"name":"INSTALLATIONS &#038; R\u00c9PARATIONS DE LITS D\u2019H\u00d4PITAUX"}]},{"@type":"WebSite","@id":"https:\/\/canadacaremedical.com\/#website","url":"https:\/\/canadacaremedical.com\/","name":"Canada Care Medical","description":"","publisher":{"@id":"https:\/\/canadacaremedical.com\/#organization"},"potentialAction":[{"@type":"SearchAction","target":{"@type":"EntryPoint","urlTemplate":"https:\/\/canadacaremedical.com\/?s={search_term_string}"},"query-input":{"@type":"PropertyValueSpecification","valueRequired":true,"valueName":"search_term_string"}}],"inLanguage":"fr-FR"},{"@type":"Organization","@id":"https:\/\/canadacaremedical.com\/#organization","name":"Canada Care Medical","url":"https:\/\/canadacaremedical.com\/","logo":{"@type":"ImageObject","inLanguage":"fr-FR","@id":"https:\/\/canadacaremedical.com\/#\/schema\/logo\/image\/","url":"https:\/\/canadacaremedical.com\/wp-content\/uploads\/2022\/04\/cropped-CCM-an-NSM-company-website-vertical-no-50-1.png","contentUrl":"https:\/\/canadacaremedical.com\/wp-content\/uploads\/2022\/04\/cropped-CCM-an-NSM-company-website-vertical-no-50-1.png","width":500,"height":181,"caption":"Canada Care Medical"},"image":{"@id":"https:\/\/canadacaremedical.com\/#\/schema\/logo\/image\/"}}]}},"jetpack_sharing_enabled":true,"_links":{"self":[{"href":"https:\/\/canadacaremedical.com\/fr\/wp-json\/wp\/v2\/pages\/1147","targetHints":{"allow":["GET"]}}],"collection":[{"href":"https:\/\/canadacaremedical.com\/fr\/wp-json\/wp\/v2\/pages"}],"about":[{"href":"https:\/\/canadacaremedical.com\/fr\/wp-json\/wp\/v2\/types\/page"}],"author":[{"embeddable":true,"href":"https:\/\/canadacaremedical.com\/fr\/wp-json\/wp\/v2\/users\/5"}],"replies":[{"embeddable":true,"href":"https:\/\/canadacaremedical.com\/fr\/wp-json\/wp\/v2\/comments?post=1147"}],"version-history":[{"count":10,"href":"https:\/\/canadacaremedical.com\/fr\/wp-json\/wp\/v2\/pages\/1147\/revisions"}],"predecessor-version":[{"id":7071,"href":"https:\/\/canadacaremedical.com\/fr\/wp-json\/wp\/v2\/pages\/1147\/revisions\/7071"}],"up":[{"embeddable":true,"href":"https:\/\/canadacaremedical.com\/fr\/wp-json\/wp\/v2\/pages\/1027"}],"wp:attachment":[{"href":"https:\/\/canadacaremedical.com\/fr\/wp-json\/wp\/v2\/media?parent=1147"}],"wp:term":[{"taxonomy":"post_tag","embeddable":true,"href":"https:\/\/canadacaremedical.com\/fr\/wp-json\/wp\/v2\/tags?post=1147"}],"curies":[{"name":"wp","href":"https:\/\/api.w.org\/{rel}","templated":true}]}}