{"id":1149,"date":"2019-01-03T10:54:03","date_gmt":"2019-01-03T10:54:03","guid":{"rendered":"\/?page_id=1149"},"modified":"2021-03-18T10:08:43","modified_gmt":"2021-03-18T10:08:43","slug":"reparations-de-triporteurs-et-de-quadriporteurs","status":"publish","type":"page","link":"https:\/\/canadacaremedical.com\/fr\/installations-reparations\/reparations-de-triporteurs-et-de-quadriporteurs\/","title":{"rendered":"R\u00c9PARATIONS DE TRIPORTEURS ET DE QUADRIPORTEURS"},"content":{"rendered":"<div class=\"wpb-content-wrapper\"><p>[vc_row source=\u00a0\u00bb\u00a0\u00bb text=\u00a0\u00bbCANADA CARE MEDICAL\u00a0\u00bb font_container=\u00a0\u00bbtag:h1|text_align:left\u00a0\u00bb use_theme_fonts=\u00a0\u00bbyes\u00a0\u00bb google_fonts=\u00a0\u00bbfont_family:Abril%20Fatface%3Aregular|font_style:400%20regular%3A400%3Anormal\u00a0\u00bb el_class=\u00a0\u00bbfont25 mosterratbold\u00a0\u00bb link=\u00a0\u00bb\u00a0\u00bb][vc_column][dhvc_woo_product_page_breadcrumb el_class=\u00a0\u00bb\u00a0\u00bb][vc_custom_heading text=\u00a0\u00bbR\u00c9PARATIONS DE TRIPORTEURS ET DE QUADRIPORTEURS\u00a0\u00bb font_container=\u00a0\u00bbtag:h1|text_align:left\u00a0\u00bb use_theme_fonts=\u00a0\u00bbyes\u00a0\u00bb el_class=\u00a0\u00bbfont25 mosterratbold padding25yt\u00a0\u00bb][\/vc_column][\/vc_row][vc_row el_class=\u00a0\u00bbpadding17yt\u00a0\u00bb][vc_column width=\u00a0\u00bb3\/4&Prime;][vc_row_inner][vc_column_inner el_class=\u00a0\u00bbpadding10xr\u00a0\u00bb width=\u00a0\u00bb7\/12&Prime;][vc_single_image image=\u00a0\u00bb3536&Prime; img_size=\u00a0\u00bbfull\u00a0\u00bb el_class=\u00a0\u00bbfullwidthimg\u00a0\u00bb][\/vc_column_inner][vc_column_inner el_class=\u00a0\u00bbpadding5xl padding5xr\u00a0\u00bb width=\u00a0\u00bb5\/12&Prime;][vc_column_text el_class=\u00a0\u00bbfont14 nomargintop\u00a0\u00bb]<\/p>\n<h2 class=\"nomargintop\">La plupart des r\u00e9parations qui nous sont demand\u00e9es proviennent de bris relatifs \u00e0 l\u2019usure normale d\u2019un v\u00e9hicule de transport.<\/h2>\n<p class=\"nomargintop\">Veuillez consulter l\u2019information qui suit et si vous avez d\u2019autres questions ou interrogations plus pr\u00e9cises, ou pour prendre un rendez-vous de service, appelez-nous au<br \/>\n(613) 234-1222 et demandez le d\u00e9partement des services.<\/p>\n<p>[\/vc_column_text][\/vc_column_inner][\/vc_row_inner][vc_custom_heading text=\u00a0\u00bbCE QU\u2019IL FAUT SAVOIR\u00a0\u00bb font_container=\u00a0\u00bbtag:p|text_align:left\u00a0\u00bb use_theme_fonts=\u00a0\u00bbyes\u00a0\u00bb el_class=\u00a0\u00bbmosterratbold font20&Prime;][vc_column_text el_class=\u00a0\u00bbfont14&Prime;]<\/p>\n<ul>\n<li>Nous installons ou r\u00e9parons tout ce que nous offrons en termes de produits et toutes les marques que nous vendons.<\/li>\n<li>La plupart des r\u00e9parations demand\u00e9es concernent la crevaison d\u2019un pneu ou un probl\u00e8me de batterie.<\/li>\n<li>Nous tentons la visite de services le jour m\u00eame, ou le jour suivant selon l\u2019achalandage.<\/li>\n<li>Nos techniciens sont des professionnels exp\u00e9riment\u00e9s qui cumulent plus de 70 ann\u00e9es de savoir-faire dans le domaine, et ils consacrent r\u00e9guli\u00e8rement du temps de formation reli\u00e9 aux aspects techniques de nos produits.<\/li>\n<li>Nos techniciens sur la route se d\u00e9placent \u00e0 l\u2019aide de notre flotte de camionnettes \u00e9quip\u00e9es pour un service routier d\u2019urgence et ils se d\u00e9placent quotidiennement pour r\u00e9pondre aux besoins de la client\u00e8le pendant les heures de bureau. Prenez un rendez-vous afin qu\u2019ils puissent vous inclure sur leur horaire.<\/li>\n<li>Certaines r\u00e9parations d\u2019urgence peuvent \u00eatre faites chez vous, alors que d\u2019autres devront \u00eatre compl\u00e9t\u00e9s dans notre atelier de r\u00e9paration en magasin.<\/li>\n<li>Nos prix sont comp\u00e9titifs \u00e0 tous les niveaux, du taux horaire au frais d\u2019appel de service, de l\u2019installation au prix des pi\u00e8ces.<\/li>\n<li>Nous r\u00e9parons votre \u00e9quipement en pensant \u00e0 votre s\u00e9curit\u00e9 en tout premier lieu. Il se peut que nous proposions une strat\u00e9gie de r\u00e9paration en une ou plusieurs \u00e9tapes au besoin, suivant le diagnostic.<\/li>\n<\/ul>\n<p>[\/vc_column_text][vc_custom_heading text=\u00a0\u00bbPRATIQUES D\u2019UTILISATION OPTIMALES\u00a0\u00bb font_container=\u00a0\u00bbtag:p|text_align:left\u00a0\u00bb use_theme_fonts=\u00a0\u00bbyes\u00a0\u00bb el_class=\u00a0\u00bbmosterratbold font20&Prime;][vc_column_text el_class=\u00a0\u00bbfont14&Prime;]Les triporteurs et quadriporteurs sont fabriqu\u00e9s pr\u00e9cis\u00e9ment pour perdurer malgr\u00e9 la plus intense des utilisations. Toutefois, nous recommandons certaines pratiques simples qui vous assureront des ann\u00e9es de d\u00e9placements sans probl\u00e8mes.<\/p>\n<ul>\n<li>Les triporteurs et quadriporteurs sont \u00e9lectriques, mais ne sont pas \u00e0 l\u2019abri des \u00e9l\u00e9ments. Donc, ils peuvent mal fonctionner si vous les laissez \u00e0 la pluie ou dehors pendant nos hivers canadiens. Il est pr\u00e9f\u00e9rable de garder votre scooter \u00e0 l\u2019int\u00e9rieur, loin des intemp\u00e9ries.<\/li>\n<li>Nous recommandons une mise au point bisannuelle : avant et apr\u00e8s l\u2019hiver. Nous nettoierons votre scooter pour enlever la rouille et le sel, nous huilerons les diff\u00e9rents \u00e9l\u00e9ments, alignerons vos roues et nous nous assurerons que votre scooter ne requiert aucune autre r\u00e9paration.<\/li>\n<li>Bien que cela aille sans dire, nous pr\u00e9cisons que de maintenir une charge maximale sur votre batterie est pr\u00e9f\u00e9rable pour assurer un fonctionnement optimal. Gardez l\u2019oeil sur le niveau de charge et \u00e9vitez de rester pris en plein d\u00e9placement.<\/li>\n<\/ul>\n<p>[\/vc_column_text][vc_custom_heading text=\u00a0\u00bbAUTRES PRODUITS DE MOBILIT\u00c9\u00a0\u00bb font_container=\u00a0\u00bbtag:p|text_align:left\u00a0\u00bb use_theme_fonts=\u00a0\u00bbyes\u00a0\u00bb el_class=\u00a0\u00bbmosterratbold font20&Prime;][vc_column_text el_class=\u00a0\u00bbfont14&Prime;]<\/p>\n<ul>\n<li>\u00a0L\u2019hyperlien qui suit vous guidera vers certains de nos diff\u00e9rents produits de mobilit\u00e9:\u00a0<a href=\"\/product-category\/Mobility-products\/\">Produits de mobilit\u00e9.<\/a><\/li>\n<li>Si vous recherchez un type de triporteur ou de quadriporteur qui n\u2019est pas encore repr\u00e9sent\u00e9 sur notre site web, veuillez nous appeler pour v\u00e9rifier notre marchandise et demandez le d\u00e9partement de la mobilit\u00e9 au <a href=\"tel:6132341222\">(613) 234-1222<\/a>. Notre site web est un projet en cours, mais nos entrep\u00f4ts contiennent plus de 11,000 produits et \u00e9quipements de quelques centaines de cat\u00e9gories.<\/li>\n<\/ul>\n<p>[\/vc_column_text][\/vc_column][vc_column width=\u00a0\u00bb1\/4&Prime; el_class=\u00a0\u00bbpadding24xl\u00a0\u00bb][vc_column_text el_class=\u00a0\u00bbfont16 nomargintop\u00a0\u00bb]<\/p>\n<p class=\"nomargintop\"><strong>Composez le<br \/>\n<a href=\"tel:6132341222\">(613) 234-1222<\/a><\/strong><br \/>\n<strong>pour prendre rendez-vous.<\/strong><\/p>\n<p>[\/vc_column_text][\/vc_column][\/vc_row]<\/p>\n<\/div>","protected":false},"excerpt":{"rendered":"<p>[vc_row source=\u00a0\u00bb\u00a0\u00bb text=\u00a0\u00bbCANADA CARE MEDICAL\u00a0\u00bb font_container=\u00a0\u00bbtag:h1|text_align:left\u00a0\u00bb use_theme_fonts=\u00a0\u00bbyes\u00a0\u00bb google_fonts=\u00a0\u00bbfont_family:Abril%20Fatface%3Aregular|font_style:400%20regular%3A400%3Anormal\u00a0\u00bb el_class=\u00a0\u00bbfont25 mosterratbold\u00a0\u00bb link=\u00a0\u00bb\u00a0\u00bb][vc_column][dhvc_woo_product_page_breadcrumb el_class=\u00a0\u00bb\u00a0\u00bb][vc_custom_heading text=\u00a0\u00bbR\u00c9PARATIONS DE TRIPORTEURS ET DE QUADRIPORTEURS\u00a0\u00bb font_container=\u00a0\u00bbtag:h1|text_align:left\u00a0\u00bb use_theme_fonts=\u00a0\u00bbyes\u00a0\u00bb el_class=\u00a0\u00bbfont25 mosterratbold padding25yt\u00a0\u00bb][\/vc_column][\/vc_row][vc_row el_class=\u00a0\u00bbpadding17yt\u00a0\u00bb][vc_column width=\u00a0\u00bb3\/4&Prime;][vc_row_inner][vc_column_inner el_class=\u00a0\u00bbpadding10xr\u00a0\u00bb width=\u00a0\u00bb7\/12&Prime;][vc_single_image image=\u00a0\u00bb3536&Prime; img_size=\u00a0\u00bbfull\u00a0\u00bb el_class=\u00a0\u00bbfullwidthimg\u00a0\u00bb][\/vc_column_inner][vc_column_inner el_class=\u00a0\u00bbpadding5xl padding5xr\u00a0\u00bb width=\u00a0\u00bb5\/12&Prime;][vc_column_text el_class=\u00a0\u00bbfont14 nomargintop\u00a0\u00bb] La plupart des r\u00e9parations qui nous sont demand\u00e9es proviennent de bris relatifs \u00e0 l\u2019usure normale d\u2019un v\u00e9hicule de transport. Veuillez [&hellip;]<\/p>\n","protected":false},"author":5,"featured_media":0,"parent":1027,"menu_order":0,"comment_status":"closed","ping_status":"closed","template":"","meta":{"footnotes":""},"tags":[],"class_list":["post-1149","page","type-page","status-publish","hentry"],"yoast_head":"<!-- This site is optimized with the Yoast SEO plugin v27.3 - https:\/\/yoast.com\/product\/yoast-seo-wordpress\/ -->\n<title>R\u00e9paration de triporteur - r\u00e9paration de quadriporteur \u00e0 domicile<\/title>\n<meta name=\"description\" content=\"Nos sp\u00e9cialistes des \u00e9quipements m\u00e9dicaux offrent un service de r\u00e9paration de triporteur et r\u00e9paration de quadriporteur \u00e0 domicile.\" \/>\n<meta name=\"robots\" content=\"index, follow, max-snippet:-1, max-image-preview:large, max-video-preview:-1\" \/>\n<link rel=\"canonical\" href=\"https:\/\/canadacaremedical.com\/fr\/installations-reparations\/reparations-de-triporteurs-et-de-quadriporteurs\/\" \/>\n<meta property=\"og:locale\" content=\"fr_FR\" \/>\n<meta property=\"og:type\" content=\"article\" \/>\n<meta property=\"og:title\" content=\"R\u00e9paration de triporteur - r\u00e9paration de quadriporteur \u00e0 domicile\" \/>\n<meta property=\"og:description\" content=\"Nos sp\u00e9cialistes des \u00e9quipements m\u00e9dicaux offrent un service de r\u00e9paration de triporteur et r\u00e9paration de quadriporteur \u00e0 domicile.\" \/>\n<meta property=\"og:url\" content=\"https:\/\/canadacaremedical.com\/fr\/installations-reparations\/reparations-de-triporteurs-et-de-quadriporteurs\/\" \/>\n<meta property=\"og:site_name\" content=\"Canada Care Medical\" \/>\n<meta property=\"article:modified_time\" content=\"2021-03-18T10:08:43+00:00\" \/>\n<meta name=\"twitter:card\" content=\"summary_large_image\" \/>\n<meta name=\"twitter:label1\" content=\"Dur\u00e9e de lecture estim\u00e9e\" \/>\n\t<meta name=\"twitter:data1\" content=\"4 minutes\" \/>\n<script type=\"application\/ld+json\" class=\"yoast-schema-graph\">{\"@context\":\"https:\\\/\\\/schema.org\",\"@graph\":[{\"@type\":\"WebPage\",\"@id\":\"https:\\\/\\\/canadacaremedical.com\\\/fr\\\/installations-reparations\\\/reparations-de-triporteurs-et-de-quadriporteurs\\\/\",\"url\":\"https:\\\/\\\/canadacaremedical.com\\\/fr\\\/installations-reparations\\\/reparations-de-triporteurs-et-de-quadriporteurs\\\/\",\"name\":\"R\u00e9paration de triporteur - r\u00e9paration de quadriporteur \u00e0 domicile\",\"isPartOf\":{\"@id\":\"https:\\\/\\\/canadacaremedical.com\\\/#website\"},\"datePublished\":\"2019-01-03T10:54:03+00:00\",\"dateModified\":\"2021-03-18T10:08:43+00:00\",\"description\":\"Nos sp\u00e9cialistes des \u00e9quipements m\u00e9dicaux offrent un service de r\u00e9paration de triporteur et r\u00e9paration de quadriporteur \u00e0 domicile.\",\"breadcrumb\":{\"@id\":\"https:\\\/\\\/canadacaremedical.com\\\/fr\\\/installations-reparations\\\/reparations-de-triporteurs-et-de-quadriporteurs\\\/#breadcrumb\"},\"inLanguage\":\"fr-FR\",\"potentialAction\":[{\"@type\":\"ReadAction\",\"target\":[\"https:\\\/\\\/canadacaremedical.com\\\/fr\\\/installations-reparations\\\/reparations-de-triporteurs-et-de-quadriporteurs\\\/\"]}]},{\"@type\":\"BreadcrumbList\",\"@id\":\"https:\\\/\\\/canadacaremedical.com\\\/fr\\\/installations-reparations\\\/reparations-de-triporteurs-et-de-quadriporteurs\\\/#breadcrumb\",\"itemListElement\":[{\"@type\":\"ListItem\",\"position\":1,\"name\":\"Home\",\"item\":\"https:\\\/\\\/canadacaremedical.com\\\/fr\\\/\"},{\"@type\":\"ListItem\",\"position\":2,\"name\":\"Installations &#038; r\u00e9parations\",\"item\":\"https:\\\/\\\/canadacaremedical.com\\\/fr\\\/installations-reparations\\\/\"},{\"@type\":\"ListItem\",\"position\":3,\"name\":\"R\u00c9PARATIONS DE TRIPORTEURS ET DE QUADRIPORTEURS\"}]},{\"@type\":\"WebSite\",\"@id\":\"https:\\\/\\\/canadacaremedical.com\\\/#website\",\"url\":\"https:\\\/\\\/canadacaremedical.com\\\/\",\"name\":\"Canada Care Medical\",\"description\":\"\",\"publisher\":{\"@id\":\"https:\\\/\\\/canadacaremedical.com\\\/#organization\"},\"potentialAction\":[{\"@type\":\"SearchAction\",\"target\":{\"@type\":\"EntryPoint\",\"urlTemplate\":\"https:\\\/\\\/canadacaremedical.com\\\/?s={search_term_string}\"},\"query-input\":{\"@type\":\"PropertyValueSpecification\",\"valueRequired\":true,\"valueName\":\"search_term_string\"}}],\"inLanguage\":\"fr-FR\"},{\"@type\":\"Organization\",\"@id\":\"https:\\\/\\\/canadacaremedical.com\\\/#organization\",\"name\":\"Canada Care Medical\",\"url\":\"https:\\\/\\\/canadacaremedical.com\\\/\",\"logo\":{\"@type\":\"ImageObject\",\"inLanguage\":\"fr-FR\",\"@id\":\"https:\\\/\\\/canadacaremedical.com\\\/#\\\/schema\\\/logo\\\/image\\\/\",\"url\":\"https:\\\/\\\/canadacaremedical.com\\\/wp-content\\\/uploads\\\/2022\\\/04\\\/cropped-CCM-an-NSM-company-website-vertical-no-50-1.png\",\"contentUrl\":\"https:\\\/\\\/canadacaremedical.com\\\/wp-content\\\/uploads\\\/2022\\\/04\\\/cropped-CCM-an-NSM-company-website-vertical-no-50-1.png\",\"width\":500,\"height\":181,\"caption\":\"Canada Care Medical\"},\"image\":{\"@id\":\"https:\\\/\\\/canadacaremedical.com\\\/#\\\/schema\\\/logo\\\/image\\\/\"}}]}<\/script>\n<!-- \/ Yoast SEO plugin. -->","yoast_head_json":{"title":"R\u00e9paration de triporteur - r\u00e9paration de quadriporteur \u00e0 domicile","description":"Nos sp\u00e9cialistes des \u00e9quipements m\u00e9dicaux offrent un service de r\u00e9paration de triporteur et r\u00e9paration de quadriporteur \u00e0 domicile.","robots":{"index":"index","follow":"follow","max-snippet":"max-snippet:-1","max-image-preview":"max-image-preview:large","max-video-preview":"max-video-preview:-1"},"canonical":"https:\/\/canadacaremedical.com\/fr\/installations-reparations\/reparations-de-triporteurs-et-de-quadriporteurs\/","og_locale":"fr_FR","og_type":"article","og_title":"R\u00e9paration de triporteur - r\u00e9paration de quadriporteur \u00e0 domicile","og_description":"Nos sp\u00e9cialistes des \u00e9quipements m\u00e9dicaux offrent un service de r\u00e9paration de triporteur et r\u00e9paration de quadriporteur \u00e0 domicile.","og_url":"https:\/\/canadacaremedical.com\/fr\/installations-reparations\/reparations-de-triporteurs-et-de-quadriporteurs\/","og_site_name":"Canada Care Medical","article_modified_time":"2021-03-18T10:08:43+00:00","twitter_card":"summary_large_image","twitter_misc":{"Dur\u00e9e de lecture estim\u00e9e":"4 minutes"},"schema":{"@context":"https:\/\/schema.org","@graph":[{"@type":"WebPage","@id":"https:\/\/canadacaremedical.com\/fr\/installations-reparations\/reparations-de-triporteurs-et-de-quadriporteurs\/","url":"https:\/\/canadacaremedical.com\/fr\/installations-reparations\/reparations-de-triporteurs-et-de-quadriporteurs\/","name":"R\u00e9paration de triporteur - r\u00e9paration de quadriporteur \u00e0 domicile","isPartOf":{"@id":"https:\/\/canadacaremedical.com\/#website"},"datePublished":"2019-01-03T10:54:03+00:00","dateModified":"2021-03-18T10:08:43+00:00","description":"Nos sp\u00e9cialistes des \u00e9quipements m\u00e9dicaux offrent un service de r\u00e9paration de triporteur et r\u00e9paration de quadriporteur \u00e0 domicile.","breadcrumb":{"@id":"https:\/\/canadacaremedical.com\/fr\/installations-reparations\/reparations-de-triporteurs-et-de-quadriporteurs\/#breadcrumb"},"inLanguage":"fr-FR","potentialAction":[{"@type":"ReadAction","target":["https:\/\/canadacaremedical.com\/fr\/installations-reparations\/reparations-de-triporteurs-et-de-quadriporteurs\/"]}]},{"@type":"BreadcrumbList","@id":"https:\/\/canadacaremedical.com\/fr\/installations-reparations\/reparations-de-triporteurs-et-de-quadriporteurs\/#breadcrumb","itemListElement":[{"@type":"ListItem","position":1,"name":"Home","item":"https:\/\/canadacaremedical.com\/fr\/"},{"@type":"ListItem","position":2,"name":"Installations &#038; r\u00e9parations","item":"https:\/\/canadacaremedical.com\/fr\/installations-reparations\/"},{"@type":"ListItem","position":3,"name":"R\u00c9PARATIONS DE TRIPORTEURS ET DE QUADRIPORTEURS"}]},{"@type":"WebSite","@id":"https:\/\/canadacaremedical.com\/#website","url":"https:\/\/canadacaremedical.com\/","name":"Canada Care Medical","description":"","publisher":{"@id":"https:\/\/canadacaremedical.com\/#organization"},"potentialAction":[{"@type":"SearchAction","target":{"@type":"EntryPoint","urlTemplate":"https:\/\/canadacaremedical.com\/?s={search_term_string}"},"query-input":{"@type":"PropertyValueSpecification","valueRequired":true,"valueName":"search_term_string"}}],"inLanguage":"fr-FR"},{"@type":"Organization","@id":"https:\/\/canadacaremedical.com\/#organization","name":"Canada Care Medical","url":"https:\/\/canadacaremedical.com\/","logo":{"@type":"ImageObject","inLanguage":"fr-FR","@id":"https:\/\/canadacaremedical.com\/#\/schema\/logo\/image\/","url":"https:\/\/canadacaremedical.com\/wp-content\/uploads\/2022\/04\/cropped-CCM-an-NSM-company-website-vertical-no-50-1.png","contentUrl":"https:\/\/canadacaremedical.com\/wp-content\/uploads\/2022\/04\/cropped-CCM-an-NSM-company-website-vertical-no-50-1.png","width":500,"height":181,"caption":"Canada Care Medical"},"image":{"@id":"https:\/\/canadacaremedical.com\/#\/schema\/logo\/image\/"}}]}},"jetpack_sharing_enabled":true,"_links":{"self":[{"href":"https:\/\/canadacaremedical.com\/fr\/wp-json\/wp\/v2\/pages\/1149","targetHints":{"allow":["GET"]}}],"collection":[{"href":"https:\/\/canadacaremedical.com\/fr\/wp-json\/wp\/v2\/pages"}],"about":[{"href":"https:\/\/canadacaremedical.com\/fr\/wp-json\/wp\/v2\/types\/page"}],"author":[{"embeddable":true,"href":"https:\/\/canadacaremedical.com\/fr\/wp-json\/wp\/v2\/users\/5"}],"replies":[{"embeddable":true,"href":"https:\/\/canadacaremedical.com\/fr\/wp-json\/wp\/v2\/comments?post=1149"}],"version-history":[{"count":15,"href":"https:\/\/canadacaremedical.com\/fr\/wp-json\/wp\/v2\/pages\/1149\/revisions"}],"predecessor-version":[{"id":7235,"href":"https:\/\/canadacaremedical.com\/fr\/wp-json\/wp\/v2\/pages\/1149\/revisions\/7235"}],"up":[{"embeddable":true,"href":"https:\/\/canadacaremedical.com\/fr\/wp-json\/wp\/v2\/pages\/1027"}],"wp:attachment":[{"href":"https:\/\/canadacaremedical.com\/fr\/wp-json\/wp\/v2\/media?parent=1149"}],"wp:term":[{"taxonomy":"post_tag","embeddable":true,"href":"https:\/\/canadacaremedical.com\/fr\/wp-json\/wp\/v2\/tags?post=1149"}],"curies":[{"name":"wp","href":"https:\/\/api.w.org\/{rel}","templated":true}]}}