{"id":1153,"date":"2019-01-03T11:01:00","date_gmt":"2019-01-03T11:01:00","guid":{"rendered":"\/?page_id=1153"},"modified":"2021-03-17T14:10:46","modified_gmt":"2021-03-17T14:10:46","slug":"installations-reparations-de-monte-escaliers","status":"publish","type":"page","link":"https:\/\/canadacaremedical.com\/fr\/installations-reparations\/installations-reparations-de-monte-escaliers\/","title":{"rendered":"INSTALLATIONS &#038; R\u00c9PARATIONS DE MONTE-ESCALIERS"},"content":{"rendered":"<div class=\"wpb-content-wrapper\"><p>[vc_row source=\u00a0\u00bb\u00a0\u00bb text=\u00a0\u00bbCANADA CARE MEDICAL\u00a0\u00bb font_container=\u00a0\u00bbtag:h1|text_align:left\u00a0\u00bb use_theme_fonts=\u00a0\u00bbyes\u00a0\u00bb google_fonts=\u00a0\u00bbfont_family:Abril%20Fatface%3Aregular|font_style:400%20regular%3A400%3Anormal\u00a0\u00bb el_class=\u00a0\u00bbfont25 mosterratbold\u00a0\u00bb link=\u00a0\u00bb\u00a0\u00bb][vc_column][dhvc_woo_product_page_breadcrumb el_class=\u00a0\u00bb\u00a0\u00bb][vc_custom_heading text=\u00a0\u00bbINSTALLATIONS &amp; R\u00c9PARATIONS DE MONTE-ESCALIERS\u00a0\u00bb font_container=\u00a0\u00bbtag:h1|text_align:left\u00a0\u00bb use_theme_fonts=\u00a0\u00bbyes\u00a0\u00bb el_class=\u00a0\u00bbfont25 mosterratbold padding25yt\u00a0\u00bb][\/vc_column][\/vc_row][vc_row el_class=\u00a0\u00bbpadding36t\u00a0\u00bb][vc_column width=\u00a0\u00bb3\/4&Prime;][vc_row_inner][vc_column_inner el_class=\u00a0\u00bbpadding10xr\u00a0\u00bb width=\u00a0\u00bb7\/12&Prime;][vc_single_image image=\u00a0\u00bb3550&Prime; img_size=\u00a0\u00bbfull\u00a0\u00bb el_class=\u00a0\u00bbfullwidthimg\u00a0\u00bb][\/vc_column_inner][vc_column_inner el_class=\u00a0\u00bbpadding5xl padding5xr\u00a0\u00bb width=\u00a0\u00bb5\/12&Prime;][vc_column_text el_class=\u00a0\u00bbfont14 nomargintop\u00a0\u00bb]<\/p>\n<p class=\"nomargintop\">Les clients de Canada Care Medical qui ont de la difficult\u00e9 \u00e0 acc\u00e9der aux \u00e9tages sup\u00e9rieurs de leur maison t\u00e9moignent rapidement de l\u2019int\u00e9r\u00eat envers l\u2019obtention d\u2019un monte-escaliers droit ou courbe (sur mesure). En ce qui concerne l\u2019installation, nous nous d\u00e9pla\u00e7ons gratuitement pour vous rencontrer, afin de proc\u00e9der \u00e0 une prise de besoin et une \u00e9valuation des co\u00fbts impliqu\u00e9s selon la configuration de votre escalier. Nous prenons ensuite des mesures, si votre d\u00e9cision est d\u2019aller de l\u2019avant avec l\u2019un de nos deux mod\u00e8les.<\/p>\n<p>[\/vc_column_text][\/vc_column_inner][\/vc_row_inner][vc_column_text el_class=\u00a0\u00bbfont14&Prime;]Le monte-escaliers droit n\u00e9cessite une installation plut\u00f4t simple et nous tenons les pi\u00e8ces en stock. Une fois les mesures prises, les techniciens retournent \u00e0 l\u2019atelier du magasin de la rue Bank et pr\u00e9parent le monte-escaliers selon la longueur de votre escalier. L\u2019installation prend une demi-journ\u00e9e.<\/p>\n<p>Le monte-escaliers courbe par contre, n\u00e9cessite un plan plus complexe destin\u00e9 aux vol\u00e9es d\u2019escaliers courbes. Ce type de monte-escaliers doit \u00eatre fabriqu\u00e9 chez le manufacturier, sur mesure. Cela prend environ quatre \u00e0 six semaines pour la fabrication et l\u2019envoi \u00e0 notre magasin. L\u2019installation du monte-escaliers dans votre maison requiert une pleine journ\u00e9e et deux techniciens.[\/vc_column_text][vc_custom_heading text=\u00a0\u00bbCE QU\u2019IL FAUT SAVOIR\u00a0\u00bb font_container=\u00a0\u00bbtag:p|text_align:left\u00a0\u00bb use_theme_fonts=\u00a0\u00bbyes\u00a0\u00bb el_class=\u00a0\u00bbmosterratbold font20&Prime;][vc_column_text el_class=\u00a0\u00bbfont14&Prime;]<\/p>\n<ul>\n<li>Canada Care Medical est fier d\u2019offrir les monte-escaliers Bruno, reconnus pour leur fiabilit\u00e9 et qualit\u00e9 sup\u00e9rieure. Ce manufacturier profite d\u2019une \u00e9valuation cinq \u00e9toiles par les consommateurs. Vous pourrez en juger par vous-m\u00eames au lien suivant\u00a0:<a href=\"https:\/\/www.consumeraffairs.com\/homeowners\/stairlifts\/\"> <u>Consumer Affairs Bureau rating guide<\/u><\/a>.<\/li>\n<li>Nous installons ou r\u00e9parons tout ce que nous offrons en termes de produits et toutes les marques que nous vendons. Si vous poss\u00e9dez d\u00e9j\u00e0 un monte-escaliers achet\u00e9 ailleurs et qui n\u00e9cessitent une r\u00e9paration, nous pourrons vous aider, du moment que c\u2019est un produit que nous tenons en magasin.<\/li>\n<li>Nous tentons la visite de services le jour m\u00eame, ou le jour suivant selon l\u2019achalandage.<\/li>\n<li>Nous avons une \u00e9quipe de cinq techniciens sur la route et deux techniciens en magasin pour vous servir.<\/li>\n<li>Nos techniciens sont des professionnels exp\u00e9riment\u00e9s qui cumulent plus de 70 ann\u00e9es de savoir-faire dans le domaine, et ils consacrent r\u00e9guli\u00e8rement du temps de formation reli\u00e9 aux aspects techniques de nos produits.<\/li>\n<li>Nos techniciens sur la route se d\u00e9placent \u00e0 l\u2019aide de notre flotte de camionnettes \u00e9quip\u00e9es pour un service routier d\u2019urgence et ils se d\u00e9placent quotidiennement pour r\u00e9pondre aux besoins de la client\u00e8le pendant les heures de bureau. Prenez un rendez-vous afin qu\u2019ils puissent vous inclure sur leur horaire.<\/li>\n<li>Certaines r\u00e9parations d\u2019urgence peuvent \u00eatre faites chez vous, alors que d\u2019autres devront \u00eatre compl\u00e9t\u00e9s dans notre atelier de r\u00e9paration en magasin.<\/li>\n<li>Nos prix sont comp\u00e9titifs \u00e0 tous les niveaux, du taux horaire aux frais d\u2019appels de service, de l\u2019installation au prix des pi\u00e8ces.<\/li>\n<li>Nous r\u00e9parons votre \u00e9quipement en pensant \u00e0 votre s\u00e9curit\u00e9 en tout premier lieu. Il se peut que nous proposions une strat\u00e9gie de r\u00e9paration en une ou plusieurs \u00e9tapes au besoin, suivant le diagnostic.<\/li>\n<\/ul>\n<p>[\/vc_column_text][vc_custom_heading text=\u00a0\u00bbLES MONTE-ESCALIERS BRUNO\u00a0\u00bb use_theme_fonts=\u00a0\u00bbyes\u00a0\u00bb el_class=\u00a0\u00bbmosterratbold font20&Prime;][vc_column_text el_class=\u00a0\u00bbfont14&Prime;]<\/p>\n<ul>\n<li>\u00a0L\u2019hyperlien qui suit vous m\u00e8nera \u00e0 la section des monte-escaliers, sous l\u2019onglet Produits d\u2019accessibilit\u00e9. &gt;&gt;&gt; \u00a0<a href=\"\/product-category\/accessibility-products\/\">\u00a0Produits d\u2019accessibilit\u00e9.<\/a><\/li>\n<li>\u00a0Veuillez contacter le d\u00e9partement de la mobilit\u00e9 ou des services au <a href=\"tel:6132341222\">(613) 234-1222<\/a> pour planifier l\u2019achat de votre monte-escaliers pr\u00e9f\u00e9r\u00e9, ou pour toute autre question concernant les produits Bruno.<\/li>\n<\/ul>\n<p>[\/vc_column_text][\/vc_column][vc_column width=\u00a0\u00bb1\/4&Prime; el_class=\u00a0\u00bbpadding24xl\u00a0\u00bb][vc_column_text el_class=\u00a0\u00bbfont16 nomargintop\u00a0\u00bb]<\/p>\n<p class=\"nomargintop\"><strong>Composez le<br \/>\n<a href=\"tel:6132341222\">(613) 234-1222<\/a><\/strong><br \/>\n<strong>pour prendre rendez-vous.<\/strong><\/p>\n<p>[\/vc_column_text][\/vc_column][\/vc_row]<\/p>\n<\/div>","protected":false},"excerpt":{"rendered":"<p>[vc_row source=\u00a0\u00bb\u00a0\u00bb text=\u00a0\u00bbCANADA CARE MEDICAL\u00a0\u00bb font_container=\u00a0\u00bbtag:h1|text_align:left\u00a0\u00bb use_theme_fonts=\u00a0\u00bbyes\u00a0\u00bb google_fonts=\u00a0\u00bbfont_family:Abril%20Fatface%3Aregular|font_style:400%20regular%3A400%3Anormal\u00a0\u00bb el_class=\u00a0\u00bbfont25 mosterratbold\u00a0\u00bb link=\u00a0\u00bb\u00a0\u00bb][vc_column][dhvc_woo_product_page_breadcrumb el_class=\u00a0\u00bb\u00a0\u00bb][vc_custom_heading text=\u00a0\u00bbINSTALLATIONS &amp; R\u00c9PARATIONS DE MONTE-ESCALIERS\u00a0\u00bb font_container=\u00a0\u00bbtag:h1|text_align:left\u00a0\u00bb use_theme_fonts=\u00a0\u00bbyes\u00a0\u00bb el_class=\u00a0\u00bbfont25 mosterratbold padding25yt\u00a0\u00bb][\/vc_column][\/vc_row][vc_row el_class=\u00a0\u00bbpadding36t\u00a0\u00bb][vc_column width=\u00a0\u00bb3\/4&Prime;][vc_row_inner][vc_column_inner el_class=\u00a0\u00bbpadding10xr\u00a0\u00bb width=\u00a0\u00bb7\/12&Prime;][vc_single_image image=\u00a0\u00bb3550&Prime; img_size=\u00a0\u00bbfull\u00a0\u00bb el_class=\u00a0\u00bbfullwidthimg\u00a0\u00bb][\/vc_column_inner][vc_column_inner el_class=\u00a0\u00bbpadding5xl padding5xr\u00a0\u00bb width=\u00a0\u00bb5\/12&Prime;][vc_column_text el_class=\u00a0\u00bbfont14 nomargintop\u00a0\u00bb] Les clients de Canada Care Medical qui ont de la difficult\u00e9 \u00e0 acc\u00e9der aux \u00e9tages sup\u00e9rieurs de leur maison t\u00e9moignent rapidement [&hellip;]<\/p>\n","protected":false},"author":5,"featured_media":0,"parent":1027,"menu_order":0,"comment_status":"closed","ping_status":"closed","template":"","meta":{"footnotes":""},"tags":[],"class_list":["post-1153","page","type-page","status-publish","hentry"],"yoast_head":"<!-- This site is optimized with the Yoast SEO plugin v27.3 - https:\/\/yoast.com\/product\/yoast-seo-wordpress\/ -->\n<title>Installation de monte-escaliers de monte escalier pour personne \u00e2g\u00e9e<\/title>\n<meta name=\"description\" content=\"Canada Care Medical est fier d\u2019offrir des monte-escaliers pour personnes \u00e2g\u00e9es reconnus pour leur fiabilit\u00e9 et leur qualit\u00e9 sup\u00e9rieure.\" \/>\n<meta name=\"robots\" content=\"index, follow, max-snippet:-1, max-image-preview:large, max-video-preview:-1\" \/>\n<link rel=\"canonical\" href=\"https:\/\/canadacaremedical.com\/fr\/installations-reparations\/installations-reparations-de-monte-escaliers\/\" \/>\n<meta property=\"og:locale\" content=\"fr_FR\" \/>\n<meta property=\"og:type\" content=\"article\" \/>\n<meta property=\"og:title\" content=\"Installation de monte-escaliers de monte escalier pour personne \u00e2g\u00e9e\" \/>\n<meta property=\"og:description\" content=\"Canada Care Medical est fier d\u2019offrir des monte-escaliers pour personnes \u00e2g\u00e9es reconnus pour leur fiabilit\u00e9 et leur qualit\u00e9 sup\u00e9rieure.\" \/>\n<meta property=\"og:url\" content=\"https:\/\/canadacaremedical.com\/fr\/installations-reparations\/installations-reparations-de-monte-escaliers\/\" \/>\n<meta property=\"og:site_name\" content=\"Canada Care Medical\" \/>\n<meta property=\"article:modified_time\" content=\"2021-03-17T14:10:46+00:00\" \/>\n<meta name=\"twitter:card\" content=\"summary_large_image\" \/>\n<meta name=\"twitter:label1\" content=\"Dur\u00e9e de lecture estim\u00e9e\" \/>\n\t<meta name=\"twitter:data1\" content=\"4 minutes\" \/>\n<script type=\"application\/ld+json\" class=\"yoast-schema-graph\">{\"@context\":\"https:\\\/\\\/schema.org\",\"@graph\":[{\"@type\":\"WebPage\",\"@id\":\"https:\\\/\\\/canadacaremedical.com\\\/fr\\\/installations-reparations\\\/installations-reparations-de-monte-escaliers\\\/\",\"url\":\"https:\\\/\\\/canadacaremedical.com\\\/fr\\\/installations-reparations\\\/installations-reparations-de-monte-escaliers\\\/\",\"name\":\"Installation de monte-escaliers de monte escalier pour personne \u00e2g\u00e9e\",\"isPartOf\":{\"@id\":\"https:\\\/\\\/canadacaremedical.com\\\/#website\"},\"datePublished\":\"2019-01-03T11:01:00+00:00\",\"dateModified\":\"2021-03-17T14:10:46+00:00\",\"description\":\"Canada Care Medical est fier d\u2019offrir des monte-escaliers pour personnes \u00e2g\u00e9es reconnus pour leur fiabilit\u00e9 et leur qualit\u00e9 sup\u00e9rieure.\",\"breadcrumb\":{\"@id\":\"https:\\\/\\\/canadacaremedical.com\\\/fr\\\/installations-reparations\\\/installations-reparations-de-monte-escaliers\\\/#breadcrumb\"},\"inLanguage\":\"fr-FR\",\"potentialAction\":[{\"@type\":\"ReadAction\",\"target\":[\"https:\\\/\\\/canadacaremedical.com\\\/fr\\\/installations-reparations\\\/installations-reparations-de-monte-escaliers\\\/\"]}]},{\"@type\":\"BreadcrumbList\",\"@id\":\"https:\\\/\\\/canadacaremedical.com\\\/fr\\\/installations-reparations\\\/installations-reparations-de-monte-escaliers\\\/#breadcrumb\",\"itemListElement\":[{\"@type\":\"ListItem\",\"position\":1,\"name\":\"Home\",\"item\":\"https:\\\/\\\/canadacaremedical.com\\\/fr\\\/\"},{\"@type\":\"ListItem\",\"position\":2,\"name\":\"Installations &#038; r\u00e9parations\",\"item\":\"https:\\\/\\\/canadacaremedical.com\\\/fr\\\/installations-reparations\\\/\"},{\"@type\":\"ListItem\",\"position\":3,\"name\":\"INSTALLATIONS &#038; R\u00c9PARATIONS DE MONTE-ESCALIERS\"}]},{\"@type\":\"WebSite\",\"@id\":\"https:\\\/\\\/canadacaremedical.com\\\/#website\",\"url\":\"https:\\\/\\\/canadacaremedical.com\\\/\",\"name\":\"Canada Care Medical\",\"description\":\"\",\"publisher\":{\"@id\":\"https:\\\/\\\/canadacaremedical.com\\\/#organization\"},\"potentialAction\":[{\"@type\":\"SearchAction\",\"target\":{\"@type\":\"EntryPoint\",\"urlTemplate\":\"https:\\\/\\\/canadacaremedical.com\\\/?s={search_term_string}\"},\"query-input\":{\"@type\":\"PropertyValueSpecification\",\"valueRequired\":true,\"valueName\":\"search_term_string\"}}],\"inLanguage\":\"fr-FR\"},{\"@type\":\"Organization\",\"@id\":\"https:\\\/\\\/canadacaremedical.com\\\/#organization\",\"name\":\"Canada Care Medical\",\"url\":\"https:\\\/\\\/canadacaremedical.com\\\/\",\"logo\":{\"@type\":\"ImageObject\",\"inLanguage\":\"fr-FR\",\"@id\":\"https:\\\/\\\/canadacaremedical.com\\\/#\\\/schema\\\/logo\\\/image\\\/\",\"url\":\"https:\\\/\\\/canadacaremedical.com\\\/wp-content\\\/uploads\\\/2022\\\/04\\\/cropped-CCM-an-NSM-company-website-vertical-no-50-1.png\",\"contentUrl\":\"https:\\\/\\\/canadacaremedical.com\\\/wp-content\\\/uploads\\\/2022\\\/04\\\/cropped-CCM-an-NSM-company-website-vertical-no-50-1.png\",\"width\":500,\"height\":181,\"caption\":\"Canada Care Medical\"},\"image\":{\"@id\":\"https:\\\/\\\/canadacaremedical.com\\\/#\\\/schema\\\/logo\\\/image\\\/\"}}]}<\/script>\n<!-- \/ Yoast SEO plugin. -->","yoast_head_json":{"title":"Installation de monte-escaliers de monte escalier pour personne \u00e2g\u00e9e","description":"Canada Care Medical est fier d\u2019offrir des monte-escaliers pour personnes \u00e2g\u00e9es reconnus pour leur fiabilit\u00e9 et leur qualit\u00e9 sup\u00e9rieure.","robots":{"index":"index","follow":"follow","max-snippet":"max-snippet:-1","max-image-preview":"max-image-preview:large","max-video-preview":"max-video-preview:-1"},"canonical":"https:\/\/canadacaremedical.com\/fr\/installations-reparations\/installations-reparations-de-monte-escaliers\/","og_locale":"fr_FR","og_type":"article","og_title":"Installation de monte-escaliers de monte escalier pour personne \u00e2g\u00e9e","og_description":"Canada Care Medical est fier d\u2019offrir des monte-escaliers pour personnes \u00e2g\u00e9es reconnus pour leur fiabilit\u00e9 et leur qualit\u00e9 sup\u00e9rieure.","og_url":"https:\/\/canadacaremedical.com\/fr\/installations-reparations\/installations-reparations-de-monte-escaliers\/","og_site_name":"Canada Care Medical","article_modified_time":"2021-03-17T14:10:46+00:00","twitter_card":"summary_large_image","twitter_misc":{"Dur\u00e9e de lecture estim\u00e9e":"4 minutes"},"schema":{"@context":"https:\/\/schema.org","@graph":[{"@type":"WebPage","@id":"https:\/\/canadacaremedical.com\/fr\/installations-reparations\/installations-reparations-de-monte-escaliers\/","url":"https:\/\/canadacaremedical.com\/fr\/installations-reparations\/installations-reparations-de-monte-escaliers\/","name":"Installation de monte-escaliers de monte escalier pour personne \u00e2g\u00e9e","isPartOf":{"@id":"https:\/\/canadacaremedical.com\/#website"},"datePublished":"2019-01-03T11:01:00+00:00","dateModified":"2021-03-17T14:10:46+00:00","description":"Canada Care Medical est fier d\u2019offrir des monte-escaliers pour personnes \u00e2g\u00e9es reconnus pour leur fiabilit\u00e9 et leur qualit\u00e9 sup\u00e9rieure.","breadcrumb":{"@id":"https:\/\/canadacaremedical.com\/fr\/installations-reparations\/installations-reparations-de-monte-escaliers\/#breadcrumb"},"inLanguage":"fr-FR","potentialAction":[{"@type":"ReadAction","target":["https:\/\/canadacaremedical.com\/fr\/installations-reparations\/installations-reparations-de-monte-escaliers\/"]}]},{"@type":"BreadcrumbList","@id":"https:\/\/canadacaremedical.com\/fr\/installations-reparations\/installations-reparations-de-monte-escaliers\/#breadcrumb","itemListElement":[{"@type":"ListItem","position":1,"name":"Home","item":"https:\/\/canadacaremedical.com\/fr\/"},{"@type":"ListItem","position":2,"name":"Installations &#038; r\u00e9parations","item":"https:\/\/canadacaremedical.com\/fr\/installations-reparations\/"},{"@type":"ListItem","position":3,"name":"INSTALLATIONS &#038; R\u00c9PARATIONS DE MONTE-ESCALIERS"}]},{"@type":"WebSite","@id":"https:\/\/canadacaremedical.com\/#website","url":"https:\/\/canadacaremedical.com\/","name":"Canada Care Medical","description":"","publisher":{"@id":"https:\/\/canadacaremedical.com\/#organization"},"potentialAction":[{"@type":"SearchAction","target":{"@type":"EntryPoint","urlTemplate":"https:\/\/canadacaremedical.com\/?s={search_term_string}"},"query-input":{"@type":"PropertyValueSpecification","valueRequired":true,"valueName":"search_term_string"}}],"inLanguage":"fr-FR"},{"@type":"Organization","@id":"https:\/\/canadacaremedical.com\/#organization","name":"Canada Care Medical","url":"https:\/\/canadacaremedical.com\/","logo":{"@type":"ImageObject","inLanguage":"fr-FR","@id":"https:\/\/canadacaremedical.com\/#\/schema\/logo\/image\/","url":"https:\/\/canadacaremedical.com\/wp-content\/uploads\/2022\/04\/cropped-CCM-an-NSM-company-website-vertical-no-50-1.png","contentUrl":"https:\/\/canadacaremedical.com\/wp-content\/uploads\/2022\/04\/cropped-CCM-an-NSM-company-website-vertical-no-50-1.png","width":500,"height":181,"caption":"Canada Care Medical"},"image":{"@id":"https:\/\/canadacaremedical.com\/#\/schema\/logo\/image\/"}}]}},"jetpack_sharing_enabled":true,"_links":{"self":[{"href":"https:\/\/canadacaremedical.com\/fr\/wp-json\/wp\/v2\/pages\/1153","targetHints":{"allow":["GET"]}}],"collection":[{"href":"https:\/\/canadacaremedical.com\/fr\/wp-json\/wp\/v2\/pages"}],"about":[{"href":"https:\/\/canadacaremedical.com\/fr\/wp-json\/wp\/v2\/types\/page"}],"author":[{"embeddable":true,"href":"https:\/\/canadacaremedical.com\/fr\/wp-json\/wp\/v2\/users\/5"}],"replies":[{"embeddable":true,"href":"https:\/\/canadacaremedical.com\/fr\/wp-json\/wp\/v2\/comments?post=1153"}],"version-history":[{"count":14,"href":"https:\/\/canadacaremedical.com\/fr\/wp-json\/wp\/v2\/pages\/1153\/revisions"}],"predecessor-version":[{"id":7075,"href":"https:\/\/canadacaremedical.com\/fr\/wp-json\/wp\/v2\/pages\/1153\/revisions\/7075"}],"up":[{"embeddable":true,"href":"https:\/\/canadacaremedical.com\/fr\/wp-json\/wp\/v2\/pages\/1027"}],"wp:attachment":[{"href":"https:\/\/canadacaremedical.com\/fr\/wp-json\/wp\/v2\/media?parent=1153"}],"wp:term":[{"taxonomy":"post_tag","embeddable":true,"href":"https:\/\/canadacaremedical.com\/fr\/wp-json\/wp\/v2\/tags?post=1153"}],"curies":[{"name":"wp","href":"https:\/\/api.w.org\/{rel}","templated":true}]}}