{"id":1156,"date":"2019-01-03T11:06:21","date_gmt":"2019-01-03T11:06:21","guid":{"rendered":"\/?page_id=1156"},"modified":"2021-03-18T10:07:42","modified_gmt":"2021-03-18T10:07:42","slug":"reparations-de-deambulateurs","status":"publish","type":"page","link":"https:\/\/canadacaremedical.com\/fr\/installations-reparations\/reparations-de-deambulateurs\/","title":{"rendered":"R\u00c9PARATIONS DE D\u00c9AMBULATEURS"},"content":{"rendered":"<div class=\"wpb-content-wrapper\"><p>[vc_row source=\u00a0\u00bb\u00a0\u00bb text=\u00a0\u00bbCANADA CARE MEDICAL\u00a0\u00bb font_container=\u00a0\u00bbtag:h1|text_align:left\u00a0\u00bb use_theme_fonts=\u00a0\u00bbyes\u00a0\u00bb google_fonts=\u00a0\u00bbfont_family:Abril%20Fatface%3Aregular|font_style:400%20regular%3A400%3Anormal\u00a0\u00bb el_class=\u00a0\u00bbfont25 mosterratbold\u00a0\u00bb link=\u00a0\u00bb\u00a0\u00bb][vc_column][dhvc_woo_product_page_breadcrumb el_class=\u00a0\u00bb\u00a0\u00bb][vc_custom_heading text=\u00a0\u00bbR\u00c9PARATIONS DE D\u00c9AMBULATEURS\u00a0\u00bb font_container=\u00a0\u00bbtag:h1|text_align:left\u00a0\u00bb use_theme_fonts=\u00a0\u00bbyes\u00a0\u00bb el_class=\u00a0\u00bbfont25 mosterratbold padding25yt\u00a0\u00bb][\/vc_column][\/vc_row][vc_row el_class=\u00a0\u00bbpadding36t\u00a0\u00bb][vc_column width=\u00a0\u00bb3\/4&Prime;][vc_row_inner][vc_column_inner el_class=\u00a0\u00bbpadding10xr\u00a0\u00bb width=\u00a0\u00bb7\/12&Prime;][vc_single_image image=\u00a0\u00bb1124&Prime; img_size=\u00a0\u00bbfull\u00a0\u00bb el_class=\u00a0\u00bbfullwidthimg\u00a0\u00bb][\/vc_column_inner][vc_column_inner el_class=\u00a0\u00bbpadding5xl padding5xr\u00a0\u00bb width=\u00a0\u00bb5\/12&Prime;][vc_column_text el_class=\u00a0\u00bbfont14 nomargintop\u00a0\u00bb]<\/p>\n<h2 class=\"nomargintop\">Les d\u00e9ambulateurs sont simples \u00e0 r\u00e9parer<\/h2>\n<p class=\"nomargintop\">Canada Care Medical peut s\u2019en occuper, que ce soit chez vous ou en magasin, afin que vous puissiez rapidement retourner \u00e0 vos affaires courantes.<\/p>\n<p>[\/vc_column_text][\/vc_column_inner][\/vc_row_inner][vc_column_text el_class=\u00a0\u00bbfont14 nomargintop\u00a0\u00bb]Certains des services typiques sont: la mise au point des freins, le remplacement de la sangle arri\u00e8re, le remplacement des poign\u00e9es, le remplacement d\u2019\u00e9crous de moyeu (wheel bearings) et la rotation des pneus.[\/vc_column_text][vc_custom_heading text=\u00a0\u00bbCE QU\u2019IL FAUT SAVOIR\u00a0\u00bb font_container=\u00a0\u00bbtag:p|text_align:left\u00a0\u00bb use_theme_fonts=\u00a0\u00bbyes\u00a0\u00bb el_class=\u00a0\u00bbmosterratbold font20&Prime;][vc_column_text el_class=\u00a0\u00bbfont14&Prime;]<\/p>\n<ul>\n<li>Nous installons ou r\u00e9parons tout ce que nous offrons comme produits et toutes les marques que nous vendons. Si vous poss\u00e9dez d\u00e9j\u00e0 un d\u00e9ambulateur achet\u00e9 ailleurs qui n\u00e9cessite une r\u00e9paration, nous pourrons vous aider, du moment que c\u2019est un produit ou une marque que nous tenons en magasin.<\/li>\n<li>Nous tentons la visite de services le jour m\u00eame, ou le jour suivant selon l\u2019achalandage.<\/li>\n<li>Nous avons une \u00e9quipe de cinq techniciens sur la route et deux techniciens en magasin pour vous servir.<\/li>\n<li>Nos techniciens sont des professionnels exp\u00e9riment\u00e9s qui cumulent plus de 70 ann\u00e9es de savoir-faire dans le domaine, et ils consacrent r\u00e9guli\u00e8rement du temps de formation reli\u00e9 aux aspects techniques de nos produits.<\/li>\n<li>Nos techniciens sur la route se d\u00e9placent \u00e0 l\u2019aide de notre flotte de camionnettes \u00e9quip\u00e9es pour un service routier d\u2019urgence et ils se d\u00e9placent quotidiennement pour r\u00e9pondre aux besoins de la client\u00e8le pendant les heures de bureau. Prenez un rendez-vous afin qu\u2019ils puissent vous inclure sur leur horaire.<\/li>\n<li>Nos prix sont comp\u00e9titifs \u00e0 tous les niveaux, du taux horaire aux frais d\u2019appels de service, de l\u2019installation au prix des pi\u00e8ces.<\/li>\n<li>Nous r\u00e9parons votre \u00e9quipement en pensant \u00e0 votre s\u00e9curit\u00e9 en tout premier lieu. Il se peut que nous proposions une strat\u00e9gie de r\u00e9paration en une ou plusieurs \u00e9tapes au besoin, suivant le diagnostic.<\/li>\n<\/ul>\n<p>[\/vc_column_text][vc_custom_heading text=\u00a0\u00bbPRATIQUES D\u2019UTILISATION OPTIMALES\u00a0\u00bb font_container=\u00a0\u00bbtag:p|text_align:left\u00a0\u00bb use_theme_fonts=\u00a0\u00bbyes\u00a0\u00bb el_class=\u00a0\u00bbmosterratbold font20&Prime;][vc_column_text el_class=\u00a0\u00bbfont14&Prime;]Les d\u00e9ambulateurs n\u00e9cessitent une mise au point bisannuelle, avant et apr\u00e8s l\u2019hiver. Appelez-nous si vous n\u00e9cessitez une mise au point. [\/vc_column_text][vc_custom_heading text=\u00a0\u00bbD\u00c9AMBULATEURS\u00a0\u00bb font_container=\u00a0\u00bbtag:p|text_align:left\u00a0\u00bb use_theme_fonts=\u00a0\u00bbyes\u00a0\u00bb el_class=\u00a0\u00bbmosterratbold font20&Prime;][vc_column_text el_class=\u00a0\u00bbfont14&Prime;]<\/p>\n<ul>\n<li>\u00a0L\u2019hyperlien qui suit vous m\u00e8nera \u00e0 une page d\u00e9di\u00e9e aux d\u00e9ambulateurs que nous tenons en stock, sous l\u2019onglet\u00a0<a href=\"\/fr\/product-category\/produits-de-mobilite\/deambulateurs\/\">\u00a0Produits de mobilit\u00e9<\/a>.<\/li>\n<li>\u00a0Nous offrons une large gamme de d\u00e9ambulateurs; qui d\u00e9passe de beaucoup ce qui est repr\u00e9sent\u00e9 sur notre site web pr\u00e9sentement. N\u2019h\u00e9sitez pas \u00e0 venir en magasin pour plus d\u2019information et pour tester certains de nos mod\u00e8les les plus \u00e9tonnants.<\/li>\n<\/ul>\n<p>[\/vc_column_text][\/vc_column][vc_column width=\u00a0\u00bb1\/4&Prime; el_class=\u00a0\u00bbpadding24xl\u00a0\u00bb][vc_column_text el_class=\u00a0\u00bbfont16 nomargintop\u00a0\u00bb]<\/p>\n<p class=\"nomargintop\"><strong>Composez le<br \/>\n<a href=\"tel:6132341222\">(613) 234-1222<\/a><\/strong><br \/>\n<strong>pour prendre rendez-vous.<\/strong><\/p>\n<p>[\/vc_column_text][\/vc_column][\/vc_row]<\/p>\n<\/div>","protected":false},"excerpt":{"rendered":"<p>[vc_row source=\u00a0\u00bb\u00a0\u00bb text=\u00a0\u00bbCANADA CARE MEDICAL\u00a0\u00bb font_container=\u00a0\u00bbtag:h1|text_align:left\u00a0\u00bb use_theme_fonts=\u00a0\u00bbyes\u00a0\u00bb google_fonts=\u00a0\u00bbfont_family:Abril%20Fatface%3Aregular|font_style:400%20regular%3A400%3Anormal\u00a0\u00bb el_class=\u00a0\u00bbfont25 mosterratbold\u00a0\u00bb link=\u00a0\u00bb\u00a0\u00bb][vc_column][dhvc_woo_product_page_breadcrumb el_class=\u00a0\u00bb\u00a0\u00bb][vc_custom_heading text=\u00a0\u00bbR\u00c9PARATIONS DE D\u00c9AMBULATEURS\u00a0\u00bb font_container=\u00a0\u00bbtag:h1|text_align:left\u00a0\u00bb use_theme_fonts=\u00a0\u00bbyes\u00a0\u00bb el_class=\u00a0\u00bbfont25 mosterratbold padding25yt\u00a0\u00bb][\/vc_column][\/vc_row][vc_row el_class=\u00a0\u00bbpadding36t\u00a0\u00bb][vc_column width=\u00a0\u00bb3\/4&Prime;][vc_row_inner][vc_column_inner el_class=\u00a0\u00bbpadding10xr\u00a0\u00bb width=\u00a0\u00bb7\/12&Prime;][vc_single_image image=\u00a0\u00bb1124&Prime; img_size=\u00a0\u00bbfull\u00a0\u00bb el_class=\u00a0\u00bbfullwidthimg\u00a0\u00bb][\/vc_column_inner][vc_column_inner el_class=\u00a0\u00bbpadding5xl padding5xr\u00a0\u00bb width=\u00a0\u00bb5\/12&Prime;][vc_column_text el_class=\u00a0\u00bbfont14 nomargintop\u00a0\u00bb] Les d\u00e9ambulateurs sont simples \u00e0 r\u00e9parer Canada Care Medical peut s\u2019en occuper, que ce soit chez vous ou en magasin, afin que vous [&hellip;]<\/p>\n","protected":false},"author":5,"featured_media":0,"parent":1027,"menu_order":0,"comment_status":"closed","ping_status":"closed","template":"","meta":{"footnotes":""},"tags":[],"class_list":["post-1156","page","type-page","status-publish","hentry"],"yoast_head":"<!-- This site is optimized with the Yoast SEO plugin v27.3 - https:\/\/yoast.com\/product\/yoast-seo-wordpress\/ -->\n<title>R\u00e9paration de d\u00e9ambulateur \u00e0 domicile - Canada Care Medical<\/title>\n<meta name=\"description\" content=\"Canada Care Medical peut se charger de la r\u00e9paration de d\u00e9ambulateur \u00e0 domicile. Les d\u00e9ambulateurs sont simples \u00e0 faire r\u00e9parer par nos sp\u00e9cialistes.\" \/>\n<meta name=\"robots\" content=\"index, follow, max-snippet:-1, max-image-preview:large, max-video-preview:-1\" \/>\n<link rel=\"canonical\" href=\"https:\/\/canadacaremedical.com\/fr\/installations-reparations\/reparations-de-deambulateurs\/\" \/>\n<meta property=\"og:locale\" content=\"fr_FR\" \/>\n<meta property=\"og:type\" content=\"article\" \/>\n<meta property=\"og:title\" content=\"R\u00e9paration de d\u00e9ambulateur \u00e0 domicile - Canada Care Medical\" \/>\n<meta property=\"og:description\" content=\"Canada Care Medical peut se charger de la r\u00e9paration de d\u00e9ambulateur \u00e0 domicile. Les d\u00e9ambulateurs sont simples \u00e0 faire r\u00e9parer par nos sp\u00e9cialistes.\" \/>\n<meta property=\"og:url\" content=\"https:\/\/canadacaremedical.com\/fr\/installations-reparations\/reparations-de-deambulateurs\/\" \/>\n<meta property=\"og:site_name\" content=\"Canada Care Medical\" \/>\n<meta property=\"article:modified_time\" content=\"2021-03-18T10:07:42+00:00\" \/>\n<meta name=\"twitter:card\" content=\"summary_large_image\" \/>\n<meta name=\"twitter:label1\" content=\"Dur\u00e9e de lecture estim\u00e9e\" \/>\n\t<meta name=\"twitter:data1\" content=\"3 minutes\" \/>\n<script type=\"application\/ld+json\" class=\"yoast-schema-graph\">{\"@context\":\"https:\\\/\\\/schema.org\",\"@graph\":[{\"@type\":\"WebPage\",\"@id\":\"https:\\\/\\\/canadacaremedical.com\\\/fr\\\/installations-reparations\\\/reparations-de-deambulateurs\\\/\",\"url\":\"https:\\\/\\\/canadacaremedical.com\\\/fr\\\/installations-reparations\\\/reparations-de-deambulateurs\\\/\",\"name\":\"R\u00e9paration de d\u00e9ambulateur \u00e0 domicile - Canada Care Medical\",\"isPartOf\":{\"@id\":\"https:\\\/\\\/canadacaremedical.com\\\/#website\"},\"datePublished\":\"2019-01-03T11:06:21+00:00\",\"dateModified\":\"2021-03-18T10:07:42+00:00\",\"description\":\"Canada Care Medical peut se charger de la r\u00e9paration de d\u00e9ambulateur \u00e0 domicile. Les d\u00e9ambulateurs sont simples \u00e0 faire r\u00e9parer par nos sp\u00e9cialistes.\",\"breadcrumb\":{\"@id\":\"https:\\\/\\\/canadacaremedical.com\\\/fr\\\/installations-reparations\\\/reparations-de-deambulateurs\\\/#breadcrumb\"},\"inLanguage\":\"fr-FR\",\"potentialAction\":[{\"@type\":\"ReadAction\",\"target\":[\"https:\\\/\\\/canadacaremedical.com\\\/fr\\\/installations-reparations\\\/reparations-de-deambulateurs\\\/\"]}]},{\"@type\":\"BreadcrumbList\",\"@id\":\"https:\\\/\\\/canadacaremedical.com\\\/fr\\\/installations-reparations\\\/reparations-de-deambulateurs\\\/#breadcrumb\",\"itemListElement\":[{\"@type\":\"ListItem\",\"position\":1,\"name\":\"Home\",\"item\":\"https:\\\/\\\/canadacaremedical.com\\\/fr\\\/\"},{\"@type\":\"ListItem\",\"position\":2,\"name\":\"Installations &#038; r\u00e9parations\",\"item\":\"https:\\\/\\\/canadacaremedical.com\\\/fr\\\/installations-reparations\\\/\"},{\"@type\":\"ListItem\",\"position\":3,\"name\":\"R\u00c9PARATIONS DE D\u00c9AMBULATEURS\"}]},{\"@type\":\"WebSite\",\"@id\":\"https:\\\/\\\/canadacaremedical.com\\\/#website\",\"url\":\"https:\\\/\\\/canadacaremedical.com\\\/\",\"name\":\"Canada Care Medical\",\"description\":\"\",\"publisher\":{\"@id\":\"https:\\\/\\\/canadacaremedical.com\\\/#organization\"},\"potentialAction\":[{\"@type\":\"SearchAction\",\"target\":{\"@type\":\"EntryPoint\",\"urlTemplate\":\"https:\\\/\\\/canadacaremedical.com\\\/?s={search_term_string}\"},\"query-input\":{\"@type\":\"PropertyValueSpecification\",\"valueRequired\":true,\"valueName\":\"search_term_string\"}}],\"inLanguage\":\"fr-FR\"},{\"@type\":\"Organization\",\"@id\":\"https:\\\/\\\/canadacaremedical.com\\\/#organization\",\"name\":\"Canada Care Medical\",\"url\":\"https:\\\/\\\/canadacaremedical.com\\\/\",\"logo\":{\"@type\":\"ImageObject\",\"inLanguage\":\"fr-FR\",\"@id\":\"https:\\\/\\\/canadacaremedical.com\\\/#\\\/schema\\\/logo\\\/image\\\/\",\"url\":\"https:\\\/\\\/canadacaremedical.com\\\/wp-content\\\/uploads\\\/2022\\\/04\\\/cropped-CCM-an-NSM-company-website-vertical-no-50-1.png\",\"contentUrl\":\"https:\\\/\\\/canadacaremedical.com\\\/wp-content\\\/uploads\\\/2022\\\/04\\\/cropped-CCM-an-NSM-company-website-vertical-no-50-1.png\",\"width\":500,\"height\":181,\"caption\":\"Canada Care Medical\"},\"image\":{\"@id\":\"https:\\\/\\\/canadacaremedical.com\\\/#\\\/schema\\\/logo\\\/image\\\/\"}}]}<\/script>\n<!-- \/ Yoast SEO plugin. -->","yoast_head_json":{"title":"R\u00e9paration de d\u00e9ambulateur \u00e0 domicile - Canada Care Medical","description":"Canada Care Medical peut se charger de la r\u00e9paration de d\u00e9ambulateur \u00e0 domicile. Les d\u00e9ambulateurs sont simples \u00e0 faire r\u00e9parer par nos sp\u00e9cialistes.","robots":{"index":"index","follow":"follow","max-snippet":"max-snippet:-1","max-image-preview":"max-image-preview:large","max-video-preview":"max-video-preview:-1"},"canonical":"https:\/\/canadacaremedical.com\/fr\/installations-reparations\/reparations-de-deambulateurs\/","og_locale":"fr_FR","og_type":"article","og_title":"R\u00e9paration de d\u00e9ambulateur \u00e0 domicile - Canada Care Medical","og_description":"Canada Care Medical peut se charger de la r\u00e9paration de d\u00e9ambulateur \u00e0 domicile. Les d\u00e9ambulateurs sont simples \u00e0 faire r\u00e9parer par nos sp\u00e9cialistes.","og_url":"https:\/\/canadacaremedical.com\/fr\/installations-reparations\/reparations-de-deambulateurs\/","og_site_name":"Canada Care Medical","article_modified_time":"2021-03-18T10:07:42+00:00","twitter_card":"summary_large_image","twitter_misc":{"Dur\u00e9e de lecture estim\u00e9e":"3 minutes"},"schema":{"@context":"https:\/\/schema.org","@graph":[{"@type":"WebPage","@id":"https:\/\/canadacaremedical.com\/fr\/installations-reparations\/reparations-de-deambulateurs\/","url":"https:\/\/canadacaremedical.com\/fr\/installations-reparations\/reparations-de-deambulateurs\/","name":"R\u00e9paration de d\u00e9ambulateur \u00e0 domicile - Canada Care Medical","isPartOf":{"@id":"https:\/\/canadacaremedical.com\/#website"},"datePublished":"2019-01-03T11:06:21+00:00","dateModified":"2021-03-18T10:07:42+00:00","description":"Canada Care Medical peut se charger de la r\u00e9paration de d\u00e9ambulateur \u00e0 domicile. Les d\u00e9ambulateurs sont simples \u00e0 faire r\u00e9parer par nos sp\u00e9cialistes.","breadcrumb":{"@id":"https:\/\/canadacaremedical.com\/fr\/installations-reparations\/reparations-de-deambulateurs\/#breadcrumb"},"inLanguage":"fr-FR","potentialAction":[{"@type":"ReadAction","target":["https:\/\/canadacaremedical.com\/fr\/installations-reparations\/reparations-de-deambulateurs\/"]}]},{"@type":"BreadcrumbList","@id":"https:\/\/canadacaremedical.com\/fr\/installations-reparations\/reparations-de-deambulateurs\/#breadcrumb","itemListElement":[{"@type":"ListItem","position":1,"name":"Home","item":"https:\/\/canadacaremedical.com\/fr\/"},{"@type":"ListItem","position":2,"name":"Installations &#038; r\u00e9parations","item":"https:\/\/canadacaremedical.com\/fr\/installations-reparations\/"},{"@type":"ListItem","position":3,"name":"R\u00c9PARATIONS DE D\u00c9AMBULATEURS"}]},{"@type":"WebSite","@id":"https:\/\/canadacaremedical.com\/#website","url":"https:\/\/canadacaremedical.com\/","name":"Canada Care Medical","description":"","publisher":{"@id":"https:\/\/canadacaremedical.com\/#organization"},"potentialAction":[{"@type":"SearchAction","target":{"@type":"EntryPoint","urlTemplate":"https:\/\/canadacaremedical.com\/?s={search_term_string}"},"query-input":{"@type":"PropertyValueSpecification","valueRequired":true,"valueName":"search_term_string"}}],"inLanguage":"fr-FR"},{"@type":"Organization","@id":"https:\/\/canadacaremedical.com\/#organization","name":"Canada Care Medical","url":"https:\/\/canadacaremedical.com\/","logo":{"@type":"ImageObject","inLanguage":"fr-FR","@id":"https:\/\/canadacaremedical.com\/#\/schema\/logo\/image\/","url":"https:\/\/canadacaremedical.com\/wp-content\/uploads\/2022\/04\/cropped-CCM-an-NSM-company-website-vertical-no-50-1.png","contentUrl":"https:\/\/canadacaremedical.com\/wp-content\/uploads\/2022\/04\/cropped-CCM-an-NSM-company-website-vertical-no-50-1.png","width":500,"height":181,"caption":"Canada Care Medical"},"image":{"@id":"https:\/\/canadacaremedical.com\/#\/schema\/logo\/image\/"}}]}},"jetpack_sharing_enabled":true,"_links":{"self":[{"href":"https:\/\/canadacaremedical.com\/fr\/wp-json\/wp\/v2\/pages\/1156","targetHints":{"allow":["GET"]}}],"collection":[{"href":"https:\/\/canadacaremedical.com\/fr\/wp-json\/wp\/v2\/pages"}],"about":[{"href":"https:\/\/canadacaremedical.com\/fr\/wp-json\/wp\/v2\/types\/page"}],"author":[{"embeddable":true,"href":"https:\/\/canadacaremedical.com\/fr\/wp-json\/wp\/v2\/users\/5"}],"replies":[{"embeddable":true,"href":"https:\/\/canadacaremedical.com\/fr\/wp-json\/wp\/v2\/comments?post=1156"}],"version-history":[{"count":15,"href":"https:\/\/canadacaremedical.com\/fr\/wp-json\/wp\/v2\/pages\/1156\/revisions"}],"predecessor-version":[{"id":7233,"href":"https:\/\/canadacaremedical.com\/fr\/wp-json\/wp\/v2\/pages\/1156\/revisions\/7233"}],"up":[{"embeddable":true,"href":"https:\/\/canadacaremedical.com\/fr\/wp-json\/wp\/v2\/pages\/1027"}],"wp:attachment":[{"href":"https:\/\/canadacaremedical.com\/fr\/wp-json\/wp\/v2\/media?parent=1156"}],"wp:term":[{"taxonomy":"post_tag","embeddable":true,"href":"https:\/\/canadacaremedical.com\/fr\/wp-json\/wp\/v2\/tags?post=1156"}],"curies":[{"name":"wp","href":"https:\/\/api.w.org\/{rel}","templated":true}]}}