{"id":1159,"date":"2019-01-03T12:39:33","date_gmt":"2019-01-03T12:39:33","guid":{"rendered":"\/?page_id=1159"},"modified":"2021-03-17T14:16:40","modified_gmt":"2021-03-17T14:16:40","slug":"reparations-de-fauteuils-roulants","status":"publish","type":"page","link":"https:\/\/canadacaremedical.com\/fr\/installations-reparations\/reparations-de-fauteuils-roulants\/","title":{"rendered":"R\u00c9PARATIONS DE FAUTEUILS ROULANTS"},"content":{"rendered":"<div class=\"wpb-content-wrapper\"><p>[vc_row source=\u00a0\u00bb\u00a0\u00bb text=\u00a0\u00bbCANADA CARE MEDICAL\u00a0\u00bb font_container=\u00a0\u00bbtag:h1|text_align:left\u00a0\u00bb use_theme_fonts=\u00a0\u00bbyes\u00a0\u00bb google_fonts=\u00a0\u00bbfont_family:Abril%20Fatface%3Aregular|font_style:400%20regular%3A400%3Anormal\u00a0\u00bb el_class=\u00a0\u00bbfont25 mosterratbold\u00a0\u00bb link=\u00a0\u00bb\u00a0\u00bb][vc_column][dhvc_woo_product_page_breadcrumb el_class=\u00a0\u00bb\u00a0\u00bb][vc_custom_heading text=\u00a0\u00bbR\u00c9PARATIONS DE FAUTEUILS ROULANTS\u00a0\u00bb font_container=\u00a0\u00bbtag:h1|text_align:left\u00a0\u00bb use_theme_fonts=\u00a0\u00bbyes\u00a0\u00bb el_class=\u00a0\u00bbfont25 mosterratbold padding25yt\u00a0\u00bb][\/vc_column][\/vc_row][vc_row el_class=\u00a0\u00bbpadding36t\u00a0\u00bb][vc_column width=\u00a0\u00bb3\/4&Prime;][vc_row_inner][vc_column_inner el_class=\u00a0\u00bbpadding10xr\u00a0\u00bb width=\u00a0\u00bb6\/12&Prime;][vc_single_image image=\u00a0\u00bb5397&Prime; img_size=\u00a0\u00bbfull\u00a0\u00bb el_class=\u00a0\u00bbfullwidthimg\u00a0\u00bb][\/vc_column_inner][vc_column_inner el_class=\u00a0\u00bbpadding5xl padding5xr\u00a0\u00bb width=\u00a0\u00bb6\/12&Prime;][vc_column_text el_class=\u00a0\u00bbfont14 nomargintop\u00a0\u00bb]<\/p>\n<p class=\"nomargintop\">Canada Care Medical est l\u00e0 pour vous aider si vous avez besoin d\u2019une r\u00e9paration de fauteuil roulant manuel ou \u00e9lectrique.<\/p>\n<p>Certains des items qui requi\u00e8rent les soins de notre \u00e9quipe de service sont: les cas de crevaisons, le rajustement de l\u2019appui-pieds, le redressement du dossier, la v\u00e9rification du chargeur de la batterie et le remplacement des roues. [\/vc_column_text][\/vc_column_inner][\/vc_row_inner][vc_custom_heading text=\u00a0\u00bbCE QU\u2019IL FAUT SAVOIR\u00a0\u00bb font_container=\u00a0\u00bbtag:p|text_align:left\u00a0\u00bb use_theme_fonts=\u00a0\u00bbyes\u00a0\u00bb el_class=\u00a0\u00bbmosterratbold font20&Prime;][vc_column_text el_class=\u00a0\u00bbfont14&Prime;]<\/p>\n<ul>\n<li>Nous installons ou r\u00e9parons tout ce que nous offrons en termes de produits et toutes les marques que nous vendons. Si vous poss\u00e9dez d\u00e9j\u00e0 un fauteuil roulant achet\u00e9 ailleurs qui n\u00e9cessite une r\u00e9paration, nous pourrons vous aider, du moment que c\u2019est un produit que nous tenons en magasin.<\/li>\n<li>Nous tentons la visite de services le jour m\u00eame, ou le jour suivant selon l\u2019achalandage.<\/li>\n<li>Nous avons une \u00e9quipe de cinq techniciens sur la route ainsi que deux techniciens en magasin \u00e0 votre service.<\/li>\n<li>Nos techniciens sont des professionnels exp\u00e9riment\u00e9s qui cumulent plus de 70 ann\u00e9es de savoir-faire dans le domaine, et ils consacrent r\u00e9guli\u00e8rement du temps de formation reli\u00e9 aux aspects techniques de nos produits.<\/li>\n<li>Nos techniciens sur la route se d\u00e9placent \u00e0 l\u2019aide de notre flotte de camionnettes \u00e9quip\u00e9es pour un service routier d\u2019urgence et ils se d\u00e9placent quotidiennement pour r\u00e9pondre aux besoins de la client\u00e8le pendant les heures de bureau. Prenez un rendez-vous afin qu\u2019ils puissent vous inclure sur leur horaire.<\/li>\n<li>Nos prix sont comp\u00e9titifs \u00e0 tous les niveaux, du taux horaire aux frais d\u2019appels de service, de l\u2019installation au prix des pi\u00e8ces.<\/li>\n<li>Nous r\u00e9parons votre \u00e9quipement en pensant \u00e0 votre s\u00e9curit\u00e9 en tout premier lieu. Il se peut que nous proposions une strat\u00e9gie de r\u00e9paration en une ou plusieurs \u00e9tapes au besoin, suivant le diagnostic.<\/li>\n<\/ul>\n<p>[\/vc_column_text][vc_custom_heading text=\u00a0\u00bbFAUTEUILS ROULANTS\u00a0\u00bb use_theme_fonts=\u00a0\u00bbyes\u00a0\u00bb el_class=\u00a0\u00bbmosterratbold font20&Prime;][vc_column_text el_class=\u00a0\u00bbfont14&Prime;]<\/p>\n<ul>\n<li>\u00a0L\u2019hyperlien qui suit vous conduira \u00e0 l\u2019onglet Produits de mobilit\u00e9, ou vous pourrez voir certains de <a href=\"\/fr\/product-category\/produits-de-mobilite\/\">nos fauteuils roulants<\/a>.<\/li>\n<li>Nous vous offrons une vaste s\u00e9lection de fauteuils roulants; beaucoup plus qu\u2019indiqu\u00e9 sur notre site web. Venez tester nos diff\u00e9rents mod\u00e8les en magasin. Le personnel du d\u00e9partement de la mobilit\u00e9 s\u2019y conna\u00eet et investit r\u00e9guli\u00e8rement du temps de formation concernant les diff\u00e9rents mod\u00e8les et besoins de la client\u00e8le. Ils vous aideront \u00e0 faire le bon choix de produit pour votre situation particuli\u00e8re.<\/li>\n<\/ul>\n<p>[\/vc_column_text][\/vc_column][vc_column width=\u00a0\u00bb1\/4&Prime; el_class=\u00a0\u00bbpadding24xl\u00a0\u00bb][vc_column_text el_class=\u00a0\u00bbfont16 nomargintop\u00a0\u00bb]<\/p>\n<p class=\"nomargintop\"><strong>Composez le<br \/>\n<a href=\"tel:6132341222\">(613) 234-1222<\/a><\/strong><br \/>\n<strong>pour prendre rendez-vous.<\/strong><\/p>\n<p>[\/vc_column_text][\/vc_column][\/vc_row]<\/p>\n<\/div>","protected":false},"excerpt":{"rendered":"<p>[vc_row source=\u00a0\u00bb\u00a0\u00bb text=\u00a0\u00bbCANADA CARE MEDICAL\u00a0\u00bb font_container=\u00a0\u00bbtag:h1|text_align:left\u00a0\u00bb use_theme_fonts=\u00a0\u00bbyes\u00a0\u00bb google_fonts=\u00a0\u00bbfont_family:Abril%20Fatface%3Aregular|font_style:400%20regular%3A400%3Anormal\u00a0\u00bb el_class=\u00a0\u00bbfont25 mosterratbold\u00a0\u00bb link=\u00a0\u00bb\u00a0\u00bb][vc_column][dhvc_woo_product_page_breadcrumb el_class=\u00a0\u00bb\u00a0\u00bb][vc_custom_heading text=\u00a0\u00bbR\u00c9PARATIONS DE FAUTEUILS ROULANTS\u00a0\u00bb font_container=\u00a0\u00bbtag:h1|text_align:left\u00a0\u00bb use_theme_fonts=\u00a0\u00bbyes\u00a0\u00bb el_class=\u00a0\u00bbfont25 mosterratbold padding25yt\u00a0\u00bb][\/vc_column][\/vc_row][vc_row el_class=\u00a0\u00bbpadding36t\u00a0\u00bb][vc_column width=\u00a0\u00bb3\/4&Prime;][vc_row_inner][vc_column_inner el_class=\u00a0\u00bbpadding10xr\u00a0\u00bb width=\u00a0\u00bb6\/12&Prime;][vc_single_image image=\u00a0\u00bb5397&Prime; img_size=\u00a0\u00bbfull\u00a0\u00bb el_class=\u00a0\u00bbfullwidthimg\u00a0\u00bb][\/vc_column_inner][vc_column_inner el_class=\u00a0\u00bbpadding5xl padding5xr\u00a0\u00bb width=\u00a0\u00bb6\/12&Prime;][vc_column_text el_class=\u00a0\u00bbfont14 nomargintop\u00a0\u00bb] Canada Care Medical est l\u00e0 pour vous aider si vous avez besoin d\u2019une r\u00e9paration de fauteuil roulant manuel ou \u00e9lectrique. Certains des [&hellip;]<\/p>\n","protected":false},"author":5,"featured_media":0,"parent":1027,"menu_order":0,"comment_status":"closed","ping_status":"closed","template":"","meta":{"footnotes":""},"tags":[],"class_list":["post-1159","page","type-page","status-publish","hentry"],"yoast_head":"<!-- This site is optimized with the Yoast SEO plugin v27.3 - https:\/\/yoast.com\/product\/yoast-seo-wordpress\/ -->\n<title>R\u00e9paration de fauteuil roulant \u00e0 domicile - Canada Care Medical<\/title>\n<meta name=\"description\" content=\"Notre service de r\u00e9paration de fauteuil roulant \u00e0 domicile s&#039;adapte \u00e0 tous les besoins. Nos sp\u00e9cialistes r\u00e9parent des fauteuils \u00e9lectriques ou manuels.\" \/>\n<meta name=\"robots\" content=\"index, follow, max-snippet:-1, max-image-preview:large, max-video-preview:-1\" \/>\n<link rel=\"canonical\" href=\"https:\/\/canadacaremedical.com\/fr\/installations-reparations\/reparations-de-fauteuils-roulants\/\" \/>\n<meta property=\"og:locale\" content=\"fr_FR\" \/>\n<meta property=\"og:type\" content=\"article\" \/>\n<meta property=\"og:title\" content=\"R\u00e9paration de fauteuil roulant \u00e0 domicile - Canada Care Medical\" \/>\n<meta property=\"og:description\" content=\"Notre service de r\u00e9paration de fauteuil roulant \u00e0 domicile s&#039;adapte \u00e0 tous les besoins. Nos sp\u00e9cialistes r\u00e9parent des fauteuils \u00e9lectriques ou manuels.\" \/>\n<meta property=\"og:url\" content=\"https:\/\/canadacaremedical.com\/fr\/installations-reparations\/reparations-de-fauteuils-roulants\/\" \/>\n<meta property=\"og:site_name\" content=\"Canada Care Medical\" \/>\n<meta property=\"article:modified_time\" content=\"2021-03-17T14:16:40+00:00\" \/>\n<meta name=\"twitter:card\" content=\"summary_large_image\" \/>\n<meta name=\"twitter:label1\" content=\"Dur\u00e9e de lecture estim\u00e9e\" \/>\n\t<meta name=\"twitter:data1\" content=\"3 minutes\" \/>\n<script type=\"application\/ld+json\" class=\"yoast-schema-graph\">{\"@context\":\"https:\\\/\\\/schema.org\",\"@graph\":[{\"@type\":\"WebPage\",\"@id\":\"https:\\\/\\\/canadacaremedical.com\\\/fr\\\/installations-reparations\\\/reparations-de-fauteuils-roulants\\\/\",\"url\":\"https:\\\/\\\/canadacaremedical.com\\\/fr\\\/installations-reparations\\\/reparations-de-fauteuils-roulants\\\/\",\"name\":\"R\u00e9paration de fauteuil roulant \u00e0 domicile - Canada Care Medical\",\"isPartOf\":{\"@id\":\"https:\\\/\\\/canadacaremedical.com\\\/#website\"},\"datePublished\":\"2019-01-03T12:39:33+00:00\",\"dateModified\":\"2021-03-17T14:16:40+00:00\",\"description\":\"Notre service de r\u00e9paration de fauteuil roulant \u00e0 domicile s'adapte \u00e0 tous les besoins. Nos sp\u00e9cialistes r\u00e9parent des fauteuils \u00e9lectriques ou manuels.\",\"breadcrumb\":{\"@id\":\"https:\\\/\\\/canadacaremedical.com\\\/fr\\\/installations-reparations\\\/reparations-de-fauteuils-roulants\\\/#breadcrumb\"},\"inLanguage\":\"fr-FR\",\"potentialAction\":[{\"@type\":\"ReadAction\",\"target\":[\"https:\\\/\\\/canadacaremedical.com\\\/fr\\\/installations-reparations\\\/reparations-de-fauteuils-roulants\\\/\"]}]},{\"@type\":\"BreadcrumbList\",\"@id\":\"https:\\\/\\\/canadacaremedical.com\\\/fr\\\/installations-reparations\\\/reparations-de-fauteuils-roulants\\\/#breadcrumb\",\"itemListElement\":[{\"@type\":\"ListItem\",\"position\":1,\"name\":\"Home\",\"item\":\"https:\\\/\\\/canadacaremedical.com\\\/fr\\\/\"},{\"@type\":\"ListItem\",\"position\":2,\"name\":\"Installations &#038; r\u00e9parations\",\"item\":\"https:\\\/\\\/canadacaremedical.com\\\/fr\\\/installations-reparations\\\/\"},{\"@type\":\"ListItem\",\"position\":3,\"name\":\"R\u00c9PARATIONS DE FAUTEUILS ROULANTS\"}]},{\"@type\":\"WebSite\",\"@id\":\"https:\\\/\\\/canadacaremedical.com\\\/#website\",\"url\":\"https:\\\/\\\/canadacaremedical.com\\\/\",\"name\":\"Canada Care Medical\",\"description\":\"\",\"publisher\":{\"@id\":\"https:\\\/\\\/canadacaremedical.com\\\/#organization\"},\"potentialAction\":[{\"@type\":\"SearchAction\",\"target\":{\"@type\":\"EntryPoint\",\"urlTemplate\":\"https:\\\/\\\/canadacaremedical.com\\\/?s={search_term_string}\"},\"query-input\":{\"@type\":\"PropertyValueSpecification\",\"valueRequired\":true,\"valueName\":\"search_term_string\"}}],\"inLanguage\":\"fr-FR\"},{\"@type\":\"Organization\",\"@id\":\"https:\\\/\\\/canadacaremedical.com\\\/#organization\",\"name\":\"Canada Care Medical\",\"url\":\"https:\\\/\\\/canadacaremedical.com\\\/\",\"logo\":{\"@type\":\"ImageObject\",\"inLanguage\":\"fr-FR\",\"@id\":\"https:\\\/\\\/canadacaremedical.com\\\/#\\\/schema\\\/logo\\\/image\\\/\",\"url\":\"https:\\\/\\\/canadacaremedical.com\\\/wp-content\\\/uploads\\\/2022\\\/04\\\/cropped-CCM-an-NSM-company-website-vertical-no-50-1.png\",\"contentUrl\":\"https:\\\/\\\/canadacaremedical.com\\\/wp-content\\\/uploads\\\/2022\\\/04\\\/cropped-CCM-an-NSM-company-website-vertical-no-50-1.png\",\"width\":500,\"height\":181,\"caption\":\"Canada Care Medical\"},\"image\":{\"@id\":\"https:\\\/\\\/canadacaremedical.com\\\/#\\\/schema\\\/logo\\\/image\\\/\"}}]}<\/script>\n<!-- \/ Yoast SEO plugin. -->","yoast_head_json":{"title":"R\u00e9paration de fauteuil roulant \u00e0 domicile - Canada Care Medical","description":"Notre service de r\u00e9paration de fauteuil roulant \u00e0 domicile s'adapte \u00e0 tous les besoins. Nos sp\u00e9cialistes r\u00e9parent des fauteuils \u00e9lectriques ou manuels.","robots":{"index":"index","follow":"follow","max-snippet":"max-snippet:-1","max-image-preview":"max-image-preview:large","max-video-preview":"max-video-preview:-1"},"canonical":"https:\/\/canadacaremedical.com\/fr\/installations-reparations\/reparations-de-fauteuils-roulants\/","og_locale":"fr_FR","og_type":"article","og_title":"R\u00e9paration de fauteuil roulant \u00e0 domicile - Canada Care Medical","og_description":"Notre service de r\u00e9paration de fauteuil roulant \u00e0 domicile s'adapte \u00e0 tous les besoins. Nos sp\u00e9cialistes r\u00e9parent des fauteuils \u00e9lectriques ou manuels.","og_url":"https:\/\/canadacaremedical.com\/fr\/installations-reparations\/reparations-de-fauteuils-roulants\/","og_site_name":"Canada Care Medical","article_modified_time":"2021-03-17T14:16:40+00:00","twitter_card":"summary_large_image","twitter_misc":{"Dur\u00e9e de lecture estim\u00e9e":"3 minutes"},"schema":{"@context":"https:\/\/schema.org","@graph":[{"@type":"WebPage","@id":"https:\/\/canadacaremedical.com\/fr\/installations-reparations\/reparations-de-fauteuils-roulants\/","url":"https:\/\/canadacaremedical.com\/fr\/installations-reparations\/reparations-de-fauteuils-roulants\/","name":"R\u00e9paration de fauteuil roulant \u00e0 domicile - Canada Care Medical","isPartOf":{"@id":"https:\/\/canadacaremedical.com\/#website"},"datePublished":"2019-01-03T12:39:33+00:00","dateModified":"2021-03-17T14:16:40+00:00","description":"Notre service de r\u00e9paration de fauteuil roulant \u00e0 domicile s'adapte \u00e0 tous les besoins. Nos sp\u00e9cialistes r\u00e9parent des fauteuils \u00e9lectriques ou manuels.","breadcrumb":{"@id":"https:\/\/canadacaremedical.com\/fr\/installations-reparations\/reparations-de-fauteuils-roulants\/#breadcrumb"},"inLanguage":"fr-FR","potentialAction":[{"@type":"ReadAction","target":["https:\/\/canadacaremedical.com\/fr\/installations-reparations\/reparations-de-fauteuils-roulants\/"]}]},{"@type":"BreadcrumbList","@id":"https:\/\/canadacaremedical.com\/fr\/installations-reparations\/reparations-de-fauteuils-roulants\/#breadcrumb","itemListElement":[{"@type":"ListItem","position":1,"name":"Home","item":"https:\/\/canadacaremedical.com\/fr\/"},{"@type":"ListItem","position":2,"name":"Installations &#038; r\u00e9parations","item":"https:\/\/canadacaremedical.com\/fr\/installations-reparations\/"},{"@type":"ListItem","position":3,"name":"R\u00c9PARATIONS DE FAUTEUILS ROULANTS"}]},{"@type":"WebSite","@id":"https:\/\/canadacaremedical.com\/#website","url":"https:\/\/canadacaremedical.com\/","name":"Canada Care Medical","description":"","publisher":{"@id":"https:\/\/canadacaremedical.com\/#organization"},"potentialAction":[{"@type":"SearchAction","target":{"@type":"EntryPoint","urlTemplate":"https:\/\/canadacaremedical.com\/?s={search_term_string}"},"query-input":{"@type":"PropertyValueSpecification","valueRequired":true,"valueName":"search_term_string"}}],"inLanguage":"fr-FR"},{"@type":"Organization","@id":"https:\/\/canadacaremedical.com\/#organization","name":"Canada Care Medical","url":"https:\/\/canadacaremedical.com\/","logo":{"@type":"ImageObject","inLanguage":"fr-FR","@id":"https:\/\/canadacaremedical.com\/#\/schema\/logo\/image\/","url":"https:\/\/canadacaremedical.com\/wp-content\/uploads\/2022\/04\/cropped-CCM-an-NSM-company-website-vertical-no-50-1.png","contentUrl":"https:\/\/canadacaremedical.com\/wp-content\/uploads\/2022\/04\/cropped-CCM-an-NSM-company-website-vertical-no-50-1.png","width":500,"height":181,"caption":"Canada Care Medical"},"image":{"@id":"https:\/\/canadacaremedical.com\/#\/schema\/logo\/image\/"}}]}},"jetpack_sharing_enabled":true,"_links":{"self":[{"href":"https:\/\/canadacaremedical.com\/fr\/wp-json\/wp\/v2\/pages\/1159","targetHints":{"allow":["GET"]}}],"collection":[{"href":"https:\/\/canadacaremedical.com\/fr\/wp-json\/wp\/v2\/pages"}],"about":[{"href":"https:\/\/canadacaremedical.com\/fr\/wp-json\/wp\/v2\/types\/page"}],"author":[{"embeddable":true,"href":"https:\/\/canadacaremedical.com\/fr\/wp-json\/wp\/v2\/users\/5"}],"replies":[{"embeddable":true,"href":"https:\/\/canadacaremedical.com\/fr\/wp-json\/wp\/v2\/comments?post=1159"}],"version-history":[{"count":14,"href":"https:\/\/canadacaremedical.com\/fr\/wp-json\/wp\/v2\/pages\/1159\/revisions"}],"predecessor-version":[{"id":7093,"href":"https:\/\/canadacaremedical.com\/fr\/wp-json\/wp\/v2\/pages\/1159\/revisions\/7093"}],"up":[{"embeddable":true,"href":"https:\/\/canadacaremedical.com\/fr\/wp-json\/wp\/v2\/pages\/1027"}],"wp:attachment":[{"href":"https:\/\/canadacaremedical.com\/fr\/wp-json\/wp\/v2\/media?parent=1159"}],"wp:term":[{"taxonomy":"post_tag","embeddable":true,"href":"https:\/\/canadacaremedical.com\/fr\/wp-json\/wp\/v2\/tags?post=1159"}],"curies":[{"name":"wp","href":"https:\/\/api.w.org\/{rel}","templated":true}]}}