{"id":1171,"date":"2019-01-03T13:02:22","date_gmt":"2019-01-03T13:02:22","guid":{"rendered":"\/?page_id=1171"},"modified":"2021-03-09T15:18:23","modified_gmt":"2021-03-09T15:18:23","slug":"soutien-financier","status":"publish","type":"page","link":"https:\/\/canadacaremedical.com\/fr\/soutien-financier\/","title":{"rendered":"Soutien financier"},"content":{"rendered":"<div class=\"wpb-content-wrapper\"><p>[vc_row][vc_column][vc_column_text]<\/p>\n<p class=\"font13 mosterratlight uppercase\">RETOUR \u00c0<a class=\"black\" href=\"\/\"> PAGE D&rsquo;ACCUEIL CANADA CARE MEDICAL<\/a><\/p>\n<p>[\/vc_column_text][\/vc_column][\/vc_row][vc_row el_class=\u00a0\u00bbpadding17yt\u00a0\u00bb][vc_column][vc_custom_heading text=\u00a0\u00bbSoutien financier\u00a0\u00bb font_container=\u00a0\u00bbtag:h1|text_align:left\u00a0\u00bb use_theme_fonts=\u00a0\u00bbyes\u00a0\u00bb el_class=\u00a0\u00bbfont25 mosterratbold\u00a0\u00bb][\/vc_column][\/vc_row][vc_row][vc_column][vc_column_text el_class=\u00a0\u00bbfont16&Prime;]<\/p>\n<h2><strong>Programme d\u2019appareils et accessoires fonctionnels en Ontario (PAAF)<\/strong><\/h2>\n<p>Le Programme d\u2019appareils et accessoires fonctionnels en Ontario (PAAF) est un programme g\u00e9r\u00e9 par le minist\u00e8re de la Sant\u00e9 qui dispense aupr\u00e8s des Ontariens vivant avec une d\u00e9ficience de longue dur\u00e9e, des fonds permettant l\u2019acquisition d\u2019\u00e9quipement sp\u00e9cialis\u00e9 tels les fauteuils roulants, les d\u00e9ambulateurs ou les triporteurs et les quadriporteurs. Le programme vise le soutien particuli\u00e8rement en ce qui a trait \u00e0 l\u2019autonomie chez soi et dans la communaut\u00e9. Le magasin d\u2019Ottawa de Canada Care Medical est autoris\u00e9 et certifi\u00e9 dans le cadre de ce programme.<\/p>\n<p><strong>Pour plus d\u2019information concernant ce programme et l\u2019aide accord\u00e9e, consultez le site web du PAAF :<\/strong><br \/>\n<a href=\"https:\/\/www.ontario.ca\/fr\/page\/programme-dappareils-accessoires-fonctionnels\">https:\/\/www.ontario.ca\/fr\/page\/programme-dappareils-accessoires-fonctionnels<\/a><\/p>\n<p><strong>Programmes de financement par province<\/strong><\/p>\n<p>Chaque province canadienne offre des options vari\u00e9es en mati\u00e8re de soutien financier. Il peut \u00eatre profitable pour vous de faire une recherche par province et ainsi obtenir une aide financi\u00e8re pour l\u2019achat de certains \u00e9quipements et produits m\u00e9dicaux.<\/p>\n<p><strong>Financement autre<\/strong><\/p>\n<p>Des sources additionnelles de financement sont disponibles et peuvent aider \u00e0 financer en partie votre \u00e9quipement. Certains organismes peuvent m\u00eame intervenir si vous n\u2019\u00eates pas admissible, m\u00eame partiellement au PAAF. Pour plus d\u2019information, consultez les organismes qui suivent :<\/p>\n<ul>\n<li>La Fondation March of Dimes.<\/li>\n<li>La Fondation des Timbres de P\u00e2ques.<\/li>\n<li>Les Clubs Kiwanis.<\/li>\n<li>Les Anciens Combattants (Croix bleue).<\/li>\n<li>La Commission de la s\u00e9curit\u00e9 professionnelle et de l&rsquo;assurance contre les accidents du travail (CSPAAT)<\/li>\n<li>Le Programme ontarien de soutien aux personnes handicap\u00e9es (POSPH)<\/li>\n<li>Les Services sociaux.<\/li>\n<\/ul>\n<p><strong>Location d\u2019\u00e9quipement<\/strong><\/p>\n<p>Si vous n\u2019arrivez pas \u00e0 obtenir un soutien financier pour l\u2019achat de votre appareil ou produit m\u00e9dical, nous pouvons vous offrir certains \u00e9quipements en location. Veuillez consulter la page de location d\u2019\u00e9quipement m\u00e9dical pour plus d\u2019information.[\/vc_column_text][\/vc_column][\/vc_row]<\/p>\n<\/div>","protected":false},"excerpt":{"rendered":"<p>[vc_row][vc_column][vc_column_text] RETOUR \u00c0 PAGE D&rsquo;ACCUEIL CANADA CARE MEDICAL [\/vc_column_text][\/vc_column][\/vc_row][vc_row el_class=\u00a0\u00bbpadding17yt\u00a0\u00bb][vc_column][vc_custom_heading text=\u00a0\u00bbSoutien financier\u00a0\u00bb font_container=\u00a0\u00bbtag:h1|text_align:left\u00a0\u00bb use_theme_fonts=\u00a0\u00bbyes\u00a0\u00bb el_class=\u00a0\u00bbfont25 mosterratbold\u00a0\u00bb][\/vc_column][\/vc_row][vc_row][vc_column][vc_column_text el_class=\u00a0\u00bbfont16&Prime;] Programme d\u2019appareils et accessoires fonctionnels en Ontario (PAAF) Le Programme d\u2019appareils et accessoires fonctionnels en Ontario (PAAF) est un programme g\u00e9r\u00e9 par le minist\u00e8re de la Sant\u00e9 qui dispense aupr\u00e8s des Ontariens vivant avec une d\u00e9ficience de longue [&hellip;]<\/p>\n","protected":false},"author":5,"featured_media":0,"parent":0,"menu_order":0,"comment_status":"closed","ping_status":"closed","template":"","meta":{"footnotes":""},"tags":[],"class_list":["post-1171","page","type-page","status-publish","hentry"],"yoast_head":"<!-- This site is optimized with the Yoast SEO plugin v27.3 - https:\/\/yoast.com\/product\/yoast-seo-wordpress\/ -->\n<title>Soutien financier - Canada Care Medical<\/title>\n<meta name=\"robots\" content=\"index, follow, max-snippet:-1, max-image-preview:large, max-video-preview:-1\" \/>\n<link rel=\"canonical\" href=\"https:\/\/canadacaremedical.com\/fr\/soutien-financier\/\" \/>\n<meta property=\"og:locale\" content=\"fr_FR\" \/>\n<meta property=\"og:type\" content=\"article\" \/>\n<meta property=\"og:title\" content=\"Soutien financier - Canada Care Medical\" \/>\n<meta property=\"og:description\" content=\"[vc_row][vc_column][vc_column_text] RETOUR \u00c0 PAGE D&rsquo;ACCUEIL CANADA CARE MEDICAL [\/vc_column_text][\/vc_column][\/vc_row][vc_row el_class=\u00a0\u00bbpadding17yt\u00a0\u00bb][vc_column][vc_custom_heading text=\u00a0\u00bbSoutien financier\u00a0\u00bb font_container=\u00a0\u00bbtag:h1|text_align:left\u00a0\u00bb use_theme_fonts=\u00a0\u00bbyes\u00a0\u00bb el_class=\u00a0\u00bbfont25 mosterratbold\u00a0\u00bb][\/vc_column][\/vc_row][vc_row][vc_column][vc_column_text el_class=\u00a0\u00bbfont16&Prime;] Programme d\u2019appareils et accessoires fonctionnels en Ontario (PAAF) Le Programme d\u2019appareils et accessoires fonctionnels en Ontario (PAAF) est un programme g\u00e9r\u00e9 par le minist\u00e8re de la Sant\u00e9 qui dispense aupr\u00e8s des Ontariens vivant avec une d\u00e9ficience de longue [&hellip;]\" \/>\n<meta property=\"og:url\" content=\"https:\/\/canadacaremedical.com\/fr\/soutien-financier\/\" \/>\n<meta property=\"og:site_name\" content=\"Canada Care Medical\" \/>\n<meta property=\"article:modified_time\" content=\"2021-03-09T15:18:23+00:00\" \/>\n<meta name=\"twitter:card\" content=\"summary_large_image\" \/>\n<meta name=\"twitter:label1\" content=\"Dur\u00e9e de lecture estim\u00e9e\" \/>\n\t<meta name=\"twitter:data1\" content=\"2 minutes\" \/>\n<script type=\"application\/ld+json\" class=\"yoast-schema-graph\">{\"@context\":\"https:\\\/\\\/schema.org\",\"@graph\":[{\"@type\":\"WebPage\",\"@id\":\"https:\\\/\\\/canadacaremedical.com\\\/fr\\\/soutien-financier\\\/\",\"url\":\"https:\\\/\\\/canadacaremedical.com\\\/fr\\\/soutien-financier\\\/\",\"name\":\"Soutien financier - Canada Care Medical\",\"isPartOf\":{\"@id\":\"https:\\\/\\\/canadacaremedical.com\\\/#website\"},\"datePublished\":\"2019-01-03T13:02:22+00:00\",\"dateModified\":\"2021-03-09T15:18:23+00:00\",\"breadcrumb\":{\"@id\":\"https:\\\/\\\/canadacaremedical.com\\\/fr\\\/soutien-financier\\\/#breadcrumb\"},\"inLanguage\":\"fr-FR\",\"potentialAction\":[{\"@type\":\"ReadAction\",\"target\":[\"https:\\\/\\\/canadacaremedical.com\\\/fr\\\/soutien-financier\\\/\"]}]},{\"@type\":\"BreadcrumbList\",\"@id\":\"https:\\\/\\\/canadacaremedical.com\\\/fr\\\/soutien-financier\\\/#breadcrumb\",\"itemListElement\":[{\"@type\":\"ListItem\",\"position\":1,\"name\":\"Home\",\"item\":\"https:\\\/\\\/canadacaremedical.com\\\/fr\\\/\"},{\"@type\":\"ListItem\",\"position\":2,\"name\":\"Soutien financier\"}]},{\"@type\":\"WebSite\",\"@id\":\"https:\\\/\\\/canadacaremedical.com\\\/#website\",\"url\":\"https:\\\/\\\/canadacaremedical.com\\\/\",\"name\":\"Canada Care Medical\",\"description\":\"\",\"publisher\":{\"@id\":\"https:\\\/\\\/canadacaremedical.com\\\/#organization\"},\"potentialAction\":[{\"@type\":\"SearchAction\",\"target\":{\"@type\":\"EntryPoint\",\"urlTemplate\":\"https:\\\/\\\/canadacaremedical.com\\\/?s={search_term_string}\"},\"query-input\":{\"@type\":\"PropertyValueSpecification\",\"valueRequired\":true,\"valueName\":\"search_term_string\"}}],\"inLanguage\":\"fr-FR\"},{\"@type\":\"Organization\",\"@id\":\"https:\\\/\\\/canadacaremedical.com\\\/#organization\",\"name\":\"Canada Care Medical\",\"url\":\"https:\\\/\\\/canadacaremedical.com\\\/\",\"logo\":{\"@type\":\"ImageObject\",\"inLanguage\":\"fr-FR\",\"@id\":\"https:\\\/\\\/canadacaremedical.com\\\/#\\\/schema\\\/logo\\\/image\\\/\",\"url\":\"https:\\\/\\\/canadacaremedical.com\\\/wp-content\\\/uploads\\\/2022\\\/04\\\/cropped-CCM-an-NSM-company-website-vertical-no-50-1.png\",\"contentUrl\":\"https:\\\/\\\/canadacaremedical.com\\\/wp-content\\\/uploads\\\/2022\\\/04\\\/cropped-CCM-an-NSM-company-website-vertical-no-50-1.png\",\"width\":500,\"height\":181,\"caption\":\"Canada Care Medical\"},\"image\":{\"@id\":\"https:\\\/\\\/canadacaremedical.com\\\/#\\\/schema\\\/logo\\\/image\\\/\"}}]}<\/script>\n<!-- \/ Yoast SEO plugin. -->","yoast_head_json":{"title":"Soutien financier - Canada Care Medical","robots":{"index":"index","follow":"follow","max-snippet":"max-snippet:-1","max-image-preview":"max-image-preview:large","max-video-preview":"max-video-preview:-1"},"canonical":"https:\/\/canadacaremedical.com\/fr\/soutien-financier\/","og_locale":"fr_FR","og_type":"article","og_title":"Soutien financier - Canada Care Medical","og_description":"[vc_row][vc_column][vc_column_text] RETOUR \u00c0 PAGE D&rsquo;ACCUEIL CANADA CARE MEDICAL [\/vc_column_text][\/vc_column][\/vc_row][vc_row el_class=\u00a0\u00bbpadding17yt\u00a0\u00bb][vc_column][vc_custom_heading text=\u00a0\u00bbSoutien financier\u00a0\u00bb font_container=\u00a0\u00bbtag:h1|text_align:left\u00a0\u00bb use_theme_fonts=\u00a0\u00bbyes\u00a0\u00bb el_class=\u00a0\u00bbfont25 mosterratbold\u00a0\u00bb][\/vc_column][\/vc_row][vc_row][vc_column][vc_column_text el_class=\u00a0\u00bbfont16&Prime;] Programme d\u2019appareils et accessoires fonctionnels en Ontario (PAAF) Le Programme d\u2019appareils et accessoires fonctionnels en Ontario (PAAF) est un programme g\u00e9r\u00e9 par le minist\u00e8re de la Sant\u00e9 qui dispense aupr\u00e8s des Ontariens vivant avec une d\u00e9ficience de longue [&hellip;]","og_url":"https:\/\/canadacaremedical.com\/fr\/soutien-financier\/","og_site_name":"Canada Care Medical","article_modified_time":"2021-03-09T15:18:23+00:00","twitter_card":"summary_large_image","twitter_misc":{"Dur\u00e9e de lecture estim\u00e9e":"2 minutes"},"schema":{"@context":"https:\/\/schema.org","@graph":[{"@type":"WebPage","@id":"https:\/\/canadacaremedical.com\/fr\/soutien-financier\/","url":"https:\/\/canadacaremedical.com\/fr\/soutien-financier\/","name":"Soutien financier - Canada Care Medical","isPartOf":{"@id":"https:\/\/canadacaremedical.com\/#website"},"datePublished":"2019-01-03T13:02:22+00:00","dateModified":"2021-03-09T15:18:23+00:00","breadcrumb":{"@id":"https:\/\/canadacaremedical.com\/fr\/soutien-financier\/#breadcrumb"},"inLanguage":"fr-FR","potentialAction":[{"@type":"ReadAction","target":["https:\/\/canadacaremedical.com\/fr\/soutien-financier\/"]}]},{"@type":"BreadcrumbList","@id":"https:\/\/canadacaremedical.com\/fr\/soutien-financier\/#breadcrumb","itemListElement":[{"@type":"ListItem","position":1,"name":"Home","item":"https:\/\/canadacaremedical.com\/fr\/"},{"@type":"ListItem","position":2,"name":"Soutien financier"}]},{"@type":"WebSite","@id":"https:\/\/canadacaremedical.com\/#website","url":"https:\/\/canadacaremedical.com\/","name":"Canada Care Medical","description":"","publisher":{"@id":"https:\/\/canadacaremedical.com\/#organization"},"potentialAction":[{"@type":"SearchAction","target":{"@type":"EntryPoint","urlTemplate":"https:\/\/canadacaremedical.com\/?s={search_term_string}"},"query-input":{"@type":"PropertyValueSpecification","valueRequired":true,"valueName":"search_term_string"}}],"inLanguage":"fr-FR"},{"@type":"Organization","@id":"https:\/\/canadacaremedical.com\/#organization","name":"Canada Care Medical","url":"https:\/\/canadacaremedical.com\/","logo":{"@type":"ImageObject","inLanguage":"fr-FR","@id":"https:\/\/canadacaremedical.com\/#\/schema\/logo\/image\/","url":"https:\/\/canadacaremedical.com\/wp-content\/uploads\/2022\/04\/cropped-CCM-an-NSM-company-website-vertical-no-50-1.png","contentUrl":"https:\/\/canadacaremedical.com\/wp-content\/uploads\/2022\/04\/cropped-CCM-an-NSM-company-website-vertical-no-50-1.png","width":500,"height":181,"caption":"Canada Care Medical"},"image":{"@id":"https:\/\/canadacaremedical.com\/#\/schema\/logo\/image\/"}}]}},"jetpack_sharing_enabled":true,"_links":{"self":[{"href":"https:\/\/canadacaremedical.com\/fr\/wp-json\/wp\/v2\/pages\/1171","targetHints":{"allow":["GET"]}}],"collection":[{"href":"https:\/\/canadacaremedical.com\/fr\/wp-json\/wp\/v2\/pages"}],"about":[{"href":"https:\/\/canadacaremedical.com\/fr\/wp-json\/wp\/v2\/types\/page"}],"author":[{"embeddable":true,"href":"https:\/\/canadacaremedical.com\/fr\/wp-json\/wp\/v2\/users\/5"}],"replies":[{"embeddable":true,"href":"https:\/\/canadacaremedical.com\/fr\/wp-json\/wp\/v2\/comments?post=1171"}],"version-history":[{"count":8,"href":"https:\/\/canadacaremedical.com\/fr\/wp-json\/wp\/v2\/pages\/1171\/revisions"}],"predecessor-version":[{"id":7027,"href":"https:\/\/canadacaremedical.com\/fr\/wp-json\/wp\/v2\/pages\/1171\/revisions\/7027"}],"wp:attachment":[{"href":"https:\/\/canadacaremedical.com\/fr\/wp-json\/wp\/v2\/media?parent=1171"}],"wp:term":[{"taxonomy":"post_tag","embeddable":true,"href":"https:\/\/canadacaremedical.com\/fr\/wp-json\/wp\/v2\/tags?post=1171"}],"curies":[{"name":"wp","href":"https:\/\/api.w.org\/{rel}","templated":true}]}}