{"id":1183,"date":"2019-01-03T13:40:44","date_gmt":"2019-01-03T13:40:44","guid":{"rendered":"\/?page_id=1183"},"modified":"2021-03-10T08:18:16","modified_gmt":"2021-03-10T08:18:16","slug":"produits-medicaux","status":"publish","type":"page","link":"https:\/\/canadacaremedical.com\/fr\/produits-medicaux\/","title":{"rendered":"Produits m\u00e9dicaux"},"content":{"rendered":"<div class=\"wpb-content-wrapper\"><p>[vc_row source=\u00a0\u00bb\u00a0\u00bb text=\u00a0\u00bbCANADA CARE MEDICAL\u00a0\u00bb font_container=\u00a0\u00bbtag:h1|text_align:left\u00a0\u00bb use_theme_fonts=\u00a0\u00bbyes\u00a0\u00bb google_fonts=\u00a0\u00bbfont_family:Abril%20Fatface%3Aregular|font_style:400%20regular%3A400%3Anormal\u00a0\u00bb link=\u00a0\u00bb\u00a0\u00bb][vc_column][dhvc_woo_product_page_breadcrumb el_class=\u00a0\u00bb\u00a0\u00bb][vc_custom_heading text=\u00a0\u00bbNOS PRODUITS M\u00c9DICAUX\u00a0\u00bb font_container=\u00a0\u00bbtag:h1|text_align:left\u00a0\u00bb use_theme_fonts=\u00a0\u00bbyes\u00a0\u00bb el_class=\u00a0\u00bbfont25 mosterratbold padding25yt\u00a0\u00bb][vc_column_text el_class=\u00a0\u00bbfont16&Prime;]Notre cat\u00e9gorie des produits m\u00e9dicaux comprend des milliers d\u2019items utiles au traitement avanc\u00e9 des plaies, \u00e0 la gestion de l\u2019incontinence, aux besoins en mati\u00e8re de bas et de v\u00eatements de compression divers, en mati\u00e8re de premiers soins et aussi ceux relatifs aux besoins des stomis\u00e9s. Veuillez consulter les catalogues qui se trouvent sur les pages qui suivent pour plus d\u2019information.[\/vc_column_text][\/vc_column][\/vc_row][vc_row equal_height=\u00a0\u00bbyes\u00a0\u00bb el_class=\u00a0\u00bbpadding25yt\u00a0\u00bb][vc_column width=\u00a0\u00bb1\/3&Prime; el_class=\u00a0\u00bbpadding10xr\u00a0\u00bb][vc_single_image image=\u00a0\u00bb3847&Prime; img_size=\u00a0\u00bbfull\u00a0\u00bb onclick=\u00a0\u00bbcustom_link\u00a0\u00bb el_class=\u00a0\u00bbfullwidthimg\u00a0\u00bb link=\u00a0\u00bb\/fr\/produits-medicaux\/traitement-avance-des-plaies\/\u00a0\u00bb][vc_custom_heading text=\u00a0\u00bbTRAITEMENT AVANC\u00c9 DES PLAIES\u00a0\u00bb use_theme_fonts=\u00a0\u00bbyes\u00a0\u00bb el_class=\u00a0\u00bbfont14 mosterratbold cliq\u00a0\u00bb link=\u00a0\u00bburl:%2Ffr%2Fproduits-medicaux%2Ftraitement-avance-des-plaies%2F|||\u00a0\u00bb][\/vc_column][vc_column width=\u00a0\u00bb1\/3&Prime; el_class=\u00a0\u00bbpadding5xl padding5xr\u00a0\u00bb][vc_single_image image=\u00a0\u00bb3851&Prime; img_size=\u00a0\u00bbfull\u00a0\u00bb onclick=\u00a0\u00bbcustom_link\u00a0\u00bb el_class=\u00a0\u00bbfullwidthimg\u00a0\u00bb link=\u00a0\u00bb\/fr\/produits-medicaux\/bas-et-vetements-de-compression\/\u00a0\u00bb][vc_custom_heading text=\u00a0\u00bbBAS ET V\u00caTEMENTS DE COMPRESSION\u00a0\u00bb use_theme_fonts=\u00a0\u00bbyes\u00a0\u00bb el_class=\u00a0\u00bbfont14 mosterratbold cliq\u00a0\u00bb link=\u00a0\u00bburl:%2Ffr%2Fproduits-medicaux%2Fbas-et-vetements-de-compression%2F|||\u00a0\u00bb][\/vc_column][vc_column width=\u00a0\u00bb1\/3&Prime; el_class=\u00a0\u00bbpadding10xl\u00a0\u00bb][vc_single_image image=\u00a0\u00bb1048&Prime; img_size=\u00a0\u00bbfull\u00a0\u00bb onclick=\u00a0\u00bbcustom_link\u00a0\u00bb el_class=\u00a0\u00bbfullwidthimg\u00a0\u00bb link=\u00a0\u00bb\/fr\/product-category\/premiers-soins\/\u00a0\u00bb][vc_custom_heading text=\u00a0\u00bbPREMIERS SOINS\u00a0\u00bb use_theme_fonts=\u00a0\u00bbyes\u00a0\u00bb el_class=\u00a0\u00bbfont14 mosterratbold nomarginbottom cliq\u00a0\u00bb link=\u00a0\u00bburl:%2Ffr%2Fproduct-category%2Fpremiers-soins%2F|||\u00a0\u00bb][vc_column_text el_class=\u00a0\u00bbnomargintopp\u00a0\u00bb]<em><a class=\"underline menublue font13\" href=\"http:\/\/canadacaremedical.com\/fr\/product-category\/premiers-soins\/\">Voir tout<\/a><\/em>[\/vc_column_text][\/vc_column][\/vc_row][vc_row equal_height=\u00a0\u00bbyes\u00a0\u00bb el_class=\u00a0\u00bbpadding25yt\u00a0\u00bb][vc_column width=\u00a0\u00bb1\/3&Prime; el_class=\u00a0\u00bbpadding10xr\u00a0\u00bb][vc_single_image image=\u00a0\u00bb3857&Prime; img_size=\u00a0\u00bbfull\u00a0\u00bb onclick=\u00a0\u00bbcustom_link\u00a0\u00bb el_class=\u00a0\u00bbfullwidthimg\u00a0\u00bb link=\u00a0\u00bb\/fr\/produits-medicaux\/incontinence-catheters\/\u00a0\u00bb][vc_custom_heading text=\u00a0\u00bbINCONTINENCE &amp; CATH\u00c9TERS\u00a0\u00bb use_theme_fonts=\u00a0\u00bbyes\u00a0\u00bb el_class=\u00a0\u00bbfont14 mosterratbold cliq\u00a0\u00bb link=\u00a0\u00bburl:%2Ffr%2Fproduits-medicaux%2Fincontinence-catheters%2F|||\u00a0\u00bb][\/vc_column][vc_column width=\u00a0\u00bb1\/3&Prime; el_class=\u00a0\u00bbpadding5xl padding5xr\u00a0\u00bb][vc_single_image image=\u00a0\u00bb5147&Prime; img_size=\u00a0\u00bbfull\u00a0\u00bb onclick=\u00a0\u00bbcustom_link\u00a0\u00bb el_class=\u00a0\u00bbfullwidthimg\u00a0\u00bb link=\u00a0\u00bb\/fr\/produits-medicaux\/produits-pour-la-stomie\/\u00a0\u00bb][vc_custom_heading text=\u00a0\u00bbPRODUITS POUR LA STOMIE\u00a0\u00bb use_theme_fonts=\u00a0\u00bbyes\u00a0\u00bb el_class=\u00a0\u00bbfont14 mosterratbold cliq\u00a0\u00bb link=\u00a0\u00bburl:%2Ffr%2Fproduits-medicaux%2Fproduits-pour-la-stomie%2F|||\u00a0\u00bb][\/vc_column][vc_column width=\u00a0\u00bb1\/3&Prime; el_class=\u00a0\u00bbpadding10xl\u00a0\u00bb][\/vc_column][\/vc_row]<\/p>\n<\/div>","protected":false},"excerpt":{"rendered":"<p>[vc_row source=\u00a0\u00bb\u00a0\u00bb text=\u00a0\u00bbCANADA CARE MEDICAL\u00a0\u00bb font_container=\u00a0\u00bbtag:h1|text_align:left\u00a0\u00bb use_theme_fonts=\u00a0\u00bbyes\u00a0\u00bb google_fonts=\u00a0\u00bbfont_family:Abril%20Fatface%3Aregular|font_style:400%20regular%3A400%3Anormal\u00a0\u00bb link=\u00a0\u00bb\u00a0\u00bb][vc_column][dhvc_woo_product_page_breadcrumb el_class=\u00a0\u00bb\u00a0\u00bb][vc_custom_heading text=\u00a0\u00bbNOS PRODUITS M\u00c9DICAUX\u00a0\u00bb font_container=\u00a0\u00bbtag:h1|text_align:left\u00a0\u00bb use_theme_fonts=\u00a0\u00bbyes\u00a0\u00bb el_class=\u00a0\u00bbfont25 mosterratbold padding25yt\u00a0\u00bb][vc_column_text el_class=\u00a0\u00bbfont16&Prime;]Notre cat\u00e9gorie des produits m\u00e9dicaux comprend des milliers d\u2019items utiles au traitement avanc\u00e9 des plaies, \u00e0 la gestion de l\u2019incontinence, aux besoins en mati\u00e8re de bas et de v\u00eatements de compression divers, en mati\u00e8re de premiers soins [&hellip;]<\/p>\n","protected":false},"author":5,"featured_media":0,"parent":0,"menu_order":0,"comment_status":"closed","ping_status":"closed","template":"","meta":{"footnotes":""},"tags":[],"class_list":["post-1183","page","type-page","status-publish","hentry"],"yoast_head":"<!-- This site is optimized with the Yoast SEO plugin v27.3 - https:\/\/yoast.com\/product\/yoast-seo-wordpress\/ -->\n<title>Produits m\u00e9dicaux<\/title>\n<meta name=\"robots\" content=\"index, follow, max-snippet:-1, max-image-preview:large, max-video-preview:-1\" \/>\n<link rel=\"canonical\" href=\"https:\/\/canadacaremedical.com\/fr\/produits-medicaux\/\" \/>\n<meta property=\"og:locale\" content=\"fr_FR\" \/>\n<meta property=\"og:type\" content=\"article\" \/>\n<meta property=\"og:title\" content=\"Produits m\u00e9dicaux\" \/>\n<meta property=\"og:description\" content=\"[vc_row source=\u00a0\u00bb\u00a0\u00bb text=\u00a0\u00bbCANADA CARE MEDICAL\u00a0\u00bb font_container=\u00a0\u00bbtag:h1|text_align:left\u00a0\u00bb use_theme_fonts=\u00a0\u00bbyes\u00a0\u00bb google_fonts=\u00a0\u00bbfont_family:Abril%20Fatface%3Aregular|font_style:400%20regular%3A400%3Anormal\u00a0\u00bb link=\u00a0\u00bb\u00a0\u00bb][vc_column][dhvc_woo_product_page_breadcrumb el_class=\u00a0\u00bb\u00a0\u00bb][vc_custom_heading text=\u00a0\u00bbNOS PRODUITS M\u00c9DICAUX\u00a0\u00bb font_container=\u00a0\u00bbtag:h1|text_align:left\u00a0\u00bb use_theme_fonts=\u00a0\u00bbyes\u00a0\u00bb el_class=\u00a0\u00bbfont25 mosterratbold padding25yt\u00a0\u00bb][vc_column_text el_class=\u00a0\u00bbfont16&Prime;]Notre cat\u00e9gorie des produits m\u00e9dicaux comprend des milliers d\u2019items utiles au traitement avanc\u00e9 des plaies, \u00e0 la gestion de l\u2019incontinence, aux besoins en mati\u00e8re de bas et de v\u00eatements de compression divers, en mati\u00e8re de premiers soins [&hellip;]\" \/>\n<meta property=\"og:url\" content=\"https:\/\/canadacaremedical.com\/fr\/produits-medicaux\/\" \/>\n<meta property=\"og:site_name\" content=\"Canada Care Medical\" \/>\n<meta property=\"article:modified_time\" content=\"2021-03-10T08:18:16+00:00\" \/>\n<meta name=\"twitter:card\" content=\"summary_large_image\" \/>\n<meta name=\"twitter:label1\" content=\"Dur\u00e9e de lecture estim\u00e9e\" \/>\n\t<meta name=\"twitter:data1\" content=\"2 minutes\" \/>\n<script type=\"application\/ld+json\" class=\"yoast-schema-graph\">{\"@context\":\"https:\\\/\\\/schema.org\",\"@graph\":[{\"@type\":\"WebPage\",\"@id\":\"https:\\\/\\\/canadacaremedical.com\\\/fr\\\/produits-medicaux\\\/\",\"url\":\"https:\\\/\\\/canadacaremedical.com\\\/fr\\\/produits-medicaux\\\/\",\"name\":\"Produits m\u00e9dicaux\",\"isPartOf\":{\"@id\":\"https:\\\/\\\/canadacaremedical.com\\\/#website\"},\"datePublished\":\"2019-01-03T13:40:44+00:00\",\"dateModified\":\"2021-03-10T08:18:16+00:00\",\"breadcrumb\":{\"@id\":\"https:\\\/\\\/canadacaremedical.com\\\/fr\\\/produits-medicaux\\\/#breadcrumb\"},\"inLanguage\":\"fr-FR\",\"potentialAction\":[{\"@type\":\"ReadAction\",\"target\":[\"https:\\\/\\\/canadacaremedical.com\\\/fr\\\/produits-medicaux\\\/\"]}]},{\"@type\":\"BreadcrumbList\",\"@id\":\"https:\\\/\\\/canadacaremedical.com\\\/fr\\\/produits-medicaux\\\/#breadcrumb\",\"itemListElement\":[{\"@type\":\"ListItem\",\"position\":1,\"name\":\"Home\",\"item\":\"https:\\\/\\\/canadacaremedical.com\\\/fr\\\/\"},{\"@type\":\"ListItem\",\"position\":2,\"name\":\"Produits m\u00e9dicaux\"}]},{\"@type\":\"WebSite\",\"@id\":\"https:\\\/\\\/canadacaremedical.com\\\/#website\",\"url\":\"https:\\\/\\\/canadacaremedical.com\\\/\",\"name\":\"Canada Care Medical\",\"description\":\"\",\"publisher\":{\"@id\":\"https:\\\/\\\/canadacaremedical.com\\\/#organization\"},\"potentialAction\":[{\"@type\":\"SearchAction\",\"target\":{\"@type\":\"EntryPoint\",\"urlTemplate\":\"https:\\\/\\\/canadacaremedical.com\\\/?s={search_term_string}\"},\"query-input\":{\"@type\":\"PropertyValueSpecification\",\"valueRequired\":true,\"valueName\":\"search_term_string\"}}],\"inLanguage\":\"fr-FR\"},{\"@type\":\"Organization\",\"@id\":\"https:\\\/\\\/canadacaremedical.com\\\/#organization\",\"name\":\"Canada Care Medical\",\"url\":\"https:\\\/\\\/canadacaremedical.com\\\/\",\"logo\":{\"@type\":\"ImageObject\",\"inLanguage\":\"fr-FR\",\"@id\":\"https:\\\/\\\/canadacaremedical.com\\\/#\\\/schema\\\/logo\\\/image\\\/\",\"url\":\"https:\\\/\\\/canadacaremedical.com\\\/wp-content\\\/uploads\\\/2022\\\/04\\\/cropped-CCM-an-NSM-company-website-vertical-no-50-1.png\",\"contentUrl\":\"https:\\\/\\\/canadacaremedical.com\\\/wp-content\\\/uploads\\\/2022\\\/04\\\/cropped-CCM-an-NSM-company-website-vertical-no-50-1.png\",\"width\":500,\"height\":181,\"caption\":\"Canada Care Medical\"},\"image\":{\"@id\":\"https:\\\/\\\/canadacaremedical.com\\\/#\\\/schema\\\/logo\\\/image\\\/\"}}]}<\/script>\n<!-- \/ Yoast SEO plugin. -->","yoast_head_json":{"title":"Produits m\u00e9dicaux","robots":{"index":"index","follow":"follow","max-snippet":"max-snippet:-1","max-image-preview":"max-image-preview:large","max-video-preview":"max-video-preview:-1"},"canonical":"https:\/\/canadacaremedical.com\/fr\/produits-medicaux\/","og_locale":"fr_FR","og_type":"article","og_title":"Produits m\u00e9dicaux","og_description":"[vc_row source=\u00a0\u00bb\u00a0\u00bb text=\u00a0\u00bbCANADA CARE MEDICAL\u00a0\u00bb font_container=\u00a0\u00bbtag:h1|text_align:left\u00a0\u00bb use_theme_fonts=\u00a0\u00bbyes\u00a0\u00bb google_fonts=\u00a0\u00bbfont_family:Abril%20Fatface%3Aregular|font_style:400%20regular%3A400%3Anormal\u00a0\u00bb link=\u00a0\u00bb\u00a0\u00bb][vc_column][dhvc_woo_product_page_breadcrumb el_class=\u00a0\u00bb\u00a0\u00bb][vc_custom_heading text=\u00a0\u00bbNOS PRODUITS M\u00c9DICAUX\u00a0\u00bb font_container=\u00a0\u00bbtag:h1|text_align:left\u00a0\u00bb use_theme_fonts=\u00a0\u00bbyes\u00a0\u00bb el_class=\u00a0\u00bbfont25 mosterratbold padding25yt\u00a0\u00bb][vc_column_text el_class=\u00a0\u00bbfont16&Prime;]Notre cat\u00e9gorie des produits m\u00e9dicaux comprend des milliers d\u2019items utiles au traitement avanc\u00e9 des plaies, \u00e0 la gestion de l\u2019incontinence, aux besoins en mati\u00e8re de bas et de v\u00eatements de compression divers, en mati\u00e8re de premiers soins [&hellip;]","og_url":"https:\/\/canadacaremedical.com\/fr\/produits-medicaux\/","og_site_name":"Canada Care Medical","article_modified_time":"2021-03-10T08:18:16+00:00","twitter_card":"summary_large_image","twitter_misc":{"Dur\u00e9e de lecture estim\u00e9e":"2 minutes"},"schema":{"@context":"https:\/\/schema.org","@graph":[{"@type":"WebPage","@id":"https:\/\/canadacaremedical.com\/fr\/produits-medicaux\/","url":"https:\/\/canadacaremedical.com\/fr\/produits-medicaux\/","name":"Produits m\u00e9dicaux","isPartOf":{"@id":"https:\/\/canadacaremedical.com\/#website"},"datePublished":"2019-01-03T13:40:44+00:00","dateModified":"2021-03-10T08:18:16+00:00","breadcrumb":{"@id":"https:\/\/canadacaremedical.com\/fr\/produits-medicaux\/#breadcrumb"},"inLanguage":"fr-FR","potentialAction":[{"@type":"ReadAction","target":["https:\/\/canadacaremedical.com\/fr\/produits-medicaux\/"]}]},{"@type":"BreadcrumbList","@id":"https:\/\/canadacaremedical.com\/fr\/produits-medicaux\/#breadcrumb","itemListElement":[{"@type":"ListItem","position":1,"name":"Home","item":"https:\/\/canadacaremedical.com\/fr\/"},{"@type":"ListItem","position":2,"name":"Produits m\u00e9dicaux"}]},{"@type":"WebSite","@id":"https:\/\/canadacaremedical.com\/#website","url":"https:\/\/canadacaremedical.com\/","name":"Canada Care Medical","description":"","publisher":{"@id":"https:\/\/canadacaremedical.com\/#organization"},"potentialAction":[{"@type":"SearchAction","target":{"@type":"EntryPoint","urlTemplate":"https:\/\/canadacaremedical.com\/?s={search_term_string}"},"query-input":{"@type":"PropertyValueSpecification","valueRequired":true,"valueName":"search_term_string"}}],"inLanguage":"fr-FR"},{"@type":"Organization","@id":"https:\/\/canadacaremedical.com\/#organization","name":"Canada Care Medical","url":"https:\/\/canadacaremedical.com\/","logo":{"@type":"ImageObject","inLanguage":"fr-FR","@id":"https:\/\/canadacaremedical.com\/#\/schema\/logo\/image\/","url":"https:\/\/canadacaremedical.com\/wp-content\/uploads\/2022\/04\/cropped-CCM-an-NSM-company-website-vertical-no-50-1.png","contentUrl":"https:\/\/canadacaremedical.com\/wp-content\/uploads\/2022\/04\/cropped-CCM-an-NSM-company-website-vertical-no-50-1.png","width":500,"height":181,"caption":"Canada Care Medical"},"image":{"@id":"https:\/\/canadacaremedical.com\/#\/schema\/logo\/image\/"}}]}},"jetpack_sharing_enabled":true,"_links":{"self":[{"href":"https:\/\/canadacaremedical.com\/fr\/wp-json\/wp\/v2\/pages\/1183","targetHints":{"allow":["GET"]}}],"collection":[{"href":"https:\/\/canadacaremedical.com\/fr\/wp-json\/wp\/v2\/pages"}],"about":[{"href":"https:\/\/canadacaremedical.com\/fr\/wp-json\/wp\/v2\/types\/page"}],"author":[{"embeddable":true,"href":"https:\/\/canadacaremedical.com\/fr\/wp-json\/wp\/v2\/users\/5"}],"replies":[{"embeddable":true,"href":"https:\/\/canadacaremedical.com\/fr\/wp-json\/wp\/v2\/comments?post=1183"}],"version-history":[{"count":27,"href":"https:\/\/canadacaremedical.com\/fr\/wp-json\/wp\/v2\/pages\/1183\/revisions"}],"predecessor-version":[{"id":7037,"href":"https:\/\/canadacaremedical.com\/fr\/wp-json\/wp\/v2\/pages\/1183\/revisions\/7037"}],"wp:attachment":[{"href":"https:\/\/canadacaremedical.com\/fr\/wp-json\/wp\/v2\/media?parent=1183"}],"wp:term":[{"taxonomy":"post_tag","embeddable":true,"href":"https:\/\/canadacaremedical.com\/fr\/wp-json\/wp\/v2\/tags?post=1183"}],"curies":[{"name":"wp","href":"https:\/\/api.w.org\/{rel}","templated":true}]}}