{"id":1199,"date":"2019-01-03T15:15:59","date_gmt":"2019-01-03T15:15:59","guid":{"rendered":"\/?page_id=1199"},"modified":"2019-12-12T07:45:40","modified_gmt":"2019-12-12T07:45:40","slug":"bas-et-vetements-de-compression","status":"publish","type":"page","link":"https:\/\/canadacaremedical.com\/fr\/produits-medicaux\/bas-et-vetements-de-compression\/","title":{"rendered":"BAS ET V\u00caTEMENTS DE COMPRESSION"},"content":{"rendered":"<div class=\"wpb-content-wrapper\"><p>[vc_row source=\u00a0\u00bb\u00a0\u00bb text=\u00a0\u00bbCANADA CARE MEDICAL\u00a0\u00bb font_container=\u00a0\u00bbtag:h1|text_align:left\u00a0\u00bb use_theme_fonts=\u00a0\u00bbyes\u00a0\u00bb google_fonts=\u00a0\u00bbfont_family:Abril%20Fatface%3Aregular|font_style:400%20regular%3A400%3Anormal\u00a0\u00bb el_class=\u00a0\u00bbfont25 mosterratbold\u00a0\u00bb link=\u00a0\u00bb\u00a0\u00bb][vc_column][dhvc_woo_product_page_breadcrumb el_class=\u00a0\u00bb\u00a0\u00bb][vc_custom_heading text=\u00a0\u00bbBAS ET V\u00caTEMENTS DE COMPRESSION\u00a0\u00bb font_container=\u00a0\u00bbtag:h1|text_align:left\u00a0\u00bb use_theme_fonts=\u00a0\u00bbyes\u00a0\u00bb el_class=\u00a0\u00bbfont25 mosterratbold padding25yt\u00a0\u00bb][\/vc_column][\/vc_row][vc_row el_class=\u00a0\u00bbpadding17yt\u00a0\u00bb][vc_column width=\u00a0\u00bb4\/5&Prime;][vc_single_image image=\u00a0\u00bb5105&Prime; img_size=\u00a0\u00bbfull\u00a0\u00bb el_class=\u00a0\u00bbfullwidthimg\u00a0\u00bb][vc_gallery type=\u00a0\u00bbimage_grid\u00a0\u00bb images=\u00a0\u00bb1180,1106,1108,1174,4380&Prime; img_size=\u00a0\u00bbfull\u00a0\u00bb onclick=\u00a0\u00bb\u00a0\u00bb el_class=\u00a0\u00bbpadding25yt\u00a0\u00bb][vc_column_text el_class=\u00a0\u00bbfont16 padding17yt\u00a0\u00bb]Les bas de compression sont extr\u00eamement utiles \u00e0 plusieurs titres. Vous souffrez peut-\u00eatre d\u2019enflure ou de mauvaise circulation, ou vous avez besoin de bas de compression pour r\u00e9cup\u00e9rer apr\u00e8s l\u2019effort physique. Ceux qui sont assis pour de longues p\u00e9riodes de temps, comme les grands voyageurs, pourront \u00e9galement b\u00e9n\u00e9ficier de ce produit m\u00e9dical. Canada Care Medical vous offre une grande vari\u00e9t\u00e9 de bas de compression de toutes les couleurs pouvant servir au quotidien. Ces bas favorisent une meilleure circulation sanguine, une protection contre les intemp\u00e9ries de l\u2019automne et de l\u2019hiver, et une protection contre les blessures pendant et apr\u00e8s l\u2019effort physique. Qui que vous soyez, les bas de compression peuvent am\u00e9liorer la circulation du sang dans les jambes et contribuent significativement \u00e0 diminuer la fatigue des membres inf\u00e9rieurs. .[\/vc_column_text][vc_custom_heading text=\u00a0\u00bbVous a-t-on remis une prescription pour des bas ou des v\u00eatements de compression?\u00a0\u00bb use_theme_fonts=\u00a0\u00bbyes\u00a0\u00bb el_class=\u00a0\u00bbmosterratbold font20&Prime;][vc_column_text el_class=\u00a0\u00bbfont16&Prime;]Votre m\u00e9decin vous a peut-\u00eatre remis une prescription pour des bas ou des v\u00eatements de compression, \u00e0 la suite d&rsquo;une op\u00e9ration ou d&rsquo;un diagnostic de lymphoed\u00e8me, de varices ou d\u2019oed\u00e8me. Le magasin d\u2019Ottawa de Canada Care Medical est un magasin approuv\u00e9 par le PAAF (Programme d\u2019appareils et accessoires fonctionnels), ce qui lui permet de remplir les demandes de prescription et de communiquer directement avec le gouvernement concernant sa politique de remboursement qui couvre une partie significative de votre achat.[\/vc_column_text][vc_custom_heading text=\u00a0\u00bbDes ajusteurs de v\u00eatements de compressions certifi\u00e9s.\u00a0\u00bb use_theme_fonts=\u00a0\u00bbyes\u00a0\u00bb el_class=\u00a0\u00bbmosterratbold font20&Prime;][vc_column_text el_class=\u00a0\u00bbfont16&Prime;]Nous sommes fiers de pouvoir offrir \u00e0 notre client\u00e8le le savoir-faire d\u2019ajusteurs en v\u00eatements de compression certifi\u00e9s.<\/p>\n<p>Veuillez composer notre num\u00e9ro central et demandez le bureau des commandes pour v\u00e9rifier les stocks ou pour prendre rendez-vous avec un de nos ajusteurs en v\u00eatements compressifs. [\/vc_column_text][vc_custom_heading text=\u00a0\u00bbAvez-vous besoin d\u2019un v\u00eatement de compression fait sur mesure?\u00a0\u00bb use_theme_fonts=\u00a0\u00bbyes\u00a0\u00bb el_class=\u00a0\u00bbmosterratbold font20&Prime;][vc_column_text el_class=\u00a0\u00bbfont16&Prime;]Le magasin d\u2019Ottawa peut vous fournir des v\u00eatements compressifs con\u00e7us express\u00e9ment pour vous, quelle que soit la partie du corps vis\u00e9e. Un ajusteur de v\u00eatements de compression v\u00e9rifiera votre prescription, prendra vos mesures et commandera la pi\u00e8ce aupr\u00e8s du manufacturier. Les v\u00eatements de compressions fabriqu\u00e9s sur mesure sont \u00e9galement admissibles au programme PAAF (Programme d\u2019appareils et accessoires fonctionnels), qui couvre une partie significative de votre achat.[\/vc_column_text][\/vc_column][vc_column width=\u00a0\u00bb1\/5&Prime; el_class=\u00a0\u00bbpadding24xl\u00a0\u00bb][vc_column_text el_class=\u00a0\u00bbfont16 nomargintop\u00a0\u00bb]<span class=\"nowhitespace\"><strong>Appelez notre<\/strong><\/span><br \/>\n<span class=\"nowhitespace\"><strong>bureau des commandes au<\/strong><\/span><br \/>\n<strong><a class=\"nomargintop \" href=\"tel:6132341222\">(613) 234-1222\u00a0 <\/a><\/strong><br \/>\n<span class=\"nowhitespace\"><strong>ou venez nous<\/strong><\/span><strong><span class=\"nowhitespace\"> voir <a class=\"black\" href=\"#\">en magasin.<\/a><\/span><\/strong><\/p>\n<p><strong><a class=\"cliq\" href=\"mailto:tanyab@canadacaremedical.com\"><span class=\"nowhitespace\">Prenez un rendez-vous<\/span> <span class=\"nowhitespace\"> pour un essayage.<\/span><\/a><\/strong>[\/vc_column_text][\/vc_column][\/vc_row]<\/p>\n<\/div>","protected":false},"excerpt":{"rendered":"<p>[vc_row source=\u00a0\u00bb\u00a0\u00bb text=\u00a0\u00bbCANADA CARE MEDICAL\u00a0\u00bb font_container=\u00a0\u00bbtag:h1|text_align:left\u00a0\u00bb use_theme_fonts=\u00a0\u00bbyes\u00a0\u00bb google_fonts=\u00a0\u00bbfont_family:Abril%20Fatface%3Aregular|font_style:400%20regular%3A400%3Anormal\u00a0\u00bb el_class=\u00a0\u00bbfont25 mosterratbold\u00a0\u00bb link=\u00a0\u00bb\u00a0\u00bb][vc_column][dhvc_woo_product_page_breadcrumb el_class=\u00a0\u00bb\u00a0\u00bb][vc_custom_heading text=\u00a0\u00bbBAS ET V\u00caTEMENTS DE COMPRESSION\u00a0\u00bb font_container=\u00a0\u00bbtag:h1|text_align:left\u00a0\u00bb use_theme_fonts=\u00a0\u00bbyes\u00a0\u00bb el_class=\u00a0\u00bbfont25 mosterratbold padding25yt\u00a0\u00bb][\/vc_column][\/vc_row][vc_row el_class=\u00a0\u00bbpadding17yt\u00a0\u00bb][vc_column width=\u00a0\u00bb4\/5&Prime;][vc_single_image image=\u00a0\u00bb5105&Prime; img_size=\u00a0\u00bbfull\u00a0\u00bb el_class=\u00a0\u00bbfullwidthimg\u00a0\u00bb][vc_gallery type=\u00a0\u00bbimage_grid\u00a0\u00bb images=\u00a0\u00bb1180,1106,1108,1174,4380&Prime; img_size=\u00a0\u00bbfull\u00a0\u00bb onclick=\u00a0\u00bb\u00a0\u00bb el_class=\u00a0\u00bbpadding25yt\u00a0\u00bb][vc_column_text el_class=\u00a0\u00bbfont16 padding17yt\u00a0\u00bb]Les bas de compression sont extr\u00eamement utiles \u00e0 plusieurs titres. Vous souffrez peut-\u00eatre d\u2019enflure ou de mauvaise circulation, ou vous avez besoin [&hellip;]<\/p>\n","protected":false},"author":5,"featured_media":0,"parent":1183,"menu_order":0,"comment_status":"closed","ping_status":"closed","template":"","meta":{"footnotes":""},"tags":[],"class_list":["post-1199","page","type-page","status-publish","hentry"],"yoast_head":"<!-- This site is optimized with the Yoast SEO plugin v27.3 - https:\/\/yoast.com\/product\/yoast-seo-wordpress\/ -->\n<title>Vente de bas compression, prix de v\u00eatement de compression - CCMedical<\/title>\n<meta name=\"robots\" content=\"index, follow, max-snippet:-1, max-image-preview:large, max-video-preview:-1\" \/>\n<link rel=\"canonical\" href=\"https:\/\/canadacaremedical.com\/fr\/produits-medicaux\/bas-et-vetements-de-compression\/\" \/>\n<meta property=\"og:locale\" content=\"fr_FR\" \/>\n<meta property=\"og:type\" content=\"article\" \/>\n<meta property=\"og:title\" content=\"Vente de bas compression, prix de v\u00eatement de compression - CCMedical\" \/>\n<meta property=\"og:description\" content=\"[vc_row source=\u00a0\u00bb\u00a0\u00bb text=\u00a0\u00bbCANADA CARE MEDICAL\u00a0\u00bb font_container=\u00a0\u00bbtag:h1|text_align:left\u00a0\u00bb use_theme_fonts=\u00a0\u00bbyes\u00a0\u00bb google_fonts=\u00a0\u00bbfont_family:Abril%20Fatface%3Aregular|font_style:400%20regular%3A400%3Anormal\u00a0\u00bb el_class=\u00a0\u00bbfont25 mosterratbold\u00a0\u00bb link=\u00a0\u00bb\u00a0\u00bb][vc_column][dhvc_woo_product_page_breadcrumb el_class=\u00a0\u00bb\u00a0\u00bb][vc_custom_heading text=\u00a0\u00bbBAS ET V\u00caTEMENTS DE COMPRESSION\u00a0\u00bb font_container=\u00a0\u00bbtag:h1|text_align:left\u00a0\u00bb use_theme_fonts=\u00a0\u00bbyes\u00a0\u00bb el_class=\u00a0\u00bbfont25 mosterratbold padding25yt\u00a0\u00bb][\/vc_column][\/vc_row][vc_row el_class=\u00a0\u00bbpadding17yt\u00a0\u00bb][vc_column width=\u00a0\u00bb4\/5&Prime;][vc_single_image image=\u00a0\u00bb5105&Prime; img_size=\u00a0\u00bbfull\u00a0\u00bb el_class=\u00a0\u00bbfullwidthimg\u00a0\u00bb][vc_gallery type=\u00a0\u00bbimage_grid\u00a0\u00bb images=\u00a0\u00bb1180,1106,1108,1174,4380&Prime; img_size=\u00a0\u00bbfull\u00a0\u00bb onclick=\u00a0\u00bb\u00a0\u00bb el_class=\u00a0\u00bbpadding25yt\u00a0\u00bb][vc_column_text el_class=\u00a0\u00bbfont16 padding17yt\u00a0\u00bb]Les bas de compression sont extr\u00eamement utiles \u00e0 plusieurs titres. Vous souffrez peut-\u00eatre d\u2019enflure ou de mauvaise circulation, ou vous avez besoin [&hellip;]\" \/>\n<meta property=\"og:url\" content=\"https:\/\/canadacaremedical.com\/fr\/produits-medicaux\/bas-et-vetements-de-compression\/\" \/>\n<meta property=\"og:site_name\" content=\"Canada Care Medical\" \/>\n<meta property=\"article:modified_time\" content=\"2019-12-12T07:45:40+00:00\" \/>\n<meta name=\"twitter:card\" content=\"summary_large_image\" \/>\n<meta name=\"twitter:label1\" content=\"Dur\u00e9e de lecture estim\u00e9e\" \/>\n\t<meta name=\"twitter:data1\" content=\"3 minutes\" \/>\n<script type=\"application\/ld+json\" class=\"yoast-schema-graph\">{\"@context\":\"https:\\\/\\\/schema.org\",\"@graph\":[{\"@type\":\"WebPage\",\"@id\":\"https:\\\/\\\/canadacaremedical.com\\\/fr\\\/produits-medicaux\\\/bas-et-vetements-de-compression\\\/\",\"url\":\"https:\\\/\\\/canadacaremedical.com\\\/fr\\\/produits-medicaux\\\/bas-et-vetements-de-compression\\\/\",\"name\":\"Vente de bas compression, prix de v\u00eatement de compression - CCMedical\",\"isPartOf\":{\"@id\":\"https:\\\/\\\/canadacaremedical.com\\\/#website\"},\"datePublished\":\"2019-01-03T15:15:59+00:00\",\"dateModified\":\"2019-12-12T07:45:40+00:00\",\"breadcrumb\":{\"@id\":\"https:\\\/\\\/canadacaremedical.com\\\/fr\\\/produits-medicaux\\\/bas-et-vetements-de-compression\\\/#breadcrumb\"},\"inLanguage\":\"fr-FR\",\"potentialAction\":[{\"@type\":\"ReadAction\",\"target\":[\"https:\\\/\\\/canadacaremedical.com\\\/fr\\\/produits-medicaux\\\/bas-et-vetements-de-compression\\\/\"]}]},{\"@type\":\"BreadcrumbList\",\"@id\":\"https:\\\/\\\/canadacaremedical.com\\\/fr\\\/produits-medicaux\\\/bas-et-vetements-de-compression\\\/#breadcrumb\",\"itemListElement\":[{\"@type\":\"ListItem\",\"position\":1,\"name\":\"Home\",\"item\":\"https:\\\/\\\/canadacaremedical.com\\\/fr\\\/\"},{\"@type\":\"ListItem\",\"position\":2,\"name\":\"Produits m\u00e9dicaux\",\"item\":\"https:\\\/\\\/canadacaremedical.com\\\/fr\\\/produits-medicaux\\\/\"},{\"@type\":\"ListItem\",\"position\":3,\"name\":\"BAS ET V\u00caTEMENTS DE COMPRESSION\"}]},{\"@type\":\"WebSite\",\"@id\":\"https:\\\/\\\/canadacaremedical.com\\\/#website\",\"url\":\"https:\\\/\\\/canadacaremedical.com\\\/\",\"name\":\"Canada Care Medical\",\"description\":\"\",\"publisher\":{\"@id\":\"https:\\\/\\\/canadacaremedical.com\\\/#organization\"},\"potentialAction\":[{\"@type\":\"SearchAction\",\"target\":{\"@type\":\"EntryPoint\",\"urlTemplate\":\"https:\\\/\\\/canadacaremedical.com\\\/?s={search_term_string}\"},\"query-input\":{\"@type\":\"PropertyValueSpecification\",\"valueRequired\":true,\"valueName\":\"search_term_string\"}}],\"inLanguage\":\"fr-FR\"},{\"@type\":\"Organization\",\"@id\":\"https:\\\/\\\/canadacaremedical.com\\\/#organization\",\"name\":\"Canada Care Medical\",\"url\":\"https:\\\/\\\/canadacaremedical.com\\\/\",\"logo\":{\"@type\":\"ImageObject\",\"inLanguage\":\"fr-FR\",\"@id\":\"https:\\\/\\\/canadacaremedical.com\\\/#\\\/schema\\\/logo\\\/image\\\/\",\"url\":\"https:\\\/\\\/canadacaremedical.com\\\/wp-content\\\/uploads\\\/2022\\\/04\\\/cropped-CCM-an-NSM-company-website-vertical-no-50-1.png\",\"contentUrl\":\"https:\\\/\\\/canadacaremedical.com\\\/wp-content\\\/uploads\\\/2022\\\/04\\\/cropped-CCM-an-NSM-company-website-vertical-no-50-1.png\",\"width\":500,\"height\":181,\"caption\":\"Canada Care Medical\"},\"image\":{\"@id\":\"https:\\\/\\\/canadacaremedical.com\\\/#\\\/schema\\\/logo\\\/image\\\/\"}}]}<\/script>\n<!-- \/ Yoast SEO plugin. -->","yoast_head_json":{"title":"Vente de bas compression, prix de v\u00eatement de compression - CCMedical","robots":{"index":"index","follow":"follow","max-snippet":"max-snippet:-1","max-image-preview":"max-image-preview:large","max-video-preview":"max-video-preview:-1"},"canonical":"https:\/\/canadacaremedical.com\/fr\/produits-medicaux\/bas-et-vetements-de-compression\/","og_locale":"fr_FR","og_type":"article","og_title":"Vente de bas compression, prix de v\u00eatement de compression - CCMedical","og_description":"[vc_row source=\u00a0\u00bb\u00a0\u00bb text=\u00a0\u00bbCANADA CARE MEDICAL\u00a0\u00bb font_container=\u00a0\u00bbtag:h1|text_align:left\u00a0\u00bb use_theme_fonts=\u00a0\u00bbyes\u00a0\u00bb google_fonts=\u00a0\u00bbfont_family:Abril%20Fatface%3Aregular|font_style:400%20regular%3A400%3Anormal\u00a0\u00bb el_class=\u00a0\u00bbfont25 mosterratbold\u00a0\u00bb link=\u00a0\u00bb\u00a0\u00bb][vc_column][dhvc_woo_product_page_breadcrumb el_class=\u00a0\u00bb\u00a0\u00bb][vc_custom_heading text=\u00a0\u00bbBAS ET V\u00caTEMENTS DE COMPRESSION\u00a0\u00bb font_container=\u00a0\u00bbtag:h1|text_align:left\u00a0\u00bb use_theme_fonts=\u00a0\u00bbyes\u00a0\u00bb el_class=\u00a0\u00bbfont25 mosterratbold padding25yt\u00a0\u00bb][\/vc_column][\/vc_row][vc_row el_class=\u00a0\u00bbpadding17yt\u00a0\u00bb][vc_column width=\u00a0\u00bb4\/5&Prime;][vc_single_image image=\u00a0\u00bb5105&Prime; img_size=\u00a0\u00bbfull\u00a0\u00bb el_class=\u00a0\u00bbfullwidthimg\u00a0\u00bb][vc_gallery type=\u00a0\u00bbimage_grid\u00a0\u00bb images=\u00a0\u00bb1180,1106,1108,1174,4380&Prime; img_size=\u00a0\u00bbfull\u00a0\u00bb onclick=\u00a0\u00bb\u00a0\u00bb el_class=\u00a0\u00bbpadding25yt\u00a0\u00bb][vc_column_text el_class=\u00a0\u00bbfont16 padding17yt\u00a0\u00bb]Les bas de compression sont extr\u00eamement utiles \u00e0 plusieurs titres. Vous souffrez peut-\u00eatre d\u2019enflure ou de mauvaise circulation, ou vous avez besoin [&hellip;]","og_url":"https:\/\/canadacaremedical.com\/fr\/produits-medicaux\/bas-et-vetements-de-compression\/","og_site_name":"Canada Care Medical","article_modified_time":"2019-12-12T07:45:40+00:00","twitter_card":"summary_large_image","twitter_misc":{"Dur\u00e9e de lecture estim\u00e9e":"3 minutes"},"schema":{"@context":"https:\/\/schema.org","@graph":[{"@type":"WebPage","@id":"https:\/\/canadacaremedical.com\/fr\/produits-medicaux\/bas-et-vetements-de-compression\/","url":"https:\/\/canadacaremedical.com\/fr\/produits-medicaux\/bas-et-vetements-de-compression\/","name":"Vente de bas compression, prix de v\u00eatement de compression - CCMedical","isPartOf":{"@id":"https:\/\/canadacaremedical.com\/#website"},"datePublished":"2019-01-03T15:15:59+00:00","dateModified":"2019-12-12T07:45:40+00:00","breadcrumb":{"@id":"https:\/\/canadacaremedical.com\/fr\/produits-medicaux\/bas-et-vetements-de-compression\/#breadcrumb"},"inLanguage":"fr-FR","potentialAction":[{"@type":"ReadAction","target":["https:\/\/canadacaremedical.com\/fr\/produits-medicaux\/bas-et-vetements-de-compression\/"]}]},{"@type":"BreadcrumbList","@id":"https:\/\/canadacaremedical.com\/fr\/produits-medicaux\/bas-et-vetements-de-compression\/#breadcrumb","itemListElement":[{"@type":"ListItem","position":1,"name":"Home","item":"https:\/\/canadacaremedical.com\/fr\/"},{"@type":"ListItem","position":2,"name":"Produits m\u00e9dicaux","item":"https:\/\/canadacaremedical.com\/fr\/produits-medicaux\/"},{"@type":"ListItem","position":3,"name":"BAS ET V\u00caTEMENTS DE COMPRESSION"}]},{"@type":"WebSite","@id":"https:\/\/canadacaremedical.com\/#website","url":"https:\/\/canadacaremedical.com\/","name":"Canada Care Medical","description":"","publisher":{"@id":"https:\/\/canadacaremedical.com\/#organization"},"potentialAction":[{"@type":"SearchAction","target":{"@type":"EntryPoint","urlTemplate":"https:\/\/canadacaremedical.com\/?s={search_term_string}"},"query-input":{"@type":"PropertyValueSpecification","valueRequired":true,"valueName":"search_term_string"}}],"inLanguage":"fr-FR"},{"@type":"Organization","@id":"https:\/\/canadacaremedical.com\/#organization","name":"Canada Care Medical","url":"https:\/\/canadacaremedical.com\/","logo":{"@type":"ImageObject","inLanguage":"fr-FR","@id":"https:\/\/canadacaremedical.com\/#\/schema\/logo\/image\/","url":"https:\/\/canadacaremedical.com\/wp-content\/uploads\/2022\/04\/cropped-CCM-an-NSM-company-website-vertical-no-50-1.png","contentUrl":"https:\/\/canadacaremedical.com\/wp-content\/uploads\/2022\/04\/cropped-CCM-an-NSM-company-website-vertical-no-50-1.png","width":500,"height":181,"caption":"Canada Care Medical"},"image":{"@id":"https:\/\/canadacaremedical.com\/#\/schema\/logo\/image\/"}}]}},"jetpack_sharing_enabled":true,"_links":{"self":[{"href":"https:\/\/canadacaremedical.com\/fr\/wp-json\/wp\/v2\/pages\/1199","targetHints":{"allow":["GET"]}}],"collection":[{"href":"https:\/\/canadacaremedical.com\/fr\/wp-json\/wp\/v2\/pages"}],"about":[{"href":"https:\/\/canadacaremedical.com\/fr\/wp-json\/wp\/v2\/types\/page"}],"author":[{"embeddable":true,"href":"https:\/\/canadacaremedical.com\/fr\/wp-json\/wp\/v2\/users\/5"}],"replies":[{"embeddable":true,"href":"https:\/\/canadacaremedical.com\/fr\/wp-json\/wp\/v2\/comments?post=1199"}],"version-history":[{"count":19,"href":"https:\/\/canadacaremedical.com\/fr\/wp-json\/wp\/v2\/pages\/1199\/revisions"}],"predecessor-version":[{"id":6265,"href":"https:\/\/canadacaremedical.com\/fr\/wp-json\/wp\/v2\/pages\/1199\/revisions\/6265"}],"up":[{"embeddable":true,"href":"https:\/\/canadacaremedical.com\/fr\/wp-json\/wp\/v2\/pages\/1183"}],"wp:attachment":[{"href":"https:\/\/canadacaremedical.com\/fr\/wp-json\/wp\/v2\/media?parent=1199"}],"wp:term":[{"taxonomy":"post_tag","embeddable":true,"href":"https:\/\/canadacaremedical.com\/fr\/wp-json\/wp\/v2\/tags?post=1199"}],"curies":[{"name":"wp","href":"https:\/\/api.w.org\/{rel}","templated":true}]}}