{"id":1250,"date":"2019-01-04T10:31:22","date_gmt":"2019-01-04T10:31:22","guid":{"rendered":"\/?page_id=1250"},"modified":"2019-09-30T08:12:38","modified_gmt":"2019-09-30T08:12:38","slug":"produits-pour-la-stomie","status":"publish","type":"page","link":"https:\/\/canadacaremedical.com\/fr\/produits-medicaux\/produits-pour-la-stomie\/","title":{"rendered":"PRODUITS POUR LA STOMIE"},"content":{"rendered":"<div class=\"wpb-content-wrapper\"><p>[vc_row source=\u00a0\u00bb\u00a0\u00bb text=\u00a0\u00bbCANADA CARE MEDICAL\u00a0\u00bb font_container=\u00a0\u00bbtag:h1|text_align:left\u00a0\u00bb use_theme_fonts=\u00a0\u00bbyes\u00a0\u00bb google_fonts=\u00a0\u00bbfont_family:Abril%20Fatface%3Aregular|font_style:400%20regular%3A400%3Anormal\u00a0\u00bb el_class=\u00a0\u00bbfont25 mosterratbold\u00a0\u00bb link=\u00a0\u00bb\u00a0\u00bb][vc_column][dhvc_woo_product_page_breadcrumb el_class=\u00a0\u00bb\u00a0\u00bb][vc_custom_heading text=\u00a0\u00bbPRODUITS POUR LA STOMIE\u00a0\u00bb font_container=\u00a0\u00bbtag:h1|text_align:left\u00a0\u00bb use_theme_fonts=\u00a0\u00bbyes\u00a0\u00bb el_class=\u00a0\u00bbfont25 mosterratbold padding25yt\u00a0\u00bb][\/vc_column][\/vc_row][vc_row el_class=\u00a0\u00bbpadding17yt\u00a0\u00bb][vc_column width=\u00a0\u00bb4\/5&Prime;][vc_single_image image=\u00a0\u00bb5109&Prime; img_size=\u00a0\u00bbfull\u00a0\u00bb el_class=\u00a0\u00bbfullwidthimg\u00a0\u00bb][vc_custom_heading text=\u00a0\u00bbNOUS AVONS LES MEILLEURES MARQUES!\u00a0\u00bb use_theme_fonts=\u00a0\u00bbyes\u00a0\u00bb el_class=\u00a0\u00bbmosterratbold font20&Prime;][vc_row_inner el_class=\u00a0\u00bbpadding25yt\u00a0\u00bb][vc_column_inner width=\u00a0\u00bb1\/3&Prime;][vc_single_image image=\u00a0\u00bb1200&Prime; img_size=\u00a0\u00bbfull\u00a0\u00bb][\/vc_column_inner][vc_column_inner width=\u00a0\u00bb1\/3&Prime;][vc_single_image image=\u00a0\u00bb1202&Prime; img_size=\u00a0\u00bbfull\u00a0\u00bb][\/vc_column_inner][vc_column_inner width=\u00a0\u00bb1\/3&Prime;][vc_single_image image=\u00a0\u00bb1204&Prime; img_size=\u00a0\u00bbfull\u00a0\u00bb][\/vc_column_inner][\/vc_row_inner][vc_column_text el_class=\u00a0\u00bbfont16&Prime;]Canada Care Medical garde en stock des centaines de types et de marque de produits pour la stomie et les stomis\u00e9s. En fait, Canada Care Medical a d\u00e9marr\u00e9 ses activit\u00e9s en tant qu\u2019entreprise familiale d\u2019abord avec ces produits. Le fondateur de l\u2019entreprise cherchait ce dont il avait besoin, sans pouvoir trouver. 50 ans plus tard, Canada Care Medical est fier d\u2019offrir aux Canadiens et Canadiennes un vaste choix de tous les produits possible pour la stomie et l\u2019urostomie. Nous avons m\u00eame mis au point une ligne de produit sp\u00e9cifique s\u2019appelant StomaCare for Life que nous offrons toujours. Aujourd\u2019hui, cette marque florissante appartient \u00e0 une entreprise europ\u00e9enne.<\/p>\n<p>Si vous cherchez des barri\u00e8res cutan\u00e9es, du d\u00e9odorant, des lingettes, des liens ostomiques, de la pommade, un cul-de-sac ou autre accessoire, Canada Care Medical a tout ce qu\u2019il faut pour vous faciliter la vie.<\/p>\n<p>Si vous \u00eates stomis\u00e9 depuis peu, nous vous offrons les services d\u2019un th\u00e9rapeute certifi\u00e9 en ent\u00e9rostomie en magasin. Veuillez nous appeler au num\u00e9ro central et demandez un rendez-vous. Nous pouvons vous aider \u00e0 comprendre comment fonctionnent les produits pour votre nouvelle stomie.<\/p>\n<p><strong>Veuillez consulter le catalogue de produit sur cette page pour trouver un produit et appelez-nous pour la disponibilit\u00e9 des marchandises.<\/strong>[\/vc_column_text][vc_column_text el_class=\u00a0\u00bbfont16 padding36t\u00a0\u00bb][\/vc_column_text][\/vc_column][vc_column width=\u00a0\u00bb1\/5&Prime; el_class=\u00a0\u00bbpadding24xl\u00a0\u00bb][vc_column_text el_class=\u00a0\u00bbfont16 nomargintop\u00a0\u00bb]<span class=\"nowhitespace\"><strong>Appelez notre<\/strong><\/span><br \/>\n<span class=\"nowhitespace\"><strong>bureau des commandes au<\/strong><\/span><br \/>\n<strong><a class=\"nomargintop \" href=\"tel:6132341222\">(613) 234-1222\u00a0 <\/a>pour les prix<\/strong><br \/>\n<span class=\"nowhitespace\"><strong>ou venez nous<\/strong><\/span><strong><span class=\"nowhitespace\"> voir <a class=\"black\" href=\"#\">en magasin.<\/a><\/span><\/strong><\/p>\n<p class=\"nomargintop \"><strong><a class=\"black\" href=\"\/wp-content\/uploads\/2019\/02\/Web-Catalogue-Ostomy-2018-10-23-FINAL.pdf\" target=\"_blank\" rel=\"noopener\"><span class=\"nowhitespace\">Consultez notre catalogue\u00a0<\/span><br \/>\n<span class=\"nowhitespace\">de produits pour la stomie<\/span><\/a>.<\/strong><\/p>\n<p class=\"nomargintop\"><strong><a class=\"black\" href=\"mailto:blmeloche@canadacaremedical.com\"><br \/>\n<span class=\"nowhitespace\">Prenez un rendez-vous<\/span> avec notre stomath\u00e9rapeute.<\/a><\/strong><\/p>\n<p>[\/vc_column_text][\/vc_column][\/vc_row]<\/p>\n<\/div>","protected":false},"excerpt":{"rendered":"<p>[vc_row source=\u00a0\u00bb\u00a0\u00bb text=\u00a0\u00bbCANADA CARE MEDICAL\u00a0\u00bb font_container=\u00a0\u00bbtag:h1|text_align:left\u00a0\u00bb use_theme_fonts=\u00a0\u00bbyes\u00a0\u00bb google_fonts=\u00a0\u00bbfont_family:Abril%20Fatface%3Aregular|font_style:400%20regular%3A400%3Anormal\u00a0\u00bb el_class=\u00a0\u00bbfont25 mosterratbold\u00a0\u00bb link=\u00a0\u00bb\u00a0\u00bb][vc_column][dhvc_woo_product_page_breadcrumb el_class=\u00a0\u00bb\u00a0\u00bb][vc_custom_heading text=\u00a0\u00bbPRODUITS POUR LA STOMIE\u00a0\u00bb font_container=\u00a0\u00bbtag:h1|text_align:left\u00a0\u00bb use_theme_fonts=\u00a0\u00bbyes\u00a0\u00bb el_class=\u00a0\u00bbfont25 mosterratbold padding25yt\u00a0\u00bb][\/vc_column][\/vc_row][vc_row el_class=\u00a0\u00bbpadding17yt\u00a0\u00bb][vc_column width=\u00a0\u00bb4\/5&Prime;][vc_single_image image=\u00a0\u00bb5109&Prime; img_size=\u00a0\u00bbfull\u00a0\u00bb el_class=\u00a0\u00bbfullwidthimg\u00a0\u00bb][vc_custom_heading text=\u00a0\u00bbNOUS AVONS LES MEILLEURES MARQUES!\u00a0\u00bb use_theme_fonts=\u00a0\u00bbyes\u00a0\u00bb el_class=\u00a0\u00bbmosterratbold font20&Prime;][vc_row_inner el_class=\u00a0\u00bbpadding25yt\u00a0\u00bb][vc_column_inner width=\u00a0\u00bb1\/3&Prime;][vc_single_image image=\u00a0\u00bb1200&Prime; img_size=\u00a0\u00bbfull\u00a0\u00bb][\/vc_column_inner][vc_column_inner width=\u00a0\u00bb1\/3&Prime;][vc_single_image image=\u00a0\u00bb1202&Prime; img_size=\u00a0\u00bbfull\u00a0\u00bb][\/vc_column_inner][vc_column_inner width=\u00a0\u00bb1\/3&Prime;][vc_single_image image=\u00a0\u00bb1204&Prime; img_size=\u00a0\u00bbfull\u00a0\u00bb][\/vc_column_inner][\/vc_row_inner][vc_column_text el_class=\u00a0\u00bbfont16&Prime;]Canada Care Medical garde en stock des centaines de types et [&hellip;]<\/p>\n","protected":false},"author":5,"featured_media":0,"parent":1183,"menu_order":0,"comment_status":"closed","ping_status":"closed","template":"","meta":{"footnotes":""},"tags":[],"class_list":["post-1250","page","type-page","status-publish","hentry"],"yoast_head":"<!-- This site is optimized with the Yoast SEO plugin v27.3 - https:\/\/yoast.com\/product\/yoast-seo-wordpress\/ -->\n<title>Vente de produits pour la stomie - Canada Care Medical<\/title>\n<meta name=\"robots\" content=\"index, follow, max-snippet:-1, max-image-preview:large, max-video-preview:-1\" \/>\n<link rel=\"canonical\" href=\"https:\/\/canadacaremedical.com\/fr\/produits-medicaux\/produits-pour-la-stomie\/\" \/>\n<meta property=\"og:locale\" content=\"fr_FR\" \/>\n<meta property=\"og:type\" content=\"article\" \/>\n<meta property=\"og:title\" content=\"Vente de produits pour la stomie - Canada Care Medical\" \/>\n<meta property=\"og:description\" content=\"[vc_row source=\u00a0\u00bb\u00a0\u00bb text=\u00a0\u00bbCANADA CARE MEDICAL\u00a0\u00bb font_container=\u00a0\u00bbtag:h1|text_align:left\u00a0\u00bb use_theme_fonts=\u00a0\u00bbyes\u00a0\u00bb google_fonts=\u00a0\u00bbfont_family:Abril%20Fatface%3Aregular|font_style:400%20regular%3A400%3Anormal\u00a0\u00bb el_class=\u00a0\u00bbfont25 mosterratbold\u00a0\u00bb link=\u00a0\u00bb\u00a0\u00bb][vc_column][dhvc_woo_product_page_breadcrumb el_class=\u00a0\u00bb\u00a0\u00bb][vc_custom_heading text=\u00a0\u00bbPRODUITS POUR LA STOMIE\u00a0\u00bb font_container=\u00a0\u00bbtag:h1|text_align:left\u00a0\u00bb use_theme_fonts=\u00a0\u00bbyes\u00a0\u00bb el_class=\u00a0\u00bbfont25 mosterratbold padding25yt\u00a0\u00bb][\/vc_column][\/vc_row][vc_row el_class=\u00a0\u00bbpadding17yt\u00a0\u00bb][vc_column width=\u00a0\u00bb4\/5&Prime;][vc_single_image image=\u00a0\u00bb5109&Prime; img_size=\u00a0\u00bbfull\u00a0\u00bb el_class=\u00a0\u00bbfullwidthimg\u00a0\u00bb][vc_custom_heading text=\u00a0\u00bbNOUS AVONS LES MEILLEURES MARQUES!\u00a0\u00bb use_theme_fonts=\u00a0\u00bbyes\u00a0\u00bb el_class=\u00a0\u00bbmosterratbold font20&Prime;][vc_row_inner el_class=\u00a0\u00bbpadding25yt\u00a0\u00bb][vc_column_inner width=\u00a0\u00bb1\/3&Prime;][vc_single_image image=\u00a0\u00bb1200&Prime; img_size=\u00a0\u00bbfull\u00a0\u00bb][\/vc_column_inner][vc_column_inner width=\u00a0\u00bb1\/3&Prime;][vc_single_image image=\u00a0\u00bb1202&Prime; img_size=\u00a0\u00bbfull\u00a0\u00bb][\/vc_column_inner][vc_column_inner width=\u00a0\u00bb1\/3&Prime;][vc_single_image image=\u00a0\u00bb1204&Prime; img_size=\u00a0\u00bbfull\u00a0\u00bb][\/vc_column_inner][\/vc_row_inner][vc_column_text el_class=\u00a0\u00bbfont16&Prime;]Canada Care Medical garde en stock des centaines de types et [&hellip;]\" \/>\n<meta property=\"og:url\" content=\"https:\/\/canadacaremedical.com\/fr\/produits-medicaux\/produits-pour-la-stomie\/\" \/>\n<meta property=\"og:site_name\" content=\"Canada Care Medical\" \/>\n<meta property=\"article:modified_time\" content=\"2019-09-30T08:12:38+00:00\" \/>\n<meta name=\"twitter:card\" content=\"summary_large_image\" \/>\n<meta name=\"twitter:label1\" content=\"Dur\u00e9e de lecture estim\u00e9e\" \/>\n\t<meta name=\"twitter:data1\" content=\"2 minutes\" \/>\n<script type=\"application\/ld+json\" class=\"yoast-schema-graph\">{\"@context\":\"https:\\\/\\\/schema.org\",\"@graph\":[{\"@type\":\"WebPage\",\"@id\":\"https:\\\/\\\/canadacaremedical.com\\\/fr\\\/produits-medicaux\\\/produits-pour-la-stomie\\\/\",\"url\":\"https:\\\/\\\/canadacaremedical.com\\\/fr\\\/produits-medicaux\\\/produits-pour-la-stomie\\\/\",\"name\":\"Vente de produits pour la stomie - Canada Care Medical\",\"isPartOf\":{\"@id\":\"https:\\\/\\\/canadacaremedical.com\\\/#website\"},\"datePublished\":\"2019-01-04T10:31:22+00:00\",\"dateModified\":\"2019-09-30T08:12:38+00:00\",\"breadcrumb\":{\"@id\":\"https:\\\/\\\/canadacaremedical.com\\\/fr\\\/produits-medicaux\\\/produits-pour-la-stomie\\\/#breadcrumb\"},\"inLanguage\":\"fr-FR\",\"potentialAction\":[{\"@type\":\"ReadAction\",\"target\":[\"https:\\\/\\\/canadacaremedical.com\\\/fr\\\/produits-medicaux\\\/produits-pour-la-stomie\\\/\"]}]},{\"@type\":\"BreadcrumbList\",\"@id\":\"https:\\\/\\\/canadacaremedical.com\\\/fr\\\/produits-medicaux\\\/produits-pour-la-stomie\\\/#breadcrumb\",\"itemListElement\":[{\"@type\":\"ListItem\",\"position\":1,\"name\":\"Home\",\"item\":\"https:\\\/\\\/canadacaremedical.com\\\/fr\\\/\"},{\"@type\":\"ListItem\",\"position\":2,\"name\":\"Produits m\u00e9dicaux\",\"item\":\"https:\\\/\\\/canadacaremedical.com\\\/fr\\\/produits-medicaux\\\/\"},{\"@type\":\"ListItem\",\"position\":3,\"name\":\"PRODUITS POUR LA STOMIE\"}]},{\"@type\":\"WebSite\",\"@id\":\"https:\\\/\\\/canadacaremedical.com\\\/#website\",\"url\":\"https:\\\/\\\/canadacaremedical.com\\\/\",\"name\":\"Canada Care Medical\",\"description\":\"\",\"publisher\":{\"@id\":\"https:\\\/\\\/canadacaremedical.com\\\/#organization\"},\"potentialAction\":[{\"@type\":\"SearchAction\",\"target\":{\"@type\":\"EntryPoint\",\"urlTemplate\":\"https:\\\/\\\/canadacaremedical.com\\\/?s={search_term_string}\"},\"query-input\":{\"@type\":\"PropertyValueSpecification\",\"valueRequired\":true,\"valueName\":\"search_term_string\"}}],\"inLanguage\":\"fr-FR\"},{\"@type\":\"Organization\",\"@id\":\"https:\\\/\\\/canadacaremedical.com\\\/#organization\",\"name\":\"Canada Care Medical\",\"url\":\"https:\\\/\\\/canadacaremedical.com\\\/\",\"logo\":{\"@type\":\"ImageObject\",\"inLanguage\":\"fr-FR\",\"@id\":\"https:\\\/\\\/canadacaremedical.com\\\/#\\\/schema\\\/logo\\\/image\\\/\",\"url\":\"https:\\\/\\\/canadacaremedical.com\\\/wp-content\\\/uploads\\\/2022\\\/04\\\/cropped-CCM-an-NSM-company-website-vertical-no-50-1.png\",\"contentUrl\":\"https:\\\/\\\/canadacaremedical.com\\\/wp-content\\\/uploads\\\/2022\\\/04\\\/cropped-CCM-an-NSM-company-website-vertical-no-50-1.png\",\"width\":500,\"height\":181,\"caption\":\"Canada Care Medical\"},\"image\":{\"@id\":\"https:\\\/\\\/canadacaremedical.com\\\/#\\\/schema\\\/logo\\\/image\\\/\"}}]}<\/script>\n<!-- \/ Yoast SEO plugin. -->","yoast_head_json":{"title":"Vente de produits pour la stomie - Canada Care Medical","robots":{"index":"index","follow":"follow","max-snippet":"max-snippet:-1","max-image-preview":"max-image-preview:large","max-video-preview":"max-video-preview:-1"},"canonical":"https:\/\/canadacaremedical.com\/fr\/produits-medicaux\/produits-pour-la-stomie\/","og_locale":"fr_FR","og_type":"article","og_title":"Vente de produits pour la stomie - Canada Care Medical","og_description":"[vc_row source=\u00a0\u00bb\u00a0\u00bb text=\u00a0\u00bbCANADA CARE MEDICAL\u00a0\u00bb font_container=\u00a0\u00bbtag:h1|text_align:left\u00a0\u00bb use_theme_fonts=\u00a0\u00bbyes\u00a0\u00bb google_fonts=\u00a0\u00bbfont_family:Abril%20Fatface%3Aregular|font_style:400%20regular%3A400%3Anormal\u00a0\u00bb el_class=\u00a0\u00bbfont25 mosterratbold\u00a0\u00bb link=\u00a0\u00bb\u00a0\u00bb][vc_column][dhvc_woo_product_page_breadcrumb el_class=\u00a0\u00bb\u00a0\u00bb][vc_custom_heading text=\u00a0\u00bbPRODUITS POUR LA STOMIE\u00a0\u00bb font_container=\u00a0\u00bbtag:h1|text_align:left\u00a0\u00bb use_theme_fonts=\u00a0\u00bbyes\u00a0\u00bb el_class=\u00a0\u00bbfont25 mosterratbold padding25yt\u00a0\u00bb][\/vc_column][\/vc_row][vc_row el_class=\u00a0\u00bbpadding17yt\u00a0\u00bb][vc_column width=\u00a0\u00bb4\/5&Prime;][vc_single_image image=\u00a0\u00bb5109&Prime; img_size=\u00a0\u00bbfull\u00a0\u00bb el_class=\u00a0\u00bbfullwidthimg\u00a0\u00bb][vc_custom_heading text=\u00a0\u00bbNOUS AVONS LES MEILLEURES MARQUES!\u00a0\u00bb use_theme_fonts=\u00a0\u00bbyes\u00a0\u00bb el_class=\u00a0\u00bbmosterratbold font20&Prime;][vc_row_inner el_class=\u00a0\u00bbpadding25yt\u00a0\u00bb][vc_column_inner width=\u00a0\u00bb1\/3&Prime;][vc_single_image image=\u00a0\u00bb1200&Prime; img_size=\u00a0\u00bbfull\u00a0\u00bb][\/vc_column_inner][vc_column_inner width=\u00a0\u00bb1\/3&Prime;][vc_single_image image=\u00a0\u00bb1202&Prime; img_size=\u00a0\u00bbfull\u00a0\u00bb][\/vc_column_inner][vc_column_inner width=\u00a0\u00bb1\/3&Prime;][vc_single_image image=\u00a0\u00bb1204&Prime; img_size=\u00a0\u00bbfull\u00a0\u00bb][\/vc_column_inner][\/vc_row_inner][vc_column_text el_class=\u00a0\u00bbfont16&Prime;]Canada Care Medical garde en stock des centaines de types et [&hellip;]","og_url":"https:\/\/canadacaremedical.com\/fr\/produits-medicaux\/produits-pour-la-stomie\/","og_site_name":"Canada Care Medical","article_modified_time":"2019-09-30T08:12:38+00:00","twitter_card":"summary_large_image","twitter_misc":{"Dur\u00e9e de lecture estim\u00e9e":"2 minutes"},"schema":{"@context":"https:\/\/schema.org","@graph":[{"@type":"WebPage","@id":"https:\/\/canadacaremedical.com\/fr\/produits-medicaux\/produits-pour-la-stomie\/","url":"https:\/\/canadacaremedical.com\/fr\/produits-medicaux\/produits-pour-la-stomie\/","name":"Vente de produits pour la stomie - Canada Care Medical","isPartOf":{"@id":"https:\/\/canadacaremedical.com\/#website"},"datePublished":"2019-01-04T10:31:22+00:00","dateModified":"2019-09-30T08:12:38+00:00","breadcrumb":{"@id":"https:\/\/canadacaremedical.com\/fr\/produits-medicaux\/produits-pour-la-stomie\/#breadcrumb"},"inLanguage":"fr-FR","potentialAction":[{"@type":"ReadAction","target":["https:\/\/canadacaremedical.com\/fr\/produits-medicaux\/produits-pour-la-stomie\/"]}]},{"@type":"BreadcrumbList","@id":"https:\/\/canadacaremedical.com\/fr\/produits-medicaux\/produits-pour-la-stomie\/#breadcrumb","itemListElement":[{"@type":"ListItem","position":1,"name":"Home","item":"https:\/\/canadacaremedical.com\/fr\/"},{"@type":"ListItem","position":2,"name":"Produits m\u00e9dicaux","item":"https:\/\/canadacaremedical.com\/fr\/produits-medicaux\/"},{"@type":"ListItem","position":3,"name":"PRODUITS POUR LA STOMIE"}]},{"@type":"WebSite","@id":"https:\/\/canadacaremedical.com\/#website","url":"https:\/\/canadacaremedical.com\/","name":"Canada Care Medical","description":"","publisher":{"@id":"https:\/\/canadacaremedical.com\/#organization"},"potentialAction":[{"@type":"SearchAction","target":{"@type":"EntryPoint","urlTemplate":"https:\/\/canadacaremedical.com\/?s={search_term_string}"},"query-input":{"@type":"PropertyValueSpecification","valueRequired":true,"valueName":"search_term_string"}}],"inLanguage":"fr-FR"},{"@type":"Organization","@id":"https:\/\/canadacaremedical.com\/#organization","name":"Canada Care Medical","url":"https:\/\/canadacaremedical.com\/","logo":{"@type":"ImageObject","inLanguage":"fr-FR","@id":"https:\/\/canadacaremedical.com\/#\/schema\/logo\/image\/","url":"https:\/\/canadacaremedical.com\/wp-content\/uploads\/2022\/04\/cropped-CCM-an-NSM-company-website-vertical-no-50-1.png","contentUrl":"https:\/\/canadacaremedical.com\/wp-content\/uploads\/2022\/04\/cropped-CCM-an-NSM-company-website-vertical-no-50-1.png","width":500,"height":181,"caption":"Canada Care Medical"},"image":{"@id":"https:\/\/canadacaremedical.com\/#\/schema\/logo\/image\/"}}]}},"jetpack_sharing_enabled":true,"_links":{"self":[{"href":"https:\/\/canadacaremedical.com\/fr\/wp-json\/wp\/v2\/pages\/1250","targetHints":{"allow":["GET"]}}],"collection":[{"href":"https:\/\/canadacaremedical.com\/fr\/wp-json\/wp\/v2\/pages"}],"about":[{"href":"https:\/\/canadacaremedical.com\/fr\/wp-json\/wp\/v2\/types\/page"}],"author":[{"embeddable":true,"href":"https:\/\/canadacaremedical.com\/fr\/wp-json\/wp\/v2\/users\/5"}],"replies":[{"embeddable":true,"href":"https:\/\/canadacaremedical.com\/fr\/wp-json\/wp\/v2\/comments?post=1250"}],"version-history":[{"count":25,"href":"https:\/\/canadacaremedical.com\/fr\/wp-json\/wp\/v2\/pages\/1250\/revisions"}],"predecessor-version":[{"id":5992,"href":"https:\/\/canadacaremedical.com\/fr\/wp-json\/wp\/v2\/pages\/1250\/revisions\/5992"}],"up":[{"embeddable":true,"href":"https:\/\/canadacaremedical.com\/fr\/wp-json\/wp\/v2\/pages\/1183"}],"wp:attachment":[{"href":"https:\/\/canadacaremedical.com\/fr\/wp-json\/wp\/v2\/media?parent=1250"}],"wp:term":[{"taxonomy":"post_tag","embeddable":true,"href":"https:\/\/canadacaremedical.com\/fr\/wp-json\/wp\/v2\/tags?post=1250"}],"curies":[{"name":"wp","href":"https:\/\/api.w.org\/{rel}","templated":true}]}}