{"id":1289,"date":"2019-01-04T13:11:38","date_gmt":"2019-01-04T13:11:38","guid":{"rendered":"\/?page_id=1289"},"modified":"2019-09-30T08:11:49","modified_gmt":"2019-09-30T08:11:49","slug":"incontinence-catheters","status":"publish","type":"page","link":"https:\/\/canadacaremedical.com\/fr\/produits-medicaux\/incontinence-catheters\/","title":{"rendered":"INCONTINENCE &#038; CATH\u00c9TERS"},"content":{"rendered":"<div class=\"wpb-content-wrapper\"><p>[vc_row source=\u00a0\u00bb\u00a0\u00bb text=\u00a0\u00bbCANADA CARE MEDICAL\u00a0\u00bb font_container=\u00a0\u00bbtag:h1|text_align:left\u00a0\u00bb use_theme_fonts=\u00a0\u00bbyes\u00a0\u00bb google_fonts=\u00a0\u00bbfont_family:Abril%20Fatface%3Aregular|font_style:400%20regular%3A400%3Anormal\u00a0\u00bb el_class=\u00a0\u00bbfont25 mosterratbold\u00a0\u00bb link=\u00a0\u00bb\u00a0\u00bb][vc_column][dhvc_woo_product_page_breadcrumb el_class=\u00a0\u00bb\u00a0\u00bb][vc_custom_heading text=\u00a0\u00bbINCONTINENCE &amp; CATH\u00c9TERS\u00a0\u00bb font_container=\u00a0\u00bbtag:h1|text_align:left\u00a0\u00bb use_theme_fonts=\u00a0\u00bbyes\u00a0\u00bb el_class=\u00a0\u00bbfont25 mosterratbold padding25yt\u00a0\u00bb][\/vc_column][\/vc_row][vc_row el_class=\u00a0\u00bbpadding17yt\u00a0\u00bb][vc_column width=\u00a0\u00bb4\/5&Prime;][vc_single_image image=\u00a0\u00bb3035&Prime; img_size=\u00a0\u00bbfull\u00a0\u00bb el_class=\u00a0\u00bbfullwidthimg\u00a0\u00bb][vc_gallery type=\u00a0\u00bbimage_grid\u00a0\u00bb images=\u00a0\u00bb1262,1264,2236,2214,1260&Prime; img_size=\u00a0\u00bb185X70&Prime; onclick=\u00a0\u00bb\u00a0\u00bb el_class=\u00a0\u00bbpadding25yt logomligne\u00a0\u00bb][vc_column_text el_class=\u00a0\u00bbfont16&Prime;]Il existe beaucoup de produits m\u00e9dicaux sur le march\u00e9 qui peuvent vous aider \u00e0 circonscrire les effets de l\u2019incontinence. \u00c0 Canada Care Medical, nous avons en stock les meilleures marques et une grande vari\u00e9t\u00e9 de produits, car nous comprenons qu\u2019il est important de fournir des produits sp\u00e9cialis\u00e9s de confiance. Nous avons tous ce qu\u2019il faut pour g\u00e9rer l\u2019incontinence: cath\u00e9ters, adh\u00e9sifs, produits de soins de la peau, sacs de drainage, slips, v\u00eatements adapt\u00e9s, tampons absorbants et d\u00e9sinfectants.<\/p>\n<p>Veuillez consulter le catalogue de produits d\u2019incontinence qui se trouve sur cette page afin de rep\u00e9rer celui que vous recherchez.[\/vc_column_text][vc_custom_heading text=\u00a0\u00bbINCONTINENCE &amp; SOUS-V\u00caTEMENTS\u00a0\u00bb use_theme_fonts=\u00a0\u00bbyes\u00a0\u00bb el_class=\u00a0\u00bbmosterratbold font20&Prime;][vc_gallery type=\u00a0\u00bbimage_grid\u00a0\u00bb images=\u00a0\u00bb1268,2241,1270,2243,1274,2239&Prime; img_size=\u00a0\u00bb180*60&Prime; onclick=\u00a0\u00bb\u00a0\u00bb el_class=\u00a0\u00bbpadding25yt logomligne\u00a0\u00bb][vc_column_text el_class=\u00a0\u00bbfont16&Prime;]Les sous-v\u00eatements sp\u00e9cialis\u00e9s pour l\u2019incontinence existent dans toutes les tailles et toutes les formes. Il est important de choisir un produit qui est le plus adapt\u00e9 \u00e0 votre morphologie, mais aussi au type d\u2019incontinence que vous contr\u00f4lez. L\u2019\u00e9quipe de Canada Care Medical peut vous aider \u00e0 d\u00e9terminer le\/les meilleurs choix pour vous. N\u2019h\u00e9sitez pas \u00e0 nous le demander, on peut vous aider. Apr\u00e8s tout, nous sommes sp\u00e9cialistes en produits m\u00e9dicaux! On est l\u00e0 pour cela. Certaines des marques que nous tenons en stock figurent ci-haut. Si vous voulez voir plus d\u2019options, consultez le catalogue disponible sur cette page et appelez notre num\u00e9ro g\u00e9n\u00e9ral pour v\u00e9rifier la disponibilit\u00e9 des marchandises.[\/vc_column_text][\/vc_column][vc_column width=\u00a0\u00bb1\/5&Prime; el_class=\u00a0\u00bbpadding24xl\u00a0\u00bb][vc_column_text el_class=\u00a0\u00bbfont16 nomargintop\u00a0\u00bb]<strong><span class=\"nowhitespace\">Appelez notre<\/span><\/strong><br \/>\n<strong><span class=\"nowhitespace\">bureau des commandes au<\/span><\/strong><br \/>\n<strong><a class=\"nomargintop \" href=\"tel:6132341222\">(613) 234-1222\u00a0 <\/a><\/strong><br \/>\n<strong><span class=\"nowhitespace\">ou venez nous voir <\/span><a class=\"black\" href=\"#\"><span class=\"nowhitespace\">en magasin.<\/span><\/a><\/strong><\/p>\n<p class=\"nomargintop \"><a href=\"http:\/\/canadacaremedical.com\/wp-content\/uploads\/2019\/04\/Web-Catalogue-Continence-2018-10-26-FINAL.pdf\" target=\"_blank\" rel=\"noopener\"><strong><span class=\"nowhitespace\">Consultez notre catalogue<\/span><br \/>\n<span class=\"nowhitespace\"> de produits d&rsquo;incontinence<\/span><br \/>\n<span class=\"nowhitespace\"> et de cath\u00e9ters.<\/span><\/strong><\/a><\/p>\n<p>[\/vc_column_text][\/vc_column][\/vc_row]<\/p>\n<\/div>","protected":false},"excerpt":{"rendered":"<p>[vc_row source=\u00a0\u00bb\u00a0\u00bb text=\u00a0\u00bbCANADA CARE MEDICAL\u00a0\u00bb font_container=\u00a0\u00bbtag:h1|text_align:left\u00a0\u00bb use_theme_fonts=\u00a0\u00bbyes\u00a0\u00bb google_fonts=\u00a0\u00bbfont_family:Abril%20Fatface%3Aregular|font_style:400%20regular%3A400%3Anormal\u00a0\u00bb el_class=\u00a0\u00bbfont25 mosterratbold\u00a0\u00bb link=\u00a0\u00bb\u00a0\u00bb][vc_column][dhvc_woo_product_page_breadcrumb el_class=\u00a0\u00bb\u00a0\u00bb][vc_custom_heading text=\u00a0\u00bbINCONTINENCE &amp; CATH\u00c9TERS\u00a0\u00bb font_container=\u00a0\u00bbtag:h1|text_align:left\u00a0\u00bb use_theme_fonts=\u00a0\u00bbyes\u00a0\u00bb el_class=\u00a0\u00bbfont25 mosterratbold padding25yt\u00a0\u00bb][\/vc_column][\/vc_row][vc_row el_class=\u00a0\u00bbpadding17yt\u00a0\u00bb][vc_column width=\u00a0\u00bb4\/5&Prime;][vc_single_image image=\u00a0\u00bb3035&Prime; img_size=\u00a0\u00bbfull\u00a0\u00bb el_class=\u00a0\u00bbfullwidthimg\u00a0\u00bb][vc_gallery type=\u00a0\u00bbimage_grid\u00a0\u00bb images=\u00a0\u00bb1262,1264,2236,2214,1260&Prime; img_size=\u00a0\u00bb185X70&Prime; onclick=\u00a0\u00bb\u00a0\u00bb el_class=\u00a0\u00bbpadding25yt logomligne\u00a0\u00bb][vc_column_text el_class=\u00a0\u00bbfont16&Prime;]Il existe beaucoup de produits m\u00e9dicaux sur le march\u00e9 qui peuvent vous aider \u00e0 circonscrire les effets de l\u2019incontinence. \u00c0 Canada Care Medical, nous [&hellip;]<\/p>\n","protected":false},"author":5,"featured_media":0,"parent":1183,"menu_order":0,"comment_status":"closed","ping_status":"closed","template":"","meta":{"footnotes":""},"tags":[],"class_list":["post-1289","page","type-page","status-publish","hentry"],"yoast_head":"<!-- This site is optimized with the Yoast SEO plugin v27.3 - https:\/\/yoast.com\/product\/yoast-seo-wordpress\/ -->\n<title>Vente sous v\u00eatement incontinence adulte - Canada Care Medical<\/title>\n<meta name=\"robots\" content=\"index, follow, max-snippet:-1, max-image-preview:large, max-video-preview:-1\" \/>\n<link rel=\"canonical\" href=\"https:\/\/canadacaremedical.com\/fr\/produits-medicaux\/incontinence-catheters\/\" \/>\n<meta property=\"og:locale\" content=\"fr_FR\" \/>\n<meta property=\"og:type\" content=\"article\" \/>\n<meta property=\"og:title\" content=\"Vente sous v\u00eatement incontinence adulte - Canada Care Medical\" \/>\n<meta property=\"og:description\" content=\"[vc_row source=\u00a0\u00bb\u00a0\u00bb text=\u00a0\u00bbCANADA CARE MEDICAL\u00a0\u00bb font_container=\u00a0\u00bbtag:h1|text_align:left\u00a0\u00bb use_theme_fonts=\u00a0\u00bbyes\u00a0\u00bb google_fonts=\u00a0\u00bbfont_family:Abril%20Fatface%3Aregular|font_style:400%20regular%3A400%3Anormal\u00a0\u00bb el_class=\u00a0\u00bbfont25 mosterratbold\u00a0\u00bb link=\u00a0\u00bb\u00a0\u00bb][vc_column][dhvc_woo_product_page_breadcrumb el_class=\u00a0\u00bb\u00a0\u00bb][vc_custom_heading text=\u00a0\u00bbINCONTINENCE &amp; CATH\u00c9TERS\u00a0\u00bb font_container=\u00a0\u00bbtag:h1|text_align:left\u00a0\u00bb use_theme_fonts=\u00a0\u00bbyes\u00a0\u00bb el_class=\u00a0\u00bbfont25 mosterratbold padding25yt\u00a0\u00bb][\/vc_column][\/vc_row][vc_row el_class=\u00a0\u00bbpadding17yt\u00a0\u00bb][vc_column width=\u00a0\u00bb4\/5&Prime;][vc_single_image image=\u00a0\u00bb3035&Prime; img_size=\u00a0\u00bbfull\u00a0\u00bb el_class=\u00a0\u00bbfullwidthimg\u00a0\u00bb][vc_gallery type=\u00a0\u00bbimage_grid\u00a0\u00bb images=\u00a0\u00bb1262,1264,2236,2214,1260&Prime; img_size=\u00a0\u00bb185X70&Prime; onclick=\u00a0\u00bb\u00a0\u00bb el_class=\u00a0\u00bbpadding25yt logomligne\u00a0\u00bb][vc_column_text el_class=\u00a0\u00bbfont16&Prime;]Il existe beaucoup de produits m\u00e9dicaux sur le march\u00e9 qui peuvent vous aider \u00e0 circonscrire les effets de l\u2019incontinence. \u00c0 Canada Care Medical, nous [&hellip;]\" \/>\n<meta property=\"og:url\" content=\"https:\/\/canadacaremedical.com\/fr\/produits-medicaux\/incontinence-catheters\/\" \/>\n<meta property=\"og:site_name\" content=\"Canada Care Medical\" \/>\n<meta property=\"article:modified_time\" content=\"2019-09-30T08:11:49+00:00\" \/>\n<meta name=\"twitter:card\" content=\"summary_large_image\" \/>\n<meta name=\"twitter:label1\" content=\"Dur\u00e9e de lecture estim\u00e9e\" \/>\n\t<meta name=\"twitter:data1\" content=\"2 minutes\" \/>\n<script type=\"application\/ld+json\" class=\"yoast-schema-graph\">{\"@context\":\"https:\\\/\\\/schema.org\",\"@graph\":[{\"@type\":\"WebPage\",\"@id\":\"https:\\\/\\\/canadacaremedical.com\\\/fr\\\/produits-medicaux\\\/incontinence-catheters\\\/\",\"url\":\"https:\\\/\\\/canadacaremedical.com\\\/fr\\\/produits-medicaux\\\/incontinence-catheters\\\/\",\"name\":\"Vente sous v\u00eatement incontinence adulte - Canada Care Medical\",\"isPartOf\":{\"@id\":\"https:\\\/\\\/canadacaremedical.com\\\/#website\"},\"datePublished\":\"2019-01-04T13:11:38+00:00\",\"dateModified\":\"2019-09-30T08:11:49+00:00\",\"breadcrumb\":{\"@id\":\"https:\\\/\\\/canadacaremedical.com\\\/fr\\\/produits-medicaux\\\/incontinence-catheters\\\/#breadcrumb\"},\"inLanguage\":\"fr-FR\",\"potentialAction\":[{\"@type\":\"ReadAction\",\"target\":[\"https:\\\/\\\/canadacaremedical.com\\\/fr\\\/produits-medicaux\\\/incontinence-catheters\\\/\"]}]},{\"@type\":\"BreadcrumbList\",\"@id\":\"https:\\\/\\\/canadacaremedical.com\\\/fr\\\/produits-medicaux\\\/incontinence-catheters\\\/#breadcrumb\",\"itemListElement\":[{\"@type\":\"ListItem\",\"position\":1,\"name\":\"Home\",\"item\":\"https:\\\/\\\/canadacaremedical.com\\\/fr\\\/\"},{\"@type\":\"ListItem\",\"position\":2,\"name\":\"Produits m\u00e9dicaux\",\"item\":\"https:\\\/\\\/canadacaremedical.com\\\/fr\\\/produits-medicaux\\\/\"},{\"@type\":\"ListItem\",\"position\":3,\"name\":\"INCONTINENCE &#038; CATH\u00c9TERS\"}]},{\"@type\":\"WebSite\",\"@id\":\"https:\\\/\\\/canadacaremedical.com\\\/#website\",\"url\":\"https:\\\/\\\/canadacaremedical.com\\\/\",\"name\":\"Canada Care Medical\",\"description\":\"\",\"publisher\":{\"@id\":\"https:\\\/\\\/canadacaremedical.com\\\/#organization\"},\"potentialAction\":[{\"@type\":\"SearchAction\",\"target\":{\"@type\":\"EntryPoint\",\"urlTemplate\":\"https:\\\/\\\/canadacaremedical.com\\\/?s={search_term_string}\"},\"query-input\":{\"@type\":\"PropertyValueSpecification\",\"valueRequired\":true,\"valueName\":\"search_term_string\"}}],\"inLanguage\":\"fr-FR\"},{\"@type\":\"Organization\",\"@id\":\"https:\\\/\\\/canadacaremedical.com\\\/#organization\",\"name\":\"Canada Care Medical\",\"url\":\"https:\\\/\\\/canadacaremedical.com\\\/\",\"logo\":{\"@type\":\"ImageObject\",\"inLanguage\":\"fr-FR\",\"@id\":\"https:\\\/\\\/canadacaremedical.com\\\/#\\\/schema\\\/logo\\\/image\\\/\",\"url\":\"https:\\\/\\\/canadacaremedical.com\\\/wp-content\\\/uploads\\\/2022\\\/04\\\/cropped-CCM-an-NSM-company-website-vertical-no-50-1.png\",\"contentUrl\":\"https:\\\/\\\/canadacaremedical.com\\\/wp-content\\\/uploads\\\/2022\\\/04\\\/cropped-CCM-an-NSM-company-website-vertical-no-50-1.png\",\"width\":500,\"height\":181,\"caption\":\"Canada Care Medical\"},\"image\":{\"@id\":\"https:\\\/\\\/canadacaremedical.com\\\/#\\\/schema\\\/logo\\\/image\\\/\"}}]}<\/script>\n<!-- \/ Yoast SEO plugin. -->","yoast_head_json":{"title":"Vente sous v\u00eatement incontinence adulte - Canada Care Medical","robots":{"index":"index","follow":"follow","max-snippet":"max-snippet:-1","max-image-preview":"max-image-preview:large","max-video-preview":"max-video-preview:-1"},"canonical":"https:\/\/canadacaremedical.com\/fr\/produits-medicaux\/incontinence-catheters\/","og_locale":"fr_FR","og_type":"article","og_title":"Vente sous v\u00eatement incontinence adulte - Canada Care Medical","og_description":"[vc_row source=\u00a0\u00bb\u00a0\u00bb text=\u00a0\u00bbCANADA CARE MEDICAL\u00a0\u00bb font_container=\u00a0\u00bbtag:h1|text_align:left\u00a0\u00bb use_theme_fonts=\u00a0\u00bbyes\u00a0\u00bb google_fonts=\u00a0\u00bbfont_family:Abril%20Fatface%3Aregular|font_style:400%20regular%3A400%3Anormal\u00a0\u00bb el_class=\u00a0\u00bbfont25 mosterratbold\u00a0\u00bb link=\u00a0\u00bb\u00a0\u00bb][vc_column][dhvc_woo_product_page_breadcrumb el_class=\u00a0\u00bb\u00a0\u00bb][vc_custom_heading text=\u00a0\u00bbINCONTINENCE &amp; CATH\u00c9TERS\u00a0\u00bb font_container=\u00a0\u00bbtag:h1|text_align:left\u00a0\u00bb use_theme_fonts=\u00a0\u00bbyes\u00a0\u00bb el_class=\u00a0\u00bbfont25 mosterratbold padding25yt\u00a0\u00bb][\/vc_column][\/vc_row][vc_row el_class=\u00a0\u00bbpadding17yt\u00a0\u00bb][vc_column width=\u00a0\u00bb4\/5&Prime;][vc_single_image image=\u00a0\u00bb3035&Prime; img_size=\u00a0\u00bbfull\u00a0\u00bb el_class=\u00a0\u00bbfullwidthimg\u00a0\u00bb][vc_gallery type=\u00a0\u00bbimage_grid\u00a0\u00bb images=\u00a0\u00bb1262,1264,2236,2214,1260&Prime; img_size=\u00a0\u00bb185X70&Prime; onclick=\u00a0\u00bb\u00a0\u00bb el_class=\u00a0\u00bbpadding25yt logomligne\u00a0\u00bb][vc_column_text el_class=\u00a0\u00bbfont16&Prime;]Il existe beaucoup de produits m\u00e9dicaux sur le march\u00e9 qui peuvent vous aider \u00e0 circonscrire les effets de l\u2019incontinence. \u00c0 Canada Care Medical, nous [&hellip;]","og_url":"https:\/\/canadacaremedical.com\/fr\/produits-medicaux\/incontinence-catheters\/","og_site_name":"Canada Care Medical","article_modified_time":"2019-09-30T08:11:49+00:00","twitter_card":"summary_large_image","twitter_misc":{"Dur\u00e9e de lecture estim\u00e9e":"2 minutes"},"schema":{"@context":"https:\/\/schema.org","@graph":[{"@type":"WebPage","@id":"https:\/\/canadacaremedical.com\/fr\/produits-medicaux\/incontinence-catheters\/","url":"https:\/\/canadacaremedical.com\/fr\/produits-medicaux\/incontinence-catheters\/","name":"Vente sous v\u00eatement incontinence adulte - Canada Care Medical","isPartOf":{"@id":"https:\/\/canadacaremedical.com\/#website"},"datePublished":"2019-01-04T13:11:38+00:00","dateModified":"2019-09-30T08:11:49+00:00","breadcrumb":{"@id":"https:\/\/canadacaremedical.com\/fr\/produits-medicaux\/incontinence-catheters\/#breadcrumb"},"inLanguage":"fr-FR","potentialAction":[{"@type":"ReadAction","target":["https:\/\/canadacaremedical.com\/fr\/produits-medicaux\/incontinence-catheters\/"]}]},{"@type":"BreadcrumbList","@id":"https:\/\/canadacaremedical.com\/fr\/produits-medicaux\/incontinence-catheters\/#breadcrumb","itemListElement":[{"@type":"ListItem","position":1,"name":"Home","item":"https:\/\/canadacaremedical.com\/fr\/"},{"@type":"ListItem","position":2,"name":"Produits m\u00e9dicaux","item":"https:\/\/canadacaremedical.com\/fr\/produits-medicaux\/"},{"@type":"ListItem","position":3,"name":"INCONTINENCE &#038; CATH\u00c9TERS"}]},{"@type":"WebSite","@id":"https:\/\/canadacaremedical.com\/#website","url":"https:\/\/canadacaremedical.com\/","name":"Canada Care Medical","description":"","publisher":{"@id":"https:\/\/canadacaremedical.com\/#organization"},"potentialAction":[{"@type":"SearchAction","target":{"@type":"EntryPoint","urlTemplate":"https:\/\/canadacaremedical.com\/?s={search_term_string}"},"query-input":{"@type":"PropertyValueSpecification","valueRequired":true,"valueName":"search_term_string"}}],"inLanguage":"fr-FR"},{"@type":"Organization","@id":"https:\/\/canadacaremedical.com\/#organization","name":"Canada Care Medical","url":"https:\/\/canadacaremedical.com\/","logo":{"@type":"ImageObject","inLanguage":"fr-FR","@id":"https:\/\/canadacaremedical.com\/#\/schema\/logo\/image\/","url":"https:\/\/canadacaremedical.com\/wp-content\/uploads\/2022\/04\/cropped-CCM-an-NSM-company-website-vertical-no-50-1.png","contentUrl":"https:\/\/canadacaremedical.com\/wp-content\/uploads\/2022\/04\/cropped-CCM-an-NSM-company-website-vertical-no-50-1.png","width":500,"height":181,"caption":"Canada Care Medical"},"image":{"@id":"https:\/\/canadacaremedical.com\/#\/schema\/logo\/image\/"}}]}},"jetpack_sharing_enabled":true,"_links":{"self":[{"href":"https:\/\/canadacaremedical.com\/fr\/wp-json\/wp\/v2\/pages\/1289","targetHints":{"allow":["GET"]}}],"collection":[{"href":"https:\/\/canadacaremedical.com\/fr\/wp-json\/wp\/v2\/pages"}],"about":[{"href":"https:\/\/canadacaremedical.com\/fr\/wp-json\/wp\/v2\/types\/page"}],"author":[{"embeddable":true,"href":"https:\/\/canadacaremedical.com\/fr\/wp-json\/wp\/v2\/users\/5"}],"replies":[{"embeddable":true,"href":"https:\/\/canadacaremedical.com\/fr\/wp-json\/wp\/v2\/comments?post=1289"}],"version-history":[{"count":35,"href":"https:\/\/canadacaremedical.com\/fr\/wp-json\/wp\/v2\/pages\/1289\/revisions"}],"predecessor-version":[{"id":5939,"href":"https:\/\/canadacaremedical.com\/fr\/wp-json\/wp\/v2\/pages\/1289\/revisions\/5939"}],"up":[{"embeddable":true,"href":"https:\/\/canadacaremedical.com\/fr\/wp-json\/wp\/v2\/pages\/1183"}],"wp:attachment":[{"href":"https:\/\/canadacaremedical.com\/fr\/wp-json\/wp\/v2\/media?parent=1289"}],"wp:term":[{"taxonomy":"post_tag","embeddable":true,"href":"https:\/\/canadacaremedical.com\/fr\/wp-json\/wp\/v2\/tags?post=1289"}],"curies":[{"name":"wp","href":"https:\/\/api.w.org\/{rel}","templated":true}]}}