{"id":3137,"date":"2019-02-12T15:32:46","date_gmt":"2019-02-12T15:32:46","guid":{"rendered":"\/?page_id=3137"},"modified":"2020-02-26T18:43:30","modified_gmt":"2020-02-26T18:43:30","slug":"fauteuils-roulants","status":"publish","type":"page","link":"https:\/\/canadacaremedical.com\/fr\/location-dequipements-medicaux\/fauteuils-roulants\/","title":{"rendered":"FAUTEUILS ROULANTS"},"content":{"rendered":"<div class=\"wpb-content-wrapper\"><p>[vc_row source=\u00a0\u00bb\u00a0\u00bb text=\u00a0\u00bbCANADA CARE MEDICAL\u00a0\u00bb font_container=\u00a0\u00bbtag:h1|text_align:left\u00a0\u00bb use_theme_fonts=\u00a0\u00bbyes\u00a0\u00bb google_fonts=\u00a0\u00bbfont_family:Abril%20Fatface%3Aregular|font_style:400%20regular%3A400%3Anormal\u00a0\u00bb link=\u00a0\u00bb\u00a0\u00bb][vc_column][dhvc_woo_product_page_breadcrumb el_class=\u00a0\u00bb\u00a0\u00bb][vc_custom_heading text=\u00a0\u00bbFAUTEUILS ROULANTS EN LOCATIONS\u00a0\u00bb font_container=\u00a0\u00bbtag:h1|text_align:left\u00a0\u00bb use_theme_fonts=\u00a0\u00bbyes\u00a0\u00bb el_class=\u00a0\u00bbfont25 mosterratbold padding25yt\u00a0\u00bb][\/vc_column][\/vc_row][vc_row equal_height=\u00a0\u00bbyes\u00a0\u00bb el_class=\u00a0\u00bbpadding25yt\u00a0\u00bb][vc_column width=\u00a0\u00bb1\/3&Prime; el_class=\u00a0\u00bbpadding10xr\u00a0\u00bb][vc_single_image image=\u00a0\u00bb4889&Prime; img_size=\u00a0\u00bbfull\u00a0\u00bb onclick=\u00a0\u00bbcustom_link\u00a0\u00bb el_class=\u00a0\u00bbfullwidthimg photoborder\u00a0\u00bb link=\u00a0\u00bb\/fr\/location-dequipement-medical\/fauteuils-roulants\/fauteuil-roulant-bariatrique\/\u00a0\u00bb][vc_custom_heading text=\u00a0\u00bbFAUTEUIL ROULANT BARIATRIQUE\u00a0\u00bb use_theme_fonts=\u00a0\u00bbyes\u00a0\u00bb el_class=\u00a0\u00bbfont14 mosterratbold cliq\u00a0\u00bb link=\u00a0\u00bburl:%2Ffr%2Flocation-dequipement-medical%2Ffauteuils-roulants%2Ffauteuil-roulant-bariatrique%2F|||\u00a0\u00bb][\/vc_column][vc_column width=\u00a0\u00bb1\/3&Prime; el_class=\u00a0\u00bbpadding5xl padding5xr\u00a0\u00bb][vc_single_image image=\u00a0\u00bb3664&Prime; img_size=\u00a0\u00bbfull\u00a0\u00bb onclick=\u00a0\u00bbcustom_link\u00a0\u00bb el_class=\u00a0\u00bbfullwidthimg photoborder\u00a0\u00bb link=\u00a0\u00bb\/fr\/location-dequipement-medical\/fauteuils-roulants\/fauteuil-roulant-electrique\/\u00a0\u00bb][vc_custom_heading text=\u00a0\u00bbFAUTEUIL ROULANT \u00c9LECTRIQUE\u00a0\u00bb use_theme_fonts=\u00a0\u00bbyes\u00a0\u00bb el_class=\u00a0\u00bbfont14 mosterratbold cliq\u00a0\u00bb link=\u00a0\u00bburl:%2Ffr%2Flocation-dequipement-medical%2Ffauteuils-roulants%2Ffauteuil-roulant-electrique%2F|||\u00a0\u00bb][\/vc_column][vc_column width=\u00a0\u00bb1\/3&Prime; el_class=\u00a0\u00bbpadding10xl\u00a0\u00bb][vc_single_image image=\u00a0\u00bb3666&Prime; img_size=\u00a0\u00bbfull\u00a0\u00bb onclick=\u00a0\u00bbcustom_link\u00a0\u00bb el_class=\u00a0\u00bbfullwidthimg photoborder\u00a0\u00bb link=\u00a0\u00bb\/fr\/location-dequipement-medical\/fauteuils-roulants\/fauteuil-roulant-leger\/\u00a0\u00bb][vc_custom_heading text=\u00a0\u00bbFAUTEUIL ROULANT L\u00c9GER\u00a0\u00bb use_theme_fonts=\u00a0\u00bbyes\u00a0\u00bb el_class=\u00a0\u00bbfont14 mosterratbold cliq\u00a0\u00bb link=\u00a0\u00bburl:%2Ffr%2Flocation-dequipement-medical%2Ffauteuils-roulants%2Ffauteuil-roulant-leger%2F|||\u00a0\u00bb][\/vc_column][\/vc_row][vc_row equal_height=\u00a0\u00bbyes\u00a0\u00bb el_class=\u00a0\u00bbpadding17yt\u00a0\u00bb][vc_column width=\u00a0\u00bb1\/3&Prime; el_class=\u00a0\u00bbpadding10xr\u00a0\u00bb][vc_single_image image=\u00a0\u00bb5168&Prime; img_size=\u00a0\u00bbfull\u00a0\u00bb onclick=\u00a0\u00bbcustom_link\u00a0\u00bb el_class=\u00a0\u00bbfullwidthimg photoborder\u00a0\u00bb link=\u00a0\u00bb\/fr\/location-dequipement-medical\/fauteuils-roulants\/fauteuil-roulant-pour-enfant\/\u00a0\u00bb][vc_custom_heading text=\u00a0\u00bbFAUTEUIL ROULANT POUR ENFANT\u00a0\u00bb use_theme_fonts=\u00a0\u00bbyes\u00a0\u00bb el_class=\u00a0\u00bbfont14 mosterratbold cliq\u00a0\u00bb link=\u00a0\u00bburl:https%3A%2F%2Fcanadacaremedical.com%2Ffr%2Flocation-dequipements-medicaux%2Ffauteuils-roulants%2Ffauteuil-roulant-pour-enfants%2F|||\u00a0\u00bb][\/vc_column][vc_column width=\u00a0\u00bb1\/3&Prime; el_class=\u00a0\u00bbpadding5xl padding5xr\u00a0\u00bb][vc_single_image image=\u00a0\u00bb2898&Prime; img_size=\u00a0\u00bbfull\u00a0\u00bb onclick=\u00a0\u00bbcustom_link\u00a0\u00bb el_class=\u00a0\u00bbfullwidthimg photoborder\u00a0\u00bb link=\u00a0\u00bb\/fr\/location-dequipement-medical\/fauteuils-roulants\/le-fauteuil-roulant-standard\/\u00a0\u00bb][vc_custom_heading text=\u00a0\u00bbFAUTEUIL ROULANT STANDARD\u00a0\u00bb use_theme_fonts=\u00a0\u00bbyes\u00a0\u00bb el_class=\u00a0\u00bbfont14 mosterratbold cliq\u00a0\u00bb link=\u00a0\u00bburl:%2Ffr%2Flocation-dequipement-medical%2Ffauteuils-roulants%2Fle-fauteuil-roulant-standard%2F|||\u00a0\u00bb][\/vc_column][vc_column width=\u00a0\u00bb1\/3&Prime; el_class=\u00a0\u00bbpadding10xl\u00a0\u00bb][vc_single_image image=\u00a0\u00bb3840&Prime; img_size=\u00a0\u00bbfull\u00a0\u00bb onclick=\u00a0\u00bbcustom_link\u00a0\u00bb el_class=\u00a0\u00bbfullwidthimg photoborder\u00a0\u00bb link=\u00a0\u00bb\/fr\/location-dequipement-medical\/fauteuils-roulants\/fauteuil-roulant-de-transport\/\u00a0\u00bb][vc_custom_heading text=\u00a0\u00bbFAUTEUIL ROULANT DE TRANSPORT\u00a0\u00bb use_theme_fonts=\u00a0\u00bbyes\u00a0\u00bb el_class=\u00a0\u00bbfont14 mosterratbold cliq\u00a0\u00bb link=\u00a0\u00bburl:%2Ffr%2Flocation-dequipement-medical%2Ffauteuils-roulants%2Ffauteuil-roulant-de-transport%2F|||\u00a0\u00bb][\/vc_column][\/vc_row][vc_row][vc_column width=\u00a0\u00bb1\/3&Prime; el_class=\u00a0\u00bbpadding10xr\u00a0\u00bb][vc_single_image image=\u00a0\u00bb5187&Prime; img_size=\u00a0\u00bbfull\u00a0\u00bb onclick=\u00a0\u00bbcustom_link\u00a0\u00bb el_class=\u00a0\u00bbfullwidthimg photoborder\u00a0\u00bb link=\u00a0\u00bb\/fr\/location-dequipement-medical\/fauteuils-roulants\/fauteuil-roulant-pediatrique\/\u00a0\u00bb][vc_custom_heading text=\u00a0\u00bbFAUTEUIL ROULANT P\u00c9DIATRIQUE\u00a0\u00bb use_theme_fonts=\u00a0\u00bbyes\u00a0\u00bb el_class=\u00a0\u00bbfont14 mosterratbold cliq\u00a0\u00bb link=\u00a0\u00bburl:https%3A%2F%2Fcanadacaremedical.com%2Ffr%2Flocation-dequipements-medicaux%2Ffauteuils-roulants%2Ffauteuil-roulant-pediatrique-en-location%2F|||\u00a0\u00bb][\/vc_column][vc_column width=\u00a0\u00bb1\/3&Prime;][\/vc_column][vc_column width=\u00a0\u00bb1\/3&Prime;][\/vc_column][\/vc_row]<\/p>\n<\/div>","protected":false},"excerpt":{"rendered":"<p>[vc_row source=\u00a0\u00bb\u00a0\u00bb text=\u00a0\u00bbCANADA CARE MEDICAL\u00a0\u00bb font_container=\u00a0\u00bbtag:h1|text_align:left\u00a0\u00bb use_theme_fonts=\u00a0\u00bbyes\u00a0\u00bb google_fonts=\u00a0\u00bbfont_family:Abril%20Fatface%3Aregular|font_style:400%20regular%3A400%3Anormal\u00a0\u00bb link=\u00a0\u00bb\u00a0\u00bb][vc_column][dhvc_woo_product_page_breadcrumb el_class=\u00a0\u00bb\u00a0\u00bb][vc_custom_heading text=\u00a0\u00bbFAUTEUILS ROULANTS EN LOCATIONS\u00a0\u00bb font_container=\u00a0\u00bbtag:h1|text_align:left\u00a0\u00bb use_theme_fonts=\u00a0\u00bbyes\u00a0\u00bb el_class=\u00a0\u00bbfont25 mosterratbold padding25yt\u00a0\u00bb][\/vc_column][\/vc_row][vc_row equal_height=\u00a0\u00bbyes\u00a0\u00bb el_class=\u00a0\u00bbpadding25yt\u00a0\u00bb][vc_column width=\u00a0\u00bb1\/3&Prime; el_class=\u00a0\u00bbpadding10xr\u00a0\u00bb][vc_single_image image=\u00a0\u00bb4889&Prime; img_size=\u00a0\u00bbfull\u00a0\u00bb onclick=\u00a0\u00bbcustom_link\u00a0\u00bb el_class=\u00a0\u00bbfullwidthimg photoborder\u00a0\u00bb link=\u00a0\u00bb\/fr\/location-dequipement-medical\/fauteuils-roulants\/fauteuil-roulant-bariatrique\/\u00a0\u00bb][vc_custom_heading text=\u00a0\u00bbFAUTEUIL ROULANT BARIATRIQUE\u00a0\u00bb use_theme_fonts=\u00a0\u00bbyes\u00a0\u00bb el_class=\u00a0\u00bbfont14 mosterratbold cliq\u00a0\u00bb link=\u00a0\u00bburl:%2Ffr%2Flocation-dequipement-medical%2Ffauteuils-roulants%2Ffauteuil-roulant-bariatrique%2F|||\u00a0\u00bb][\/vc_column][vc_column width=\u00a0\u00bb1\/3&Prime; el_class=\u00a0\u00bbpadding5xl padding5xr\u00a0\u00bb][vc_single_image image=\u00a0\u00bb3664&Prime; img_size=\u00a0\u00bbfull\u00a0\u00bb onclick=\u00a0\u00bbcustom_link\u00a0\u00bb el_class=\u00a0\u00bbfullwidthimg photoborder\u00a0\u00bb link=\u00a0\u00bb\/fr\/location-dequipement-medical\/fauteuils-roulants\/fauteuil-roulant-electrique\/\u00a0\u00bb][vc_custom_heading text=\u00a0\u00bbFAUTEUIL ROULANT \u00c9LECTRIQUE\u00a0\u00bb use_theme_fonts=\u00a0\u00bbyes\u00a0\u00bb el_class=\u00a0\u00bbfont14 mosterratbold cliq\u00a0\u00bb link=\u00a0\u00bburl:%2Ffr%2Flocation-dequipement-medical%2Ffauteuils-roulants%2Ffauteuil-roulant-electrique%2F|||\u00a0\u00bb][\/vc_column][vc_column width=\u00a0\u00bb1\/3&Prime; [&hellip;]<\/p>\n","protected":false},"author":5,"featured_media":0,"parent":1187,"menu_order":0,"comment_status":"closed","ping_status":"closed","template":"","meta":{"footnotes":""},"tags":[],"class_list":["post-3137","page","type-page","status-publish","hentry"],"yoast_head":"<!-- This site is optimized with the Yoast SEO plugin v27.3 - https:\/\/yoast.com\/product\/yoast-seo-wordpress\/ -->\n<title>Fauteuils roulants en locations - Canada Care Medical<\/title>\n<meta name=\"description\" content=\"Canada Care Medical offre plusieurs types de fauteuils roulants en location. Une gamme compl\u00e8te de mod\u00e8les sont disponibles pour des dur\u00e9es vari\u00e9es.\" \/>\n<meta name=\"robots\" content=\"index, follow, max-snippet:-1, max-image-preview:large, max-video-preview:-1\" \/>\n<link rel=\"canonical\" href=\"https:\/\/canadacaremedical.com\/fr\/location-dequipements-medicaux\/fauteuils-roulants\/\" \/>\n<meta property=\"og:locale\" content=\"fr_FR\" \/>\n<meta property=\"og:type\" content=\"article\" \/>\n<meta property=\"og:title\" content=\"Fauteuils roulants en locations - Canada Care Medical\" \/>\n<meta property=\"og:description\" content=\"Canada Care Medical offre plusieurs types de fauteuils roulants en location. Une gamme compl\u00e8te de mod\u00e8les sont disponibles pour des dur\u00e9es vari\u00e9es.\" \/>\n<meta property=\"og:url\" content=\"https:\/\/canadacaremedical.com\/fr\/location-dequipements-medicaux\/fauteuils-roulants\/\" \/>\n<meta property=\"og:site_name\" content=\"Canada Care Medical\" \/>\n<meta property=\"article:modified_time\" content=\"2020-02-26T18:43:30+00:00\" \/>\n<meta name=\"twitter:card\" content=\"summary_large_image\" \/>\n<meta name=\"twitter:label1\" content=\"Dur\u00e9e de lecture estim\u00e9e\" \/>\n\t<meta name=\"twitter:data1\" content=\"2 minutes\" \/>\n<script type=\"application\/ld+json\" class=\"yoast-schema-graph\">{\"@context\":\"https:\\\/\\\/schema.org\",\"@graph\":[{\"@type\":\"WebPage\",\"@id\":\"https:\\\/\\\/canadacaremedical.com\\\/fr\\\/location-dequipements-medicaux\\\/fauteuils-roulants\\\/\",\"url\":\"https:\\\/\\\/canadacaremedical.com\\\/fr\\\/location-dequipements-medicaux\\\/fauteuils-roulants\\\/\",\"name\":\"Fauteuils roulants en locations - Canada Care Medical\",\"isPartOf\":{\"@id\":\"https:\\\/\\\/canadacaremedical.com\\\/#website\"},\"datePublished\":\"2019-02-12T15:32:46+00:00\",\"dateModified\":\"2020-02-26T18:43:30+00:00\",\"description\":\"Canada Care Medical offre plusieurs types de fauteuils roulants en location. Une gamme compl\u00e8te de mod\u00e8les sont disponibles pour des dur\u00e9es vari\u00e9es.\",\"breadcrumb\":{\"@id\":\"https:\\\/\\\/canadacaremedical.com\\\/fr\\\/location-dequipements-medicaux\\\/fauteuils-roulants\\\/#breadcrumb\"},\"inLanguage\":\"fr-FR\",\"potentialAction\":[{\"@type\":\"ReadAction\",\"target\":[\"https:\\\/\\\/canadacaremedical.com\\\/fr\\\/location-dequipements-medicaux\\\/fauteuils-roulants\\\/\"]}]},{\"@type\":\"BreadcrumbList\",\"@id\":\"https:\\\/\\\/canadacaremedical.com\\\/fr\\\/location-dequipements-medicaux\\\/fauteuils-roulants\\\/#breadcrumb\",\"itemListElement\":[{\"@type\":\"ListItem\",\"position\":1,\"name\":\"Home\",\"item\":\"https:\\\/\\\/canadacaremedical.com\\\/fr\\\/\"},{\"@type\":\"ListItem\",\"position\":2,\"name\":\"LOCATION D&rsquo;\u00c9QUIPEMENTS M\u00c9DICAUX\",\"item\":\"https:\\\/\\\/canadacaremedical.com\\\/fr\\\/location-dequipements-medicaux\\\/\"},{\"@type\":\"ListItem\",\"position\":3,\"name\":\"FAUTEUILS ROULANTS\"}]},{\"@type\":\"WebSite\",\"@id\":\"https:\\\/\\\/canadacaremedical.com\\\/#website\",\"url\":\"https:\\\/\\\/canadacaremedical.com\\\/\",\"name\":\"Canada Care Medical\",\"description\":\"\",\"publisher\":{\"@id\":\"https:\\\/\\\/canadacaremedical.com\\\/#organization\"},\"potentialAction\":[{\"@type\":\"SearchAction\",\"target\":{\"@type\":\"EntryPoint\",\"urlTemplate\":\"https:\\\/\\\/canadacaremedical.com\\\/?s={search_term_string}\"},\"query-input\":{\"@type\":\"PropertyValueSpecification\",\"valueRequired\":true,\"valueName\":\"search_term_string\"}}],\"inLanguage\":\"fr-FR\"},{\"@type\":\"Organization\",\"@id\":\"https:\\\/\\\/canadacaremedical.com\\\/#organization\",\"name\":\"Canada Care Medical\",\"url\":\"https:\\\/\\\/canadacaremedical.com\\\/\",\"logo\":{\"@type\":\"ImageObject\",\"inLanguage\":\"fr-FR\",\"@id\":\"https:\\\/\\\/canadacaremedical.com\\\/#\\\/schema\\\/logo\\\/image\\\/\",\"url\":\"https:\\\/\\\/canadacaremedical.com\\\/wp-content\\\/uploads\\\/2022\\\/04\\\/cropped-CCM-an-NSM-company-website-vertical-no-50-1.png\",\"contentUrl\":\"https:\\\/\\\/canadacaremedical.com\\\/wp-content\\\/uploads\\\/2022\\\/04\\\/cropped-CCM-an-NSM-company-website-vertical-no-50-1.png\",\"width\":500,\"height\":181,\"caption\":\"Canada Care Medical\"},\"image\":{\"@id\":\"https:\\\/\\\/canadacaremedical.com\\\/#\\\/schema\\\/logo\\\/image\\\/\"}}]}<\/script>\n<!-- \/ Yoast SEO plugin. -->","yoast_head_json":{"title":"Fauteuils roulants en locations - Canada Care Medical","description":"Canada Care Medical offre plusieurs types de fauteuils roulants en location. Une gamme compl\u00e8te de mod\u00e8les sont disponibles pour des dur\u00e9es vari\u00e9es.","robots":{"index":"index","follow":"follow","max-snippet":"max-snippet:-1","max-image-preview":"max-image-preview:large","max-video-preview":"max-video-preview:-1"},"canonical":"https:\/\/canadacaremedical.com\/fr\/location-dequipements-medicaux\/fauteuils-roulants\/","og_locale":"fr_FR","og_type":"article","og_title":"Fauteuils roulants en locations - Canada Care Medical","og_description":"Canada Care Medical offre plusieurs types de fauteuils roulants en location. Une gamme compl\u00e8te de mod\u00e8les sont disponibles pour des dur\u00e9es vari\u00e9es.","og_url":"https:\/\/canadacaremedical.com\/fr\/location-dequipements-medicaux\/fauteuils-roulants\/","og_site_name":"Canada Care Medical","article_modified_time":"2020-02-26T18:43:30+00:00","twitter_card":"summary_large_image","twitter_misc":{"Dur\u00e9e de lecture estim\u00e9e":"2 minutes"},"schema":{"@context":"https:\/\/schema.org","@graph":[{"@type":"WebPage","@id":"https:\/\/canadacaremedical.com\/fr\/location-dequipements-medicaux\/fauteuils-roulants\/","url":"https:\/\/canadacaremedical.com\/fr\/location-dequipements-medicaux\/fauteuils-roulants\/","name":"Fauteuils roulants en locations - Canada Care Medical","isPartOf":{"@id":"https:\/\/canadacaremedical.com\/#website"},"datePublished":"2019-02-12T15:32:46+00:00","dateModified":"2020-02-26T18:43:30+00:00","description":"Canada Care Medical offre plusieurs types de fauteuils roulants en location. Une gamme compl\u00e8te de mod\u00e8les sont disponibles pour des dur\u00e9es vari\u00e9es.","breadcrumb":{"@id":"https:\/\/canadacaremedical.com\/fr\/location-dequipements-medicaux\/fauteuils-roulants\/#breadcrumb"},"inLanguage":"fr-FR","potentialAction":[{"@type":"ReadAction","target":["https:\/\/canadacaremedical.com\/fr\/location-dequipements-medicaux\/fauteuils-roulants\/"]}]},{"@type":"BreadcrumbList","@id":"https:\/\/canadacaremedical.com\/fr\/location-dequipements-medicaux\/fauteuils-roulants\/#breadcrumb","itemListElement":[{"@type":"ListItem","position":1,"name":"Home","item":"https:\/\/canadacaremedical.com\/fr\/"},{"@type":"ListItem","position":2,"name":"LOCATION D&rsquo;\u00c9QUIPEMENTS M\u00c9DICAUX","item":"https:\/\/canadacaremedical.com\/fr\/location-dequipements-medicaux\/"},{"@type":"ListItem","position":3,"name":"FAUTEUILS ROULANTS"}]},{"@type":"WebSite","@id":"https:\/\/canadacaremedical.com\/#website","url":"https:\/\/canadacaremedical.com\/","name":"Canada Care Medical","description":"","publisher":{"@id":"https:\/\/canadacaremedical.com\/#organization"},"potentialAction":[{"@type":"SearchAction","target":{"@type":"EntryPoint","urlTemplate":"https:\/\/canadacaremedical.com\/?s={search_term_string}"},"query-input":{"@type":"PropertyValueSpecification","valueRequired":true,"valueName":"search_term_string"}}],"inLanguage":"fr-FR"},{"@type":"Organization","@id":"https:\/\/canadacaremedical.com\/#organization","name":"Canada Care Medical","url":"https:\/\/canadacaremedical.com\/","logo":{"@type":"ImageObject","inLanguage":"fr-FR","@id":"https:\/\/canadacaremedical.com\/#\/schema\/logo\/image\/","url":"https:\/\/canadacaremedical.com\/wp-content\/uploads\/2022\/04\/cropped-CCM-an-NSM-company-website-vertical-no-50-1.png","contentUrl":"https:\/\/canadacaremedical.com\/wp-content\/uploads\/2022\/04\/cropped-CCM-an-NSM-company-website-vertical-no-50-1.png","width":500,"height":181,"caption":"Canada Care Medical"},"image":{"@id":"https:\/\/canadacaremedical.com\/#\/schema\/logo\/image\/"}}]}},"jetpack_sharing_enabled":true,"_links":{"self":[{"href":"https:\/\/canadacaremedical.com\/fr\/wp-json\/wp\/v2\/pages\/3137","targetHints":{"allow":["GET"]}}],"collection":[{"href":"https:\/\/canadacaremedical.com\/fr\/wp-json\/wp\/v2\/pages"}],"about":[{"href":"https:\/\/canadacaremedical.com\/fr\/wp-json\/wp\/v2\/types\/page"}],"author":[{"embeddable":true,"href":"https:\/\/canadacaremedical.com\/fr\/wp-json\/wp\/v2\/users\/5"}],"replies":[{"embeddable":true,"href":"https:\/\/canadacaremedical.com\/fr\/wp-json\/wp\/v2\/comments?post=3137"}],"version-history":[{"count":31,"href":"https:\/\/canadacaremedical.com\/fr\/wp-json\/wp\/v2\/pages\/3137\/revisions"}],"predecessor-version":[{"id":6506,"href":"https:\/\/canadacaremedical.com\/fr\/wp-json\/wp\/v2\/pages\/3137\/revisions\/6506"}],"up":[{"embeddable":true,"href":"https:\/\/canadacaremedical.com\/fr\/wp-json\/wp\/v2\/pages\/1187"}],"wp:attachment":[{"href":"https:\/\/canadacaremedical.com\/fr\/wp-json\/wp\/v2\/media?parent=3137"}],"wp:term":[{"taxonomy":"post_tag","embeddable":true,"href":"https:\/\/canadacaremedical.com\/fr\/wp-json\/wp\/v2\/tags?post=3137"}],"curies":[{"name":"wp","href":"https:\/\/api.w.org\/{rel}","templated":true}]}}