{"id":3139,"date":"2019-02-12T15:37:12","date_gmt":"2019-02-12T15:37:12","guid":{"rendered":"\/?page_id=3139"},"modified":"2021-03-17T15:14:01","modified_gmt":"2021-03-17T15:14:01","slug":"fauteuil-roulant-electrique","status":"publish","type":"page","link":"https:\/\/canadacaremedical.com\/fr\/location-dequipements-medicaux\/fauteuils-roulants\/fauteuil-roulant-electrique\/","title":{"rendered":"FAUTEUIL ROULANT \u00c9LECTRIQUE"},"content":{"rendered":"<div class=\"wpb-content-wrapper\"><p>[vc_row source=\u00a0\u00bb\u00a0\u00bb text=\u00a0\u00bbCANADA CARE MEDICAL\u00a0\u00bb font_container=\u00a0\u00bbtag:h1|text_align:left\u00a0\u00bb use_theme_fonts=\u00a0\u00bbyes\u00a0\u00bb google_fonts=\u00a0\u00bbfont_family:Abril%20Fatface%3Aregular|font_style:400%20regular%3A400%3Anormal\u00a0\u00bb el_class=\u00a0\u00bbfont25 mosterratbold\u00a0\u00bb link=\u00a0\u00bb\u00a0\u00bb][vc_column][dhvc_woo_product_page_breadcrumb el_class=\u00a0\u00bb\u00a0\u00bb][vc_custom_heading text=\u00a0\u00bbFAUTEUIL ROULANT \u00c9LECTRIQUE EN LOCATION\u00a0\u00bb font_container=\u00a0\u00bbtag:h1|text_align:left\u00a0\u00bb use_theme_fonts=\u00a0\u00bbyes\u00a0\u00bb el_class=\u00a0\u00bbfont25 mosterratbold padding25yt\u00a0\u00bb][\/vc_column][\/vc_row][vc_row el_class=\u00a0\u00bbpadding36t\u00a0\u00bb][vc_column width=\u00a0\u00bb3\/4&Prime;][vc_row_inner][vc_column_inner el_class=\u00a0\u00bbpadding10xr\u00a0\u00bb width=\u00a0\u00bb7\/12&Prime;][vc_single_image image=\u00a0\u00bb3664&Prime; img_size=\u00a0\u00bbfull\u00a0\u00bb el_class=\u00a0\u00bbfullwidthimg photoborder\u00a0\u00bb][vc_column_text el_class=\u00a0\u00bbmosterratitalic font14&Prime;]Le mod\u00e8le de fauteuil roulant \u00e9lectrique sur la photo est le Sunrise Xperience.[\/vc_column_text][\/vc_column_inner][vc_column_inner el_class=\u00a0\u00bbpadding5xl padding5xr\u00a0\u00bb width=\u00a0\u00bb5\/12&Prime;][vc_column_text el_class=\u00a0\u00bbfont16 nomargintop\u00a0\u00bb]<\/p>\n<h2 class=\"nomargintop\"><strong>Un fauteuil roulant \u00e9lectrique fabriqu\u00e9 au Canada. <\/strong><\/h2>\n<p>Le Sunrise Xperience est un fauteuil roulant \u00e0 roue de stabilisation qui procure une stabilit\u00e9 optimale et r\u00e9duit les vibrations de mani\u00e8re \u00e0 ce qu\u2019elles ne soient pas absorb\u00e9es par le si\u00e8ge ou l\u2019utilisateur. La suspension distribue le poids de fa\u00e7on \u00e9gale.[\/vc_column_text][\/vc_column_inner][\/vc_row_inner][vc_column_text el_class=\u00a0\u00bbfont16 padding17yt\u00a0\u00bb]Con\u00e7u pour ceux dont la capacit\u00e9 manuelle est r\u00e9duite ou dont la force du torse est diminu\u00e9e. Si c\u2019est votre cas, ce mod\u00e8le en location pourrait \u00eatre la solution pour vous.[\/vc_column_text][vc_custom_heading text=\u00a0\u00bbCE QU\u2019IL FAUT SAVOIR\u00a0\u00bb font_container=\u00a0\u00bbtag:p|text_align:left\u00a0\u00bb use_theme_fonts=\u00a0\u00bbyes\u00a0\u00bb el_class=\u00a0\u00bbmosterratbold font20&Prime;][vc_column_text el_class=\u00a0\u00bbfont16&Prime;]<\/p>\n<ul>\n<li>Canada Care Medical est l\u00e0 pour vous aider si vous avez besoin d\u2019un \u00e9quipement m\u00e9dical de fa\u00e7on temporaire. Appelez-nous ou venez nous voir en magasin pour r\u00e9server le produit qui vous convient.<\/li>\n<li>Vous pouvez louer un article pour une ou plusieurs semaines, ou le louer sur une base mensuelle.<\/li>\n<li>Nous louons les fauteuils roulants \u00e9lectriques et les d\u00e9sinfectons entre chaque utilisateur.<\/li>\n<li>Une fois que vous avez termin\u00e9 votre utilisation, nous pouvons ramasser l&rsquo;\u00e9quipement \u00e0 votre demeure si vous le d\u00e9sirez, moyennant des frais de ramassage raisonnables.<\/li>\n<li><\/li>\n<\/ul>\n<p>[\/vc_column_text][vc_custom_heading text=\u00a0\u00bbDES FAUTEUILS ROULANTS NEUFS EN ACHAT\u00a0\u00bb font_container=\u00a0\u00bbtag:p|text_align:left\u00a0\u00bb use_theme_fonts=\u00a0\u00bbyes\u00a0\u00bb el_class=\u00a0\u00bbmosterratbold font20&Prime;][vc_column_text el_class=\u00a0\u00bbfont16&Prime;]<\/p>\n<ul>\n<li>Beaucoup de nos clients finissent par vouloir garder leur fauteuil roulant en location pour s\u2019en servir \u00e0 long terme, car il leur facilite la vie. Il est possible pour vous d\u2019acheter votre produit en location, ou d\u2019en acheter un neuf. Contactez-nous pour plus d&rsquo;informations et pour la disponibilit\u00e9 des produits.<\/li>\n<li>Veuillez aussi consulter notre section de produits sous\u00a0:<a href=\"#\"> Produits de mobilit\u00e9<\/a> afin de trouver d\u2019autres produits de mobilit\u00e9.<\/li>\n<li>Veuillez noter que nous offrons beaucoup plus de mod\u00e8les en salle d\u2019exposition.<\/li>\n<\/ul>\n<p>[\/vc_column_text][\/vc_column][vc_column width=\u00a0\u00bb1\/4&Prime; el_class=\u00a0\u00bbpadding24xl\u00a0\u00bb][vc_column_text el_class=\u00a0\u00bbfont16 nomargintop\u00a0\u00bb]<\/p>\n<p class=\"nomargintop\"><strong>Composez le<\/strong><br \/>\n<strong><a href=\"tel:6132341222\">(613) 234-1222<\/a>,<\/strong><br \/>\n<strong>pour la location,<\/strong><br \/>\n<strong>ou venez rencontrer nos sp\u00e9cialistes <a href=\"\/fr\/nous-joindre\/\">en magasin<\/a>.<\/strong><\/p>\n<p>[\/vc_column_text][\/vc_column][\/vc_row]<\/p>\n<\/div>","protected":false},"excerpt":{"rendered":"<p>[vc_row source=\u00a0\u00bb\u00a0\u00bb text=\u00a0\u00bbCANADA CARE MEDICAL\u00a0\u00bb font_container=\u00a0\u00bbtag:h1|text_align:left\u00a0\u00bb use_theme_fonts=\u00a0\u00bbyes\u00a0\u00bb google_fonts=\u00a0\u00bbfont_family:Abril%20Fatface%3Aregular|font_style:400%20regular%3A400%3Anormal\u00a0\u00bb el_class=\u00a0\u00bbfont25 mosterratbold\u00a0\u00bb link=\u00a0\u00bb\u00a0\u00bb][vc_column][dhvc_woo_product_page_breadcrumb el_class=\u00a0\u00bb\u00a0\u00bb][vc_custom_heading text=\u00a0\u00bbFAUTEUIL ROULANT \u00c9LECTRIQUE EN LOCATION\u00a0\u00bb font_container=\u00a0\u00bbtag:h1|text_align:left\u00a0\u00bb use_theme_fonts=\u00a0\u00bbyes\u00a0\u00bb el_class=\u00a0\u00bbfont25 mosterratbold padding25yt\u00a0\u00bb][\/vc_column][\/vc_row][vc_row el_class=\u00a0\u00bbpadding36t\u00a0\u00bb][vc_column width=\u00a0\u00bb3\/4&Prime;][vc_row_inner][vc_column_inner el_class=\u00a0\u00bbpadding10xr\u00a0\u00bb width=\u00a0\u00bb7\/12&Prime;][vc_single_image image=\u00a0\u00bb3664&Prime; img_size=\u00a0\u00bbfull\u00a0\u00bb el_class=\u00a0\u00bbfullwidthimg photoborder\u00a0\u00bb][vc_column_text el_class=\u00a0\u00bbmosterratitalic font14&Prime;]Le mod\u00e8le de fauteuil roulant \u00e9lectrique sur la photo est le Sunrise Xperience.[\/vc_column_text][\/vc_column_inner][vc_column_inner el_class=\u00a0\u00bbpadding5xl padding5xr\u00a0\u00bb width=\u00a0\u00bb5\/12&Prime;][vc_column_text el_class=\u00a0\u00bbfont16 nomargintop\u00a0\u00bb] Un fauteuil roulant \u00e9lectrique fabriqu\u00e9 au [&hellip;]<\/p>\n","protected":false},"author":5,"featured_media":0,"parent":3137,"menu_order":0,"comment_status":"closed","ping_status":"closed","template":"","meta":{"footnotes":""},"tags":[],"class_list":["post-3139","page","type-page","status-publish","hentry"],"yoast_head":"<!-- This site is optimized with the Yoast SEO plugin v27.3 - https:\/\/yoast.com\/product\/yoast-seo-wordpress\/ -->\n<title>Fauteuil roulant \u00e9lectrique - Canada Care Medical<\/title>\n<meta name=\"description\" content=\"Canada Care Medical offre un service de location de fauteuil roulant \u00e9lectrique. Le mod\u00e8le offert est fabriqu\u00e9 au Canada et procure une stabilit\u00e9 accrue.\" \/>\n<meta name=\"robots\" content=\"index, follow, max-snippet:-1, max-image-preview:large, max-video-preview:-1\" \/>\n<link rel=\"canonical\" href=\"https:\/\/canadacaremedical.com\/fr\/location-dequipements-medicaux\/fauteuils-roulants\/fauteuil-roulant-electrique\/\" \/>\n<meta property=\"og:locale\" content=\"fr_FR\" \/>\n<meta property=\"og:type\" content=\"article\" \/>\n<meta property=\"og:title\" content=\"Fauteuil roulant \u00e9lectrique - Canada Care Medical\" \/>\n<meta property=\"og:description\" content=\"Canada Care Medical offre un service de location de fauteuil roulant \u00e9lectrique. Le mod\u00e8le offert est fabriqu\u00e9 au Canada et procure une stabilit\u00e9 accrue.\" \/>\n<meta property=\"og:url\" content=\"https:\/\/canadacaremedical.com\/fr\/location-dequipements-medicaux\/fauteuils-roulants\/fauteuil-roulant-electrique\/\" \/>\n<meta property=\"og:site_name\" content=\"Canada Care Medical\" \/>\n<meta property=\"article:modified_time\" content=\"2021-03-17T15:14:01+00:00\" \/>\n<meta name=\"twitter:card\" content=\"summary_large_image\" \/>\n<meta name=\"twitter:label1\" content=\"Dur\u00e9e de lecture estim\u00e9e\" \/>\n\t<meta name=\"twitter:data1\" content=\"3 minutes\" \/>\n<script type=\"application\/ld+json\" class=\"yoast-schema-graph\">{\"@context\":\"https:\\\/\\\/schema.org\",\"@graph\":[{\"@type\":\"WebPage\",\"@id\":\"https:\\\/\\\/canadacaremedical.com\\\/fr\\\/location-dequipements-medicaux\\\/fauteuils-roulants\\\/fauteuil-roulant-electrique\\\/\",\"url\":\"https:\\\/\\\/canadacaremedical.com\\\/fr\\\/location-dequipements-medicaux\\\/fauteuils-roulants\\\/fauteuil-roulant-electrique\\\/\",\"name\":\"Fauteuil roulant \u00e9lectrique - Canada Care Medical\",\"isPartOf\":{\"@id\":\"https:\\\/\\\/canadacaremedical.com\\\/#website\"},\"datePublished\":\"2019-02-12T15:37:12+00:00\",\"dateModified\":\"2021-03-17T15:14:01+00:00\",\"description\":\"Canada Care Medical offre un service de location de fauteuil roulant \u00e9lectrique. Le mod\u00e8le offert est fabriqu\u00e9 au Canada et procure une stabilit\u00e9 accrue.\",\"breadcrumb\":{\"@id\":\"https:\\\/\\\/canadacaremedical.com\\\/fr\\\/location-dequipements-medicaux\\\/fauteuils-roulants\\\/fauteuil-roulant-electrique\\\/#breadcrumb\"},\"inLanguage\":\"fr-FR\",\"potentialAction\":[{\"@type\":\"ReadAction\",\"target\":[\"https:\\\/\\\/canadacaremedical.com\\\/fr\\\/location-dequipements-medicaux\\\/fauteuils-roulants\\\/fauteuil-roulant-electrique\\\/\"]}]},{\"@type\":\"BreadcrumbList\",\"@id\":\"https:\\\/\\\/canadacaremedical.com\\\/fr\\\/location-dequipements-medicaux\\\/fauteuils-roulants\\\/fauteuil-roulant-electrique\\\/#breadcrumb\",\"itemListElement\":[{\"@type\":\"ListItem\",\"position\":1,\"name\":\"Home\",\"item\":\"https:\\\/\\\/canadacaremedical.com\\\/fr\\\/\"},{\"@type\":\"ListItem\",\"position\":2,\"name\":\"LOCATION D&rsquo;\u00c9QUIPEMENTS M\u00c9DICAUX\",\"item\":\"https:\\\/\\\/canadacaremedical.com\\\/fr\\\/location-dequipements-medicaux\\\/\"},{\"@type\":\"ListItem\",\"position\":3,\"name\":\"FAUTEUILS ROULANTS\",\"item\":\"https:\\\/\\\/canadacaremedical.com\\\/fr\\\/location-dequipements-medicaux\\\/fauteuils-roulants\\\/\"},{\"@type\":\"ListItem\",\"position\":4,\"name\":\"FAUTEUIL ROULANT \u00c9LECTRIQUE\"}]},{\"@type\":\"WebSite\",\"@id\":\"https:\\\/\\\/canadacaremedical.com\\\/#website\",\"url\":\"https:\\\/\\\/canadacaremedical.com\\\/\",\"name\":\"Canada Care Medical\",\"description\":\"\",\"publisher\":{\"@id\":\"https:\\\/\\\/canadacaremedical.com\\\/#organization\"},\"potentialAction\":[{\"@type\":\"SearchAction\",\"target\":{\"@type\":\"EntryPoint\",\"urlTemplate\":\"https:\\\/\\\/canadacaremedical.com\\\/?s={search_term_string}\"},\"query-input\":{\"@type\":\"PropertyValueSpecification\",\"valueRequired\":true,\"valueName\":\"search_term_string\"}}],\"inLanguage\":\"fr-FR\"},{\"@type\":\"Organization\",\"@id\":\"https:\\\/\\\/canadacaremedical.com\\\/#organization\",\"name\":\"Canada Care Medical\",\"url\":\"https:\\\/\\\/canadacaremedical.com\\\/\",\"logo\":{\"@type\":\"ImageObject\",\"inLanguage\":\"fr-FR\",\"@id\":\"https:\\\/\\\/canadacaremedical.com\\\/#\\\/schema\\\/logo\\\/image\\\/\",\"url\":\"https:\\\/\\\/canadacaremedical.com\\\/wp-content\\\/uploads\\\/2022\\\/04\\\/cropped-CCM-an-NSM-company-website-vertical-no-50-1.png\",\"contentUrl\":\"https:\\\/\\\/canadacaremedical.com\\\/wp-content\\\/uploads\\\/2022\\\/04\\\/cropped-CCM-an-NSM-company-website-vertical-no-50-1.png\",\"width\":500,\"height\":181,\"caption\":\"Canada Care Medical\"},\"image\":{\"@id\":\"https:\\\/\\\/canadacaremedical.com\\\/#\\\/schema\\\/logo\\\/image\\\/\"}}]}<\/script>\n<!-- \/ Yoast SEO plugin. -->","yoast_head_json":{"title":"Fauteuil roulant \u00e9lectrique - Canada Care Medical","description":"Canada Care Medical offre un service de location de fauteuil roulant \u00e9lectrique. Le mod\u00e8le offert est fabriqu\u00e9 au Canada et procure une stabilit\u00e9 accrue.","robots":{"index":"index","follow":"follow","max-snippet":"max-snippet:-1","max-image-preview":"max-image-preview:large","max-video-preview":"max-video-preview:-1"},"canonical":"https:\/\/canadacaremedical.com\/fr\/location-dequipements-medicaux\/fauteuils-roulants\/fauteuil-roulant-electrique\/","og_locale":"fr_FR","og_type":"article","og_title":"Fauteuil roulant \u00e9lectrique - Canada Care Medical","og_description":"Canada Care Medical offre un service de location de fauteuil roulant \u00e9lectrique. Le mod\u00e8le offert est fabriqu\u00e9 au Canada et procure une stabilit\u00e9 accrue.","og_url":"https:\/\/canadacaremedical.com\/fr\/location-dequipements-medicaux\/fauteuils-roulants\/fauteuil-roulant-electrique\/","og_site_name":"Canada Care Medical","article_modified_time":"2021-03-17T15:14:01+00:00","twitter_card":"summary_large_image","twitter_misc":{"Dur\u00e9e de lecture estim\u00e9e":"3 minutes"},"schema":{"@context":"https:\/\/schema.org","@graph":[{"@type":"WebPage","@id":"https:\/\/canadacaremedical.com\/fr\/location-dequipements-medicaux\/fauteuils-roulants\/fauteuil-roulant-electrique\/","url":"https:\/\/canadacaremedical.com\/fr\/location-dequipements-medicaux\/fauteuils-roulants\/fauteuil-roulant-electrique\/","name":"Fauteuil roulant \u00e9lectrique - Canada Care Medical","isPartOf":{"@id":"https:\/\/canadacaremedical.com\/#website"},"datePublished":"2019-02-12T15:37:12+00:00","dateModified":"2021-03-17T15:14:01+00:00","description":"Canada Care Medical offre un service de location de fauteuil roulant \u00e9lectrique. Le mod\u00e8le offert est fabriqu\u00e9 au Canada et procure une stabilit\u00e9 accrue.","breadcrumb":{"@id":"https:\/\/canadacaremedical.com\/fr\/location-dequipements-medicaux\/fauteuils-roulants\/fauteuil-roulant-electrique\/#breadcrumb"},"inLanguage":"fr-FR","potentialAction":[{"@type":"ReadAction","target":["https:\/\/canadacaremedical.com\/fr\/location-dequipements-medicaux\/fauteuils-roulants\/fauteuil-roulant-electrique\/"]}]},{"@type":"BreadcrumbList","@id":"https:\/\/canadacaremedical.com\/fr\/location-dequipements-medicaux\/fauteuils-roulants\/fauteuil-roulant-electrique\/#breadcrumb","itemListElement":[{"@type":"ListItem","position":1,"name":"Home","item":"https:\/\/canadacaremedical.com\/fr\/"},{"@type":"ListItem","position":2,"name":"LOCATION D&rsquo;\u00c9QUIPEMENTS M\u00c9DICAUX","item":"https:\/\/canadacaremedical.com\/fr\/location-dequipements-medicaux\/"},{"@type":"ListItem","position":3,"name":"FAUTEUILS ROULANTS","item":"https:\/\/canadacaremedical.com\/fr\/location-dequipements-medicaux\/fauteuils-roulants\/"},{"@type":"ListItem","position":4,"name":"FAUTEUIL ROULANT \u00c9LECTRIQUE"}]},{"@type":"WebSite","@id":"https:\/\/canadacaremedical.com\/#website","url":"https:\/\/canadacaremedical.com\/","name":"Canada Care Medical","description":"","publisher":{"@id":"https:\/\/canadacaremedical.com\/#organization"},"potentialAction":[{"@type":"SearchAction","target":{"@type":"EntryPoint","urlTemplate":"https:\/\/canadacaremedical.com\/?s={search_term_string}"},"query-input":{"@type":"PropertyValueSpecification","valueRequired":true,"valueName":"search_term_string"}}],"inLanguage":"fr-FR"},{"@type":"Organization","@id":"https:\/\/canadacaremedical.com\/#organization","name":"Canada Care Medical","url":"https:\/\/canadacaremedical.com\/","logo":{"@type":"ImageObject","inLanguage":"fr-FR","@id":"https:\/\/canadacaremedical.com\/#\/schema\/logo\/image\/","url":"https:\/\/canadacaremedical.com\/wp-content\/uploads\/2022\/04\/cropped-CCM-an-NSM-company-website-vertical-no-50-1.png","contentUrl":"https:\/\/canadacaremedical.com\/wp-content\/uploads\/2022\/04\/cropped-CCM-an-NSM-company-website-vertical-no-50-1.png","width":500,"height":181,"caption":"Canada Care Medical"},"image":{"@id":"https:\/\/canadacaremedical.com\/#\/schema\/logo\/image\/"}}]}},"jetpack_sharing_enabled":true,"_links":{"self":[{"href":"https:\/\/canadacaremedical.com\/fr\/wp-json\/wp\/v2\/pages\/3139","targetHints":{"allow":["GET"]}}],"collection":[{"href":"https:\/\/canadacaremedical.com\/fr\/wp-json\/wp\/v2\/pages"}],"about":[{"href":"https:\/\/canadacaremedical.com\/fr\/wp-json\/wp\/v2\/types\/page"}],"author":[{"embeddable":true,"href":"https:\/\/canadacaremedical.com\/fr\/wp-json\/wp\/v2\/users\/5"}],"replies":[{"embeddable":true,"href":"https:\/\/canadacaremedical.com\/fr\/wp-json\/wp\/v2\/comments?post=3139"}],"version-history":[{"count":8,"href":"https:\/\/canadacaremedical.com\/fr\/wp-json\/wp\/v2\/pages\/3139\/revisions"}],"predecessor-version":[{"id":7176,"href":"https:\/\/canadacaremedical.com\/fr\/wp-json\/wp\/v2\/pages\/3139\/revisions\/7176"}],"up":[{"embeddable":true,"href":"https:\/\/canadacaremedical.com\/fr\/wp-json\/wp\/v2\/pages\/3137"}],"wp:attachment":[{"href":"https:\/\/canadacaremedical.com\/fr\/wp-json\/wp\/v2\/media?parent=3139"}],"wp:term":[{"taxonomy":"post_tag","embeddable":true,"href":"https:\/\/canadacaremedical.com\/fr\/wp-json\/wp\/v2\/tags?post=3139"}],"curies":[{"name":"wp","href":"https:\/\/api.w.org\/{rel}","templated":true}]}}