{"id":3152,"date":"2019-02-12T15:56:52","date_gmt":"2019-02-12T15:56:52","guid":{"rendered":"\/?page_id=3152"},"modified":"2021-03-17T14:21:42","modified_gmt":"2021-03-17T14:21:42","slug":"une-chaise-daisance-stationnaire","status":"publish","type":"page","link":"https:\/\/canadacaremedical.com\/fr\/location-dequipements-medicaux\/produits-medicaux-pour-la-salle-de-bains\/chaises-daisance\/une-chaise-daisance-stationnaire\/","title":{"rendered":"UNE CHAISE D\u2019AISANCE STATIONNAIRE"},"content":{"rendered":"<div class=\"wpb-content-wrapper\"><p>[vc_row source=\u00a0\u00bb\u00a0\u00bb text=\u00a0\u00bbCANADA CARE MEDICAL\u00a0\u00bb font_container=\u00a0\u00bbtag:h1|text_align:left\u00a0\u00bb use_theme_fonts=\u00a0\u00bbyes\u00a0\u00bb google_fonts=\u00a0\u00bbfont_family:Abril%20Fatface%3Aregular|font_style:400%20regular%3A400%3Anormal\u00a0\u00bb el_class=\u00a0\u00bbfont25 mosterratbold\u00a0\u00bb link=\u00a0\u00bb\u00a0\u00bb][vc_column][dhvc_woo_product_page_breadcrumb el_class=\u00a0\u00bb\u00a0\u00bb][vc_custom_heading text=\u00a0\u00bbCHAISE D\u2019AISANCE STATIONNAIRE EN LOCATION\u00a0\u00bb font_container=\u00a0\u00bbtag:h1|text_align:left\u00a0\u00bb use_theme_fonts=\u00a0\u00bbyes\u00a0\u00bb el_class=\u00a0\u00bbfont25 mosterratbold padding25yt\u00a0\u00bb][\/vc_column][\/vc_row][vc_row el_class=\u00a0\u00bbpadding36t\u00a0\u00bb][vc_column width=\u00a0\u00bb3\/4&Prime;][vc_row_inner][vc_column_inner el_class=\u00a0\u00bbpadding10xr\u00a0\u00bb width=\u00a0\u00bb7\/12&Prime;][vc_single_image image=\u00a0\u00bb3694&Prime; img_size=\u00a0\u00bbfull\u00a0\u00bb el_class=\u00a0\u00bbfullwidthimg photoborder\u00a0\u00bb][\/vc_column_inner][vc_column_inner el_class=\u00a0\u00bbpadding5xl padding5xr\u00a0\u00bb width=\u00a0\u00bb5\/12&Prime;][vc_column_text el_class=\u00a0\u00bbfont16 nomargintop\u00a0\u00bb]<\/p>\n<p class=\"nomargintop\"><strong>Une chaise d\u2019aisance s\u00e9curitaire que vous pouvez installer o\u00f9 vous voulez. <\/strong><\/p>\n<p>Ann\u00e9e apr\u00e8s ann\u00e9e, Canada Care Medical loue des centaines de chaises d\u2019aisance, car parfois, la salle de bains se trouve tout simplement hors de port\u00e9e.[\/vc_column_text][\/vc_column_inner][\/vc_row_inner][vc_column_text el_class=\u00a0\u00bbfont16 padding17yt\u00a0\u00bb] La location de chaises d\u2019aisance est particuli\u00e8rement appr\u00e9ci\u00e9e par ceux qui ont un besoin temporaire \u00e0 la suite d&rsquo;une intervention chirurgicale, comme un remplacement de genoux ou de hanche.<\/p>\n<p>Certains de nos clients accueillent un membre de leur famille en visite et veulent simplement leur faciliter l\u2019acc\u00e8s \u00e0 une toilette.[\/vc_column_text][vc_custom_heading text=\u00a0\u00bbCE QU\u2019IL FAUT SAVOIR\u00a0\u00bb font_container=\u00a0\u00bbtag:p|text_align:left\u00a0\u00bb use_theme_fonts=\u00a0\u00bbyes\u00a0\u00bb el_class=\u00a0\u00bbmosterratbold font20&Prime;][vc_column_text el_class=\u00a0\u00bbfont16&Prime;]<\/p>\n<ul>\n<li>Canada Care Medical est l\u00e0 pour vous aider si vous avez besoin d\u2019un \u00e9quipement m\u00e9dical de fa\u00e7on temporaire. Appelez-nous ou venez nous voir en magasin pour r\u00e9server le produit qui vous convient.<\/li>\n<li>Vous pouvez louer un article pour une ou plusieurs semaines, ou le louer sur une base mensuelle.<\/li>\n<li>Nous louons les chaises d\u2019aisance et les d\u00e9sinfectons entre chaque utilisateur. Cependant, le seau et l\u2019\u00e9cran anti-\u00e9claboussures doivent \u00eatre achet\u00e9s neufs.<\/li>\n<li>Une fois que vous avez termin\u00e9, nous pouvons ramasser les produits de location \u00e0 votre demeure si vous le d\u00e9sirez, moyennant des frais de ramassage raisonnable.<\/li>\n<\/ul>\n<p>[\/vc_column_text][vc_custom_heading text=\u00a0\u00bbCHAISES D\u2019AISANCE NEUVES\u00a0\u00bb use_theme_fonts=\u00a0\u00bbyes\u00a0\u00bb el_class=\u00a0\u00bbmosterratbold font20&Prime;][vc_column_text el_class=\u00a0\u00bbfont16&Prime;]<\/p>\n<ul>\n<li>Beaucoup de nos clients finissent par vouloir garder leur \u00e9quipement en location et s\u2019en servir \u00e0 long terme, car il leur facilite la vie. Il est possible pour vous d\u2019acheter votre article en location, ou d\u2019en acheter un neuf. Contactez-nous pour plus d&rsquo;informations et pour la disponibilit\u00e9 des produits.<\/li>\n<li>Veuillez consulter notre site Web, sous <u>Produits de s\u00e9curit\u00e9 pour la salle de bains<\/u> pour d\u00e9couvrir d\u2019autres produits analogues.<\/li>\n<\/ul>\n<p>[\/vc_column_text][\/vc_column][vc_column width=\u00a0\u00bb1\/4&Prime; el_class=\u00a0\u00bbpadding24xl\u00a0\u00bb][vc_column_text el_class=\u00a0\u00bbfont16 nomargintop\u00a0\u00bb]<\/p>\n<p class=\"nomargintop\"><strong>Composez le<\/strong><br \/>\n<strong><a href=\"tel:6132341222\">(613) 234-1222<\/a>,<\/strong><br \/>\n<strong>pour la location,<\/strong><br \/>\n<strong>ou venez rencontrer nos sp\u00e9cialistes <a href=\"\/fr\/nous-joindre\/\">en magasin<\/a>.<\/strong><\/p>\n<p>[\/vc_column_text][\/vc_column][\/vc_row]<\/p>\n<\/div>","protected":false},"excerpt":{"rendered":"<p>[vc_row source=\u00a0\u00bb\u00a0\u00bb text=\u00a0\u00bbCANADA CARE MEDICAL\u00a0\u00bb font_container=\u00a0\u00bbtag:h1|text_align:left\u00a0\u00bb use_theme_fonts=\u00a0\u00bbyes\u00a0\u00bb google_fonts=\u00a0\u00bbfont_family:Abril%20Fatface%3Aregular|font_style:400%20regular%3A400%3Anormal\u00a0\u00bb el_class=\u00a0\u00bbfont25 mosterratbold\u00a0\u00bb link=\u00a0\u00bb\u00a0\u00bb][vc_column][dhvc_woo_product_page_breadcrumb el_class=\u00a0\u00bb\u00a0\u00bb][vc_custom_heading text=\u00a0\u00bbCHAISE D\u2019AISANCE STATIONNAIRE EN LOCATION\u00a0\u00bb font_container=\u00a0\u00bbtag:h1|text_align:left\u00a0\u00bb use_theme_fonts=\u00a0\u00bbyes\u00a0\u00bb el_class=\u00a0\u00bbfont25 mosterratbold padding25yt\u00a0\u00bb][\/vc_column][\/vc_row][vc_row el_class=\u00a0\u00bbpadding36t\u00a0\u00bb][vc_column width=\u00a0\u00bb3\/4&Prime;][vc_row_inner][vc_column_inner el_class=\u00a0\u00bbpadding10xr\u00a0\u00bb width=\u00a0\u00bb7\/12&Prime;][vc_single_image image=\u00a0\u00bb3694&Prime; img_size=\u00a0\u00bbfull\u00a0\u00bb el_class=\u00a0\u00bbfullwidthimg photoborder\u00a0\u00bb][\/vc_column_inner][vc_column_inner el_class=\u00a0\u00bbpadding5xl padding5xr\u00a0\u00bb width=\u00a0\u00bb5\/12&Prime;][vc_column_text el_class=\u00a0\u00bbfont16 nomargintop\u00a0\u00bb] Une chaise d\u2019aisance s\u00e9curitaire que vous pouvez installer o\u00f9 vous voulez. Ann\u00e9e apr\u00e8s ann\u00e9e, Canada Care Medical loue des centaines [&hellip;]<\/p>\n","protected":false},"author":5,"featured_media":0,"parent":3151,"menu_order":0,"comment_status":"closed","ping_status":"closed","template":"","meta":{"footnotes":""},"tags":[],"class_list":["post-3152","page","type-page","status-publish","hentry"],"yoast_head":"<!-- This site is optimized with the Yoast SEO plugin v27.3 - https:\/\/yoast.com\/product\/yoast-seo-wordpress\/ -->\n<title>UNE CHAISE D\u2019AISANCE STATIONNAIRE - Canada Care Medical<\/title>\n<meta name=\"robots\" content=\"index, follow, max-snippet:-1, max-image-preview:large, max-video-preview:-1\" \/>\n<link rel=\"canonical\" href=\"https:\/\/canadacaremedical.com\/fr\/location-dequipements-medicaux\/produits-medicaux-pour-la-salle-de-bains\/chaises-daisance\/une-chaise-daisance-stationnaire\/\" \/>\n<meta property=\"og:locale\" content=\"fr_FR\" \/>\n<meta property=\"og:type\" content=\"article\" \/>\n<meta property=\"og:title\" content=\"UNE CHAISE D\u2019AISANCE STATIONNAIRE - Canada Care Medical\" \/>\n<meta property=\"og:description\" content=\"[vc_row source=\u00a0\u00bb\u00a0\u00bb text=\u00a0\u00bbCANADA CARE MEDICAL\u00a0\u00bb font_container=\u00a0\u00bbtag:h1|text_align:left\u00a0\u00bb use_theme_fonts=\u00a0\u00bbyes\u00a0\u00bb google_fonts=\u00a0\u00bbfont_family:Abril%20Fatface%3Aregular|font_style:400%20regular%3A400%3Anormal\u00a0\u00bb el_class=\u00a0\u00bbfont25 mosterratbold\u00a0\u00bb link=\u00a0\u00bb\u00a0\u00bb][vc_column][dhvc_woo_product_page_breadcrumb el_class=\u00a0\u00bb\u00a0\u00bb][vc_custom_heading text=\u00a0\u00bbCHAISE D\u2019AISANCE STATIONNAIRE EN LOCATION\u00a0\u00bb font_container=\u00a0\u00bbtag:h1|text_align:left\u00a0\u00bb use_theme_fonts=\u00a0\u00bbyes\u00a0\u00bb el_class=\u00a0\u00bbfont25 mosterratbold padding25yt\u00a0\u00bb][\/vc_column][\/vc_row][vc_row el_class=\u00a0\u00bbpadding36t\u00a0\u00bb][vc_column width=\u00a0\u00bb3\/4&Prime;][vc_row_inner][vc_column_inner el_class=\u00a0\u00bbpadding10xr\u00a0\u00bb width=\u00a0\u00bb7\/12&Prime;][vc_single_image image=\u00a0\u00bb3694&Prime; img_size=\u00a0\u00bbfull\u00a0\u00bb el_class=\u00a0\u00bbfullwidthimg photoborder\u00a0\u00bb][\/vc_column_inner][vc_column_inner el_class=\u00a0\u00bbpadding5xl padding5xr\u00a0\u00bb width=\u00a0\u00bb5\/12&Prime;][vc_column_text el_class=\u00a0\u00bbfont16 nomargintop\u00a0\u00bb] Une chaise d\u2019aisance s\u00e9curitaire que vous pouvez installer o\u00f9 vous voulez. Ann\u00e9e apr\u00e8s ann\u00e9e, Canada Care Medical loue des centaines [&hellip;]\" \/>\n<meta property=\"og:url\" content=\"https:\/\/canadacaremedical.com\/fr\/location-dequipements-medicaux\/produits-medicaux-pour-la-salle-de-bains\/chaises-daisance\/une-chaise-daisance-stationnaire\/\" \/>\n<meta property=\"og:site_name\" content=\"Canada Care Medical\" \/>\n<meta property=\"article:modified_time\" content=\"2021-03-17T14:21:42+00:00\" \/>\n<meta name=\"twitter:card\" content=\"summary_large_image\" \/>\n<meta name=\"twitter:label1\" content=\"Dur\u00e9e de lecture estim\u00e9e\" \/>\n\t<meta name=\"twitter:data1\" content=\"3 minutes\" \/>\n<script type=\"application\/ld+json\" class=\"yoast-schema-graph\">{\"@context\":\"https:\\\/\\\/schema.org\",\"@graph\":[{\"@type\":\"WebPage\",\"@id\":\"https:\\\/\\\/canadacaremedical.com\\\/fr\\\/location-dequipements-medicaux\\\/produits-medicaux-pour-la-salle-de-bains\\\/chaises-daisance\\\/une-chaise-daisance-stationnaire\\\/\",\"url\":\"https:\\\/\\\/canadacaremedical.com\\\/fr\\\/location-dequipements-medicaux\\\/produits-medicaux-pour-la-salle-de-bains\\\/chaises-daisance\\\/une-chaise-daisance-stationnaire\\\/\",\"name\":\"UNE CHAISE D\u2019AISANCE STATIONNAIRE - Canada Care Medical\",\"isPartOf\":{\"@id\":\"https:\\\/\\\/canadacaremedical.com\\\/#website\"},\"datePublished\":\"2019-02-12T15:56:52+00:00\",\"dateModified\":\"2021-03-17T14:21:42+00:00\",\"breadcrumb\":{\"@id\":\"https:\\\/\\\/canadacaremedical.com\\\/fr\\\/location-dequipements-medicaux\\\/produits-medicaux-pour-la-salle-de-bains\\\/chaises-daisance\\\/une-chaise-daisance-stationnaire\\\/#breadcrumb\"},\"inLanguage\":\"fr-FR\",\"potentialAction\":[{\"@type\":\"ReadAction\",\"target\":[\"https:\\\/\\\/canadacaremedical.com\\\/fr\\\/location-dequipements-medicaux\\\/produits-medicaux-pour-la-salle-de-bains\\\/chaises-daisance\\\/une-chaise-daisance-stationnaire\\\/\"]}]},{\"@type\":\"BreadcrumbList\",\"@id\":\"https:\\\/\\\/canadacaremedical.com\\\/fr\\\/location-dequipements-medicaux\\\/produits-medicaux-pour-la-salle-de-bains\\\/chaises-daisance\\\/une-chaise-daisance-stationnaire\\\/#breadcrumb\",\"itemListElement\":[{\"@type\":\"ListItem\",\"position\":1,\"name\":\"Home\",\"item\":\"https:\\\/\\\/canadacaremedical.com\\\/fr\\\/\"},{\"@type\":\"ListItem\",\"position\":2,\"name\":\"LOCATION D&rsquo;\u00c9QUIPEMENTS M\u00c9DICAUX\",\"item\":\"https:\\\/\\\/canadacaremedical.com\\\/fr\\\/location-dequipements-medicaux\\\/\"},{\"@type\":\"ListItem\",\"position\":3,\"name\":\"PRODUITS M\u00c9DICAUX POUR LA SALLE DE BAINS\",\"item\":\"https:\\\/\\\/canadacaremedical.com\\\/fr\\\/location-dequipements-medicaux\\\/produits-medicaux-pour-la-salle-de-bains\\\/\"},{\"@type\":\"ListItem\",\"position\":4,\"name\":\"CHAISES D&rsquo;AISANCE\",\"item\":\"https:\\\/\\\/canadacaremedical.com\\\/fr\\\/location-dequipements-medicaux\\\/produits-medicaux-pour-la-salle-de-bains\\\/chaises-daisance\\\/\"},{\"@type\":\"ListItem\",\"position\":5,\"name\":\"UNE CHAISE D\u2019AISANCE STATIONNAIRE\"}]},{\"@type\":\"WebSite\",\"@id\":\"https:\\\/\\\/canadacaremedical.com\\\/#website\",\"url\":\"https:\\\/\\\/canadacaremedical.com\\\/\",\"name\":\"Canada Care Medical\",\"description\":\"\",\"publisher\":{\"@id\":\"https:\\\/\\\/canadacaremedical.com\\\/#organization\"},\"potentialAction\":[{\"@type\":\"SearchAction\",\"target\":{\"@type\":\"EntryPoint\",\"urlTemplate\":\"https:\\\/\\\/canadacaremedical.com\\\/?s={search_term_string}\"},\"query-input\":{\"@type\":\"PropertyValueSpecification\",\"valueRequired\":true,\"valueName\":\"search_term_string\"}}],\"inLanguage\":\"fr-FR\"},{\"@type\":\"Organization\",\"@id\":\"https:\\\/\\\/canadacaremedical.com\\\/#organization\",\"name\":\"Canada Care Medical\",\"url\":\"https:\\\/\\\/canadacaremedical.com\\\/\",\"logo\":{\"@type\":\"ImageObject\",\"inLanguage\":\"fr-FR\",\"@id\":\"https:\\\/\\\/canadacaremedical.com\\\/#\\\/schema\\\/logo\\\/image\\\/\",\"url\":\"https:\\\/\\\/canadacaremedical.com\\\/wp-content\\\/uploads\\\/2022\\\/04\\\/cropped-CCM-an-NSM-company-website-vertical-no-50-1.png\",\"contentUrl\":\"https:\\\/\\\/canadacaremedical.com\\\/wp-content\\\/uploads\\\/2022\\\/04\\\/cropped-CCM-an-NSM-company-website-vertical-no-50-1.png\",\"width\":500,\"height\":181,\"caption\":\"Canada Care Medical\"},\"image\":{\"@id\":\"https:\\\/\\\/canadacaremedical.com\\\/#\\\/schema\\\/logo\\\/image\\\/\"}}]}<\/script>\n<!-- \/ Yoast SEO plugin. -->","yoast_head_json":{"title":"UNE CHAISE D\u2019AISANCE STATIONNAIRE - Canada Care Medical","robots":{"index":"index","follow":"follow","max-snippet":"max-snippet:-1","max-image-preview":"max-image-preview:large","max-video-preview":"max-video-preview:-1"},"canonical":"https:\/\/canadacaremedical.com\/fr\/location-dequipements-medicaux\/produits-medicaux-pour-la-salle-de-bains\/chaises-daisance\/une-chaise-daisance-stationnaire\/","og_locale":"fr_FR","og_type":"article","og_title":"UNE CHAISE D\u2019AISANCE STATIONNAIRE - Canada Care Medical","og_description":"[vc_row source=\u00a0\u00bb\u00a0\u00bb text=\u00a0\u00bbCANADA CARE MEDICAL\u00a0\u00bb font_container=\u00a0\u00bbtag:h1|text_align:left\u00a0\u00bb use_theme_fonts=\u00a0\u00bbyes\u00a0\u00bb google_fonts=\u00a0\u00bbfont_family:Abril%20Fatface%3Aregular|font_style:400%20regular%3A400%3Anormal\u00a0\u00bb el_class=\u00a0\u00bbfont25 mosterratbold\u00a0\u00bb link=\u00a0\u00bb\u00a0\u00bb][vc_column][dhvc_woo_product_page_breadcrumb el_class=\u00a0\u00bb\u00a0\u00bb][vc_custom_heading text=\u00a0\u00bbCHAISE D\u2019AISANCE STATIONNAIRE EN LOCATION\u00a0\u00bb font_container=\u00a0\u00bbtag:h1|text_align:left\u00a0\u00bb use_theme_fonts=\u00a0\u00bbyes\u00a0\u00bb el_class=\u00a0\u00bbfont25 mosterratbold padding25yt\u00a0\u00bb][\/vc_column][\/vc_row][vc_row el_class=\u00a0\u00bbpadding36t\u00a0\u00bb][vc_column width=\u00a0\u00bb3\/4&Prime;][vc_row_inner][vc_column_inner el_class=\u00a0\u00bbpadding10xr\u00a0\u00bb width=\u00a0\u00bb7\/12&Prime;][vc_single_image image=\u00a0\u00bb3694&Prime; img_size=\u00a0\u00bbfull\u00a0\u00bb el_class=\u00a0\u00bbfullwidthimg photoborder\u00a0\u00bb][\/vc_column_inner][vc_column_inner el_class=\u00a0\u00bbpadding5xl padding5xr\u00a0\u00bb width=\u00a0\u00bb5\/12&Prime;][vc_column_text el_class=\u00a0\u00bbfont16 nomargintop\u00a0\u00bb] Une chaise d\u2019aisance s\u00e9curitaire que vous pouvez installer o\u00f9 vous voulez. Ann\u00e9e apr\u00e8s ann\u00e9e, Canada Care Medical loue des centaines [&hellip;]","og_url":"https:\/\/canadacaremedical.com\/fr\/location-dequipements-medicaux\/produits-medicaux-pour-la-salle-de-bains\/chaises-daisance\/une-chaise-daisance-stationnaire\/","og_site_name":"Canada Care Medical","article_modified_time":"2021-03-17T14:21:42+00:00","twitter_card":"summary_large_image","twitter_misc":{"Dur\u00e9e de lecture estim\u00e9e":"3 minutes"},"schema":{"@context":"https:\/\/schema.org","@graph":[{"@type":"WebPage","@id":"https:\/\/canadacaremedical.com\/fr\/location-dequipements-medicaux\/produits-medicaux-pour-la-salle-de-bains\/chaises-daisance\/une-chaise-daisance-stationnaire\/","url":"https:\/\/canadacaremedical.com\/fr\/location-dequipements-medicaux\/produits-medicaux-pour-la-salle-de-bains\/chaises-daisance\/une-chaise-daisance-stationnaire\/","name":"UNE CHAISE D\u2019AISANCE STATIONNAIRE - Canada Care Medical","isPartOf":{"@id":"https:\/\/canadacaremedical.com\/#website"},"datePublished":"2019-02-12T15:56:52+00:00","dateModified":"2021-03-17T14:21:42+00:00","breadcrumb":{"@id":"https:\/\/canadacaremedical.com\/fr\/location-dequipements-medicaux\/produits-medicaux-pour-la-salle-de-bains\/chaises-daisance\/une-chaise-daisance-stationnaire\/#breadcrumb"},"inLanguage":"fr-FR","potentialAction":[{"@type":"ReadAction","target":["https:\/\/canadacaremedical.com\/fr\/location-dequipements-medicaux\/produits-medicaux-pour-la-salle-de-bains\/chaises-daisance\/une-chaise-daisance-stationnaire\/"]}]},{"@type":"BreadcrumbList","@id":"https:\/\/canadacaremedical.com\/fr\/location-dequipements-medicaux\/produits-medicaux-pour-la-salle-de-bains\/chaises-daisance\/une-chaise-daisance-stationnaire\/#breadcrumb","itemListElement":[{"@type":"ListItem","position":1,"name":"Home","item":"https:\/\/canadacaremedical.com\/fr\/"},{"@type":"ListItem","position":2,"name":"LOCATION D&rsquo;\u00c9QUIPEMENTS M\u00c9DICAUX","item":"https:\/\/canadacaremedical.com\/fr\/location-dequipements-medicaux\/"},{"@type":"ListItem","position":3,"name":"PRODUITS M\u00c9DICAUX POUR LA SALLE DE BAINS","item":"https:\/\/canadacaremedical.com\/fr\/location-dequipements-medicaux\/produits-medicaux-pour-la-salle-de-bains\/"},{"@type":"ListItem","position":4,"name":"CHAISES D&rsquo;AISANCE","item":"https:\/\/canadacaremedical.com\/fr\/location-dequipements-medicaux\/produits-medicaux-pour-la-salle-de-bains\/chaises-daisance\/"},{"@type":"ListItem","position":5,"name":"UNE CHAISE D\u2019AISANCE STATIONNAIRE"}]},{"@type":"WebSite","@id":"https:\/\/canadacaremedical.com\/#website","url":"https:\/\/canadacaremedical.com\/","name":"Canada Care Medical","description":"","publisher":{"@id":"https:\/\/canadacaremedical.com\/#organization"},"potentialAction":[{"@type":"SearchAction","target":{"@type":"EntryPoint","urlTemplate":"https:\/\/canadacaremedical.com\/?s={search_term_string}"},"query-input":{"@type":"PropertyValueSpecification","valueRequired":true,"valueName":"search_term_string"}}],"inLanguage":"fr-FR"},{"@type":"Organization","@id":"https:\/\/canadacaremedical.com\/#organization","name":"Canada Care Medical","url":"https:\/\/canadacaremedical.com\/","logo":{"@type":"ImageObject","inLanguage":"fr-FR","@id":"https:\/\/canadacaremedical.com\/#\/schema\/logo\/image\/","url":"https:\/\/canadacaremedical.com\/wp-content\/uploads\/2022\/04\/cropped-CCM-an-NSM-company-website-vertical-no-50-1.png","contentUrl":"https:\/\/canadacaremedical.com\/wp-content\/uploads\/2022\/04\/cropped-CCM-an-NSM-company-website-vertical-no-50-1.png","width":500,"height":181,"caption":"Canada Care Medical"},"image":{"@id":"https:\/\/canadacaremedical.com\/#\/schema\/logo\/image\/"}}]}},"jetpack_sharing_enabled":true,"_links":{"self":[{"href":"https:\/\/canadacaremedical.com\/fr\/wp-json\/wp\/v2\/pages\/3152","targetHints":{"allow":["GET"]}}],"collection":[{"href":"https:\/\/canadacaremedical.com\/fr\/wp-json\/wp\/v2\/pages"}],"about":[{"href":"https:\/\/canadacaremedical.com\/fr\/wp-json\/wp\/v2\/types\/page"}],"author":[{"embeddable":true,"href":"https:\/\/canadacaremedical.com\/fr\/wp-json\/wp\/v2\/users\/5"}],"replies":[{"embeddable":true,"href":"https:\/\/canadacaremedical.com\/fr\/wp-json\/wp\/v2\/comments?post=3152"}],"version-history":[{"count":11,"href":"https:\/\/canadacaremedical.com\/fr\/wp-json\/wp\/v2\/pages\/3152\/revisions"}],"predecessor-version":[{"id":7103,"href":"https:\/\/canadacaremedical.com\/fr\/wp-json\/wp\/v2\/pages\/3152\/revisions\/7103"}],"up":[{"embeddable":true,"href":"https:\/\/canadacaremedical.com\/fr\/wp-json\/wp\/v2\/pages\/3151"}],"wp:attachment":[{"href":"https:\/\/canadacaremedical.com\/fr\/wp-json\/wp\/v2\/media?parent=3152"}],"wp:term":[{"taxonomy":"post_tag","embeddable":true,"href":"https:\/\/canadacaremedical.com\/fr\/wp-json\/wp\/v2\/tags?post=3152"}],"curies":[{"name":"wp","href":"https:\/\/api.w.org\/{rel}","templated":true}]}}