{"id":3204,"date":"2019-02-13T12:57:22","date_gmt":"2019-02-13T12:57:22","guid":{"rendered":"\/?page_id=3204"},"modified":"2020-02-26T19:16:11","modified_gmt":"2020-02-26T19:16:11","slug":"lits-d-hopitaux-accessoires","status":"publish","type":"page","link":"https:\/\/canadacaremedical.com\/fr\/location-dequipements-medicaux\/lits-d-hopitaux-accessoires\/","title":{"rendered":"LITS D&rsquo;H\u00d4PITAUX ET  ACCESSOIRES"},"content":{"rendered":"<div class=\"wpb-content-wrapper\"><p>[vc_row source=\u00a0\u00bb\u00a0\u00bb text=\u00a0\u00bbCANADA CARE MEDICAL\u00a0\u00bb font_container=\u00a0\u00bbtag:h1|text_align:left\u00a0\u00bb use_theme_fonts=\u00a0\u00bbyes\u00a0\u00bb google_fonts=\u00a0\u00bbfont_family:Abril%20Fatface%3Aregular|font_style:400%20regular%3A400%3Anormal\u00a0\u00bb link=\u00a0\u00bb\u00a0\u00bb][vc_column][dhvc_woo_product_page_breadcrumb el_class=\u00a0\u00bb\u00a0\u00bb][vc_custom_heading text=\u00a0\u00bbLITS D&rsquo;H\u00d4PITAUX ET ACCESSOIRES EN LOCATION\u00a0\u00bb font_container=\u00a0\u00bbtag:h1|text_align:left\u00a0\u00bb use_theme_fonts=\u00a0\u00bbyes\u00a0\u00bb el_class=\u00a0\u00bbfont25 mosterratbold padding25yt\u00a0\u00bb][\/vc_column][\/vc_row][vc_row equal_height=\u00a0\u00bbyes\u00a0\u00bb el_class=\u00a0\u00bbpadding25yt\u00a0\u00bb][vc_column width=\u00a0\u00bb1\/3&Prime; el_class=\u00a0\u00bbpadding10xr\u00a0\u00bb][vc_single_image image=\u00a0\u00bb5140&Prime; img_size=\u00a0\u00bbfull\u00a0\u00bb onclick=\u00a0\u00bbcustom_link\u00a0\u00bb el_class=\u00a0\u00bbfullwidthimg photoborder\u00a0\u00bb link=\u00a0\u00bb\/fr\/location-dequipement-medical\/lits-d-hopitaux-accessoires\/location-daide-au-lit\/\u00a0\u00bb][vc_custom_heading text=\u00a0\u00bbAIDE AU LIT EN LOCATION\u00a0\u00bb use_theme_fonts=\u00a0\u00bbyes\u00a0\u00bb el_class=\u00a0\u00bbfont14 mosterratbold cliq\u00a0\u00bb link=\u00a0\u00bburl:%2Ffr%2Flocation-dequipement-medical%2Flits-d-hopitaux-accessoires%2Flocation-daide-au-lit%2F|||\u00a0\u00bb][\/vc_column][vc_column width=\u00a0\u00bb1\/3&Prime; el_class=\u00a0\u00bbpadding5xl padding5xr\u00a0\u00bb][vc_single_image image=\u00a0\u00bb3515&Prime; img_size=\u00a0\u00bbfull\u00a0\u00bb onclick=\u00a0\u00bbcustom_link\u00a0\u00bb el_class=\u00a0\u00bbfullwidthimg photoborder\u00a0\u00bb link=\u00a0\u00bb\/fr\/location-dequipement-medical\/lits-d-hopitaux-accessoires\/location-dun-lit-dhopital-electrique\/\u00a0\u00bb][vc_custom_heading text=\u00a0\u00bbLIT D&rsquo;H\u00d4PITAL \u00c9LECTRIQUE EN LOCATION\u00a0\u00bb use_theme_fonts=\u00a0\u00bbyes\u00a0\u00bb el_class=\u00a0\u00bbfont14 mosterratbold cliq\u00a0\u00bb link=\u00a0\u00bburl:%2Ffr%2Flocation-dequipement-medical%2Flits-d-hopitaux-accessoires%2Flocation-dun-lit-dhopital-electrique%2F|||\u00a0\u00bb][\/vc_column][vc_column width=\u00a0\u00bb1\/3&Prime; el_class=\u00a0\u00bbpadding10xl\u00a0\u00bb][vc_single_image image=\u00a0\u00bb5316&Prime; img_size=\u00a0\u00bbfull\u00a0\u00bb onclick=\u00a0\u00bbcustom_link\u00a0\u00bb el_class=\u00a0\u00bbfullwidthimg photoborder\u00a0\u00bb link=\u00a0\u00bb\/fr\/location-dequipement-medical\/lits-d-hopitaux-accessoires\/lit-dhopital-manuel-en-location\/\u00a0\u00bb][vc_custom_heading text=\u00a0\u00bbLIT D&rsquo;H\u00d4PITAL MANUEL EN LOCATION\u00a0\u00bb use_theme_fonts=\u00a0\u00bbyes\u00a0\u00bb el_class=\u00a0\u00bbfont14 mosterratbold cliq\u00a0\u00bb link=\u00a0\u00bburl:https%3A%2F%2Fcanadacaremedical.com%2Ffr%2Flocation-dequipements-medicaux%2Flits-d-hopitaux-accessoires%2Flit-dhopital-manuel-en-location%2F|||\u00a0\u00bb][\/vc_column][\/vc_row][vc_row equal_height=\u00a0\u00bbyes\u00a0\u00bb el_class=\u00a0\u00bbpadding25yt\u00a0\u00bb][vc_column width=\u00a0\u00bb1\/3&Prime; el_class=\u00a0\u00bbpadding10xr\u00a0\u00bb][vc_single_image image=\u00a0\u00bb5625&Prime; img_size=\u00a0\u00bbfull\u00a0\u00bb onclick=\u00a0\u00bbcustom_link\u00a0\u00bb el_class=\u00a0\u00bbfullwidthimg photoborder\u00a0\u00bb link=\u00a0\u00bb\/fr\/location-dequipement-medical\/lits-d-hopitaux-accessoires\/location-dune-pompe-a-alternance\/\u00a0\u00bb][vc_custom_heading text=\u00a0\u00bbPOMPE \u00c0 ALTERNANCE EN LOCATION\u00a0\u00bb use_theme_fonts=\u00a0\u00bbyes\u00a0\u00bb el_class=\u00a0\u00bbfont14 mosterratbold cliq\u00a0\u00bb link=\u00a0\u00bburl:%2Ffr%2Flocation-dequipement-medical%2Flits-d-hopitaux-accessoires%2Flocation-dune-pompe-a-alternance%2F|||\u00a0\u00bb][\/vc_column][vc_column width=\u00a0\u00bb1\/3&Prime; el_class=\u00a0\u00bbpadding5xl padding5xr\u00a0\u00bb][vc_single_image image=\u00a0\u00bb5642&Prime; img_size=\u00a0\u00bbfull\u00a0\u00bb onclick=\u00a0\u00bbcustom_link\u00a0\u00bb el_class=\u00a0\u00bbfullwidthimg photoborder\u00a0\u00bb link=\u00a0\u00bb\/fr\/location-dequipement-medical\/lits-d-hopitaux-accessoires\/bed-rails-rental\/\u00a0\u00bb][vc_custom_heading text=\u00a0\u00bbBARRI\u00c8RES DE LIT EN LOCATION\u00a0\u00bb use_theme_fonts=\u00a0\u00bbyes\u00a0\u00bb el_class=\u00a0\u00bbfont14 mosterratbold cliq\u00a0\u00bb link=\u00a0\u00bburl:%2Ffr%2Flocation-dequipement-medical%2Flits-d-hopitaux-accessoires%2Fbed-rails-rental%2F|||\u00a0\u00bb][\/vc_column][vc_column width=\u00a0\u00bb1\/3&Prime; el_class=\u00a0\u00bbpadding10xl\u00a0\u00bb][vc_single_image image=\u00a0\u00bb5672&Prime; img_size=\u00a0\u00bbfull\u00a0\u00bb onclick=\u00a0\u00bbcustom_link\u00a0\u00bb el_class=\u00a0\u00bbfullwidthimg photoborder\u00a0\u00bb link=\u00a0\u00bb\/fr\/location-dequipement-medical\/lits-d-hopitaux-accessoires\/table-de-lit-en-location\/\u00a0\u00bb][vc_custom_heading text=\u00a0\u00bbTABLE DE LIT EN LOCATION\u00a0\u00bb use_theme_fonts=\u00a0\u00bbyes\u00a0\u00bb el_class=\u00a0\u00bbfont14 mosterratbold cliq\u00a0\u00bb link=\u00a0\u00bburl:https%3A%2F%2Fcanadacaremedical.com%2Ffr%2Flocation-dequipements-medicaux%2Flits-d-hopitaux-accessoires%2Ftable-de-lit-en-location%2F|||\u00a0\u00bb][\/vc_column][\/vc_row][vc_row][vc_column width=\u00a0\u00bb1\/3&Prime; el_class=\u00a0\u00bbpadding10xr\u00a0\u00bb][vc_single_image image=\u00a0\u00bb5722&Prime; img_size=\u00a0\u00bbfull\u00a0\u00bb onclick=\u00a0\u00bbcustom_link\u00a0\u00bb el_class=\u00a0\u00bbfullwidthimg photoborder\u00a0\u00bb link=\u00a0\u00bb\/fr\/location-dequipement-medical\/lits-d-hopitaux-accessoires\/location-dune-barre-en-trapeze\/\u00a0\u00bb][vc_custom_heading text=\u00a0\u00bbLOCATION D&rsquo;UNE BARRE EN TRAP\u00c8ZE\u00a0\u00bb use_theme_fonts=\u00a0\u00bbyes\u00a0\u00bb el_class=\u00a0\u00bbfont14 mosterratbold cliq\u00a0\u00bb link=\u00a0\u00bburl:https%3A%2F%2Fcanadacaremedical.com%2Ffr%2Flocation-dequipements-medicaux%2Flits-d-hopitaux-accessoires%2Flocation-dune-barre-en-trapeze%2F|||\u00a0\u00bb][\/vc_column][vc_column width=\u00a0\u00bb1\/3&Prime; el_class=\u00a0\u00bbpadding5xl padding5xr\u00a0\u00bb][vc_single_image image=\u00a0\u00bb5737&Prime; img_size=\u00a0\u00bbfull\u00a0\u00bb onclick=\u00a0\u00bbcustom_link\u00a0\u00bb el_class=\u00a0\u00bbfullwidthimg photoborder\u00a0\u00bb link=\u00a0\u00bb\/fr\/location-dequipement-medical\/lits-d-hopitaux-accessoires\/location-dune-barre-en-trapeze-avec-perche\/\u00a0\u00bb][vc_custom_heading text=\u00a0\u00bbBARRE EN TRAP\u00c8ZE AVEC PERCHE\u00a0\u00bb use_theme_fonts=\u00a0\u00bbyes\u00a0\u00bb el_class=\u00a0\u00bbfont14 mosterratbold cliq\u00a0\u00bb link=\u00a0\u00bburl:https%3A%2F%2Fcanadacaremedical.com%2Ffr%2Flocation-dequipements-medicaux%2Flits-d-hopitaux-accessoires%2Flocation-dune-barre-en-trapeze-avec-perche%2F|||\u00a0\u00bb][\/vc_column][vc_column width=\u00a0\u00bb1\/3&Prime;][\/vc_column][\/vc_row]<\/p>\n<\/div>","protected":false},"excerpt":{"rendered":"<p>[vc_row source=\u00a0\u00bb\u00a0\u00bb text=\u00a0\u00bbCANADA CARE MEDICAL\u00a0\u00bb font_container=\u00a0\u00bbtag:h1|text_align:left\u00a0\u00bb use_theme_fonts=\u00a0\u00bbyes\u00a0\u00bb google_fonts=\u00a0\u00bbfont_family:Abril%20Fatface%3Aregular|font_style:400%20regular%3A400%3Anormal\u00a0\u00bb link=\u00a0\u00bb\u00a0\u00bb][vc_column][dhvc_woo_product_page_breadcrumb el_class=\u00a0\u00bb\u00a0\u00bb][vc_custom_heading text=\u00a0\u00bbLITS D&rsquo;H\u00d4PITAUX ET ACCESSOIRES EN LOCATION\u00a0\u00bb font_container=\u00a0\u00bbtag:h1|text_align:left\u00a0\u00bb use_theme_fonts=\u00a0\u00bbyes\u00a0\u00bb el_class=\u00a0\u00bbfont25 mosterratbold padding25yt\u00a0\u00bb][\/vc_column][\/vc_row][vc_row equal_height=\u00a0\u00bbyes\u00a0\u00bb el_class=\u00a0\u00bbpadding25yt\u00a0\u00bb][vc_column width=\u00a0\u00bb1\/3&Prime; el_class=\u00a0\u00bbpadding10xr\u00a0\u00bb][vc_single_image image=\u00a0\u00bb5140&Prime; img_size=\u00a0\u00bbfull\u00a0\u00bb onclick=\u00a0\u00bbcustom_link\u00a0\u00bb el_class=\u00a0\u00bbfullwidthimg photoborder\u00a0\u00bb link=\u00a0\u00bb\/fr\/location-dequipement-medical\/lits-d-hopitaux-accessoires\/location-daide-au-lit\/\u00a0\u00bb][vc_custom_heading text=\u00a0\u00bbAIDE AU LIT EN LOCATION\u00a0\u00bb use_theme_fonts=\u00a0\u00bbyes\u00a0\u00bb el_class=\u00a0\u00bbfont14 mosterratbold cliq\u00a0\u00bb link=\u00a0\u00bburl:%2Ffr%2Flocation-dequipement-medical%2Flits-d-hopitaux-accessoires%2Flocation-daide-au-lit%2F|||\u00a0\u00bb][\/vc_column][vc_column width=\u00a0\u00bb1\/3&Prime; el_class=\u00a0\u00bbpadding5xl padding5xr\u00a0\u00bb][vc_single_image image=\u00a0\u00bb3515&Prime; img_size=\u00a0\u00bbfull\u00a0\u00bb onclick=\u00a0\u00bbcustom_link\u00a0\u00bb el_class=\u00a0\u00bbfullwidthimg photoborder\u00a0\u00bb link=\u00a0\u00bb\/fr\/location-dequipement-medical\/lits-d-hopitaux-accessoires\/location-dun-lit-dhopital-electrique\/\u00a0\u00bb][vc_custom_heading text=\u00a0\u00bbLIT D&rsquo;H\u00d4PITAL \u00c9LECTRIQUE EN LOCATION\u00a0\u00bb [&hellip;]<\/p>\n","protected":false},"author":5,"featured_media":0,"parent":1187,"menu_order":0,"comment_status":"closed","ping_status":"closed","template":"","meta":{"footnotes":""},"tags":[],"class_list":["post-3204","page","type-page","status-publish","hentry"],"yoast_head":"<!-- This site is optimized with the Yoast SEO plugin v27.3 - https:\/\/yoast.com\/product\/yoast-seo-wordpress\/ -->\n<title>Lits d&#039;h\u00f4pitaux et accessoires d&#039;hopital en location<\/title>\n<meta name=\"description\" content=\"Canada Care Medical offre un service de location de lits d&#039;h\u00f4pitaux et d&#039;accessoires pour lits d&#039;h\u00f4pitaux, adapt\u00e9s \u00e0 vos besoins.\" \/>\n<meta name=\"robots\" content=\"index, follow, max-snippet:-1, max-image-preview:large, max-video-preview:-1\" \/>\n<link rel=\"canonical\" href=\"https:\/\/canadacaremedical.com\/fr\/location-dequipements-medicaux\/lits-d-hopitaux-accessoires\/\" \/>\n<meta property=\"og:locale\" content=\"fr_FR\" \/>\n<meta property=\"og:type\" content=\"article\" \/>\n<meta property=\"og:title\" content=\"Lits d&#039;h\u00f4pitaux et accessoires d&#039;hopital en location\" \/>\n<meta property=\"og:description\" content=\"Canada Care Medical offre un service de location de lits d&#039;h\u00f4pitaux et d&#039;accessoires pour lits d&#039;h\u00f4pitaux, adapt\u00e9s \u00e0 vos besoins.\" \/>\n<meta property=\"og:url\" content=\"https:\/\/canadacaremedical.com\/fr\/location-dequipements-medicaux\/lits-d-hopitaux-accessoires\/\" \/>\n<meta property=\"og:site_name\" content=\"Canada Care Medical\" \/>\n<meta property=\"article:modified_time\" content=\"2020-02-26T19:16:11+00:00\" \/>\n<meta name=\"twitter:card\" content=\"summary_large_image\" \/>\n<meta name=\"twitter:label1\" content=\"Dur\u00e9e de lecture estim\u00e9e\" \/>\n\t<meta name=\"twitter:data1\" content=\"3 minutes\" \/>\n<script type=\"application\/ld+json\" class=\"yoast-schema-graph\">{\"@context\":\"https:\\\/\\\/schema.org\",\"@graph\":[{\"@type\":\"WebPage\",\"@id\":\"https:\\\/\\\/canadacaremedical.com\\\/fr\\\/location-dequipements-medicaux\\\/lits-d-hopitaux-accessoires\\\/\",\"url\":\"https:\\\/\\\/canadacaremedical.com\\\/fr\\\/location-dequipements-medicaux\\\/lits-d-hopitaux-accessoires\\\/\",\"name\":\"Lits d'h\u00f4pitaux et accessoires d'hopital en location\",\"isPartOf\":{\"@id\":\"https:\\\/\\\/canadacaremedical.com\\\/#website\"},\"datePublished\":\"2019-02-13T12:57:22+00:00\",\"dateModified\":\"2020-02-26T19:16:11+00:00\",\"description\":\"Canada Care Medical offre un service de location de lits d'h\u00f4pitaux et d'accessoires pour lits d'h\u00f4pitaux, adapt\u00e9s \u00e0 vos besoins.\",\"breadcrumb\":{\"@id\":\"https:\\\/\\\/canadacaremedical.com\\\/fr\\\/location-dequipements-medicaux\\\/lits-d-hopitaux-accessoires\\\/#breadcrumb\"},\"inLanguage\":\"fr-FR\",\"potentialAction\":[{\"@type\":\"ReadAction\",\"target\":[\"https:\\\/\\\/canadacaremedical.com\\\/fr\\\/location-dequipements-medicaux\\\/lits-d-hopitaux-accessoires\\\/\"]}]},{\"@type\":\"BreadcrumbList\",\"@id\":\"https:\\\/\\\/canadacaremedical.com\\\/fr\\\/location-dequipements-medicaux\\\/lits-d-hopitaux-accessoires\\\/#breadcrumb\",\"itemListElement\":[{\"@type\":\"ListItem\",\"position\":1,\"name\":\"Home\",\"item\":\"https:\\\/\\\/canadacaremedical.com\\\/fr\\\/\"},{\"@type\":\"ListItem\",\"position\":2,\"name\":\"LOCATION D&rsquo;\u00c9QUIPEMENTS M\u00c9DICAUX\",\"item\":\"https:\\\/\\\/canadacaremedical.com\\\/fr\\\/location-dequipements-medicaux\\\/\"},{\"@type\":\"ListItem\",\"position\":3,\"name\":\"LITS D&rsquo;H\u00d4PITAUX ET ACCESSOIRES\"}]},{\"@type\":\"WebSite\",\"@id\":\"https:\\\/\\\/canadacaremedical.com\\\/#website\",\"url\":\"https:\\\/\\\/canadacaremedical.com\\\/\",\"name\":\"Canada Care Medical\",\"description\":\"\",\"publisher\":{\"@id\":\"https:\\\/\\\/canadacaremedical.com\\\/#organization\"},\"potentialAction\":[{\"@type\":\"SearchAction\",\"target\":{\"@type\":\"EntryPoint\",\"urlTemplate\":\"https:\\\/\\\/canadacaremedical.com\\\/?s={search_term_string}\"},\"query-input\":{\"@type\":\"PropertyValueSpecification\",\"valueRequired\":true,\"valueName\":\"search_term_string\"}}],\"inLanguage\":\"fr-FR\"},{\"@type\":\"Organization\",\"@id\":\"https:\\\/\\\/canadacaremedical.com\\\/#organization\",\"name\":\"Canada Care Medical\",\"url\":\"https:\\\/\\\/canadacaremedical.com\\\/\",\"logo\":{\"@type\":\"ImageObject\",\"inLanguage\":\"fr-FR\",\"@id\":\"https:\\\/\\\/canadacaremedical.com\\\/#\\\/schema\\\/logo\\\/image\\\/\",\"url\":\"https:\\\/\\\/canadacaremedical.com\\\/wp-content\\\/uploads\\\/2022\\\/04\\\/cropped-CCM-an-NSM-company-website-vertical-no-50-1.png\",\"contentUrl\":\"https:\\\/\\\/canadacaremedical.com\\\/wp-content\\\/uploads\\\/2022\\\/04\\\/cropped-CCM-an-NSM-company-website-vertical-no-50-1.png\",\"width\":500,\"height\":181,\"caption\":\"Canada Care Medical\"},\"image\":{\"@id\":\"https:\\\/\\\/canadacaremedical.com\\\/#\\\/schema\\\/logo\\\/image\\\/\"}}]}<\/script>\n<!-- \/ Yoast SEO plugin. -->","yoast_head_json":{"title":"Lits d'h\u00f4pitaux et accessoires d'hopital en location","description":"Canada Care Medical offre un service de location de lits d'h\u00f4pitaux et d'accessoires pour lits d'h\u00f4pitaux, adapt\u00e9s \u00e0 vos besoins.","robots":{"index":"index","follow":"follow","max-snippet":"max-snippet:-1","max-image-preview":"max-image-preview:large","max-video-preview":"max-video-preview:-1"},"canonical":"https:\/\/canadacaremedical.com\/fr\/location-dequipements-medicaux\/lits-d-hopitaux-accessoires\/","og_locale":"fr_FR","og_type":"article","og_title":"Lits d'h\u00f4pitaux et accessoires d'hopital en location","og_description":"Canada Care Medical offre un service de location de lits d'h\u00f4pitaux et d'accessoires pour lits d'h\u00f4pitaux, adapt\u00e9s \u00e0 vos besoins.","og_url":"https:\/\/canadacaremedical.com\/fr\/location-dequipements-medicaux\/lits-d-hopitaux-accessoires\/","og_site_name":"Canada Care Medical","article_modified_time":"2020-02-26T19:16:11+00:00","twitter_card":"summary_large_image","twitter_misc":{"Dur\u00e9e de lecture estim\u00e9e":"3 minutes"},"schema":{"@context":"https:\/\/schema.org","@graph":[{"@type":"WebPage","@id":"https:\/\/canadacaremedical.com\/fr\/location-dequipements-medicaux\/lits-d-hopitaux-accessoires\/","url":"https:\/\/canadacaremedical.com\/fr\/location-dequipements-medicaux\/lits-d-hopitaux-accessoires\/","name":"Lits d'h\u00f4pitaux et accessoires d'hopital en location","isPartOf":{"@id":"https:\/\/canadacaremedical.com\/#website"},"datePublished":"2019-02-13T12:57:22+00:00","dateModified":"2020-02-26T19:16:11+00:00","description":"Canada Care Medical offre un service de location de lits d'h\u00f4pitaux et d'accessoires pour lits d'h\u00f4pitaux, adapt\u00e9s \u00e0 vos besoins.","breadcrumb":{"@id":"https:\/\/canadacaremedical.com\/fr\/location-dequipements-medicaux\/lits-d-hopitaux-accessoires\/#breadcrumb"},"inLanguage":"fr-FR","potentialAction":[{"@type":"ReadAction","target":["https:\/\/canadacaremedical.com\/fr\/location-dequipements-medicaux\/lits-d-hopitaux-accessoires\/"]}]},{"@type":"BreadcrumbList","@id":"https:\/\/canadacaremedical.com\/fr\/location-dequipements-medicaux\/lits-d-hopitaux-accessoires\/#breadcrumb","itemListElement":[{"@type":"ListItem","position":1,"name":"Home","item":"https:\/\/canadacaremedical.com\/fr\/"},{"@type":"ListItem","position":2,"name":"LOCATION D&rsquo;\u00c9QUIPEMENTS M\u00c9DICAUX","item":"https:\/\/canadacaremedical.com\/fr\/location-dequipements-medicaux\/"},{"@type":"ListItem","position":3,"name":"LITS D&rsquo;H\u00d4PITAUX ET ACCESSOIRES"}]},{"@type":"WebSite","@id":"https:\/\/canadacaremedical.com\/#website","url":"https:\/\/canadacaremedical.com\/","name":"Canada Care Medical","description":"","publisher":{"@id":"https:\/\/canadacaremedical.com\/#organization"},"potentialAction":[{"@type":"SearchAction","target":{"@type":"EntryPoint","urlTemplate":"https:\/\/canadacaremedical.com\/?s={search_term_string}"},"query-input":{"@type":"PropertyValueSpecification","valueRequired":true,"valueName":"search_term_string"}}],"inLanguage":"fr-FR"},{"@type":"Organization","@id":"https:\/\/canadacaremedical.com\/#organization","name":"Canada Care Medical","url":"https:\/\/canadacaremedical.com\/","logo":{"@type":"ImageObject","inLanguage":"fr-FR","@id":"https:\/\/canadacaremedical.com\/#\/schema\/logo\/image\/","url":"https:\/\/canadacaremedical.com\/wp-content\/uploads\/2022\/04\/cropped-CCM-an-NSM-company-website-vertical-no-50-1.png","contentUrl":"https:\/\/canadacaremedical.com\/wp-content\/uploads\/2022\/04\/cropped-CCM-an-NSM-company-website-vertical-no-50-1.png","width":500,"height":181,"caption":"Canada Care Medical"},"image":{"@id":"https:\/\/canadacaremedical.com\/#\/schema\/logo\/image\/"}}]}},"jetpack_sharing_enabled":true,"_links":{"self":[{"href":"https:\/\/canadacaremedical.com\/fr\/wp-json\/wp\/v2\/pages\/3204","targetHints":{"allow":["GET"]}}],"collection":[{"href":"https:\/\/canadacaremedical.com\/fr\/wp-json\/wp\/v2\/pages"}],"about":[{"href":"https:\/\/canadacaremedical.com\/fr\/wp-json\/wp\/v2\/types\/page"}],"author":[{"embeddable":true,"href":"https:\/\/canadacaremedical.com\/fr\/wp-json\/wp\/v2\/users\/5"}],"replies":[{"embeddable":true,"href":"https:\/\/canadacaremedical.com\/fr\/wp-json\/wp\/v2\/comments?post=3204"}],"version-history":[{"count":29,"href":"https:\/\/canadacaremedical.com\/fr\/wp-json\/wp\/v2\/pages\/3204\/revisions"}],"predecessor-version":[{"id":6252,"href":"https:\/\/canadacaremedical.com\/fr\/wp-json\/wp\/v2\/pages\/3204\/revisions\/6252"}],"up":[{"embeddable":true,"href":"https:\/\/canadacaremedical.com\/fr\/wp-json\/wp\/v2\/pages\/1187"}],"wp:attachment":[{"href":"https:\/\/canadacaremedical.com\/fr\/wp-json\/wp\/v2\/media?parent=3204"}],"wp:term":[{"taxonomy":"post_tag","embeddable":true,"href":"https:\/\/canadacaremedical.com\/fr\/wp-json\/wp\/v2\/tags?post=3204"}],"curies":[{"name":"wp","href":"https:\/\/api.w.org\/{rel}","templated":true}]}}