{"id":3222,"date":"2019-02-13T13:37:41","date_gmt":"2019-02-13T13:37:41","guid":{"rendered":"\/?page_id=3222"},"modified":"2020-02-26T17:56:31","modified_gmt":"2020-02-26T17:56:31","slug":"autres-produits-medicaux","status":"publish","type":"page","link":"https:\/\/canadacaremedical.com\/fr\/location-dequipements-medicaux\/autres-produits-medicaux\/","title":{"rendered":"AUTRES PRODUITS M\u00c9DICAUX"},"content":{"rendered":"<div class=\"wpb-content-wrapper\"><p>[vc_row source=\u00a0\u00bb\u00a0\u00bb text=\u00a0\u00bbCANADA CARE MEDICAL\u00a0\u00bb font_container=\u00a0\u00bbtag:h1|text_align:left\u00a0\u00bb use_theme_fonts=\u00a0\u00bbyes\u00a0\u00bb google_fonts=\u00a0\u00bbfont_family:Abril%20Fatface%3Aregular|font_style:400%20regular%3A400%3Anormal\u00a0\u00bb link=\u00a0\u00bb\u00a0\u00bb][vc_column][dhvc_woo_product_page_breadcrumb el_class=\u00a0\u00bb\u00a0\u00bb][vc_custom_heading text=\u00a0\u00bbAUTRES PRODUITS M\u00c9DICAUX EN LOCATION\u00a0\u00bb font_container=\u00a0\u00bbtag:h1|text_align:left\u00a0\u00bb use_theme_fonts=\u00a0\u00bbyes\u00a0\u00bb el_class=\u00a0\u00bbfont25 mosterratbold padding25yt\u00a0\u00bb][\/vc_column][\/vc_row][vc_row equal_height=\u00a0\u00bbyes\u00a0\u00bb el_class=\u00a0\u00bbpadding25yt\u00a0\u00bb][vc_column width=\u00a0\u00bb1\/3&Prime; el_class=\u00a0\u00bbpadding10xr\u00a0\u00bb][vc_single_image image=\u00a0\u00bb2925&Prime; img_size=\u00a0\u00bbfull\u00a0\u00bb onclick=\u00a0\u00bbcustom_link\u00a0\u00bb el_class=\u00a0\u00bbfullwidthimg photoborder\u00a0\u00bb link=\u00a0\u00bb\/fr\/location-dequipement-medical\/autres-produits-medicaux\/location-de-pompes-mammaire\/\u00a0\u00bb][vc_custom_heading text=\u00a0\u00bbPOMPES MAMMAIRES EN LOCATION\u00a0\u00bb use_theme_fonts=\u00a0\u00bbyes\u00a0\u00bb el_class=\u00a0\u00bbfont14 mosterratbold cliq\u00a0\u00bb link=\u00a0\u00bburl:%2Ffr%2Flocation-dequipement-medical%2Fautres-produits-medicaux%2Flocation-de-pompes-mammaire%2F|||\u00a0\u00bb][\/vc_column][vc_column width=\u00a0\u00bb1\/3&Prime; el_class=\u00a0\u00bbpadding5xl padding5xr\u00a0\u00bb][vc_single_image image=\u00a0\u00bb5800&Prime; img_size=\u00a0\u00bbfull\u00a0\u00bb onclick=\u00a0\u00bbcustom_link\u00a0\u00bb el_class=\u00a0\u00bbfullwidthimg photoborder\u00a0\u00bb link=\u00a0\u00bb\/fr\/location-dequipement-medical\/autres-produits-medicaux\/dispositif-mouvement-passif-continu\/\u00a0\u00bb][vc_custom_heading text=\u00a0\u00bbLOCATION D\u2019UN DISPOSITIF DE MOUVEMENT PASSIF CONTINU\u00a0\u00bb use_theme_fonts=\u00a0\u00bbyes\u00a0\u00bb el_class=\u00a0\u00bbfont14 mosterratbold cliq\u00a0\u00bb link=\u00a0\u00bburl:%2Ffr%2Flocation-dequipement-medical%2Fautres-produits-medicaux%2Fdispositif-mouvement-passif-continu%2F|||\u00a0\u00bb][\/vc_column][vc_column width=\u00a0\u00bb1\/3&Prime; el_class=\u00a0\u00bbpadding10xl\u00a0\u00bb][vc_single_image image=\u00a0\u00bb5815&Prime; img_size=\u00a0\u00bbfull\u00a0\u00bb onclick=\u00a0\u00bbcustom_link\u00a0\u00bb el_class=\u00a0\u00bbfullwidthimg photoborder\u00a0\u00bb link=\u00a0\u00bb\/fr\/location-dequipement-medical\/autres-produits-medicaux\/leve-patient-en-location\/\u00a0\u00bb][vc_custom_heading text=\u00a0\u00bbL\u00c8VE-PATIENT EN LOCATION\u00a0\u00bb use_theme_fonts=\u00a0\u00bbyes\u00a0\u00bb el_class=\u00a0\u00bbfont14 mosterratbold cliq\u00a0\u00bb link=\u00a0\u00bburl:https%3A%2F%2Fcanadacaremedical.com%2Ffr%2Flocation-dequipements-medicaux%2Fautres-produits-medicaux%2Fleve-patient-en-location%2F|||\u00a0\u00bb][\/vc_column][\/vc_row][vc_row][vc_column width=\u00a0\u00bb1\/3&Prime; el_class=\u00a0\u00bbpadding10xr\u00a0\u00bb][vc_single_image image=\u00a0\u00bb5826&Prime; img_size=\u00a0\u00bbfull\u00a0\u00bb onclick=\u00a0\u00bbcustom_link\u00a0\u00bb el_class=\u00a0\u00bbfullwidthimg photoborder\u00a0\u00bb link=\u00a0\u00bb\/fr\/location-dequipement-medical\/autres-produits-medicaux\/DISPOSITIF-DE-VITRECTOMIE-EN-LOCATION\/\u00a0\u00bb][vc_custom_heading text=\u00a0\u00bbDISPOSITIF DE VITRECTOMIE EN LOCATION\u00a0\u00bb use_theme_fonts=\u00a0\u00bbyes\u00a0\u00bb el_class=\u00a0\u00bbfont14 mosterratbold cliq\u00a0\u00bb link=\u00a0\u00bburl:https%3A%2F%2Fcanadacaremedical.com%2Ffr%2Flocation-dequipements-medicaux%2Fautres-produits-medicaux%2Fdispositif-de-vitrectomie-en-location%2F|||\u00a0\u00bb][\/vc_column][vc_column width=\u00a0\u00bb1\/3&Prime; el_class=\u00a0\u00bbpadding5xl padding5xr\u00a0\u00bb][vc_single_image image=\u00a0\u00bb5842&Prime; img_size=\u00a0\u00bbfull\u00a0\u00bb onclick=\u00a0\u00bbcustom_link\u00a0\u00bb el_class=\u00a0\u00bbfullwidthimg photoborder\u00a0\u00bb link=\u00a0\u00bb\/fr\/location-dequipement-medical\/autres-produits-medicaux\/location-dune-potence-a-roulettes-pour-intraveineuse\/\u00a0\u00bb][vc_custom_heading text=\u00a0\u00bbLOCATION D&rsquo;UNE POTENCE \u00c0 ROULETTES POUR INTRAVEINEUSE\u00a0\u00bb use_theme_fonts=\u00a0\u00bbyes\u00a0\u00bb el_class=\u00a0\u00bbfont14 mosterratbold cliq\u00a0\u00bb link=\u00a0\u00bburl:https%3A%2F%2Fcanadacaremedical.com%2Ffr%2Flocation-dequipements-medicaux%2Fautres-produits-medicaux%2Flocation-dune-potence-a-roulettes-pour-intraveineuses%2F|||\u00a0\u00bb][\/vc_column][vc_column width=\u00a0\u00bb1\/3&Prime;][\/vc_column][\/vc_row]<\/p>\n<\/div>","protected":false},"excerpt":{"rendered":"<p>[vc_row source=\u00a0\u00bb\u00a0\u00bb text=\u00a0\u00bbCANADA CARE MEDICAL\u00a0\u00bb font_container=\u00a0\u00bbtag:h1|text_align:left\u00a0\u00bb use_theme_fonts=\u00a0\u00bbyes\u00a0\u00bb google_fonts=\u00a0\u00bbfont_family:Abril%20Fatface%3Aregular|font_style:400%20regular%3A400%3Anormal\u00a0\u00bb link=\u00a0\u00bb\u00a0\u00bb][vc_column][dhvc_woo_product_page_breadcrumb el_class=\u00a0\u00bb\u00a0\u00bb][vc_custom_heading text=\u00a0\u00bbAUTRES PRODUITS M\u00c9DICAUX EN LOCATION\u00a0\u00bb font_container=\u00a0\u00bbtag:h1|text_align:left\u00a0\u00bb use_theme_fonts=\u00a0\u00bbyes\u00a0\u00bb el_class=\u00a0\u00bbfont25 mosterratbold padding25yt\u00a0\u00bb][\/vc_column][\/vc_row][vc_row equal_height=\u00a0\u00bbyes\u00a0\u00bb el_class=\u00a0\u00bbpadding25yt\u00a0\u00bb][vc_column width=\u00a0\u00bb1\/3&Prime; el_class=\u00a0\u00bbpadding10xr\u00a0\u00bb][vc_single_image image=\u00a0\u00bb2925&Prime; img_size=\u00a0\u00bbfull\u00a0\u00bb onclick=\u00a0\u00bbcustom_link\u00a0\u00bb el_class=\u00a0\u00bbfullwidthimg photoborder\u00a0\u00bb link=\u00a0\u00bb\/fr\/location-dequipement-medical\/autres-produits-medicaux\/location-de-pompes-mammaire\/\u00a0\u00bb][vc_custom_heading text=\u00a0\u00bbPOMPES MAMMAIRES EN LOCATION\u00a0\u00bb use_theme_fonts=\u00a0\u00bbyes\u00a0\u00bb el_class=\u00a0\u00bbfont14 mosterratbold cliq\u00a0\u00bb link=\u00a0\u00bburl:%2Ffr%2Flocation-dequipement-medical%2Fautres-produits-medicaux%2Flocation-de-pompes-mammaire%2F|||\u00a0\u00bb][\/vc_column][vc_column width=\u00a0\u00bb1\/3&Prime; el_class=\u00a0\u00bbpadding5xl padding5xr\u00a0\u00bb][vc_single_image image=\u00a0\u00bb5800&Prime; img_size=\u00a0\u00bbfull\u00a0\u00bb onclick=\u00a0\u00bbcustom_link\u00a0\u00bb el_class=\u00a0\u00bbfullwidthimg photoborder\u00a0\u00bb link=\u00a0\u00bb\/fr\/location-dequipement-medical\/autres-produits-medicaux\/dispositif-mouvement-passif-continu\/\u00a0\u00bb][vc_custom_heading text=\u00a0\u00bbLOCATION D\u2019UN DISPOSITIF DE MOUVEMENT PASSIF CONTINU\u00a0\u00bb [&hellip;]<\/p>\n","protected":false},"author":5,"featured_media":0,"parent":1187,"menu_order":0,"comment_status":"closed","ping_status":"closed","template":"","meta":{"footnotes":""},"tags":[],"class_list":["post-3222","page","type-page","status-publish","hentry"],"yoast_head":"<!-- This site is optimized with the Yoast SEO plugin v27.3 - https:\/\/yoast.com\/product\/yoast-seo-wordpress\/ -->\n<title>Produits m\u00e9dicaux en location - Canada Care Medical<\/title>\n<meta name=\"description\" content=\"Canada Care Medical offre plusieurs produits m\u00e9dicaux en location, disponibles pour des dur\u00e9es vari\u00e9es. D\u00e9couvrez notre gamme de produits.\" \/>\n<meta name=\"robots\" content=\"index, follow, max-snippet:-1, max-image-preview:large, max-video-preview:-1\" \/>\n<link rel=\"canonical\" href=\"https:\/\/canadacaremedical.com\/fr\/location-dequipements-medicaux\/autres-produits-medicaux\/\" \/>\n<meta property=\"og:locale\" content=\"fr_FR\" \/>\n<meta property=\"og:type\" content=\"article\" \/>\n<meta property=\"og:title\" content=\"Produits m\u00e9dicaux en location - Canada Care Medical\" \/>\n<meta property=\"og:description\" content=\"Canada Care Medical offre plusieurs produits m\u00e9dicaux en location, disponibles pour des dur\u00e9es vari\u00e9es. D\u00e9couvrez notre gamme de produits.\" \/>\n<meta property=\"og:url\" content=\"https:\/\/canadacaremedical.com\/fr\/location-dequipements-medicaux\/autres-produits-medicaux\/\" \/>\n<meta property=\"og:site_name\" content=\"Canada Care Medical\" \/>\n<meta property=\"article:modified_time\" content=\"2020-02-26T17:56:31+00:00\" \/>\n<meta name=\"twitter:card\" content=\"summary_large_image\" \/>\n<meta name=\"twitter:label1\" content=\"Dur\u00e9e de lecture estim\u00e9e\" \/>\n\t<meta name=\"twitter:data1\" content=\"2 minutes\" \/>\n<script type=\"application\/ld+json\" class=\"yoast-schema-graph\">{\"@context\":\"https:\\\/\\\/schema.org\",\"@graph\":[{\"@type\":\"WebPage\",\"@id\":\"https:\\\/\\\/canadacaremedical.com\\\/fr\\\/location-dequipements-medicaux\\\/autres-produits-medicaux\\\/\",\"url\":\"https:\\\/\\\/canadacaremedical.com\\\/fr\\\/location-dequipements-medicaux\\\/autres-produits-medicaux\\\/\",\"name\":\"Produits m\u00e9dicaux en location - Canada Care Medical\",\"isPartOf\":{\"@id\":\"https:\\\/\\\/canadacaremedical.com\\\/#website\"},\"datePublished\":\"2019-02-13T13:37:41+00:00\",\"dateModified\":\"2020-02-26T17:56:31+00:00\",\"description\":\"Canada Care Medical offre plusieurs produits m\u00e9dicaux en location, disponibles pour des dur\u00e9es vari\u00e9es. D\u00e9couvrez notre gamme de produits.\",\"breadcrumb\":{\"@id\":\"https:\\\/\\\/canadacaremedical.com\\\/fr\\\/location-dequipements-medicaux\\\/autres-produits-medicaux\\\/#breadcrumb\"},\"inLanguage\":\"fr-FR\",\"potentialAction\":[{\"@type\":\"ReadAction\",\"target\":[\"https:\\\/\\\/canadacaremedical.com\\\/fr\\\/location-dequipements-medicaux\\\/autres-produits-medicaux\\\/\"]}]},{\"@type\":\"BreadcrumbList\",\"@id\":\"https:\\\/\\\/canadacaremedical.com\\\/fr\\\/location-dequipements-medicaux\\\/autres-produits-medicaux\\\/#breadcrumb\",\"itemListElement\":[{\"@type\":\"ListItem\",\"position\":1,\"name\":\"Home\",\"item\":\"https:\\\/\\\/canadacaremedical.com\\\/fr\\\/\"},{\"@type\":\"ListItem\",\"position\":2,\"name\":\"LOCATION D&rsquo;\u00c9QUIPEMENTS M\u00c9DICAUX\",\"item\":\"https:\\\/\\\/canadacaremedical.com\\\/fr\\\/location-dequipements-medicaux\\\/\"},{\"@type\":\"ListItem\",\"position\":3,\"name\":\"AUTRES PRODUITS M\u00c9DICAUX\"}]},{\"@type\":\"WebSite\",\"@id\":\"https:\\\/\\\/canadacaremedical.com\\\/#website\",\"url\":\"https:\\\/\\\/canadacaremedical.com\\\/\",\"name\":\"Canada Care Medical\",\"description\":\"\",\"publisher\":{\"@id\":\"https:\\\/\\\/canadacaremedical.com\\\/#organization\"},\"potentialAction\":[{\"@type\":\"SearchAction\",\"target\":{\"@type\":\"EntryPoint\",\"urlTemplate\":\"https:\\\/\\\/canadacaremedical.com\\\/?s={search_term_string}\"},\"query-input\":{\"@type\":\"PropertyValueSpecification\",\"valueRequired\":true,\"valueName\":\"search_term_string\"}}],\"inLanguage\":\"fr-FR\"},{\"@type\":\"Organization\",\"@id\":\"https:\\\/\\\/canadacaremedical.com\\\/#organization\",\"name\":\"Canada Care Medical\",\"url\":\"https:\\\/\\\/canadacaremedical.com\\\/\",\"logo\":{\"@type\":\"ImageObject\",\"inLanguage\":\"fr-FR\",\"@id\":\"https:\\\/\\\/canadacaremedical.com\\\/#\\\/schema\\\/logo\\\/image\\\/\",\"url\":\"https:\\\/\\\/canadacaremedical.com\\\/wp-content\\\/uploads\\\/2022\\\/04\\\/cropped-CCM-an-NSM-company-website-vertical-no-50-1.png\",\"contentUrl\":\"https:\\\/\\\/canadacaremedical.com\\\/wp-content\\\/uploads\\\/2022\\\/04\\\/cropped-CCM-an-NSM-company-website-vertical-no-50-1.png\",\"width\":500,\"height\":181,\"caption\":\"Canada Care Medical\"},\"image\":{\"@id\":\"https:\\\/\\\/canadacaremedical.com\\\/#\\\/schema\\\/logo\\\/image\\\/\"}}]}<\/script>\n<!-- \/ Yoast SEO plugin. -->","yoast_head_json":{"title":"Produits m\u00e9dicaux en location - Canada Care Medical","description":"Canada Care Medical offre plusieurs produits m\u00e9dicaux en location, disponibles pour des dur\u00e9es vari\u00e9es. D\u00e9couvrez notre gamme de produits.","robots":{"index":"index","follow":"follow","max-snippet":"max-snippet:-1","max-image-preview":"max-image-preview:large","max-video-preview":"max-video-preview:-1"},"canonical":"https:\/\/canadacaremedical.com\/fr\/location-dequipements-medicaux\/autres-produits-medicaux\/","og_locale":"fr_FR","og_type":"article","og_title":"Produits m\u00e9dicaux en location - Canada Care Medical","og_description":"Canada Care Medical offre plusieurs produits m\u00e9dicaux en location, disponibles pour des dur\u00e9es vari\u00e9es. D\u00e9couvrez notre gamme de produits.","og_url":"https:\/\/canadacaremedical.com\/fr\/location-dequipements-medicaux\/autres-produits-medicaux\/","og_site_name":"Canada Care Medical","article_modified_time":"2020-02-26T17:56:31+00:00","twitter_card":"summary_large_image","twitter_misc":{"Dur\u00e9e de lecture estim\u00e9e":"2 minutes"},"schema":{"@context":"https:\/\/schema.org","@graph":[{"@type":"WebPage","@id":"https:\/\/canadacaremedical.com\/fr\/location-dequipements-medicaux\/autres-produits-medicaux\/","url":"https:\/\/canadacaremedical.com\/fr\/location-dequipements-medicaux\/autres-produits-medicaux\/","name":"Produits m\u00e9dicaux en location - Canada Care Medical","isPartOf":{"@id":"https:\/\/canadacaremedical.com\/#website"},"datePublished":"2019-02-13T13:37:41+00:00","dateModified":"2020-02-26T17:56:31+00:00","description":"Canada Care Medical offre plusieurs produits m\u00e9dicaux en location, disponibles pour des dur\u00e9es vari\u00e9es. D\u00e9couvrez notre gamme de produits.","breadcrumb":{"@id":"https:\/\/canadacaremedical.com\/fr\/location-dequipements-medicaux\/autres-produits-medicaux\/#breadcrumb"},"inLanguage":"fr-FR","potentialAction":[{"@type":"ReadAction","target":["https:\/\/canadacaremedical.com\/fr\/location-dequipements-medicaux\/autres-produits-medicaux\/"]}]},{"@type":"BreadcrumbList","@id":"https:\/\/canadacaremedical.com\/fr\/location-dequipements-medicaux\/autres-produits-medicaux\/#breadcrumb","itemListElement":[{"@type":"ListItem","position":1,"name":"Home","item":"https:\/\/canadacaremedical.com\/fr\/"},{"@type":"ListItem","position":2,"name":"LOCATION D&rsquo;\u00c9QUIPEMENTS M\u00c9DICAUX","item":"https:\/\/canadacaremedical.com\/fr\/location-dequipements-medicaux\/"},{"@type":"ListItem","position":3,"name":"AUTRES PRODUITS M\u00c9DICAUX"}]},{"@type":"WebSite","@id":"https:\/\/canadacaremedical.com\/#website","url":"https:\/\/canadacaremedical.com\/","name":"Canada Care Medical","description":"","publisher":{"@id":"https:\/\/canadacaremedical.com\/#organization"},"potentialAction":[{"@type":"SearchAction","target":{"@type":"EntryPoint","urlTemplate":"https:\/\/canadacaremedical.com\/?s={search_term_string}"},"query-input":{"@type":"PropertyValueSpecification","valueRequired":true,"valueName":"search_term_string"}}],"inLanguage":"fr-FR"},{"@type":"Organization","@id":"https:\/\/canadacaremedical.com\/#organization","name":"Canada Care Medical","url":"https:\/\/canadacaremedical.com\/","logo":{"@type":"ImageObject","inLanguage":"fr-FR","@id":"https:\/\/canadacaremedical.com\/#\/schema\/logo\/image\/","url":"https:\/\/canadacaremedical.com\/wp-content\/uploads\/2022\/04\/cropped-CCM-an-NSM-company-website-vertical-no-50-1.png","contentUrl":"https:\/\/canadacaremedical.com\/wp-content\/uploads\/2022\/04\/cropped-CCM-an-NSM-company-website-vertical-no-50-1.png","width":500,"height":181,"caption":"Canada Care Medical"},"image":{"@id":"https:\/\/canadacaremedical.com\/#\/schema\/logo\/image\/"}}]}},"jetpack_sharing_enabled":true,"_links":{"self":[{"href":"https:\/\/canadacaremedical.com\/fr\/wp-json\/wp\/v2\/pages\/3222","targetHints":{"allow":["GET"]}}],"collection":[{"href":"https:\/\/canadacaremedical.com\/fr\/wp-json\/wp\/v2\/pages"}],"about":[{"href":"https:\/\/canadacaremedical.com\/fr\/wp-json\/wp\/v2\/types\/page"}],"author":[{"embeddable":true,"href":"https:\/\/canadacaremedical.com\/fr\/wp-json\/wp\/v2\/users\/5"}],"replies":[{"embeddable":true,"href":"https:\/\/canadacaremedical.com\/fr\/wp-json\/wp\/v2\/comments?post=3222"}],"version-history":[{"count":14,"href":"https:\/\/canadacaremedical.com\/fr\/wp-json\/wp\/v2\/pages\/3222\/revisions"}],"predecessor-version":[{"id":6258,"href":"https:\/\/canadacaremedical.com\/fr\/wp-json\/wp\/v2\/pages\/3222\/revisions\/6258"}],"up":[{"embeddable":true,"href":"https:\/\/canadacaremedical.com\/fr\/wp-json\/wp\/v2\/pages\/1187"}],"wp:attachment":[{"href":"https:\/\/canadacaremedical.com\/fr\/wp-json\/wp\/v2\/media?parent=3222"}],"wp:term":[{"taxonomy":"post_tag","embeddable":true,"href":"https:\/\/canadacaremedical.com\/fr\/wp-json\/wp\/v2\/tags?post=3222"}],"curies":[{"name":"wp","href":"https:\/\/api.w.org\/{rel}","templated":true}]}}