{"id":3957,"date":"2019-02-20T11:14:02","date_gmt":"2019-02-20T11:14:02","guid":{"rendered":"\/?page_id=3957"},"modified":"2021-03-09T15:16:15","modified_gmt":"2021-03-09T15:16:15","slug":"modalites-dutilisation-du-site-web","status":"publish","type":"page","link":"https:\/\/canadacaremedical.com\/fr\/modalites-dutilisation-du-site-web\/","title":{"rendered":"Modalit\u00e9s d\u2019utilisation du site Web"},"content":{"rendered":"<div class=\"wpb-content-wrapper\"><p>[vc_row][vc_column][vc_column_text]<\/p>\n<p class=\"font13 mosterratlight uppercase\">RETOUR \u00c0 PAGE D\u2019<a class=\"black\" href=\"\/fr\/\">ACCUEIL CANADA CARE MEDICA<\/a>L<\/p>\n<p>[\/vc_column_text][\/vc_column][\/vc_row][vc_row el_class=\u00a0\u00bbpadding17yt\u00a0\u00bb][vc_column][vc_custom_heading text=\u00a0\u00bbModalit\u00e9s d\u2019utilisation du site Web\u00a0\u00bb font_container=\u00a0\u00bbtag:h1|text_align:left\u00a0\u00bb use_theme_fonts=\u00a0\u00bbyes\u00a0\u00bb el_class=\u00a0\u00bbfont25 mosterratbold\u00a0\u00bb][\/vc_column][\/vc_row][vc_row][vc_column][vc_column_text el_class=\u00a0\u00bbfont16&Prime;]Veuillez lire attentivement les modalit\u00e9s d\u2019utilisation du site Web de Canada Care Medical (CCM) qui suivent. Ces termes ainsi que le contenu du site Web de CCM peuvent \u00eatre modifi\u00e9s en tout temps par Canada Care Medical, et cela sans pr\u00e9avis.<\/p>\n<p>Ces termes (incluant les modifications) s\u2019appliquent \u00e0 tous les usagers du site Web CCM, et n\u2019affectent en rien les termes et modalit\u00e9s pr\u00e9existants concernant n\u2019importe lesquels des produits et \u00e9quipements m\u00e9dicaux et services CCM, ainsi que leurs politiques propres, et toute autre r\u00e8gle concernant le comportement professionnel relatif \u00e0 l\u2019information sur les clients qui pr\u00e9existent \u00e0 la mise en ligne du site Web CCM et qui s\u2019appliquent \u00e0 la compagnie CCM.<\/p>\n<p>En utilisant le site Web de CCM, vous reconnaissez avoir lu et compris les modalit\u00e9s d\u2019utilisation du site Web et vous acceptez ces modalit\u00e9s et d\u2019\u00eatre li\u00e9s par elles (incluant les modifications apport\u00e9es au site Web).<\/p>\n<h2><strong>A. Propri\u00e9t\u00e9 intellectuelle<\/strong><\/h2>\n<p>Le site Web CCM ainsi que tout le contenu s\u2019y trouvant sont prot\u00e9g\u00e9s par les lois canadiennes r\u00e9gissant les droits d\u2019auteurs, les marques de commerce et autres propri\u00e9t\u00e9s intellectuelles\u00a0ou trait\u00e9s en vigueur. Ce contenu demeure la propri\u00e9t\u00e9 de CCM.\u00a0Certains autres\u00a0contenus sont partag\u00e9s\u00a0avec la permission des manufacturiers de produits offerts \u00e0 CCM.<\/p>\n<p>Le contenu vis\u00e9 inclut sans y \u00eatre limit\u00e9 : les photos, images, textes, vid\u00e9os ou clips audio, concepts visuels, marques de commerce, slogans et autre se trouvant sur le site Web CCM. Toute utilisation de ce mat\u00e9riel sans la permission \u00e9crite de CCM est strictement prohib\u00e9e. Tous droits r\u00e9serv\u00e9s mondialement.<\/p>\n<h2><strong>B. Cadrage<\/strong><strong>, <\/strong><strong>liens <\/strong><strong>profond<\/strong><strong>s<\/strong><strong>et marquage<\/strong><\/h2>\n<p>Vous ne pouvez encadrer, cr\u00e9er un lien profond ou marquer, ainsi qu\u2019utiliser de toute autre fa\u00e7on les marques de commerce de CCM, ses logos, son design, ses images, sa mise en page ou autres informations disponibles sur le site Web de CCM, sans la permission \u00e9crite de CCM. De plus, vous ne pouvez utiliser les marques de commerce CCM, les logos, slogans noms de produits ou services dans la cr\u00e9ation de balises m\u00e9ta ou dans toute autre forme de textes ou r\u00e9f\u00e9rences cach\u00e9es, sans le consentement \u00e9crit de CCM.<\/p>\n<h2><strong>C. Hyperliens vers <\/strong><strong>des<\/strong><strong> sites Web<\/strong><strong> autres<\/strong><\/h2>\n<p>Le site Web de CCM peut contenir des hyperliens vers d\u2019autres sites Web qui ne sont pas la propri\u00e9t\u00e9 de CCM, \u00e0 des fins informationnelles pour l\u2019utilisateur. Cependant, CCM ne peut contr\u00f4ler et n\u2019est aucunement responsable du contenu ou de l\u2019information v\u00e9hicul\u00e9e sur ces sites Web. Toute pr\u00e9occupation ou tout commentaire relatifs \u00e0 ces sites Web doivent \u00eatre achemin\u00e9s vers les op\u00e9rateurs ou propri\u00e9taires de ces sites Web.<\/p>\n<h2><strong>D. Limitations de garanties<\/strong><strong> \u2014 <\/strong><strong>a<\/strong><strong>ucune <\/strong><strong>garantie, responsabilit\u00e9 ou repr\u00e9sentation<\/strong><strong>l\u00e9gale<\/strong><strong>s<\/strong><\/h2>\n<p>Le site Web CCM peut contenir des erreurs ou inexactitudes. Votre utilisation du site ou tout autre site en hyperliens avec le site Web CCM demeure de votre responsabilit\u00e9 et se fait \u00e0 vos risques. CCM ne peut \u00eatre tenu responsable de pertes ou dommages d\u00e9coulant de votre utilisation de l\u2019information partag\u00e9e sur le site Web ou de celle figurant sur les sites Web en hyperliens avec le site Web CCM.<\/p>\n<p>CCM\u00a0ne fait pas de repr\u00e9sentations ou n\u2019offre pas de garanties quant \u00e0 l\u2019exactitude ou \u00e0 la perfection de l\u2019information disponible sur son site Web, ou sur celui d\u2019autres sites Web en hyperliens avec le site Web CCM.<\/p>\n<p>L\u2019information relative \u00e0 nos produits et services, ainsi que leur disponibilit\u00e9 peut \u00eatre mise \u00e0 jour sans pr\u00e9avis.<\/p>\n<h2><strong>E. S\u00e9curit\u00e9 en ligne e<\/strong><strong>t Vie priv\u00e9e<\/strong><\/h2>\n<p><strong>Nous respectons <\/strong><strong>la Vie priv\u00e9e<\/strong><strong> &#8211;<\/strong>\u00a0CCM\u00a0s\u2019est toujours engag\u00e9 et continue de s\u2019engager \u00e0 prot\u00e9ger la vie priv\u00e9e de sa client\u00e8le, et \u00e0 pr\u00e9sent, des utilisateurs du site Web CCM.<\/p>\n<p>En utilisant le site Web CCM, ou en donnant votre information afin de recevoir le e-bulletin CCM lorsqu\u2019il sera lanc\u00e9, vous consentez \u00e0 ce que CCM fasse la collecte et utilise\u00a0l&rsquo;analyse m\u00e9trique de votre comportement sur le site Web, dans le contexte g\u00e9n\u00e9ral de collecte m\u00e9trique pour des fins de mesure de performance du site Web. Nos serveurs Web colligent divers d\u00e9tails techniques concernant votre visite, comme par exemple, le nombre de vos visites, les pages visit\u00e9es, votre type de fureteur, et la moyenne de temps de visite sur les pages Web. Ces donn\u00e9es ne contiennent pas d\u2019information personnelle. Nous utilisons cette collecte pour am\u00e9liorer notre site, r\u00e9parer les pages d\u00e9fectueuses et ajuster le type de contenu de page, afin qu\u2019il demeure pertinent pour les internautes.<\/p>\n<p>Si en tant que client de CCM, vous choisissez d\u2019ouvrir un compte personnel en ligne reli\u00e9 \u00e0 notre site Web, ou si vous vous abonnez \u00e0 notre e-bulletin, sachez que l\u2019information partag\u00e9e relative \u00e0 ces demandes n\u2019est en aucun cas mise en connexion avec votre dossier de sant\u00e9, si vous en poss\u00e9dez un en magasin.\u00a0 En effet, le site Web et les actifs en ligne sont compl\u00e8tement physiquement s\u00e9par\u00e9s du syst\u00e8me sur les donn\u00e9es des clients concernant leur sant\u00e9.\u00a0Cela est voulu, pour assurer la plus grande privaut\u00e9 des donn\u00e9es possible. Si vous avez ouvert un compte en ligne reli\u00e9 \u00e0 notre site Web, vous pouvez g\u00e9rer vous-m\u00eame l\u2019information y figurant.\u00a0Pour des raisons de s\u00e9curit\u00e9, il se peut que certaines des donn\u00e9es entourant votre panier d\u2019achats ne soient pas conserv\u00e9es en ligne et vous devrez \u00e0 ce moment compl\u00e9ter votre achat au moment ou un membre de notre \u00e9quipe vous contactera pour ce faire de vive voix.<\/p>\n<p>De temps \u00e0 autre, nous pouvons publier des t\u00e9moignages de clients sur nos pages de produits et services en obtenant d\u2019abord leur permission explicite et en n\u2019utilisant que leur premier nom.<\/p>\n<h2><strong>F<\/strong><strong>. <\/strong><strong>Lois applicables et j<\/strong><strong>uridiction comp\u00e9tente<\/strong><\/h2>\n<p>Les modalit\u00e9s d\u2019utilisation\u00a0et tout conflits concernant l&rsquo;utilisation du site Web CCM seront dirig\u00e9s par et interpr\u00e9t\u00e9s selon les Lois du gouvernement de l\u2019Ontario ainsi que les Lois f\u00e9d\u00e9rales du Canada applicable dans cette province, <a href=\"http:\/\/context.reverso.net\/translation\/french-english\/sans+accorder+d%27effet+%C3%A0\">sans accorder d&rsquo;effet \u00e0<\/a>\u00a0tout principe de conflit de lois juridiques. De tels conflits seront r\u00e9solus exclusivement par un tribunal comp\u00e9tent.<\/p>\n<h2><strong>G<\/strong><strong>.\u00a0<\/strong><strong>Comment<\/strong><strong>aires ou questions<\/strong><\/h2>\n<p>Si vous avez des commentaires ou des questions relatives aux pr\u00e9sentes modalit\u00e9s d\u2019utilisation du site Web CCM, veuillez s\u2019il-vous\u00a0pla\u00eet utiliser le courriel qui suit\u00a0: <a href=\"mailto:website@canadacaremedical.com\"><u>privacy@canadacaremedical.com<\/u><\/a>.[\/vc_column_text][\/vc_column][\/vc_row]<\/p>\n<\/div>","protected":false},"excerpt":{"rendered":"<p>[vc_row][vc_column][vc_column_text] RETOUR \u00c0 PAGE D\u2019ACCUEIL CANADA CARE MEDICAL [\/vc_column_text][\/vc_column][\/vc_row][vc_row el_class=\u00a0\u00bbpadding17yt\u00a0\u00bb][vc_column][vc_custom_heading text=\u00a0\u00bbModalit\u00e9s d\u2019utilisation du site Web\u00a0\u00bb font_container=\u00a0\u00bbtag:h1|text_align:left\u00a0\u00bb use_theme_fonts=\u00a0\u00bbyes\u00a0\u00bb el_class=\u00a0\u00bbfont25 mosterratbold\u00a0\u00bb][\/vc_column][\/vc_row][vc_row][vc_column][vc_column_text el_class=\u00a0\u00bbfont16&Prime;]Veuillez lire attentivement les modalit\u00e9s d\u2019utilisation du site Web de Canada Care Medical (CCM) qui suivent. Ces termes ainsi que le contenu du site Web de CCM peuvent \u00eatre modifi\u00e9s en tout temps par Canada Care [&hellip;]<\/p>\n","protected":false},"author":1,"featured_media":0,"parent":0,"menu_order":0,"comment_status":"closed","ping_status":"closed","template":"","meta":{"footnotes":""},"tags":[],"class_list":["post-3957","page","type-page","status-publish","hentry"],"yoast_head":"<!-- This site is optimized with the Yoast SEO plugin v27.3 - https:\/\/yoast.com\/product\/yoast-seo-wordpress\/ -->\n<title>Modalit\u00e9s d\u2019utilisation du site Web - Canada Care Medical<\/title>\n<meta name=\"robots\" content=\"index, follow, max-snippet:-1, max-image-preview:large, max-video-preview:-1\" \/>\n<link rel=\"canonical\" href=\"https:\/\/canadacaremedical.com\/fr\/modalites-dutilisation-du-site-web\/\" \/>\n<meta property=\"og:locale\" content=\"fr_FR\" \/>\n<meta property=\"og:type\" content=\"article\" \/>\n<meta property=\"og:title\" content=\"Modalit\u00e9s d\u2019utilisation du site Web - Canada Care Medical\" \/>\n<meta property=\"og:description\" content=\"[vc_row][vc_column][vc_column_text] RETOUR \u00c0 PAGE D\u2019ACCUEIL CANADA CARE MEDICAL [\/vc_column_text][\/vc_column][\/vc_row][vc_row el_class=\u00a0\u00bbpadding17yt\u00a0\u00bb][vc_column][vc_custom_heading text=\u00a0\u00bbModalit\u00e9s d\u2019utilisation du site Web\u00a0\u00bb font_container=\u00a0\u00bbtag:h1|text_align:left\u00a0\u00bb use_theme_fonts=\u00a0\u00bbyes\u00a0\u00bb el_class=\u00a0\u00bbfont25 mosterratbold\u00a0\u00bb][\/vc_column][\/vc_row][vc_row][vc_column][vc_column_text el_class=\u00a0\u00bbfont16&Prime;]Veuillez lire attentivement les modalit\u00e9s d\u2019utilisation du site Web de Canada Care Medical (CCM) qui suivent. Ces termes ainsi que le contenu du site Web de CCM peuvent \u00eatre modifi\u00e9s en tout temps par Canada Care [&hellip;]\" \/>\n<meta property=\"og:url\" content=\"https:\/\/canadacaremedical.com\/fr\/modalites-dutilisation-du-site-web\/\" \/>\n<meta property=\"og:site_name\" content=\"Canada Care Medical\" \/>\n<meta property=\"article:modified_time\" content=\"2021-03-09T15:16:15+00:00\" \/>\n<meta name=\"twitter:card\" content=\"summary_large_image\" \/>\n<meta name=\"twitter:label1\" content=\"Dur\u00e9e de lecture estim\u00e9e\" \/>\n\t<meta name=\"twitter:data1\" content=\"6 minutes\" \/>\n<script type=\"application\/ld+json\" class=\"yoast-schema-graph\">{\"@context\":\"https:\\\/\\\/schema.org\",\"@graph\":[{\"@type\":\"WebPage\",\"@id\":\"https:\\\/\\\/canadacaremedical.com\\\/fr\\\/modalites-dutilisation-du-site-web\\\/\",\"url\":\"https:\\\/\\\/canadacaremedical.com\\\/fr\\\/modalites-dutilisation-du-site-web\\\/\",\"name\":\"Modalit\u00e9s d\u2019utilisation du site Web - Canada Care Medical\",\"isPartOf\":{\"@id\":\"https:\\\/\\\/canadacaremedical.com\\\/#website\"},\"datePublished\":\"2019-02-20T11:14:02+00:00\",\"dateModified\":\"2021-03-09T15:16:15+00:00\",\"breadcrumb\":{\"@id\":\"https:\\\/\\\/canadacaremedical.com\\\/fr\\\/modalites-dutilisation-du-site-web\\\/#breadcrumb\"},\"inLanguage\":\"fr-FR\",\"potentialAction\":[{\"@type\":\"ReadAction\",\"target\":[\"https:\\\/\\\/canadacaremedical.com\\\/fr\\\/modalites-dutilisation-du-site-web\\\/\"]}]},{\"@type\":\"BreadcrumbList\",\"@id\":\"https:\\\/\\\/canadacaremedical.com\\\/fr\\\/modalites-dutilisation-du-site-web\\\/#breadcrumb\",\"itemListElement\":[{\"@type\":\"ListItem\",\"position\":1,\"name\":\"Home\",\"item\":\"https:\\\/\\\/canadacaremedical.com\\\/fr\\\/\"},{\"@type\":\"ListItem\",\"position\":2,\"name\":\"Modalit\u00e9s d\u2019utilisation du site Web\"}]},{\"@type\":\"WebSite\",\"@id\":\"https:\\\/\\\/canadacaremedical.com\\\/#website\",\"url\":\"https:\\\/\\\/canadacaremedical.com\\\/\",\"name\":\"Canada Care Medical\",\"description\":\"\",\"publisher\":{\"@id\":\"https:\\\/\\\/canadacaremedical.com\\\/#organization\"},\"potentialAction\":[{\"@type\":\"SearchAction\",\"target\":{\"@type\":\"EntryPoint\",\"urlTemplate\":\"https:\\\/\\\/canadacaremedical.com\\\/?s={search_term_string}\"},\"query-input\":{\"@type\":\"PropertyValueSpecification\",\"valueRequired\":true,\"valueName\":\"search_term_string\"}}],\"inLanguage\":\"fr-FR\"},{\"@type\":\"Organization\",\"@id\":\"https:\\\/\\\/canadacaremedical.com\\\/#organization\",\"name\":\"Canada Care Medical\",\"url\":\"https:\\\/\\\/canadacaremedical.com\\\/\",\"logo\":{\"@type\":\"ImageObject\",\"inLanguage\":\"fr-FR\",\"@id\":\"https:\\\/\\\/canadacaremedical.com\\\/#\\\/schema\\\/logo\\\/image\\\/\",\"url\":\"https:\\\/\\\/canadacaremedical.com\\\/wp-content\\\/uploads\\\/2022\\\/04\\\/cropped-CCM-an-NSM-company-website-vertical-no-50-1.png\",\"contentUrl\":\"https:\\\/\\\/canadacaremedical.com\\\/wp-content\\\/uploads\\\/2022\\\/04\\\/cropped-CCM-an-NSM-company-website-vertical-no-50-1.png\",\"width\":500,\"height\":181,\"caption\":\"Canada Care Medical\"},\"image\":{\"@id\":\"https:\\\/\\\/canadacaremedical.com\\\/#\\\/schema\\\/logo\\\/image\\\/\"}}]}<\/script>\n<!-- \/ Yoast SEO plugin. -->","yoast_head_json":{"title":"Modalit\u00e9s d\u2019utilisation du site Web - Canada Care Medical","robots":{"index":"index","follow":"follow","max-snippet":"max-snippet:-1","max-image-preview":"max-image-preview:large","max-video-preview":"max-video-preview:-1"},"canonical":"https:\/\/canadacaremedical.com\/fr\/modalites-dutilisation-du-site-web\/","og_locale":"fr_FR","og_type":"article","og_title":"Modalit\u00e9s d\u2019utilisation du site Web - Canada Care Medical","og_description":"[vc_row][vc_column][vc_column_text] RETOUR \u00c0 PAGE D\u2019ACCUEIL CANADA CARE MEDICAL [\/vc_column_text][\/vc_column][\/vc_row][vc_row el_class=\u00a0\u00bbpadding17yt\u00a0\u00bb][vc_column][vc_custom_heading text=\u00a0\u00bbModalit\u00e9s d\u2019utilisation du site Web\u00a0\u00bb font_container=\u00a0\u00bbtag:h1|text_align:left\u00a0\u00bb use_theme_fonts=\u00a0\u00bbyes\u00a0\u00bb el_class=\u00a0\u00bbfont25 mosterratbold\u00a0\u00bb][\/vc_column][\/vc_row][vc_row][vc_column][vc_column_text el_class=\u00a0\u00bbfont16&Prime;]Veuillez lire attentivement les modalit\u00e9s d\u2019utilisation du site Web de Canada Care Medical (CCM) qui suivent. Ces termes ainsi que le contenu du site Web de CCM peuvent \u00eatre modifi\u00e9s en tout temps par Canada Care [&hellip;]","og_url":"https:\/\/canadacaremedical.com\/fr\/modalites-dutilisation-du-site-web\/","og_site_name":"Canada Care Medical","article_modified_time":"2021-03-09T15:16:15+00:00","twitter_card":"summary_large_image","twitter_misc":{"Dur\u00e9e de lecture estim\u00e9e":"6 minutes"},"schema":{"@context":"https:\/\/schema.org","@graph":[{"@type":"WebPage","@id":"https:\/\/canadacaremedical.com\/fr\/modalites-dutilisation-du-site-web\/","url":"https:\/\/canadacaremedical.com\/fr\/modalites-dutilisation-du-site-web\/","name":"Modalit\u00e9s d\u2019utilisation du site Web - Canada Care Medical","isPartOf":{"@id":"https:\/\/canadacaremedical.com\/#website"},"datePublished":"2019-02-20T11:14:02+00:00","dateModified":"2021-03-09T15:16:15+00:00","breadcrumb":{"@id":"https:\/\/canadacaremedical.com\/fr\/modalites-dutilisation-du-site-web\/#breadcrumb"},"inLanguage":"fr-FR","potentialAction":[{"@type":"ReadAction","target":["https:\/\/canadacaremedical.com\/fr\/modalites-dutilisation-du-site-web\/"]}]},{"@type":"BreadcrumbList","@id":"https:\/\/canadacaremedical.com\/fr\/modalites-dutilisation-du-site-web\/#breadcrumb","itemListElement":[{"@type":"ListItem","position":1,"name":"Home","item":"https:\/\/canadacaremedical.com\/fr\/"},{"@type":"ListItem","position":2,"name":"Modalit\u00e9s d\u2019utilisation du site Web"}]},{"@type":"WebSite","@id":"https:\/\/canadacaremedical.com\/#website","url":"https:\/\/canadacaremedical.com\/","name":"Canada Care Medical","description":"","publisher":{"@id":"https:\/\/canadacaremedical.com\/#organization"},"potentialAction":[{"@type":"SearchAction","target":{"@type":"EntryPoint","urlTemplate":"https:\/\/canadacaremedical.com\/?s={search_term_string}"},"query-input":{"@type":"PropertyValueSpecification","valueRequired":true,"valueName":"search_term_string"}}],"inLanguage":"fr-FR"},{"@type":"Organization","@id":"https:\/\/canadacaremedical.com\/#organization","name":"Canada Care Medical","url":"https:\/\/canadacaremedical.com\/","logo":{"@type":"ImageObject","inLanguage":"fr-FR","@id":"https:\/\/canadacaremedical.com\/#\/schema\/logo\/image\/","url":"https:\/\/canadacaremedical.com\/wp-content\/uploads\/2022\/04\/cropped-CCM-an-NSM-company-website-vertical-no-50-1.png","contentUrl":"https:\/\/canadacaremedical.com\/wp-content\/uploads\/2022\/04\/cropped-CCM-an-NSM-company-website-vertical-no-50-1.png","width":500,"height":181,"caption":"Canada Care Medical"},"image":{"@id":"https:\/\/canadacaremedical.com\/#\/schema\/logo\/image\/"}}]}},"jetpack_sharing_enabled":true,"_links":{"self":[{"href":"https:\/\/canadacaremedical.com\/fr\/wp-json\/wp\/v2\/pages\/3957","targetHints":{"allow":["GET"]}}],"collection":[{"href":"https:\/\/canadacaremedical.com\/fr\/wp-json\/wp\/v2\/pages"}],"about":[{"href":"https:\/\/canadacaremedical.com\/fr\/wp-json\/wp\/v2\/types\/page"}],"author":[{"embeddable":true,"href":"https:\/\/canadacaremedical.com\/fr\/wp-json\/wp\/v2\/users\/1"}],"replies":[{"embeddable":true,"href":"https:\/\/canadacaremedical.com\/fr\/wp-json\/wp\/v2\/comments?post=3957"}],"version-history":[{"count":6,"href":"https:\/\/canadacaremedical.com\/fr\/wp-json\/wp\/v2\/pages\/3957\/revisions"}],"predecessor-version":[{"id":7026,"href":"https:\/\/canadacaremedical.com\/fr\/wp-json\/wp\/v2\/pages\/3957\/revisions\/7026"}],"wp:attachment":[{"href":"https:\/\/canadacaremedical.com\/fr\/wp-json\/wp\/v2\/media?parent=3957"}],"wp:term":[{"taxonomy":"post_tag","embeddable":true,"href":"https:\/\/canadacaremedical.com\/fr\/wp-json\/wp\/v2\/tags?post=3957"}],"curies":[{"name":"wp","href":"https:\/\/api.w.org\/{rel}","templated":true}]}}