{"id":500,"date":"2018-12-28T10:28:53","date_gmt":"2018-12-28T10:28:53","guid":{"rendered":"\/?page_id=500"},"modified":"2021-03-16T09:38:05","modified_gmt":"2021-03-16T09:38:05","slug":"le-groupe-dentreprises-canada-care-medical","status":"publish","type":"page","link":"https:\/\/canadacaremedical.com\/fr\/le-groupe-dentreprises-canada-care-medical\/","title":{"rendered":"Le Groupe d\u2019entreprises Canada Care Medical"},"content":{"rendered":"<div class=\"wpb-content-wrapper\"><p>[vc_row][vc_column][dhvc_woo_product_page_breadcrumb el_class=\u00a0\u00bb\u00a0\u00bb][vc_single_image image=\u00a0\u00bb3026&Prime; img_size=\u00a0\u00bbfull\u00a0\u00bb el_class=\u00a0\u00bbpadding17yt\u00a0\u00bb][vc_custom_heading text=\u00a0\u00bbLe Groupe d\u2019entreprises Canada Care Medical\u00a0\u00bb font_container=\u00a0\u00bbtag:h1|text_align:left\u00a0\u00bb use_theme_fonts=\u00a0\u00bbyes\u00a0\u00bb el_class=\u00a0\u00bbfont25 mosterratbold padding25yt\u00a0\u00bb][vc_column_text]<\/p>\n<h2 class=\"font16 mosterratbolditalic nomargintop\">Sp\u00e9cialistes des produits de soins en sant\u00e9 au service des Canadiens depuis 1969.<\/h2>\n<p>[\/vc_column_text][vc_column_text el_class=\u00a0\u00bbpadding17yt\u00a0\u00bb]<\/p>\n<p class=\"font16 mosterratbold\">En 2019, Canada Care Medical c\u00e9l\u00e8bre son 50e anniversaire !<\/p>\n<p class=\"font16\">Depuis cinq d\u00e9cennies, Canada Care Medical s\u2019engage au quotidien \u00e0 fournir aux Canadiens les meilleurs produits m\u00e9dicaux possible afin de favoriser les r\u00e9sultats cliniques de chaque client, et ce, \u00e0 un co\u00fbt comp\u00e9titif. L\u2019\u00e9quipe CCM poss\u00e8de les comp\u00e9tences n\u00e9cessaires pour guider la client\u00e8le, afin d\u2019assurer qu\u2019elle puisse tirer le maximum de ses achats.<\/p>\n<p class=\"font16 mosterratbold\">Canada Care Medical se fait un point d\u2019honneur d\u2019\u00eatre un pourvoyeur de produits m\u00e9dicaux sp\u00e9cialis\u00e9s centr\u00e9e sur les besoins particuliers de chacun de ses clients.<\/p>\n<p>[\/vc_column_text][vc_column_text el_class=\u00a0\u00bbpadding17yt font16&Prime;]Canada Care Medical a toujours \u00e9t\u00e9 une entreprise familiale, orient\u00e9 vers la famille. L\u2019entreprise fut fond\u00e9e en 1969, en r\u00e9ponse \u00e0 une recherche infructueuse pour des produits sp\u00e9cialis\u00e9s pour les stomis\u00e9. Il n&rsquo;en existait nulle part dans la grande r\u00e9gion d\u2019Ottawa. Le fondateur de Canada Care Medical, Brian Meloche, r\u00e9alisa alors qu\u2019il y avait une grande demande pour des produits m\u00e9dicaux de la part de consommateurs aux prises avec diff\u00e9rents d\u00e9fis de sant\u00e9. Il d\u00e9cida donc de r\u00e9pondre \u00e0 ce besoin en fournissant une myriade de produits m\u00e9dicaux sp\u00e9cialis\u00e9s, aidant ainsi les personnes qui le d\u00e9siraient \u00e0 am\u00e9liorer leur retour \u00e0 la sant\u00e9 et reprendre leurs activit\u00e9s normales.<\/p>\n<p>D\u00e8s le d\u00e9but, Brian a su transmettre sa passion aux divers membres de sa famille, et depuis cinq d\u00e9cennies, ceux-ci ont relev\u00e9 le d\u00e9fi et s\u2019investissent dans une tradition de service \u00e0 son prochain, tout en d\u00e9veloppant toujours davantage l\u2019entreprise familiale. En 50 ans, la gamme de produits et l\u2019inventaire ont continu\u00e9 d\u2019augmenter jusqu\u2019\u00e0 aujourd\u2019hui, ou l\u2019on peut compter 10 magasins et quatre entrep\u00f4ts r\u00e9partis dans trois provinces canadiennes.<\/p>\n<p>L\u2019essor de l\u2019entreprise ne s\u2019est pas arr\u00eat\u00e9 l\u00e0. Certains des plus gros pourvoyeurs de soins de sant\u00e9 : les R\u00e9seaux locaux d\u2019int\u00e9gration des services de sant\u00e9 (RLISS) de l\u2019Ontario ont accord\u00e9 et accordent \u00e0 ce jour \u00e0 Canada Care Medical des contrats en soumission par l\u2019entremise du gouvernement de l\u2019Ontario, de mani\u00e8re \u00e0 assurer \u00e0 leur client\u00e8le les meilleurs produits m\u00e9dicaux possible. Canada Care Medical dessert actuellement plusieurs territoires des RLISS et a su syst\u00e9matiquement exc\u00e9der les normes de prestations rigoureuses exig\u00e9es par les RLISS. Ces normes touchent la gestion rapide des commandes, la livraison au client dans les limites de temps prescrites, la disponibilit\u00e9 des stocks pour les commandes d\u2019envergure ainsi que l&rsquo;exactitude de la prise de commande et des livraisons. L\u2019entrep\u00f4t de Brampton en particulier, s\u2019est distingu\u00e9 en obtenant la prestigieuse ISO 9001:2015 Enregistrement de Syst\u00e8mes de Gestion de la Qualit\u00e9, ce qui implique des audits annuels et une am\u00e9lioration des processus en continu.<\/p>\n<p>De pair avec son offre de centaines de cat\u00e9gories de produits m\u00e9dicaux, CCM met \u00e0 la disposition de sa client\u00e8le un programme de r\u00e9paration et d\u2019installation de produits chez le client ou en magasin, pour des produits tels les triporteurs, quadriporteurs ou monte-escaliers. Canada Care Medical s\u2019occupe aussi de la client\u00e8le n\u00e9cessitant des options temporaires, par le truchement de son programme de location d\u2019\u00e9quipement m\u00e9dical qui met au service de la client\u00e8le une flotte de produits vari\u00e9s, dont les fauteuils roulants, les d\u00e9ambulateurs, les quadriporteurs, les triporteurs et les lits d\u2019h\u00f4pitaux, \u00e0 des prix toujours comp\u00e9titifs<\/p>\n<p>Depuis 2011, CCM a rempli plus d\u2019un million de commandes en produits m\u00e9dicaux. La majorit\u00e9 de l\u2019inventaire est facilement disponible pour achat en magasin, par commandes intermagasins ou par livraison jusqu\u2019\u00e0 votre porte.[\/vc_column_text][\/vc_column][\/vc_row][vc_row el_class=\u00a0\u00bbpadding25yt\u00a0\u00bb][vc_column][vc_tta_tabs style=\u00a0\u00bbflat\u00a0\u00bb shape=\u00a0\u00bbsquare\u00a0\u00bb active_section=\u00a0\u00bb1&Prime;][vc_tta_section title=\u00a0\u00bbFAITS SAILLANTS\u00a0\u00bb tab_id=\u00a0\u00bbCANADA-CARE-HIGHLIGHTS\u00a0\u00bb][vc_column_text]<\/p>\n<ul>\n<li>Notre magasin d\u2019Ottawa est un hypermarch\u00e9 approuv\u00e9 par le PAAF (Programme d\u2019appareils et accessoires fonctionnels) reconnu qui facilite l\u2019obtention de produits m\u00e9dicaux requis par prescription.<\/li>\n<li>Notre approvisionnement en est un des plus vastes au pays, comprenant plusieurs centaines de cat\u00e9gories de produits divers.<\/li>\n<li>Nous offrons 10 magasins au pays, ainsi que quatre entrep\u00f4ts afin de satisfaire \u00e0 la demande de nos clients.<\/li>\n<li>Nous sommes un fournisseur de services qui avons r\u00e9ussi le processus de pr\u00e9qualification au niveau quatre, Fournitures m\u00e9dicales et \u00e9quipements m\u00e9dicaux, aupr\u00e8s de la SCSO (Services communs pour la sant\u00e9 Ontario).<\/li>\n<li>Nous avons rempli plus d\u2019un million de commandes entre 2011 et 2017.<\/li>\n<li>Notre entrep\u00f4t de Brampton est reconnu et enregistr\u00e9 au niveau de la Norme internationale relative au syst\u00e8me de management de la qualit\u00e9 (SMQ) ISO 9001:2015.<\/li>\n<li>Nous sommes fiers d\u2019\u00eatre membres de l\u2019Association canadienne d\u2019Appareils fonctionnels (ACAF).<\/li>\n<li>Nous avons obtenu la cote A+ aupr\u00e8s du Better Business Bureau.<\/li>\n<li>Nous redonnons \u00e0 la communaut\u00e9, ainsi qu\u2019\u00e0 la communaut\u00e9 des soins de sant\u00e9 en particulier, en soutenant diff\u00e9rentes initiatives chaque ann\u00e9e.<\/li>\n<li>Nous offrons un site web optimis\u00e9 pour une plus grande accessibilit\u00e9 selon les normes canadiennes en expansion, et nous croyons en une plus grande accessibilit\u00e9 pour tous les Canadiens.<\/li>\n<\/ul>\n<p>[\/vc_column_text][\/vc_tta_section][vc_tta_section title=\u00a0\u00bbNOTRE \u00c9QUIPE\u00a0\u00bb tab_id=\u00a0\u00bbOUR-TEAM\u00a0\u00bb][vc_column_text]Le soin apport\u00e9 aupr\u00e8s de la client\u00e8le est au centre des pr\u00e9occupations pour le personnel et la direction d&rsquo;entreprise \u00e0 tous les niveaux. Nous nous faisons un point d\u2019honneur de r\u00e9pondre rapidement aux appels et de donner toute notre attention aux clients en magasin. Nous offrons une \u00e9coute sur mesure \u00e0 tous ceux qui nous consultent, car chaque situation est diff\u00e9rente.<\/p>\n<ul>\n<li>Nous comptons parmi nous des infirmi\u00e8res autoris\u00e9es, des sp\u00e9cialistes en mobilit\u00e9s et en vente, des sp\u00e9cialistes techniques en r\u00e9paration, des ajusteurs de v\u00eatements de compression certifi\u00e9s et un th\u00e9rapeute certifi\u00e9 en ent\u00e9rostomie.<\/li>\n<li>La plupart des membres de l\u2019\u00e9quipe du bureau des commandes ont suivi et compl\u00e9t\u00e9 une certification leur permettant de devenir un ajusteur certifi\u00e9 en v\u00eatements compressifs.<\/li>\n<li>Nous mettons au service de notre client\u00e8le une vaste exp\u00e9rience provenant de notre interaction marchande avec des fournisseurs en services de sant\u00e9 tels les RLISS de l\u2019Ontario, qui requi\u00e8rent un excellent contr\u00f4le de la qualit\u00e9 ainsi qu\u2019une connaissance exceptionnelle du domaine des produits et services m\u00e9dicaux.<\/li>\n<li>Nos employ\u00e9s suivent r\u00e9guli\u00e8rement de la formation offerte par les manufacturiers de produits m\u00e9dicaux, afin d\u2019assurer les meilleures comp\u00e9tences en mati\u00e8re de connaissance des produits, pour mieux servir notre client\u00e8le.<\/li>\n<li>Nous avons une \u00e9quipe d\u00e9di\u00e9e aux services d\u2019installation et de r\u00e9paration qui sont l\u00e0 pour vous aider en magasin ou dans le confort de votre demeure.<\/li>\n<li>Notre d\u00e9partement de location d\u2019\u00e9quipement m\u00e9dical vous aidera \u00e0 obtenir le produit qu\u2019il vous faut, si votre besoin est temporaire.<\/li>\n<\/ul>\n<p>[\/vc_column_text][\/vc_tta_section][vc_tta_section title=\u00a0\u00bbNOS ENGAGEMENTS\u00a0\u00bb tab_id=\u00a0\u00bbOUR-COMMITMENTS\u00a0\u00bb][vc_column_text]Notre d\u00e9veloppement durable des cinquante derni\u00e8res ann\u00e9es est fond\u00e9 sur notre croyance en la poursuite de l\u2019excellence. Voici les politiques qui gouvernent la fa\u00e7on dont nous nous comportons en affaires :<\/p>\n<p><strong>1. Normes et politiques op\u00e9rationnelles<\/strong><br \/>\nNos normes sont la r\u00e9sultante de maintes ann\u00e9es d\u2019exp\u00e9rience \u00e0 livrer des produits et \u00e9quipements m\u00e9dicaux dans la communaut\u00e9 et elles assurent notre d\u00e9veloppement durable.<br \/>\n<strong>2. Programme d&rsquo;am\u00e9lioration de la qualit\u00e9<\/strong><br \/>\nUne utilisation rigoureuse en continu de ce programme depuis maintes ann\u00e9es a eu pour effet de peaufiner nos politiques op\u00e9rationnelles.<br \/>\n<strong>3. Programme de gestion du risque<\/strong><br \/>\nNous nous servons d\u2019un programme de gestion formel, assur\u00e9 par les lois et la r\u00e9glementation de la Province de l\u2019Ontario et du Canada. Notre philosophie va jusqu\u2019\u00e0 l\u2019\u00e9tablissement de param\u00e8tres de comportements promulguant la s\u00e9curit\u00e9 de nos clients, de leurs familles, des soignants, des agences impliqu\u00e9es et de la communaut\u00e9 en g\u00e9n\u00e9ral.<br \/>\n<strong>4. Normes de conduite<\/strong><br \/>\nNotre adh\u00e9rence \u00e0 des standards d\u2019excellence se refl\u00e8te dans nos Normes de conduite. Celles-ci identifient les mod\u00e8les de comportements corrects souhait\u00e9s afin de promulguer la s\u00e9curit\u00e9 de nos clients, de leurs familles, des soignants, des agences impliqu\u00e9es et de la communaut\u00e9 en g\u00e9n\u00e9ral. Ces normes influencent la fa\u00e7on dont nous g\u00e9rons aussi le risque en affaires. Ces normes se rapportent \u00e0 :<br \/>\n&#8211; La qualit\u00e9 des soins.<br \/>\n&#8211; La conformit\u00e9 avec les lois et r\u00e8glements.<br \/>\n&#8211; Les proc\u00e9dures de gestion \u00e9thiques.<br \/>\n&#8211; La politique sur les conflits d\u2019int\u00e9r\u00eats.<br \/>\n&#8211; L\u2019engagement envers les employ\u00e9s.<\/p>\n<p>Notre ressource la plus pr\u00e9cieuse c\u2019est nos employ\u00e9s. Nous nous traitons les uns les autres avec respect et consid\u00e9rations, tout en favorisant un environnement qui promulgue le d\u00e9veloppement personnel et professionnel et qui r\u00e9compense la performance.<br \/>\n<strong>5. Un syst\u00e8me d\u2019inventaire sophistiqu\u00e9<\/strong><br \/>\nNous nous servons d\u2019un syst\u00e8me de gestion des inventaires afin d\u2019assurer en tout temps des niveaux suffisants de stock, afin de satisfaire \u00e0 la demande des clients.<br \/>\n<strong>6. Droits des clients \u00e0 la confidentialit\u00e9<\/strong><br \/>\nL\u2019acc\u00e8s \u00e0 notre r\u00e9seau est limit\u00e9 \u00e0 une connectivit\u00e9 par c\u00e2ble physique, ou RNIS consacr\u00e9. Un pare-feu physique prot\u00e8ge les postes de travail ayant acc\u00e8s \u00e0 Internet.<br \/>\nL\u2019acc\u00e8s aux donn\u00e9es du r\u00e9seau est aussi prot\u00e9g\u00e9 par des privil\u00e8ges de branchements et des mots de passe. Nous exigeons de suivre \u00e0 la lettre les politiques de confidentialit\u00e9s \u00e0 la fois en ligne et pendant l\u2019utilisation de l\u2019information sur les clients pour remplir des commandes, selon la<a href=\"https:\/\/www.priv.gc.ca\/fr\/sujets-lies-a-la-protection-de-la-vie-privee\/lois-sur-la-protection-des-renseignements-personnels-au-canada\/la-loi-sur-la-protection-des-renseignements-personnels-et-les-documents-electroniques-lprpde\/\"> Loi sur la protection des renseignements personnels et les documents \u00e9lectroniques<\/a><\/p>\n<p><a href=\"\/fr\/canada-care-medical-notre-mission\/\">Plus d\u2019information sur Canada Care Medical<\/a>[\/vc_column_text][\/vc_tta_section][\/vc_tta_tabs][\/vc_column][\/vc_row]<\/p>\n<\/div>","protected":false},"excerpt":{"rendered":"<p>[vc_row][vc_column][dhvc_woo_product_page_breadcrumb el_class=\u00a0\u00bb\u00a0\u00bb][vc_single_image image=\u00a0\u00bb3026&Prime; img_size=\u00a0\u00bbfull\u00a0\u00bb el_class=\u00a0\u00bbpadding17yt\u00a0\u00bb][vc_custom_heading text=\u00a0\u00bbLe Groupe d\u2019entreprises Canada Care Medical\u00a0\u00bb font_container=\u00a0\u00bbtag:h1|text_align:left\u00a0\u00bb use_theme_fonts=\u00a0\u00bbyes\u00a0\u00bb el_class=\u00a0\u00bbfont25 mosterratbold padding25yt\u00a0\u00bb][vc_column_text] Sp\u00e9cialistes des produits de soins en sant\u00e9 au service des Canadiens depuis 1969. [\/vc_column_text][vc_column_text el_class=\u00a0\u00bbpadding17yt\u00a0\u00bb] En 2019, Canada Care Medical c\u00e9l\u00e8bre son 50e anniversaire ! Depuis cinq d\u00e9cennies, Canada Care Medical s\u2019engage au quotidien \u00e0 fournir aux Canadiens les [&hellip;]<\/p>\n","protected":false},"author":5,"featured_media":0,"parent":0,"menu_order":0,"comment_status":"closed","ping_status":"closed","template":"","meta":{"footnotes":""},"tags":[],"class_list":["post-500","page","type-page","status-publish","hentry"],"yoast_head":"<!-- This site is optimized with the Yoast SEO plugin v27.3 - https:\/\/yoast.com\/product\/yoast-seo-wordpress\/ -->\n<title>Le Groupe d\u2019entreprises Canada Care Medical - Canada Care Medical<\/title>\n<meta name=\"description\" content=\"Depuis cinq d\u00e9cennies, Canada Care Medical s\u2019engage au quotidien \u00e0 fournir aux Canadiens les meilleurs produits m\u00e9dicaux possible.\" \/>\n<meta name=\"robots\" content=\"index, follow, max-snippet:-1, max-image-preview:large, max-video-preview:-1\" \/>\n<link rel=\"canonical\" href=\"https:\/\/canadacaremedical.com\/fr\/le-groupe-dentreprises-canada-care-medical\/\" \/>\n<meta property=\"og:locale\" content=\"fr_FR\" \/>\n<meta property=\"og:type\" content=\"article\" \/>\n<meta property=\"og:title\" content=\"Le Groupe d\u2019entreprises Canada Care Medical - Canada Care Medical\" \/>\n<meta property=\"og:description\" content=\"Depuis cinq d\u00e9cennies, Canada Care Medical s\u2019engage au quotidien \u00e0 fournir aux Canadiens les meilleurs produits m\u00e9dicaux possible.\" \/>\n<meta property=\"og:url\" content=\"https:\/\/canadacaremedical.com\/fr\/le-groupe-dentreprises-canada-care-medical\/\" \/>\n<meta property=\"og:site_name\" content=\"Canada Care Medical\" \/>\n<meta property=\"article:modified_time\" content=\"2021-03-16T09:38:05+00:00\" \/>\n<meta name=\"twitter:card\" content=\"summary_large_image\" \/>\n<meta name=\"twitter:label1\" content=\"Dur\u00e9e de lecture estim\u00e9e\" \/>\n\t<meta name=\"twitter:data1\" content=\"9 minutes\" \/>\n<script type=\"application\/ld+json\" class=\"yoast-schema-graph\">{\"@context\":\"https:\\\/\\\/schema.org\",\"@graph\":[{\"@type\":\"WebPage\",\"@id\":\"https:\\\/\\\/canadacaremedical.com\\\/fr\\\/le-groupe-dentreprises-canada-care-medical\\\/\",\"url\":\"https:\\\/\\\/canadacaremedical.com\\\/fr\\\/le-groupe-dentreprises-canada-care-medical\\\/\",\"name\":\"Le Groupe d\u2019entreprises Canada Care Medical - Canada Care Medical\",\"isPartOf\":{\"@id\":\"https:\\\/\\\/canadacaremedical.com\\\/#website\"},\"datePublished\":\"2018-12-28T10:28:53+00:00\",\"dateModified\":\"2021-03-16T09:38:05+00:00\",\"description\":\"Depuis cinq d\u00e9cennies, Canada Care Medical s\u2019engage au quotidien \u00e0 fournir aux Canadiens les meilleurs produits m\u00e9dicaux possible.\",\"breadcrumb\":{\"@id\":\"https:\\\/\\\/canadacaremedical.com\\\/fr\\\/le-groupe-dentreprises-canada-care-medical\\\/#breadcrumb\"},\"inLanguage\":\"fr-FR\",\"potentialAction\":[{\"@type\":\"ReadAction\",\"target\":[\"https:\\\/\\\/canadacaremedical.com\\\/fr\\\/le-groupe-dentreprises-canada-care-medical\\\/\"]}]},{\"@type\":\"BreadcrumbList\",\"@id\":\"https:\\\/\\\/canadacaremedical.com\\\/fr\\\/le-groupe-dentreprises-canada-care-medical\\\/#breadcrumb\",\"itemListElement\":[{\"@type\":\"ListItem\",\"position\":1,\"name\":\"Home\",\"item\":\"https:\\\/\\\/canadacaremedical.com\\\/fr\\\/\"},{\"@type\":\"ListItem\",\"position\":2,\"name\":\"Le Groupe d\u2019entreprises Canada Care Medical\"}]},{\"@type\":\"WebSite\",\"@id\":\"https:\\\/\\\/canadacaremedical.com\\\/#website\",\"url\":\"https:\\\/\\\/canadacaremedical.com\\\/\",\"name\":\"Canada Care Medical\",\"description\":\"\",\"publisher\":{\"@id\":\"https:\\\/\\\/canadacaremedical.com\\\/#organization\"},\"potentialAction\":[{\"@type\":\"SearchAction\",\"target\":{\"@type\":\"EntryPoint\",\"urlTemplate\":\"https:\\\/\\\/canadacaremedical.com\\\/?s={search_term_string}\"},\"query-input\":{\"@type\":\"PropertyValueSpecification\",\"valueRequired\":true,\"valueName\":\"search_term_string\"}}],\"inLanguage\":\"fr-FR\"},{\"@type\":\"Organization\",\"@id\":\"https:\\\/\\\/canadacaremedical.com\\\/#organization\",\"name\":\"Canada Care Medical\",\"url\":\"https:\\\/\\\/canadacaremedical.com\\\/\",\"logo\":{\"@type\":\"ImageObject\",\"inLanguage\":\"fr-FR\",\"@id\":\"https:\\\/\\\/canadacaremedical.com\\\/#\\\/schema\\\/logo\\\/image\\\/\",\"url\":\"https:\\\/\\\/canadacaremedical.com\\\/wp-content\\\/uploads\\\/2022\\\/04\\\/cropped-CCM-an-NSM-company-website-vertical-no-50-1.png\",\"contentUrl\":\"https:\\\/\\\/canadacaremedical.com\\\/wp-content\\\/uploads\\\/2022\\\/04\\\/cropped-CCM-an-NSM-company-website-vertical-no-50-1.png\",\"width\":500,\"height\":181,\"caption\":\"Canada Care Medical\"},\"image\":{\"@id\":\"https:\\\/\\\/canadacaremedical.com\\\/#\\\/schema\\\/logo\\\/image\\\/\"}}]}<\/script>\n<!-- \/ Yoast SEO plugin. -->","yoast_head_json":{"title":"Le Groupe d\u2019entreprises Canada Care Medical - Canada Care Medical","description":"Depuis cinq d\u00e9cennies, Canada Care Medical s\u2019engage au quotidien \u00e0 fournir aux Canadiens les meilleurs produits m\u00e9dicaux possible.","robots":{"index":"index","follow":"follow","max-snippet":"max-snippet:-1","max-image-preview":"max-image-preview:large","max-video-preview":"max-video-preview:-1"},"canonical":"https:\/\/canadacaremedical.com\/fr\/le-groupe-dentreprises-canada-care-medical\/","og_locale":"fr_FR","og_type":"article","og_title":"Le Groupe d\u2019entreprises Canada Care Medical - Canada Care Medical","og_description":"Depuis cinq d\u00e9cennies, Canada Care Medical s\u2019engage au quotidien \u00e0 fournir aux Canadiens les meilleurs produits m\u00e9dicaux possible.","og_url":"https:\/\/canadacaremedical.com\/fr\/le-groupe-dentreprises-canada-care-medical\/","og_site_name":"Canada Care Medical","article_modified_time":"2021-03-16T09:38:05+00:00","twitter_card":"summary_large_image","twitter_misc":{"Dur\u00e9e de lecture estim\u00e9e":"9 minutes"},"schema":{"@context":"https:\/\/schema.org","@graph":[{"@type":"WebPage","@id":"https:\/\/canadacaremedical.com\/fr\/le-groupe-dentreprises-canada-care-medical\/","url":"https:\/\/canadacaremedical.com\/fr\/le-groupe-dentreprises-canada-care-medical\/","name":"Le Groupe d\u2019entreprises Canada Care Medical - Canada Care Medical","isPartOf":{"@id":"https:\/\/canadacaremedical.com\/#website"},"datePublished":"2018-12-28T10:28:53+00:00","dateModified":"2021-03-16T09:38:05+00:00","description":"Depuis cinq d\u00e9cennies, Canada Care Medical s\u2019engage au quotidien \u00e0 fournir aux Canadiens les meilleurs produits m\u00e9dicaux possible.","breadcrumb":{"@id":"https:\/\/canadacaremedical.com\/fr\/le-groupe-dentreprises-canada-care-medical\/#breadcrumb"},"inLanguage":"fr-FR","potentialAction":[{"@type":"ReadAction","target":["https:\/\/canadacaremedical.com\/fr\/le-groupe-dentreprises-canada-care-medical\/"]}]},{"@type":"BreadcrumbList","@id":"https:\/\/canadacaremedical.com\/fr\/le-groupe-dentreprises-canada-care-medical\/#breadcrumb","itemListElement":[{"@type":"ListItem","position":1,"name":"Home","item":"https:\/\/canadacaremedical.com\/fr\/"},{"@type":"ListItem","position":2,"name":"Le Groupe d\u2019entreprises Canada Care Medical"}]},{"@type":"WebSite","@id":"https:\/\/canadacaremedical.com\/#website","url":"https:\/\/canadacaremedical.com\/","name":"Canada Care Medical","description":"","publisher":{"@id":"https:\/\/canadacaremedical.com\/#organization"},"potentialAction":[{"@type":"SearchAction","target":{"@type":"EntryPoint","urlTemplate":"https:\/\/canadacaremedical.com\/?s={search_term_string}"},"query-input":{"@type":"PropertyValueSpecification","valueRequired":true,"valueName":"search_term_string"}}],"inLanguage":"fr-FR"},{"@type":"Organization","@id":"https:\/\/canadacaremedical.com\/#organization","name":"Canada Care Medical","url":"https:\/\/canadacaremedical.com\/","logo":{"@type":"ImageObject","inLanguage":"fr-FR","@id":"https:\/\/canadacaremedical.com\/#\/schema\/logo\/image\/","url":"https:\/\/canadacaremedical.com\/wp-content\/uploads\/2022\/04\/cropped-CCM-an-NSM-company-website-vertical-no-50-1.png","contentUrl":"https:\/\/canadacaremedical.com\/wp-content\/uploads\/2022\/04\/cropped-CCM-an-NSM-company-website-vertical-no-50-1.png","width":500,"height":181,"caption":"Canada Care Medical"},"image":{"@id":"https:\/\/canadacaremedical.com\/#\/schema\/logo\/image\/"}}]}},"jetpack_sharing_enabled":true,"_links":{"self":[{"href":"https:\/\/canadacaremedical.com\/fr\/wp-json\/wp\/v2\/pages\/500","targetHints":{"allow":["GET"]}}],"collection":[{"href":"https:\/\/canadacaremedical.com\/fr\/wp-json\/wp\/v2\/pages"}],"about":[{"href":"https:\/\/canadacaremedical.com\/fr\/wp-json\/wp\/v2\/types\/page"}],"author":[{"embeddable":true,"href":"https:\/\/canadacaremedical.com\/fr\/wp-json\/wp\/v2\/users\/5"}],"replies":[{"embeddable":true,"href":"https:\/\/canadacaremedical.com\/fr\/wp-json\/wp\/v2\/comments?post=500"}],"version-history":[{"count":18,"href":"https:\/\/canadacaremedical.com\/fr\/wp-json\/wp\/v2\/pages\/500\/revisions"}],"predecessor-version":[{"id":7045,"href":"https:\/\/canadacaremedical.com\/fr\/wp-json\/wp\/v2\/pages\/500\/revisions\/7045"}],"wp:attachment":[{"href":"https:\/\/canadacaremedical.com\/fr\/wp-json\/wp\/v2\/media?parent=500"}],"wp:term":[{"taxonomy":"post_tag","embeddable":true,"href":"https:\/\/canadacaremedical.com\/fr\/wp-json\/wp\/v2\/tags?post=500"}],"curies":[{"name":"wp","href":"https:\/\/api.w.org\/{rel}","templated":true}]}}