{"id":509,"date":"2018-12-28T10:54:43","date_gmt":"2018-12-28T10:54:43","guid":{"rendered":"\/?page_id=509"},"modified":"2021-03-09T15:42:59","modified_gmt":"2021-03-09T15:42:59","slug":"historique-du-groupe-dentreprises-canada-care-medical","status":"publish","type":"page","link":"https:\/\/canadacaremedical.com\/fr\/historique-du-groupe-dentreprises-canada-care-medical\/","title":{"rendered":"Historique du Groupe d\u2019entreprises Canada Care Medical"},"content":{"rendered":"<div class=\"wpb-content-wrapper\"><p>[vc_row source=\u00a0\u00bb\u00a0\u00bb text=\u00a0\u00bbCANADA CARE MEDICAL\u00a0\u00bb font_container=\u00a0\u00bbtag:h1|text_align:left\u00a0\u00bb use_theme_fonts=\u00a0\u00bbyes\u00a0\u00bb google_fonts=\u00a0\u00bbfont_family:Abril%20Fatface%3Aregular|font_style:400%20regular%3A400%3Anormal\u00a0\u00bb el_class=\u00a0\u00bbfont25 mosterratbold padding25yt\u00a0\u00bb link=\u00a0\u00bb\u00a0\u00bb][vc_column][dhvc_woo_product_page_breadcrumb el_class=\u00a0\u00bb\u00a0\u00bb][vc_custom_heading text=\u00a0\u00bbHistorique du Groupe d\u2019entreprises Canada Care Medical\u00a0\u00bb font_container=\u00a0\u00bbtag:h1|text_align:left\u00a0\u00bb use_theme_fonts=\u00a0\u00bbyes\u00a0\u00bb el_class=\u00a0\u00bbfont25 mosterratbold padding36t\u00a0\u00bb][\/vc_column][\/vc_row][vc_row el_class=\u00a0\u00bbpadding25yt\u00a0\u00bb][vc_column width=\u00a0\u00bb5\/12&Prime;][vc_single_image image=\u00a0\u00bb3682&Prime; img_size=\u00a0\u00bbfull\u00a0\u00bb el_class=\u00a0\u00bbfullwidthimg\u00a0\u00bb][\/vc_column][vc_column width=\u00a0\u00bb7\/12&Prime; el_class=\u00a0\u00bbpadding24xl\u00a0\u00bb][vc_column_text el_class=\u00a0\u00bbfont16&Prime;]<\/p>\n<h2>Canada Care Medical connut ses d\u00e9buts en 1969 sous l\u2019appellation <em>Ottawa Ostomy Centre<\/em>.<\/h2>\n<p>Au d\u00e9part, l\u2019entreprise fournissait uniquement des produits de soins pour les stomis\u00e9s ainsi que des services attenants pour les patients, h\u00f4pitaux et distributeurs.<br \/>\nEn 1970, le propri\u00e9taire et fondateur Brian Meloche obtint le titre de Th\u00e9rapeute certifi\u00e9 en ent\u00e9rostomie, apr\u00e8s avoir \u00e9t\u00e9 dipl\u00f4m\u00e9 de l\u2019H\u00f4pital Harrisburg (certification offerte conjointement avec l\u2019universit\u00e9 Temple) \u00e0 Harrisburg en Pennsylvanie. Une fois cette certification obtenue, Brian put d\u00e9sormais offrir des services en consultation aux patients et \u00e0 la communaut\u00e9 m\u00e9dicale, services qui n\u2019\u00e9taient pas offerts dans la grande r\u00e9gion d\u2019Ottawa \u00e0 l\u2019\u00e9poque.[\/vc_column_text][\/vc_column][\/vc_row][vc_row el_class=\u00a0\u00bbpadding17yt\u00a0\u00bb][vc_column][vc_column_text el_class=\u00a0\u00bbfont16&Prime;]Par la suite, le <em>Ottawa Ostomy Centre<\/em> et ses filiales ont \u00e9t\u00e9 renomm\u00e9es <em>Canada Care Home Health<\/em>. Ce changement co\u00efncidait avec de nouvelles perc\u00e9es pour la compagnie, celle-ci offrant d\u00e9sormais plus de produits m\u00e9dicaux et services dans des secteurs additionnels tels la mobilit\u00e9, le soin des plaies et les aides \u00e0 la vie quotidienne.<\/p>\n<p>En 1991, <em>Canada Care Home Health<\/em> adopta une nouvelle appellation plus repr\u00e9sentative de sa transformation et qui demeurera celle utilis\u00e9e \u00e0 ce jour : <em>Canada Care Medical inc<\/em>.<\/p>\n<p>Canada Care Medical a connu une courbe de d\u00e9veloppement appr\u00e9ciable depuis ses d\u00e9buts en 1969, pour inclure l\u2019acquisition de plusieurs compagnies qu\u00e9b\u00e9coises : <em>Les Entreprises m\u00e9dicales de l\u2019Outaouais, M\u00e9di-Sant\u00e9<\/em> et <em>Ergo-Sant\u00e9<\/em>, ainsi qu&rsquo;<em>Embracor Medical<\/em> dans les Maritimes. CCM poss\u00e8de aussi une filiale \u00e0 l\u2019int\u00e9rieur de l\u2019H\u00f4pital d\u2019Ottawa \u00e0 l\u2019entr\u00e9e du Campus g\u00e9n\u00e9ral et a r\u00e9cemment ouvert une boutique additionnelle \u00e0 l\u2019automne 2018 dans le district de North York de la ville de Toronto.<\/p>\n<p>Aujourd\u2019hui, Canada Care Medical exploite neuf points de ventes au d\u00e9tail en Ontario, au Qu\u00e9bec et dans les Maritimes et emploie plus de 140 employ\u00e9s sp\u00e9cialis\u00e9s, d\u00e9vou\u00e9s au bien-\u00eatre de la client\u00e8le. Le magasin d\u2019Ottawa est un hypermarch\u00e9 approuv\u00e9 par le PAAF (Programme d\u2019appareils et accessoires fonctionnels) et il dessert les RLISS du gouvernement de l\u2019Ontario, les CLSC (Centres locaux de services communautaires) au Qu\u00e9bec et re\u00e7oit des contrats en d\u00e9veloppement social. Entre 2011 et 2017, CCM a rempli plus d\u2019un million de commandes en ventes au d\u00e9tail et en contrats pour legouvernement. Canada Care Medical met \u00e0 la disposition des consommateurs une myriade de produits en soins m\u00e9dicaux comprenant des centaines de cat\u00e9gories et g\u00e8re un stock de quelque 11\u2009000 items en tout temps. \u00c0 ce titre, l\u2019entrep\u00f4t de Brampton est fier d\u2019avoir obtenu la prestigieuse ISO 9001 : 2015 Enregistrements de Syst\u00e8mes de Gestion de la Qualit\u00e9.<\/p>\n<p class=\"mosterratbold\">Consultez la page <a href=\"\/fr\/le-groupe-dentreprises-canada-care-medical\/\">Groupes d\u2019entreprises Canada Care Medical<\/a> pour plus de d\u00e9tails.<\/p>\n<p>[\/vc_column_text][\/vc_column][\/vc_row]<\/p>\n<\/div>","protected":false},"excerpt":{"rendered":"<p>[vc_row source=\u00a0\u00bb\u00a0\u00bb text=\u00a0\u00bbCANADA CARE MEDICAL\u00a0\u00bb font_container=\u00a0\u00bbtag:h1|text_align:left\u00a0\u00bb use_theme_fonts=\u00a0\u00bbyes\u00a0\u00bb google_fonts=\u00a0\u00bbfont_family:Abril%20Fatface%3Aregular|font_style:400%20regular%3A400%3Anormal\u00a0\u00bb el_class=\u00a0\u00bbfont25 mosterratbold padding25yt\u00a0\u00bb link=\u00a0\u00bb\u00a0\u00bb][vc_column][dhvc_woo_product_page_breadcrumb el_class=\u00a0\u00bb\u00a0\u00bb][vc_custom_heading text=\u00a0\u00bbHistorique du Groupe d\u2019entreprises Canada Care Medical\u00a0\u00bb font_container=\u00a0\u00bbtag:h1|text_align:left\u00a0\u00bb use_theme_fonts=\u00a0\u00bbyes\u00a0\u00bb el_class=\u00a0\u00bbfont25 mosterratbold padding36t\u00a0\u00bb][\/vc_column][\/vc_row][vc_row el_class=\u00a0\u00bbpadding25yt\u00a0\u00bb][vc_column width=\u00a0\u00bb5\/12&Prime;][vc_single_image image=\u00a0\u00bb3682&Prime; img_size=\u00a0\u00bbfull\u00a0\u00bb el_class=\u00a0\u00bbfullwidthimg\u00a0\u00bb][\/vc_column][vc_column width=\u00a0\u00bb7\/12&Prime; el_class=\u00a0\u00bbpadding24xl\u00a0\u00bb][vc_column_text el_class=\u00a0\u00bbfont16&Prime;] Canada Care Medical connut ses d\u00e9buts en 1969 sous l\u2019appellation Ottawa Ostomy Centre. Au d\u00e9part, l\u2019entreprise fournissait uniquement des produits de soins [&hellip;]<\/p>\n","protected":false},"author":5,"featured_media":0,"parent":0,"menu_order":0,"comment_status":"closed","ping_status":"closed","template":"","meta":{"footnotes":""},"tags":[],"class_list":["post-509","page","type-page","status-publish","hentry"],"yoast_head":"<!-- This site is optimized with the Yoast SEO plugin v27.3 - https:\/\/yoast.com\/product\/yoast-seo-wordpress\/ -->\n<title>Historique du groupe d\u2019entreprises Canada Care Medical - Canada Care Medical<\/title>\n<meta name=\"description\" content=\"Canada Care Medical s&#039;est d\u00e9velopp\u00e9 depuis ses d\u00e9buts en 1969, pour inclure l\u2019acquisition de compagnies en Ontario, au Qu\u00e9bec et dans les Maritimes.\" \/>\n<meta name=\"robots\" content=\"index, follow, max-snippet:-1, max-image-preview:large, max-video-preview:-1\" \/>\n<link rel=\"canonical\" href=\"https:\/\/canadacaremedical.com\/fr\/historique-du-groupe-dentreprises-canada-care-medical\/\" \/>\n<meta property=\"og:locale\" content=\"fr_FR\" \/>\n<meta property=\"og:type\" content=\"article\" \/>\n<meta property=\"og:title\" content=\"Historique du groupe d\u2019entreprises Canada Care Medical - Canada Care Medical\" \/>\n<meta property=\"og:description\" content=\"Canada Care Medical s&#039;est d\u00e9velopp\u00e9 depuis ses d\u00e9buts en 1969, pour inclure l\u2019acquisition de compagnies en Ontario, au Qu\u00e9bec et dans les Maritimes.\" \/>\n<meta property=\"og:url\" content=\"https:\/\/canadacaremedical.com\/fr\/historique-du-groupe-dentreprises-canada-care-medical\/\" \/>\n<meta property=\"og:site_name\" content=\"Canada Care Medical\" \/>\n<meta property=\"article:modified_time\" content=\"2021-03-09T15:42:59+00:00\" \/>\n<meta name=\"twitter:card\" content=\"summary_large_image\" \/>\n<meta name=\"twitter:label1\" content=\"Dur\u00e9e de lecture estim\u00e9e\" \/>\n\t<meta name=\"twitter:data1\" content=\"3 minutes\" \/>\n<script type=\"application\/ld+json\" class=\"yoast-schema-graph\">{\"@context\":\"https:\\\/\\\/schema.org\",\"@graph\":[{\"@type\":\"WebPage\",\"@id\":\"https:\\\/\\\/canadacaremedical.com\\\/fr\\\/historique-du-groupe-dentreprises-canada-care-medical\\\/\",\"url\":\"https:\\\/\\\/canadacaremedical.com\\\/fr\\\/historique-du-groupe-dentreprises-canada-care-medical\\\/\",\"name\":\"Historique du groupe d\u2019entreprises Canada Care Medical - Canada Care Medical\",\"isPartOf\":{\"@id\":\"https:\\\/\\\/canadacaremedical.com\\\/#website\"},\"datePublished\":\"2018-12-28T10:54:43+00:00\",\"dateModified\":\"2021-03-09T15:42:59+00:00\",\"description\":\"Canada Care Medical s'est d\u00e9velopp\u00e9 depuis ses d\u00e9buts en 1969, pour inclure l\u2019acquisition de compagnies en Ontario, au Qu\u00e9bec et dans les Maritimes.\",\"breadcrumb\":{\"@id\":\"https:\\\/\\\/canadacaremedical.com\\\/fr\\\/historique-du-groupe-dentreprises-canada-care-medical\\\/#breadcrumb\"},\"inLanguage\":\"fr-FR\",\"potentialAction\":[{\"@type\":\"ReadAction\",\"target\":[\"https:\\\/\\\/canadacaremedical.com\\\/fr\\\/historique-du-groupe-dentreprises-canada-care-medical\\\/\"]}]},{\"@type\":\"BreadcrumbList\",\"@id\":\"https:\\\/\\\/canadacaremedical.com\\\/fr\\\/historique-du-groupe-dentreprises-canada-care-medical\\\/#breadcrumb\",\"itemListElement\":[{\"@type\":\"ListItem\",\"position\":1,\"name\":\"Home\",\"item\":\"https:\\\/\\\/canadacaremedical.com\\\/fr\\\/\"},{\"@type\":\"ListItem\",\"position\":2,\"name\":\"Historique du Groupe d\u2019entreprises Canada Care Medical\"}]},{\"@type\":\"WebSite\",\"@id\":\"https:\\\/\\\/canadacaremedical.com\\\/#website\",\"url\":\"https:\\\/\\\/canadacaremedical.com\\\/\",\"name\":\"Canada Care Medical\",\"description\":\"\",\"publisher\":{\"@id\":\"https:\\\/\\\/canadacaremedical.com\\\/#organization\"},\"potentialAction\":[{\"@type\":\"SearchAction\",\"target\":{\"@type\":\"EntryPoint\",\"urlTemplate\":\"https:\\\/\\\/canadacaremedical.com\\\/?s={search_term_string}\"},\"query-input\":{\"@type\":\"PropertyValueSpecification\",\"valueRequired\":true,\"valueName\":\"search_term_string\"}}],\"inLanguage\":\"fr-FR\"},{\"@type\":\"Organization\",\"@id\":\"https:\\\/\\\/canadacaremedical.com\\\/#organization\",\"name\":\"Canada Care Medical\",\"url\":\"https:\\\/\\\/canadacaremedical.com\\\/\",\"logo\":{\"@type\":\"ImageObject\",\"inLanguage\":\"fr-FR\",\"@id\":\"https:\\\/\\\/canadacaremedical.com\\\/#\\\/schema\\\/logo\\\/image\\\/\",\"url\":\"https:\\\/\\\/canadacaremedical.com\\\/wp-content\\\/uploads\\\/2022\\\/04\\\/cropped-CCM-an-NSM-company-website-vertical-no-50-1.png\",\"contentUrl\":\"https:\\\/\\\/canadacaremedical.com\\\/wp-content\\\/uploads\\\/2022\\\/04\\\/cropped-CCM-an-NSM-company-website-vertical-no-50-1.png\",\"width\":500,\"height\":181,\"caption\":\"Canada Care Medical\"},\"image\":{\"@id\":\"https:\\\/\\\/canadacaremedical.com\\\/#\\\/schema\\\/logo\\\/image\\\/\"}}]}<\/script>\n<!-- \/ Yoast SEO plugin. -->","yoast_head_json":{"title":"Historique du groupe d\u2019entreprises Canada Care Medical - Canada Care Medical","description":"Canada Care Medical s'est d\u00e9velopp\u00e9 depuis ses d\u00e9buts en 1969, pour inclure l\u2019acquisition de compagnies en Ontario, au Qu\u00e9bec et dans les Maritimes.","robots":{"index":"index","follow":"follow","max-snippet":"max-snippet:-1","max-image-preview":"max-image-preview:large","max-video-preview":"max-video-preview:-1"},"canonical":"https:\/\/canadacaremedical.com\/fr\/historique-du-groupe-dentreprises-canada-care-medical\/","og_locale":"fr_FR","og_type":"article","og_title":"Historique du groupe d\u2019entreprises Canada Care Medical - Canada Care Medical","og_description":"Canada Care Medical s'est d\u00e9velopp\u00e9 depuis ses d\u00e9buts en 1969, pour inclure l\u2019acquisition de compagnies en Ontario, au Qu\u00e9bec et dans les Maritimes.","og_url":"https:\/\/canadacaremedical.com\/fr\/historique-du-groupe-dentreprises-canada-care-medical\/","og_site_name":"Canada Care Medical","article_modified_time":"2021-03-09T15:42:59+00:00","twitter_card":"summary_large_image","twitter_misc":{"Dur\u00e9e de lecture estim\u00e9e":"3 minutes"},"schema":{"@context":"https:\/\/schema.org","@graph":[{"@type":"WebPage","@id":"https:\/\/canadacaremedical.com\/fr\/historique-du-groupe-dentreprises-canada-care-medical\/","url":"https:\/\/canadacaremedical.com\/fr\/historique-du-groupe-dentreprises-canada-care-medical\/","name":"Historique du groupe d\u2019entreprises Canada Care Medical - Canada Care Medical","isPartOf":{"@id":"https:\/\/canadacaremedical.com\/#website"},"datePublished":"2018-12-28T10:54:43+00:00","dateModified":"2021-03-09T15:42:59+00:00","description":"Canada Care Medical s'est d\u00e9velopp\u00e9 depuis ses d\u00e9buts en 1969, pour inclure l\u2019acquisition de compagnies en Ontario, au Qu\u00e9bec et dans les Maritimes.","breadcrumb":{"@id":"https:\/\/canadacaremedical.com\/fr\/historique-du-groupe-dentreprises-canada-care-medical\/#breadcrumb"},"inLanguage":"fr-FR","potentialAction":[{"@type":"ReadAction","target":["https:\/\/canadacaremedical.com\/fr\/historique-du-groupe-dentreprises-canada-care-medical\/"]}]},{"@type":"BreadcrumbList","@id":"https:\/\/canadacaremedical.com\/fr\/historique-du-groupe-dentreprises-canada-care-medical\/#breadcrumb","itemListElement":[{"@type":"ListItem","position":1,"name":"Home","item":"https:\/\/canadacaremedical.com\/fr\/"},{"@type":"ListItem","position":2,"name":"Historique du Groupe d\u2019entreprises Canada Care Medical"}]},{"@type":"WebSite","@id":"https:\/\/canadacaremedical.com\/#website","url":"https:\/\/canadacaremedical.com\/","name":"Canada Care Medical","description":"","publisher":{"@id":"https:\/\/canadacaremedical.com\/#organization"},"potentialAction":[{"@type":"SearchAction","target":{"@type":"EntryPoint","urlTemplate":"https:\/\/canadacaremedical.com\/?s={search_term_string}"},"query-input":{"@type":"PropertyValueSpecification","valueRequired":true,"valueName":"search_term_string"}}],"inLanguage":"fr-FR"},{"@type":"Organization","@id":"https:\/\/canadacaremedical.com\/#organization","name":"Canada Care Medical","url":"https:\/\/canadacaremedical.com\/","logo":{"@type":"ImageObject","inLanguage":"fr-FR","@id":"https:\/\/canadacaremedical.com\/#\/schema\/logo\/image\/","url":"https:\/\/canadacaremedical.com\/wp-content\/uploads\/2022\/04\/cropped-CCM-an-NSM-company-website-vertical-no-50-1.png","contentUrl":"https:\/\/canadacaremedical.com\/wp-content\/uploads\/2022\/04\/cropped-CCM-an-NSM-company-website-vertical-no-50-1.png","width":500,"height":181,"caption":"Canada Care Medical"},"image":{"@id":"https:\/\/canadacaremedical.com\/#\/schema\/logo\/image\/"}}]}},"jetpack_sharing_enabled":true,"_links":{"self":[{"href":"https:\/\/canadacaremedical.com\/fr\/wp-json\/wp\/v2\/pages\/509","targetHints":{"allow":["GET"]}}],"collection":[{"href":"https:\/\/canadacaremedical.com\/fr\/wp-json\/wp\/v2\/pages"}],"about":[{"href":"https:\/\/canadacaremedical.com\/fr\/wp-json\/wp\/v2\/types\/page"}],"author":[{"embeddable":true,"href":"https:\/\/canadacaremedical.com\/fr\/wp-json\/wp\/v2\/users\/5"}],"replies":[{"embeddable":true,"href":"https:\/\/canadacaremedical.com\/fr\/wp-json\/wp\/v2\/comments?post=509"}],"version-history":[{"count":12,"href":"https:\/\/canadacaremedical.com\/fr\/wp-json\/wp\/v2\/pages\/509\/revisions"}],"predecessor-version":[{"id":7034,"href":"https:\/\/canadacaremedical.com\/fr\/wp-json\/wp\/v2\/pages\/509\/revisions\/7034"}],"wp:attachment":[{"href":"https:\/\/canadacaremedical.com\/fr\/wp-json\/wp\/v2\/media?parent=509"}],"wp:term":[{"taxonomy":"post_tag","embeddable":true,"href":"https:\/\/canadacaremedical.com\/fr\/wp-json\/wp\/v2\/tags?post=509"}],"curies":[{"name":"wp","href":"https:\/\/api.w.org\/{rel}","templated":true}]}}