{"id":514,"date":"2018-12-28T11:14:46","date_gmt":"2018-12-28T11:14:46","guid":{"rendered":"\/?page_id=514"},"modified":"2021-03-16T08:57:43","modified_gmt":"2021-03-16T08:57:43","slug":"canada-care-medical-notre-mission","status":"publish","type":"page","link":"https:\/\/canadacaremedical.com\/fr\/canada-care-medical-notre-mission\/","title":{"rendered":"Canada Care Medical \u2013 Notre mission"},"content":{"rendered":"<div class=\"wpb-content-wrapper\"><p>[vc_row source=\u00a0\u00bb\u00a0\u00bb text=\u00a0\u00bbCANADA CARE MEDICAL\u00a0\u00bb font_container=\u00a0\u00bbtag:h1|text_align:left\u00a0\u00bb use_theme_fonts=\u00a0\u00bbyes\u00a0\u00bb google_fonts=\u00a0\u00bbfont_family:Abril%20Fatface%3Aregular|font_style:400%20regular%3A400%3Anormal\u00a0\u00bb el_class=\u00a0\u00bbfont25 mosterratbold padding25yt\u00a0\u00bb link=\u00a0\u00bb\u00a0\u00bb][vc_column][dhvc_woo_product_page_breadcrumb el_class=\u00a0\u00bb\u00a0\u00bb][vc_custom_heading text=\u00a0\u00bbNotre mission\u00a0\u00bb font_container=\u00a0\u00bbtag:h1|text_align:left\u00a0\u00bb use_theme_fonts=\u00a0\u00bbyes\u00a0\u00bb el_class=\u00a0\u00bbfont25 mosterratbold padding36t\u00a0\u00bb][\/vc_column][\/vc_row][vc_row el_class=\u00a0\u00bbpadding25yt\u00a0\u00bb][vc_column width=\u00a0\u00bb5\/12&Prime;][vc_single_image image=\u00a0\u00bb3712&Prime; img_size=\u00a0\u00bbfull\u00a0\u00bb el_class=\u00a0\u00bbfullwidthimg\u00a0\u00bb][\/vc_column][vc_column width=\u00a0\u00bb7\/12&Prime; el_class=\u00a0\u00bbpadding24xl\u00a0\u00bb][vc_column_text el_class=\u00a0\u00bbfont16&Prime;]<\/p>\n<p class=\"nomargintop\">Notre mission est de fournir des produits de soins de sant\u00e9 et des services de grande qualit\u00e9 \u00e0 des prix comp\u00e9titifs qui r\u00e9pondent aux besoins de la client\u00e8le et d\u00e9passent leurs attentes. Nous favorisons l\u2019atteinte des meilleurs r\u00e9sultats cliniques pour nos clients, de la fa\u00e7on la plus \u00e9conomique possible.<\/p>\n<p>Nous accomplissons notre mission de fa\u00e7on responsable en \u00e9valuant toujours l\u2019impact de notre implication sur la s\u00e9curit\u00e9 et le bien-\u00eatre de la communaut\u00e9.<\/p>\n<p>En accomplissant notre mission, nous cr\u00e9ons une valeur ajout\u00e9e pour notre client\u00e8le et leur famille, les pourvoyeurs de services en sant\u00e9 avec lesquels nous travaillons, nos employ\u00e9s, la communaut\u00e9 et nos associ\u00e9s. [\/vc_column_text][\/vc_column][\/vc_row][vc_row el_class=\u00a0\u00bbpadding36t\u00a0\u00bb][vc_column][vc_tta_tabs][vc_tta_section title=\u00a0\u00bbNOTRE VISION\u00a0\u00bb tab_id=\u00a0\u00bbCANADA-CARE-MEDICAL-VISION\u00a0\u00bb][vc_column_text el_class=\u00a0\u00bbfont16&Prime;]<\/p>\n<h2><strong>Nous voulons<\/strong> \u00eatre<strong> chefs de file en tant que fournisseurs canadiens de produits de soins de sant\u00e9 et de services :<\/strong><\/h2>\n<ul>\n<li>En cherchant \u00e0 cr\u00e9er un sentiment de <strong>confort<\/strong>, et de <strong>s\u00e9curit\u00e9<\/strong> chez nos clients, gr\u00e2ce \u00e0 notre <strong>fiabilit\u00e9<\/strong>.<\/li>\n<li>En favorisant un sentiment de confiance et de paix d\u2019esprit chez les professionnels de la sant\u00e9 qui nous consultent en leur livrant des produits et services de la plus haute qualit\u00e9.<\/li>\n<li>En rationalisant notre livraison de produits et services de mani\u00e8re \u00e0 soutenir les objectifs financiers de nos partenaires sans cr\u00e9er de compromis sur <strong>la qualit\u00e9 et la s\u00e9curit\u00e9<\/strong>.<\/li>\n<li>En s\u2019engageant \u00e0 fournir des services de qualit\u00e9 et \u00e0 pr\u00e9venir les situations l\u00e9gales ou \u00e9thiques qui peuvent survenir dans un contexte de soins complexes administr\u00e9s \u00e0 la maison ou dans un emplacement autre.<\/li>\n<li>En nous responsabilisant c&rsquo;est-\u00e0-dire en agissant de fa\u00e7on conforme \u00e0 de hauts standards \u00e9thiques et moraux, en fournissant des services et produits de grande qualit\u00e9 aux Canadiens.<\/li>\n<li>En s\u2019engageant dans un processus d\u2019am\u00e9lioration en continu en tant qu\u2019organisation ax\u00e9e sur les services, par l\u2019identification de nouvelles fa\u00e7ons de faire qui sont plus accommodante pour le client, et qui ultimement, r\u00e9sultent en r\u00e9duction du co\u00fbt des soins.<\/li>\n<li>En travaillant de pair avec les gestionnaires de cas, les clients, les m\u00e9decins et les organismes offrant des programmes de soins \u00e0 domicile, avec les pourvoyeurs de services, avec le syst\u00e8me de la sant\u00e9 et les h\u00f4pitaux.<\/li>\n<li>En atteignant nos buts, c\u2019est-\u00e0-dire en aidant tous les clients et partenaires \u00e0 atteindre les leurs.<\/li>\n<\/ul>\n<p>Pour de l&rsquo;information additionnelle sur Canada Care Medical, consultez les pages qui suivent.[\/vc_column_text][\/vc_tta_section][\/vc_tta_tabs][\/vc_column][\/vc_row]<\/p>\n<\/div>","protected":false},"excerpt":{"rendered":"<p>[vc_row source=\u00a0\u00bb\u00a0\u00bb text=\u00a0\u00bbCANADA CARE MEDICAL\u00a0\u00bb font_container=\u00a0\u00bbtag:h1|text_align:left\u00a0\u00bb use_theme_fonts=\u00a0\u00bbyes\u00a0\u00bb google_fonts=\u00a0\u00bbfont_family:Abril%20Fatface%3Aregular|font_style:400%20regular%3A400%3Anormal\u00a0\u00bb el_class=\u00a0\u00bbfont25 mosterratbold padding25yt\u00a0\u00bb link=\u00a0\u00bb\u00a0\u00bb][vc_column][dhvc_woo_product_page_breadcrumb el_class=\u00a0\u00bb\u00a0\u00bb][vc_custom_heading text=\u00a0\u00bbNotre mission\u00a0\u00bb font_container=\u00a0\u00bbtag:h1|text_align:left\u00a0\u00bb use_theme_fonts=\u00a0\u00bbyes\u00a0\u00bb el_class=\u00a0\u00bbfont25 mosterratbold padding36t\u00a0\u00bb][\/vc_column][\/vc_row][vc_row el_class=\u00a0\u00bbpadding25yt\u00a0\u00bb][vc_column width=\u00a0\u00bb5\/12&Prime;][vc_single_image image=\u00a0\u00bb3712&Prime; img_size=\u00a0\u00bbfull\u00a0\u00bb el_class=\u00a0\u00bbfullwidthimg\u00a0\u00bb][\/vc_column][vc_column width=\u00a0\u00bb7\/12&Prime; el_class=\u00a0\u00bbpadding24xl\u00a0\u00bb][vc_column_text el_class=\u00a0\u00bbfont16&Prime;] Notre mission est de fournir des produits de soins de sant\u00e9 et des services de grande qualit\u00e9 \u00e0 des prix comp\u00e9titifs qui r\u00e9pondent aux besoins de la [&hellip;]<\/p>\n","protected":false},"author":5,"featured_media":0,"parent":0,"menu_order":0,"comment_status":"closed","ping_status":"closed","template":"","meta":{"footnotes":""},"tags":[],"class_list":["post-514","page","type-page","status-publish","hentry"],"yoast_head":"<!-- This site is optimized with the Yoast SEO plugin v27.3 - https:\/\/yoast.com\/product\/yoast-seo-wordpress\/ -->\n<title>Canada Care Medical \u2013 Notre mission - Canada Care Medical<\/title>\n<meta name=\"description\" content=\"Notre mission est de fournir des produits de soins de sant\u00e9 et des services de grande qualit\u00e9 \u00e0 des prix comp\u00e9titifs qui r\u00e9pondent \u00e0 vos besoins.\" \/>\n<meta name=\"robots\" content=\"index, follow, max-snippet:-1, max-image-preview:large, max-video-preview:-1\" \/>\n<link rel=\"canonical\" href=\"https:\/\/canadacaremedical.com\/fr\/canada-care-medical-notre-mission\/\" \/>\n<meta property=\"og:locale\" content=\"fr_FR\" \/>\n<meta property=\"og:type\" content=\"article\" \/>\n<meta property=\"og:title\" content=\"Canada Care Medical \u2013 Notre mission - Canada Care Medical\" \/>\n<meta property=\"og:description\" content=\"Notre mission est de fournir des produits de soins de sant\u00e9 et des services de grande qualit\u00e9 \u00e0 des prix comp\u00e9titifs qui r\u00e9pondent \u00e0 vos besoins.\" \/>\n<meta property=\"og:url\" content=\"https:\/\/canadacaremedical.com\/fr\/canada-care-medical-notre-mission\/\" \/>\n<meta property=\"og:site_name\" content=\"Canada Care Medical\" \/>\n<meta property=\"article:modified_time\" content=\"2021-03-16T08:57:43+00:00\" \/>\n<meta name=\"twitter:card\" content=\"summary_large_image\" \/>\n<meta name=\"twitter:label1\" content=\"Dur\u00e9e de lecture estim\u00e9e\" \/>\n\t<meta name=\"twitter:data1\" content=\"3 minutes\" \/>\n<script type=\"application\/ld+json\" class=\"yoast-schema-graph\">{\"@context\":\"https:\\\/\\\/schema.org\",\"@graph\":[{\"@type\":\"WebPage\",\"@id\":\"https:\\\/\\\/canadacaremedical.com\\\/fr\\\/canada-care-medical-notre-mission\\\/\",\"url\":\"https:\\\/\\\/canadacaremedical.com\\\/fr\\\/canada-care-medical-notre-mission\\\/\",\"name\":\"Canada Care Medical \u2013 Notre mission - Canada Care Medical\",\"isPartOf\":{\"@id\":\"https:\\\/\\\/canadacaremedical.com\\\/#website\"},\"datePublished\":\"2018-12-28T11:14:46+00:00\",\"dateModified\":\"2021-03-16T08:57:43+00:00\",\"description\":\"Notre mission est de fournir des produits de soins de sant\u00e9 et des services de grande qualit\u00e9 \u00e0 des prix comp\u00e9titifs qui r\u00e9pondent \u00e0 vos besoins.\",\"breadcrumb\":{\"@id\":\"https:\\\/\\\/canadacaremedical.com\\\/fr\\\/canada-care-medical-notre-mission\\\/#breadcrumb\"},\"inLanguage\":\"fr-FR\",\"potentialAction\":[{\"@type\":\"ReadAction\",\"target\":[\"https:\\\/\\\/canadacaremedical.com\\\/fr\\\/canada-care-medical-notre-mission\\\/\"]}]},{\"@type\":\"BreadcrumbList\",\"@id\":\"https:\\\/\\\/canadacaremedical.com\\\/fr\\\/canada-care-medical-notre-mission\\\/#breadcrumb\",\"itemListElement\":[{\"@type\":\"ListItem\",\"position\":1,\"name\":\"Home\",\"item\":\"https:\\\/\\\/canadacaremedical.com\\\/fr\\\/\"},{\"@type\":\"ListItem\",\"position\":2,\"name\":\"Canada Care Medical \u2013 Notre mission\"}]},{\"@type\":\"WebSite\",\"@id\":\"https:\\\/\\\/canadacaremedical.com\\\/#website\",\"url\":\"https:\\\/\\\/canadacaremedical.com\\\/\",\"name\":\"Canada Care Medical\",\"description\":\"\",\"publisher\":{\"@id\":\"https:\\\/\\\/canadacaremedical.com\\\/#organization\"},\"potentialAction\":[{\"@type\":\"SearchAction\",\"target\":{\"@type\":\"EntryPoint\",\"urlTemplate\":\"https:\\\/\\\/canadacaremedical.com\\\/?s={search_term_string}\"},\"query-input\":{\"@type\":\"PropertyValueSpecification\",\"valueRequired\":true,\"valueName\":\"search_term_string\"}}],\"inLanguage\":\"fr-FR\"},{\"@type\":\"Organization\",\"@id\":\"https:\\\/\\\/canadacaremedical.com\\\/#organization\",\"name\":\"Canada Care Medical\",\"url\":\"https:\\\/\\\/canadacaremedical.com\\\/\",\"logo\":{\"@type\":\"ImageObject\",\"inLanguage\":\"fr-FR\",\"@id\":\"https:\\\/\\\/canadacaremedical.com\\\/#\\\/schema\\\/logo\\\/image\\\/\",\"url\":\"https:\\\/\\\/canadacaremedical.com\\\/wp-content\\\/uploads\\\/2022\\\/04\\\/cropped-CCM-an-NSM-company-website-vertical-no-50-1.png\",\"contentUrl\":\"https:\\\/\\\/canadacaremedical.com\\\/wp-content\\\/uploads\\\/2022\\\/04\\\/cropped-CCM-an-NSM-company-website-vertical-no-50-1.png\",\"width\":500,\"height\":181,\"caption\":\"Canada Care Medical\"},\"image\":{\"@id\":\"https:\\\/\\\/canadacaremedical.com\\\/#\\\/schema\\\/logo\\\/image\\\/\"}}]}<\/script>\n<!-- \/ Yoast SEO plugin. -->","yoast_head_json":{"title":"Canada Care Medical \u2013 Notre mission - Canada Care Medical","description":"Notre mission est de fournir des produits de soins de sant\u00e9 et des services de grande qualit\u00e9 \u00e0 des prix comp\u00e9titifs qui r\u00e9pondent \u00e0 vos besoins.","robots":{"index":"index","follow":"follow","max-snippet":"max-snippet:-1","max-image-preview":"max-image-preview:large","max-video-preview":"max-video-preview:-1"},"canonical":"https:\/\/canadacaremedical.com\/fr\/canada-care-medical-notre-mission\/","og_locale":"fr_FR","og_type":"article","og_title":"Canada Care Medical \u2013 Notre mission - Canada Care Medical","og_description":"Notre mission est de fournir des produits de soins de sant\u00e9 et des services de grande qualit\u00e9 \u00e0 des prix comp\u00e9titifs qui r\u00e9pondent \u00e0 vos besoins.","og_url":"https:\/\/canadacaremedical.com\/fr\/canada-care-medical-notre-mission\/","og_site_name":"Canada Care Medical","article_modified_time":"2021-03-16T08:57:43+00:00","twitter_card":"summary_large_image","twitter_misc":{"Dur\u00e9e de lecture estim\u00e9e":"3 minutes"},"schema":{"@context":"https:\/\/schema.org","@graph":[{"@type":"WebPage","@id":"https:\/\/canadacaremedical.com\/fr\/canada-care-medical-notre-mission\/","url":"https:\/\/canadacaremedical.com\/fr\/canada-care-medical-notre-mission\/","name":"Canada Care Medical \u2013 Notre mission - Canada Care Medical","isPartOf":{"@id":"https:\/\/canadacaremedical.com\/#website"},"datePublished":"2018-12-28T11:14:46+00:00","dateModified":"2021-03-16T08:57:43+00:00","description":"Notre mission est de fournir des produits de soins de sant\u00e9 et des services de grande qualit\u00e9 \u00e0 des prix comp\u00e9titifs qui r\u00e9pondent \u00e0 vos besoins.","breadcrumb":{"@id":"https:\/\/canadacaremedical.com\/fr\/canada-care-medical-notre-mission\/#breadcrumb"},"inLanguage":"fr-FR","potentialAction":[{"@type":"ReadAction","target":["https:\/\/canadacaremedical.com\/fr\/canada-care-medical-notre-mission\/"]}]},{"@type":"BreadcrumbList","@id":"https:\/\/canadacaremedical.com\/fr\/canada-care-medical-notre-mission\/#breadcrumb","itemListElement":[{"@type":"ListItem","position":1,"name":"Home","item":"https:\/\/canadacaremedical.com\/fr\/"},{"@type":"ListItem","position":2,"name":"Canada Care Medical \u2013 Notre mission"}]},{"@type":"WebSite","@id":"https:\/\/canadacaremedical.com\/#website","url":"https:\/\/canadacaremedical.com\/","name":"Canada Care Medical","description":"","publisher":{"@id":"https:\/\/canadacaremedical.com\/#organization"},"potentialAction":[{"@type":"SearchAction","target":{"@type":"EntryPoint","urlTemplate":"https:\/\/canadacaremedical.com\/?s={search_term_string}"},"query-input":{"@type":"PropertyValueSpecification","valueRequired":true,"valueName":"search_term_string"}}],"inLanguage":"fr-FR"},{"@type":"Organization","@id":"https:\/\/canadacaremedical.com\/#organization","name":"Canada Care Medical","url":"https:\/\/canadacaremedical.com\/","logo":{"@type":"ImageObject","inLanguage":"fr-FR","@id":"https:\/\/canadacaremedical.com\/#\/schema\/logo\/image\/","url":"https:\/\/canadacaremedical.com\/wp-content\/uploads\/2022\/04\/cropped-CCM-an-NSM-company-website-vertical-no-50-1.png","contentUrl":"https:\/\/canadacaremedical.com\/wp-content\/uploads\/2022\/04\/cropped-CCM-an-NSM-company-website-vertical-no-50-1.png","width":500,"height":181,"caption":"Canada Care Medical"},"image":{"@id":"https:\/\/canadacaremedical.com\/#\/schema\/logo\/image\/"}}]}},"jetpack_sharing_enabled":true,"_links":{"self":[{"href":"https:\/\/canadacaremedical.com\/fr\/wp-json\/wp\/v2\/pages\/514","targetHints":{"allow":["GET"]}}],"collection":[{"href":"https:\/\/canadacaremedical.com\/fr\/wp-json\/wp\/v2\/pages"}],"about":[{"href":"https:\/\/canadacaremedical.com\/fr\/wp-json\/wp\/v2\/types\/page"}],"author":[{"embeddable":true,"href":"https:\/\/canadacaremedical.com\/fr\/wp-json\/wp\/v2\/users\/5"}],"replies":[{"embeddable":true,"href":"https:\/\/canadacaremedical.com\/fr\/wp-json\/wp\/v2\/comments?post=514"}],"version-history":[{"count":15,"href":"https:\/\/canadacaremedical.com\/fr\/wp-json\/wp\/v2\/pages\/514\/revisions"}],"predecessor-version":[{"id":7043,"href":"https:\/\/canadacaremedical.com\/fr\/wp-json\/wp\/v2\/pages\/514\/revisions\/7043"}],"wp:attachment":[{"href":"https:\/\/canadacaremedical.com\/fr\/wp-json\/wp\/v2\/media?parent=514"}],"wp:term":[{"taxonomy":"post_tag","embeddable":true,"href":"https:\/\/canadacaremedical.com\/fr\/wp-json\/wp\/v2\/tags?post=514"}],"curies":[{"name":"wp","href":"https:\/\/api.w.org\/{rel}","templated":true}]}}