{"id":1554,"date":"2019-01-23T09:18:54","date_gmt":"2019-01-23T09:18:54","guid":{"rendered":"\/?post_type=product&#038;p=1554"},"modified":"2021-03-16T09:23:10","modified_gmt":"2021-03-16T09:23:10","slug":"trousse-de-premiers-soins-grand-format","status":"publish","type":"product","link":"https:\/\/canadacaremedical.com\/fr\/product\/produits-medicaux\/premiers-soins\/provisions-de-trousses-de-premiers-soins\/trousse-de-premiers-soins-grand-format\/","title":{"rendered":"TROUSSE DE PREMIERS SOINS GRAND FORMAT"},"content":{"rendered":"","protected":false},"excerpt":{"rendered":"<h2><strong>Soyez pr\u00eat \u00e0 intervenir car l&rsquo;assistance initiale fait une grande diff\u00e9rence!<\/strong><\/h2>\n<p>Que nous le voulions ou non, les accidents se produisent, \u00e0 la maison comme au travail. Dans ces cas, l\u2019assistance initiale fait une grande diff\u00e9rence.<\/p>\n","protected":false},"featured_media":2351,"template":"","meta":[],"product_brand":[],"product_cat":[149],"product_tag":[],"class_list":{"0":"post-1554","1":"product","2":"type-product","3":"status-publish","4":"has-post-thumbnail","6":"product_cat-provisions-de-trousses-de-premiers-soins","8":"first","9":"instock","10":"shipping-taxable","11":"purchasable","12":"product-type-simple"},"yoast_head":"<!-- This site is optimized with the Yoast SEO plugin v27.3 - https:\/\/yoast.com\/product\/yoast-seo-wordpress\/ -->\n<title>Trousse de premiers soins grand format - Canada Care Medical<\/title>\n<meta name=\"robots\" content=\"index, follow, max-snippet:-1, max-image-preview:large, max-video-preview:-1\" \/>\n<link rel=\"canonical\" href=\"https:\/\/canadacaremedical.com\/fr\/product\/produits-medicaux\/premiers-soins\/provisions-de-trousses-de-premiers-soins\/trousse-de-premiers-soins-grand-format\/\" \/>\n<meta property=\"og:locale\" content=\"fr_FR\" \/>\n<meta property=\"og:type\" content=\"article\" \/>\n<meta property=\"og:title\" content=\"Trousse de premiers soins grand format - Canada Care Medical\" \/>\n<meta property=\"og:description\" content=\"Soyez pr\u00eat \u00e0 intervenir car l&#039;assistance initiale fait une grande diff\u00e9rence! Que nous le voulions ou non, les accidents se produisent, \u00e0 la maison comme au travail. Dans ces cas, l\u2019assistance initiale fait une grande diff\u00e9rence.\" \/>\n<meta property=\"og:url\" content=\"https:\/\/canadacaremedical.com\/fr\/product\/produits-medicaux\/premiers-soins\/provisions-de-trousses-de-premiers-soins\/trousse-de-premiers-soins-grand-format\/\" \/>\n<meta property=\"og:site_name\" content=\"Canada Care Medical\" \/>\n<meta property=\"article:modified_time\" content=\"2021-03-16T09:23:10+00:00\" \/>\n<meta property=\"og:image\" content=\"https:\/\/canadacaremedical.com\/wp-content\/uploads\/2019\/01\/Large-First-Aid-Kit-260x215.jpg\" \/>\n\t<meta property=\"og:image:width\" content=\"260\" \/>\n\t<meta property=\"og:image:height\" content=\"215\" \/>\n\t<meta property=\"og:image:type\" content=\"image\/jpeg\" \/>\n<meta name=\"twitter:card\" content=\"summary_large_image\" \/>\n<script type=\"application\/ld+json\" class=\"yoast-schema-graph\">{\"@context\":\"https:\\\/\\\/schema.org\",\"@graph\":[{\"@type\":\"WebPage\",\"@id\":\"https:\\\/\\\/canadacaremedical.com\\\/fr\\\/product\\\/produits-medicaux\\\/premiers-soins\\\/provisions-de-trousses-de-premiers-soins\\\/trousse-de-premiers-soins-grand-format\\\/\",\"url\":\"https:\\\/\\\/canadacaremedical.com\\\/fr\\\/product\\\/produits-medicaux\\\/premiers-soins\\\/provisions-de-trousses-de-premiers-soins\\\/trousse-de-premiers-soins-grand-format\\\/\",\"name\":\"Trousse de premiers soins grand format - Canada Care Medical\",\"isPartOf\":{\"@id\":\"https:\\\/\\\/canadacaremedical.com\\\/#website\"},\"primaryImageOfPage\":{\"@id\":\"https:\\\/\\\/canadacaremedical.com\\\/fr\\\/product\\\/produits-medicaux\\\/premiers-soins\\\/provisions-de-trousses-de-premiers-soins\\\/trousse-de-premiers-soins-grand-format\\\/#primaryimage\"},\"image\":{\"@id\":\"https:\\\/\\\/canadacaremedical.com\\\/fr\\\/product\\\/produits-medicaux\\\/premiers-soins\\\/provisions-de-trousses-de-premiers-soins\\\/trousse-de-premiers-soins-grand-format\\\/#primaryimage\"},\"thumbnailUrl\":\"https:\\\/\\\/canadacaremedical.com\\\/wp-content\\\/uploads\\\/2019\\\/01\\\/Large-First-Aid-Kit-260x215.jpg\",\"datePublished\":\"2019-01-23T09:18:54+00:00\",\"dateModified\":\"2021-03-16T09:23:10+00:00\",\"breadcrumb\":{\"@id\":\"https:\\\/\\\/canadacaremedical.com\\\/fr\\\/product\\\/produits-medicaux\\\/premiers-soins\\\/provisions-de-trousses-de-premiers-soins\\\/trousse-de-premiers-soins-grand-format\\\/#breadcrumb\"},\"inLanguage\":\"fr-FR\",\"potentialAction\":[{\"@type\":\"ReadAction\",\"target\":[\"https:\\\/\\\/canadacaremedical.com\\\/fr\\\/product\\\/produits-medicaux\\\/premiers-soins\\\/provisions-de-trousses-de-premiers-soins\\\/trousse-de-premiers-soins-grand-format\\\/\"]}]},{\"@type\":\"ImageObject\",\"inLanguage\":\"fr-FR\",\"@id\":\"https:\\\/\\\/canadacaremedical.com\\\/fr\\\/product\\\/produits-medicaux\\\/premiers-soins\\\/provisions-de-trousses-de-premiers-soins\\\/trousse-de-premiers-soins-grand-format\\\/#primaryimage\",\"url\":\"https:\\\/\\\/canadacaremedical.com\\\/wp-content\\\/uploads\\\/2019\\\/01\\\/Large-First-Aid-Kit-260x215.jpg\",\"contentUrl\":\"https:\\\/\\\/canadacaremedical.com\\\/wp-content\\\/uploads\\\/2019\\\/01\\\/Large-First-Aid-Kit-260x215.jpg\",\"width\":260,\"height\":215,\"caption\":\"Large First Aid Kit\"},{\"@type\":\"BreadcrumbList\",\"@id\":\"https:\\\/\\\/canadacaremedical.com\\\/fr\\\/product\\\/produits-medicaux\\\/premiers-soins\\\/provisions-de-trousses-de-premiers-soins\\\/trousse-de-premiers-soins-grand-format\\\/#breadcrumb\",\"itemListElement\":[{\"@type\":\"ListItem\",\"position\":1,\"name\":\"Home\",\"item\":\"https:\\\/\\\/canadacaremedical.com\\\/fr\\\/\"},{\"@type\":\"ListItem\",\"position\":2,\"name\":\"FIRST AID\",\"item\":\"https:\\\/\\\/canadacaremedical.com\\\/?page_id=1227\"},{\"@type\":\"ListItem\",\"position\":3,\"name\":\"TROUSSE DE PREMIERS SOINS GRAND FORMAT\"}]},{\"@type\":\"WebSite\",\"@id\":\"https:\\\/\\\/canadacaremedical.com\\\/#website\",\"url\":\"https:\\\/\\\/canadacaremedical.com\\\/\",\"name\":\"Canada Care Medical\",\"description\":\"\",\"publisher\":{\"@id\":\"https:\\\/\\\/canadacaremedical.com\\\/#organization\"},\"potentialAction\":[{\"@type\":\"SearchAction\",\"target\":{\"@type\":\"EntryPoint\",\"urlTemplate\":\"https:\\\/\\\/canadacaremedical.com\\\/?s={search_term_string}\"},\"query-input\":{\"@type\":\"PropertyValueSpecification\",\"valueRequired\":true,\"valueName\":\"search_term_string\"}}],\"inLanguage\":\"fr-FR\"},{\"@type\":\"Organization\",\"@id\":\"https:\\\/\\\/canadacaremedical.com\\\/#organization\",\"name\":\"Canada Care Medical\",\"url\":\"https:\\\/\\\/canadacaremedical.com\\\/\",\"logo\":{\"@type\":\"ImageObject\",\"inLanguage\":\"fr-FR\",\"@id\":\"https:\\\/\\\/canadacaremedical.com\\\/#\\\/schema\\\/logo\\\/image\\\/\",\"url\":\"https:\\\/\\\/canadacaremedical.com\\\/wp-content\\\/uploads\\\/2022\\\/04\\\/cropped-CCM-an-NSM-company-website-vertical-no-50-1.png\",\"contentUrl\":\"https:\\\/\\\/canadacaremedical.com\\\/wp-content\\\/uploads\\\/2022\\\/04\\\/cropped-CCM-an-NSM-company-website-vertical-no-50-1.png\",\"width\":500,\"height\":181,\"caption\":\"Canada Care Medical\"},\"image\":{\"@id\":\"https:\\\/\\\/canadacaremedical.com\\\/#\\\/schema\\\/logo\\\/image\\\/\"}}]}<\/script>\n<!-- \/ Yoast SEO plugin. -->","yoast_head_json":{"title":"Trousse de premiers soins grand format - Canada Care Medical","robots":{"index":"index","follow":"follow","max-snippet":"max-snippet:-1","max-image-preview":"max-image-preview:large","max-video-preview":"max-video-preview:-1"},"canonical":"https:\/\/canadacaremedical.com\/fr\/product\/produits-medicaux\/premiers-soins\/provisions-de-trousses-de-premiers-soins\/trousse-de-premiers-soins-grand-format\/","og_locale":"fr_FR","og_type":"article","og_title":"Trousse de premiers soins grand format - Canada Care Medical","og_description":"Soyez pr\u00eat \u00e0 intervenir car l'assistance initiale fait une grande diff\u00e9rence! Que nous le voulions ou non, les accidents se produisent, \u00e0 la maison comme au travail. Dans ces cas, l\u2019assistance initiale fait une grande diff\u00e9rence.","og_url":"https:\/\/canadacaremedical.com\/fr\/product\/produits-medicaux\/premiers-soins\/provisions-de-trousses-de-premiers-soins\/trousse-de-premiers-soins-grand-format\/","og_site_name":"Canada Care Medical","article_modified_time":"2021-03-16T09:23:10+00:00","og_image":[{"width":260,"height":215,"url":"https:\/\/canadacaremedical.com\/wp-content\/uploads\/2019\/01\/Large-First-Aid-Kit-260x215.jpg","type":"image\/jpeg"}],"twitter_card":"summary_large_image","schema":{"@context":"https:\/\/schema.org","@graph":[{"@type":"WebPage","@id":"https:\/\/canadacaremedical.com\/fr\/product\/produits-medicaux\/premiers-soins\/provisions-de-trousses-de-premiers-soins\/trousse-de-premiers-soins-grand-format\/","url":"https:\/\/canadacaremedical.com\/fr\/product\/produits-medicaux\/premiers-soins\/provisions-de-trousses-de-premiers-soins\/trousse-de-premiers-soins-grand-format\/","name":"Trousse de premiers soins grand format - Canada Care Medical","isPartOf":{"@id":"https:\/\/canadacaremedical.com\/#website"},"primaryImageOfPage":{"@id":"https:\/\/canadacaremedical.com\/fr\/product\/produits-medicaux\/premiers-soins\/provisions-de-trousses-de-premiers-soins\/trousse-de-premiers-soins-grand-format\/#primaryimage"},"image":{"@id":"https:\/\/canadacaremedical.com\/fr\/product\/produits-medicaux\/premiers-soins\/provisions-de-trousses-de-premiers-soins\/trousse-de-premiers-soins-grand-format\/#primaryimage"},"thumbnailUrl":"https:\/\/canadacaremedical.com\/wp-content\/uploads\/2019\/01\/Large-First-Aid-Kit-260x215.jpg","datePublished":"2019-01-23T09:18:54+00:00","dateModified":"2021-03-16T09:23:10+00:00","breadcrumb":{"@id":"https:\/\/canadacaremedical.com\/fr\/product\/produits-medicaux\/premiers-soins\/provisions-de-trousses-de-premiers-soins\/trousse-de-premiers-soins-grand-format\/#breadcrumb"},"inLanguage":"fr-FR","potentialAction":[{"@type":"ReadAction","target":["https:\/\/canadacaremedical.com\/fr\/product\/produits-medicaux\/premiers-soins\/provisions-de-trousses-de-premiers-soins\/trousse-de-premiers-soins-grand-format\/"]}]},{"@type":"ImageObject","inLanguage":"fr-FR","@id":"https:\/\/canadacaremedical.com\/fr\/product\/produits-medicaux\/premiers-soins\/provisions-de-trousses-de-premiers-soins\/trousse-de-premiers-soins-grand-format\/#primaryimage","url":"https:\/\/canadacaremedical.com\/wp-content\/uploads\/2019\/01\/Large-First-Aid-Kit-260x215.jpg","contentUrl":"https:\/\/canadacaremedical.com\/wp-content\/uploads\/2019\/01\/Large-First-Aid-Kit-260x215.jpg","width":260,"height":215,"caption":"Large First Aid Kit"},{"@type":"BreadcrumbList","@id":"https:\/\/canadacaremedical.com\/fr\/product\/produits-medicaux\/premiers-soins\/provisions-de-trousses-de-premiers-soins\/trousse-de-premiers-soins-grand-format\/#breadcrumb","itemListElement":[{"@type":"ListItem","position":1,"name":"Home","item":"https:\/\/canadacaremedical.com\/fr\/"},{"@type":"ListItem","position":2,"name":"FIRST AID","item":"https:\/\/canadacaremedical.com\/?page_id=1227"},{"@type":"ListItem","position":3,"name":"TROUSSE DE PREMIERS SOINS GRAND FORMAT"}]},{"@type":"WebSite","@id":"https:\/\/canadacaremedical.com\/#website","url":"https:\/\/canadacaremedical.com\/","name":"Canada Care Medical","description":"","publisher":{"@id":"https:\/\/canadacaremedical.com\/#organization"},"potentialAction":[{"@type":"SearchAction","target":{"@type":"EntryPoint","urlTemplate":"https:\/\/canadacaremedical.com\/?s={search_term_string}"},"query-input":{"@type":"PropertyValueSpecification","valueRequired":true,"valueName":"search_term_string"}}],"inLanguage":"fr-FR"},{"@type":"Organization","@id":"https:\/\/canadacaremedical.com\/#organization","name":"Canada Care Medical","url":"https:\/\/canadacaremedical.com\/","logo":{"@type":"ImageObject","inLanguage":"fr-FR","@id":"https:\/\/canadacaremedical.com\/#\/schema\/logo\/image\/","url":"https:\/\/canadacaremedical.com\/wp-content\/uploads\/2022\/04\/cropped-CCM-an-NSM-company-website-vertical-no-50-1.png","contentUrl":"https:\/\/canadacaremedical.com\/wp-content\/uploads\/2022\/04\/cropped-CCM-an-NSM-company-website-vertical-no-50-1.png","width":500,"height":181,"caption":"Canada Care Medical"},"image":{"@id":"https:\/\/canadacaremedical.com\/#\/schema\/logo\/image\/"}}]}},"jetpack_sharing_enabled":true,"_links":{"self":[{"href":"https:\/\/canadacaremedical.com\/fr\/wp-json\/wp\/v2\/product\/1554","targetHints":{"allow":["GET"]}}],"collection":[{"href":"https:\/\/canadacaremedical.com\/fr\/wp-json\/wp\/v2\/product"}],"about":[{"href":"https:\/\/canadacaremedical.com\/fr\/wp-json\/wp\/v2\/types\/product"}],"wp:featuredmedia":[{"embeddable":true,"href":"https:\/\/canadacaremedical.com\/fr\/wp-json\/wp\/v2\/media\/2351"}],"wp:attachment":[{"href":"https:\/\/canadacaremedical.com\/fr\/wp-json\/wp\/v2\/media?parent=1554"}],"wp:term":[{"taxonomy":"product_brand","embeddable":true,"href":"https:\/\/canadacaremedical.com\/fr\/wp-json\/wp\/v2\/product_brand?post=1554"},{"taxonomy":"product_cat","embeddable":true,"href":"https:\/\/canadacaremedical.com\/fr\/wp-json\/wp\/v2\/product_cat?post=1554"},{"taxonomy":"product_tag","embeddable":true,"href":"https:\/\/canadacaremedical.com\/fr\/wp-json\/wp\/v2\/product_tag?post=1554"}],"curies":[{"name":"wp","href":"https:\/\/api.w.org\/{rel}","templated":true}]}}