{"id":1612,"date":"2019-01-24T13:12:14","date_gmt":"2019-01-24T13:12:14","guid":{"rendered":"\/?post_type=product&#038;p=1612"},"modified":"2021-03-17T13:31:38","modified_gmt":"2021-03-17T13:31:38","slug":"attelles-pour-les-chevilles-bauerfeind","status":"publish","type":"product","link":"https:\/\/canadacaremedical.com\/fr\/product\/aides-au-quotidien\/produits-orthopediques\/attelles-pour-les-chevilles\/attelles-pour-les-chevilles-bauerfeind\/","title":{"rendered":"ATTELLES POUR LES CHEVILLES BAUERFEIND"},"content":{"rendered":"","protected":false},"excerpt":{"rendered":"<h2><strong>L\u2019attelle <\/strong><strong>pour les chevilles <\/strong><strong>qui procure de la stabi<\/strong><strong>lit\u00e9 <\/strong><strong>en r\u00e9ponse<\/strong><strong> \u00e0 un traumatisme.<\/strong><\/h2>\n<p>L\u2019attelle\u00a0pour les chevilles Bauerfeind procure de la stabilit\u00e9 aux chevilles de trois fa\u00e7ons: par l\u2019entremise d\u2019un tricot de compression qui active les muscles, par des coussinets \u00e9pousant l\u2019anatomie et par un syst\u00e8me de sangles en forme de huit qui procure un effet analogue aux bandages normalement utilis\u00e9s.<\/p>\n","protected":false},"featured_media":3610,"template":"","meta":[],"product_brand":[],"product_cat":[174],"product_tag":[],"class_list":{"0":"post-1612","1":"product","2":"type-product","3":"status-publish","4":"has-post-thumbnail","6":"product_cat-attelles-pour-les-chevilles","8":"first","9":"instock","10":"shipping-taxable","11":"purchasable","12":"product-type-simple"},"yoast_head":"<!-- This site is optimized with the Yoast SEO plugin v27.3 - https:\/\/yoast.com\/product\/yoast-seo-wordpress\/ -->\n<title>ATTELLES POUR LES CHEVILLES BAUERFEIND - Canada Care Medical<\/title>\n<meta name=\"robots\" content=\"index, follow, max-snippet:-1, max-image-preview:large, max-video-preview:-1\" \/>\n<link rel=\"canonical\" href=\"https:\/\/canadacaremedical.com\/fr\/product\/aides-au-quotidien\/produits-orthopediques\/attelles-pour-les-chevilles\/attelles-pour-les-chevilles-bauerfeind\/\" \/>\n<meta property=\"og:locale\" content=\"fr_FR\" \/>\n<meta property=\"og:type\" content=\"article\" \/>\n<meta property=\"og:title\" content=\"ATTELLES POUR LES CHEVILLES BAUERFEIND - Canada Care Medical\" \/>\n<meta property=\"og:description\" content=\"L\u2019attelle pour les chevilles qui procure de la stabilit\u00e9 en r\u00e9ponse \u00e0 un traumatisme. L\u2019attelle\u00a0pour les chevilles Bauerfeind procure de la stabilit\u00e9 aux chevilles de trois fa\u00e7ons: par l\u2019entremise d\u2019un tricot de compression qui active les muscles, par des coussinets \u00e9pousant l\u2019anatomie et par un syst\u00e8me de sangles en forme de huit qui procure un effet analogue aux bandages normalement utilis\u00e9s.\" \/>\n<meta property=\"og:url\" content=\"https:\/\/canadacaremedical.com\/fr\/product\/aides-au-quotidien\/produits-orthopediques\/attelles-pour-les-chevilles\/attelles-pour-les-chevilles-bauerfeind\/\" \/>\n<meta property=\"og:site_name\" content=\"Canada Care Medical\" \/>\n<meta property=\"article:modified_time\" content=\"2021-03-17T13:31:38+00:00\" \/>\n<meta property=\"og:image\" content=\"https:\/\/canadacaremedical.com\/wp-content\/uploads\/2019\/01\/Bauerfeind-Ankle-Brace260x215-1FR.jpg\" \/>\n\t<meta property=\"og:image:width\" content=\"260\" \/>\n\t<meta property=\"og:image:height\" content=\"215\" \/>\n\t<meta property=\"og:image:type\" content=\"image\/jpeg\" \/>\n<meta name=\"twitter:card\" content=\"summary_large_image\" \/>\n<script type=\"application\/ld+json\" class=\"yoast-schema-graph\">{\"@context\":\"https:\\\/\\\/schema.org\",\"@graph\":[{\"@type\":\"WebPage\",\"@id\":\"https:\\\/\\\/canadacaremedical.com\\\/fr\\\/product\\\/aides-au-quotidien\\\/produits-orthopediques\\\/attelles-pour-les-chevilles\\\/attelles-pour-les-chevilles-bauerfeind\\\/\",\"url\":\"https:\\\/\\\/canadacaremedical.com\\\/fr\\\/product\\\/aides-au-quotidien\\\/produits-orthopediques\\\/attelles-pour-les-chevilles\\\/attelles-pour-les-chevilles-bauerfeind\\\/\",\"name\":\"ATTELLES POUR LES CHEVILLES BAUERFEIND - Canada Care Medical\",\"isPartOf\":{\"@id\":\"https:\\\/\\\/canadacaremedical.com\\\/#website\"},\"primaryImageOfPage\":{\"@id\":\"https:\\\/\\\/canadacaremedical.com\\\/fr\\\/product\\\/aides-au-quotidien\\\/produits-orthopediques\\\/attelles-pour-les-chevilles\\\/attelles-pour-les-chevilles-bauerfeind\\\/#primaryimage\"},\"image\":{\"@id\":\"https:\\\/\\\/canadacaremedical.com\\\/fr\\\/product\\\/aides-au-quotidien\\\/produits-orthopediques\\\/attelles-pour-les-chevilles\\\/attelles-pour-les-chevilles-bauerfeind\\\/#primaryimage\"},\"thumbnailUrl\":\"https:\\\/\\\/canadacaremedical.com\\\/wp-content\\\/uploads\\\/2019\\\/01\\\/Bauerfeind-Ankle-Brace260x215-1FR.jpg\",\"datePublished\":\"2019-01-24T13:12:14+00:00\",\"dateModified\":\"2021-03-17T13:31:38+00:00\",\"breadcrumb\":{\"@id\":\"https:\\\/\\\/canadacaremedical.com\\\/fr\\\/product\\\/aides-au-quotidien\\\/produits-orthopediques\\\/attelles-pour-les-chevilles\\\/attelles-pour-les-chevilles-bauerfeind\\\/#breadcrumb\"},\"inLanguage\":\"fr-FR\",\"potentialAction\":[{\"@type\":\"ReadAction\",\"target\":[\"https:\\\/\\\/canadacaremedical.com\\\/fr\\\/product\\\/aides-au-quotidien\\\/produits-orthopediques\\\/attelles-pour-les-chevilles\\\/attelles-pour-les-chevilles-bauerfeind\\\/\"]}]},{\"@type\":\"ImageObject\",\"inLanguage\":\"fr-FR\",\"@id\":\"https:\\\/\\\/canadacaremedical.com\\\/fr\\\/product\\\/aides-au-quotidien\\\/produits-orthopediques\\\/attelles-pour-les-chevilles\\\/attelles-pour-les-chevilles-bauerfeind\\\/#primaryimage\",\"url\":\"https:\\\/\\\/canadacaremedical.com\\\/wp-content\\\/uploads\\\/2019\\\/01\\\/Bauerfeind-Ankle-Brace260x215-1FR.jpg\",\"contentUrl\":\"https:\\\/\\\/canadacaremedical.com\\\/wp-content\\\/uploads\\\/2019\\\/01\\\/Bauerfeind-Ankle-Brace260x215-1FR.jpg\",\"width\":260,\"height\":215,\"caption\":\"FR\"},{\"@type\":\"BreadcrumbList\",\"@id\":\"https:\\\/\\\/canadacaremedical.com\\\/fr\\\/product\\\/aides-au-quotidien\\\/produits-orthopediques\\\/attelles-pour-les-chevilles\\\/attelles-pour-les-chevilles-bauerfeind\\\/#breadcrumb\",\"itemListElement\":[{\"@type\":\"ListItem\",\"position\":1,\"name\":\"Home\",\"item\":\"https:\\\/\\\/canadacaremedical.com\\\/fr\\\/\"},{\"@type\":\"ListItem\",\"position\":2,\"name\":\"FIRST AID\",\"item\":\"https:\\\/\\\/canadacaremedical.com\\\/?page_id=1227\"},{\"@type\":\"ListItem\",\"position\":3,\"name\":\"ATTELLES POUR LES CHEVILLES BAUERFEIND\"}]},{\"@type\":\"WebSite\",\"@id\":\"https:\\\/\\\/canadacaremedical.com\\\/#website\",\"url\":\"https:\\\/\\\/canadacaremedical.com\\\/\",\"name\":\"Canada Care Medical\",\"description\":\"\",\"publisher\":{\"@id\":\"https:\\\/\\\/canadacaremedical.com\\\/#organization\"},\"potentialAction\":[{\"@type\":\"SearchAction\",\"target\":{\"@type\":\"EntryPoint\",\"urlTemplate\":\"https:\\\/\\\/canadacaremedical.com\\\/?s={search_term_string}\"},\"query-input\":{\"@type\":\"PropertyValueSpecification\",\"valueRequired\":true,\"valueName\":\"search_term_string\"}}],\"inLanguage\":\"fr-FR\"},{\"@type\":\"Organization\",\"@id\":\"https:\\\/\\\/canadacaremedical.com\\\/#organization\",\"name\":\"Canada Care Medical\",\"url\":\"https:\\\/\\\/canadacaremedical.com\\\/\",\"logo\":{\"@type\":\"ImageObject\",\"inLanguage\":\"fr-FR\",\"@id\":\"https:\\\/\\\/canadacaremedical.com\\\/#\\\/schema\\\/logo\\\/image\\\/\",\"url\":\"https:\\\/\\\/canadacaremedical.com\\\/wp-content\\\/uploads\\\/2022\\\/04\\\/cropped-CCM-an-NSM-company-website-vertical-no-50-1.png\",\"contentUrl\":\"https:\\\/\\\/canadacaremedical.com\\\/wp-content\\\/uploads\\\/2022\\\/04\\\/cropped-CCM-an-NSM-company-website-vertical-no-50-1.png\",\"width\":500,\"height\":181,\"caption\":\"Canada Care Medical\"},\"image\":{\"@id\":\"https:\\\/\\\/canadacaremedical.com\\\/#\\\/schema\\\/logo\\\/image\\\/\"}}]}<\/script>\n<!-- \/ Yoast SEO plugin. -->","yoast_head_json":{"title":"ATTELLES POUR LES CHEVILLES BAUERFEIND - Canada Care Medical","robots":{"index":"index","follow":"follow","max-snippet":"max-snippet:-1","max-image-preview":"max-image-preview:large","max-video-preview":"max-video-preview:-1"},"canonical":"https:\/\/canadacaremedical.com\/fr\/product\/aides-au-quotidien\/produits-orthopediques\/attelles-pour-les-chevilles\/attelles-pour-les-chevilles-bauerfeind\/","og_locale":"fr_FR","og_type":"article","og_title":"ATTELLES POUR LES CHEVILLES BAUERFEIND - Canada Care Medical","og_description":"L\u2019attelle pour les chevilles qui procure de la stabilit\u00e9 en r\u00e9ponse \u00e0 un traumatisme. L\u2019attelle\u00a0pour les chevilles Bauerfeind procure de la stabilit\u00e9 aux chevilles de trois fa\u00e7ons: par l\u2019entremise d\u2019un tricot de compression qui active les muscles, par des coussinets \u00e9pousant l\u2019anatomie et par un syst\u00e8me de sangles en forme de huit qui procure un effet analogue aux bandages normalement utilis\u00e9s.","og_url":"https:\/\/canadacaremedical.com\/fr\/product\/aides-au-quotidien\/produits-orthopediques\/attelles-pour-les-chevilles\/attelles-pour-les-chevilles-bauerfeind\/","og_site_name":"Canada Care Medical","article_modified_time":"2021-03-17T13:31:38+00:00","og_image":[{"width":260,"height":215,"url":"https:\/\/canadacaremedical.com\/wp-content\/uploads\/2019\/01\/Bauerfeind-Ankle-Brace260x215-1FR.jpg","type":"image\/jpeg"}],"twitter_card":"summary_large_image","schema":{"@context":"https:\/\/schema.org","@graph":[{"@type":"WebPage","@id":"https:\/\/canadacaremedical.com\/fr\/product\/aides-au-quotidien\/produits-orthopediques\/attelles-pour-les-chevilles\/attelles-pour-les-chevilles-bauerfeind\/","url":"https:\/\/canadacaremedical.com\/fr\/product\/aides-au-quotidien\/produits-orthopediques\/attelles-pour-les-chevilles\/attelles-pour-les-chevilles-bauerfeind\/","name":"ATTELLES POUR LES CHEVILLES BAUERFEIND - Canada Care Medical","isPartOf":{"@id":"https:\/\/canadacaremedical.com\/#website"},"primaryImageOfPage":{"@id":"https:\/\/canadacaremedical.com\/fr\/product\/aides-au-quotidien\/produits-orthopediques\/attelles-pour-les-chevilles\/attelles-pour-les-chevilles-bauerfeind\/#primaryimage"},"image":{"@id":"https:\/\/canadacaremedical.com\/fr\/product\/aides-au-quotidien\/produits-orthopediques\/attelles-pour-les-chevilles\/attelles-pour-les-chevilles-bauerfeind\/#primaryimage"},"thumbnailUrl":"https:\/\/canadacaremedical.com\/wp-content\/uploads\/2019\/01\/Bauerfeind-Ankle-Brace260x215-1FR.jpg","datePublished":"2019-01-24T13:12:14+00:00","dateModified":"2021-03-17T13:31:38+00:00","breadcrumb":{"@id":"https:\/\/canadacaremedical.com\/fr\/product\/aides-au-quotidien\/produits-orthopediques\/attelles-pour-les-chevilles\/attelles-pour-les-chevilles-bauerfeind\/#breadcrumb"},"inLanguage":"fr-FR","potentialAction":[{"@type":"ReadAction","target":["https:\/\/canadacaremedical.com\/fr\/product\/aides-au-quotidien\/produits-orthopediques\/attelles-pour-les-chevilles\/attelles-pour-les-chevilles-bauerfeind\/"]}]},{"@type":"ImageObject","inLanguage":"fr-FR","@id":"https:\/\/canadacaremedical.com\/fr\/product\/aides-au-quotidien\/produits-orthopediques\/attelles-pour-les-chevilles\/attelles-pour-les-chevilles-bauerfeind\/#primaryimage","url":"https:\/\/canadacaremedical.com\/wp-content\/uploads\/2019\/01\/Bauerfeind-Ankle-Brace260x215-1FR.jpg","contentUrl":"https:\/\/canadacaremedical.com\/wp-content\/uploads\/2019\/01\/Bauerfeind-Ankle-Brace260x215-1FR.jpg","width":260,"height":215,"caption":"FR"},{"@type":"BreadcrumbList","@id":"https:\/\/canadacaremedical.com\/fr\/product\/aides-au-quotidien\/produits-orthopediques\/attelles-pour-les-chevilles\/attelles-pour-les-chevilles-bauerfeind\/#breadcrumb","itemListElement":[{"@type":"ListItem","position":1,"name":"Home","item":"https:\/\/canadacaremedical.com\/fr\/"},{"@type":"ListItem","position":2,"name":"FIRST AID","item":"https:\/\/canadacaremedical.com\/?page_id=1227"},{"@type":"ListItem","position":3,"name":"ATTELLES POUR LES CHEVILLES BAUERFEIND"}]},{"@type":"WebSite","@id":"https:\/\/canadacaremedical.com\/#website","url":"https:\/\/canadacaremedical.com\/","name":"Canada Care Medical","description":"","publisher":{"@id":"https:\/\/canadacaremedical.com\/#organization"},"potentialAction":[{"@type":"SearchAction","target":{"@type":"EntryPoint","urlTemplate":"https:\/\/canadacaremedical.com\/?s={search_term_string}"},"query-input":{"@type":"PropertyValueSpecification","valueRequired":true,"valueName":"search_term_string"}}],"inLanguage":"fr-FR"},{"@type":"Organization","@id":"https:\/\/canadacaremedical.com\/#organization","name":"Canada Care Medical","url":"https:\/\/canadacaremedical.com\/","logo":{"@type":"ImageObject","inLanguage":"fr-FR","@id":"https:\/\/canadacaremedical.com\/#\/schema\/logo\/image\/","url":"https:\/\/canadacaremedical.com\/wp-content\/uploads\/2022\/04\/cropped-CCM-an-NSM-company-website-vertical-no-50-1.png","contentUrl":"https:\/\/canadacaremedical.com\/wp-content\/uploads\/2022\/04\/cropped-CCM-an-NSM-company-website-vertical-no-50-1.png","width":500,"height":181,"caption":"Canada Care Medical"},"image":{"@id":"https:\/\/canadacaremedical.com\/#\/schema\/logo\/image\/"}}]}},"jetpack_sharing_enabled":true,"_links":{"self":[{"href":"https:\/\/canadacaremedical.com\/fr\/wp-json\/wp\/v2\/product\/1612","targetHints":{"allow":["GET"]}}],"collection":[{"href":"https:\/\/canadacaremedical.com\/fr\/wp-json\/wp\/v2\/product"}],"about":[{"href":"https:\/\/canadacaremedical.com\/fr\/wp-json\/wp\/v2\/types\/product"}],"wp:featuredmedia":[{"embeddable":true,"href":"https:\/\/canadacaremedical.com\/fr\/wp-json\/wp\/v2\/media\/3610"}],"wp:attachment":[{"href":"https:\/\/canadacaremedical.com\/fr\/wp-json\/wp\/v2\/media?parent=1612"}],"wp:term":[{"taxonomy":"product_brand","embeddable":true,"href":"https:\/\/canadacaremedical.com\/fr\/wp-json\/wp\/v2\/product_brand?post=1612"},{"taxonomy":"product_cat","embeddable":true,"href":"https:\/\/canadacaremedical.com\/fr\/wp-json\/wp\/v2\/product_cat?post=1612"},{"taxonomy":"product_tag","embeddable":true,"href":"https:\/\/canadacaremedical.com\/fr\/wp-json\/wp\/v2\/product_tag?post=1612"}],"curies":[{"name":"wp","href":"https:\/\/api.w.org\/{rel}","templated":true}]}}