{"id":1619,"date":"2019-01-24T14:14:02","date_gmt":"2019-01-24T14:14:02","guid":{"rendered":"\/?post_type=product&#038;p=1619"},"modified":"2021-03-17T13:37:56","modified_gmt":"2021-03-17T13:37:56","slug":"ceinture-lombaire-obusforme","status":"publish","type":"product","link":"https:\/\/canadacaremedical.com\/fr\/product\/aides-au-quotidien\/produits-orthopediques\/ceintures-lombaires\/ceinture-lombaire-obusforme\/","title":{"rendered":"CEINTURE LOMBAIRE OBUSFORME"},"content":{"rendered":"","protected":false},"excerpt":{"rendered":"<h2><strong>Un soutien<\/strong><strong> lombaire sur<\/strong><strong>\u00a0<\/strong><strong>mesure<\/strong><strong> qui bouge avec vous. <\/strong><\/h2>\n<p>La ceinture lombaire\u00a0Obusforme\u00a0est con\u00e7ue pour favoriser la bonne posture et une bonne m\u00e9canique du corps ce qui aide \u00e0 garder une bonne sant\u00e9 lombaire.<\/p>\n","protected":false},"featured_media":2511,"template":"","meta":[],"product_brand":[],"product_cat":[175],"product_tag":[],"class_list":{"0":"post-1619","1":"product","2":"type-product","3":"status-publish","4":"has-post-thumbnail","6":"product_cat-ceintures-lombaires","8":"first","9":"instock","10":"shipping-taxable","11":"purchasable","12":"product-type-simple"},"yoast_head":"<!-- This site is optimized with the Yoast SEO plugin v27.4 - https:\/\/yoast.com\/product\/yoast-seo-wordpress\/ -->\n<title>CEINTURE LOMBAIRE OBUSFORME - Canada Care Medical<\/title>\n<meta name=\"robots\" content=\"index, follow, max-snippet:-1, max-image-preview:large, max-video-preview:-1\" \/>\n<link rel=\"canonical\" href=\"https:\/\/canadacaremedical.com\/fr\/product\/aides-au-quotidien\/produits-orthopediques\/ceintures-lombaires\/ceinture-lombaire-obusforme\/\" \/>\n<meta property=\"og:locale\" content=\"fr_FR\" \/>\n<meta property=\"og:type\" content=\"article\" \/>\n<meta property=\"og:title\" content=\"CEINTURE LOMBAIRE OBUSFORME - Canada Care Medical\" \/>\n<meta property=\"og:description\" content=\"Un soutien lombaire sur\u00a0mesure qui bouge avec vous.  La ceinture lombaire\u00a0Obusforme\u00a0est con\u00e7ue pour favoriser la bonne posture et une bonne m\u00e9canique du corps ce qui aide \u00e0 garder une bonne sant\u00e9 lombaire.\" \/>\n<meta property=\"og:url\" content=\"https:\/\/canadacaremedical.com\/fr\/product\/aides-au-quotidien\/produits-orthopediques\/ceintures-lombaires\/ceinture-lombaire-obusforme\/\" \/>\n<meta property=\"og:site_name\" content=\"Canada Care Medical\" \/>\n<meta property=\"article:modified_time\" content=\"2021-03-17T13:37:56+00:00\" \/>\n<meta property=\"og:image\" content=\"https:\/\/canadacaremedical.com\/wp-content\/uploads\/2019\/01\/ObusForme260x215-1.jpg\" \/>\n\t<meta property=\"og:image:width\" content=\"260\" \/>\n\t<meta property=\"og:image:height\" content=\"215\" \/>\n\t<meta property=\"og:image:type\" content=\"image\/jpeg\" \/>\n<meta name=\"twitter:card\" content=\"summary_large_image\" \/>\n<script type=\"application\/ld+json\" class=\"yoast-schema-graph\">{\"@context\":\"https:\\\/\\\/schema.org\",\"@graph\":[{\"@type\":\"WebPage\",\"@id\":\"https:\\\/\\\/canadacaremedical.com\\\/fr\\\/product\\\/aides-au-quotidien\\\/produits-orthopediques\\\/ceintures-lombaires\\\/ceinture-lombaire-obusforme\\\/\",\"url\":\"https:\\\/\\\/canadacaremedical.com\\\/fr\\\/product\\\/aides-au-quotidien\\\/produits-orthopediques\\\/ceintures-lombaires\\\/ceinture-lombaire-obusforme\\\/\",\"name\":\"CEINTURE LOMBAIRE OBUSFORME - Canada Care Medical\",\"isPartOf\":{\"@id\":\"https:\\\/\\\/canadacaremedical.com\\\/#website\"},\"primaryImageOfPage\":{\"@id\":\"https:\\\/\\\/canadacaremedical.com\\\/fr\\\/product\\\/aides-au-quotidien\\\/produits-orthopediques\\\/ceintures-lombaires\\\/ceinture-lombaire-obusforme\\\/#primaryimage\"},\"image\":{\"@id\":\"https:\\\/\\\/canadacaremedical.com\\\/fr\\\/product\\\/aides-au-quotidien\\\/produits-orthopediques\\\/ceintures-lombaires\\\/ceinture-lombaire-obusforme\\\/#primaryimage\"},\"thumbnailUrl\":\"https:\\\/\\\/canadacaremedical.com\\\/wp-content\\\/uploads\\\/2019\\\/01\\\/ObusForme260x215-1.jpg\",\"datePublished\":\"2019-01-24T14:14:02+00:00\",\"dateModified\":\"2021-03-17T13:37:56+00:00\",\"breadcrumb\":{\"@id\":\"https:\\\/\\\/canadacaremedical.com\\\/fr\\\/product\\\/aides-au-quotidien\\\/produits-orthopediques\\\/ceintures-lombaires\\\/ceinture-lombaire-obusforme\\\/#breadcrumb\"},\"inLanguage\":\"fr-FR\",\"potentialAction\":[{\"@type\":\"ReadAction\",\"target\":[\"https:\\\/\\\/canadacaremedical.com\\\/fr\\\/product\\\/aides-au-quotidien\\\/produits-orthopediques\\\/ceintures-lombaires\\\/ceinture-lombaire-obusforme\\\/\"]}]},{\"@type\":\"ImageObject\",\"inLanguage\":\"fr-FR\",\"@id\":\"https:\\\/\\\/canadacaremedical.com\\\/fr\\\/product\\\/aides-au-quotidien\\\/produits-orthopediques\\\/ceintures-lombaires\\\/ceinture-lombaire-obusforme\\\/#primaryimage\",\"url\":\"https:\\\/\\\/canadacaremedical.com\\\/wp-content\\\/uploads\\\/2019\\\/01\\\/ObusForme260x215-1.jpg\",\"contentUrl\":\"https:\\\/\\\/canadacaremedical.com\\\/wp-content\\\/uploads\\\/2019\\\/01\\\/ObusForme260x215-1.jpg\",\"width\":260,\"height\":215,\"caption\":\"CEINTURE LOMBAIRE OBUSFORME\"},{\"@type\":\"BreadcrumbList\",\"@id\":\"https:\\\/\\\/canadacaremedical.com\\\/fr\\\/product\\\/aides-au-quotidien\\\/produits-orthopediques\\\/ceintures-lombaires\\\/ceinture-lombaire-obusforme\\\/#breadcrumb\",\"itemListElement\":[{\"@type\":\"ListItem\",\"position\":1,\"name\":\"Home\",\"item\":\"https:\\\/\\\/canadacaremedical.com\\\/fr\\\/\"},{\"@type\":\"ListItem\",\"position\":2,\"name\":\"FIRST AID\",\"item\":\"https:\\\/\\\/canadacaremedical.com\\\/?page_id=1227\"},{\"@type\":\"ListItem\",\"position\":3,\"name\":\"CEINTURE LOMBAIRE OBUSFORME\"}]},{\"@type\":\"WebSite\",\"@id\":\"https:\\\/\\\/canadacaremedical.com\\\/#website\",\"url\":\"https:\\\/\\\/canadacaremedical.com\\\/\",\"name\":\"Canada Care Medical\",\"description\":\"\",\"publisher\":{\"@id\":\"https:\\\/\\\/canadacaremedical.com\\\/#organization\"},\"potentialAction\":[{\"@type\":\"SearchAction\",\"target\":{\"@type\":\"EntryPoint\",\"urlTemplate\":\"https:\\\/\\\/canadacaremedical.com\\\/?s={search_term_string}\"},\"query-input\":{\"@type\":\"PropertyValueSpecification\",\"valueRequired\":true,\"valueName\":\"search_term_string\"}}],\"inLanguage\":\"fr-FR\"},{\"@type\":\"Organization\",\"@id\":\"https:\\\/\\\/canadacaremedical.com\\\/#organization\",\"name\":\"Canada Care Medical\",\"url\":\"https:\\\/\\\/canadacaremedical.com\\\/\",\"logo\":{\"@type\":\"ImageObject\",\"inLanguage\":\"fr-FR\",\"@id\":\"https:\\\/\\\/canadacaremedical.com\\\/#\\\/schema\\\/logo\\\/image\\\/\",\"url\":\"https:\\\/\\\/canadacaremedical.com\\\/wp-content\\\/uploads\\\/2022\\\/04\\\/cropped-CCM-an-NSM-company-website-vertical-no-50-1.png\",\"contentUrl\":\"https:\\\/\\\/canadacaremedical.com\\\/wp-content\\\/uploads\\\/2022\\\/04\\\/cropped-CCM-an-NSM-company-website-vertical-no-50-1.png\",\"width\":500,\"height\":181,\"caption\":\"Canada Care Medical\"},\"image\":{\"@id\":\"https:\\\/\\\/canadacaremedical.com\\\/#\\\/schema\\\/logo\\\/image\\\/\"}}]}<\/script>\n<!-- \/ Yoast SEO plugin. -->","yoast_head_json":{"title":"CEINTURE LOMBAIRE OBUSFORME - Canada Care Medical","robots":{"index":"index","follow":"follow","max-snippet":"max-snippet:-1","max-image-preview":"max-image-preview:large","max-video-preview":"max-video-preview:-1"},"canonical":"https:\/\/canadacaremedical.com\/fr\/product\/aides-au-quotidien\/produits-orthopediques\/ceintures-lombaires\/ceinture-lombaire-obusforme\/","og_locale":"fr_FR","og_type":"article","og_title":"CEINTURE LOMBAIRE OBUSFORME - Canada Care Medical","og_description":"Un soutien lombaire sur\u00a0mesure qui bouge avec vous.  La ceinture lombaire\u00a0Obusforme\u00a0est con\u00e7ue pour favoriser la bonne posture et une bonne m\u00e9canique du corps ce qui aide \u00e0 garder une bonne sant\u00e9 lombaire.","og_url":"https:\/\/canadacaremedical.com\/fr\/product\/aides-au-quotidien\/produits-orthopediques\/ceintures-lombaires\/ceinture-lombaire-obusforme\/","og_site_name":"Canada Care Medical","article_modified_time":"2021-03-17T13:37:56+00:00","og_image":[{"width":260,"height":215,"url":"https:\/\/canadacaremedical.com\/wp-content\/uploads\/2019\/01\/ObusForme260x215-1.jpg","type":"image\/jpeg"}],"twitter_card":"summary_large_image","schema":{"@context":"https:\/\/schema.org","@graph":[{"@type":"WebPage","@id":"https:\/\/canadacaremedical.com\/fr\/product\/aides-au-quotidien\/produits-orthopediques\/ceintures-lombaires\/ceinture-lombaire-obusforme\/","url":"https:\/\/canadacaremedical.com\/fr\/product\/aides-au-quotidien\/produits-orthopediques\/ceintures-lombaires\/ceinture-lombaire-obusforme\/","name":"CEINTURE LOMBAIRE OBUSFORME - Canada Care Medical","isPartOf":{"@id":"https:\/\/canadacaremedical.com\/#website"},"primaryImageOfPage":{"@id":"https:\/\/canadacaremedical.com\/fr\/product\/aides-au-quotidien\/produits-orthopediques\/ceintures-lombaires\/ceinture-lombaire-obusforme\/#primaryimage"},"image":{"@id":"https:\/\/canadacaremedical.com\/fr\/product\/aides-au-quotidien\/produits-orthopediques\/ceintures-lombaires\/ceinture-lombaire-obusforme\/#primaryimage"},"thumbnailUrl":"https:\/\/canadacaremedical.com\/wp-content\/uploads\/2019\/01\/ObusForme260x215-1.jpg","datePublished":"2019-01-24T14:14:02+00:00","dateModified":"2021-03-17T13:37:56+00:00","breadcrumb":{"@id":"https:\/\/canadacaremedical.com\/fr\/product\/aides-au-quotidien\/produits-orthopediques\/ceintures-lombaires\/ceinture-lombaire-obusforme\/#breadcrumb"},"inLanguage":"fr-FR","potentialAction":[{"@type":"ReadAction","target":["https:\/\/canadacaremedical.com\/fr\/product\/aides-au-quotidien\/produits-orthopediques\/ceintures-lombaires\/ceinture-lombaire-obusforme\/"]}]},{"@type":"ImageObject","inLanguage":"fr-FR","@id":"https:\/\/canadacaremedical.com\/fr\/product\/aides-au-quotidien\/produits-orthopediques\/ceintures-lombaires\/ceinture-lombaire-obusforme\/#primaryimage","url":"https:\/\/canadacaremedical.com\/wp-content\/uploads\/2019\/01\/ObusForme260x215-1.jpg","contentUrl":"https:\/\/canadacaremedical.com\/wp-content\/uploads\/2019\/01\/ObusForme260x215-1.jpg","width":260,"height":215,"caption":"CEINTURE LOMBAIRE OBUSFORME"},{"@type":"BreadcrumbList","@id":"https:\/\/canadacaremedical.com\/fr\/product\/aides-au-quotidien\/produits-orthopediques\/ceintures-lombaires\/ceinture-lombaire-obusforme\/#breadcrumb","itemListElement":[{"@type":"ListItem","position":1,"name":"Home","item":"https:\/\/canadacaremedical.com\/fr\/"},{"@type":"ListItem","position":2,"name":"FIRST AID","item":"https:\/\/canadacaremedical.com\/?page_id=1227"},{"@type":"ListItem","position":3,"name":"CEINTURE LOMBAIRE OBUSFORME"}]},{"@type":"WebSite","@id":"https:\/\/canadacaremedical.com\/#website","url":"https:\/\/canadacaremedical.com\/","name":"Canada Care Medical","description":"","publisher":{"@id":"https:\/\/canadacaremedical.com\/#organization"},"potentialAction":[{"@type":"SearchAction","target":{"@type":"EntryPoint","urlTemplate":"https:\/\/canadacaremedical.com\/?s={search_term_string}"},"query-input":{"@type":"PropertyValueSpecification","valueRequired":true,"valueName":"search_term_string"}}],"inLanguage":"fr-FR"},{"@type":"Organization","@id":"https:\/\/canadacaremedical.com\/#organization","name":"Canada Care Medical","url":"https:\/\/canadacaremedical.com\/","logo":{"@type":"ImageObject","inLanguage":"fr-FR","@id":"https:\/\/canadacaremedical.com\/#\/schema\/logo\/image\/","url":"https:\/\/canadacaremedical.com\/wp-content\/uploads\/2022\/04\/cropped-CCM-an-NSM-company-website-vertical-no-50-1.png","contentUrl":"https:\/\/canadacaremedical.com\/wp-content\/uploads\/2022\/04\/cropped-CCM-an-NSM-company-website-vertical-no-50-1.png","width":500,"height":181,"caption":"Canada Care Medical"},"image":{"@id":"https:\/\/canadacaremedical.com\/#\/schema\/logo\/image\/"}}]}},"jetpack_sharing_enabled":true,"_links":{"self":[{"href":"https:\/\/canadacaremedical.com\/fr\/wp-json\/wp\/v2\/product\/1619","targetHints":{"allow":["GET"]}}],"collection":[{"href":"https:\/\/canadacaremedical.com\/fr\/wp-json\/wp\/v2\/product"}],"about":[{"href":"https:\/\/canadacaremedical.com\/fr\/wp-json\/wp\/v2\/types\/product"}],"wp:featuredmedia":[{"embeddable":true,"href":"https:\/\/canadacaremedical.com\/fr\/wp-json\/wp\/v2\/media\/2511"}],"wp:attachment":[{"href":"https:\/\/canadacaremedical.com\/fr\/wp-json\/wp\/v2\/media?parent=1619"}],"wp:term":[{"taxonomy":"product_brand","embeddable":true,"href":"https:\/\/canadacaremedical.com\/fr\/wp-json\/wp\/v2\/product_brand?post=1619"},{"taxonomy":"product_cat","embeddable":true,"href":"https:\/\/canadacaremedical.com\/fr\/wp-json\/wp\/v2\/product_cat?post=1619"},{"taxonomy":"product_tag","embeddable":true,"href":"https:\/\/canadacaremedical.com\/fr\/wp-json\/wp\/v2\/product_tag?post=1619"}],"curies":[{"name":"wp","href":"https:\/\/api.w.org\/{rel}","templated":true}]}}