{"id":4564,"date":"2019-03-08T20:35:33","date_gmt":"2019-03-08T20:35:33","guid":{"rendered":"https:\/\/canadacaremedical.com\/?post_type=product&#038;p=4564"},"modified":"2021-03-17T13:43:26","modified_gmt":"2021-03-17T13:43:26","slug":"le-coussin-roho-pour-fauteuil-roulant","status":"publish","type":"product","link":"https:\/\/canadacaremedical.com\/fr\/product\/produits-de-mobilite\/coussins-pour-fauteuils-roulants\/le-coussin-roho-pour-fauteuil-roulant\/","title":{"rendered":"LE COUSSIN ROHO POUR FAUTEUIL ROULANT"},"content":{"rendered":"","protected":false},"excerpt":{"rendered":"<h2><strong>Une protection de la peau et un positionnement qui procurent un grand confort. <\/strong><\/h2>\n<p>Le coussin Roho est particuli\u00e8rement recommand\u00e9 aux personnes qui ont un historique de d\u00e9gradation de la peau ou qui ont besoin de plus d\u2019options de positionnement ou de soutien pour que leur fauteuil roulant soit parfaitement adapt\u00e9 \u00e0 leurs besoins particuliers.<\/p>\n","protected":false},"featured_media":4567,"template":"","meta":[],"product_brand":[],"product_cat":[103],"product_tag":[],"class_list":{"0":"post-4564","1":"product","2":"type-product","3":"status-publish","4":"has-post-thumbnail","6":"product_cat-coussins-pour-fauteuils-roulants","8":"first","9":"instock","10":"shipping-taxable","11":"product-type-simple"},"yoast_head":"<!-- This site is optimized with the Yoast SEO plugin v27.3 - https:\/\/yoast.com\/product\/yoast-seo-wordpress\/ -->\n<title>LE COUSSIN ROHO POUR FAUTEUIL ROULANT - Canada Care Medical<\/title>\n<meta name=\"robots\" content=\"index, follow, max-snippet:-1, max-image-preview:large, max-video-preview:-1\" \/>\n<link rel=\"canonical\" href=\"https:\/\/canadacaremedical.com\/fr\/product\/produits-de-mobilite\/coussins-pour-fauteuils-roulants\/le-coussin-roho-pour-fauteuil-roulant\/\" \/>\n<meta property=\"og:locale\" content=\"fr_FR\" \/>\n<meta property=\"og:type\" content=\"article\" \/>\n<meta property=\"og:title\" content=\"LE COUSSIN ROHO POUR FAUTEUIL ROULANT - Canada Care Medical\" \/>\n<meta property=\"og:description\" content=\"Une protection de la peau et un positionnement qui procurent un grand confort.  Le coussin Roho est particuli\u00e8rement recommand\u00e9 aux personnes qui ont un historique de d\u00e9gradation de la peau ou qui ont besoin de plus d\u2019options de positionnement ou de soutien pour que leur fauteuil roulant soit parfaitement adapt\u00e9 \u00e0 leurs besoins particuliers.\" \/>\n<meta property=\"og:url\" content=\"https:\/\/canadacaremedical.com\/fr\/product\/produits-de-mobilite\/coussins-pour-fauteuils-roulants\/le-coussin-roho-pour-fauteuil-roulant\/\" \/>\n<meta property=\"og:site_name\" content=\"Canada Care Medical\" \/>\n<meta property=\"article:modified_time\" content=\"2021-03-17T13:43:26+00:00\" \/>\n<meta property=\"og:image\" content=\"https:\/\/canadacaremedical.com\/wp-content\/uploads\/2019\/03\/Roho-Cushion-IR-1.jpg\" \/>\n\t<meta property=\"og:image:width\" content=\"260\" \/>\n\t<meta property=\"og:image:height\" content=\"215\" \/>\n\t<meta property=\"og:image:type\" content=\"image\/jpeg\" \/>\n<meta name=\"twitter:card\" content=\"summary_large_image\" \/>\n<script type=\"application\/ld+json\" class=\"yoast-schema-graph\">{\"@context\":\"https:\\\/\\\/schema.org\",\"@graph\":[{\"@type\":\"WebPage\",\"@id\":\"https:\\\/\\\/canadacaremedical.com\\\/fr\\\/product\\\/produits-de-mobilite\\\/coussins-pour-fauteuils-roulants\\\/le-coussin-roho-pour-fauteuil-roulant\\\/\",\"url\":\"https:\\\/\\\/canadacaremedical.com\\\/fr\\\/product\\\/produits-de-mobilite\\\/coussins-pour-fauteuils-roulants\\\/le-coussin-roho-pour-fauteuil-roulant\\\/\",\"name\":\"LE COUSSIN ROHO POUR FAUTEUIL ROULANT - Canada Care Medical\",\"isPartOf\":{\"@id\":\"https:\\\/\\\/canadacaremedical.com\\\/#website\"},\"primaryImageOfPage\":{\"@id\":\"https:\\\/\\\/canadacaremedical.com\\\/fr\\\/product\\\/produits-de-mobilite\\\/coussins-pour-fauteuils-roulants\\\/le-coussin-roho-pour-fauteuil-roulant\\\/#primaryimage\"},\"image\":{\"@id\":\"https:\\\/\\\/canadacaremedical.com\\\/fr\\\/product\\\/produits-de-mobilite\\\/coussins-pour-fauteuils-roulants\\\/le-coussin-roho-pour-fauteuil-roulant\\\/#primaryimage\"},\"thumbnailUrl\":\"https:\\\/\\\/canadacaremedical.com\\\/wp-content\\\/uploads\\\/2019\\\/03\\\/Roho-Cushion-IR-1.jpg\",\"datePublished\":\"2019-03-08T20:35:33+00:00\",\"dateModified\":\"2021-03-17T13:43:26+00:00\",\"breadcrumb\":{\"@id\":\"https:\\\/\\\/canadacaremedical.com\\\/fr\\\/product\\\/produits-de-mobilite\\\/coussins-pour-fauteuils-roulants\\\/le-coussin-roho-pour-fauteuil-roulant\\\/#breadcrumb\"},\"inLanguage\":\"fr-FR\",\"potentialAction\":[{\"@type\":\"ReadAction\",\"target\":[\"https:\\\/\\\/canadacaremedical.com\\\/fr\\\/product\\\/produits-de-mobilite\\\/coussins-pour-fauteuils-roulants\\\/le-coussin-roho-pour-fauteuil-roulant\\\/\"]}]},{\"@type\":\"ImageObject\",\"inLanguage\":\"fr-FR\",\"@id\":\"https:\\\/\\\/canadacaremedical.com\\\/fr\\\/product\\\/produits-de-mobilite\\\/coussins-pour-fauteuils-roulants\\\/le-coussin-roho-pour-fauteuil-roulant\\\/#primaryimage\",\"url\":\"https:\\\/\\\/canadacaremedical.com\\\/wp-content\\\/uploads\\\/2019\\\/03\\\/Roho-Cushion-IR-1.jpg\",\"contentUrl\":\"https:\\\/\\\/canadacaremedical.com\\\/wp-content\\\/uploads\\\/2019\\\/03\\\/Roho-Cushion-IR-1.jpg\",\"width\":260,\"height\":215,\"caption\":\"Roho Cushion IR\"},{\"@type\":\"BreadcrumbList\",\"@id\":\"https:\\\/\\\/canadacaremedical.com\\\/fr\\\/product\\\/produits-de-mobilite\\\/coussins-pour-fauteuils-roulants\\\/le-coussin-roho-pour-fauteuil-roulant\\\/#breadcrumb\",\"itemListElement\":[{\"@type\":\"ListItem\",\"position\":1,\"name\":\"Home\",\"item\":\"https:\\\/\\\/canadacaremedical.com\\\/fr\\\/\"},{\"@type\":\"ListItem\",\"position\":2,\"name\":\"FIRST AID\",\"item\":\"https:\\\/\\\/canadacaremedical.com\\\/?page_id=1227\"},{\"@type\":\"ListItem\",\"position\":3,\"name\":\"LE COUSSIN ROHO POUR FAUTEUIL ROULANT\"}]},{\"@type\":\"WebSite\",\"@id\":\"https:\\\/\\\/canadacaremedical.com\\\/#website\",\"url\":\"https:\\\/\\\/canadacaremedical.com\\\/\",\"name\":\"Canada Care Medical\",\"description\":\"\",\"publisher\":{\"@id\":\"https:\\\/\\\/canadacaremedical.com\\\/#organization\"},\"potentialAction\":[{\"@type\":\"SearchAction\",\"target\":{\"@type\":\"EntryPoint\",\"urlTemplate\":\"https:\\\/\\\/canadacaremedical.com\\\/?s={search_term_string}\"},\"query-input\":{\"@type\":\"PropertyValueSpecification\",\"valueRequired\":true,\"valueName\":\"search_term_string\"}}],\"inLanguage\":\"fr-FR\"},{\"@type\":\"Organization\",\"@id\":\"https:\\\/\\\/canadacaremedical.com\\\/#organization\",\"name\":\"Canada Care Medical\",\"url\":\"https:\\\/\\\/canadacaremedical.com\\\/\",\"logo\":{\"@type\":\"ImageObject\",\"inLanguage\":\"fr-FR\",\"@id\":\"https:\\\/\\\/canadacaremedical.com\\\/#\\\/schema\\\/logo\\\/image\\\/\",\"url\":\"https:\\\/\\\/canadacaremedical.com\\\/wp-content\\\/uploads\\\/2022\\\/04\\\/cropped-CCM-an-NSM-company-website-vertical-no-50-1.png\",\"contentUrl\":\"https:\\\/\\\/canadacaremedical.com\\\/wp-content\\\/uploads\\\/2022\\\/04\\\/cropped-CCM-an-NSM-company-website-vertical-no-50-1.png\",\"width\":500,\"height\":181,\"caption\":\"Canada Care Medical\"},\"image\":{\"@id\":\"https:\\\/\\\/canadacaremedical.com\\\/#\\\/schema\\\/logo\\\/image\\\/\"}}]}<\/script>\n<!-- \/ Yoast SEO plugin. -->","yoast_head_json":{"title":"LE COUSSIN ROHO POUR FAUTEUIL ROULANT - Canada Care Medical","robots":{"index":"index","follow":"follow","max-snippet":"max-snippet:-1","max-image-preview":"max-image-preview:large","max-video-preview":"max-video-preview:-1"},"canonical":"https:\/\/canadacaremedical.com\/fr\/product\/produits-de-mobilite\/coussins-pour-fauteuils-roulants\/le-coussin-roho-pour-fauteuil-roulant\/","og_locale":"fr_FR","og_type":"article","og_title":"LE COUSSIN ROHO POUR FAUTEUIL ROULANT - Canada Care Medical","og_description":"Une protection de la peau et un positionnement qui procurent un grand confort.  Le coussin Roho est particuli\u00e8rement recommand\u00e9 aux personnes qui ont un historique de d\u00e9gradation de la peau ou qui ont besoin de plus d\u2019options de positionnement ou de soutien pour que leur fauteuil roulant soit parfaitement adapt\u00e9 \u00e0 leurs besoins particuliers.","og_url":"https:\/\/canadacaremedical.com\/fr\/product\/produits-de-mobilite\/coussins-pour-fauteuils-roulants\/le-coussin-roho-pour-fauteuil-roulant\/","og_site_name":"Canada Care Medical","article_modified_time":"2021-03-17T13:43:26+00:00","og_image":[{"width":260,"height":215,"url":"https:\/\/canadacaremedical.com\/wp-content\/uploads\/2019\/03\/Roho-Cushion-IR-1.jpg","type":"image\/jpeg"}],"twitter_card":"summary_large_image","schema":{"@context":"https:\/\/schema.org","@graph":[{"@type":"WebPage","@id":"https:\/\/canadacaremedical.com\/fr\/product\/produits-de-mobilite\/coussins-pour-fauteuils-roulants\/le-coussin-roho-pour-fauteuil-roulant\/","url":"https:\/\/canadacaremedical.com\/fr\/product\/produits-de-mobilite\/coussins-pour-fauteuils-roulants\/le-coussin-roho-pour-fauteuil-roulant\/","name":"LE COUSSIN ROHO POUR FAUTEUIL ROULANT - Canada Care Medical","isPartOf":{"@id":"https:\/\/canadacaremedical.com\/#website"},"primaryImageOfPage":{"@id":"https:\/\/canadacaremedical.com\/fr\/product\/produits-de-mobilite\/coussins-pour-fauteuils-roulants\/le-coussin-roho-pour-fauteuil-roulant\/#primaryimage"},"image":{"@id":"https:\/\/canadacaremedical.com\/fr\/product\/produits-de-mobilite\/coussins-pour-fauteuils-roulants\/le-coussin-roho-pour-fauteuil-roulant\/#primaryimage"},"thumbnailUrl":"https:\/\/canadacaremedical.com\/wp-content\/uploads\/2019\/03\/Roho-Cushion-IR-1.jpg","datePublished":"2019-03-08T20:35:33+00:00","dateModified":"2021-03-17T13:43:26+00:00","breadcrumb":{"@id":"https:\/\/canadacaremedical.com\/fr\/product\/produits-de-mobilite\/coussins-pour-fauteuils-roulants\/le-coussin-roho-pour-fauteuil-roulant\/#breadcrumb"},"inLanguage":"fr-FR","potentialAction":[{"@type":"ReadAction","target":["https:\/\/canadacaremedical.com\/fr\/product\/produits-de-mobilite\/coussins-pour-fauteuils-roulants\/le-coussin-roho-pour-fauteuil-roulant\/"]}]},{"@type":"ImageObject","inLanguage":"fr-FR","@id":"https:\/\/canadacaremedical.com\/fr\/product\/produits-de-mobilite\/coussins-pour-fauteuils-roulants\/le-coussin-roho-pour-fauteuil-roulant\/#primaryimage","url":"https:\/\/canadacaremedical.com\/wp-content\/uploads\/2019\/03\/Roho-Cushion-IR-1.jpg","contentUrl":"https:\/\/canadacaremedical.com\/wp-content\/uploads\/2019\/03\/Roho-Cushion-IR-1.jpg","width":260,"height":215,"caption":"Roho Cushion IR"},{"@type":"BreadcrumbList","@id":"https:\/\/canadacaremedical.com\/fr\/product\/produits-de-mobilite\/coussins-pour-fauteuils-roulants\/le-coussin-roho-pour-fauteuil-roulant\/#breadcrumb","itemListElement":[{"@type":"ListItem","position":1,"name":"Home","item":"https:\/\/canadacaremedical.com\/fr\/"},{"@type":"ListItem","position":2,"name":"FIRST AID","item":"https:\/\/canadacaremedical.com\/?page_id=1227"},{"@type":"ListItem","position":3,"name":"LE COUSSIN ROHO POUR FAUTEUIL ROULANT"}]},{"@type":"WebSite","@id":"https:\/\/canadacaremedical.com\/#website","url":"https:\/\/canadacaremedical.com\/","name":"Canada Care Medical","description":"","publisher":{"@id":"https:\/\/canadacaremedical.com\/#organization"},"potentialAction":[{"@type":"SearchAction","target":{"@type":"EntryPoint","urlTemplate":"https:\/\/canadacaremedical.com\/?s={search_term_string}"},"query-input":{"@type":"PropertyValueSpecification","valueRequired":true,"valueName":"search_term_string"}}],"inLanguage":"fr-FR"},{"@type":"Organization","@id":"https:\/\/canadacaremedical.com\/#organization","name":"Canada Care Medical","url":"https:\/\/canadacaremedical.com\/","logo":{"@type":"ImageObject","inLanguage":"fr-FR","@id":"https:\/\/canadacaremedical.com\/#\/schema\/logo\/image\/","url":"https:\/\/canadacaremedical.com\/wp-content\/uploads\/2022\/04\/cropped-CCM-an-NSM-company-website-vertical-no-50-1.png","contentUrl":"https:\/\/canadacaremedical.com\/wp-content\/uploads\/2022\/04\/cropped-CCM-an-NSM-company-website-vertical-no-50-1.png","width":500,"height":181,"caption":"Canada Care Medical"},"image":{"@id":"https:\/\/canadacaremedical.com\/#\/schema\/logo\/image\/"}}]}},"jetpack_sharing_enabled":true,"_links":{"self":[{"href":"https:\/\/canadacaremedical.com\/fr\/wp-json\/wp\/v2\/product\/4564","targetHints":{"allow":["GET"]}}],"collection":[{"href":"https:\/\/canadacaremedical.com\/fr\/wp-json\/wp\/v2\/product"}],"about":[{"href":"https:\/\/canadacaremedical.com\/fr\/wp-json\/wp\/v2\/types\/product"}],"wp:featuredmedia":[{"embeddable":true,"href":"https:\/\/canadacaremedical.com\/fr\/wp-json\/wp\/v2\/media\/4567"}],"wp:attachment":[{"href":"https:\/\/canadacaremedical.com\/fr\/wp-json\/wp\/v2\/media?parent=4564"}],"wp:term":[{"taxonomy":"product_brand","embeddable":true,"href":"https:\/\/canadacaremedical.com\/fr\/wp-json\/wp\/v2\/product_brand?post=4564"},{"taxonomy":"product_cat","embeddable":true,"href":"https:\/\/canadacaremedical.com\/fr\/wp-json\/wp\/v2\/product_cat?post=4564"},{"taxonomy":"product_tag","embeddable":true,"href":"https:\/\/canadacaremedical.com\/fr\/wp-json\/wp\/v2\/product_tag?post=4564"}],"curies":[{"name":"wp","href":"https:\/\/api.w.org\/{rel}","templated":true}]}}