{"id":4644,"date":"2019-03-12T15:59:02","date_gmt":"2019-03-12T15:59:02","guid":{"rendered":"https:\/\/canadacaremedical.com\/?post_type=product&#038;p=4644"},"modified":"2021-03-17T13:41:25","modified_gmt":"2021-03-17T13:41:25","slug":"la-superpole-healthcraft","status":"publish","type":"product","link":"https:\/\/canadacaremedical.com\/fr\/product\/produits-daccessibilite\/superpoles\/la-superpole-healthcraft\/","title":{"rendered":"LA SUPERP\u00d4LE HEALTHCRAFT"},"content":{"rendered":"","protected":false},"excerpt":{"rendered":"<h2><strong>Une solution de s\u00e9curit\u00e9 pr\u00e9ventive adaptable et novatrice. <\/strong><\/h2>\n<p>Si la stabilit\u00e9 vous pr\u00e9occupe, surtout lorsque vous vous levez d\u2019une position assise ou couch\u00e9e, la SuperP\u00f4le Healthcraft peut vous aider. Elle peut contribuer \u00e0 vous \u00e9viter des chutes, car lors de son utilisation, vous mettez \u00e0 contribution la force du haut de votre corps en plus de vos jambes pour vous mettre debout.<\/p>\n","protected":false},"featured_media":4642,"template":"","meta":[],"product_brand":[],"product_cat":[108],"product_tag":[],"class_list":{"0":"post-4644","1":"product","2":"type-product","3":"status-publish","4":"has-post-thumbnail","6":"product_cat-superpoles","8":"first","9":"instock","10":"shipping-taxable","11":"purchasable","12":"product-type-simple"},"yoast_head":"<!-- This site is optimized with the Yoast SEO plugin v27.3 - https:\/\/yoast.com\/product\/yoast-seo-wordpress\/ -->\n<title>LA SUPERP\u00d4LE HEALTHCRAFT - Canada Care Medical<\/title>\n<meta name=\"robots\" content=\"index, follow, max-snippet:-1, max-image-preview:large, max-video-preview:-1\" \/>\n<link rel=\"canonical\" href=\"https:\/\/canadacaremedical.com\/fr\/product\/produits-daccessibilite\/superpoles\/la-superpole-healthcraft\/\" \/>\n<meta property=\"og:locale\" content=\"fr_FR\" \/>\n<meta property=\"og:type\" content=\"article\" \/>\n<meta property=\"og:title\" content=\"LA SUPERP\u00d4LE HEALTHCRAFT - Canada Care Medical\" \/>\n<meta property=\"og:description\" content=\"Une solution de s\u00e9curit\u00e9 pr\u00e9ventive adaptable et novatrice.  Si la stabilit\u00e9 vous pr\u00e9occupe, surtout lorsque vous vous levez d\u2019une position assise ou couch\u00e9e, la SuperP\u00f4le Healthcraft peut vous aider. Elle peut contribuer \u00e0 vous \u00e9viter des chutes, car lors de son utilisation, vous mettez \u00e0 contribution la force du haut de votre corps en plus de vos jambes pour vous mettre debout.\" \/>\n<meta property=\"og:url\" content=\"https:\/\/canadacaremedical.com\/fr\/product\/produits-daccessibilite\/superpoles\/la-superpole-healthcraft\/\" \/>\n<meta property=\"og:site_name\" content=\"Canada Care Medical\" \/>\n<meta property=\"article:modified_time\" content=\"2021-03-17T13:41:25+00:00\" \/>\n<meta property=\"og:image\" content=\"https:\/\/canadacaremedical.com\/wp-content\/uploads\/2019\/03\/Healthcraft-SuperPole.jpg\" \/>\n\t<meta property=\"og:image:width\" content=\"260\" \/>\n\t<meta property=\"og:image:height\" content=\"215\" \/>\n\t<meta property=\"og:image:type\" content=\"image\/jpeg\" \/>\n<meta name=\"twitter:card\" content=\"summary_large_image\" \/>\n<script type=\"application\/ld+json\" class=\"yoast-schema-graph\">{\"@context\":\"https:\\\/\\\/schema.org\",\"@graph\":[{\"@type\":\"WebPage\",\"@id\":\"https:\\\/\\\/canadacaremedical.com\\\/fr\\\/product\\\/produits-daccessibilite\\\/superpoles\\\/la-superpole-healthcraft\\\/\",\"url\":\"https:\\\/\\\/canadacaremedical.com\\\/fr\\\/product\\\/produits-daccessibilite\\\/superpoles\\\/la-superpole-healthcraft\\\/\",\"name\":\"LA SUPERP\u00d4LE HEALTHCRAFT - Canada Care Medical\",\"isPartOf\":{\"@id\":\"https:\\\/\\\/canadacaremedical.com\\\/#website\"},\"primaryImageOfPage\":{\"@id\":\"https:\\\/\\\/canadacaremedical.com\\\/fr\\\/product\\\/produits-daccessibilite\\\/superpoles\\\/la-superpole-healthcraft\\\/#primaryimage\"},\"image\":{\"@id\":\"https:\\\/\\\/canadacaremedical.com\\\/fr\\\/product\\\/produits-daccessibilite\\\/superpoles\\\/la-superpole-healthcraft\\\/#primaryimage\"},\"thumbnailUrl\":\"https:\\\/\\\/canadacaremedical.com\\\/wp-content\\\/uploads\\\/2019\\\/03\\\/Healthcraft-SuperPole.jpg\",\"datePublished\":\"2019-03-12T15:59:02+00:00\",\"dateModified\":\"2021-03-17T13:41:25+00:00\",\"breadcrumb\":{\"@id\":\"https:\\\/\\\/canadacaremedical.com\\\/fr\\\/product\\\/produits-daccessibilite\\\/superpoles\\\/la-superpole-healthcraft\\\/#breadcrumb\"},\"inLanguage\":\"fr-FR\",\"potentialAction\":[{\"@type\":\"ReadAction\",\"target\":[\"https:\\\/\\\/canadacaremedical.com\\\/fr\\\/product\\\/produits-daccessibilite\\\/superpoles\\\/la-superpole-healthcraft\\\/\"]}]},{\"@type\":\"ImageObject\",\"inLanguage\":\"fr-FR\",\"@id\":\"https:\\\/\\\/canadacaremedical.com\\\/fr\\\/product\\\/produits-daccessibilite\\\/superpoles\\\/la-superpole-healthcraft\\\/#primaryimage\",\"url\":\"https:\\\/\\\/canadacaremedical.com\\\/wp-content\\\/uploads\\\/2019\\\/03\\\/Healthcraft-SuperPole.jpg\",\"contentUrl\":\"https:\\\/\\\/canadacaremedical.com\\\/wp-content\\\/uploads\\\/2019\\\/03\\\/Healthcraft-SuperPole.jpg\",\"width\":260,\"height\":215,\"caption\":\"Healthcraft SuperPole\"},{\"@type\":\"BreadcrumbList\",\"@id\":\"https:\\\/\\\/canadacaremedical.com\\\/fr\\\/product\\\/produits-daccessibilite\\\/superpoles\\\/la-superpole-healthcraft\\\/#breadcrumb\",\"itemListElement\":[{\"@type\":\"ListItem\",\"position\":1,\"name\":\"Home\",\"item\":\"https:\\\/\\\/canadacaremedical.com\\\/fr\\\/\"},{\"@type\":\"ListItem\",\"position\":2,\"name\":\"FIRST AID\",\"item\":\"https:\\\/\\\/canadacaremedical.com\\\/?page_id=1227\"},{\"@type\":\"ListItem\",\"position\":3,\"name\":\"LA SUPERP\u00d4LE HEALTHCRAFT\"}]},{\"@type\":\"WebSite\",\"@id\":\"https:\\\/\\\/canadacaremedical.com\\\/#website\",\"url\":\"https:\\\/\\\/canadacaremedical.com\\\/\",\"name\":\"Canada Care Medical\",\"description\":\"\",\"publisher\":{\"@id\":\"https:\\\/\\\/canadacaremedical.com\\\/#organization\"},\"potentialAction\":[{\"@type\":\"SearchAction\",\"target\":{\"@type\":\"EntryPoint\",\"urlTemplate\":\"https:\\\/\\\/canadacaremedical.com\\\/?s={search_term_string}\"},\"query-input\":{\"@type\":\"PropertyValueSpecification\",\"valueRequired\":true,\"valueName\":\"search_term_string\"}}],\"inLanguage\":\"fr-FR\"},{\"@type\":\"Organization\",\"@id\":\"https:\\\/\\\/canadacaremedical.com\\\/#organization\",\"name\":\"Canada Care Medical\",\"url\":\"https:\\\/\\\/canadacaremedical.com\\\/\",\"logo\":{\"@type\":\"ImageObject\",\"inLanguage\":\"fr-FR\",\"@id\":\"https:\\\/\\\/canadacaremedical.com\\\/#\\\/schema\\\/logo\\\/image\\\/\",\"url\":\"https:\\\/\\\/canadacaremedical.com\\\/wp-content\\\/uploads\\\/2022\\\/04\\\/cropped-CCM-an-NSM-company-website-vertical-no-50-1.png\",\"contentUrl\":\"https:\\\/\\\/canadacaremedical.com\\\/wp-content\\\/uploads\\\/2022\\\/04\\\/cropped-CCM-an-NSM-company-website-vertical-no-50-1.png\",\"width\":500,\"height\":181,\"caption\":\"Canada Care Medical\"},\"image\":{\"@id\":\"https:\\\/\\\/canadacaremedical.com\\\/#\\\/schema\\\/logo\\\/image\\\/\"}}]}<\/script>\n<!-- \/ Yoast SEO plugin. -->","yoast_head_json":{"title":"LA SUPERP\u00d4LE HEALTHCRAFT - Canada Care Medical","robots":{"index":"index","follow":"follow","max-snippet":"max-snippet:-1","max-image-preview":"max-image-preview:large","max-video-preview":"max-video-preview:-1"},"canonical":"https:\/\/canadacaremedical.com\/fr\/product\/produits-daccessibilite\/superpoles\/la-superpole-healthcraft\/","og_locale":"fr_FR","og_type":"article","og_title":"LA SUPERP\u00d4LE HEALTHCRAFT - Canada Care Medical","og_description":"Une solution de s\u00e9curit\u00e9 pr\u00e9ventive adaptable et novatrice.  Si la stabilit\u00e9 vous pr\u00e9occupe, surtout lorsque vous vous levez d\u2019une position assise ou couch\u00e9e, la SuperP\u00f4le Healthcraft peut vous aider. Elle peut contribuer \u00e0 vous \u00e9viter des chutes, car lors de son utilisation, vous mettez \u00e0 contribution la force du haut de votre corps en plus de vos jambes pour vous mettre debout.","og_url":"https:\/\/canadacaremedical.com\/fr\/product\/produits-daccessibilite\/superpoles\/la-superpole-healthcraft\/","og_site_name":"Canada Care Medical","article_modified_time":"2021-03-17T13:41:25+00:00","og_image":[{"width":260,"height":215,"url":"https:\/\/canadacaremedical.com\/wp-content\/uploads\/2019\/03\/Healthcraft-SuperPole.jpg","type":"image\/jpeg"}],"twitter_card":"summary_large_image","schema":{"@context":"https:\/\/schema.org","@graph":[{"@type":"WebPage","@id":"https:\/\/canadacaremedical.com\/fr\/product\/produits-daccessibilite\/superpoles\/la-superpole-healthcraft\/","url":"https:\/\/canadacaremedical.com\/fr\/product\/produits-daccessibilite\/superpoles\/la-superpole-healthcraft\/","name":"LA SUPERP\u00d4LE HEALTHCRAFT - Canada Care Medical","isPartOf":{"@id":"https:\/\/canadacaremedical.com\/#website"},"primaryImageOfPage":{"@id":"https:\/\/canadacaremedical.com\/fr\/product\/produits-daccessibilite\/superpoles\/la-superpole-healthcraft\/#primaryimage"},"image":{"@id":"https:\/\/canadacaremedical.com\/fr\/product\/produits-daccessibilite\/superpoles\/la-superpole-healthcraft\/#primaryimage"},"thumbnailUrl":"https:\/\/canadacaremedical.com\/wp-content\/uploads\/2019\/03\/Healthcraft-SuperPole.jpg","datePublished":"2019-03-12T15:59:02+00:00","dateModified":"2021-03-17T13:41:25+00:00","breadcrumb":{"@id":"https:\/\/canadacaremedical.com\/fr\/product\/produits-daccessibilite\/superpoles\/la-superpole-healthcraft\/#breadcrumb"},"inLanguage":"fr-FR","potentialAction":[{"@type":"ReadAction","target":["https:\/\/canadacaremedical.com\/fr\/product\/produits-daccessibilite\/superpoles\/la-superpole-healthcraft\/"]}]},{"@type":"ImageObject","inLanguage":"fr-FR","@id":"https:\/\/canadacaremedical.com\/fr\/product\/produits-daccessibilite\/superpoles\/la-superpole-healthcraft\/#primaryimage","url":"https:\/\/canadacaremedical.com\/wp-content\/uploads\/2019\/03\/Healthcraft-SuperPole.jpg","contentUrl":"https:\/\/canadacaremedical.com\/wp-content\/uploads\/2019\/03\/Healthcraft-SuperPole.jpg","width":260,"height":215,"caption":"Healthcraft SuperPole"},{"@type":"BreadcrumbList","@id":"https:\/\/canadacaremedical.com\/fr\/product\/produits-daccessibilite\/superpoles\/la-superpole-healthcraft\/#breadcrumb","itemListElement":[{"@type":"ListItem","position":1,"name":"Home","item":"https:\/\/canadacaremedical.com\/fr\/"},{"@type":"ListItem","position":2,"name":"FIRST AID","item":"https:\/\/canadacaremedical.com\/?page_id=1227"},{"@type":"ListItem","position":3,"name":"LA SUPERP\u00d4LE HEALTHCRAFT"}]},{"@type":"WebSite","@id":"https:\/\/canadacaremedical.com\/#website","url":"https:\/\/canadacaremedical.com\/","name":"Canada Care Medical","description":"","publisher":{"@id":"https:\/\/canadacaremedical.com\/#organization"},"potentialAction":[{"@type":"SearchAction","target":{"@type":"EntryPoint","urlTemplate":"https:\/\/canadacaremedical.com\/?s={search_term_string}"},"query-input":{"@type":"PropertyValueSpecification","valueRequired":true,"valueName":"search_term_string"}}],"inLanguage":"fr-FR"},{"@type":"Organization","@id":"https:\/\/canadacaremedical.com\/#organization","name":"Canada Care Medical","url":"https:\/\/canadacaremedical.com\/","logo":{"@type":"ImageObject","inLanguage":"fr-FR","@id":"https:\/\/canadacaremedical.com\/#\/schema\/logo\/image\/","url":"https:\/\/canadacaremedical.com\/wp-content\/uploads\/2022\/04\/cropped-CCM-an-NSM-company-website-vertical-no-50-1.png","contentUrl":"https:\/\/canadacaremedical.com\/wp-content\/uploads\/2022\/04\/cropped-CCM-an-NSM-company-website-vertical-no-50-1.png","width":500,"height":181,"caption":"Canada Care Medical"},"image":{"@id":"https:\/\/canadacaremedical.com\/#\/schema\/logo\/image\/"}}]}},"jetpack_sharing_enabled":true,"_links":{"self":[{"href":"https:\/\/canadacaremedical.com\/fr\/wp-json\/wp\/v2\/product\/4644","targetHints":{"allow":["GET"]}}],"collection":[{"href":"https:\/\/canadacaremedical.com\/fr\/wp-json\/wp\/v2\/product"}],"about":[{"href":"https:\/\/canadacaremedical.com\/fr\/wp-json\/wp\/v2\/types\/product"}],"wp:featuredmedia":[{"embeddable":true,"href":"https:\/\/canadacaremedical.com\/fr\/wp-json\/wp\/v2\/media\/4642"}],"wp:attachment":[{"href":"https:\/\/canadacaremedical.com\/fr\/wp-json\/wp\/v2\/media?parent=4644"}],"wp:term":[{"taxonomy":"product_brand","embeddable":true,"href":"https:\/\/canadacaremedical.com\/fr\/wp-json\/wp\/v2\/product_brand?post=4644"},{"taxonomy":"product_cat","embeddable":true,"href":"https:\/\/canadacaremedical.com\/fr\/wp-json\/wp\/v2\/product_cat?post=4644"},{"taxonomy":"product_tag","embeddable":true,"href":"https:\/\/canadacaremedical.com\/fr\/wp-json\/wp\/v2\/product_tag?post=4644"}],"curies":[{"name":"wp","href":"https:\/\/api.w.org\/{rel}","templated":true}]}}