{"id":4652,"date":"2019-03-12T18:39:46","date_gmt":"2019-03-12T18:39:46","guid":{"rendered":"https:\/\/canadacaremedical.com\/?post_type=product&#038;p=4652"},"modified":"2021-03-17T13:21:49","modified_gmt":"2021-03-17T13:21:49","slug":"la-rampe-modulaire-sur-mesure-sunrise","status":"publish","type":"product","link":"https:\/\/canadacaremedical.com\/fr\/product\/produits-daccessibilite\/rampes-pour-fauteuils-roulants\/la-rampe-modulaire-sur-mesure-sunrise\/","title":{"rendered":"LA RAMPE MODULAIRE SUR MESURE SUNRISE"},"content":{"rendered":"","protected":false},"excerpt":{"rendered":"<h2><strong>Lorsque vous avez besoin de plus qu\u2019une rampe portative. <\/strong><\/h2>\n<p>La rampe modulaire sur mesure Sunrise procure une solution s\u00e9curitaire, rapide et efficiente \u00e0 vos besoins d\u2019accessibilit\u00e9. Elle comprend un syst\u00e8me interchangeable de composantes universelles dont diff\u00e9rentes surfaces et diff\u00e9rents rails connecteurs constituent un excellent choix si vos besoins d\u2019accessibilit\u00e9 vont au-del\u00e0 de ce qu\u2019offre la simple rampe portative.<\/p>\n","protected":false},"featured_media":4650,"template":"","meta":[],"product_brand":[],"product_cat":[110],"product_tag":[],"class_list":{"0":"post-4652","1":"product","2":"type-product","3":"status-publish","4":"has-post-thumbnail","6":"product_cat-rampes-pour-fauteuils-roulants","8":"first","9":"instock","10":"shipping-taxable","11":"purchasable","12":"product-type-simple"},"yoast_head":"<!-- This site is optimized with the Yoast SEO plugin v27.3 - https:\/\/yoast.com\/product\/yoast-seo-wordpress\/ -->\n<title>LA RAMPE MODULAIRE SUR MESURE SUNRISE - Canada Care Medical<\/title>\n<meta name=\"robots\" content=\"index, follow, max-snippet:-1, max-image-preview:large, max-video-preview:-1\" \/>\n<link rel=\"canonical\" href=\"https:\/\/canadacaremedical.com\/fr\/product\/produits-daccessibilite\/rampes-pour-fauteuils-roulants\/la-rampe-modulaire-sur-mesure-sunrise\/\" \/>\n<meta property=\"og:locale\" content=\"fr_FR\" \/>\n<meta property=\"og:type\" content=\"article\" \/>\n<meta property=\"og:title\" content=\"LA RAMPE MODULAIRE SUR MESURE SUNRISE - Canada Care Medical\" \/>\n<meta property=\"og:description\" content=\"Lorsque vous avez besoin de plus qu\u2019une rampe portative.  La rampe modulaire sur mesure Sunrise procure une solution s\u00e9curitaire, rapide et efficiente \u00e0 vos besoins d\u2019accessibilit\u00e9. Elle comprend un syst\u00e8me interchangeable de composantes universelles dont diff\u00e9rentes surfaces et diff\u00e9rents rails connecteurs constituent un excellent choix si vos besoins d\u2019accessibilit\u00e9 vont au-del\u00e0 de ce qu\u2019offre la simple rampe portative.\" \/>\n<meta property=\"og:url\" content=\"https:\/\/canadacaremedical.com\/fr\/product\/produits-daccessibilite\/rampes-pour-fauteuils-roulants\/la-rampe-modulaire-sur-mesure-sunrise\/\" \/>\n<meta property=\"og:site_name\" content=\"Canada Care Medical\" \/>\n<meta property=\"article:modified_time\" content=\"2021-03-17T13:21:49+00:00\" \/>\n<meta property=\"og:image\" content=\"https:\/\/canadacaremedical.com\/wp-content\/uploads\/2019\/03\/Sunrise-Custom-Modular-Ramp.jpg\" \/>\n\t<meta property=\"og:image:width\" content=\"260\" \/>\n\t<meta property=\"og:image:height\" content=\"215\" \/>\n\t<meta property=\"og:image:type\" content=\"image\/jpeg\" \/>\n<meta name=\"twitter:card\" content=\"summary_large_image\" \/>\n<script type=\"application\/ld+json\" class=\"yoast-schema-graph\">{\"@context\":\"https:\\\/\\\/schema.org\",\"@graph\":[{\"@type\":\"WebPage\",\"@id\":\"https:\\\/\\\/canadacaremedical.com\\\/fr\\\/product\\\/produits-daccessibilite\\\/rampes-pour-fauteuils-roulants\\\/la-rampe-modulaire-sur-mesure-sunrise\\\/\",\"url\":\"https:\\\/\\\/canadacaremedical.com\\\/fr\\\/product\\\/produits-daccessibilite\\\/rampes-pour-fauteuils-roulants\\\/la-rampe-modulaire-sur-mesure-sunrise\\\/\",\"name\":\"LA RAMPE MODULAIRE SUR MESURE SUNRISE - Canada Care Medical\",\"isPartOf\":{\"@id\":\"https:\\\/\\\/canadacaremedical.com\\\/#website\"},\"primaryImageOfPage\":{\"@id\":\"https:\\\/\\\/canadacaremedical.com\\\/fr\\\/product\\\/produits-daccessibilite\\\/rampes-pour-fauteuils-roulants\\\/la-rampe-modulaire-sur-mesure-sunrise\\\/#primaryimage\"},\"image\":{\"@id\":\"https:\\\/\\\/canadacaremedical.com\\\/fr\\\/product\\\/produits-daccessibilite\\\/rampes-pour-fauteuils-roulants\\\/la-rampe-modulaire-sur-mesure-sunrise\\\/#primaryimage\"},\"thumbnailUrl\":\"https:\\\/\\\/canadacaremedical.com\\\/wp-content\\\/uploads\\\/2019\\\/03\\\/Sunrise-Custom-Modular-Ramp.jpg\",\"datePublished\":\"2019-03-12T18:39:46+00:00\",\"dateModified\":\"2021-03-17T13:21:49+00:00\",\"breadcrumb\":{\"@id\":\"https:\\\/\\\/canadacaremedical.com\\\/fr\\\/product\\\/produits-daccessibilite\\\/rampes-pour-fauteuils-roulants\\\/la-rampe-modulaire-sur-mesure-sunrise\\\/#breadcrumb\"},\"inLanguage\":\"fr-FR\",\"potentialAction\":[{\"@type\":\"ReadAction\",\"target\":[\"https:\\\/\\\/canadacaremedical.com\\\/fr\\\/product\\\/produits-daccessibilite\\\/rampes-pour-fauteuils-roulants\\\/la-rampe-modulaire-sur-mesure-sunrise\\\/\"]}]},{\"@type\":\"ImageObject\",\"inLanguage\":\"fr-FR\",\"@id\":\"https:\\\/\\\/canadacaremedical.com\\\/fr\\\/product\\\/produits-daccessibilite\\\/rampes-pour-fauteuils-roulants\\\/la-rampe-modulaire-sur-mesure-sunrise\\\/#primaryimage\",\"url\":\"https:\\\/\\\/canadacaremedical.com\\\/wp-content\\\/uploads\\\/2019\\\/03\\\/Sunrise-Custom-Modular-Ramp.jpg\",\"contentUrl\":\"https:\\\/\\\/canadacaremedical.com\\\/wp-content\\\/uploads\\\/2019\\\/03\\\/Sunrise-Custom-Modular-Ramp.jpg\",\"width\":260,\"height\":215},{\"@type\":\"BreadcrumbList\",\"@id\":\"https:\\\/\\\/canadacaremedical.com\\\/fr\\\/product\\\/produits-daccessibilite\\\/rampes-pour-fauteuils-roulants\\\/la-rampe-modulaire-sur-mesure-sunrise\\\/#breadcrumb\",\"itemListElement\":[{\"@type\":\"ListItem\",\"position\":1,\"name\":\"Home\",\"item\":\"https:\\\/\\\/canadacaremedical.com\\\/fr\\\/\"},{\"@type\":\"ListItem\",\"position\":2,\"name\":\"FIRST AID\",\"item\":\"https:\\\/\\\/canadacaremedical.com\\\/?page_id=1227\"},{\"@type\":\"ListItem\",\"position\":3,\"name\":\"LA RAMPE MODULAIRE SUR MESURE SUNRISE\"}]},{\"@type\":\"WebSite\",\"@id\":\"https:\\\/\\\/canadacaremedical.com\\\/#website\",\"url\":\"https:\\\/\\\/canadacaremedical.com\\\/\",\"name\":\"Canada Care Medical\",\"description\":\"\",\"publisher\":{\"@id\":\"https:\\\/\\\/canadacaremedical.com\\\/#organization\"},\"potentialAction\":[{\"@type\":\"SearchAction\",\"target\":{\"@type\":\"EntryPoint\",\"urlTemplate\":\"https:\\\/\\\/canadacaremedical.com\\\/?s={search_term_string}\"},\"query-input\":{\"@type\":\"PropertyValueSpecification\",\"valueRequired\":true,\"valueName\":\"search_term_string\"}}],\"inLanguage\":\"fr-FR\"},{\"@type\":\"Organization\",\"@id\":\"https:\\\/\\\/canadacaremedical.com\\\/#organization\",\"name\":\"Canada Care Medical\",\"url\":\"https:\\\/\\\/canadacaremedical.com\\\/\",\"logo\":{\"@type\":\"ImageObject\",\"inLanguage\":\"fr-FR\",\"@id\":\"https:\\\/\\\/canadacaremedical.com\\\/#\\\/schema\\\/logo\\\/image\\\/\",\"url\":\"https:\\\/\\\/canadacaremedical.com\\\/wp-content\\\/uploads\\\/2022\\\/04\\\/cropped-CCM-an-NSM-company-website-vertical-no-50-1.png\",\"contentUrl\":\"https:\\\/\\\/canadacaremedical.com\\\/wp-content\\\/uploads\\\/2022\\\/04\\\/cropped-CCM-an-NSM-company-website-vertical-no-50-1.png\",\"width\":500,\"height\":181,\"caption\":\"Canada Care Medical\"},\"image\":{\"@id\":\"https:\\\/\\\/canadacaremedical.com\\\/#\\\/schema\\\/logo\\\/image\\\/\"}}]}<\/script>\n<!-- \/ Yoast SEO plugin. -->","yoast_head_json":{"title":"LA RAMPE MODULAIRE SUR MESURE SUNRISE - Canada Care Medical","robots":{"index":"index","follow":"follow","max-snippet":"max-snippet:-1","max-image-preview":"max-image-preview:large","max-video-preview":"max-video-preview:-1"},"canonical":"https:\/\/canadacaremedical.com\/fr\/product\/produits-daccessibilite\/rampes-pour-fauteuils-roulants\/la-rampe-modulaire-sur-mesure-sunrise\/","og_locale":"fr_FR","og_type":"article","og_title":"LA RAMPE MODULAIRE SUR MESURE SUNRISE - Canada Care Medical","og_description":"Lorsque vous avez besoin de plus qu\u2019une rampe portative.  La rampe modulaire sur mesure Sunrise procure une solution s\u00e9curitaire, rapide et efficiente \u00e0 vos besoins d\u2019accessibilit\u00e9. Elle comprend un syst\u00e8me interchangeable de composantes universelles dont diff\u00e9rentes surfaces et diff\u00e9rents rails connecteurs constituent un excellent choix si vos besoins d\u2019accessibilit\u00e9 vont au-del\u00e0 de ce qu\u2019offre la simple rampe portative.","og_url":"https:\/\/canadacaremedical.com\/fr\/product\/produits-daccessibilite\/rampes-pour-fauteuils-roulants\/la-rampe-modulaire-sur-mesure-sunrise\/","og_site_name":"Canada Care Medical","article_modified_time":"2021-03-17T13:21:49+00:00","og_image":[{"width":260,"height":215,"url":"https:\/\/canadacaremedical.com\/wp-content\/uploads\/2019\/03\/Sunrise-Custom-Modular-Ramp.jpg","type":"image\/jpeg"}],"twitter_card":"summary_large_image","schema":{"@context":"https:\/\/schema.org","@graph":[{"@type":"WebPage","@id":"https:\/\/canadacaremedical.com\/fr\/product\/produits-daccessibilite\/rampes-pour-fauteuils-roulants\/la-rampe-modulaire-sur-mesure-sunrise\/","url":"https:\/\/canadacaremedical.com\/fr\/product\/produits-daccessibilite\/rampes-pour-fauteuils-roulants\/la-rampe-modulaire-sur-mesure-sunrise\/","name":"LA RAMPE MODULAIRE SUR MESURE SUNRISE - Canada Care Medical","isPartOf":{"@id":"https:\/\/canadacaremedical.com\/#website"},"primaryImageOfPage":{"@id":"https:\/\/canadacaremedical.com\/fr\/product\/produits-daccessibilite\/rampes-pour-fauteuils-roulants\/la-rampe-modulaire-sur-mesure-sunrise\/#primaryimage"},"image":{"@id":"https:\/\/canadacaremedical.com\/fr\/product\/produits-daccessibilite\/rampes-pour-fauteuils-roulants\/la-rampe-modulaire-sur-mesure-sunrise\/#primaryimage"},"thumbnailUrl":"https:\/\/canadacaremedical.com\/wp-content\/uploads\/2019\/03\/Sunrise-Custom-Modular-Ramp.jpg","datePublished":"2019-03-12T18:39:46+00:00","dateModified":"2021-03-17T13:21:49+00:00","breadcrumb":{"@id":"https:\/\/canadacaremedical.com\/fr\/product\/produits-daccessibilite\/rampes-pour-fauteuils-roulants\/la-rampe-modulaire-sur-mesure-sunrise\/#breadcrumb"},"inLanguage":"fr-FR","potentialAction":[{"@type":"ReadAction","target":["https:\/\/canadacaremedical.com\/fr\/product\/produits-daccessibilite\/rampes-pour-fauteuils-roulants\/la-rampe-modulaire-sur-mesure-sunrise\/"]}]},{"@type":"ImageObject","inLanguage":"fr-FR","@id":"https:\/\/canadacaremedical.com\/fr\/product\/produits-daccessibilite\/rampes-pour-fauteuils-roulants\/la-rampe-modulaire-sur-mesure-sunrise\/#primaryimage","url":"https:\/\/canadacaremedical.com\/wp-content\/uploads\/2019\/03\/Sunrise-Custom-Modular-Ramp.jpg","contentUrl":"https:\/\/canadacaremedical.com\/wp-content\/uploads\/2019\/03\/Sunrise-Custom-Modular-Ramp.jpg","width":260,"height":215},{"@type":"BreadcrumbList","@id":"https:\/\/canadacaremedical.com\/fr\/product\/produits-daccessibilite\/rampes-pour-fauteuils-roulants\/la-rampe-modulaire-sur-mesure-sunrise\/#breadcrumb","itemListElement":[{"@type":"ListItem","position":1,"name":"Home","item":"https:\/\/canadacaremedical.com\/fr\/"},{"@type":"ListItem","position":2,"name":"FIRST AID","item":"https:\/\/canadacaremedical.com\/?page_id=1227"},{"@type":"ListItem","position":3,"name":"LA RAMPE MODULAIRE SUR MESURE SUNRISE"}]},{"@type":"WebSite","@id":"https:\/\/canadacaremedical.com\/#website","url":"https:\/\/canadacaremedical.com\/","name":"Canada Care Medical","description":"","publisher":{"@id":"https:\/\/canadacaremedical.com\/#organization"},"potentialAction":[{"@type":"SearchAction","target":{"@type":"EntryPoint","urlTemplate":"https:\/\/canadacaremedical.com\/?s={search_term_string}"},"query-input":{"@type":"PropertyValueSpecification","valueRequired":true,"valueName":"search_term_string"}}],"inLanguage":"fr-FR"},{"@type":"Organization","@id":"https:\/\/canadacaremedical.com\/#organization","name":"Canada Care Medical","url":"https:\/\/canadacaremedical.com\/","logo":{"@type":"ImageObject","inLanguage":"fr-FR","@id":"https:\/\/canadacaremedical.com\/#\/schema\/logo\/image\/","url":"https:\/\/canadacaremedical.com\/wp-content\/uploads\/2022\/04\/cropped-CCM-an-NSM-company-website-vertical-no-50-1.png","contentUrl":"https:\/\/canadacaremedical.com\/wp-content\/uploads\/2022\/04\/cropped-CCM-an-NSM-company-website-vertical-no-50-1.png","width":500,"height":181,"caption":"Canada Care Medical"},"image":{"@id":"https:\/\/canadacaremedical.com\/#\/schema\/logo\/image\/"}}]}},"jetpack_sharing_enabled":true,"_links":{"self":[{"href":"https:\/\/canadacaremedical.com\/fr\/wp-json\/wp\/v2\/product\/4652","targetHints":{"allow":["GET"]}}],"collection":[{"href":"https:\/\/canadacaremedical.com\/fr\/wp-json\/wp\/v2\/product"}],"about":[{"href":"https:\/\/canadacaremedical.com\/fr\/wp-json\/wp\/v2\/types\/product"}],"wp:featuredmedia":[{"embeddable":true,"href":"https:\/\/canadacaremedical.com\/fr\/wp-json\/wp\/v2\/media\/4650"}],"wp:attachment":[{"href":"https:\/\/canadacaremedical.com\/fr\/wp-json\/wp\/v2\/media?parent=4652"}],"wp:term":[{"taxonomy":"product_brand","embeddable":true,"href":"https:\/\/canadacaremedical.com\/fr\/wp-json\/wp\/v2\/product_brand?post=4652"},{"taxonomy":"product_cat","embeddable":true,"href":"https:\/\/canadacaremedical.com\/fr\/wp-json\/wp\/v2\/product_cat?post=4652"},{"taxonomy":"product_tag","embeddable":true,"href":"https:\/\/canadacaremedical.com\/fr\/wp-json\/wp\/v2\/product_tag?post=4652"}],"curies":[{"name":"wp","href":"https:\/\/api.w.org\/{rel}","templated":true}]}}