{"id":4734,"date":"2019-03-13T18:39:35","date_gmt":"2019-03-13T18:39:35","guid":{"rendered":"https:\/\/canadacaremedical.com\/?post_type=product&#038;p=4734"},"modified":"2021-03-17T12:51:54","modified_gmt":"2021-03-17T12:51:54","slug":"le-siege-elevateur-pour-le-bain-bellavita","status":"publish","type":"product","link":"https:\/\/canadacaremedical.com\/fr\/product\/aides-au-quotidien\/produits-de-securite-pour-la-salle-de-bains\/sieges-elevateurs-pour-le-bain\/le-siege-elevateur-pour-le-bain-bellavita\/","title":{"rendered":"LE SI\u00c8GE \u00c9L\u00c9VATEUR POUR LE BAIN BELLAVITA"},"content":{"rendered":"","protected":false},"excerpt":{"rendered":"<h2><strong>Un si\u00e8ge-\u00e9l\u00e9vateur l\u00e9ger qui peut \u00eatre utilis\u00e9 dans un bain standard ou profond.<\/strong><\/h2>\n<p>Le si\u00e8ge-\u00e9l\u00e9vateur pour le bain Bellavita est le plus l\u00e9ger sur le march\u00e9, pesant seulement 9,3 kg (20,5 lb). Ce si\u00e8ge-\u00e9l\u00e9vateur pour le bain a \u00e9t\u00e9 con\u00e7u avec l\u2019aide de professionnels de la sant\u00e9. Il fonctionne admirablement bien dans les bains standards ou plus profonds. Une fois en place, son si\u00e8ge comporte une \u00e9l\u00e9vation de seulement 5.8 cm (2.3&Prime;). C\u2019est l\u2019\u00e9l\u00e9vation la plus basse sur le march\u00e9.<\/p>\n","protected":false},"featured_media":4732,"template":"","meta":[],"product_brand":[],"product_cat":[115],"product_tag":[],"class_list":{"0":"post-4734","1":"product","2":"type-product","3":"status-publish","4":"has-post-thumbnail","6":"product_cat-sieges-elevateurs-pour-le-bain","8":"first","9":"instock","10":"shipping-taxable","11":"purchasable","12":"product-type-simple"},"yoast_head":"<!-- This site is optimized with the Yoast SEO plugin v27.3 - https:\/\/yoast.com\/product\/yoast-seo-wordpress\/ -->\n<title>LE SI\u00c8GE \u00c9L\u00c9VATEUR POUR LE BAIN BELLAVITA - Canada Care Medical<\/title>\n<meta name=\"robots\" content=\"index, follow, max-snippet:-1, max-image-preview:large, max-video-preview:-1\" \/>\n<link rel=\"canonical\" href=\"https:\/\/canadacaremedical.com\/fr\/product\/aides-au-quotidien\/produits-de-securite-pour-la-salle-de-bains\/sieges-elevateurs-pour-le-bain\/le-siege-elevateur-pour-le-bain-bellavita\/\" \/>\n<meta property=\"og:locale\" content=\"fr_FR\" \/>\n<meta property=\"og:type\" content=\"article\" \/>\n<meta property=\"og:title\" content=\"LE SI\u00c8GE \u00c9L\u00c9VATEUR POUR LE BAIN BELLAVITA - Canada Care Medical\" \/>\n<meta property=\"og:description\" content=\"Un si\u00e8ge-\u00e9l\u00e9vateur l\u00e9ger qui peut \u00eatre utilis\u00e9 dans un bain standard ou profond. Le si\u00e8ge-\u00e9l\u00e9vateur pour le bain Bellavita est le plus l\u00e9ger sur le march\u00e9, pesant seulement 9,3 kg (20,5 lb). Ce si\u00e8ge-\u00e9l\u00e9vateur pour le bain a \u00e9t\u00e9 con\u00e7u avec l\u2019aide de professionnels de la sant\u00e9. Il fonctionne admirablement bien dans les bains standards ou plus profonds. Une fois en place, son si\u00e8ge comporte une \u00e9l\u00e9vation de seulement 5.8 cm (2.3&quot;). C\u2019est l\u2019\u00e9l\u00e9vation la plus basse sur le march\u00e9.\" \/>\n<meta property=\"og:url\" content=\"https:\/\/canadacaremedical.com\/fr\/product\/aides-au-quotidien\/produits-de-securite-pour-la-salle-de-bains\/sieges-elevateurs-pour-le-bain\/le-siege-elevateur-pour-le-bain-bellavita\/\" \/>\n<meta property=\"og:site_name\" content=\"Canada Care Medical\" \/>\n<meta property=\"article:modified_time\" content=\"2021-03-17T12:51:54+00:00\" \/>\n<meta property=\"og:image\" content=\"https:\/\/canadacaremedical.com\/wp-content\/uploads\/2019\/03\/Bellavita-Bath-Lift.jpg\" \/>\n\t<meta property=\"og:image:width\" content=\"260\" \/>\n\t<meta property=\"og:image:height\" content=\"215\" \/>\n\t<meta property=\"og:image:type\" content=\"image\/jpeg\" \/>\n<meta name=\"twitter:card\" content=\"summary_large_image\" \/>\n<script type=\"application\/ld+json\" class=\"yoast-schema-graph\">{\"@context\":\"https:\\\/\\\/schema.org\",\"@graph\":[{\"@type\":\"WebPage\",\"@id\":\"https:\\\/\\\/canadacaremedical.com\\\/fr\\\/product\\\/aides-au-quotidien\\\/produits-de-securite-pour-la-salle-de-bains\\\/sieges-elevateurs-pour-le-bain\\\/le-siege-elevateur-pour-le-bain-bellavita\\\/\",\"url\":\"https:\\\/\\\/canadacaremedical.com\\\/fr\\\/product\\\/aides-au-quotidien\\\/produits-de-securite-pour-la-salle-de-bains\\\/sieges-elevateurs-pour-le-bain\\\/le-siege-elevateur-pour-le-bain-bellavita\\\/\",\"name\":\"LE SI\u00c8GE \u00c9L\u00c9VATEUR POUR LE BAIN BELLAVITA - Canada Care Medical\",\"isPartOf\":{\"@id\":\"https:\\\/\\\/canadacaremedical.com\\\/#website\"},\"primaryImageOfPage\":{\"@id\":\"https:\\\/\\\/canadacaremedical.com\\\/fr\\\/product\\\/aides-au-quotidien\\\/produits-de-securite-pour-la-salle-de-bains\\\/sieges-elevateurs-pour-le-bain\\\/le-siege-elevateur-pour-le-bain-bellavita\\\/#primaryimage\"},\"image\":{\"@id\":\"https:\\\/\\\/canadacaremedical.com\\\/fr\\\/product\\\/aides-au-quotidien\\\/produits-de-securite-pour-la-salle-de-bains\\\/sieges-elevateurs-pour-le-bain\\\/le-siege-elevateur-pour-le-bain-bellavita\\\/#primaryimage\"},\"thumbnailUrl\":\"https:\\\/\\\/canadacaremedical.com\\\/wp-content\\\/uploads\\\/2019\\\/03\\\/Bellavita-Bath-Lift.jpg\",\"datePublished\":\"2019-03-13T18:39:35+00:00\",\"dateModified\":\"2021-03-17T12:51:54+00:00\",\"breadcrumb\":{\"@id\":\"https:\\\/\\\/canadacaremedical.com\\\/fr\\\/product\\\/aides-au-quotidien\\\/produits-de-securite-pour-la-salle-de-bains\\\/sieges-elevateurs-pour-le-bain\\\/le-siege-elevateur-pour-le-bain-bellavita\\\/#breadcrumb\"},\"inLanguage\":\"fr-FR\",\"potentialAction\":[{\"@type\":\"ReadAction\",\"target\":[\"https:\\\/\\\/canadacaremedical.com\\\/fr\\\/product\\\/aides-au-quotidien\\\/produits-de-securite-pour-la-salle-de-bains\\\/sieges-elevateurs-pour-le-bain\\\/le-siege-elevateur-pour-le-bain-bellavita\\\/\"]}]},{\"@type\":\"ImageObject\",\"inLanguage\":\"fr-FR\",\"@id\":\"https:\\\/\\\/canadacaremedical.com\\\/fr\\\/product\\\/aides-au-quotidien\\\/produits-de-securite-pour-la-salle-de-bains\\\/sieges-elevateurs-pour-le-bain\\\/le-siege-elevateur-pour-le-bain-bellavita\\\/#primaryimage\",\"url\":\"https:\\\/\\\/canadacaremedical.com\\\/wp-content\\\/uploads\\\/2019\\\/03\\\/Bellavita-Bath-Lift.jpg\",\"contentUrl\":\"https:\\\/\\\/canadacaremedical.com\\\/wp-content\\\/uploads\\\/2019\\\/03\\\/Bellavita-Bath-Lift.jpg\",\"width\":260,\"height\":215},{\"@type\":\"BreadcrumbList\",\"@id\":\"https:\\\/\\\/canadacaremedical.com\\\/fr\\\/product\\\/aides-au-quotidien\\\/produits-de-securite-pour-la-salle-de-bains\\\/sieges-elevateurs-pour-le-bain\\\/le-siege-elevateur-pour-le-bain-bellavita\\\/#breadcrumb\",\"itemListElement\":[{\"@type\":\"ListItem\",\"position\":1,\"name\":\"Home\",\"item\":\"https:\\\/\\\/canadacaremedical.com\\\/fr\\\/\"},{\"@type\":\"ListItem\",\"position\":2,\"name\":\"FIRST AID\",\"item\":\"https:\\\/\\\/canadacaremedical.com\\\/?page_id=1227\"},{\"@type\":\"ListItem\",\"position\":3,\"name\":\"LE SI\u00c8GE \u00c9L\u00c9VATEUR POUR LE BAIN BELLAVITA\"}]},{\"@type\":\"WebSite\",\"@id\":\"https:\\\/\\\/canadacaremedical.com\\\/#website\",\"url\":\"https:\\\/\\\/canadacaremedical.com\\\/\",\"name\":\"Canada Care Medical\",\"description\":\"\",\"publisher\":{\"@id\":\"https:\\\/\\\/canadacaremedical.com\\\/#organization\"},\"potentialAction\":[{\"@type\":\"SearchAction\",\"target\":{\"@type\":\"EntryPoint\",\"urlTemplate\":\"https:\\\/\\\/canadacaremedical.com\\\/?s={search_term_string}\"},\"query-input\":{\"@type\":\"PropertyValueSpecification\",\"valueRequired\":true,\"valueName\":\"search_term_string\"}}],\"inLanguage\":\"fr-FR\"},{\"@type\":\"Organization\",\"@id\":\"https:\\\/\\\/canadacaremedical.com\\\/#organization\",\"name\":\"Canada Care Medical\",\"url\":\"https:\\\/\\\/canadacaremedical.com\\\/\",\"logo\":{\"@type\":\"ImageObject\",\"inLanguage\":\"fr-FR\",\"@id\":\"https:\\\/\\\/canadacaremedical.com\\\/#\\\/schema\\\/logo\\\/image\\\/\",\"url\":\"https:\\\/\\\/canadacaremedical.com\\\/wp-content\\\/uploads\\\/2022\\\/04\\\/cropped-CCM-an-NSM-company-website-vertical-no-50-1.png\",\"contentUrl\":\"https:\\\/\\\/canadacaremedical.com\\\/wp-content\\\/uploads\\\/2022\\\/04\\\/cropped-CCM-an-NSM-company-website-vertical-no-50-1.png\",\"width\":500,\"height\":181,\"caption\":\"Canada Care Medical\"},\"image\":{\"@id\":\"https:\\\/\\\/canadacaremedical.com\\\/#\\\/schema\\\/logo\\\/image\\\/\"}}]}<\/script>\n<!-- \/ Yoast SEO plugin. -->","yoast_head_json":{"title":"LE SI\u00c8GE \u00c9L\u00c9VATEUR POUR LE BAIN BELLAVITA - Canada Care Medical","robots":{"index":"index","follow":"follow","max-snippet":"max-snippet:-1","max-image-preview":"max-image-preview:large","max-video-preview":"max-video-preview:-1"},"canonical":"https:\/\/canadacaremedical.com\/fr\/product\/aides-au-quotidien\/produits-de-securite-pour-la-salle-de-bains\/sieges-elevateurs-pour-le-bain\/le-siege-elevateur-pour-le-bain-bellavita\/","og_locale":"fr_FR","og_type":"article","og_title":"LE SI\u00c8GE \u00c9L\u00c9VATEUR POUR LE BAIN BELLAVITA - Canada Care Medical","og_description":"Un si\u00e8ge-\u00e9l\u00e9vateur l\u00e9ger qui peut \u00eatre utilis\u00e9 dans un bain standard ou profond. Le si\u00e8ge-\u00e9l\u00e9vateur pour le bain Bellavita est le plus l\u00e9ger sur le march\u00e9, pesant seulement 9,3 kg (20,5 lb). Ce si\u00e8ge-\u00e9l\u00e9vateur pour le bain a \u00e9t\u00e9 con\u00e7u avec l\u2019aide de professionnels de la sant\u00e9. Il fonctionne admirablement bien dans les bains standards ou plus profonds. Une fois en place, son si\u00e8ge comporte une \u00e9l\u00e9vation de seulement 5.8 cm (2.3\"). C\u2019est l\u2019\u00e9l\u00e9vation la plus basse sur le march\u00e9.","og_url":"https:\/\/canadacaremedical.com\/fr\/product\/aides-au-quotidien\/produits-de-securite-pour-la-salle-de-bains\/sieges-elevateurs-pour-le-bain\/le-siege-elevateur-pour-le-bain-bellavita\/","og_site_name":"Canada Care Medical","article_modified_time":"2021-03-17T12:51:54+00:00","og_image":[{"width":260,"height":215,"url":"https:\/\/canadacaremedical.com\/wp-content\/uploads\/2019\/03\/Bellavita-Bath-Lift.jpg","type":"image\/jpeg"}],"twitter_card":"summary_large_image","schema":{"@context":"https:\/\/schema.org","@graph":[{"@type":"WebPage","@id":"https:\/\/canadacaremedical.com\/fr\/product\/aides-au-quotidien\/produits-de-securite-pour-la-salle-de-bains\/sieges-elevateurs-pour-le-bain\/le-siege-elevateur-pour-le-bain-bellavita\/","url":"https:\/\/canadacaremedical.com\/fr\/product\/aides-au-quotidien\/produits-de-securite-pour-la-salle-de-bains\/sieges-elevateurs-pour-le-bain\/le-siege-elevateur-pour-le-bain-bellavita\/","name":"LE SI\u00c8GE \u00c9L\u00c9VATEUR POUR LE BAIN BELLAVITA - Canada Care Medical","isPartOf":{"@id":"https:\/\/canadacaremedical.com\/#website"},"primaryImageOfPage":{"@id":"https:\/\/canadacaremedical.com\/fr\/product\/aides-au-quotidien\/produits-de-securite-pour-la-salle-de-bains\/sieges-elevateurs-pour-le-bain\/le-siege-elevateur-pour-le-bain-bellavita\/#primaryimage"},"image":{"@id":"https:\/\/canadacaremedical.com\/fr\/product\/aides-au-quotidien\/produits-de-securite-pour-la-salle-de-bains\/sieges-elevateurs-pour-le-bain\/le-siege-elevateur-pour-le-bain-bellavita\/#primaryimage"},"thumbnailUrl":"https:\/\/canadacaremedical.com\/wp-content\/uploads\/2019\/03\/Bellavita-Bath-Lift.jpg","datePublished":"2019-03-13T18:39:35+00:00","dateModified":"2021-03-17T12:51:54+00:00","breadcrumb":{"@id":"https:\/\/canadacaremedical.com\/fr\/product\/aides-au-quotidien\/produits-de-securite-pour-la-salle-de-bains\/sieges-elevateurs-pour-le-bain\/le-siege-elevateur-pour-le-bain-bellavita\/#breadcrumb"},"inLanguage":"fr-FR","potentialAction":[{"@type":"ReadAction","target":["https:\/\/canadacaremedical.com\/fr\/product\/aides-au-quotidien\/produits-de-securite-pour-la-salle-de-bains\/sieges-elevateurs-pour-le-bain\/le-siege-elevateur-pour-le-bain-bellavita\/"]}]},{"@type":"ImageObject","inLanguage":"fr-FR","@id":"https:\/\/canadacaremedical.com\/fr\/product\/aides-au-quotidien\/produits-de-securite-pour-la-salle-de-bains\/sieges-elevateurs-pour-le-bain\/le-siege-elevateur-pour-le-bain-bellavita\/#primaryimage","url":"https:\/\/canadacaremedical.com\/wp-content\/uploads\/2019\/03\/Bellavita-Bath-Lift.jpg","contentUrl":"https:\/\/canadacaremedical.com\/wp-content\/uploads\/2019\/03\/Bellavita-Bath-Lift.jpg","width":260,"height":215},{"@type":"BreadcrumbList","@id":"https:\/\/canadacaremedical.com\/fr\/product\/aides-au-quotidien\/produits-de-securite-pour-la-salle-de-bains\/sieges-elevateurs-pour-le-bain\/le-siege-elevateur-pour-le-bain-bellavita\/#breadcrumb","itemListElement":[{"@type":"ListItem","position":1,"name":"Home","item":"https:\/\/canadacaremedical.com\/fr\/"},{"@type":"ListItem","position":2,"name":"FIRST AID","item":"https:\/\/canadacaremedical.com\/?page_id=1227"},{"@type":"ListItem","position":3,"name":"LE SI\u00c8GE \u00c9L\u00c9VATEUR POUR LE BAIN BELLAVITA"}]},{"@type":"WebSite","@id":"https:\/\/canadacaremedical.com\/#website","url":"https:\/\/canadacaremedical.com\/","name":"Canada Care Medical","description":"","publisher":{"@id":"https:\/\/canadacaremedical.com\/#organization"},"potentialAction":[{"@type":"SearchAction","target":{"@type":"EntryPoint","urlTemplate":"https:\/\/canadacaremedical.com\/?s={search_term_string}"},"query-input":{"@type":"PropertyValueSpecification","valueRequired":true,"valueName":"search_term_string"}}],"inLanguage":"fr-FR"},{"@type":"Organization","@id":"https:\/\/canadacaremedical.com\/#organization","name":"Canada Care Medical","url":"https:\/\/canadacaremedical.com\/","logo":{"@type":"ImageObject","inLanguage":"fr-FR","@id":"https:\/\/canadacaremedical.com\/#\/schema\/logo\/image\/","url":"https:\/\/canadacaremedical.com\/wp-content\/uploads\/2022\/04\/cropped-CCM-an-NSM-company-website-vertical-no-50-1.png","contentUrl":"https:\/\/canadacaremedical.com\/wp-content\/uploads\/2022\/04\/cropped-CCM-an-NSM-company-website-vertical-no-50-1.png","width":500,"height":181,"caption":"Canada Care Medical"},"image":{"@id":"https:\/\/canadacaremedical.com\/#\/schema\/logo\/image\/"}}]}},"jetpack_sharing_enabled":true,"_links":{"self":[{"href":"https:\/\/canadacaremedical.com\/fr\/wp-json\/wp\/v2\/product\/4734","targetHints":{"allow":["GET"]}}],"collection":[{"href":"https:\/\/canadacaremedical.com\/fr\/wp-json\/wp\/v2\/product"}],"about":[{"href":"https:\/\/canadacaremedical.com\/fr\/wp-json\/wp\/v2\/types\/product"}],"wp:featuredmedia":[{"embeddable":true,"href":"https:\/\/canadacaremedical.com\/fr\/wp-json\/wp\/v2\/media\/4732"}],"wp:attachment":[{"href":"https:\/\/canadacaremedical.com\/fr\/wp-json\/wp\/v2\/media?parent=4734"}],"wp:term":[{"taxonomy":"product_brand","embeddable":true,"href":"https:\/\/canadacaremedical.com\/fr\/wp-json\/wp\/v2\/product_brand?post=4734"},{"taxonomy":"product_cat","embeddable":true,"href":"https:\/\/canadacaremedical.com\/fr\/wp-json\/wp\/v2\/product_cat?post=4734"},{"taxonomy":"product_tag","embeddable":true,"href":"https:\/\/canadacaremedical.com\/fr\/wp-json\/wp\/v2\/product_tag?post=4734"}],"curies":[{"name":"wp","href":"https:\/\/api.w.org\/{rel}","templated":true}]}}