{"id":4782,"date":"2019-03-14T15:42:50","date_gmt":"2019-03-14T15:42:50","guid":{"rendered":"https:\/\/canadacaremedical.com\/?post_type=product&#038;p=4782"},"modified":"2021-03-17T13:43:00","modified_gmt":"2021-03-17T13:43:00","slug":"barre-dappui-versa-pour-la-chaise-daisance","status":"publish","type":"product","link":"https:\/\/canadacaremedical.com\/fr\/product\/aides-au-quotidien\/produits-de-securite-pour-la-salle-de-bains\/barres-dappui\/barre-dappui-versa-pour-la-chaise-daisance\/","title":{"rendered":"BARRE D\u2019APPUI VERSA POUR LA CHAISE D\u2019AISANCE"},"content":{"rendered":"","protected":false},"excerpt":{"rendered":"<h2><strong>Une armature pour la toilette s\u00e9curitaire et utile.<\/strong><\/h2>\n<p>Construite avec de l\u2019aluminium anodis\u00e9, cette armature du manufacturier Drive est \u00e0 la fois solide et l\u00e9g\u00e8re et s\u2019attache facilement \u00e0 votre toilette existante.<\/p>\n","protected":false},"featured_media":4781,"template":"","meta":[],"product_brand":[],"product_cat":[120],"product_tag":[],"class_list":{"0":"post-4782","1":"product","2":"type-product","3":"status-publish","4":"has-post-thumbnail","6":"product_cat-barres-dappui","8":"first","9":"instock","10":"shipping-taxable","11":"purchasable","12":"product-type-simple"},"yoast_head":"<!-- This site is optimized with the Yoast SEO plugin v27.3 - https:\/\/yoast.com\/product\/yoast-seo-wordpress\/ -->\n<title>BARRE D\u2019APPUI VERSA POUR LA CHAISE D\u2019AISANCE - Canada Care Medical<\/title>\n<meta name=\"robots\" content=\"index, follow, max-snippet:-1, max-image-preview:large, max-video-preview:-1\" \/>\n<link rel=\"canonical\" href=\"https:\/\/canadacaremedical.com\/fr\/product\/aides-au-quotidien\/produits-de-securite-pour-la-salle-de-bains\/barres-dappui\/barre-dappui-versa-pour-la-chaise-daisance\/\" \/>\n<meta property=\"og:locale\" content=\"fr_FR\" \/>\n<meta property=\"og:type\" content=\"article\" \/>\n<meta property=\"og:title\" content=\"BARRE D\u2019APPUI VERSA POUR LA CHAISE D\u2019AISANCE - Canada Care Medical\" \/>\n<meta property=\"og:description\" content=\"Une armature pour la toilette s\u00e9curitaire et utile. Construite avec de l\u2019aluminium anodis\u00e9, cette armature du manufacturier Drive est \u00e0 la fois solide et l\u00e9g\u00e8re et s\u2019attache facilement \u00e0 votre toilette existante.\" \/>\n<meta property=\"og:url\" content=\"https:\/\/canadacaremedical.com\/fr\/product\/aides-au-quotidien\/produits-de-securite-pour-la-salle-de-bains\/barres-dappui\/barre-dappui-versa-pour-la-chaise-daisance\/\" \/>\n<meta property=\"og:site_name\" content=\"Canada Care Medical\" \/>\n<meta property=\"article:modified_time\" content=\"2021-03-17T13:43:00+00:00\" \/>\n<meta property=\"og:image\" content=\"https:\/\/canadacaremedical.com\/wp-content\/uploads\/2019\/03\/Versa-Frame-DRI12001.jpg\" \/>\n\t<meta property=\"og:image:width\" content=\"260\" \/>\n\t<meta property=\"og:image:height\" content=\"215\" \/>\n\t<meta property=\"og:image:type\" content=\"image\/jpeg\" \/>\n<meta name=\"twitter:card\" content=\"summary_large_image\" \/>\n<script type=\"application\/ld+json\" class=\"yoast-schema-graph\">{\"@context\":\"https:\\\/\\\/schema.org\",\"@graph\":[{\"@type\":\"WebPage\",\"@id\":\"https:\\\/\\\/canadacaremedical.com\\\/fr\\\/product\\\/aides-au-quotidien\\\/produits-de-securite-pour-la-salle-de-bains\\\/barres-dappui\\\/barre-dappui-versa-pour-la-chaise-daisance\\\/\",\"url\":\"https:\\\/\\\/canadacaremedical.com\\\/fr\\\/product\\\/aides-au-quotidien\\\/produits-de-securite-pour-la-salle-de-bains\\\/barres-dappui\\\/barre-dappui-versa-pour-la-chaise-daisance\\\/\",\"name\":\"BARRE D\u2019APPUI VERSA POUR LA CHAISE D\u2019AISANCE - Canada Care Medical\",\"isPartOf\":{\"@id\":\"https:\\\/\\\/canadacaremedical.com\\\/#website\"},\"primaryImageOfPage\":{\"@id\":\"https:\\\/\\\/canadacaremedical.com\\\/fr\\\/product\\\/aides-au-quotidien\\\/produits-de-securite-pour-la-salle-de-bains\\\/barres-dappui\\\/barre-dappui-versa-pour-la-chaise-daisance\\\/#primaryimage\"},\"image\":{\"@id\":\"https:\\\/\\\/canadacaremedical.com\\\/fr\\\/product\\\/aides-au-quotidien\\\/produits-de-securite-pour-la-salle-de-bains\\\/barres-dappui\\\/barre-dappui-versa-pour-la-chaise-daisance\\\/#primaryimage\"},\"thumbnailUrl\":\"https:\\\/\\\/canadacaremedical.com\\\/wp-content\\\/uploads\\\/2019\\\/03\\\/Versa-Frame-DRI12001.jpg\",\"datePublished\":\"2019-03-14T15:42:50+00:00\",\"dateModified\":\"2021-03-17T13:43:00+00:00\",\"breadcrumb\":{\"@id\":\"https:\\\/\\\/canadacaremedical.com\\\/fr\\\/product\\\/aides-au-quotidien\\\/produits-de-securite-pour-la-salle-de-bains\\\/barres-dappui\\\/barre-dappui-versa-pour-la-chaise-daisance\\\/#breadcrumb\"},\"inLanguage\":\"fr-FR\",\"potentialAction\":[{\"@type\":\"ReadAction\",\"target\":[\"https:\\\/\\\/canadacaremedical.com\\\/fr\\\/product\\\/aides-au-quotidien\\\/produits-de-securite-pour-la-salle-de-bains\\\/barres-dappui\\\/barre-dappui-versa-pour-la-chaise-daisance\\\/\"]}]},{\"@type\":\"ImageObject\",\"inLanguage\":\"fr-FR\",\"@id\":\"https:\\\/\\\/canadacaremedical.com\\\/fr\\\/product\\\/aides-au-quotidien\\\/produits-de-securite-pour-la-salle-de-bains\\\/barres-dappui\\\/barre-dappui-versa-pour-la-chaise-daisance\\\/#primaryimage\",\"url\":\"https:\\\/\\\/canadacaremedical.com\\\/wp-content\\\/uploads\\\/2019\\\/03\\\/Versa-Frame-DRI12001.jpg\",\"contentUrl\":\"https:\\\/\\\/canadacaremedical.com\\\/wp-content\\\/uploads\\\/2019\\\/03\\\/Versa-Frame-DRI12001.jpg\",\"width\":260,\"height\":215},{\"@type\":\"BreadcrumbList\",\"@id\":\"https:\\\/\\\/canadacaremedical.com\\\/fr\\\/product\\\/aides-au-quotidien\\\/produits-de-securite-pour-la-salle-de-bains\\\/barres-dappui\\\/barre-dappui-versa-pour-la-chaise-daisance\\\/#breadcrumb\",\"itemListElement\":[{\"@type\":\"ListItem\",\"position\":1,\"name\":\"Home\",\"item\":\"https:\\\/\\\/canadacaremedical.com\\\/fr\\\/\"},{\"@type\":\"ListItem\",\"position\":2,\"name\":\"FIRST AID\",\"item\":\"https:\\\/\\\/canadacaremedical.com\\\/?page_id=1227\"},{\"@type\":\"ListItem\",\"position\":3,\"name\":\"BARRE D\u2019APPUI VERSA POUR LA CHAISE D\u2019AISANCE\"}]},{\"@type\":\"WebSite\",\"@id\":\"https:\\\/\\\/canadacaremedical.com\\\/#website\",\"url\":\"https:\\\/\\\/canadacaremedical.com\\\/\",\"name\":\"Canada Care Medical\",\"description\":\"\",\"publisher\":{\"@id\":\"https:\\\/\\\/canadacaremedical.com\\\/#organization\"},\"potentialAction\":[{\"@type\":\"SearchAction\",\"target\":{\"@type\":\"EntryPoint\",\"urlTemplate\":\"https:\\\/\\\/canadacaremedical.com\\\/?s={search_term_string}\"},\"query-input\":{\"@type\":\"PropertyValueSpecification\",\"valueRequired\":true,\"valueName\":\"search_term_string\"}}],\"inLanguage\":\"fr-FR\"},{\"@type\":\"Organization\",\"@id\":\"https:\\\/\\\/canadacaremedical.com\\\/#organization\",\"name\":\"Canada Care Medical\",\"url\":\"https:\\\/\\\/canadacaremedical.com\\\/\",\"logo\":{\"@type\":\"ImageObject\",\"inLanguage\":\"fr-FR\",\"@id\":\"https:\\\/\\\/canadacaremedical.com\\\/#\\\/schema\\\/logo\\\/image\\\/\",\"url\":\"https:\\\/\\\/canadacaremedical.com\\\/wp-content\\\/uploads\\\/2022\\\/04\\\/cropped-CCM-an-NSM-company-website-vertical-no-50-1.png\",\"contentUrl\":\"https:\\\/\\\/canadacaremedical.com\\\/wp-content\\\/uploads\\\/2022\\\/04\\\/cropped-CCM-an-NSM-company-website-vertical-no-50-1.png\",\"width\":500,\"height\":181,\"caption\":\"Canada Care Medical\"},\"image\":{\"@id\":\"https:\\\/\\\/canadacaremedical.com\\\/#\\\/schema\\\/logo\\\/image\\\/\"}}]}<\/script>\n<!-- \/ Yoast SEO plugin. -->","yoast_head_json":{"title":"BARRE D\u2019APPUI VERSA POUR LA CHAISE D\u2019AISANCE - Canada Care Medical","robots":{"index":"index","follow":"follow","max-snippet":"max-snippet:-1","max-image-preview":"max-image-preview:large","max-video-preview":"max-video-preview:-1"},"canonical":"https:\/\/canadacaremedical.com\/fr\/product\/aides-au-quotidien\/produits-de-securite-pour-la-salle-de-bains\/barres-dappui\/barre-dappui-versa-pour-la-chaise-daisance\/","og_locale":"fr_FR","og_type":"article","og_title":"BARRE D\u2019APPUI VERSA POUR LA CHAISE D\u2019AISANCE - Canada Care Medical","og_description":"Une armature pour la toilette s\u00e9curitaire et utile. Construite avec de l\u2019aluminium anodis\u00e9, cette armature du manufacturier Drive est \u00e0 la fois solide et l\u00e9g\u00e8re et s\u2019attache facilement \u00e0 votre toilette existante.","og_url":"https:\/\/canadacaremedical.com\/fr\/product\/aides-au-quotidien\/produits-de-securite-pour-la-salle-de-bains\/barres-dappui\/barre-dappui-versa-pour-la-chaise-daisance\/","og_site_name":"Canada Care Medical","article_modified_time":"2021-03-17T13:43:00+00:00","og_image":[{"width":260,"height":215,"url":"https:\/\/canadacaremedical.com\/wp-content\/uploads\/2019\/03\/Versa-Frame-DRI12001.jpg","type":"image\/jpeg"}],"twitter_card":"summary_large_image","schema":{"@context":"https:\/\/schema.org","@graph":[{"@type":"WebPage","@id":"https:\/\/canadacaremedical.com\/fr\/product\/aides-au-quotidien\/produits-de-securite-pour-la-salle-de-bains\/barres-dappui\/barre-dappui-versa-pour-la-chaise-daisance\/","url":"https:\/\/canadacaremedical.com\/fr\/product\/aides-au-quotidien\/produits-de-securite-pour-la-salle-de-bains\/barres-dappui\/barre-dappui-versa-pour-la-chaise-daisance\/","name":"BARRE D\u2019APPUI VERSA POUR LA CHAISE D\u2019AISANCE - Canada Care Medical","isPartOf":{"@id":"https:\/\/canadacaremedical.com\/#website"},"primaryImageOfPage":{"@id":"https:\/\/canadacaremedical.com\/fr\/product\/aides-au-quotidien\/produits-de-securite-pour-la-salle-de-bains\/barres-dappui\/barre-dappui-versa-pour-la-chaise-daisance\/#primaryimage"},"image":{"@id":"https:\/\/canadacaremedical.com\/fr\/product\/aides-au-quotidien\/produits-de-securite-pour-la-salle-de-bains\/barres-dappui\/barre-dappui-versa-pour-la-chaise-daisance\/#primaryimage"},"thumbnailUrl":"https:\/\/canadacaremedical.com\/wp-content\/uploads\/2019\/03\/Versa-Frame-DRI12001.jpg","datePublished":"2019-03-14T15:42:50+00:00","dateModified":"2021-03-17T13:43:00+00:00","breadcrumb":{"@id":"https:\/\/canadacaremedical.com\/fr\/product\/aides-au-quotidien\/produits-de-securite-pour-la-salle-de-bains\/barres-dappui\/barre-dappui-versa-pour-la-chaise-daisance\/#breadcrumb"},"inLanguage":"fr-FR","potentialAction":[{"@type":"ReadAction","target":["https:\/\/canadacaremedical.com\/fr\/product\/aides-au-quotidien\/produits-de-securite-pour-la-salle-de-bains\/barres-dappui\/barre-dappui-versa-pour-la-chaise-daisance\/"]}]},{"@type":"ImageObject","inLanguage":"fr-FR","@id":"https:\/\/canadacaremedical.com\/fr\/product\/aides-au-quotidien\/produits-de-securite-pour-la-salle-de-bains\/barres-dappui\/barre-dappui-versa-pour-la-chaise-daisance\/#primaryimage","url":"https:\/\/canadacaremedical.com\/wp-content\/uploads\/2019\/03\/Versa-Frame-DRI12001.jpg","contentUrl":"https:\/\/canadacaremedical.com\/wp-content\/uploads\/2019\/03\/Versa-Frame-DRI12001.jpg","width":260,"height":215},{"@type":"BreadcrumbList","@id":"https:\/\/canadacaremedical.com\/fr\/product\/aides-au-quotidien\/produits-de-securite-pour-la-salle-de-bains\/barres-dappui\/barre-dappui-versa-pour-la-chaise-daisance\/#breadcrumb","itemListElement":[{"@type":"ListItem","position":1,"name":"Home","item":"https:\/\/canadacaremedical.com\/fr\/"},{"@type":"ListItem","position":2,"name":"FIRST AID","item":"https:\/\/canadacaremedical.com\/?page_id=1227"},{"@type":"ListItem","position":3,"name":"BARRE D\u2019APPUI VERSA POUR LA CHAISE D\u2019AISANCE"}]},{"@type":"WebSite","@id":"https:\/\/canadacaremedical.com\/#website","url":"https:\/\/canadacaremedical.com\/","name":"Canada Care Medical","description":"","publisher":{"@id":"https:\/\/canadacaremedical.com\/#organization"},"potentialAction":[{"@type":"SearchAction","target":{"@type":"EntryPoint","urlTemplate":"https:\/\/canadacaremedical.com\/?s={search_term_string}"},"query-input":{"@type":"PropertyValueSpecification","valueRequired":true,"valueName":"search_term_string"}}],"inLanguage":"fr-FR"},{"@type":"Organization","@id":"https:\/\/canadacaremedical.com\/#organization","name":"Canada Care Medical","url":"https:\/\/canadacaremedical.com\/","logo":{"@type":"ImageObject","inLanguage":"fr-FR","@id":"https:\/\/canadacaremedical.com\/#\/schema\/logo\/image\/","url":"https:\/\/canadacaremedical.com\/wp-content\/uploads\/2022\/04\/cropped-CCM-an-NSM-company-website-vertical-no-50-1.png","contentUrl":"https:\/\/canadacaremedical.com\/wp-content\/uploads\/2022\/04\/cropped-CCM-an-NSM-company-website-vertical-no-50-1.png","width":500,"height":181,"caption":"Canada Care Medical"},"image":{"@id":"https:\/\/canadacaremedical.com\/#\/schema\/logo\/image\/"}}]}},"jetpack_sharing_enabled":true,"_links":{"self":[{"href":"https:\/\/canadacaremedical.com\/fr\/wp-json\/wp\/v2\/product\/4782","targetHints":{"allow":["GET"]}}],"collection":[{"href":"https:\/\/canadacaremedical.com\/fr\/wp-json\/wp\/v2\/product"}],"about":[{"href":"https:\/\/canadacaremedical.com\/fr\/wp-json\/wp\/v2\/types\/product"}],"wp:featuredmedia":[{"embeddable":true,"href":"https:\/\/canadacaremedical.com\/fr\/wp-json\/wp\/v2\/media\/4781"}],"wp:attachment":[{"href":"https:\/\/canadacaremedical.com\/fr\/wp-json\/wp\/v2\/media?parent=4782"}],"wp:term":[{"taxonomy":"product_brand","embeddable":true,"href":"https:\/\/canadacaremedical.com\/fr\/wp-json\/wp\/v2\/product_brand?post=4782"},{"taxonomy":"product_cat","embeddable":true,"href":"https:\/\/canadacaremedical.com\/fr\/wp-json\/wp\/v2\/product_cat?post=4782"},{"taxonomy":"product_tag","embeddable":true,"href":"https:\/\/canadacaremedical.com\/fr\/wp-json\/wp\/v2\/product_tag?post=4782"}],"curies":[{"name":"wp","href":"https:\/\/api.w.org\/{rel}","templated":true}]}}