{"id":4946,"date":"2019-03-15T18:53:55","date_gmt":"2019-03-15T18:53:55","guid":{"rendered":"https:\/\/canadacaremedical.com\/?post_type=product&#038;p=4946"},"modified":"2021-03-17T13:53:29","modified_gmt":"2021-03-17T13:53:29","slug":"le-support-du-poignet-et-du-pouce-ryno-lacer","status":"publish","type":"product","link":"https:\/\/canadacaremedical.com\/fr\/product\/aides-au-quotidien\/produits-orthopediques\/attelles-pour-les-poignets\/le-support-du-poignet-et-du-pouce-ryno-lacer\/","title":{"rendered":"LE SUPPORT DU POIGNET ET DU POUCE RYNO LACER"},"content":{"rendered":"","protected":false},"excerpt":{"rendered":"<h2><strong>Un support \u00e0 la fois pour le poignet et le pouce.<\/strong><\/h2>\n<p>Le support du poignet et du pouce Ryno Lacer offre une immobilisation sup\u00e9rieure de l&rsquo;articulation carpom\u00e9tacarpienne du pouce, tout en permettant certains mouvements de l\u2019articulation interphalangienne afin de pouvoir toucher le pouce \u00e0 l\u2019index. Le support de poignet Ryno Lacer soutient votre poignet et votre pouce tout en \u00e9tant confortable \u00e0 porter.<\/p>\n","protected":false},"featured_media":4945,"template":"","meta":[],"product_brand":[],"product_cat":[171],"product_tag":[],"class_list":{"0":"post-4946","1":"product","2":"type-product","3":"status-publish","4":"has-post-thumbnail","6":"product_cat-attelles-pour-les-poignets","8":"first","9":"instock","10":"shipping-taxable","11":"purchasable","12":"product-type-simple"},"yoast_head":"<!-- This site is optimized with the Yoast SEO plugin v27.4 - https:\/\/yoast.com\/product\/yoast-seo-wordpress\/ -->\n<title>LE SUPPORT DU POIGNET ET DU POUCE RYNO LACER - Canada Care Medical<\/title>\n<meta name=\"robots\" content=\"index, follow, max-snippet:-1, max-image-preview:large, max-video-preview:-1\" \/>\n<link rel=\"canonical\" href=\"https:\/\/canadacaremedical.com\/fr\/product\/aides-au-quotidien\/produits-orthopediques\/attelles-pour-les-poignets\/le-support-du-poignet-et-du-pouce-ryno-lacer\/\" \/>\n<meta property=\"og:locale\" content=\"fr_FR\" \/>\n<meta property=\"og:type\" content=\"article\" \/>\n<meta property=\"og:title\" content=\"LE SUPPORT DU POIGNET ET DU POUCE RYNO LACER - Canada Care Medical\" \/>\n<meta property=\"og:description\" content=\"Un support \u00e0 la fois pour le poignet et le pouce. Le support du poignet et du pouce Ryno Lacer offre une immobilisation sup\u00e9rieure de l&#039;articulation carpom\u00e9tacarpienne du pouce, tout en permettant certains mouvements de l\u2019articulation interphalangienne afin de pouvoir toucher le pouce \u00e0 l\u2019index. Le support de poignet Ryno Lacer soutient votre poignet et votre pouce tout en \u00e9tant confortable \u00e0 porter.\" \/>\n<meta property=\"og:url\" content=\"https:\/\/canadacaremedical.com\/fr\/product\/aides-au-quotidien\/produits-orthopediques\/attelles-pour-les-poignets\/le-support-du-poignet-et-du-pouce-ryno-lacer\/\" \/>\n<meta property=\"og:site_name\" content=\"Canada Care Medical\" \/>\n<meta property=\"article:modified_time\" content=\"2021-03-17T13:53:29+00:00\" \/>\n<meta property=\"og:image\" content=\"https:\/\/canadacaremedical.com\/wp-content\/uploads\/2019\/03\/Professional-Orthopaedic-Product-Ryno-Lacer-1.jpg\" \/>\n\t<meta property=\"og:image:width\" content=\"260\" \/>\n\t<meta property=\"og:image:height\" content=\"215\" \/>\n\t<meta property=\"og:image:type\" content=\"image\/jpeg\" \/>\n<meta name=\"twitter:card\" content=\"summary_large_image\" \/>\n<script type=\"application\/ld+json\" class=\"yoast-schema-graph\">{\"@context\":\"https:\\\/\\\/schema.org\",\"@graph\":[{\"@type\":\"WebPage\",\"@id\":\"https:\\\/\\\/canadacaremedical.com\\\/fr\\\/product\\\/aides-au-quotidien\\\/produits-orthopediques\\\/attelles-pour-les-poignets\\\/le-support-du-poignet-et-du-pouce-ryno-lacer\\\/\",\"url\":\"https:\\\/\\\/canadacaremedical.com\\\/fr\\\/product\\\/aides-au-quotidien\\\/produits-orthopediques\\\/attelles-pour-les-poignets\\\/le-support-du-poignet-et-du-pouce-ryno-lacer\\\/\",\"name\":\"LE SUPPORT DU POIGNET ET DU POUCE RYNO LACER - Canada Care Medical\",\"isPartOf\":{\"@id\":\"https:\\\/\\\/canadacaremedical.com\\\/#website\"},\"primaryImageOfPage\":{\"@id\":\"https:\\\/\\\/canadacaremedical.com\\\/fr\\\/product\\\/aides-au-quotidien\\\/produits-orthopediques\\\/attelles-pour-les-poignets\\\/le-support-du-poignet-et-du-pouce-ryno-lacer\\\/#primaryimage\"},\"image\":{\"@id\":\"https:\\\/\\\/canadacaremedical.com\\\/fr\\\/product\\\/aides-au-quotidien\\\/produits-orthopediques\\\/attelles-pour-les-poignets\\\/le-support-du-poignet-et-du-pouce-ryno-lacer\\\/#primaryimage\"},\"thumbnailUrl\":\"https:\\\/\\\/canadacaremedical.com\\\/wp-content\\\/uploads\\\/2019\\\/03\\\/Professional-Orthopaedic-Product-Ryno-Lacer-1.jpg\",\"datePublished\":\"2019-03-15T18:53:55+00:00\",\"dateModified\":\"2021-03-17T13:53:29+00:00\",\"breadcrumb\":{\"@id\":\"https:\\\/\\\/canadacaremedical.com\\\/fr\\\/product\\\/aides-au-quotidien\\\/produits-orthopediques\\\/attelles-pour-les-poignets\\\/le-support-du-poignet-et-du-pouce-ryno-lacer\\\/#breadcrumb\"},\"inLanguage\":\"fr-FR\",\"potentialAction\":[{\"@type\":\"ReadAction\",\"target\":[\"https:\\\/\\\/canadacaremedical.com\\\/fr\\\/product\\\/aides-au-quotidien\\\/produits-orthopediques\\\/attelles-pour-les-poignets\\\/le-support-du-poignet-et-du-pouce-ryno-lacer\\\/\"]}]},{\"@type\":\"ImageObject\",\"inLanguage\":\"fr-FR\",\"@id\":\"https:\\\/\\\/canadacaremedical.com\\\/fr\\\/product\\\/aides-au-quotidien\\\/produits-orthopediques\\\/attelles-pour-les-poignets\\\/le-support-du-poignet-et-du-pouce-ryno-lacer\\\/#primaryimage\",\"url\":\"https:\\\/\\\/canadacaremedical.com\\\/wp-content\\\/uploads\\\/2019\\\/03\\\/Professional-Orthopaedic-Product-Ryno-Lacer-1.jpg\",\"contentUrl\":\"https:\\\/\\\/canadacaremedical.com\\\/wp-content\\\/uploads\\\/2019\\\/03\\\/Professional-Orthopaedic-Product-Ryno-Lacer-1.jpg\",\"width\":260,\"height\":215,\"caption\":\"Black Wrist Brace\"},{\"@type\":\"BreadcrumbList\",\"@id\":\"https:\\\/\\\/canadacaremedical.com\\\/fr\\\/product\\\/aides-au-quotidien\\\/produits-orthopediques\\\/attelles-pour-les-poignets\\\/le-support-du-poignet-et-du-pouce-ryno-lacer\\\/#breadcrumb\",\"itemListElement\":[{\"@type\":\"ListItem\",\"position\":1,\"name\":\"Home\",\"item\":\"https:\\\/\\\/canadacaremedical.com\\\/fr\\\/\"},{\"@type\":\"ListItem\",\"position\":2,\"name\":\"FIRST AID\",\"item\":\"https:\\\/\\\/canadacaremedical.com\\\/?page_id=1227\"},{\"@type\":\"ListItem\",\"position\":3,\"name\":\"LE SUPPORT DU POIGNET ET DU POUCE RYNO LACER\"}]},{\"@type\":\"WebSite\",\"@id\":\"https:\\\/\\\/canadacaremedical.com\\\/#website\",\"url\":\"https:\\\/\\\/canadacaremedical.com\\\/\",\"name\":\"Canada Care Medical\",\"description\":\"\",\"publisher\":{\"@id\":\"https:\\\/\\\/canadacaremedical.com\\\/#organization\"},\"potentialAction\":[{\"@type\":\"SearchAction\",\"target\":{\"@type\":\"EntryPoint\",\"urlTemplate\":\"https:\\\/\\\/canadacaremedical.com\\\/?s={search_term_string}\"},\"query-input\":{\"@type\":\"PropertyValueSpecification\",\"valueRequired\":true,\"valueName\":\"search_term_string\"}}],\"inLanguage\":\"fr-FR\"},{\"@type\":\"Organization\",\"@id\":\"https:\\\/\\\/canadacaremedical.com\\\/#organization\",\"name\":\"Canada Care Medical\",\"url\":\"https:\\\/\\\/canadacaremedical.com\\\/\",\"logo\":{\"@type\":\"ImageObject\",\"inLanguage\":\"fr-FR\",\"@id\":\"https:\\\/\\\/canadacaremedical.com\\\/#\\\/schema\\\/logo\\\/image\\\/\",\"url\":\"https:\\\/\\\/canadacaremedical.com\\\/wp-content\\\/uploads\\\/2022\\\/04\\\/cropped-CCM-an-NSM-company-website-vertical-no-50-1.png\",\"contentUrl\":\"https:\\\/\\\/canadacaremedical.com\\\/wp-content\\\/uploads\\\/2022\\\/04\\\/cropped-CCM-an-NSM-company-website-vertical-no-50-1.png\",\"width\":500,\"height\":181,\"caption\":\"Canada Care Medical\"},\"image\":{\"@id\":\"https:\\\/\\\/canadacaremedical.com\\\/#\\\/schema\\\/logo\\\/image\\\/\"}}]}<\/script>\n<!-- \/ Yoast SEO plugin. -->","yoast_head_json":{"title":"LE SUPPORT DU POIGNET ET DU POUCE RYNO LACER - Canada Care Medical","robots":{"index":"index","follow":"follow","max-snippet":"max-snippet:-1","max-image-preview":"max-image-preview:large","max-video-preview":"max-video-preview:-1"},"canonical":"https:\/\/canadacaremedical.com\/fr\/product\/aides-au-quotidien\/produits-orthopediques\/attelles-pour-les-poignets\/le-support-du-poignet-et-du-pouce-ryno-lacer\/","og_locale":"fr_FR","og_type":"article","og_title":"LE SUPPORT DU POIGNET ET DU POUCE RYNO LACER - Canada Care Medical","og_description":"Un support \u00e0 la fois pour le poignet et le pouce. Le support du poignet et du pouce Ryno Lacer offre une immobilisation sup\u00e9rieure de l'articulation carpom\u00e9tacarpienne du pouce, tout en permettant certains mouvements de l\u2019articulation interphalangienne afin de pouvoir toucher le pouce \u00e0 l\u2019index. Le support de poignet Ryno Lacer soutient votre poignet et votre pouce tout en \u00e9tant confortable \u00e0 porter.","og_url":"https:\/\/canadacaremedical.com\/fr\/product\/aides-au-quotidien\/produits-orthopediques\/attelles-pour-les-poignets\/le-support-du-poignet-et-du-pouce-ryno-lacer\/","og_site_name":"Canada Care Medical","article_modified_time":"2021-03-17T13:53:29+00:00","og_image":[{"width":260,"height":215,"url":"https:\/\/canadacaremedical.com\/wp-content\/uploads\/2019\/03\/Professional-Orthopaedic-Product-Ryno-Lacer-1.jpg","type":"image\/jpeg"}],"twitter_card":"summary_large_image","schema":{"@context":"https:\/\/schema.org","@graph":[{"@type":"WebPage","@id":"https:\/\/canadacaremedical.com\/fr\/product\/aides-au-quotidien\/produits-orthopediques\/attelles-pour-les-poignets\/le-support-du-poignet-et-du-pouce-ryno-lacer\/","url":"https:\/\/canadacaremedical.com\/fr\/product\/aides-au-quotidien\/produits-orthopediques\/attelles-pour-les-poignets\/le-support-du-poignet-et-du-pouce-ryno-lacer\/","name":"LE SUPPORT DU POIGNET ET DU POUCE RYNO LACER - Canada Care Medical","isPartOf":{"@id":"https:\/\/canadacaremedical.com\/#website"},"primaryImageOfPage":{"@id":"https:\/\/canadacaremedical.com\/fr\/product\/aides-au-quotidien\/produits-orthopediques\/attelles-pour-les-poignets\/le-support-du-poignet-et-du-pouce-ryno-lacer\/#primaryimage"},"image":{"@id":"https:\/\/canadacaremedical.com\/fr\/product\/aides-au-quotidien\/produits-orthopediques\/attelles-pour-les-poignets\/le-support-du-poignet-et-du-pouce-ryno-lacer\/#primaryimage"},"thumbnailUrl":"https:\/\/canadacaremedical.com\/wp-content\/uploads\/2019\/03\/Professional-Orthopaedic-Product-Ryno-Lacer-1.jpg","datePublished":"2019-03-15T18:53:55+00:00","dateModified":"2021-03-17T13:53:29+00:00","breadcrumb":{"@id":"https:\/\/canadacaremedical.com\/fr\/product\/aides-au-quotidien\/produits-orthopediques\/attelles-pour-les-poignets\/le-support-du-poignet-et-du-pouce-ryno-lacer\/#breadcrumb"},"inLanguage":"fr-FR","potentialAction":[{"@type":"ReadAction","target":["https:\/\/canadacaremedical.com\/fr\/product\/aides-au-quotidien\/produits-orthopediques\/attelles-pour-les-poignets\/le-support-du-poignet-et-du-pouce-ryno-lacer\/"]}]},{"@type":"ImageObject","inLanguage":"fr-FR","@id":"https:\/\/canadacaremedical.com\/fr\/product\/aides-au-quotidien\/produits-orthopediques\/attelles-pour-les-poignets\/le-support-du-poignet-et-du-pouce-ryno-lacer\/#primaryimage","url":"https:\/\/canadacaremedical.com\/wp-content\/uploads\/2019\/03\/Professional-Orthopaedic-Product-Ryno-Lacer-1.jpg","contentUrl":"https:\/\/canadacaremedical.com\/wp-content\/uploads\/2019\/03\/Professional-Orthopaedic-Product-Ryno-Lacer-1.jpg","width":260,"height":215,"caption":"Black Wrist Brace"},{"@type":"BreadcrumbList","@id":"https:\/\/canadacaremedical.com\/fr\/product\/aides-au-quotidien\/produits-orthopediques\/attelles-pour-les-poignets\/le-support-du-poignet-et-du-pouce-ryno-lacer\/#breadcrumb","itemListElement":[{"@type":"ListItem","position":1,"name":"Home","item":"https:\/\/canadacaremedical.com\/fr\/"},{"@type":"ListItem","position":2,"name":"FIRST AID","item":"https:\/\/canadacaremedical.com\/?page_id=1227"},{"@type":"ListItem","position":3,"name":"LE SUPPORT DU POIGNET ET DU POUCE RYNO LACER"}]},{"@type":"WebSite","@id":"https:\/\/canadacaremedical.com\/#website","url":"https:\/\/canadacaremedical.com\/","name":"Canada Care Medical","description":"","publisher":{"@id":"https:\/\/canadacaremedical.com\/#organization"},"potentialAction":[{"@type":"SearchAction","target":{"@type":"EntryPoint","urlTemplate":"https:\/\/canadacaremedical.com\/?s={search_term_string}"},"query-input":{"@type":"PropertyValueSpecification","valueRequired":true,"valueName":"search_term_string"}}],"inLanguage":"fr-FR"},{"@type":"Organization","@id":"https:\/\/canadacaremedical.com\/#organization","name":"Canada Care Medical","url":"https:\/\/canadacaremedical.com\/","logo":{"@type":"ImageObject","inLanguage":"fr-FR","@id":"https:\/\/canadacaremedical.com\/#\/schema\/logo\/image\/","url":"https:\/\/canadacaremedical.com\/wp-content\/uploads\/2022\/04\/cropped-CCM-an-NSM-company-website-vertical-no-50-1.png","contentUrl":"https:\/\/canadacaremedical.com\/wp-content\/uploads\/2022\/04\/cropped-CCM-an-NSM-company-website-vertical-no-50-1.png","width":500,"height":181,"caption":"Canada Care Medical"},"image":{"@id":"https:\/\/canadacaremedical.com\/#\/schema\/logo\/image\/"}}]}},"jetpack_sharing_enabled":true,"_links":{"self":[{"href":"https:\/\/canadacaremedical.com\/fr\/wp-json\/wp\/v2\/product\/4946","targetHints":{"allow":["GET"]}}],"collection":[{"href":"https:\/\/canadacaremedical.com\/fr\/wp-json\/wp\/v2\/product"}],"about":[{"href":"https:\/\/canadacaremedical.com\/fr\/wp-json\/wp\/v2\/types\/product"}],"wp:featuredmedia":[{"embeddable":true,"href":"https:\/\/canadacaremedical.com\/fr\/wp-json\/wp\/v2\/media\/4945"}],"wp:attachment":[{"href":"https:\/\/canadacaremedical.com\/fr\/wp-json\/wp\/v2\/media?parent=4946"}],"wp:term":[{"taxonomy":"product_brand","embeddable":true,"href":"https:\/\/canadacaremedical.com\/fr\/wp-json\/wp\/v2\/product_brand?post=4946"},{"taxonomy":"product_cat","embeddable":true,"href":"https:\/\/canadacaremedical.com\/fr\/wp-json\/wp\/v2\/product_cat?post=4946"},{"taxonomy":"product_tag","embeddable":true,"href":"https:\/\/canadacaremedical.com\/fr\/wp-json\/wp\/v2\/product_tag?post=4946"}],"curies":[{"name":"wp","href":"https:\/\/api.w.org\/{rel}","templated":true}]}}