{"id":4999,"date":"2019-03-18T16:38:19","date_gmt":"2019-03-18T16:38:19","guid":{"rendered":"https:\/\/canadacaremedical.com\/?post_type=product&#038;p=4999"},"modified":"2021-03-17T13:28:41","modified_gmt":"2021-03-17T13:28:41","slug":"barre-stander-pour-porte-de-voiture","status":"publish","type":"product","link":"https:\/\/canadacaremedical.com\/fr\/product\/aides-au-quotidien\/autres-appareils-dassistance-fonctionnelle\/barre-stander-pour-porte-de-voiture\/","title":{"rendered":"BARRE STANDER POUR PORTE DE VOITURE"},"content":{"rendered":"","protected":false},"excerpt":{"rendered":"<h2><strong>Entrer et sortir de la voiture, c\u2019est facile! <\/strong><\/h2>\n<p>La barre Stander facilite votre entr\u00e9e et sortie de la voiture. Vous n\u2019avez qu\u2019\u00e0 ins\u00e9rer la barre dans le loquet de fermeture de la porte et vous b\u00e9n\u00e9ficierez imm\u00e9diatement d\u2019un excellent soutien pour vous lever ou vous asseoir.<\/p>\n","protected":false},"featured_media":4998,"template":"","meta":[],"product_brand":[],"product_cat":[137],"product_tag":[],"class_list":{"0":"post-4999","1":"product","2":"type-product","3":"status-publish","4":"has-post-thumbnail","6":"product_cat-autres-appareils-dassistance-fonctionnelle","8":"first","9":"instock","10":"shipping-taxable","11":"purchasable","12":"product-type-simple"},"yoast_head":"<!-- This site is optimized with the Yoast SEO plugin v27.3 - https:\/\/yoast.com\/product\/yoast-seo-wordpress\/ -->\n<title>BARRE STANDER POUR PORTE DE VOITURE - Canada Care Medical<\/title>\n<meta name=\"robots\" content=\"index, follow, max-snippet:-1, max-image-preview:large, max-video-preview:-1\" \/>\n<link rel=\"canonical\" href=\"https:\/\/canadacaremedical.com\/fr\/product\/aides-au-quotidien\/autres-appareils-dassistance-fonctionnelle\/barre-stander-pour-porte-de-voiture\/\" \/>\n<meta property=\"og:locale\" content=\"fr_FR\" \/>\n<meta property=\"og:type\" content=\"article\" \/>\n<meta property=\"og:title\" content=\"BARRE STANDER POUR PORTE DE VOITURE - Canada Care Medical\" \/>\n<meta property=\"og:description\" content=\"Entrer et sortir de la voiture, c\u2019est facile!  La barre Stander facilite votre entr\u00e9e et sortie de la voiture. Vous n\u2019avez qu\u2019\u00e0 ins\u00e9rer la barre dans le loquet de fermeture de la porte et vous b\u00e9n\u00e9ficierez imm\u00e9diatement d\u2019un excellent soutien pour vous lever ou vous asseoir.\" \/>\n<meta property=\"og:url\" content=\"https:\/\/canadacaremedical.com\/fr\/product\/aides-au-quotidien\/autres-appareils-dassistance-fonctionnelle\/barre-stander-pour-porte-de-voiture\/\" \/>\n<meta property=\"og:site_name\" content=\"Canada Care Medical\" \/>\n<meta property=\"article:modified_time\" content=\"2021-03-17T13:28:41+00:00\" \/>\n<meta property=\"og:image\" content=\"https:\/\/canadacaremedical.com\/wp-content\/uploads\/2019\/03\/Standers-Handi-Bar-for-Car-Door-STV2003.jpg\" \/>\n\t<meta property=\"og:image:width\" content=\"260\" \/>\n\t<meta property=\"og:image:height\" content=\"215\" \/>\n\t<meta property=\"og:image:type\" content=\"image\/jpeg\" \/>\n<meta name=\"twitter:card\" content=\"summary_large_image\" \/>\n<script type=\"application\/ld+json\" class=\"yoast-schema-graph\">{\"@context\":\"https:\\\/\\\/schema.org\",\"@graph\":[{\"@type\":\"WebPage\",\"@id\":\"https:\\\/\\\/canadacaremedical.com\\\/fr\\\/product\\\/aides-au-quotidien\\\/autres-appareils-dassistance-fonctionnelle\\\/barre-stander-pour-porte-de-voiture\\\/\",\"url\":\"https:\\\/\\\/canadacaremedical.com\\\/fr\\\/product\\\/aides-au-quotidien\\\/autres-appareils-dassistance-fonctionnelle\\\/barre-stander-pour-porte-de-voiture\\\/\",\"name\":\"BARRE STANDER POUR PORTE DE VOITURE - Canada Care Medical\",\"isPartOf\":{\"@id\":\"https:\\\/\\\/canadacaremedical.com\\\/#website\"},\"primaryImageOfPage\":{\"@id\":\"https:\\\/\\\/canadacaremedical.com\\\/fr\\\/product\\\/aides-au-quotidien\\\/autres-appareils-dassistance-fonctionnelle\\\/barre-stander-pour-porte-de-voiture\\\/#primaryimage\"},\"image\":{\"@id\":\"https:\\\/\\\/canadacaremedical.com\\\/fr\\\/product\\\/aides-au-quotidien\\\/autres-appareils-dassistance-fonctionnelle\\\/barre-stander-pour-porte-de-voiture\\\/#primaryimage\"},\"thumbnailUrl\":\"https:\\\/\\\/canadacaremedical.com\\\/wp-content\\\/uploads\\\/2019\\\/03\\\/Standers-Handi-Bar-for-Car-Door-STV2003.jpg\",\"datePublished\":\"2019-03-18T16:38:19+00:00\",\"dateModified\":\"2021-03-17T13:28:41+00:00\",\"breadcrumb\":{\"@id\":\"https:\\\/\\\/canadacaremedical.com\\\/fr\\\/product\\\/aides-au-quotidien\\\/autres-appareils-dassistance-fonctionnelle\\\/barre-stander-pour-porte-de-voiture\\\/#breadcrumb\"},\"inLanguage\":\"fr-FR\",\"potentialAction\":[{\"@type\":\"ReadAction\",\"target\":[\"https:\\\/\\\/canadacaremedical.com\\\/fr\\\/product\\\/aides-au-quotidien\\\/autres-appareils-dassistance-fonctionnelle\\\/barre-stander-pour-porte-de-voiture\\\/\"]}]},{\"@type\":\"ImageObject\",\"inLanguage\":\"fr-FR\",\"@id\":\"https:\\\/\\\/canadacaremedical.com\\\/fr\\\/product\\\/aides-au-quotidien\\\/autres-appareils-dassistance-fonctionnelle\\\/barre-stander-pour-porte-de-voiture\\\/#primaryimage\",\"url\":\"https:\\\/\\\/canadacaremedical.com\\\/wp-content\\\/uploads\\\/2019\\\/03\\\/Standers-Handi-Bar-for-Car-Door-STV2003.jpg\",\"contentUrl\":\"https:\\\/\\\/canadacaremedical.com\\\/wp-content\\\/uploads\\\/2019\\\/03\\\/Standers-Handi-Bar-for-Car-Door-STV2003.jpg\",\"width\":260,\"height\":215,\"caption\":\"Stander Handi Bar for Car Door\"},{\"@type\":\"BreadcrumbList\",\"@id\":\"https:\\\/\\\/canadacaremedical.com\\\/fr\\\/product\\\/aides-au-quotidien\\\/autres-appareils-dassistance-fonctionnelle\\\/barre-stander-pour-porte-de-voiture\\\/#breadcrumb\",\"itemListElement\":[{\"@type\":\"ListItem\",\"position\":1,\"name\":\"Home\",\"item\":\"https:\\\/\\\/canadacaremedical.com\\\/fr\\\/\"},{\"@type\":\"ListItem\",\"position\":2,\"name\":\"FIRST AID\",\"item\":\"https:\\\/\\\/canadacaremedical.com\\\/?page_id=1227\"},{\"@type\":\"ListItem\",\"position\":3,\"name\":\"BARRE STANDER POUR PORTE DE VOITURE\"}]},{\"@type\":\"WebSite\",\"@id\":\"https:\\\/\\\/canadacaremedical.com\\\/#website\",\"url\":\"https:\\\/\\\/canadacaremedical.com\\\/\",\"name\":\"Canada Care Medical\",\"description\":\"\",\"publisher\":{\"@id\":\"https:\\\/\\\/canadacaremedical.com\\\/#organization\"},\"potentialAction\":[{\"@type\":\"SearchAction\",\"target\":{\"@type\":\"EntryPoint\",\"urlTemplate\":\"https:\\\/\\\/canadacaremedical.com\\\/?s={search_term_string}\"},\"query-input\":{\"@type\":\"PropertyValueSpecification\",\"valueRequired\":true,\"valueName\":\"search_term_string\"}}],\"inLanguage\":\"fr-FR\"},{\"@type\":\"Organization\",\"@id\":\"https:\\\/\\\/canadacaremedical.com\\\/#organization\",\"name\":\"Canada Care Medical\",\"url\":\"https:\\\/\\\/canadacaremedical.com\\\/\",\"logo\":{\"@type\":\"ImageObject\",\"inLanguage\":\"fr-FR\",\"@id\":\"https:\\\/\\\/canadacaremedical.com\\\/#\\\/schema\\\/logo\\\/image\\\/\",\"url\":\"https:\\\/\\\/canadacaremedical.com\\\/wp-content\\\/uploads\\\/2022\\\/04\\\/cropped-CCM-an-NSM-company-website-vertical-no-50-1.png\",\"contentUrl\":\"https:\\\/\\\/canadacaremedical.com\\\/wp-content\\\/uploads\\\/2022\\\/04\\\/cropped-CCM-an-NSM-company-website-vertical-no-50-1.png\",\"width\":500,\"height\":181,\"caption\":\"Canada Care Medical\"},\"image\":{\"@id\":\"https:\\\/\\\/canadacaremedical.com\\\/#\\\/schema\\\/logo\\\/image\\\/\"}}]}<\/script>\n<!-- \/ Yoast SEO plugin. -->","yoast_head_json":{"title":"BARRE STANDER POUR PORTE DE VOITURE - Canada Care Medical","robots":{"index":"index","follow":"follow","max-snippet":"max-snippet:-1","max-image-preview":"max-image-preview:large","max-video-preview":"max-video-preview:-1"},"canonical":"https:\/\/canadacaremedical.com\/fr\/product\/aides-au-quotidien\/autres-appareils-dassistance-fonctionnelle\/barre-stander-pour-porte-de-voiture\/","og_locale":"fr_FR","og_type":"article","og_title":"BARRE STANDER POUR PORTE DE VOITURE - Canada Care Medical","og_description":"Entrer et sortir de la voiture, c\u2019est facile!  La barre Stander facilite votre entr\u00e9e et sortie de la voiture. Vous n\u2019avez qu\u2019\u00e0 ins\u00e9rer la barre dans le loquet de fermeture de la porte et vous b\u00e9n\u00e9ficierez imm\u00e9diatement d\u2019un excellent soutien pour vous lever ou vous asseoir.","og_url":"https:\/\/canadacaremedical.com\/fr\/product\/aides-au-quotidien\/autres-appareils-dassistance-fonctionnelle\/barre-stander-pour-porte-de-voiture\/","og_site_name":"Canada Care Medical","article_modified_time":"2021-03-17T13:28:41+00:00","og_image":[{"width":260,"height":215,"url":"https:\/\/canadacaremedical.com\/wp-content\/uploads\/2019\/03\/Standers-Handi-Bar-for-Car-Door-STV2003.jpg","type":"image\/jpeg"}],"twitter_card":"summary_large_image","schema":{"@context":"https:\/\/schema.org","@graph":[{"@type":"WebPage","@id":"https:\/\/canadacaremedical.com\/fr\/product\/aides-au-quotidien\/autres-appareils-dassistance-fonctionnelle\/barre-stander-pour-porte-de-voiture\/","url":"https:\/\/canadacaremedical.com\/fr\/product\/aides-au-quotidien\/autres-appareils-dassistance-fonctionnelle\/barre-stander-pour-porte-de-voiture\/","name":"BARRE STANDER POUR PORTE DE VOITURE - Canada Care Medical","isPartOf":{"@id":"https:\/\/canadacaremedical.com\/#website"},"primaryImageOfPage":{"@id":"https:\/\/canadacaremedical.com\/fr\/product\/aides-au-quotidien\/autres-appareils-dassistance-fonctionnelle\/barre-stander-pour-porte-de-voiture\/#primaryimage"},"image":{"@id":"https:\/\/canadacaremedical.com\/fr\/product\/aides-au-quotidien\/autres-appareils-dassistance-fonctionnelle\/barre-stander-pour-porte-de-voiture\/#primaryimage"},"thumbnailUrl":"https:\/\/canadacaremedical.com\/wp-content\/uploads\/2019\/03\/Standers-Handi-Bar-for-Car-Door-STV2003.jpg","datePublished":"2019-03-18T16:38:19+00:00","dateModified":"2021-03-17T13:28:41+00:00","breadcrumb":{"@id":"https:\/\/canadacaremedical.com\/fr\/product\/aides-au-quotidien\/autres-appareils-dassistance-fonctionnelle\/barre-stander-pour-porte-de-voiture\/#breadcrumb"},"inLanguage":"fr-FR","potentialAction":[{"@type":"ReadAction","target":["https:\/\/canadacaremedical.com\/fr\/product\/aides-au-quotidien\/autres-appareils-dassistance-fonctionnelle\/barre-stander-pour-porte-de-voiture\/"]}]},{"@type":"ImageObject","inLanguage":"fr-FR","@id":"https:\/\/canadacaremedical.com\/fr\/product\/aides-au-quotidien\/autres-appareils-dassistance-fonctionnelle\/barre-stander-pour-porte-de-voiture\/#primaryimage","url":"https:\/\/canadacaremedical.com\/wp-content\/uploads\/2019\/03\/Standers-Handi-Bar-for-Car-Door-STV2003.jpg","contentUrl":"https:\/\/canadacaremedical.com\/wp-content\/uploads\/2019\/03\/Standers-Handi-Bar-for-Car-Door-STV2003.jpg","width":260,"height":215,"caption":"Stander Handi Bar for Car Door"},{"@type":"BreadcrumbList","@id":"https:\/\/canadacaremedical.com\/fr\/product\/aides-au-quotidien\/autres-appareils-dassistance-fonctionnelle\/barre-stander-pour-porte-de-voiture\/#breadcrumb","itemListElement":[{"@type":"ListItem","position":1,"name":"Home","item":"https:\/\/canadacaremedical.com\/fr\/"},{"@type":"ListItem","position":2,"name":"FIRST AID","item":"https:\/\/canadacaremedical.com\/?page_id=1227"},{"@type":"ListItem","position":3,"name":"BARRE STANDER POUR PORTE DE VOITURE"}]},{"@type":"WebSite","@id":"https:\/\/canadacaremedical.com\/#website","url":"https:\/\/canadacaremedical.com\/","name":"Canada Care Medical","description":"","publisher":{"@id":"https:\/\/canadacaremedical.com\/#organization"},"potentialAction":[{"@type":"SearchAction","target":{"@type":"EntryPoint","urlTemplate":"https:\/\/canadacaremedical.com\/?s={search_term_string}"},"query-input":{"@type":"PropertyValueSpecification","valueRequired":true,"valueName":"search_term_string"}}],"inLanguage":"fr-FR"},{"@type":"Organization","@id":"https:\/\/canadacaremedical.com\/#organization","name":"Canada Care Medical","url":"https:\/\/canadacaremedical.com\/","logo":{"@type":"ImageObject","inLanguage":"fr-FR","@id":"https:\/\/canadacaremedical.com\/#\/schema\/logo\/image\/","url":"https:\/\/canadacaremedical.com\/wp-content\/uploads\/2022\/04\/cropped-CCM-an-NSM-company-website-vertical-no-50-1.png","contentUrl":"https:\/\/canadacaremedical.com\/wp-content\/uploads\/2022\/04\/cropped-CCM-an-NSM-company-website-vertical-no-50-1.png","width":500,"height":181,"caption":"Canada Care Medical"},"image":{"@id":"https:\/\/canadacaremedical.com\/#\/schema\/logo\/image\/"}}]}},"jetpack_sharing_enabled":true,"_links":{"self":[{"href":"https:\/\/canadacaremedical.com\/fr\/wp-json\/wp\/v2\/product\/4999","targetHints":{"allow":["GET"]}}],"collection":[{"href":"https:\/\/canadacaremedical.com\/fr\/wp-json\/wp\/v2\/product"}],"about":[{"href":"https:\/\/canadacaremedical.com\/fr\/wp-json\/wp\/v2\/types\/product"}],"wp:featuredmedia":[{"embeddable":true,"href":"https:\/\/canadacaremedical.com\/fr\/wp-json\/wp\/v2\/media\/4998"}],"wp:attachment":[{"href":"https:\/\/canadacaremedical.com\/fr\/wp-json\/wp\/v2\/media?parent=4999"}],"wp:term":[{"taxonomy":"product_brand","embeddable":true,"href":"https:\/\/canadacaremedical.com\/fr\/wp-json\/wp\/v2\/product_brand?post=4999"},{"taxonomy":"product_cat","embeddable":true,"href":"https:\/\/canadacaremedical.com\/fr\/wp-json\/wp\/v2\/product_cat?post=4999"},{"taxonomy":"product_tag","embeddable":true,"href":"https:\/\/canadacaremedical.com\/fr\/wp-json\/wp\/v2\/product_tag?post=4999"}],"curies":[{"name":"wp","href":"https:\/\/api.w.org\/{rel}","templated":true}]}}