{"id":5133,"date":"2019-03-20T15:23:27","date_gmt":"2019-03-20T15:23:27","guid":{"rendered":"https:\/\/canadacaremedical.com\/?post_type=product&#038;p=5133"},"modified":"2021-03-09T16:00:56","modified_gmt":"2021-03-09T16:00:56","slug":"le-fauteuil-roulant-electrique-pliable-travel-buggy","status":"publish","type":"product","link":"https:\/\/canadacaremedical.com\/fr\/product\/produits-de-mobilite\/fauteuils-roulants-electriques\/le-fauteuil-roulant-electrique-pliable-travel-buggy\/","title":{"rendered":"LE FAUTEUIL ROULANT \u00c9LECTRIQUE PLIABLE TRAVEL BUGGY"},"content":{"rendered":"","protected":false},"excerpt":{"rendered":"<h2><strong>Un fauteuil roulant pliable parfait pour le voyage. <\/strong><\/h2>\n<p>Con\u00e7u pour \u00eatre facilement pliable en moins de trois secondes, ce fauteuil roulant \u00e9lectrique se comprime facilement pour le transport ou le stockage. Il tient aussi debout sans support. Partout o\u00f9 vous souhaitez aller, le Travel Buggy peut vous y conduire.<\/p>\n","protected":false},"featured_media":5128,"template":"","meta":[],"product_brand":[],"product_cat":[96],"product_tag":[],"class_list":{"0":"post-5133","1":"product","2":"type-product","3":"status-publish","4":"has-post-thumbnail","6":"product_cat-fauteuils-roulants-electriques","8":"first","9":"instock","10":"shipping-taxable","11":"purchasable","12":"product-type-simple"},"yoast_head":"<!-- This site is optimized with the Yoast SEO plugin v27.3 - https:\/\/yoast.com\/product\/yoast-seo-wordpress\/ -->\n<title>LE FAUTEUIL ROULANT \u00c9LECTRIQUE PLIABLE TRAVEL BUGGY - Canada Care Medical<\/title>\n<meta name=\"robots\" content=\"index, follow, max-snippet:-1, max-image-preview:large, max-video-preview:-1\" \/>\n<link rel=\"canonical\" href=\"https:\/\/canadacaremedical.com\/fr\/product\/produits-de-mobilite\/fauteuils-roulants-electriques\/le-fauteuil-roulant-electrique-pliable-travel-buggy\/\" \/>\n<meta property=\"og:locale\" content=\"fr_FR\" \/>\n<meta property=\"og:type\" content=\"article\" \/>\n<meta property=\"og:title\" content=\"LE FAUTEUIL ROULANT \u00c9LECTRIQUE PLIABLE TRAVEL BUGGY - Canada Care Medical\" \/>\n<meta property=\"og:description\" content=\"Un fauteuil roulant pliable parfait pour le voyage.  Con\u00e7u pour \u00eatre facilement pliable en moins de trois secondes, ce fauteuil roulant \u00e9lectrique se comprime facilement pour le transport ou le stockage. Il tient aussi debout sans support. Partout o\u00f9 vous souhaitez aller, le Travel Buggy peut vous y conduire.\" \/>\n<meta property=\"og:url\" content=\"https:\/\/canadacaremedical.com\/fr\/product\/produits-de-mobilite\/fauteuils-roulants-electriques\/le-fauteuil-roulant-electrique-pliable-travel-buggy\/\" \/>\n<meta property=\"og:site_name\" content=\"Canada Care Medical\" \/>\n<meta property=\"article:modified_time\" content=\"2021-03-09T16:00:56+00:00\" \/>\n<meta property=\"og:image\" content=\"https:\/\/canadacaremedical.com\/wp-content\/uploads\/2019\/03\/Travel-Buggy.jpg\" \/>\n\t<meta property=\"og:image:width\" content=\"260\" \/>\n\t<meta property=\"og:image:height\" content=\"215\" \/>\n\t<meta property=\"og:image:type\" content=\"image\/jpeg\" \/>\n<meta name=\"twitter:card\" content=\"summary_large_image\" \/>\n<script type=\"application\/ld+json\" class=\"yoast-schema-graph\">{\"@context\":\"https:\\\/\\\/schema.org\",\"@graph\":[{\"@type\":\"WebPage\",\"@id\":\"https:\\\/\\\/canadacaremedical.com\\\/fr\\\/product\\\/produits-de-mobilite\\\/fauteuils-roulants-electriques\\\/le-fauteuil-roulant-electrique-pliable-travel-buggy\\\/\",\"url\":\"https:\\\/\\\/canadacaremedical.com\\\/fr\\\/product\\\/produits-de-mobilite\\\/fauteuils-roulants-electriques\\\/le-fauteuil-roulant-electrique-pliable-travel-buggy\\\/\",\"name\":\"LE FAUTEUIL ROULANT \u00c9LECTRIQUE PLIABLE TRAVEL BUGGY - Canada Care Medical\",\"isPartOf\":{\"@id\":\"https:\\\/\\\/canadacaremedical.com\\\/#website\"},\"primaryImageOfPage\":{\"@id\":\"https:\\\/\\\/canadacaremedical.com\\\/fr\\\/product\\\/produits-de-mobilite\\\/fauteuils-roulants-electriques\\\/le-fauteuil-roulant-electrique-pliable-travel-buggy\\\/#primaryimage\"},\"image\":{\"@id\":\"https:\\\/\\\/canadacaremedical.com\\\/fr\\\/product\\\/produits-de-mobilite\\\/fauteuils-roulants-electriques\\\/le-fauteuil-roulant-electrique-pliable-travel-buggy\\\/#primaryimage\"},\"thumbnailUrl\":\"https:\\\/\\\/canadacaremedical.com\\\/wp-content\\\/uploads\\\/2019\\\/03\\\/Travel-Buggy.jpg\",\"datePublished\":\"2019-03-20T15:23:27+00:00\",\"dateModified\":\"2021-03-09T16:00:56+00:00\",\"breadcrumb\":{\"@id\":\"https:\\\/\\\/canadacaremedical.com\\\/fr\\\/product\\\/produits-de-mobilite\\\/fauteuils-roulants-electriques\\\/le-fauteuil-roulant-electrique-pliable-travel-buggy\\\/#breadcrumb\"},\"inLanguage\":\"fr-FR\",\"potentialAction\":[{\"@type\":\"ReadAction\",\"target\":[\"https:\\\/\\\/canadacaremedical.com\\\/fr\\\/product\\\/produits-de-mobilite\\\/fauteuils-roulants-electriques\\\/le-fauteuil-roulant-electrique-pliable-travel-buggy\\\/\"]}]},{\"@type\":\"ImageObject\",\"inLanguage\":\"fr-FR\",\"@id\":\"https:\\\/\\\/canadacaremedical.com\\\/fr\\\/product\\\/produits-de-mobilite\\\/fauteuils-roulants-electriques\\\/le-fauteuil-roulant-electrique-pliable-travel-buggy\\\/#primaryimage\",\"url\":\"https:\\\/\\\/canadacaremedical.com\\\/wp-content\\\/uploads\\\/2019\\\/03\\\/Travel-Buggy.jpg\",\"contentUrl\":\"https:\\\/\\\/canadacaremedical.com\\\/wp-content\\\/uploads\\\/2019\\\/03\\\/Travel-Buggy.jpg\",\"width\":260,\"height\":215,\"caption\":\"Mod\u00e8le City, Travel Buggy\"},{\"@type\":\"BreadcrumbList\",\"@id\":\"https:\\\/\\\/canadacaremedical.com\\\/fr\\\/product\\\/produits-de-mobilite\\\/fauteuils-roulants-electriques\\\/le-fauteuil-roulant-electrique-pliable-travel-buggy\\\/#breadcrumb\",\"itemListElement\":[{\"@type\":\"ListItem\",\"position\":1,\"name\":\"Home\",\"item\":\"https:\\\/\\\/canadacaremedical.com\\\/fr\\\/\"},{\"@type\":\"ListItem\",\"position\":2,\"name\":\"FIRST AID\",\"item\":\"https:\\\/\\\/canadacaremedical.com\\\/?page_id=1227\"},{\"@type\":\"ListItem\",\"position\":3,\"name\":\"LE FAUTEUIL ROULANT \u00c9LECTRIQUE PLIABLE TRAVEL BUGGY\"}]},{\"@type\":\"WebSite\",\"@id\":\"https:\\\/\\\/canadacaremedical.com\\\/#website\",\"url\":\"https:\\\/\\\/canadacaremedical.com\\\/\",\"name\":\"Canada Care Medical\",\"description\":\"\",\"publisher\":{\"@id\":\"https:\\\/\\\/canadacaremedical.com\\\/#organization\"},\"potentialAction\":[{\"@type\":\"SearchAction\",\"target\":{\"@type\":\"EntryPoint\",\"urlTemplate\":\"https:\\\/\\\/canadacaremedical.com\\\/?s={search_term_string}\"},\"query-input\":{\"@type\":\"PropertyValueSpecification\",\"valueRequired\":true,\"valueName\":\"search_term_string\"}}],\"inLanguage\":\"fr-FR\"},{\"@type\":\"Organization\",\"@id\":\"https:\\\/\\\/canadacaremedical.com\\\/#organization\",\"name\":\"Canada Care Medical\",\"url\":\"https:\\\/\\\/canadacaremedical.com\\\/\",\"logo\":{\"@type\":\"ImageObject\",\"inLanguage\":\"fr-FR\",\"@id\":\"https:\\\/\\\/canadacaremedical.com\\\/#\\\/schema\\\/logo\\\/image\\\/\",\"url\":\"https:\\\/\\\/canadacaremedical.com\\\/wp-content\\\/uploads\\\/2022\\\/04\\\/cropped-CCM-an-NSM-company-website-vertical-no-50-1.png\",\"contentUrl\":\"https:\\\/\\\/canadacaremedical.com\\\/wp-content\\\/uploads\\\/2022\\\/04\\\/cropped-CCM-an-NSM-company-website-vertical-no-50-1.png\",\"width\":500,\"height\":181,\"caption\":\"Canada Care Medical\"},\"image\":{\"@id\":\"https:\\\/\\\/canadacaremedical.com\\\/#\\\/schema\\\/logo\\\/image\\\/\"}}]}<\/script>\n<!-- \/ Yoast SEO plugin. -->","yoast_head_json":{"title":"LE FAUTEUIL ROULANT \u00c9LECTRIQUE PLIABLE TRAVEL BUGGY - Canada Care Medical","robots":{"index":"index","follow":"follow","max-snippet":"max-snippet:-1","max-image-preview":"max-image-preview:large","max-video-preview":"max-video-preview:-1"},"canonical":"https:\/\/canadacaremedical.com\/fr\/product\/produits-de-mobilite\/fauteuils-roulants-electriques\/le-fauteuil-roulant-electrique-pliable-travel-buggy\/","og_locale":"fr_FR","og_type":"article","og_title":"LE FAUTEUIL ROULANT \u00c9LECTRIQUE PLIABLE TRAVEL BUGGY - Canada Care Medical","og_description":"Un fauteuil roulant pliable parfait pour le voyage.  Con\u00e7u pour \u00eatre facilement pliable en moins de trois secondes, ce fauteuil roulant \u00e9lectrique se comprime facilement pour le transport ou le stockage. Il tient aussi debout sans support. Partout o\u00f9 vous souhaitez aller, le Travel Buggy peut vous y conduire.","og_url":"https:\/\/canadacaremedical.com\/fr\/product\/produits-de-mobilite\/fauteuils-roulants-electriques\/le-fauteuil-roulant-electrique-pliable-travel-buggy\/","og_site_name":"Canada Care Medical","article_modified_time":"2021-03-09T16:00:56+00:00","og_image":[{"width":260,"height":215,"url":"https:\/\/canadacaremedical.com\/wp-content\/uploads\/2019\/03\/Travel-Buggy.jpg","type":"image\/jpeg"}],"twitter_card":"summary_large_image","schema":{"@context":"https:\/\/schema.org","@graph":[{"@type":"WebPage","@id":"https:\/\/canadacaremedical.com\/fr\/product\/produits-de-mobilite\/fauteuils-roulants-electriques\/le-fauteuil-roulant-electrique-pliable-travel-buggy\/","url":"https:\/\/canadacaremedical.com\/fr\/product\/produits-de-mobilite\/fauteuils-roulants-electriques\/le-fauteuil-roulant-electrique-pliable-travel-buggy\/","name":"LE FAUTEUIL ROULANT \u00c9LECTRIQUE PLIABLE TRAVEL BUGGY - Canada Care Medical","isPartOf":{"@id":"https:\/\/canadacaremedical.com\/#website"},"primaryImageOfPage":{"@id":"https:\/\/canadacaremedical.com\/fr\/product\/produits-de-mobilite\/fauteuils-roulants-electriques\/le-fauteuil-roulant-electrique-pliable-travel-buggy\/#primaryimage"},"image":{"@id":"https:\/\/canadacaremedical.com\/fr\/product\/produits-de-mobilite\/fauteuils-roulants-electriques\/le-fauteuil-roulant-electrique-pliable-travel-buggy\/#primaryimage"},"thumbnailUrl":"https:\/\/canadacaremedical.com\/wp-content\/uploads\/2019\/03\/Travel-Buggy.jpg","datePublished":"2019-03-20T15:23:27+00:00","dateModified":"2021-03-09T16:00:56+00:00","breadcrumb":{"@id":"https:\/\/canadacaremedical.com\/fr\/product\/produits-de-mobilite\/fauteuils-roulants-electriques\/le-fauteuil-roulant-electrique-pliable-travel-buggy\/#breadcrumb"},"inLanguage":"fr-FR","potentialAction":[{"@type":"ReadAction","target":["https:\/\/canadacaremedical.com\/fr\/product\/produits-de-mobilite\/fauteuils-roulants-electriques\/le-fauteuil-roulant-electrique-pliable-travel-buggy\/"]}]},{"@type":"ImageObject","inLanguage":"fr-FR","@id":"https:\/\/canadacaremedical.com\/fr\/product\/produits-de-mobilite\/fauteuils-roulants-electriques\/le-fauteuil-roulant-electrique-pliable-travel-buggy\/#primaryimage","url":"https:\/\/canadacaremedical.com\/wp-content\/uploads\/2019\/03\/Travel-Buggy.jpg","contentUrl":"https:\/\/canadacaremedical.com\/wp-content\/uploads\/2019\/03\/Travel-Buggy.jpg","width":260,"height":215,"caption":"Mod\u00e8le City, Travel Buggy"},{"@type":"BreadcrumbList","@id":"https:\/\/canadacaremedical.com\/fr\/product\/produits-de-mobilite\/fauteuils-roulants-electriques\/le-fauteuil-roulant-electrique-pliable-travel-buggy\/#breadcrumb","itemListElement":[{"@type":"ListItem","position":1,"name":"Home","item":"https:\/\/canadacaremedical.com\/fr\/"},{"@type":"ListItem","position":2,"name":"FIRST AID","item":"https:\/\/canadacaremedical.com\/?page_id=1227"},{"@type":"ListItem","position":3,"name":"LE FAUTEUIL ROULANT \u00c9LECTRIQUE PLIABLE TRAVEL BUGGY"}]},{"@type":"WebSite","@id":"https:\/\/canadacaremedical.com\/#website","url":"https:\/\/canadacaremedical.com\/","name":"Canada Care Medical","description":"","publisher":{"@id":"https:\/\/canadacaremedical.com\/#organization"},"potentialAction":[{"@type":"SearchAction","target":{"@type":"EntryPoint","urlTemplate":"https:\/\/canadacaremedical.com\/?s={search_term_string}"},"query-input":{"@type":"PropertyValueSpecification","valueRequired":true,"valueName":"search_term_string"}}],"inLanguage":"fr-FR"},{"@type":"Organization","@id":"https:\/\/canadacaremedical.com\/#organization","name":"Canada Care Medical","url":"https:\/\/canadacaremedical.com\/","logo":{"@type":"ImageObject","inLanguage":"fr-FR","@id":"https:\/\/canadacaremedical.com\/#\/schema\/logo\/image\/","url":"https:\/\/canadacaremedical.com\/wp-content\/uploads\/2022\/04\/cropped-CCM-an-NSM-company-website-vertical-no-50-1.png","contentUrl":"https:\/\/canadacaremedical.com\/wp-content\/uploads\/2022\/04\/cropped-CCM-an-NSM-company-website-vertical-no-50-1.png","width":500,"height":181,"caption":"Canada Care Medical"},"image":{"@id":"https:\/\/canadacaremedical.com\/#\/schema\/logo\/image\/"}}]}},"jetpack_sharing_enabled":true,"_links":{"self":[{"href":"https:\/\/canadacaremedical.com\/fr\/wp-json\/wp\/v2\/product\/5133","targetHints":{"allow":["GET"]}}],"collection":[{"href":"https:\/\/canadacaremedical.com\/fr\/wp-json\/wp\/v2\/product"}],"about":[{"href":"https:\/\/canadacaremedical.com\/fr\/wp-json\/wp\/v2\/types\/product"}],"wp:featuredmedia":[{"embeddable":true,"href":"https:\/\/canadacaremedical.com\/fr\/wp-json\/wp\/v2\/media\/5128"}],"wp:attachment":[{"href":"https:\/\/canadacaremedical.com\/fr\/wp-json\/wp\/v2\/media?parent=5133"}],"wp:term":[{"taxonomy":"product_brand","embeddable":true,"href":"https:\/\/canadacaremedical.com\/fr\/wp-json\/wp\/v2\/product_brand?post=5133"},{"taxonomy":"product_cat","embeddable":true,"href":"https:\/\/canadacaremedical.com\/fr\/wp-json\/wp\/v2\/product_cat?post=5133"},{"taxonomy":"product_tag","embeddable":true,"href":"https:\/\/canadacaremedical.com\/fr\/wp-json\/wp\/v2\/product_tag?post=5133"}],"curies":[{"name":"wp","href":"https:\/\/api.w.org\/{rel}","templated":true}]}}