{"id":683,"date":"2018-12-31T13:57:47","date_gmt":"2018-12-31T13:57:47","guid":{"rendered":"\/?post_type=product&#038;p=683"},"modified":"2021-03-17T13:21:30","modified_gmt":"2021-03-17T13:21:30","slug":"siege-de-bain-a-dossier","status":"publish","type":"product","link":"https:\/\/canadacaremedical.com\/fr\/product\/aides-au-quotidien\/produits-de-securite-pour-la-salle-de-bains\/sieges-de-bain\/siege-de-bain-a-dossier\/","title":{"rendered":"SI\u00c8GE DE BAIN \u00c0 DOSSIER"},"content":{"rendered":"","protected":false},"excerpt":{"rendered":"<h2><strong>Un \u00e9quipement s\u00e9curitaire pour ceux qui ont de la difficult\u00e9 \u00e0 s\u2019asseoir dans un bain ou se tenir debout pour une douche.<\/strong><\/h2>\n<p>Ce si\u00e8ge de bain \u00e0 dossier s\u00e9curitaire am\u00e9liorera votre exp\u00e9rience de l\u2019heure du bain, c\u2019est promis!<\/p>\n","protected":false},"featured_media":3582,"template":"","meta":[],"product_brand":[],"product_cat":[117],"product_tag":[],"class_list":{"0":"post-683","1":"product","2":"type-product","3":"status-publish","4":"has-post-thumbnail","6":"product_cat-sieges-de-bain","8":"first","9":"instock","10":"shipping-taxable","11":"purchasable","12":"product-type-simple"},"yoast_head":"<!-- This site is optimized with the Yoast SEO plugin v27.3 - https:\/\/yoast.com\/product\/yoast-seo-wordpress\/ -->\n<title>SI\u00c8GE DE BAIN \u00c0 DOSSIER - Canada Care Medical<\/title>\n<meta name=\"robots\" content=\"index, follow, max-snippet:-1, max-image-preview:large, max-video-preview:-1\" \/>\n<link rel=\"canonical\" href=\"https:\/\/canadacaremedical.com\/fr\/product\/aides-au-quotidien\/produits-de-securite-pour-la-salle-de-bains\/sieges-de-bain\/siege-de-bain-a-dossier\/\" \/>\n<meta property=\"og:locale\" content=\"fr_FR\" \/>\n<meta property=\"og:type\" content=\"article\" \/>\n<meta property=\"og:title\" content=\"SI\u00c8GE DE BAIN \u00c0 DOSSIER - Canada Care Medical\" \/>\n<meta property=\"og:description\" content=\"Un \u00e9quipement s\u00e9curitaire pour ceux qui ont de la difficult\u00e9 \u00e0 s\u2019asseoir dans un bain ou se tenir debout pour une douche. Ce si\u00e8ge de bain \u00e0 dossier s\u00e9curitaire am\u00e9liorera votre exp\u00e9rience de l\u2019heure du bain, c\u2019est promis!\" \/>\n<meta property=\"og:url\" content=\"https:\/\/canadacaremedical.com\/fr\/product\/aides-au-quotidien\/produits-de-securite-pour-la-salle-de-bains\/sieges-de-bain\/siege-de-bain-a-dossier\/\" \/>\n<meta property=\"og:site_name\" content=\"Canada Care Medical\" \/>\n<meta property=\"article:modified_time\" content=\"2021-03-17T13:21:30+00:00\" \/>\n<meta property=\"og:image\" content=\"https:\/\/canadacaremedical.com\/wp-content\/uploads\/2018\/12\/Bath-seat-with-back-260x215FR.jpg\" \/>\n\t<meta property=\"og:image:width\" content=\"260\" \/>\n\t<meta property=\"og:image:height\" content=\"215\" \/>\n\t<meta property=\"og:image:type\" content=\"image\/jpeg\" \/>\n<meta name=\"twitter:card\" content=\"summary_large_image\" \/>\n<script type=\"application\/ld+json\" class=\"yoast-schema-graph\">{\"@context\":\"https:\\\/\\\/schema.org\",\"@graph\":[{\"@type\":\"WebPage\",\"@id\":\"https:\\\/\\\/canadacaremedical.com\\\/fr\\\/product\\\/aides-au-quotidien\\\/produits-de-securite-pour-la-salle-de-bains\\\/sieges-de-bain\\\/siege-de-bain-a-dossier\\\/\",\"url\":\"https:\\\/\\\/canadacaremedical.com\\\/fr\\\/product\\\/aides-au-quotidien\\\/produits-de-securite-pour-la-salle-de-bains\\\/sieges-de-bain\\\/siege-de-bain-a-dossier\\\/\",\"name\":\"SI\u00c8GE DE BAIN \u00c0 DOSSIER - Canada Care Medical\",\"isPartOf\":{\"@id\":\"https:\\\/\\\/canadacaremedical.com\\\/#website\"},\"primaryImageOfPage\":{\"@id\":\"https:\\\/\\\/canadacaremedical.com\\\/fr\\\/product\\\/aides-au-quotidien\\\/produits-de-securite-pour-la-salle-de-bains\\\/sieges-de-bain\\\/siege-de-bain-a-dossier\\\/#primaryimage\"},\"image\":{\"@id\":\"https:\\\/\\\/canadacaremedical.com\\\/fr\\\/product\\\/aides-au-quotidien\\\/produits-de-securite-pour-la-salle-de-bains\\\/sieges-de-bain\\\/siege-de-bain-a-dossier\\\/#primaryimage\"},\"thumbnailUrl\":\"https:\\\/\\\/canadacaremedical.com\\\/wp-content\\\/uploads\\\/2018\\\/12\\\/Bath-seat-with-back-260x215FR.jpg\",\"datePublished\":\"2018-12-31T13:57:47+00:00\",\"dateModified\":\"2021-03-17T13:21:30+00:00\",\"breadcrumb\":{\"@id\":\"https:\\\/\\\/canadacaremedical.com\\\/fr\\\/product\\\/aides-au-quotidien\\\/produits-de-securite-pour-la-salle-de-bains\\\/sieges-de-bain\\\/siege-de-bain-a-dossier\\\/#breadcrumb\"},\"inLanguage\":\"fr-FR\",\"potentialAction\":[{\"@type\":\"ReadAction\",\"target\":[\"https:\\\/\\\/canadacaremedical.com\\\/fr\\\/product\\\/aides-au-quotidien\\\/produits-de-securite-pour-la-salle-de-bains\\\/sieges-de-bain\\\/siege-de-bain-a-dossier\\\/\"]}]},{\"@type\":\"ImageObject\",\"inLanguage\":\"fr-FR\",\"@id\":\"https:\\\/\\\/canadacaremedical.com\\\/fr\\\/product\\\/aides-au-quotidien\\\/produits-de-securite-pour-la-salle-de-bains\\\/sieges-de-bain\\\/siege-de-bain-a-dossier\\\/#primaryimage\",\"url\":\"https:\\\/\\\/canadacaremedical.com\\\/wp-content\\\/uploads\\\/2018\\\/12\\\/Bath-seat-with-back-260x215FR.jpg\",\"contentUrl\":\"https:\\\/\\\/canadacaremedical.com\\\/wp-content\\\/uploads\\\/2018\\\/12\\\/Bath-seat-with-back-260x215FR.jpg\",\"width\":260,\"height\":215,\"caption\":\"FR\"},{\"@type\":\"BreadcrumbList\",\"@id\":\"https:\\\/\\\/canadacaremedical.com\\\/fr\\\/product\\\/aides-au-quotidien\\\/produits-de-securite-pour-la-salle-de-bains\\\/sieges-de-bain\\\/siege-de-bain-a-dossier\\\/#breadcrumb\",\"itemListElement\":[{\"@type\":\"ListItem\",\"position\":1,\"name\":\"Home\",\"item\":\"https:\\\/\\\/canadacaremedical.com\\\/fr\\\/\"},{\"@type\":\"ListItem\",\"position\":2,\"name\":\"FIRST AID\",\"item\":\"https:\\\/\\\/canadacaremedical.com\\\/?page_id=1227\"},{\"@type\":\"ListItem\",\"position\":3,\"name\":\"SI\u00c8GE DE BAIN \u00c0 DOSSIER\"}]},{\"@type\":\"WebSite\",\"@id\":\"https:\\\/\\\/canadacaremedical.com\\\/#website\",\"url\":\"https:\\\/\\\/canadacaremedical.com\\\/\",\"name\":\"Canada Care Medical\",\"description\":\"\",\"publisher\":{\"@id\":\"https:\\\/\\\/canadacaremedical.com\\\/#organization\"},\"potentialAction\":[{\"@type\":\"SearchAction\",\"target\":{\"@type\":\"EntryPoint\",\"urlTemplate\":\"https:\\\/\\\/canadacaremedical.com\\\/?s={search_term_string}\"},\"query-input\":{\"@type\":\"PropertyValueSpecification\",\"valueRequired\":true,\"valueName\":\"search_term_string\"}}],\"inLanguage\":\"fr-FR\"},{\"@type\":\"Organization\",\"@id\":\"https:\\\/\\\/canadacaremedical.com\\\/#organization\",\"name\":\"Canada Care Medical\",\"url\":\"https:\\\/\\\/canadacaremedical.com\\\/\",\"logo\":{\"@type\":\"ImageObject\",\"inLanguage\":\"fr-FR\",\"@id\":\"https:\\\/\\\/canadacaremedical.com\\\/#\\\/schema\\\/logo\\\/image\\\/\",\"url\":\"https:\\\/\\\/canadacaremedical.com\\\/wp-content\\\/uploads\\\/2022\\\/04\\\/cropped-CCM-an-NSM-company-website-vertical-no-50-1.png\",\"contentUrl\":\"https:\\\/\\\/canadacaremedical.com\\\/wp-content\\\/uploads\\\/2022\\\/04\\\/cropped-CCM-an-NSM-company-website-vertical-no-50-1.png\",\"width\":500,\"height\":181,\"caption\":\"Canada Care Medical\"},\"image\":{\"@id\":\"https:\\\/\\\/canadacaremedical.com\\\/#\\\/schema\\\/logo\\\/image\\\/\"}}]}<\/script>\n<!-- \/ Yoast SEO plugin. -->","yoast_head_json":{"title":"SI\u00c8GE DE BAIN \u00c0 DOSSIER - Canada Care Medical","robots":{"index":"index","follow":"follow","max-snippet":"max-snippet:-1","max-image-preview":"max-image-preview:large","max-video-preview":"max-video-preview:-1"},"canonical":"https:\/\/canadacaremedical.com\/fr\/product\/aides-au-quotidien\/produits-de-securite-pour-la-salle-de-bains\/sieges-de-bain\/siege-de-bain-a-dossier\/","og_locale":"fr_FR","og_type":"article","og_title":"SI\u00c8GE DE BAIN \u00c0 DOSSIER - Canada Care Medical","og_description":"Un \u00e9quipement s\u00e9curitaire pour ceux qui ont de la difficult\u00e9 \u00e0 s\u2019asseoir dans un bain ou se tenir debout pour une douche. Ce si\u00e8ge de bain \u00e0 dossier s\u00e9curitaire am\u00e9liorera votre exp\u00e9rience de l\u2019heure du bain, c\u2019est promis!","og_url":"https:\/\/canadacaremedical.com\/fr\/product\/aides-au-quotidien\/produits-de-securite-pour-la-salle-de-bains\/sieges-de-bain\/siege-de-bain-a-dossier\/","og_site_name":"Canada Care Medical","article_modified_time":"2021-03-17T13:21:30+00:00","og_image":[{"width":260,"height":215,"url":"https:\/\/canadacaremedical.com\/wp-content\/uploads\/2018\/12\/Bath-seat-with-back-260x215FR.jpg","type":"image\/jpeg"}],"twitter_card":"summary_large_image","schema":{"@context":"https:\/\/schema.org","@graph":[{"@type":"WebPage","@id":"https:\/\/canadacaremedical.com\/fr\/product\/aides-au-quotidien\/produits-de-securite-pour-la-salle-de-bains\/sieges-de-bain\/siege-de-bain-a-dossier\/","url":"https:\/\/canadacaremedical.com\/fr\/product\/aides-au-quotidien\/produits-de-securite-pour-la-salle-de-bains\/sieges-de-bain\/siege-de-bain-a-dossier\/","name":"SI\u00c8GE DE BAIN \u00c0 DOSSIER - Canada Care Medical","isPartOf":{"@id":"https:\/\/canadacaremedical.com\/#website"},"primaryImageOfPage":{"@id":"https:\/\/canadacaremedical.com\/fr\/product\/aides-au-quotidien\/produits-de-securite-pour-la-salle-de-bains\/sieges-de-bain\/siege-de-bain-a-dossier\/#primaryimage"},"image":{"@id":"https:\/\/canadacaremedical.com\/fr\/product\/aides-au-quotidien\/produits-de-securite-pour-la-salle-de-bains\/sieges-de-bain\/siege-de-bain-a-dossier\/#primaryimage"},"thumbnailUrl":"https:\/\/canadacaremedical.com\/wp-content\/uploads\/2018\/12\/Bath-seat-with-back-260x215FR.jpg","datePublished":"2018-12-31T13:57:47+00:00","dateModified":"2021-03-17T13:21:30+00:00","breadcrumb":{"@id":"https:\/\/canadacaremedical.com\/fr\/product\/aides-au-quotidien\/produits-de-securite-pour-la-salle-de-bains\/sieges-de-bain\/siege-de-bain-a-dossier\/#breadcrumb"},"inLanguage":"fr-FR","potentialAction":[{"@type":"ReadAction","target":["https:\/\/canadacaremedical.com\/fr\/product\/aides-au-quotidien\/produits-de-securite-pour-la-salle-de-bains\/sieges-de-bain\/siege-de-bain-a-dossier\/"]}]},{"@type":"ImageObject","inLanguage":"fr-FR","@id":"https:\/\/canadacaremedical.com\/fr\/product\/aides-au-quotidien\/produits-de-securite-pour-la-salle-de-bains\/sieges-de-bain\/siege-de-bain-a-dossier\/#primaryimage","url":"https:\/\/canadacaremedical.com\/wp-content\/uploads\/2018\/12\/Bath-seat-with-back-260x215FR.jpg","contentUrl":"https:\/\/canadacaremedical.com\/wp-content\/uploads\/2018\/12\/Bath-seat-with-back-260x215FR.jpg","width":260,"height":215,"caption":"FR"},{"@type":"BreadcrumbList","@id":"https:\/\/canadacaremedical.com\/fr\/product\/aides-au-quotidien\/produits-de-securite-pour-la-salle-de-bains\/sieges-de-bain\/siege-de-bain-a-dossier\/#breadcrumb","itemListElement":[{"@type":"ListItem","position":1,"name":"Home","item":"https:\/\/canadacaremedical.com\/fr\/"},{"@type":"ListItem","position":2,"name":"FIRST AID","item":"https:\/\/canadacaremedical.com\/?page_id=1227"},{"@type":"ListItem","position":3,"name":"SI\u00c8GE DE BAIN \u00c0 DOSSIER"}]},{"@type":"WebSite","@id":"https:\/\/canadacaremedical.com\/#website","url":"https:\/\/canadacaremedical.com\/","name":"Canada Care Medical","description":"","publisher":{"@id":"https:\/\/canadacaremedical.com\/#organization"},"potentialAction":[{"@type":"SearchAction","target":{"@type":"EntryPoint","urlTemplate":"https:\/\/canadacaremedical.com\/?s={search_term_string}"},"query-input":{"@type":"PropertyValueSpecification","valueRequired":true,"valueName":"search_term_string"}}],"inLanguage":"fr-FR"},{"@type":"Organization","@id":"https:\/\/canadacaremedical.com\/#organization","name":"Canada Care Medical","url":"https:\/\/canadacaremedical.com\/","logo":{"@type":"ImageObject","inLanguage":"fr-FR","@id":"https:\/\/canadacaremedical.com\/#\/schema\/logo\/image\/","url":"https:\/\/canadacaremedical.com\/wp-content\/uploads\/2022\/04\/cropped-CCM-an-NSM-company-website-vertical-no-50-1.png","contentUrl":"https:\/\/canadacaremedical.com\/wp-content\/uploads\/2022\/04\/cropped-CCM-an-NSM-company-website-vertical-no-50-1.png","width":500,"height":181,"caption":"Canada Care Medical"},"image":{"@id":"https:\/\/canadacaremedical.com\/#\/schema\/logo\/image\/"}}]}},"jetpack_sharing_enabled":true,"_links":{"self":[{"href":"https:\/\/canadacaremedical.com\/fr\/wp-json\/wp\/v2\/product\/683","targetHints":{"allow":["GET"]}}],"collection":[{"href":"https:\/\/canadacaremedical.com\/fr\/wp-json\/wp\/v2\/product"}],"about":[{"href":"https:\/\/canadacaremedical.com\/fr\/wp-json\/wp\/v2\/types\/product"}],"wp:featuredmedia":[{"embeddable":true,"href":"https:\/\/canadacaremedical.com\/fr\/wp-json\/wp\/v2\/media\/3582"}],"wp:attachment":[{"href":"https:\/\/canadacaremedical.com\/fr\/wp-json\/wp\/v2\/media?parent=683"}],"wp:term":[{"taxonomy":"product_brand","embeddable":true,"href":"https:\/\/canadacaremedical.com\/fr\/wp-json\/wp\/v2\/product_brand?post=683"},{"taxonomy":"product_cat","embeddable":true,"href":"https:\/\/canadacaremedical.com\/fr\/wp-json\/wp\/v2\/product_cat?post=683"},{"taxonomy":"product_tag","embeddable":true,"href":"https:\/\/canadacaremedical.com\/fr\/wp-json\/wp\/v2\/product_tag?post=683"}],"curies":[{"name":"wp","href":"https:\/\/api.w.org\/{rel}","templated":true}]}}