{"id":697,"date":"2018-12-31T14:33:20","date_gmt":"2018-12-31T14:33:20","guid":{"rendered":"\/?post_type=product&#038;p=697"},"modified":"2021-03-16T09:52:29","modified_gmt":"2021-03-16T09:52:29","slug":"pedalier-dexercice-pliant-avec-affichage-electronique","status":"publish","type":"product","link":"https:\/\/canadacaremedical.com\/fr\/product\/aides-au-quotidien\/equipements-de-medecine-sportive\/pedalier-dexercice-pliant-avec-affichage-electronique\/","title":{"rendered":"P\u00c9DALIER D\u2019EXERCICE PLIANT AVEC AFFICHAGE \u00c9LECTRONIQUE"},"content":{"rendered":"","protected":false},"excerpt":{"rendered":"<h2><strong>Un exercice tout en douceur pour les bras ou les jambes.<\/strong><\/h2>\n<p>Le p\u00e9dalier d\u2019exercice pliant avec affichage \u00e9lectronique Drive permet de faire de l\u2019exercice s\u00e9curitaire \u00e0 faible impact, id\u00e9al pour les muscles des jambes et des bras, et pour stimuler la circulation.<\/p>\n","protected":false},"featured_media":2494,"template":"","meta":[],"product_brand":[],"product_cat":[136],"product_tag":[],"class_list":{"0":"post-697","1":"product","2":"type-product","3":"status-publish","4":"has-post-thumbnail","6":"product_cat-equipements-de-medecine-sportive","8":"first","9":"instock","10":"shipping-taxable","11":"purchasable","12":"product-type-simple"},"yoast_head":"<!-- This site is optimized with the Yoast SEO plugin v27.3 - https:\/\/yoast.com\/product\/yoast-seo-wordpress\/ -->\n<title>P\u00e9dalier d&#039;exercice pliant avec affichage \u00e9lectronique - Canada Care Medical<\/title>\n<meta name=\"robots\" content=\"index, follow, max-snippet:-1, max-image-preview:large, max-video-preview:-1\" \/>\n<link rel=\"canonical\" href=\"https:\/\/canadacaremedical.com\/fr\/product\/aides-au-quotidien\/equipements-de-medecine-sportive\/pedalier-dexercice-pliant-avec-affichage-electronique\/\" \/>\n<meta property=\"og:locale\" content=\"fr_FR\" \/>\n<meta property=\"og:type\" content=\"article\" \/>\n<meta property=\"og:title\" content=\"P\u00e9dalier d&#039;exercice pliant avec affichage \u00e9lectronique - Canada Care Medical\" \/>\n<meta property=\"og:description\" content=\"Un exercice tout en douceur pour les bras ou les jambes. Le p\u00e9dalier d\u2019exercice pliant avec affichage \u00e9lectronique Drive permet de faire de l\u2019exercice s\u00e9curitaire \u00e0 faible impact, id\u00e9al pour les muscles des jambes et des bras, et pour stimuler la circulation.\" \/>\n<meta property=\"og:url\" content=\"https:\/\/canadacaremedical.com\/fr\/product\/aides-au-quotidien\/equipements-de-medecine-sportive\/pedalier-dexercice-pliant-avec-affichage-electronique\/\" \/>\n<meta property=\"og:site_name\" content=\"Canada Care Medical\" \/>\n<meta property=\"article:modified_time\" content=\"2021-03-16T09:52:29+00:00\" \/>\n<meta property=\"og:image\" content=\"https:\/\/canadacaremedical.com\/wp-content\/uploads\/2018\/12\/Drive-Folding-Exercise-Peddler260x215-1.jpg\" \/>\n\t<meta property=\"og:image:width\" content=\"260\" \/>\n\t<meta property=\"og:image:height\" content=\"215\" \/>\n\t<meta property=\"og:image:type\" content=\"image\/jpeg\" \/>\n<meta name=\"twitter:card\" content=\"summary_large_image\" \/>\n<script type=\"application\/ld+json\" class=\"yoast-schema-graph\">{\"@context\":\"https:\\\/\\\/schema.org\",\"@graph\":[{\"@type\":\"WebPage\",\"@id\":\"https:\\\/\\\/canadacaremedical.com\\\/fr\\\/product\\\/aides-au-quotidien\\\/equipements-de-medecine-sportive\\\/pedalier-dexercice-pliant-avec-affichage-electronique\\\/\",\"url\":\"https:\\\/\\\/canadacaremedical.com\\\/fr\\\/product\\\/aides-au-quotidien\\\/equipements-de-medecine-sportive\\\/pedalier-dexercice-pliant-avec-affichage-electronique\\\/\",\"name\":\"P\u00e9dalier d'exercice pliant avec affichage \u00e9lectronique - Canada Care Medical\",\"isPartOf\":{\"@id\":\"https:\\\/\\\/canadacaremedical.com\\\/#website\"},\"primaryImageOfPage\":{\"@id\":\"https:\\\/\\\/canadacaremedical.com\\\/fr\\\/product\\\/aides-au-quotidien\\\/equipements-de-medecine-sportive\\\/pedalier-dexercice-pliant-avec-affichage-electronique\\\/#primaryimage\"},\"image\":{\"@id\":\"https:\\\/\\\/canadacaremedical.com\\\/fr\\\/product\\\/aides-au-quotidien\\\/equipements-de-medecine-sportive\\\/pedalier-dexercice-pliant-avec-affichage-electronique\\\/#primaryimage\"},\"thumbnailUrl\":\"https:\\\/\\\/canadacaremedical.com\\\/wp-content\\\/uploads\\\/2018\\\/12\\\/Drive-Folding-Exercise-Peddler260x215-1.jpg\",\"datePublished\":\"2018-12-31T14:33:20+00:00\",\"dateModified\":\"2021-03-16T09:52:29+00:00\",\"breadcrumb\":{\"@id\":\"https:\\\/\\\/canadacaremedical.com\\\/fr\\\/product\\\/aides-au-quotidien\\\/equipements-de-medecine-sportive\\\/pedalier-dexercice-pliant-avec-affichage-electronique\\\/#breadcrumb\"},\"inLanguage\":\"fr-FR\",\"potentialAction\":[{\"@type\":\"ReadAction\",\"target\":[\"https:\\\/\\\/canadacaremedical.com\\\/fr\\\/product\\\/aides-au-quotidien\\\/equipements-de-medecine-sportive\\\/pedalier-dexercice-pliant-avec-affichage-electronique\\\/\"]}]},{\"@type\":\"ImageObject\",\"inLanguage\":\"fr-FR\",\"@id\":\"https:\\\/\\\/canadacaremedical.com\\\/fr\\\/product\\\/aides-au-quotidien\\\/equipements-de-medecine-sportive\\\/pedalier-dexercice-pliant-avec-affichage-electronique\\\/#primaryimage\",\"url\":\"https:\\\/\\\/canadacaremedical.com\\\/wp-content\\\/uploads\\\/2018\\\/12\\\/Drive-Folding-Exercise-Peddler260x215-1.jpg\",\"contentUrl\":\"https:\\\/\\\/canadacaremedical.com\\\/wp-content\\\/uploads\\\/2018\\\/12\\\/Drive-Folding-Exercise-Peddler260x215-1.jpg\",\"width\":260,\"height\":215,\"caption\":\"P\u00c9DALIER D\u2019EXERCICE PLIANT AVEC AFFICHAGE \u00c9LECTRONIQUE\"},{\"@type\":\"BreadcrumbList\",\"@id\":\"https:\\\/\\\/canadacaremedical.com\\\/fr\\\/product\\\/aides-au-quotidien\\\/equipements-de-medecine-sportive\\\/pedalier-dexercice-pliant-avec-affichage-electronique\\\/#breadcrumb\",\"itemListElement\":[{\"@type\":\"ListItem\",\"position\":1,\"name\":\"Home\",\"item\":\"https:\\\/\\\/canadacaremedical.com\\\/fr\\\/\"},{\"@type\":\"ListItem\",\"position\":2,\"name\":\"FIRST AID\",\"item\":\"https:\\\/\\\/canadacaremedical.com\\\/?page_id=1227\"},{\"@type\":\"ListItem\",\"position\":3,\"name\":\"P\u00c9DALIER D\u2019EXERCICE PLIANT AVEC AFFICHAGE \u00c9LECTRONIQUE\"}]},{\"@type\":\"WebSite\",\"@id\":\"https:\\\/\\\/canadacaremedical.com\\\/#website\",\"url\":\"https:\\\/\\\/canadacaremedical.com\\\/\",\"name\":\"Canada Care Medical\",\"description\":\"\",\"publisher\":{\"@id\":\"https:\\\/\\\/canadacaremedical.com\\\/#organization\"},\"potentialAction\":[{\"@type\":\"SearchAction\",\"target\":{\"@type\":\"EntryPoint\",\"urlTemplate\":\"https:\\\/\\\/canadacaremedical.com\\\/?s={search_term_string}\"},\"query-input\":{\"@type\":\"PropertyValueSpecification\",\"valueRequired\":true,\"valueName\":\"search_term_string\"}}],\"inLanguage\":\"fr-FR\"},{\"@type\":\"Organization\",\"@id\":\"https:\\\/\\\/canadacaremedical.com\\\/#organization\",\"name\":\"Canada Care Medical\",\"url\":\"https:\\\/\\\/canadacaremedical.com\\\/\",\"logo\":{\"@type\":\"ImageObject\",\"inLanguage\":\"fr-FR\",\"@id\":\"https:\\\/\\\/canadacaremedical.com\\\/#\\\/schema\\\/logo\\\/image\\\/\",\"url\":\"https:\\\/\\\/canadacaremedical.com\\\/wp-content\\\/uploads\\\/2022\\\/04\\\/cropped-CCM-an-NSM-company-website-vertical-no-50-1.png\",\"contentUrl\":\"https:\\\/\\\/canadacaremedical.com\\\/wp-content\\\/uploads\\\/2022\\\/04\\\/cropped-CCM-an-NSM-company-website-vertical-no-50-1.png\",\"width\":500,\"height\":181,\"caption\":\"Canada Care Medical\"},\"image\":{\"@id\":\"https:\\\/\\\/canadacaremedical.com\\\/#\\\/schema\\\/logo\\\/image\\\/\"}}]}<\/script>\n<!-- \/ Yoast SEO plugin. -->","yoast_head_json":{"title":"P\u00e9dalier d'exercice pliant avec affichage \u00e9lectronique - Canada Care Medical","robots":{"index":"index","follow":"follow","max-snippet":"max-snippet:-1","max-image-preview":"max-image-preview:large","max-video-preview":"max-video-preview:-1"},"canonical":"https:\/\/canadacaremedical.com\/fr\/product\/aides-au-quotidien\/equipements-de-medecine-sportive\/pedalier-dexercice-pliant-avec-affichage-electronique\/","og_locale":"fr_FR","og_type":"article","og_title":"P\u00e9dalier d'exercice pliant avec affichage \u00e9lectronique - Canada Care Medical","og_description":"Un exercice tout en douceur pour les bras ou les jambes. Le p\u00e9dalier d\u2019exercice pliant avec affichage \u00e9lectronique Drive permet de faire de l\u2019exercice s\u00e9curitaire \u00e0 faible impact, id\u00e9al pour les muscles des jambes et des bras, et pour stimuler la circulation.","og_url":"https:\/\/canadacaremedical.com\/fr\/product\/aides-au-quotidien\/equipements-de-medecine-sportive\/pedalier-dexercice-pliant-avec-affichage-electronique\/","og_site_name":"Canada Care Medical","article_modified_time":"2021-03-16T09:52:29+00:00","og_image":[{"width":260,"height":215,"url":"https:\/\/canadacaremedical.com\/wp-content\/uploads\/2018\/12\/Drive-Folding-Exercise-Peddler260x215-1.jpg","type":"image\/jpeg"}],"twitter_card":"summary_large_image","schema":{"@context":"https:\/\/schema.org","@graph":[{"@type":"WebPage","@id":"https:\/\/canadacaremedical.com\/fr\/product\/aides-au-quotidien\/equipements-de-medecine-sportive\/pedalier-dexercice-pliant-avec-affichage-electronique\/","url":"https:\/\/canadacaremedical.com\/fr\/product\/aides-au-quotidien\/equipements-de-medecine-sportive\/pedalier-dexercice-pliant-avec-affichage-electronique\/","name":"P\u00e9dalier d'exercice pliant avec affichage \u00e9lectronique - Canada Care Medical","isPartOf":{"@id":"https:\/\/canadacaremedical.com\/#website"},"primaryImageOfPage":{"@id":"https:\/\/canadacaremedical.com\/fr\/product\/aides-au-quotidien\/equipements-de-medecine-sportive\/pedalier-dexercice-pliant-avec-affichage-electronique\/#primaryimage"},"image":{"@id":"https:\/\/canadacaremedical.com\/fr\/product\/aides-au-quotidien\/equipements-de-medecine-sportive\/pedalier-dexercice-pliant-avec-affichage-electronique\/#primaryimage"},"thumbnailUrl":"https:\/\/canadacaremedical.com\/wp-content\/uploads\/2018\/12\/Drive-Folding-Exercise-Peddler260x215-1.jpg","datePublished":"2018-12-31T14:33:20+00:00","dateModified":"2021-03-16T09:52:29+00:00","breadcrumb":{"@id":"https:\/\/canadacaremedical.com\/fr\/product\/aides-au-quotidien\/equipements-de-medecine-sportive\/pedalier-dexercice-pliant-avec-affichage-electronique\/#breadcrumb"},"inLanguage":"fr-FR","potentialAction":[{"@type":"ReadAction","target":["https:\/\/canadacaremedical.com\/fr\/product\/aides-au-quotidien\/equipements-de-medecine-sportive\/pedalier-dexercice-pliant-avec-affichage-electronique\/"]}]},{"@type":"ImageObject","inLanguage":"fr-FR","@id":"https:\/\/canadacaremedical.com\/fr\/product\/aides-au-quotidien\/equipements-de-medecine-sportive\/pedalier-dexercice-pliant-avec-affichage-electronique\/#primaryimage","url":"https:\/\/canadacaremedical.com\/wp-content\/uploads\/2018\/12\/Drive-Folding-Exercise-Peddler260x215-1.jpg","contentUrl":"https:\/\/canadacaremedical.com\/wp-content\/uploads\/2018\/12\/Drive-Folding-Exercise-Peddler260x215-1.jpg","width":260,"height":215,"caption":"P\u00c9DALIER D\u2019EXERCICE PLIANT AVEC AFFICHAGE \u00c9LECTRONIQUE"},{"@type":"BreadcrumbList","@id":"https:\/\/canadacaremedical.com\/fr\/product\/aides-au-quotidien\/equipements-de-medecine-sportive\/pedalier-dexercice-pliant-avec-affichage-electronique\/#breadcrumb","itemListElement":[{"@type":"ListItem","position":1,"name":"Home","item":"https:\/\/canadacaremedical.com\/fr\/"},{"@type":"ListItem","position":2,"name":"FIRST AID","item":"https:\/\/canadacaremedical.com\/?page_id=1227"},{"@type":"ListItem","position":3,"name":"P\u00c9DALIER D\u2019EXERCICE PLIANT AVEC AFFICHAGE \u00c9LECTRONIQUE"}]},{"@type":"WebSite","@id":"https:\/\/canadacaremedical.com\/#website","url":"https:\/\/canadacaremedical.com\/","name":"Canada Care Medical","description":"","publisher":{"@id":"https:\/\/canadacaremedical.com\/#organization"},"potentialAction":[{"@type":"SearchAction","target":{"@type":"EntryPoint","urlTemplate":"https:\/\/canadacaremedical.com\/?s={search_term_string}"},"query-input":{"@type":"PropertyValueSpecification","valueRequired":true,"valueName":"search_term_string"}}],"inLanguage":"fr-FR"},{"@type":"Organization","@id":"https:\/\/canadacaremedical.com\/#organization","name":"Canada Care Medical","url":"https:\/\/canadacaremedical.com\/","logo":{"@type":"ImageObject","inLanguage":"fr-FR","@id":"https:\/\/canadacaremedical.com\/#\/schema\/logo\/image\/","url":"https:\/\/canadacaremedical.com\/wp-content\/uploads\/2022\/04\/cropped-CCM-an-NSM-company-website-vertical-no-50-1.png","contentUrl":"https:\/\/canadacaremedical.com\/wp-content\/uploads\/2022\/04\/cropped-CCM-an-NSM-company-website-vertical-no-50-1.png","width":500,"height":181,"caption":"Canada Care Medical"},"image":{"@id":"https:\/\/canadacaremedical.com\/#\/schema\/logo\/image\/"}}]}},"jetpack_sharing_enabled":true,"_links":{"self":[{"href":"https:\/\/canadacaremedical.com\/fr\/wp-json\/wp\/v2\/product\/697","targetHints":{"allow":["GET"]}}],"collection":[{"href":"https:\/\/canadacaremedical.com\/fr\/wp-json\/wp\/v2\/product"}],"about":[{"href":"https:\/\/canadacaremedical.com\/fr\/wp-json\/wp\/v2\/types\/product"}],"wp:featuredmedia":[{"embeddable":true,"href":"https:\/\/canadacaremedical.com\/fr\/wp-json\/wp\/v2\/media\/2494"}],"wp:attachment":[{"href":"https:\/\/canadacaremedical.com\/fr\/wp-json\/wp\/v2\/media?parent=697"}],"wp:term":[{"taxonomy":"product_brand","embeddable":true,"href":"https:\/\/canadacaremedical.com\/fr\/wp-json\/wp\/v2\/product_brand?post=697"},{"taxonomy":"product_cat","embeddable":true,"href":"https:\/\/canadacaremedical.com\/fr\/wp-json\/wp\/v2\/product_cat?post=697"},{"taxonomy":"product_tag","embeddable":true,"href":"https:\/\/canadacaremedical.com\/fr\/wp-json\/wp\/v2\/product_tag?post=697"}],"curies":[{"name":"wp","href":"https:\/\/api.w.org\/{rel}","templated":true}]}}