{"id":703,"date":"2018-12-31T14:46:58","date_gmt":"2018-12-31T14:46:58","guid":{"rendered":"\/?post_type=product&#038;p=703"},"modified":"2021-03-16T09:40:44","modified_gmt":"2021-03-16T09:40:44","slug":"fauteuil-autosouleve-metro-avec-oreiller-lombaire","status":"publish","type":"product","link":"https:\/\/canadacaremedical.com\/fr\/product\/aides-au-quotidien\/fauteuils-autosouleves\/fauteuil-autosouleve-metro-avec-oreiller-lombaire\/","title":{"rendered":"FAUTEUIL AUTOSOULEV\u00c9 METRO AVEC OREILLER LOMBAIRE"},"content":{"rendered":"","protected":false},"excerpt":{"rendered":"<h2><strong>Du soutien pour se remettre \u00e0 la verticale.<\/strong><\/h2>\n<p>Le fauteuil autosoulev\u00e9 Metro est un fauteuil inclinable actionn\u00e9 par moteur au moyen d\u2019une t\u00e9l\u00e9commande, qui peut \u00eatre utilis\u00e9 pour passer d\u2019une position assise \u00e0 une position couch\u00e9e.<\/p>\n","protected":false},"featured_media":2535,"template":"","meta":[],"product_brand":[],"product_cat":[138],"product_tag":[],"class_list":{"0":"post-703","1":"product","2":"type-product","3":"status-publish","4":"has-post-thumbnail","6":"product_cat-fauteuils-autosouleves","8":"first","9":"instock","10":"shipping-taxable","11":"purchasable","12":"product-type-simple"},"yoast_head":"<!-- This site is optimized with the Yoast SEO plugin v27.3 - https:\/\/yoast.com\/product\/yoast-seo-wordpress\/ -->\n<title>Fauteuil autosoulv\u00e9 metro avec oreiller lombaire - Canada Care Medical<\/title>\n<meta name=\"robots\" content=\"index, follow, max-snippet:-1, max-image-preview:large, max-video-preview:-1\" \/>\n<link rel=\"canonical\" href=\"https:\/\/canadacaremedical.com\/fr\/product\/aides-au-quotidien\/fauteuils-autosouleves\/fauteuil-autosouleve-metro-avec-oreiller-lombaire\/\" \/>\n<meta property=\"og:locale\" content=\"fr_FR\" \/>\n<meta property=\"og:type\" content=\"article\" \/>\n<meta property=\"og:title\" content=\"Fauteuil autosoulv\u00e9 metro avec oreiller lombaire - Canada Care Medical\" \/>\n<meta property=\"og:description\" content=\"Du soutien pour se remettre \u00e0 la verticale. Le fauteuil autosoulev\u00e9 Metro est un fauteuil inclinable actionn\u00e9 par moteur au moyen d\u2019une t\u00e9l\u00e9commande, qui peut \u00eatre utilis\u00e9 pour passer d\u2019une position assise \u00e0 une position couch\u00e9e.\" \/>\n<meta property=\"og:url\" content=\"https:\/\/canadacaremedical.com\/fr\/product\/aides-au-quotidien\/fauteuils-autosouleves\/fauteuil-autosouleve-metro-avec-oreiller-lombaire\/\" \/>\n<meta property=\"og:site_name\" content=\"Canada Care Medical\" \/>\n<meta property=\"article:modified_time\" content=\"2021-03-16T09:40:44+00:00\" \/>\n<meta property=\"og:image\" content=\"https:\/\/canadacaremedical.com\/wp-content\/uploads\/2018\/12\/Metro-Lift-Chair260x215-1.jpg\" \/>\n\t<meta property=\"og:image:width\" content=\"260\" \/>\n\t<meta property=\"og:image:height\" content=\"215\" \/>\n\t<meta property=\"og:image:type\" content=\"image\/jpeg\" \/>\n<meta name=\"twitter:card\" content=\"summary_large_image\" \/>\n<script type=\"application\/ld+json\" class=\"yoast-schema-graph\">{\"@context\":\"https:\\\/\\\/schema.org\",\"@graph\":[{\"@type\":\"WebPage\",\"@id\":\"https:\\\/\\\/canadacaremedical.com\\\/fr\\\/product\\\/aides-au-quotidien\\\/fauteuils-autosouleves\\\/fauteuil-autosouleve-metro-avec-oreiller-lombaire\\\/\",\"url\":\"https:\\\/\\\/canadacaremedical.com\\\/fr\\\/product\\\/aides-au-quotidien\\\/fauteuils-autosouleves\\\/fauteuil-autosouleve-metro-avec-oreiller-lombaire\\\/\",\"name\":\"Fauteuil autosoulv\u00e9 metro avec oreiller lombaire - Canada Care Medical\",\"isPartOf\":{\"@id\":\"https:\\\/\\\/canadacaremedical.com\\\/#website\"},\"primaryImageOfPage\":{\"@id\":\"https:\\\/\\\/canadacaremedical.com\\\/fr\\\/product\\\/aides-au-quotidien\\\/fauteuils-autosouleves\\\/fauteuil-autosouleve-metro-avec-oreiller-lombaire\\\/#primaryimage\"},\"image\":{\"@id\":\"https:\\\/\\\/canadacaremedical.com\\\/fr\\\/product\\\/aides-au-quotidien\\\/fauteuils-autosouleves\\\/fauteuil-autosouleve-metro-avec-oreiller-lombaire\\\/#primaryimage\"},\"thumbnailUrl\":\"https:\\\/\\\/canadacaremedical.com\\\/wp-content\\\/uploads\\\/2018\\\/12\\\/Metro-Lift-Chair260x215-1.jpg\",\"datePublished\":\"2018-12-31T14:46:58+00:00\",\"dateModified\":\"2021-03-16T09:40:44+00:00\",\"breadcrumb\":{\"@id\":\"https:\\\/\\\/canadacaremedical.com\\\/fr\\\/product\\\/aides-au-quotidien\\\/fauteuils-autosouleves\\\/fauteuil-autosouleve-metro-avec-oreiller-lombaire\\\/#breadcrumb\"},\"inLanguage\":\"fr-FR\",\"potentialAction\":[{\"@type\":\"ReadAction\",\"target\":[\"https:\\\/\\\/canadacaremedical.com\\\/fr\\\/product\\\/aides-au-quotidien\\\/fauteuils-autosouleves\\\/fauteuil-autosouleve-metro-avec-oreiller-lombaire\\\/\"]}]},{\"@type\":\"ImageObject\",\"inLanguage\":\"fr-FR\",\"@id\":\"https:\\\/\\\/canadacaremedical.com\\\/fr\\\/product\\\/aides-au-quotidien\\\/fauteuils-autosouleves\\\/fauteuil-autosouleve-metro-avec-oreiller-lombaire\\\/#primaryimage\",\"url\":\"https:\\\/\\\/canadacaremedical.com\\\/wp-content\\\/uploads\\\/2018\\\/12\\\/Metro-Lift-Chair260x215-1.jpg\",\"contentUrl\":\"https:\\\/\\\/canadacaremedical.com\\\/wp-content\\\/uploads\\\/2018\\\/12\\\/Metro-Lift-Chair260x215-1.jpg\",\"width\":260,\"height\":215,\"caption\":\"FAUTEUIL AUTOSOULEV\u00c9 METRO\"},{\"@type\":\"BreadcrumbList\",\"@id\":\"https:\\\/\\\/canadacaremedical.com\\\/fr\\\/product\\\/aides-au-quotidien\\\/fauteuils-autosouleves\\\/fauteuil-autosouleve-metro-avec-oreiller-lombaire\\\/#breadcrumb\",\"itemListElement\":[{\"@type\":\"ListItem\",\"position\":1,\"name\":\"Home\",\"item\":\"https:\\\/\\\/canadacaremedical.com\\\/fr\\\/\"},{\"@type\":\"ListItem\",\"position\":2,\"name\":\"FIRST AID\",\"item\":\"https:\\\/\\\/canadacaremedical.com\\\/?page_id=1227\"},{\"@type\":\"ListItem\",\"position\":3,\"name\":\"FAUTEUIL AUTOSOULEV\u00c9 METRO AVEC OREILLER LOMBAIRE\"}]},{\"@type\":\"WebSite\",\"@id\":\"https:\\\/\\\/canadacaremedical.com\\\/#website\",\"url\":\"https:\\\/\\\/canadacaremedical.com\\\/\",\"name\":\"Canada Care Medical\",\"description\":\"\",\"publisher\":{\"@id\":\"https:\\\/\\\/canadacaremedical.com\\\/#organization\"},\"potentialAction\":[{\"@type\":\"SearchAction\",\"target\":{\"@type\":\"EntryPoint\",\"urlTemplate\":\"https:\\\/\\\/canadacaremedical.com\\\/?s={search_term_string}\"},\"query-input\":{\"@type\":\"PropertyValueSpecification\",\"valueRequired\":true,\"valueName\":\"search_term_string\"}}],\"inLanguage\":\"fr-FR\"},{\"@type\":\"Organization\",\"@id\":\"https:\\\/\\\/canadacaremedical.com\\\/#organization\",\"name\":\"Canada Care Medical\",\"url\":\"https:\\\/\\\/canadacaremedical.com\\\/\",\"logo\":{\"@type\":\"ImageObject\",\"inLanguage\":\"fr-FR\",\"@id\":\"https:\\\/\\\/canadacaremedical.com\\\/#\\\/schema\\\/logo\\\/image\\\/\",\"url\":\"https:\\\/\\\/canadacaremedical.com\\\/wp-content\\\/uploads\\\/2022\\\/04\\\/cropped-CCM-an-NSM-company-website-vertical-no-50-1.png\",\"contentUrl\":\"https:\\\/\\\/canadacaremedical.com\\\/wp-content\\\/uploads\\\/2022\\\/04\\\/cropped-CCM-an-NSM-company-website-vertical-no-50-1.png\",\"width\":500,\"height\":181,\"caption\":\"Canada Care Medical\"},\"image\":{\"@id\":\"https:\\\/\\\/canadacaremedical.com\\\/#\\\/schema\\\/logo\\\/image\\\/\"}}]}<\/script>\n<!-- \/ Yoast SEO plugin. -->","yoast_head_json":{"title":"Fauteuil autosoulv\u00e9 metro avec oreiller lombaire - Canada Care Medical","robots":{"index":"index","follow":"follow","max-snippet":"max-snippet:-1","max-image-preview":"max-image-preview:large","max-video-preview":"max-video-preview:-1"},"canonical":"https:\/\/canadacaremedical.com\/fr\/product\/aides-au-quotidien\/fauteuils-autosouleves\/fauteuil-autosouleve-metro-avec-oreiller-lombaire\/","og_locale":"fr_FR","og_type":"article","og_title":"Fauteuil autosoulv\u00e9 metro avec oreiller lombaire - Canada Care Medical","og_description":"Du soutien pour se remettre \u00e0 la verticale. Le fauteuil autosoulev\u00e9 Metro est un fauteuil inclinable actionn\u00e9 par moteur au moyen d\u2019une t\u00e9l\u00e9commande, qui peut \u00eatre utilis\u00e9 pour passer d\u2019une position assise \u00e0 une position couch\u00e9e.","og_url":"https:\/\/canadacaremedical.com\/fr\/product\/aides-au-quotidien\/fauteuils-autosouleves\/fauteuil-autosouleve-metro-avec-oreiller-lombaire\/","og_site_name":"Canada Care Medical","article_modified_time":"2021-03-16T09:40:44+00:00","og_image":[{"width":260,"height":215,"url":"https:\/\/canadacaremedical.com\/wp-content\/uploads\/2018\/12\/Metro-Lift-Chair260x215-1.jpg","type":"image\/jpeg"}],"twitter_card":"summary_large_image","schema":{"@context":"https:\/\/schema.org","@graph":[{"@type":"WebPage","@id":"https:\/\/canadacaremedical.com\/fr\/product\/aides-au-quotidien\/fauteuils-autosouleves\/fauteuil-autosouleve-metro-avec-oreiller-lombaire\/","url":"https:\/\/canadacaremedical.com\/fr\/product\/aides-au-quotidien\/fauteuils-autosouleves\/fauteuil-autosouleve-metro-avec-oreiller-lombaire\/","name":"Fauteuil autosoulv\u00e9 metro avec oreiller lombaire - Canada Care Medical","isPartOf":{"@id":"https:\/\/canadacaremedical.com\/#website"},"primaryImageOfPage":{"@id":"https:\/\/canadacaremedical.com\/fr\/product\/aides-au-quotidien\/fauteuils-autosouleves\/fauteuil-autosouleve-metro-avec-oreiller-lombaire\/#primaryimage"},"image":{"@id":"https:\/\/canadacaremedical.com\/fr\/product\/aides-au-quotidien\/fauteuils-autosouleves\/fauteuil-autosouleve-metro-avec-oreiller-lombaire\/#primaryimage"},"thumbnailUrl":"https:\/\/canadacaremedical.com\/wp-content\/uploads\/2018\/12\/Metro-Lift-Chair260x215-1.jpg","datePublished":"2018-12-31T14:46:58+00:00","dateModified":"2021-03-16T09:40:44+00:00","breadcrumb":{"@id":"https:\/\/canadacaremedical.com\/fr\/product\/aides-au-quotidien\/fauteuils-autosouleves\/fauteuil-autosouleve-metro-avec-oreiller-lombaire\/#breadcrumb"},"inLanguage":"fr-FR","potentialAction":[{"@type":"ReadAction","target":["https:\/\/canadacaremedical.com\/fr\/product\/aides-au-quotidien\/fauteuils-autosouleves\/fauteuil-autosouleve-metro-avec-oreiller-lombaire\/"]}]},{"@type":"ImageObject","inLanguage":"fr-FR","@id":"https:\/\/canadacaremedical.com\/fr\/product\/aides-au-quotidien\/fauteuils-autosouleves\/fauteuil-autosouleve-metro-avec-oreiller-lombaire\/#primaryimage","url":"https:\/\/canadacaremedical.com\/wp-content\/uploads\/2018\/12\/Metro-Lift-Chair260x215-1.jpg","contentUrl":"https:\/\/canadacaremedical.com\/wp-content\/uploads\/2018\/12\/Metro-Lift-Chair260x215-1.jpg","width":260,"height":215,"caption":"FAUTEUIL AUTOSOULEV\u00c9 METRO"},{"@type":"BreadcrumbList","@id":"https:\/\/canadacaremedical.com\/fr\/product\/aides-au-quotidien\/fauteuils-autosouleves\/fauteuil-autosouleve-metro-avec-oreiller-lombaire\/#breadcrumb","itemListElement":[{"@type":"ListItem","position":1,"name":"Home","item":"https:\/\/canadacaremedical.com\/fr\/"},{"@type":"ListItem","position":2,"name":"FIRST AID","item":"https:\/\/canadacaremedical.com\/?page_id=1227"},{"@type":"ListItem","position":3,"name":"FAUTEUIL AUTOSOULEV\u00c9 METRO AVEC OREILLER LOMBAIRE"}]},{"@type":"WebSite","@id":"https:\/\/canadacaremedical.com\/#website","url":"https:\/\/canadacaremedical.com\/","name":"Canada Care Medical","description":"","publisher":{"@id":"https:\/\/canadacaremedical.com\/#organization"},"potentialAction":[{"@type":"SearchAction","target":{"@type":"EntryPoint","urlTemplate":"https:\/\/canadacaremedical.com\/?s={search_term_string}"},"query-input":{"@type":"PropertyValueSpecification","valueRequired":true,"valueName":"search_term_string"}}],"inLanguage":"fr-FR"},{"@type":"Organization","@id":"https:\/\/canadacaremedical.com\/#organization","name":"Canada Care Medical","url":"https:\/\/canadacaremedical.com\/","logo":{"@type":"ImageObject","inLanguage":"fr-FR","@id":"https:\/\/canadacaremedical.com\/#\/schema\/logo\/image\/","url":"https:\/\/canadacaremedical.com\/wp-content\/uploads\/2022\/04\/cropped-CCM-an-NSM-company-website-vertical-no-50-1.png","contentUrl":"https:\/\/canadacaremedical.com\/wp-content\/uploads\/2022\/04\/cropped-CCM-an-NSM-company-website-vertical-no-50-1.png","width":500,"height":181,"caption":"Canada Care Medical"},"image":{"@id":"https:\/\/canadacaremedical.com\/#\/schema\/logo\/image\/"}}]}},"jetpack_sharing_enabled":true,"_links":{"self":[{"href":"https:\/\/canadacaremedical.com\/fr\/wp-json\/wp\/v2\/product\/703","targetHints":{"allow":["GET"]}}],"collection":[{"href":"https:\/\/canadacaremedical.com\/fr\/wp-json\/wp\/v2\/product"}],"about":[{"href":"https:\/\/canadacaremedical.com\/fr\/wp-json\/wp\/v2\/types\/product"}],"wp:featuredmedia":[{"embeddable":true,"href":"https:\/\/canadacaremedical.com\/fr\/wp-json\/wp\/v2\/media\/2535"}],"wp:attachment":[{"href":"https:\/\/canadacaremedical.com\/fr\/wp-json\/wp\/v2\/media?parent=703"}],"wp:term":[{"taxonomy":"product_brand","embeddable":true,"href":"https:\/\/canadacaremedical.com\/fr\/wp-json\/wp\/v2\/product_brand?post=703"},{"taxonomy":"product_cat","embeddable":true,"href":"https:\/\/canadacaremedical.com\/fr\/wp-json\/wp\/v2\/product_cat?post=703"},{"taxonomy":"product_tag","embeddable":true,"href":"https:\/\/canadacaremedical.com\/fr\/wp-json\/wp\/v2\/product_tag?post=703"}],"curies":[{"name":"wp","href":"https:\/\/api.w.org\/{rel}","templated":true}]}}