{"id":706,"date":"2018-12-31T14:51:27","date_gmt":"2018-12-31T14:51:27","guid":{"rendered":"\/?post_type=product&#038;p=706"},"modified":"2021-03-16T08:52:57","modified_gmt":"2021-03-16T08:52:57","slug":"fauteuil-autosouleve-a-moteur-unique-de-la-collection-elegance","status":"publish","type":"product","link":"https:\/\/canadacaremedical.com\/fr\/product\/aides-au-quotidien\/fauteuils-autosouleves\/fauteuil-autosouleve-a-moteur-unique-de-la-collection-elegance\/","title":{"rendered":"FAUTEUIL AUTOSOULEV\u00c9 \u00c0 MOTEUR UNIQUE DE LA COLLECTION \u00c9L\u00c9GANCE"},"content":{"rendered":"","protected":false},"excerpt":{"rendered":"<h2><strong>L\u2019Ultime en soutien et confort.<\/strong><\/h2>\n<p>Le fauteuil autosoulev\u00e9 constitue la solution id\u00e9ale pour ceux qui ont de la difficult\u00e9 \u00e0 passer d\u2019une position assise \u00e0 debout \u00e0 cause de probl\u00e8mes de mobilit\u00e9 ou d\u2019\u00e9quilibre.<\/p>\n","protected":false},"featured_media":2537,"template":"","meta":[],"product_brand":[],"product_cat":[138],"product_tag":[],"class_list":{"0":"post-706","1":"product","2":"type-product","3":"status-publish","4":"has-post-thumbnail","6":"product_cat-fauteuils-autosouleves","8":"first","9":"instock","10":"shipping-taxable","11":"purchasable","12":"product-type-simple"},"yoast_head":"<!-- This site is optimized with the Yoast SEO plugin v27.3 - https:\/\/yoast.com\/product\/yoast-seo-wordpress\/ -->\n<title>Fauteuil autosoulev\u00e9 \u00e0 moteur unique de la collection \u00e9l\u00e9gance - Canada Care Medical<\/title>\n<meta name=\"robots\" content=\"index, follow, max-snippet:-1, max-image-preview:large, max-video-preview:-1\" \/>\n<link rel=\"canonical\" href=\"https:\/\/canadacaremedical.com\/fr\/product\/aides-au-quotidien\/fauteuils-autosouleves\/fauteuil-autosouleve-a-moteur-unique-de-la-collection-elegance\/\" \/>\n<meta property=\"og:locale\" content=\"fr_FR\" \/>\n<meta property=\"og:type\" content=\"article\" \/>\n<meta property=\"og:title\" content=\"Fauteuil autosoulev\u00e9 \u00e0 moteur unique de la collection \u00e9l\u00e9gance - Canada Care Medical\" \/>\n<meta property=\"og:description\" content=\"L\u2019Ultime en soutien et confort. Le fauteuil autosoulev\u00e9 constitue la solution id\u00e9ale pour ceux qui ont de la difficult\u00e9 \u00e0 passer d\u2019une position assise \u00e0 debout \u00e0 cause de probl\u00e8mes de mobilit\u00e9 ou d\u2019\u00e9quilibre.\" \/>\n<meta property=\"og:url\" content=\"https:\/\/canadacaremedical.com\/fr\/product\/aides-au-quotidien\/fauteuils-autosouleves\/fauteuil-autosouleve-a-moteur-unique-de-la-collection-elegance\/\" \/>\n<meta property=\"og:site_name\" content=\"Canada Care Medical\" \/>\n<meta property=\"article:modified_time\" content=\"2021-03-16T08:52:57+00:00\" \/>\n<meta property=\"og:image\" content=\"https:\/\/canadacaremedical.com\/wp-content\/uploads\/2018\/12\/PRIL570206x215-1.jpg\" \/>\n\t<meta property=\"og:image:width\" content=\"260\" \/>\n\t<meta property=\"og:image:height\" content=\"215\" \/>\n\t<meta property=\"og:image:type\" content=\"image\/jpeg\" \/>\n<meta name=\"twitter:card\" content=\"summary_large_image\" \/>\n<script type=\"application\/ld+json\" class=\"yoast-schema-graph\">{\"@context\":\"https:\\\/\\\/schema.org\",\"@graph\":[{\"@type\":\"WebPage\",\"@id\":\"https:\\\/\\\/canadacaremedical.com\\\/fr\\\/product\\\/aides-au-quotidien\\\/fauteuils-autosouleves\\\/fauteuil-autosouleve-a-moteur-unique-de-la-collection-elegance\\\/\",\"url\":\"https:\\\/\\\/canadacaremedical.com\\\/fr\\\/product\\\/aides-au-quotidien\\\/fauteuils-autosouleves\\\/fauteuil-autosouleve-a-moteur-unique-de-la-collection-elegance\\\/\",\"name\":\"Fauteuil autosoulev\u00e9 \u00e0 moteur unique de la collection \u00e9l\u00e9gance - Canada Care Medical\",\"isPartOf\":{\"@id\":\"https:\\\/\\\/canadacaremedical.com\\\/#website\"},\"primaryImageOfPage\":{\"@id\":\"https:\\\/\\\/canadacaremedical.com\\\/fr\\\/product\\\/aides-au-quotidien\\\/fauteuils-autosouleves\\\/fauteuil-autosouleve-a-moteur-unique-de-la-collection-elegance\\\/#primaryimage\"},\"image\":{\"@id\":\"https:\\\/\\\/canadacaremedical.com\\\/fr\\\/product\\\/aides-au-quotidien\\\/fauteuils-autosouleves\\\/fauteuil-autosouleve-a-moteur-unique-de-la-collection-elegance\\\/#primaryimage\"},\"thumbnailUrl\":\"https:\\\/\\\/canadacaremedical.com\\\/wp-content\\\/uploads\\\/2018\\\/12\\\/PRIL570206x215-1.jpg\",\"datePublished\":\"2018-12-31T14:51:27+00:00\",\"dateModified\":\"2021-03-16T08:52:57+00:00\",\"breadcrumb\":{\"@id\":\"https:\\\/\\\/canadacaremedical.com\\\/fr\\\/product\\\/aides-au-quotidien\\\/fauteuils-autosouleves\\\/fauteuil-autosouleve-a-moteur-unique-de-la-collection-elegance\\\/#breadcrumb\"},\"inLanguage\":\"fr-FR\",\"potentialAction\":[{\"@type\":\"ReadAction\",\"target\":[\"https:\\\/\\\/canadacaremedical.com\\\/fr\\\/product\\\/aides-au-quotidien\\\/fauteuils-autosouleves\\\/fauteuil-autosouleve-a-moteur-unique-de-la-collection-elegance\\\/\"]}]},{\"@type\":\"ImageObject\",\"inLanguage\":\"fr-FR\",\"@id\":\"https:\\\/\\\/canadacaremedical.com\\\/fr\\\/product\\\/aides-au-quotidien\\\/fauteuils-autosouleves\\\/fauteuil-autosouleve-a-moteur-unique-de-la-collection-elegance\\\/#primaryimage\",\"url\":\"https:\\\/\\\/canadacaremedical.com\\\/wp-content\\\/uploads\\\/2018\\\/12\\\/PRIL570206x215-1.jpg\",\"contentUrl\":\"https:\\\/\\\/canadacaremedical.com\\\/wp-content\\\/uploads\\\/2018\\\/12\\\/PRIL570206x215-1.jpg\",\"width\":260,\"height\":215,\"caption\":\"FAUTEUIL AUTOSOULEV\u00c9 \u00c0 MOTEUR UNIQUE\"},{\"@type\":\"BreadcrumbList\",\"@id\":\"https:\\\/\\\/canadacaremedical.com\\\/fr\\\/product\\\/aides-au-quotidien\\\/fauteuils-autosouleves\\\/fauteuil-autosouleve-a-moteur-unique-de-la-collection-elegance\\\/#breadcrumb\",\"itemListElement\":[{\"@type\":\"ListItem\",\"position\":1,\"name\":\"Home\",\"item\":\"https:\\\/\\\/canadacaremedical.com\\\/fr\\\/\"},{\"@type\":\"ListItem\",\"position\":2,\"name\":\"FIRST AID\",\"item\":\"https:\\\/\\\/canadacaremedical.com\\\/?page_id=1227\"},{\"@type\":\"ListItem\",\"position\":3,\"name\":\"FAUTEUIL AUTOSOULEV\u00c9 \u00c0 MOTEUR UNIQUE DE LA COLLECTION \u00c9L\u00c9GANCE\"}]},{\"@type\":\"WebSite\",\"@id\":\"https:\\\/\\\/canadacaremedical.com\\\/#website\",\"url\":\"https:\\\/\\\/canadacaremedical.com\\\/\",\"name\":\"Canada Care Medical\",\"description\":\"\",\"publisher\":{\"@id\":\"https:\\\/\\\/canadacaremedical.com\\\/#organization\"},\"potentialAction\":[{\"@type\":\"SearchAction\",\"target\":{\"@type\":\"EntryPoint\",\"urlTemplate\":\"https:\\\/\\\/canadacaremedical.com\\\/?s={search_term_string}\"},\"query-input\":{\"@type\":\"PropertyValueSpecification\",\"valueRequired\":true,\"valueName\":\"search_term_string\"}}],\"inLanguage\":\"fr-FR\"},{\"@type\":\"Organization\",\"@id\":\"https:\\\/\\\/canadacaremedical.com\\\/#organization\",\"name\":\"Canada Care Medical\",\"url\":\"https:\\\/\\\/canadacaremedical.com\\\/\",\"logo\":{\"@type\":\"ImageObject\",\"inLanguage\":\"fr-FR\",\"@id\":\"https:\\\/\\\/canadacaremedical.com\\\/#\\\/schema\\\/logo\\\/image\\\/\",\"url\":\"https:\\\/\\\/canadacaremedical.com\\\/wp-content\\\/uploads\\\/2022\\\/04\\\/cropped-CCM-an-NSM-company-website-vertical-no-50-1.png\",\"contentUrl\":\"https:\\\/\\\/canadacaremedical.com\\\/wp-content\\\/uploads\\\/2022\\\/04\\\/cropped-CCM-an-NSM-company-website-vertical-no-50-1.png\",\"width\":500,\"height\":181,\"caption\":\"Canada Care Medical\"},\"image\":{\"@id\":\"https:\\\/\\\/canadacaremedical.com\\\/#\\\/schema\\\/logo\\\/image\\\/\"}}]}<\/script>\n<!-- \/ Yoast SEO plugin. -->","yoast_head_json":{"title":"Fauteuil autosoulev\u00e9 \u00e0 moteur unique de la collection \u00e9l\u00e9gance - Canada Care Medical","robots":{"index":"index","follow":"follow","max-snippet":"max-snippet:-1","max-image-preview":"max-image-preview:large","max-video-preview":"max-video-preview:-1"},"canonical":"https:\/\/canadacaremedical.com\/fr\/product\/aides-au-quotidien\/fauteuils-autosouleves\/fauteuil-autosouleve-a-moteur-unique-de-la-collection-elegance\/","og_locale":"fr_FR","og_type":"article","og_title":"Fauteuil autosoulev\u00e9 \u00e0 moteur unique de la collection \u00e9l\u00e9gance - Canada Care Medical","og_description":"L\u2019Ultime en soutien et confort. Le fauteuil autosoulev\u00e9 constitue la solution id\u00e9ale pour ceux qui ont de la difficult\u00e9 \u00e0 passer d\u2019une position assise \u00e0 debout \u00e0 cause de probl\u00e8mes de mobilit\u00e9 ou d\u2019\u00e9quilibre.","og_url":"https:\/\/canadacaremedical.com\/fr\/product\/aides-au-quotidien\/fauteuils-autosouleves\/fauteuil-autosouleve-a-moteur-unique-de-la-collection-elegance\/","og_site_name":"Canada Care Medical","article_modified_time":"2021-03-16T08:52:57+00:00","og_image":[{"width":260,"height":215,"url":"https:\/\/canadacaremedical.com\/wp-content\/uploads\/2018\/12\/PRIL570206x215-1.jpg","type":"image\/jpeg"}],"twitter_card":"summary_large_image","schema":{"@context":"https:\/\/schema.org","@graph":[{"@type":"WebPage","@id":"https:\/\/canadacaremedical.com\/fr\/product\/aides-au-quotidien\/fauteuils-autosouleves\/fauteuil-autosouleve-a-moteur-unique-de-la-collection-elegance\/","url":"https:\/\/canadacaremedical.com\/fr\/product\/aides-au-quotidien\/fauteuils-autosouleves\/fauteuil-autosouleve-a-moteur-unique-de-la-collection-elegance\/","name":"Fauteuil autosoulev\u00e9 \u00e0 moteur unique de la collection \u00e9l\u00e9gance - Canada Care Medical","isPartOf":{"@id":"https:\/\/canadacaremedical.com\/#website"},"primaryImageOfPage":{"@id":"https:\/\/canadacaremedical.com\/fr\/product\/aides-au-quotidien\/fauteuils-autosouleves\/fauteuil-autosouleve-a-moteur-unique-de-la-collection-elegance\/#primaryimage"},"image":{"@id":"https:\/\/canadacaremedical.com\/fr\/product\/aides-au-quotidien\/fauteuils-autosouleves\/fauteuil-autosouleve-a-moteur-unique-de-la-collection-elegance\/#primaryimage"},"thumbnailUrl":"https:\/\/canadacaremedical.com\/wp-content\/uploads\/2018\/12\/PRIL570206x215-1.jpg","datePublished":"2018-12-31T14:51:27+00:00","dateModified":"2021-03-16T08:52:57+00:00","breadcrumb":{"@id":"https:\/\/canadacaremedical.com\/fr\/product\/aides-au-quotidien\/fauteuils-autosouleves\/fauteuil-autosouleve-a-moteur-unique-de-la-collection-elegance\/#breadcrumb"},"inLanguage":"fr-FR","potentialAction":[{"@type":"ReadAction","target":["https:\/\/canadacaremedical.com\/fr\/product\/aides-au-quotidien\/fauteuils-autosouleves\/fauteuil-autosouleve-a-moteur-unique-de-la-collection-elegance\/"]}]},{"@type":"ImageObject","inLanguage":"fr-FR","@id":"https:\/\/canadacaremedical.com\/fr\/product\/aides-au-quotidien\/fauteuils-autosouleves\/fauteuil-autosouleve-a-moteur-unique-de-la-collection-elegance\/#primaryimage","url":"https:\/\/canadacaremedical.com\/wp-content\/uploads\/2018\/12\/PRIL570206x215-1.jpg","contentUrl":"https:\/\/canadacaremedical.com\/wp-content\/uploads\/2018\/12\/PRIL570206x215-1.jpg","width":260,"height":215,"caption":"FAUTEUIL AUTOSOULEV\u00c9 \u00c0 MOTEUR UNIQUE"},{"@type":"BreadcrumbList","@id":"https:\/\/canadacaremedical.com\/fr\/product\/aides-au-quotidien\/fauteuils-autosouleves\/fauteuil-autosouleve-a-moteur-unique-de-la-collection-elegance\/#breadcrumb","itemListElement":[{"@type":"ListItem","position":1,"name":"Home","item":"https:\/\/canadacaremedical.com\/fr\/"},{"@type":"ListItem","position":2,"name":"FIRST AID","item":"https:\/\/canadacaremedical.com\/?page_id=1227"},{"@type":"ListItem","position":3,"name":"FAUTEUIL AUTOSOULEV\u00c9 \u00c0 MOTEUR UNIQUE DE LA COLLECTION \u00c9L\u00c9GANCE"}]},{"@type":"WebSite","@id":"https:\/\/canadacaremedical.com\/#website","url":"https:\/\/canadacaremedical.com\/","name":"Canada Care Medical","description":"","publisher":{"@id":"https:\/\/canadacaremedical.com\/#organization"},"potentialAction":[{"@type":"SearchAction","target":{"@type":"EntryPoint","urlTemplate":"https:\/\/canadacaremedical.com\/?s={search_term_string}"},"query-input":{"@type":"PropertyValueSpecification","valueRequired":true,"valueName":"search_term_string"}}],"inLanguage":"fr-FR"},{"@type":"Organization","@id":"https:\/\/canadacaremedical.com\/#organization","name":"Canada Care Medical","url":"https:\/\/canadacaremedical.com\/","logo":{"@type":"ImageObject","inLanguage":"fr-FR","@id":"https:\/\/canadacaremedical.com\/#\/schema\/logo\/image\/","url":"https:\/\/canadacaremedical.com\/wp-content\/uploads\/2022\/04\/cropped-CCM-an-NSM-company-website-vertical-no-50-1.png","contentUrl":"https:\/\/canadacaremedical.com\/wp-content\/uploads\/2022\/04\/cropped-CCM-an-NSM-company-website-vertical-no-50-1.png","width":500,"height":181,"caption":"Canada Care Medical"},"image":{"@id":"https:\/\/canadacaremedical.com\/#\/schema\/logo\/image\/"}}]}},"jetpack_sharing_enabled":true,"_links":{"self":[{"href":"https:\/\/canadacaremedical.com\/fr\/wp-json\/wp\/v2\/product\/706","targetHints":{"allow":["GET"]}}],"collection":[{"href":"https:\/\/canadacaremedical.com\/fr\/wp-json\/wp\/v2\/product"}],"about":[{"href":"https:\/\/canadacaremedical.com\/fr\/wp-json\/wp\/v2\/types\/product"}],"wp:featuredmedia":[{"embeddable":true,"href":"https:\/\/canadacaremedical.com\/fr\/wp-json\/wp\/v2\/media\/2537"}],"wp:attachment":[{"href":"https:\/\/canadacaremedical.com\/fr\/wp-json\/wp\/v2\/media?parent=706"}],"wp:term":[{"taxonomy":"product_brand","embeddable":true,"href":"https:\/\/canadacaremedical.com\/fr\/wp-json\/wp\/v2\/product_brand?post=706"},{"taxonomy":"product_cat","embeddable":true,"href":"https:\/\/canadacaremedical.com\/fr\/wp-json\/wp\/v2\/product_cat?post=706"},{"taxonomy":"product_tag","embeddable":true,"href":"https:\/\/canadacaremedical.com\/fr\/wp-json\/wp\/v2\/product_tag?post=706"}],"curies":[{"name":"wp","href":"https:\/\/api.w.org\/{rel}","templated":true}]}}