{"id":719,"date":"2018-12-31T15:18:08","date_gmt":"2018-12-31T15:18:08","guid":{"rendered":"\/?post_type=product&#038;p=719"},"modified":"2021-03-17T13:10:42","modified_gmt":"2021-03-17T13:10:42","slug":"siege-de-toilette-sureleve-avec-bras","status":"publish","type":"product","link":"https:\/\/canadacaremedical.com\/fr\/product\/aides-au-quotidien\/produits-de-securite-pour-la-salle-de-bains\/sieges-de-toilette-sureleves\/siege-de-toilette-sureleve-avec-bras\/","title":{"rendered":"SI\u00c8GE DE TOILETTE SUR\u00c9LEV\u00c9 AVEC BRAS"},"content":{"rendered":"","protected":false},"excerpt":{"rendered":"<h2><strong>Un si\u00e8ge de toilette con\u00e7u pour les utilisateurs qui ont de la difficult\u00e9 \u00e0 s\u2019asseoir ou se relever.<\/strong><\/h2>\n<p>Les bras coussin\u00e9s amovibles de ce si\u00e8ge de toilette permettent une utilisation adapt\u00e9e \u00e0 la plupart des configurations de salles de bains et rendent cet \u00e9quipement facile \u00e0 entreposer.<\/p>\n","protected":false},"featured_media":3586,"template":"","meta":[],"product_brand":[],"product_cat":[121],"product_tag":[],"class_list":{"0":"post-719","1":"product","2":"type-product","3":"status-publish","4":"has-post-thumbnail","6":"product_cat-sieges-de-toilette-sureleves","8":"first","9":"instock","10":"shipping-taxable","11":"purchasable","12":"product-type-simple"},"yoast_head":"<!-- This site is optimized with the Yoast SEO plugin v27.3 - https:\/\/yoast.com\/product\/yoast-seo-wordpress\/ -->\n<title>SI\u00c8GE DE TOILETTE SUR\u00c9LEV\u00c9 AVEC BRAS - Canada Care Medical<\/title>\n<meta name=\"robots\" content=\"index, follow, max-snippet:-1, max-image-preview:large, max-video-preview:-1\" \/>\n<link rel=\"canonical\" href=\"https:\/\/canadacaremedical.com\/fr\/product\/aides-au-quotidien\/produits-de-securite-pour-la-salle-de-bains\/sieges-de-toilette-sureleves\/siege-de-toilette-sureleve-avec-bras\/\" \/>\n<meta property=\"og:locale\" content=\"fr_FR\" \/>\n<meta property=\"og:type\" content=\"article\" \/>\n<meta property=\"og:title\" content=\"SI\u00c8GE DE TOILETTE SUR\u00c9LEV\u00c9 AVEC BRAS - Canada Care Medical\" \/>\n<meta property=\"og:description\" content=\"Un si\u00e8ge de toilette con\u00e7u pour les utilisateurs qui ont de la difficult\u00e9 \u00e0 s\u2019asseoir ou se relever. Les bras coussin\u00e9s amovibles de ce si\u00e8ge de toilette permettent une utilisation adapt\u00e9e \u00e0 la plupart des configurations de salles de bains et rendent cet \u00e9quipement facile \u00e0 entreposer.\" \/>\n<meta property=\"og:url\" content=\"https:\/\/canadacaremedical.com\/fr\/product\/aides-au-quotidien\/produits-de-securite-pour-la-salle-de-bains\/sieges-de-toilette-sureleves\/siege-de-toilette-sureleve-avec-bras\/\" \/>\n<meta property=\"og:site_name\" content=\"Canada Care Medical\" \/>\n<meta property=\"article:modified_time\" content=\"2021-03-17T13:10:42+00:00\" \/>\n<meta property=\"og:image\" content=\"https:\/\/canadacaremedical.com\/wp-content\/uploads\/2018\/12\/Raised-toilet-seat-with-armsFR.jpg\" \/>\n\t<meta property=\"og:image:width\" content=\"260\" \/>\n\t<meta property=\"og:image:height\" content=\"215\" \/>\n\t<meta property=\"og:image:type\" content=\"image\/jpeg\" \/>\n<meta name=\"twitter:card\" content=\"summary_large_image\" \/>\n<script type=\"application\/ld+json\" class=\"yoast-schema-graph\">{\"@context\":\"https:\\\/\\\/schema.org\",\"@graph\":[{\"@type\":\"WebPage\",\"@id\":\"https:\\\/\\\/canadacaremedical.com\\\/fr\\\/product\\\/aides-au-quotidien\\\/produits-de-securite-pour-la-salle-de-bains\\\/sieges-de-toilette-sureleves\\\/siege-de-toilette-sureleve-avec-bras\\\/\",\"url\":\"https:\\\/\\\/canadacaremedical.com\\\/fr\\\/product\\\/aides-au-quotidien\\\/produits-de-securite-pour-la-salle-de-bains\\\/sieges-de-toilette-sureleves\\\/siege-de-toilette-sureleve-avec-bras\\\/\",\"name\":\"SI\u00c8GE DE TOILETTE SUR\u00c9LEV\u00c9 AVEC BRAS - Canada Care Medical\",\"isPartOf\":{\"@id\":\"https:\\\/\\\/canadacaremedical.com\\\/#website\"},\"primaryImageOfPage\":{\"@id\":\"https:\\\/\\\/canadacaremedical.com\\\/fr\\\/product\\\/aides-au-quotidien\\\/produits-de-securite-pour-la-salle-de-bains\\\/sieges-de-toilette-sureleves\\\/siege-de-toilette-sureleve-avec-bras\\\/#primaryimage\"},\"image\":{\"@id\":\"https:\\\/\\\/canadacaremedical.com\\\/fr\\\/product\\\/aides-au-quotidien\\\/produits-de-securite-pour-la-salle-de-bains\\\/sieges-de-toilette-sureleves\\\/siege-de-toilette-sureleve-avec-bras\\\/#primaryimage\"},\"thumbnailUrl\":\"https:\\\/\\\/canadacaremedical.com\\\/wp-content\\\/uploads\\\/2018\\\/12\\\/Raised-toilet-seat-with-armsFR.jpg\",\"datePublished\":\"2018-12-31T15:18:08+00:00\",\"dateModified\":\"2021-03-17T13:10:42+00:00\",\"breadcrumb\":{\"@id\":\"https:\\\/\\\/canadacaremedical.com\\\/fr\\\/product\\\/aides-au-quotidien\\\/produits-de-securite-pour-la-salle-de-bains\\\/sieges-de-toilette-sureleves\\\/siege-de-toilette-sureleve-avec-bras\\\/#breadcrumb\"},\"inLanguage\":\"fr-FR\",\"potentialAction\":[{\"@type\":\"ReadAction\",\"target\":[\"https:\\\/\\\/canadacaremedical.com\\\/fr\\\/product\\\/aides-au-quotidien\\\/produits-de-securite-pour-la-salle-de-bains\\\/sieges-de-toilette-sureleves\\\/siege-de-toilette-sureleve-avec-bras\\\/\"]}]},{\"@type\":\"ImageObject\",\"inLanguage\":\"fr-FR\",\"@id\":\"https:\\\/\\\/canadacaremedical.com\\\/fr\\\/product\\\/aides-au-quotidien\\\/produits-de-securite-pour-la-salle-de-bains\\\/sieges-de-toilette-sureleves\\\/siege-de-toilette-sureleve-avec-bras\\\/#primaryimage\",\"url\":\"https:\\\/\\\/canadacaremedical.com\\\/wp-content\\\/uploads\\\/2018\\\/12\\\/Raised-toilet-seat-with-armsFR.jpg\",\"contentUrl\":\"https:\\\/\\\/canadacaremedical.com\\\/wp-content\\\/uploads\\\/2018\\\/12\\\/Raised-toilet-seat-with-armsFR.jpg\",\"width\":260,\"height\":215,\"caption\":\"FR\"},{\"@type\":\"BreadcrumbList\",\"@id\":\"https:\\\/\\\/canadacaremedical.com\\\/fr\\\/product\\\/aides-au-quotidien\\\/produits-de-securite-pour-la-salle-de-bains\\\/sieges-de-toilette-sureleves\\\/siege-de-toilette-sureleve-avec-bras\\\/#breadcrumb\",\"itemListElement\":[{\"@type\":\"ListItem\",\"position\":1,\"name\":\"Home\",\"item\":\"https:\\\/\\\/canadacaremedical.com\\\/fr\\\/\"},{\"@type\":\"ListItem\",\"position\":2,\"name\":\"FIRST AID\",\"item\":\"https:\\\/\\\/canadacaremedical.com\\\/?page_id=1227\"},{\"@type\":\"ListItem\",\"position\":3,\"name\":\"SI\u00c8GE DE TOILETTE SUR\u00c9LEV\u00c9 AVEC BRAS\"}]},{\"@type\":\"WebSite\",\"@id\":\"https:\\\/\\\/canadacaremedical.com\\\/#website\",\"url\":\"https:\\\/\\\/canadacaremedical.com\\\/\",\"name\":\"Canada Care Medical\",\"description\":\"\",\"publisher\":{\"@id\":\"https:\\\/\\\/canadacaremedical.com\\\/#organization\"},\"potentialAction\":[{\"@type\":\"SearchAction\",\"target\":{\"@type\":\"EntryPoint\",\"urlTemplate\":\"https:\\\/\\\/canadacaremedical.com\\\/?s={search_term_string}\"},\"query-input\":{\"@type\":\"PropertyValueSpecification\",\"valueRequired\":true,\"valueName\":\"search_term_string\"}}],\"inLanguage\":\"fr-FR\"},{\"@type\":\"Organization\",\"@id\":\"https:\\\/\\\/canadacaremedical.com\\\/#organization\",\"name\":\"Canada Care Medical\",\"url\":\"https:\\\/\\\/canadacaremedical.com\\\/\",\"logo\":{\"@type\":\"ImageObject\",\"inLanguage\":\"fr-FR\",\"@id\":\"https:\\\/\\\/canadacaremedical.com\\\/#\\\/schema\\\/logo\\\/image\\\/\",\"url\":\"https:\\\/\\\/canadacaremedical.com\\\/wp-content\\\/uploads\\\/2022\\\/04\\\/cropped-CCM-an-NSM-company-website-vertical-no-50-1.png\",\"contentUrl\":\"https:\\\/\\\/canadacaremedical.com\\\/wp-content\\\/uploads\\\/2022\\\/04\\\/cropped-CCM-an-NSM-company-website-vertical-no-50-1.png\",\"width\":500,\"height\":181,\"caption\":\"Canada Care Medical\"},\"image\":{\"@id\":\"https:\\\/\\\/canadacaremedical.com\\\/#\\\/schema\\\/logo\\\/image\\\/\"}}]}<\/script>\n<!-- \/ Yoast SEO plugin. -->","yoast_head_json":{"title":"SI\u00c8GE DE TOILETTE SUR\u00c9LEV\u00c9 AVEC BRAS - Canada Care Medical","robots":{"index":"index","follow":"follow","max-snippet":"max-snippet:-1","max-image-preview":"max-image-preview:large","max-video-preview":"max-video-preview:-1"},"canonical":"https:\/\/canadacaremedical.com\/fr\/product\/aides-au-quotidien\/produits-de-securite-pour-la-salle-de-bains\/sieges-de-toilette-sureleves\/siege-de-toilette-sureleve-avec-bras\/","og_locale":"fr_FR","og_type":"article","og_title":"SI\u00c8GE DE TOILETTE SUR\u00c9LEV\u00c9 AVEC BRAS - Canada Care Medical","og_description":"Un si\u00e8ge de toilette con\u00e7u pour les utilisateurs qui ont de la difficult\u00e9 \u00e0 s\u2019asseoir ou se relever. Les bras coussin\u00e9s amovibles de ce si\u00e8ge de toilette permettent une utilisation adapt\u00e9e \u00e0 la plupart des configurations de salles de bains et rendent cet \u00e9quipement facile \u00e0 entreposer.","og_url":"https:\/\/canadacaremedical.com\/fr\/product\/aides-au-quotidien\/produits-de-securite-pour-la-salle-de-bains\/sieges-de-toilette-sureleves\/siege-de-toilette-sureleve-avec-bras\/","og_site_name":"Canada Care Medical","article_modified_time":"2021-03-17T13:10:42+00:00","og_image":[{"width":260,"height":215,"url":"https:\/\/canadacaremedical.com\/wp-content\/uploads\/2018\/12\/Raised-toilet-seat-with-armsFR.jpg","type":"image\/jpeg"}],"twitter_card":"summary_large_image","schema":{"@context":"https:\/\/schema.org","@graph":[{"@type":"WebPage","@id":"https:\/\/canadacaremedical.com\/fr\/product\/aides-au-quotidien\/produits-de-securite-pour-la-salle-de-bains\/sieges-de-toilette-sureleves\/siege-de-toilette-sureleve-avec-bras\/","url":"https:\/\/canadacaremedical.com\/fr\/product\/aides-au-quotidien\/produits-de-securite-pour-la-salle-de-bains\/sieges-de-toilette-sureleves\/siege-de-toilette-sureleve-avec-bras\/","name":"SI\u00c8GE DE TOILETTE SUR\u00c9LEV\u00c9 AVEC BRAS - Canada Care Medical","isPartOf":{"@id":"https:\/\/canadacaremedical.com\/#website"},"primaryImageOfPage":{"@id":"https:\/\/canadacaremedical.com\/fr\/product\/aides-au-quotidien\/produits-de-securite-pour-la-salle-de-bains\/sieges-de-toilette-sureleves\/siege-de-toilette-sureleve-avec-bras\/#primaryimage"},"image":{"@id":"https:\/\/canadacaremedical.com\/fr\/product\/aides-au-quotidien\/produits-de-securite-pour-la-salle-de-bains\/sieges-de-toilette-sureleves\/siege-de-toilette-sureleve-avec-bras\/#primaryimage"},"thumbnailUrl":"https:\/\/canadacaremedical.com\/wp-content\/uploads\/2018\/12\/Raised-toilet-seat-with-armsFR.jpg","datePublished":"2018-12-31T15:18:08+00:00","dateModified":"2021-03-17T13:10:42+00:00","breadcrumb":{"@id":"https:\/\/canadacaremedical.com\/fr\/product\/aides-au-quotidien\/produits-de-securite-pour-la-salle-de-bains\/sieges-de-toilette-sureleves\/siege-de-toilette-sureleve-avec-bras\/#breadcrumb"},"inLanguage":"fr-FR","potentialAction":[{"@type":"ReadAction","target":["https:\/\/canadacaremedical.com\/fr\/product\/aides-au-quotidien\/produits-de-securite-pour-la-salle-de-bains\/sieges-de-toilette-sureleves\/siege-de-toilette-sureleve-avec-bras\/"]}]},{"@type":"ImageObject","inLanguage":"fr-FR","@id":"https:\/\/canadacaremedical.com\/fr\/product\/aides-au-quotidien\/produits-de-securite-pour-la-salle-de-bains\/sieges-de-toilette-sureleves\/siege-de-toilette-sureleve-avec-bras\/#primaryimage","url":"https:\/\/canadacaremedical.com\/wp-content\/uploads\/2018\/12\/Raised-toilet-seat-with-armsFR.jpg","contentUrl":"https:\/\/canadacaremedical.com\/wp-content\/uploads\/2018\/12\/Raised-toilet-seat-with-armsFR.jpg","width":260,"height":215,"caption":"FR"},{"@type":"BreadcrumbList","@id":"https:\/\/canadacaremedical.com\/fr\/product\/aides-au-quotidien\/produits-de-securite-pour-la-salle-de-bains\/sieges-de-toilette-sureleves\/siege-de-toilette-sureleve-avec-bras\/#breadcrumb","itemListElement":[{"@type":"ListItem","position":1,"name":"Home","item":"https:\/\/canadacaremedical.com\/fr\/"},{"@type":"ListItem","position":2,"name":"FIRST AID","item":"https:\/\/canadacaremedical.com\/?page_id=1227"},{"@type":"ListItem","position":3,"name":"SI\u00c8GE DE TOILETTE SUR\u00c9LEV\u00c9 AVEC BRAS"}]},{"@type":"WebSite","@id":"https:\/\/canadacaremedical.com\/#website","url":"https:\/\/canadacaremedical.com\/","name":"Canada Care Medical","description":"","publisher":{"@id":"https:\/\/canadacaremedical.com\/#organization"},"potentialAction":[{"@type":"SearchAction","target":{"@type":"EntryPoint","urlTemplate":"https:\/\/canadacaremedical.com\/?s={search_term_string}"},"query-input":{"@type":"PropertyValueSpecification","valueRequired":true,"valueName":"search_term_string"}}],"inLanguage":"fr-FR"},{"@type":"Organization","@id":"https:\/\/canadacaremedical.com\/#organization","name":"Canada Care Medical","url":"https:\/\/canadacaremedical.com\/","logo":{"@type":"ImageObject","inLanguage":"fr-FR","@id":"https:\/\/canadacaremedical.com\/#\/schema\/logo\/image\/","url":"https:\/\/canadacaremedical.com\/wp-content\/uploads\/2022\/04\/cropped-CCM-an-NSM-company-website-vertical-no-50-1.png","contentUrl":"https:\/\/canadacaremedical.com\/wp-content\/uploads\/2022\/04\/cropped-CCM-an-NSM-company-website-vertical-no-50-1.png","width":500,"height":181,"caption":"Canada Care Medical"},"image":{"@id":"https:\/\/canadacaremedical.com\/#\/schema\/logo\/image\/"}}]}},"jetpack_sharing_enabled":true,"_links":{"self":[{"href":"https:\/\/canadacaremedical.com\/fr\/wp-json\/wp\/v2\/product\/719","targetHints":{"allow":["GET"]}}],"collection":[{"href":"https:\/\/canadacaremedical.com\/fr\/wp-json\/wp\/v2\/product"}],"about":[{"href":"https:\/\/canadacaremedical.com\/fr\/wp-json\/wp\/v2\/types\/product"}],"wp:featuredmedia":[{"embeddable":true,"href":"https:\/\/canadacaremedical.com\/fr\/wp-json\/wp\/v2\/media\/3586"}],"wp:attachment":[{"href":"https:\/\/canadacaremedical.com\/fr\/wp-json\/wp\/v2\/media?parent=719"}],"wp:term":[{"taxonomy":"product_brand","embeddable":true,"href":"https:\/\/canadacaremedical.com\/fr\/wp-json\/wp\/v2\/product_brand?post=719"},{"taxonomy":"product_cat","embeddable":true,"href":"https:\/\/canadacaremedical.com\/fr\/wp-json\/wp\/v2\/product_cat?post=719"},{"taxonomy":"product_tag","embeddable":true,"href":"https:\/\/canadacaremedical.com\/fr\/wp-json\/wp\/v2\/product_tag?post=719"}],"curies":[{"name":"wp","href":"https:\/\/api.w.org\/{rel}","templated":true}]}}