{"id":732,"date":"2018-12-31T15:46:41","date_gmt":"2018-12-31T15:46:41","guid":{"rendered":"\/?post_type=product&#038;p=732"},"modified":"2021-03-17T13:28:32","modified_gmt":"2021-03-17T13:28:32","slug":"le-span-america-apm2","status":"publish","type":"product","link":"https:\/\/canadacaremedical.com\/fr\/product\/aides-au-quotidien\/produits-medicaux-pour-la-chambre\/matelas-pour-lits-dhopitaux\/le-span-america-apm2\/","title":{"rendered":"LE SPAN AMERICA APM2"},"content":{"rendered":"","protected":false},"excerpt":{"rendered":"<h2><strong>Matelas th\u00e9rapeutique \u00e0 air inject\u00e9<br \/>\n\u00ab Pressure-Guard \u00bb pour le lit d\u2019h\u00f4pital\u00a0:<br \/>\n\u00e9viter d\u2019aggraver les ulc\u00e8res.<\/strong><\/h2>\n<p>Le Span America APM2 est le chef de file depuis plus d\u2019une d\u00e9cennie en solutions th\u00e9rapeutiques \u00e0 air inject\u00e9.<\/p>\n","protected":false},"featured_media":3788,"template":"","meta":[],"product_brand":[],"product_cat":[125],"product_tag":[],"class_list":{"0":"post-732","1":"product","2":"type-product","3":"status-publish","4":"has-post-thumbnail","6":"product_cat-matelas-pour-lits-dhopitaux","8":"first","9":"instock","10":"shipping-taxable","11":"purchasable","12":"product-type-simple"},"yoast_head":"<!-- This site is optimized with the Yoast SEO plugin v27.3 - https:\/\/yoast.com\/product\/yoast-seo-wordpress\/ -->\n<title>LE SPAN AMERICA APM2 - Canada Care Medical<\/title>\n<meta name=\"robots\" content=\"index, follow, max-snippet:-1, max-image-preview:large, max-video-preview:-1\" \/>\n<link rel=\"canonical\" href=\"https:\/\/canadacaremedical.com\/fr\/product\/aides-au-quotidien\/produits-medicaux-pour-la-chambre\/matelas-pour-lits-dhopitaux\/le-span-america-apm2\/\" \/>\n<meta property=\"og:locale\" content=\"fr_FR\" \/>\n<meta property=\"og:type\" content=\"article\" \/>\n<meta property=\"og:title\" content=\"LE SPAN AMERICA APM2 - Canada Care Medical\" \/>\n<meta property=\"og:description\" content=\"Matelas th\u00e9rapeutique \u00e0 air inject\u00e9 \u00ab Pressure-Guard \u00bb pour le lit d\u2019h\u00f4pital\u00a0: \u00e9viter d\u2019aggraver les ulc\u00e8res. Le Span America APM2 est le chef de file depuis plus d\u2019une d\u00e9cennie en solutions th\u00e9rapeutiques \u00e0 air inject\u00e9.\" \/>\n<meta property=\"og:url\" content=\"https:\/\/canadacaremedical.com\/fr\/product\/aides-au-quotidien\/produits-medicaux-pour-la-chambre\/matelas-pour-lits-dhopitaux\/le-span-america-apm2\/\" \/>\n<meta property=\"og:site_name\" content=\"Canada Care Medical\" \/>\n<meta property=\"article:modified_time\" content=\"2021-03-17T13:28:32+00:00\" \/>\n<meta property=\"og:image\" content=\"https:\/\/canadacaremedical.com\/wp-content\/uploads\/2018\/12\/SpanAmerica-APM2-260x215-FR.jpg\" \/>\n\t<meta property=\"og:image:width\" content=\"260\" \/>\n\t<meta property=\"og:image:height\" content=\"215\" \/>\n\t<meta property=\"og:image:type\" content=\"image\/jpeg\" \/>\n<meta name=\"twitter:card\" content=\"summary_large_image\" \/>\n<script type=\"application\/ld+json\" class=\"yoast-schema-graph\">{\"@context\":\"https:\\\/\\\/schema.org\",\"@graph\":[{\"@type\":\"WebPage\",\"@id\":\"https:\\\/\\\/canadacaremedical.com\\\/fr\\\/product\\\/aides-au-quotidien\\\/produits-medicaux-pour-la-chambre\\\/matelas-pour-lits-dhopitaux\\\/le-span-america-apm2\\\/\",\"url\":\"https:\\\/\\\/canadacaremedical.com\\\/fr\\\/product\\\/aides-au-quotidien\\\/produits-medicaux-pour-la-chambre\\\/matelas-pour-lits-dhopitaux\\\/le-span-america-apm2\\\/\",\"name\":\"LE SPAN AMERICA APM2 - Canada Care Medical\",\"isPartOf\":{\"@id\":\"https:\\\/\\\/canadacaremedical.com\\\/#website\"},\"primaryImageOfPage\":{\"@id\":\"https:\\\/\\\/canadacaremedical.com\\\/fr\\\/product\\\/aides-au-quotidien\\\/produits-medicaux-pour-la-chambre\\\/matelas-pour-lits-dhopitaux\\\/le-span-america-apm2\\\/#primaryimage\"},\"image\":{\"@id\":\"https:\\\/\\\/canadacaremedical.com\\\/fr\\\/product\\\/aides-au-quotidien\\\/produits-medicaux-pour-la-chambre\\\/matelas-pour-lits-dhopitaux\\\/le-span-america-apm2\\\/#primaryimage\"},\"thumbnailUrl\":\"https:\\\/\\\/canadacaremedical.com\\\/wp-content\\\/uploads\\\/2018\\\/12\\\/SpanAmerica-APM2-260x215-FR.jpg\",\"datePublished\":\"2018-12-31T15:46:41+00:00\",\"dateModified\":\"2021-03-17T13:28:32+00:00\",\"breadcrumb\":{\"@id\":\"https:\\\/\\\/canadacaremedical.com\\\/fr\\\/product\\\/aides-au-quotidien\\\/produits-medicaux-pour-la-chambre\\\/matelas-pour-lits-dhopitaux\\\/le-span-america-apm2\\\/#breadcrumb\"},\"inLanguage\":\"fr-FR\",\"potentialAction\":[{\"@type\":\"ReadAction\",\"target\":[\"https:\\\/\\\/canadacaremedical.com\\\/fr\\\/product\\\/aides-au-quotidien\\\/produits-medicaux-pour-la-chambre\\\/matelas-pour-lits-dhopitaux\\\/le-span-america-apm2\\\/\"]}]},{\"@type\":\"ImageObject\",\"inLanguage\":\"fr-FR\",\"@id\":\"https:\\\/\\\/canadacaremedical.com\\\/fr\\\/product\\\/aides-au-quotidien\\\/produits-medicaux-pour-la-chambre\\\/matelas-pour-lits-dhopitaux\\\/le-span-america-apm2\\\/#primaryimage\",\"url\":\"https:\\\/\\\/canadacaremedical.com\\\/wp-content\\\/uploads\\\/2018\\\/12\\\/SpanAmerica-APM2-260x215-FR.jpg\",\"contentUrl\":\"https:\\\/\\\/canadacaremedical.com\\\/wp-content\\\/uploads\\\/2018\\\/12\\\/SpanAmerica-APM2-260x215-FR.jpg\",\"width\":260,\"height\":215,\"caption\":\"Le matelas d'h\u00f4pitaux Span America APM2\"},{\"@type\":\"BreadcrumbList\",\"@id\":\"https:\\\/\\\/canadacaremedical.com\\\/fr\\\/product\\\/aides-au-quotidien\\\/produits-medicaux-pour-la-chambre\\\/matelas-pour-lits-dhopitaux\\\/le-span-america-apm2\\\/#breadcrumb\",\"itemListElement\":[{\"@type\":\"ListItem\",\"position\":1,\"name\":\"Home\",\"item\":\"https:\\\/\\\/canadacaremedical.com\\\/fr\\\/\"},{\"@type\":\"ListItem\",\"position\":2,\"name\":\"FIRST AID\",\"item\":\"https:\\\/\\\/canadacaremedical.com\\\/?page_id=1227\"},{\"@type\":\"ListItem\",\"position\":3,\"name\":\"LE SPAN AMERICA APM2\"}]},{\"@type\":\"WebSite\",\"@id\":\"https:\\\/\\\/canadacaremedical.com\\\/#website\",\"url\":\"https:\\\/\\\/canadacaremedical.com\\\/\",\"name\":\"Canada Care Medical\",\"description\":\"\",\"publisher\":{\"@id\":\"https:\\\/\\\/canadacaremedical.com\\\/#organization\"},\"potentialAction\":[{\"@type\":\"SearchAction\",\"target\":{\"@type\":\"EntryPoint\",\"urlTemplate\":\"https:\\\/\\\/canadacaremedical.com\\\/?s={search_term_string}\"},\"query-input\":{\"@type\":\"PropertyValueSpecification\",\"valueRequired\":true,\"valueName\":\"search_term_string\"}}],\"inLanguage\":\"fr-FR\"},{\"@type\":\"Organization\",\"@id\":\"https:\\\/\\\/canadacaremedical.com\\\/#organization\",\"name\":\"Canada Care Medical\",\"url\":\"https:\\\/\\\/canadacaremedical.com\\\/\",\"logo\":{\"@type\":\"ImageObject\",\"inLanguage\":\"fr-FR\",\"@id\":\"https:\\\/\\\/canadacaremedical.com\\\/#\\\/schema\\\/logo\\\/image\\\/\",\"url\":\"https:\\\/\\\/canadacaremedical.com\\\/wp-content\\\/uploads\\\/2022\\\/04\\\/cropped-CCM-an-NSM-company-website-vertical-no-50-1.png\",\"contentUrl\":\"https:\\\/\\\/canadacaremedical.com\\\/wp-content\\\/uploads\\\/2022\\\/04\\\/cropped-CCM-an-NSM-company-website-vertical-no-50-1.png\",\"width\":500,\"height\":181,\"caption\":\"Canada Care Medical\"},\"image\":{\"@id\":\"https:\\\/\\\/canadacaremedical.com\\\/#\\\/schema\\\/logo\\\/image\\\/\"}}]}<\/script>\n<!-- \/ Yoast SEO plugin. -->","yoast_head_json":{"title":"LE SPAN AMERICA APM2 - Canada Care Medical","robots":{"index":"index","follow":"follow","max-snippet":"max-snippet:-1","max-image-preview":"max-image-preview:large","max-video-preview":"max-video-preview:-1"},"canonical":"https:\/\/canadacaremedical.com\/fr\/product\/aides-au-quotidien\/produits-medicaux-pour-la-chambre\/matelas-pour-lits-dhopitaux\/le-span-america-apm2\/","og_locale":"fr_FR","og_type":"article","og_title":"LE SPAN AMERICA APM2 - Canada Care Medical","og_description":"Matelas th\u00e9rapeutique \u00e0 air inject\u00e9 \u00ab Pressure-Guard \u00bb pour le lit d\u2019h\u00f4pital\u00a0: \u00e9viter d\u2019aggraver les ulc\u00e8res. Le Span America APM2 est le chef de file depuis plus d\u2019une d\u00e9cennie en solutions th\u00e9rapeutiques \u00e0 air inject\u00e9.","og_url":"https:\/\/canadacaremedical.com\/fr\/product\/aides-au-quotidien\/produits-medicaux-pour-la-chambre\/matelas-pour-lits-dhopitaux\/le-span-america-apm2\/","og_site_name":"Canada Care Medical","article_modified_time":"2021-03-17T13:28:32+00:00","og_image":[{"width":260,"height":215,"url":"https:\/\/canadacaremedical.com\/wp-content\/uploads\/2018\/12\/SpanAmerica-APM2-260x215-FR.jpg","type":"image\/jpeg"}],"twitter_card":"summary_large_image","schema":{"@context":"https:\/\/schema.org","@graph":[{"@type":"WebPage","@id":"https:\/\/canadacaremedical.com\/fr\/product\/aides-au-quotidien\/produits-medicaux-pour-la-chambre\/matelas-pour-lits-dhopitaux\/le-span-america-apm2\/","url":"https:\/\/canadacaremedical.com\/fr\/product\/aides-au-quotidien\/produits-medicaux-pour-la-chambre\/matelas-pour-lits-dhopitaux\/le-span-america-apm2\/","name":"LE SPAN AMERICA APM2 - Canada Care Medical","isPartOf":{"@id":"https:\/\/canadacaremedical.com\/#website"},"primaryImageOfPage":{"@id":"https:\/\/canadacaremedical.com\/fr\/product\/aides-au-quotidien\/produits-medicaux-pour-la-chambre\/matelas-pour-lits-dhopitaux\/le-span-america-apm2\/#primaryimage"},"image":{"@id":"https:\/\/canadacaremedical.com\/fr\/product\/aides-au-quotidien\/produits-medicaux-pour-la-chambre\/matelas-pour-lits-dhopitaux\/le-span-america-apm2\/#primaryimage"},"thumbnailUrl":"https:\/\/canadacaremedical.com\/wp-content\/uploads\/2018\/12\/SpanAmerica-APM2-260x215-FR.jpg","datePublished":"2018-12-31T15:46:41+00:00","dateModified":"2021-03-17T13:28:32+00:00","breadcrumb":{"@id":"https:\/\/canadacaremedical.com\/fr\/product\/aides-au-quotidien\/produits-medicaux-pour-la-chambre\/matelas-pour-lits-dhopitaux\/le-span-america-apm2\/#breadcrumb"},"inLanguage":"fr-FR","potentialAction":[{"@type":"ReadAction","target":["https:\/\/canadacaremedical.com\/fr\/product\/aides-au-quotidien\/produits-medicaux-pour-la-chambre\/matelas-pour-lits-dhopitaux\/le-span-america-apm2\/"]}]},{"@type":"ImageObject","inLanguage":"fr-FR","@id":"https:\/\/canadacaremedical.com\/fr\/product\/aides-au-quotidien\/produits-medicaux-pour-la-chambre\/matelas-pour-lits-dhopitaux\/le-span-america-apm2\/#primaryimage","url":"https:\/\/canadacaremedical.com\/wp-content\/uploads\/2018\/12\/SpanAmerica-APM2-260x215-FR.jpg","contentUrl":"https:\/\/canadacaremedical.com\/wp-content\/uploads\/2018\/12\/SpanAmerica-APM2-260x215-FR.jpg","width":260,"height":215,"caption":"Le matelas d'h\u00f4pitaux Span America APM2"},{"@type":"BreadcrumbList","@id":"https:\/\/canadacaremedical.com\/fr\/product\/aides-au-quotidien\/produits-medicaux-pour-la-chambre\/matelas-pour-lits-dhopitaux\/le-span-america-apm2\/#breadcrumb","itemListElement":[{"@type":"ListItem","position":1,"name":"Home","item":"https:\/\/canadacaremedical.com\/fr\/"},{"@type":"ListItem","position":2,"name":"FIRST AID","item":"https:\/\/canadacaremedical.com\/?page_id=1227"},{"@type":"ListItem","position":3,"name":"LE SPAN AMERICA APM2"}]},{"@type":"WebSite","@id":"https:\/\/canadacaremedical.com\/#website","url":"https:\/\/canadacaremedical.com\/","name":"Canada Care Medical","description":"","publisher":{"@id":"https:\/\/canadacaremedical.com\/#organization"},"potentialAction":[{"@type":"SearchAction","target":{"@type":"EntryPoint","urlTemplate":"https:\/\/canadacaremedical.com\/?s={search_term_string}"},"query-input":{"@type":"PropertyValueSpecification","valueRequired":true,"valueName":"search_term_string"}}],"inLanguage":"fr-FR"},{"@type":"Organization","@id":"https:\/\/canadacaremedical.com\/#organization","name":"Canada Care Medical","url":"https:\/\/canadacaremedical.com\/","logo":{"@type":"ImageObject","inLanguage":"fr-FR","@id":"https:\/\/canadacaremedical.com\/#\/schema\/logo\/image\/","url":"https:\/\/canadacaremedical.com\/wp-content\/uploads\/2022\/04\/cropped-CCM-an-NSM-company-website-vertical-no-50-1.png","contentUrl":"https:\/\/canadacaremedical.com\/wp-content\/uploads\/2022\/04\/cropped-CCM-an-NSM-company-website-vertical-no-50-1.png","width":500,"height":181,"caption":"Canada Care Medical"},"image":{"@id":"https:\/\/canadacaremedical.com\/#\/schema\/logo\/image\/"}}]}},"jetpack_sharing_enabled":true,"_links":{"self":[{"href":"https:\/\/canadacaremedical.com\/fr\/wp-json\/wp\/v2\/product\/732","targetHints":{"allow":["GET"]}}],"collection":[{"href":"https:\/\/canadacaremedical.com\/fr\/wp-json\/wp\/v2\/product"}],"about":[{"href":"https:\/\/canadacaremedical.com\/fr\/wp-json\/wp\/v2\/types\/product"}],"wp:featuredmedia":[{"embeddable":true,"href":"https:\/\/canadacaremedical.com\/fr\/wp-json\/wp\/v2\/media\/3788"}],"wp:attachment":[{"href":"https:\/\/canadacaremedical.com\/fr\/wp-json\/wp\/v2\/media?parent=732"}],"wp:term":[{"taxonomy":"product_brand","embeddable":true,"href":"https:\/\/canadacaremedical.com\/fr\/wp-json\/wp\/v2\/product_brand?post=732"},{"taxonomy":"product_cat","embeddable":true,"href":"https:\/\/canadacaremedical.com\/fr\/wp-json\/wp\/v2\/product_cat?post=732"},{"taxonomy":"product_tag","embeddable":true,"href":"https:\/\/canadacaremedical.com\/fr\/wp-json\/wp\/v2\/product_tag?post=732"}],"curies":[{"name":"wp","href":"https:\/\/api.w.org\/{rel}","templated":true}]}}