{"id":794,"date":"2019-01-02T09:15:06","date_gmt":"2019-01-02T09:15:06","guid":{"rendered":"\/?post_type=product&#038;p=794"},"modified":"2021-03-16T09:19:44","modified_gmt":"2021-03-16T09:19:44","slug":"le-leve-personnes-maxi-500-par-arjohuntleigh","status":"publish","type":"product","link":"https:\/\/canadacaremedical.com\/fr\/product\/produits-daccessibilite\/leves-personnes\/le-leve-personnes-maxi-500-par-arjohuntleigh\/","title":{"rendered":"LE L\u00c8VE-PERSONNES MAXI 500 PAR ARJOHUNTLEIGH"},"content":{"rendered":"","protected":false},"excerpt":{"rendered":"<h2><strong>Une aide aux transferts s\u00e9curitaire, confortable et facile \u00e0 utiliser, m\u00eame pour une personne seule administrant les soins.<\/strong><\/h2>\n<p>Le l\u00e8ve-personnes Maxi 500 fournit une solution tout indiqu\u00e9e pour tous vos besoins de levage au quotidien. Gr\u00e2ce \u00e0 la vitesse et la douceur de l\u2019action de levage, la personne lev\u00e9e se sent en s\u00e9curit\u00e9<\/p>\n","protected":false},"featured_media":2442,"template":"","meta":[],"product_brand":[],"product_cat":[106],"product_tag":[],"class_list":{"0":"post-794","1":"product","2":"type-product","3":"status-publish","4":"has-post-thumbnail","6":"product_cat-leves-personnes","8":"first","9":"instock","10":"shipping-taxable","11":"purchasable","12":"product-type-simple"},"yoast_head":"<!-- This site is optimized with the Yoast SEO plugin v27.3 - https:\/\/yoast.com\/product\/yoast-seo-wordpress\/ -->\n<title>Le l\u00e9ve-personnes maxi 500 par arjohuntleigh - Canada Care Medical<\/title>\n<meta name=\"robots\" content=\"index, follow, max-snippet:-1, max-image-preview:large, max-video-preview:-1\" \/>\n<link rel=\"canonical\" href=\"https:\/\/canadacaremedical.com\/fr\/product\/produits-daccessibilite\/leves-personnes\/le-leve-personnes-maxi-500-par-arjohuntleigh\/\" \/>\n<meta property=\"og:locale\" content=\"fr_FR\" \/>\n<meta property=\"og:type\" content=\"article\" \/>\n<meta property=\"og:title\" content=\"Le l\u00e9ve-personnes maxi 500 par arjohuntleigh - Canada Care Medical\" \/>\n<meta property=\"og:description\" content=\"Une aide aux transferts s\u00e9curitaire, confortable et facile \u00e0 utiliser, m\u00eame pour une personne seule administrant les soins. Le l\u00e8ve-personnes Maxi 500 fournit une solution tout indiqu\u00e9e pour tous vos besoins de levage au quotidien. Gr\u00e2ce \u00e0 la vitesse et la douceur de l\u2019action de levage, la personne lev\u00e9e se sent en s\u00e9curit\u00e9\" \/>\n<meta property=\"og:url\" content=\"https:\/\/canadacaremedical.com\/fr\/product\/produits-daccessibilite\/leves-personnes\/le-leve-personnes-maxi-500-par-arjohuntleigh\/\" \/>\n<meta property=\"og:site_name\" content=\"Canada Care Medical\" \/>\n<meta property=\"article:modified_time\" content=\"2021-03-16T09:19:44+00:00\" \/>\n<meta property=\"og:image\" content=\"https:\/\/canadacaremedical.com\/wp-content\/uploads\/2019\/01\/Arjohuntleigh-Maxi-500260x215-1.jpg\" \/>\n\t<meta property=\"og:image:width\" content=\"260\" \/>\n\t<meta property=\"og:image:height\" content=\"215\" \/>\n\t<meta property=\"og:image:type\" content=\"image\/jpeg\" \/>\n<meta name=\"twitter:card\" content=\"summary_large_image\" \/>\n<script type=\"application\/ld+json\" class=\"yoast-schema-graph\">{\"@context\":\"https:\\\/\\\/schema.org\",\"@graph\":[{\"@type\":\"WebPage\",\"@id\":\"https:\\\/\\\/canadacaremedical.com\\\/fr\\\/product\\\/produits-daccessibilite\\\/leves-personnes\\\/le-leve-personnes-maxi-500-par-arjohuntleigh\\\/\",\"url\":\"https:\\\/\\\/canadacaremedical.com\\\/fr\\\/product\\\/produits-daccessibilite\\\/leves-personnes\\\/le-leve-personnes-maxi-500-par-arjohuntleigh\\\/\",\"name\":\"Le l\u00e9ve-personnes maxi 500 par arjohuntleigh - Canada Care Medical\",\"isPartOf\":{\"@id\":\"https:\\\/\\\/canadacaremedical.com\\\/#website\"},\"primaryImageOfPage\":{\"@id\":\"https:\\\/\\\/canadacaremedical.com\\\/fr\\\/product\\\/produits-daccessibilite\\\/leves-personnes\\\/le-leve-personnes-maxi-500-par-arjohuntleigh\\\/#primaryimage\"},\"image\":{\"@id\":\"https:\\\/\\\/canadacaremedical.com\\\/fr\\\/product\\\/produits-daccessibilite\\\/leves-personnes\\\/le-leve-personnes-maxi-500-par-arjohuntleigh\\\/#primaryimage\"},\"thumbnailUrl\":\"https:\\\/\\\/canadacaremedical.com\\\/wp-content\\\/uploads\\\/2019\\\/01\\\/Arjohuntleigh-Maxi-500260x215-1.jpg\",\"datePublished\":\"2019-01-02T09:15:06+00:00\",\"dateModified\":\"2021-03-16T09:19:44+00:00\",\"breadcrumb\":{\"@id\":\"https:\\\/\\\/canadacaremedical.com\\\/fr\\\/product\\\/produits-daccessibilite\\\/leves-personnes\\\/le-leve-personnes-maxi-500-par-arjohuntleigh\\\/#breadcrumb\"},\"inLanguage\":\"fr-FR\",\"potentialAction\":[{\"@type\":\"ReadAction\",\"target\":[\"https:\\\/\\\/canadacaremedical.com\\\/fr\\\/product\\\/produits-daccessibilite\\\/leves-personnes\\\/le-leve-personnes-maxi-500-par-arjohuntleigh\\\/\"]}]},{\"@type\":\"ImageObject\",\"inLanguage\":\"fr-FR\",\"@id\":\"https:\\\/\\\/canadacaremedical.com\\\/fr\\\/product\\\/produits-daccessibilite\\\/leves-personnes\\\/le-leve-personnes-maxi-500-par-arjohuntleigh\\\/#primaryimage\",\"url\":\"https:\\\/\\\/canadacaremedical.com\\\/wp-content\\\/uploads\\\/2019\\\/01\\\/Arjohuntleigh-Maxi-500260x215-1.jpg\",\"contentUrl\":\"https:\\\/\\\/canadacaremedical.com\\\/wp-content\\\/uploads\\\/2019\\\/01\\\/Arjohuntleigh-Maxi-500260x215-1.jpg\",\"width\":260,\"height\":215,\"caption\":\"LE L\u00c8VE-PERSONNES MAXI 500 PAR ARJOHUNTLEIGH\"},{\"@type\":\"BreadcrumbList\",\"@id\":\"https:\\\/\\\/canadacaremedical.com\\\/fr\\\/product\\\/produits-daccessibilite\\\/leves-personnes\\\/le-leve-personnes-maxi-500-par-arjohuntleigh\\\/#breadcrumb\",\"itemListElement\":[{\"@type\":\"ListItem\",\"position\":1,\"name\":\"Home\",\"item\":\"https:\\\/\\\/canadacaremedical.com\\\/fr\\\/\"},{\"@type\":\"ListItem\",\"position\":2,\"name\":\"FIRST AID\",\"item\":\"https:\\\/\\\/canadacaremedical.com\\\/?page_id=1227\"},{\"@type\":\"ListItem\",\"position\":3,\"name\":\"LE L\u00c8VE-PERSONNES MAXI 500 PAR ARJOHUNTLEIGH\"}]},{\"@type\":\"WebSite\",\"@id\":\"https:\\\/\\\/canadacaremedical.com\\\/#website\",\"url\":\"https:\\\/\\\/canadacaremedical.com\\\/\",\"name\":\"Canada Care Medical\",\"description\":\"\",\"publisher\":{\"@id\":\"https:\\\/\\\/canadacaremedical.com\\\/#organization\"},\"potentialAction\":[{\"@type\":\"SearchAction\",\"target\":{\"@type\":\"EntryPoint\",\"urlTemplate\":\"https:\\\/\\\/canadacaremedical.com\\\/?s={search_term_string}\"},\"query-input\":{\"@type\":\"PropertyValueSpecification\",\"valueRequired\":true,\"valueName\":\"search_term_string\"}}],\"inLanguage\":\"fr-FR\"},{\"@type\":\"Organization\",\"@id\":\"https:\\\/\\\/canadacaremedical.com\\\/#organization\",\"name\":\"Canada Care Medical\",\"url\":\"https:\\\/\\\/canadacaremedical.com\\\/\",\"logo\":{\"@type\":\"ImageObject\",\"inLanguage\":\"fr-FR\",\"@id\":\"https:\\\/\\\/canadacaremedical.com\\\/#\\\/schema\\\/logo\\\/image\\\/\",\"url\":\"https:\\\/\\\/canadacaremedical.com\\\/wp-content\\\/uploads\\\/2022\\\/04\\\/cropped-CCM-an-NSM-company-website-vertical-no-50-1.png\",\"contentUrl\":\"https:\\\/\\\/canadacaremedical.com\\\/wp-content\\\/uploads\\\/2022\\\/04\\\/cropped-CCM-an-NSM-company-website-vertical-no-50-1.png\",\"width\":500,\"height\":181,\"caption\":\"Canada Care Medical\"},\"image\":{\"@id\":\"https:\\\/\\\/canadacaremedical.com\\\/#\\\/schema\\\/logo\\\/image\\\/\"}}]}<\/script>\n<!-- \/ Yoast SEO plugin. -->","yoast_head_json":{"title":"Le l\u00e9ve-personnes maxi 500 par arjohuntleigh - Canada Care Medical","robots":{"index":"index","follow":"follow","max-snippet":"max-snippet:-1","max-image-preview":"max-image-preview:large","max-video-preview":"max-video-preview:-1"},"canonical":"https:\/\/canadacaremedical.com\/fr\/product\/produits-daccessibilite\/leves-personnes\/le-leve-personnes-maxi-500-par-arjohuntleigh\/","og_locale":"fr_FR","og_type":"article","og_title":"Le l\u00e9ve-personnes maxi 500 par arjohuntleigh - Canada Care Medical","og_description":"Une aide aux transferts s\u00e9curitaire, confortable et facile \u00e0 utiliser, m\u00eame pour une personne seule administrant les soins. Le l\u00e8ve-personnes Maxi 500 fournit une solution tout indiqu\u00e9e pour tous vos besoins de levage au quotidien. Gr\u00e2ce \u00e0 la vitesse et la douceur de l\u2019action de levage, la personne lev\u00e9e se sent en s\u00e9curit\u00e9","og_url":"https:\/\/canadacaremedical.com\/fr\/product\/produits-daccessibilite\/leves-personnes\/le-leve-personnes-maxi-500-par-arjohuntleigh\/","og_site_name":"Canada Care Medical","article_modified_time":"2021-03-16T09:19:44+00:00","og_image":[{"width":260,"height":215,"url":"https:\/\/canadacaremedical.com\/wp-content\/uploads\/2019\/01\/Arjohuntleigh-Maxi-500260x215-1.jpg","type":"image\/jpeg"}],"twitter_card":"summary_large_image","schema":{"@context":"https:\/\/schema.org","@graph":[{"@type":"WebPage","@id":"https:\/\/canadacaremedical.com\/fr\/product\/produits-daccessibilite\/leves-personnes\/le-leve-personnes-maxi-500-par-arjohuntleigh\/","url":"https:\/\/canadacaremedical.com\/fr\/product\/produits-daccessibilite\/leves-personnes\/le-leve-personnes-maxi-500-par-arjohuntleigh\/","name":"Le l\u00e9ve-personnes maxi 500 par arjohuntleigh - Canada Care Medical","isPartOf":{"@id":"https:\/\/canadacaremedical.com\/#website"},"primaryImageOfPage":{"@id":"https:\/\/canadacaremedical.com\/fr\/product\/produits-daccessibilite\/leves-personnes\/le-leve-personnes-maxi-500-par-arjohuntleigh\/#primaryimage"},"image":{"@id":"https:\/\/canadacaremedical.com\/fr\/product\/produits-daccessibilite\/leves-personnes\/le-leve-personnes-maxi-500-par-arjohuntleigh\/#primaryimage"},"thumbnailUrl":"https:\/\/canadacaremedical.com\/wp-content\/uploads\/2019\/01\/Arjohuntleigh-Maxi-500260x215-1.jpg","datePublished":"2019-01-02T09:15:06+00:00","dateModified":"2021-03-16T09:19:44+00:00","breadcrumb":{"@id":"https:\/\/canadacaremedical.com\/fr\/product\/produits-daccessibilite\/leves-personnes\/le-leve-personnes-maxi-500-par-arjohuntleigh\/#breadcrumb"},"inLanguage":"fr-FR","potentialAction":[{"@type":"ReadAction","target":["https:\/\/canadacaremedical.com\/fr\/product\/produits-daccessibilite\/leves-personnes\/le-leve-personnes-maxi-500-par-arjohuntleigh\/"]}]},{"@type":"ImageObject","inLanguage":"fr-FR","@id":"https:\/\/canadacaremedical.com\/fr\/product\/produits-daccessibilite\/leves-personnes\/le-leve-personnes-maxi-500-par-arjohuntleigh\/#primaryimage","url":"https:\/\/canadacaremedical.com\/wp-content\/uploads\/2019\/01\/Arjohuntleigh-Maxi-500260x215-1.jpg","contentUrl":"https:\/\/canadacaremedical.com\/wp-content\/uploads\/2019\/01\/Arjohuntleigh-Maxi-500260x215-1.jpg","width":260,"height":215,"caption":"LE L\u00c8VE-PERSONNES MAXI 500 PAR ARJOHUNTLEIGH"},{"@type":"BreadcrumbList","@id":"https:\/\/canadacaremedical.com\/fr\/product\/produits-daccessibilite\/leves-personnes\/le-leve-personnes-maxi-500-par-arjohuntleigh\/#breadcrumb","itemListElement":[{"@type":"ListItem","position":1,"name":"Home","item":"https:\/\/canadacaremedical.com\/fr\/"},{"@type":"ListItem","position":2,"name":"FIRST AID","item":"https:\/\/canadacaremedical.com\/?page_id=1227"},{"@type":"ListItem","position":3,"name":"LE L\u00c8VE-PERSONNES MAXI 500 PAR ARJOHUNTLEIGH"}]},{"@type":"WebSite","@id":"https:\/\/canadacaremedical.com\/#website","url":"https:\/\/canadacaremedical.com\/","name":"Canada Care Medical","description":"","publisher":{"@id":"https:\/\/canadacaremedical.com\/#organization"},"potentialAction":[{"@type":"SearchAction","target":{"@type":"EntryPoint","urlTemplate":"https:\/\/canadacaremedical.com\/?s={search_term_string}"},"query-input":{"@type":"PropertyValueSpecification","valueRequired":true,"valueName":"search_term_string"}}],"inLanguage":"fr-FR"},{"@type":"Organization","@id":"https:\/\/canadacaremedical.com\/#organization","name":"Canada Care Medical","url":"https:\/\/canadacaremedical.com\/","logo":{"@type":"ImageObject","inLanguage":"fr-FR","@id":"https:\/\/canadacaremedical.com\/#\/schema\/logo\/image\/","url":"https:\/\/canadacaremedical.com\/wp-content\/uploads\/2022\/04\/cropped-CCM-an-NSM-company-website-vertical-no-50-1.png","contentUrl":"https:\/\/canadacaremedical.com\/wp-content\/uploads\/2022\/04\/cropped-CCM-an-NSM-company-website-vertical-no-50-1.png","width":500,"height":181,"caption":"Canada Care Medical"},"image":{"@id":"https:\/\/canadacaremedical.com\/#\/schema\/logo\/image\/"}}]}},"jetpack_sharing_enabled":true,"_links":{"self":[{"href":"https:\/\/canadacaremedical.com\/fr\/wp-json\/wp\/v2\/product\/794","targetHints":{"allow":["GET"]}}],"collection":[{"href":"https:\/\/canadacaremedical.com\/fr\/wp-json\/wp\/v2\/product"}],"about":[{"href":"https:\/\/canadacaremedical.com\/fr\/wp-json\/wp\/v2\/types\/product"}],"wp:featuredmedia":[{"embeddable":true,"href":"https:\/\/canadacaremedical.com\/fr\/wp-json\/wp\/v2\/media\/2442"}],"wp:attachment":[{"href":"https:\/\/canadacaremedical.com\/fr\/wp-json\/wp\/v2\/media?parent=794"}],"wp:term":[{"taxonomy":"product_brand","embeddable":true,"href":"https:\/\/canadacaremedical.com\/fr\/wp-json\/wp\/v2\/product_brand?post=794"},{"taxonomy":"product_cat","embeddable":true,"href":"https:\/\/canadacaremedical.com\/fr\/wp-json\/wp\/v2\/product_cat?post=794"},{"taxonomy":"product_tag","embeddable":true,"href":"https:\/\/canadacaremedical.com\/fr\/wp-json\/wp\/v2\/product_tag?post=794"}],"curies":[{"name":"wp","href":"https:\/\/api.w.org\/{rel}","templated":true}]}}