{"id":804,"date":"2019-01-02T09:23:50","date_gmt":"2019-01-02T09:23:50","guid":{"rendered":"\/?post_type=product&#038;p=804"},"modified":"2021-03-16T10:05:06","modified_gmt":"2021-03-16T10:05:06","slug":"le-monte-escaliers-courbe-bruno","status":"publish","type":"product","link":"https:\/\/canadacaremedical.com\/fr\/product\/produits-daccessibilite\/monte-escaliers\/le-monte-escaliers-courbe-bruno\/","title":{"rendered":"LE MONTE-ESCALIERS COURBE BRUNO"},"content":{"rendered":"","protected":false},"excerpt":{"rendered":"<h2><strong>Du sur-mesure construit pour votre maison unique.<\/strong><\/h2>\n<p>C&rsquo;est un secret mal gard\u00e9 que la plupart des gens pr\u00e9f\u00e8rent rester dans leur maison, m\u00eame malgr\u00e9 certaines difficult\u00e9s \u00e0 se mouvoir. Chez Canada Care Medical, nous offrons \u00e0 nos clients deux excellentes options de la lign\u00e9e de produits de renomm\u00e9e mondiale Bruno. Ces monte-escaliers sont reconnus pour \u00eatre ultra fiables et s\u00e9curitaire \u00e0 utiliser.<\/p>\n","protected":false},"featured_media":5935,"template":"","meta":[],"product_brand":[],"product_cat":[107],"product_tag":[],"class_list":{"0":"post-804","1":"product","2":"type-product","3":"status-publish","4":"has-post-thumbnail","6":"product_cat-monte-escaliers","8":"first","9":"instock","10":"shipping-taxable","11":"purchasable","12":"product-type-simple"},"yoast_head":"<!-- This site is optimized with the Yoast SEO plugin v27.4 - https:\/\/yoast.com\/product\/yoast-seo-wordpress\/ -->\n<title>Le monte-escaliers courbe bruno - Canada Care Medical<\/title>\n<meta name=\"robots\" content=\"index, follow, max-snippet:-1, max-image-preview:large, max-video-preview:-1\" \/>\n<link rel=\"canonical\" href=\"https:\/\/canadacaremedical.com\/fr\/product\/produits-daccessibilite\/monte-escaliers\/le-monte-escaliers-courbe-bruno\/\" \/>\n<meta property=\"og:locale\" content=\"fr_FR\" \/>\n<meta property=\"og:type\" content=\"article\" \/>\n<meta property=\"og:title\" content=\"Le monte-escaliers courbe bruno - Canada Care Medical\" \/>\n<meta property=\"og:description\" content=\"Du sur-mesure construit pour votre maison unique. C&#039;est un secret mal gard\u00e9 que la plupart des gens pr\u00e9f\u00e8rent rester dans leur maison, m\u00eame malgr\u00e9 certaines difficult\u00e9s \u00e0 se mouvoir. Chez Canada Care Medical, nous offrons \u00e0 nos clients deux excellentes options de la lign\u00e9e de produits de renomm\u00e9e mondiale Bruno. Ces monte-escaliers sont reconnus pour \u00eatre ultra fiables et s\u00e9curitaire \u00e0 utiliser.\" \/>\n<meta property=\"og:url\" content=\"https:\/\/canadacaremedical.com\/fr\/product\/produits-daccessibilite\/monte-escaliers\/le-monte-escaliers-courbe-bruno\/\" \/>\n<meta property=\"og:site_name\" content=\"Canada Care Medical\" \/>\n<meta property=\"article:modified_time\" content=\"2021-03-16T10:05:06+00:00\" \/>\n<meta property=\"og:image\" content=\"https:\/\/canadacaremedical.com\/wp-content\/uploads\/2019\/05\/website-gabarit.jpg\" \/>\n\t<meta property=\"og:image:width\" content=\"260\" \/>\n\t<meta property=\"og:image:height\" content=\"215\" \/>\n\t<meta property=\"og:image:type\" content=\"image\/jpeg\" \/>\n<meta name=\"twitter:card\" content=\"summary_large_image\" \/>\n<script type=\"application\/ld+json\" class=\"yoast-schema-graph\">{\"@context\":\"https:\\\/\\\/schema.org\",\"@graph\":[{\"@type\":\"WebPage\",\"@id\":\"https:\\\/\\\/canadacaremedical.com\\\/fr\\\/product\\\/produits-daccessibilite\\\/monte-escaliers\\\/le-monte-escaliers-courbe-bruno\\\/\",\"url\":\"https:\\\/\\\/canadacaremedical.com\\\/fr\\\/product\\\/produits-daccessibilite\\\/monte-escaliers\\\/le-monte-escaliers-courbe-bruno\\\/\",\"name\":\"Le monte-escaliers courbe bruno - Canada Care Medical\",\"isPartOf\":{\"@id\":\"https:\\\/\\\/canadacaremedical.com\\\/#website\"},\"primaryImageOfPage\":{\"@id\":\"https:\\\/\\\/canadacaremedical.com\\\/fr\\\/product\\\/produits-daccessibilite\\\/monte-escaliers\\\/le-monte-escaliers-courbe-bruno\\\/#primaryimage\"},\"image\":{\"@id\":\"https:\\\/\\\/canadacaremedical.com\\\/fr\\\/product\\\/produits-daccessibilite\\\/monte-escaliers\\\/le-monte-escaliers-courbe-bruno\\\/#primaryimage\"},\"thumbnailUrl\":\"https:\\\/\\\/canadacaremedical.com\\\/wp-content\\\/uploads\\\/2019\\\/05\\\/website-gabarit.jpg\",\"datePublished\":\"2019-01-02T09:23:50+00:00\",\"dateModified\":\"2021-03-16T10:05:06+00:00\",\"breadcrumb\":{\"@id\":\"https:\\\/\\\/canadacaremedical.com\\\/fr\\\/product\\\/produits-daccessibilite\\\/monte-escaliers\\\/le-monte-escaliers-courbe-bruno\\\/#breadcrumb\"},\"inLanguage\":\"fr-FR\",\"potentialAction\":[{\"@type\":\"ReadAction\",\"target\":[\"https:\\\/\\\/canadacaremedical.com\\\/fr\\\/product\\\/produits-daccessibilite\\\/monte-escaliers\\\/le-monte-escaliers-courbe-bruno\\\/\"]}]},{\"@type\":\"ImageObject\",\"inLanguage\":\"fr-FR\",\"@id\":\"https:\\\/\\\/canadacaremedical.com\\\/fr\\\/product\\\/produits-daccessibilite\\\/monte-escaliers\\\/le-monte-escaliers-courbe-bruno\\\/#primaryimage\",\"url\":\"https:\\\/\\\/canadacaremedical.com\\\/wp-content\\\/uploads\\\/2019\\\/05\\\/website-gabarit.jpg\",\"contentUrl\":\"https:\\\/\\\/canadacaremedical.com\\\/wp-content\\\/uploads\\\/2019\\\/05\\\/website-gabarit.jpg\",\"width\":260,\"height\":215,\"caption\":\"Curved Bruno Stair Lift\"},{\"@type\":\"BreadcrumbList\",\"@id\":\"https:\\\/\\\/canadacaremedical.com\\\/fr\\\/product\\\/produits-daccessibilite\\\/monte-escaliers\\\/le-monte-escaliers-courbe-bruno\\\/#breadcrumb\",\"itemListElement\":[{\"@type\":\"ListItem\",\"position\":1,\"name\":\"Home\",\"item\":\"https:\\\/\\\/canadacaremedical.com\\\/fr\\\/\"},{\"@type\":\"ListItem\",\"position\":2,\"name\":\"FIRST AID\",\"item\":\"https:\\\/\\\/canadacaremedical.com\\\/?page_id=1227\"},{\"@type\":\"ListItem\",\"position\":3,\"name\":\"LE MONTE-ESCALIERS COURBE BRUNO\"}]},{\"@type\":\"WebSite\",\"@id\":\"https:\\\/\\\/canadacaremedical.com\\\/#website\",\"url\":\"https:\\\/\\\/canadacaremedical.com\\\/\",\"name\":\"Canada Care Medical\",\"description\":\"\",\"publisher\":{\"@id\":\"https:\\\/\\\/canadacaremedical.com\\\/#organization\"},\"potentialAction\":[{\"@type\":\"SearchAction\",\"target\":{\"@type\":\"EntryPoint\",\"urlTemplate\":\"https:\\\/\\\/canadacaremedical.com\\\/?s={search_term_string}\"},\"query-input\":{\"@type\":\"PropertyValueSpecification\",\"valueRequired\":true,\"valueName\":\"search_term_string\"}}],\"inLanguage\":\"fr-FR\"},{\"@type\":\"Organization\",\"@id\":\"https:\\\/\\\/canadacaremedical.com\\\/#organization\",\"name\":\"Canada Care Medical\",\"url\":\"https:\\\/\\\/canadacaremedical.com\\\/\",\"logo\":{\"@type\":\"ImageObject\",\"inLanguage\":\"fr-FR\",\"@id\":\"https:\\\/\\\/canadacaremedical.com\\\/#\\\/schema\\\/logo\\\/image\\\/\",\"url\":\"https:\\\/\\\/canadacaremedical.com\\\/wp-content\\\/uploads\\\/2022\\\/04\\\/cropped-CCM-an-NSM-company-website-vertical-no-50-1.png\",\"contentUrl\":\"https:\\\/\\\/canadacaremedical.com\\\/wp-content\\\/uploads\\\/2022\\\/04\\\/cropped-CCM-an-NSM-company-website-vertical-no-50-1.png\",\"width\":500,\"height\":181,\"caption\":\"Canada Care Medical\"},\"image\":{\"@id\":\"https:\\\/\\\/canadacaremedical.com\\\/#\\\/schema\\\/logo\\\/image\\\/\"}}]}<\/script>\n<!-- \/ Yoast SEO plugin. -->","yoast_head_json":{"title":"Le monte-escaliers courbe bruno - Canada Care Medical","robots":{"index":"index","follow":"follow","max-snippet":"max-snippet:-1","max-image-preview":"max-image-preview:large","max-video-preview":"max-video-preview:-1"},"canonical":"https:\/\/canadacaremedical.com\/fr\/product\/produits-daccessibilite\/monte-escaliers\/le-monte-escaliers-courbe-bruno\/","og_locale":"fr_FR","og_type":"article","og_title":"Le monte-escaliers courbe bruno - Canada Care Medical","og_description":"Du sur-mesure construit pour votre maison unique. C'est un secret mal gard\u00e9 que la plupart des gens pr\u00e9f\u00e8rent rester dans leur maison, m\u00eame malgr\u00e9 certaines difficult\u00e9s \u00e0 se mouvoir. Chez Canada Care Medical, nous offrons \u00e0 nos clients deux excellentes options de la lign\u00e9e de produits de renomm\u00e9e mondiale Bruno. Ces monte-escaliers sont reconnus pour \u00eatre ultra fiables et s\u00e9curitaire \u00e0 utiliser.","og_url":"https:\/\/canadacaremedical.com\/fr\/product\/produits-daccessibilite\/monte-escaliers\/le-monte-escaliers-courbe-bruno\/","og_site_name":"Canada Care Medical","article_modified_time":"2021-03-16T10:05:06+00:00","og_image":[{"width":260,"height":215,"url":"https:\/\/canadacaremedical.com\/wp-content\/uploads\/2019\/05\/website-gabarit.jpg","type":"image\/jpeg"}],"twitter_card":"summary_large_image","schema":{"@context":"https:\/\/schema.org","@graph":[{"@type":"WebPage","@id":"https:\/\/canadacaremedical.com\/fr\/product\/produits-daccessibilite\/monte-escaliers\/le-monte-escaliers-courbe-bruno\/","url":"https:\/\/canadacaremedical.com\/fr\/product\/produits-daccessibilite\/monte-escaliers\/le-monte-escaliers-courbe-bruno\/","name":"Le monte-escaliers courbe bruno - Canada Care Medical","isPartOf":{"@id":"https:\/\/canadacaremedical.com\/#website"},"primaryImageOfPage":{"@id":"https:\/\/canadacaremedical.com\/fr\/product\/produits-daccessibilite\/monte-escaliers\/le-monte-escaliers-courbe-bruno\/#primaryimage"},"image":{"@id":"https:\/\/canadacaremedical.com\/fr\/product\/produits-daccessibilite\/monte-escaliers\/le-monte-escaliers-courbe-bruno\/#primaryimage"},"thumbnailUrl":"https:\/\/canadacaremedical.com\/wp-content\/uploads\/2019\/05\/website-gabarit.jpg","datePublished":"2019-01-02T09:23:50+00:00","dateModified":"2021-03-16T10:05:06+00:00","breadcrumb":{"@id":"https:\/\/canadacaremedical.com\/fr\/product\/produits-daccessibilite\/monte-escaliers\/le-monte-escaliers-courbe-bruno\/#breadcrumb"},"inLanguage":"fr-FR","potentialAction":[{"@type":"ReadAction","target":["https:\/\/canadacaremedical.com\/fr\/product\/produits-daccessibilite\/monte-escaliers\/le-monte-escaliers-courbe-bruno\/"]}]},{"@type":"ImageObject","inLanguage":"fr-FR","@id":"https:\/\/canadacaremedical.com\/fr\/product\/produits-daccessibilite\/monte-escaliers\/le-monte-escaliers-courbe-bruno\/#primaryimage","url":"https:\/\/canadacaremedical.com\/wp-content\/uploads\/2019\/05\/website-gabarit.jpg","contentUrl":"https:\/\/canadacaremedical.com\/wp-content\/uploads\/2019\/05\/website-gabarit.jpg","width":260,"height":215,"caption":"Curved Bruno Stair Lift"},{"@type":"BreadcrumbList","@id":"https:\/\/canadacaremedical.com\/fr\/product\/produits-daccessibilite\/monte-escaliers\/le-monte-escaliers-courbe-bruno\/#breadcrumb","itemListElement":[{"@type":"ListItem","position":1,"name":"Home","item":"https:\/\/canadacaremedical.com\/fr\/"},{"@type":"ListItem","position":2,"name":"FIRST AID","item":"https:\/\/canadacaremedical.com\/?page_id=1227"},{"@type":"ListItem","position":3,"name":"LE MONTE-ESCALIERS COURBE BRUNO"}]},{"@type":"WebSite","@id":"https:\/\/canadacaremedical.com\/#website","url":"https:\/\/canadacaremedical.com\/","name":"Canada Care Medical","description":"","publisher":{"@id":"https:\/\/canadacaremedical.com\/#organization"},"potentialAction":[{"@type":"SearchAction","target":{"@type":"EntryPoint","urlTemplate":"https:\/\/canadacaremedical.com\/?s={search_term_string}"},"query-input":{"@type":"PropertyValueSpecification","valueRequired":true,"valueName":"search_term_string"}}],"inLanguage":"fr-FR"},{"@type":"Organization","@id":"https:\/\/canadacaremedical.com\/#organization","name":"Canada Care Medical","url":"https:\/\/canadacaremedical.com\/","logo":{"@type":"ImageObject","inLanguage":"fr-FR","@id":"https:\/\/canadacaremedical.com\/#\/schema\/logo\/image\/","url":"https:\/\/canadacaremedical.com\/wp-content\/uploads\/2022\/04\/cropped-CCM-an-NSM-company-website-vertical-no-50-1.png","contentUrl":"https:\/\/canadacaremedical.com\/wp-content\/uploads\/2022\/04\/cropped-CCM-an-NSM-company-website-vertical-no-50-1.png","width":500,"height":181,"caption":"Canada Care Medical"},"image":{"@id":"https:\/\/canadacaremedical.com\/#\/schema\/logo\/image\/"}}]}},"jetpack_sharing_enabled":true,"_links":{"self":[{"href":"https:\/\/canadacaremedical.com\/fr\/wp-json\/wp\/v2\/product\/804","targetHints":{"allow":["GET"]}}],"collection":[{"href":"https:\/\/canadacaremedical.com\/fr\/wp-json\/wp\/v2\/product"}],"about":[{"href":"https:\/\/canadacaremedical.com\/fr\/wp-json\/wp\/v2\/types\/product"}],"wp:featuredmedia":[{"embeddable":true,"href":"https:\/\/canadacaremedical.com\/fr\/wp-json\/wp\/v2\/media\/5935"}],"wp:attachment":[{"href":"https:\/\/canadacaremedical.com\/fr\/wp-json\/wp\/v2\/media?parent=804"}],"wp:term":[{"taxonomy":"product_brand","embeddable":true,"href":"https:\/\/canadacaremedical.com\/fr\/wp-json\/wp\/v2\/product_brand?post=804"},{"taxonomy":"product_cat","embeddable":true,"href":"https:\/\/canadacaremedical.com\/fr\/wp-json\/wp\/v2\/product_cat?post=804"},{"taxonomy":"product_tag","embeddable":true,"href":"https:\/\/canadacaremedical.com\/fr\/wp-json\/wp\/v2\/product_tag?post=804"}],"curies":[{"name":"wp","href":"https:\/\/api.w.org\/{rel}","templated":true}]}}