{"id":810,"date":"2019-01-02T09:30:25","date_gmt":"2019-01-02T09:30:25","guid":{"rendered":"\/?post_type=product&#038;p=810"},"modified":"2021-03-16T10:04:03","modified_gmt":"2021-03-16T10:04:03","slug":"la-plate-forme-verticale-bruno","status":"publish","type":"product","link":"https:\/\/canadacaremedical.com\/fr\/product\/produits-daccessibilite\/plates-formes-elevatrices-pour-fauteuils-roulants\/la-plate-forme-verticale-bruno\/","title":{"rendered":"LA PLATE-FORME VERTICALE BRUNO"},"content":{"rendered":"","protected":false},"excerpt":{"rendered":"<h2><strong>Am\u00e9nagez votre espace et votre vie pour avoir de plus de libert\u00e9.<\/strong><\/h2>\n<p>Profitez un acc\u00e8s facile \u00e0 votre porche, \u00e0 votre galerie ou \u00e0 un \u00e9tage sup\u00e9rieur sans sacrifier beaucoup d\u2019espace \u00e0 l\u2019aide de la plate-forme verticale compacte de Bruno.<\/p>\n","protected":false},"featured_media":2471,"template":"","meta":[],"product_brand":[],"product_cat":[109],"product_tag":[],"class_list":{"0":"post-810","1":"product","2":"type-product","3":"status-publish","4":"has-post-thumbnail","6":"product_cat-plates-formes-elevatrices-pour-fauteuils-roulants","8":"first","9":"instock","10":"shipping-taxable","11":"purchasable","12":"product-type-simple"},"yoast_head":"<!-- This site is optimized with the Yoast SEO plugin v27.3 - https:\/\/yoast.com\/product\/yoast-seo-wordpress\/ -->\n<title>La plate-forme verticale bruno - Canada Care Medical<\/title>\n<meta name=\"robots\" content=\"index, follow, max-snippet:-1, max-image-preview:large, max-video-preview:-1\" \/>\n<link rel=\"canonical\" href=\"https:\/\/canadacaremedical.com\/fr\/product\/produits-daccessibilite\/plates-formes-elevatrices-pour-fauteuils-roulants\/la-plate-forme-verticale-bruno\/\" \/>\n<meta property=\"og:locale\" content=\"fr_FR\" \/>\n<meta property=\"og:type\" content=\"article\" \/>\n<meta property=\"og:title\" content=\"La plate-forme verticale bruno - Canada Care Medical\" \/>\n<meta property=\"og:description\" content=\"Am\u00e9nagez votre espace et votre vie pour avoir de plus de libert\u00e9. Profitez un acc\u00e8s facile \u00e0 votre porche, \u00e0 votre galerie ou \u00e0 un \u00e9tage sup\u00e9rieur sans sacrifier beaucoup d\u2019espace \u00e0 l\u2019aide de la plate-forme verticale compacte de Bruno.\" \/>\n<meta property=\"og:url\" content=\"https:\/\/canadacaremedical.com\/fr\/product\/produits-daccessibilite\/plates-formes-elevatrices-pour-fauteuils-roulants\/la-plate-forme-verticale-bruno\/\" \/>\n<meta property=\"og:site_name\" content=\"Canada Care Medical\" \/>\n<meta property=\"article:modified_time\" content=\"2021-03-16T10:04:03+00:00\" \/>\n<meta property=\"og:image\" content=\"https:\/\/canadacaremedical.com\/wp-content\/uploads\/2019\/01\/Bruno-Vertical-Platform-Lift260x215-1.jpg\" \/>\n\t<meta property=\"og:image:width\" content=\"260\" \/>\n\t<meta property=\"og:image:height\" content=\"215\" \/>\n\t<meta property=\"og:image:type\" content=\"image\/jpeg\" \/>\n<meta name=\"twitter:card\" content=\"summary_large_image\" \/>\n<script type=\"application\/ld+json\" class=\"yoast-schema-graph\">{\"@context\":\"https:\\\/\\\/schema.org\",\"@graph\":[{\"@type\":\"WebPage\",\"@id\":\"https:\\\/\\\/canadacaremedical.com\\\/fr\\\/product\\\/produits-daccessibilite\\\/plates-formes-elevatrices-pour-fauteuils-roulants\\\/la-plate-forme-verticale-bruno\\\/\",\"url\":\"https:\\\/\\\/canadacaremedical.com\\\/fr\\\/product\\\/produits-daccessibilite\\\/plates-formes-elevatrices-pour-fauteuils-roulants\\\/la-plate-forme-verticale-bruno\\\/\",\"name\":\"La plate-forme verticale bruno - Canada Care Medical\",\"isPartOf\":{\"@id\":\"https:\\\/\\\/canadacaremedical.com\\\/#website\"},\"primaryImageOfPage\":{\"@id\":\"https:\\\/\\\/canadacaremedical.com\\\/fr\\\/product\\\/produits-daccessibilite\\\/plates-formes-elevatrices-pour-fauteuils-roulants\\\/la-plate-forme-verticale-bruno\\\/#primaryimage\"},\"image\":{\"@id\":\"https:\\\/\\\/canadacaremedical.com\\\/fr\\\/product\\\/produits-daccessibilite\\\/plates-formes-elevatrices-pour-fauteuils-roulants\\\/la-plate-forme-verticale-bruno\\\/#primaryimage\"},\"thumbnailUrl\":\"https:\\\/\\\/canadacaremedical.com\\\/wp-content\\\/uploads\\\/2019\\\/01\\\/Bruno-Vertical-Platform-Lift260x215-1.jpg\",\"datePublished\":\"2019-01-02T09:30:25+00:00\",\"dateModified\":\"2021-03-16T10:04:03+00:00\",\"breadcrumb\":{\"@id\":\"https:\\\/\\\/canadacaremedical.com\\\/fr\\\/product\\\/produits-daccessibilite\\\/plates-formes-elevatrices-pour-fauteuils-roulants\\\/la-plate-forme-verticale-bruno\\\/#breadcrumb\"},\"inLanguage\":\"fr-FR\",\"potentialAction\":[{\"@type\":\"ReadAction\",\"target\":[\"https:\\\/\\\/canadacaremedical.com\\\/fr\\\/product\\\/produits-daccessibilite\\\/plates-formes-elevatrices-pour-fauteuils-roulants\\\/la-plate-forme-verticale-bruno\\\/\"]}]},{\"@type\":\"ImageObject\",\"inLanguage\":\"fr-FR\",\"@id\":\"https:\\\/\\\/canadacaremedical.com\\\/fr\\\/product\\\/produits-daccessibilite\\\/plates-formes-elevatrices-pour-fauteuils-roulants\\\/la-plate-forme-verticale-bruno\\\/#primaryimage\",\"url\":\"https:\\\/\\\/canadacaremedical.com\\\/wp-content\\\/uploads\\\/2019\\\/01\\\/Bruno-Vertical-Platform-Lift260x215-1.jpg\",\"contentUrl\":\"https:\\\/\\\/canadacaremedical.com\\\/wp-content\\\/uploads\\\/2019\\\/01\\\/Bruno-Vertical-Platform-Lift260x215-1.jpg\",\"width\":260,\"height\":215,\"caption\":\"Manufacturer Specifications PDF LA PLATE-FORME VERTICALE BRUNO\"},{\"@type\":\"BreadcrumbList\",\"@id\":\"https:\\\/\\\/canadacaremedical.com\\\/fr\\\/product\\\/produits-daccessibilite\\\/plates-formes-elevatrices-pour-fauteuils-roulants\\\/la-plate-forme-verticale-bruno\\\/#breadcrumb\",\"itemListElement\":[{\"@type\":\"ListItem\",\"position\":1,\"name\":\"Home\",\"item\":\"https:\\\/\\\/canadacaremedical.com\\\/fr\\\/\"},{\"@type\":\"ListItem\",\"position\":2,\"name\":\"FIRST AID\",\"item\":\"https:\\\/\\\/canadacaremedical.com\\\/?page_id=1227\"},{\"@type\":\"ListItem\",\"position\":3,\"name\":\"LA PLATE-FORME VERTICALE BRUNO\"}]},{\"@type\":\"WebSite\",\"@id\":\"https:\\\/\\\/canadacaremedical.com\\\/#website\",\"url\":\"https:\\\/\\\/canadacaremedical.com\\\/\",\"name\":\"Canada Care Medical\",\"description\":\"\",\"publisher\":{\"@id\":\"https:\\\/\\\/canadacaremedical.com\\\/#organization\"},\"potentialAction\":[{\"@type\":\"SearchAction\",\"target\":{\"@type\":\"EntryPoint\",\"urlTemplate\":\"https:\\\/\\\/canadacaremedical.com\\\/?s={search_term_string}\"},\"query-input\":{\"@type\":\"PropertyValueSpecification\",\"valueRequired\":true,\"valueName\":\"search_term_string\"}}],\"inLanguage\":\"fr-FR\"},{\"@type\":\"Organization\",\"@id\":\"https:\\\/\\\/canadacaremedical.com\\\/#organization\",\"name\":\"Canada Care Medical\",\"url\":\"https:\\\/\\\/canadacaremedical.com\\\/\",\"logo\":{\"@type\":\"ImageObject\",\"inLanguage\":\"fr-FR\",\"@id\":\"https:\\\/\\\/canadacaremedical.com\\\/#\\\/schema\\\/logo\\\/image\\\/\",\"url\":\"https:\\\/\\\/canadacaremedical.com\\\/wp-content\\\/uploads\\\/2022\\\/04\\\/cropped-CCM-an-NSM-company-website-vertical-no-50-1.png\",\"contentUrl\":\"https:\\\/\\\/canadacaremedical.com\\\/wp-content\\\/uploads\\\/2022\\\/04\\\/cropped-CCM-an-NSM-company-website-vertical-no-50-1.png\",\"width\":500,\"height\":181,\"caption\":\"Canada Care Medical\"},\"image\":{\"@id\":\"https:\\\/\\\/canadacaremedical.com\\\/#\\\/schema\\\/logo\\\/image\\\/\"}}]}<\/script>\n<!-- \/ Yoast SEO plugin. -->","yoast_head_json":{"title":"La plate-forme verticale bruno - Canada Care Medical","robots":{"index":"index","follow":"follow","max-snippet":"max-snippet:-1","max-image-preview":"max-image-preview:large","max-video-preview":"max-video-preview:-1"},"canonical":"https:\/\/canadacaremedical.com\/fr\/product\/produits-daccessibilite\/plates-formes-elevatrices-pour-fauteuils-roulants\/la-plate-forme-verticale-bruno\/","og_locale":"fr_FR","og_type":"article","og_title":"La plate-forme verticale bruno - Canada Care Medical","og_description":"Am\u00e9nagez votre espace et votre vie pour avoir de plus de libert\u00e9. Profitez un acc\u00e8s facile \u00e0 votre porche, \u00e0 votre galerie ou \u00e0 un \u00e9tage sup\u00e9rieur sans sacrifier beaucoup d\u2019espace \u00e0 l\u2019aide de la plate-forme verticale compacte de Bruno.","og_url":"https:\/\/canadacaremedical.com\/fr\/product\/produits-daccessibilite\/plates-formes-elevatrices-pour-fauteuils-roulants\/la-plate-forme-verticale-bruno\/","og_site_name":"Canada Care Medical","article_modified_time":"2021-03-16T10:04:03+00:00","og_image":[{"width":260,"height":215,"url":"https:\/\/canadacaremedical.com\/wp-content\/uploads\/2019\/01\/Bruno-Vertical-Platform-Lift260x215-1.jpg","type":"image\/jpeg"}],"twitter_card":"summary_large_image","schema":{"@context":"https:\/\/schema.org","@graph":[{"@type":"WebPage","@id":"https:\/\/canadacaremedical.com\/fr\/product\/produits-daccessibilite\/plates-formes-elevatrices-pour-fauteuils-roulants\/la-plate-forme-verticale-bruno\/","url":"https:\/\/canadacaremedical.com\/fr\/product\/produits-daccessibilite\/plates-formes-elevatrices-pour-fauteuils-roulants\/la-plate-forme-verticale-bruno\/","name":"La plate-forme verticale bruno - Canada Care Medical","isPartOf":{"@id":"https:\/\/canadacaremedical.com\/#website"},"primaryImageOfPage":{"@id":"https:\/\/canadacaremedical.com\/fr\/product\/produits-daccessibilite\/plates-formes-elevatrices-pour-fauteuils-roulants\/la-plate-forme-verticale-bruno\/#primaryimage"},"image":{"@id":"https:\/\/canadacaremedical.com\/fr\/product\/produits-daccessibilite\/plates-formes-elevatrices-pour-fauteuils-roulants\/la-plate-forme-verticale-bruno\/#primaryimage"},"thumbnailUrl":"https:\/\/canadacaremedical.com\/wp-content\/uploads\/2019\/01\/Bruno-Vertical-Platform-Lift260x215-1.jpg","datePublished":"2019-01-02T09:30:25+00:00","dateModified":"2021-03-16T10:04:03+00:00","breadcrumb":{"@id":"https:\/\/canadacaremedical.com\/fr\/product\/produits-daccessibilite\/plates-formes-elevatrices-pour-fauteuils-roulants\/la-plate-forme-verticale-bruno\/#breadcrumb"},"inLanguage":"fr-FR","potentialAction":[{"@type":"ReadAction","target":["https:\/\/canadacaremedical.com\/fr\/product\/produits-daccessibilite\/plates-formes-elevatrices-pour-fauteuils-roulants\/la-plate-forme-verticale-bruno\/"]}]},{"@type":"ImageObject","inLanguage":"fr-FR","@id":"https:\/\/canadacaremedical.com\/fr\/product\/produits-daccessibilite\/plates-formes-elevatrices-pour-fauteuils-roulants\/la-plate-forme-verticale-bruno\/#primaryimage","url":"https:\/\/canadacaremedical.com\/wp-content\/uploads\/2019\/01\/Bruno-Vertical-Platform-Lift260x215-1.jpg","contentUrl":"https:\/\/canadacaremedical.com\/wp-content\/uploads\/2019\/01\/Bruno-Vertical-Platform-Lift260x215-1.jpg","width":260,"height":215,"caption":"Manufacturer Specifications PDF LA PLATE-FORME VERTICALE BRUNO"},{"@type":"BreadcrumbList","@id":"https:\/\/canadacaremedical.com\/fr\/product\/produits-daccessibilite\/plates-formes-elevatrices-pour-fauteuils-roulants\/la-plate-forme-verticale-bruno\/#breadcrumb","itemListElement":[{"@type":"ListItem","position":1,"name":"Home","item":"https:\/\/canadacaremedical.com\/fr\/"},{"@type":"ListItem","position":2,"name":"FIRST AID","item":"https:\/\/canadacaremedical.com\/?page_id=1227"},{"@type":"ListItem","position":3,"name":"LA PLATE-FORME VERTICALE BRUNO"}]},{"@type":"WebSite","@id":"https:\/\/canadacaremedical.com\/#website","url":"https:\/\/canadacaremedical.com\/","name":"Canada Care Medical","description":"","publisher":{"@id":"https:\/\/canadacaremedical.com\/#organization"},"potentialAction":[{"@type":"SearchAction","target":{"@type":"EntryPoint","urlTemplate":"https:\/\/canadacaremedical.com\/?s={search_term_string}"},"query-input":{"@type":"PropertyValueSpecification","valueRequired":true,"valueName":"search_term_string"}}],"inLanguage":"fr-FR"},{"@type":"Organization","@id":"https:\/\/canadacaremedical.com\/#organization","name":"Canada Care Medical","url":"https:\/\/canadacaremedical.com\/","logo":{"@type":"ImageObject","inLanguage":"fr-FR","@id":"https:\/\/canadacaremedical.com\/#\/schema\/logo\/image\/","url":"https:\/\/canadacaremedical.com\/wp-content\/uploads\/2022\/04\/cropped-CCM-an-NSM-company-website-vertical-no-50-1.png","contentUrl":"https:\/\/canadacaremedical.com\/wp-content\/uploads\/2022\/04\/cropped-CCM-an-NSM-company-website-vertical-no-50-1.png","width":500,"height":181,"caption":"Canada Care Medical"},"image":{"@id":"https:\/\/canadacaremedical.com\/#\/schema\/logo\/image\/"}}]}},"jetpack_sharing_enabled":true,"_links":{"self":[{"href":"https:\/\/canadacaremedical.com\/fr\/wp-json\/wp\/v2\/product\/810","targetHints":{"allow":["GET"]}}],"collection":[{"href":"https:\/\/canadacaremedical.com\/fr\/wp-json\/wp\/v2\/product"}],"about":[{"href":"https:\/\/canadacaremedical.com\/fr\/wp-json\/wp\/v2\/types\/product"}],"wp:featuredmedia":[{"embeddable":true,"href":"https:\/\/canadacaremedical.com\/fr\/wp-json\/wp\/v2\/media\/2471"}],"wp:attachment":[{"href":"https:\/\/canadacaremedical.com\/fr\/wp-json\/wp\/v2\/media?parent=810"}],"wp:term":[{"taxonomy":"product_brand","embeddable":true,"href":"https:\/\/canadacaremedical.com\/fr\/wp-json\/wp\/v2\/product_brand?post=810"},{"taxonomy":"product_cat","embeddable":true,"href":"https:\/\/canadacaremedical.com\/fr\/wp-json\/wp\/v2\/product_cat?post=810"},{"taxonomy":"product_tag","embeddable":true,"href":"https:\/\/canadacaremedical.com\/fr\/wp-json\/wp\/v2\/product_tag?post=810"}],"curies":[{"name":"wp","href":"https:\/\/api.w.org\/{rel}","templated":true}]}}