{"id":814,"date":"2019-01-02T09:34:00","date_gmt":"2019-01-02T09:34:00","guid":{"rendered":"\/?post_type=product&#038;p=814"},"modified":"2021-03-16T08:52:46","modified_gmt":"2021-03-16T08:52:46","slug":"systeme-de-rails-au-plafond-arjohuntleigh","status":"publish","type":"product","link":"https:\/\/canadacaremedical.com\/fr\/product\/produits-daccessibilite\/rails-au-plafond\/systeme-de-rails-au-plafond-arjohuntleigh\/","title":{"rendered":"SYST\u00c8ME DE RAILS AU PLAFOND ARJOHUNTLEIGH"},"content":{"rendered":"","protected":false},"excerpt":{"rendered":"<h2><strong>Syst\u00e8me de rails au plafond versatile pouvant r\u00e9pondre \u00e0 tous vos besoins de lev\u00e9es sur plusieurs axes.<\/strong><\/h2>\n<p>Canada Care Medical peut vous mettre au point un syst\u00e8me de rails au plafond parfaitement adapt\u00e9 \u00e0 vos besoins et espace au moyen des produits Arjohuntleigh.<\/p>\n","protected":false},"featured_media":2434,"template":"","meta":[],"product_brand":[],"product_cat":[105],"product_tag":[],"class_list":{"0":"post-814","1":"product","2":"type-product","3":"status-publish","4":"has-post-thumbnail","6":"product_cat-rails-au-plafond","8":"first","9":"instock","10":"shipping-taxable","11":"purchasable","12":"product-type-simple"},"yoast_head":"<!-- This site is optimized with the Yoast SEO plugin v27.3 - https:\/\/yoast.com\/product\/yoast-seo-wordpress\/ -->\n<title>Syst\u00e8me de rails au plafond arjohuntleigh - Canada Care Medical<\/title>\n<meta name=\"robots\" content=\"index, follow, max-snippet:-1, max-image-preview:large, max-video-preview:-1\" \/>\n<link rel=\"canonical\" href=\"https:\/\/canadacaremedical.com\/fr\/product\/produits-daccessibilite\/rails-au-plafond\/systeme-de-rails-au-plafond-arjohuntleigh\/\" \/>\n<meta property=\"og:locale\" content=\"fr_FR\" \/>\n<meta property=\"og:type\" content=\"article\" \/>\n<meta property=\"og:title\" content=\"Syst\u00e8me de rails au plafond arjohuntleigh - Canada Care Medical\" \/>\n<meta property=\"og:description\" content=\"Syst\u00e8me de rails au plafond versatile pouvant r\u00e9pondre \u00e0 tous vos besoins de lev\u00e9es sur plusieurs axes. Canada Care Medical peut vous mettre au point un syst\u00e8me de rails au plafond parfaitement adapt\u00e9 \u00e0 vos besoins et espace au moyen des produits Arjohuntleigh.\" \/>\n<meta property=\"og:url\" content=\"https:\/\/canadacaremedical.com\/fr\/product\/produits-daccessibilite\/rails-au-plafond\/systeme-de-rails-au-plafond-arjohuntleigh\/\" \/>\n<meta property=\"og:site_name\" content=\"Canada Care Medical\" \/>\n<meta property=\"article:modified_time\" content=\"2021-03-16T08:52:46+00:00\" \/>\n<meta property=\"og:image\" content=\"https:\/\/canadacaremedical.com\/wp-content\/uploads\/2019\/01\/Arjohuntleigh-Ceilling-Track260x215-1.jpg\" \/>\n\t<meta property=\"og:image:width\" content=\"260\" \/>\n\t<meta property=\"og:image:height\" content=\"215\" \/>\n\t<meta property=\"og:image:type\" content=\"image\/jpeg\" \/>\n<meta name=\"twitter:card\" content=\"summary_large_image\" \/>\n<script type=\"application\/ld+json\" class=\"yoast-schema-graph\">{\"@context\":\"https:\\\/\\\/schema.org\",\"@graph\":[{\"@type\":\"WebPage\",\"@id\":\"https:\\\/\\\/canadacaremedical.com\\\/fr\\\/product\\\/produits-daccessibilite\\\/rails-au-plafond\\\/systeme-de-rails-au-plafond-arjohuntleigh\\\/\",\"url\":\"https:\\\/\\\/canadacaremedical.com\\\/fr\\\/product\\\/produits-daccessibilite\\\/rails-au-plafond\\\/systeme-de-rails-au-plafond-arjohuntleigh\\\/\",\"name\":\"Syst\u00e8me de rails au plafond arjohuntleigh - Canada Care Medical\",\"isPartOf\":{\"@id\":\"https:\\\/\\\/canadacaremedical.com\\\/#website\"},\"primaryImageOfPage\":{\"@id\":\"https:\\\/\\\/canadacaremedical.com\\\/fr\\\/product\\\/produits-daccessibilite\\\/rails-au-plafond\\\/systeme-de-rails-au-plafond-arjohuntleigh\\\/#primaryimage\"},\"image\":{\"@id\":\"https:\\\/\\\/canadacaremedical.com\\\/fr\\\/product\\\/produits-daccessibilite\\\/rails-au-plafond\\\/systeme-de-rails-au-plafond-arjohuntleigh\\\/#primaryimage\"},\"thumbnailUrl\":\"https:\\\/\\\/canadacaremedical.com\\\/wp-content\\\/uploads\\\/2019\\\/01\\\/Arjohuntleigh-Ceilling-Track260x215-1.jpg\",\"datePublished\":\"2019-01-02T09:34:00+00:00\",\"dateModified\":\"2021-03-16T08:52:46+00:00\",\"breadcrumb\":{\"@id\":\"https:\\\/\\\/canadacaremedical.com\\\/fr\\\/product\\\/produits-daccessibilite\\\/rails-au-plafond\\\/systeme-de-rails-au-plafond-arjohuntleigh\\\/#breadcrumb\"},\"inLanguage\":\"fr-FR\",\"potentialAction\":[{\"@type\":\"ReadAction\",\"target\":[\"https:\\\/\\\/canadacaremedical.com\\\/fr\\\/product\\\/produits-daccessibilite\\\/rails-au-plafond\\\/systeme-de-rails-au-plafond-arjohuntleigh\\\/\"]}]},{\"@type\":\"ImageObject\",\"inLanguage\":\"fr-FR\",\"@id\":\"https:\\\/\\\/canadacaremedical.com\\\/fr\\\/product\\\/produits-daccessibilite\\\/rails-au-plafond\\\/systeme-de-rails-au-plafond-arjohuntleigh\\\/#primaryimage\",\"url\":\"https:\\\/\\\/canadacaremedical.com\\\/wp-content\\\/uploads\\\/2019\\\/01\\\/Arjohuntleigh-Ceilling-Track260x215-1.jpg\",\"contentUrl\":\"https:\\\/\\\/canadacaremedical.com\\\/wp-content\\\/uploads\\\/2019\\\/01\\\/Arjohuntleigh-Ceilling-Track260x215-1.jpg\",\"width\":260,\"height\":215,\"caption\":\"SYST\u00c8ME DE RAILS AU PLAFOND ARJOHUNTLEIGH\"},{\"@type\":\"BreadcrumbList\",\"@id\":\"https:\\\/\\\/canadacaremedical.com\\\/fr\\\/product\\\/produits-daccessibilite\\\/rails-au-plafond\\\/systeme-de-rails-au-plafond-arjohuntleigh\\\/#breadcrumb\",\"itemListElement\":[{\"@type\":\"ListItem\",\"position\":1,\"name\":\"Home\",\"item\":\"https:\\\/\\\/canadacaremedical.com\\\/fr\\\/\"},{\"@type\":\"ListItem\",\"position\":2,\"name\":\"FIRST AID\",\"item\":\"https:\\\/\\\/canadacaremedical.com\\\/?page_id=1227\"},{\"@type\":\"ListItem\",\"position\":3,\"name\":\"SYST\u00c8ME DE RAILS AU PLAFOND ARJOHUNTLEIGH\"}]},{\"@type\":\"WebSite\",\"@id\":\"https:\\\/\\\/canadacaremedical.com\\\/#website\",\"url\":\"https:\\\/\\\/canadacaremedical.com\\\/\",\"name\":\"Canada Care Medical\",\"description\":\"\",\"publisher\":{\"@id\":\"https:\\\/\\\/canadacaremedical.com\\\/#organization\"},\"potentialAction\":[{\"@type\":\"SearchAction\",\"target\":{\"@type\":\"EntryPoint\",\"urlTemplate\":\"https:\\\/\\\/canadacaremedical.com\\\/?s={search_term_string}\"},\"query-input\":{\"@type\":\"PropertyValueSpecification\",\"valueRequired\":true,\"valueName\":\"search_term_string\"}}],\"inLanguage\":\"fr-FR\"},{\"@type\":\"Organization\",\"@id\":\"https:\\\/\\\/canadacaremedical.com\\\/#organization\",\"name\":\"Canada Care Medical\",\"url\":\"https:\\\/\\\/canadacaremedical.com\\\/\",\"logo\":{\"@type\":\"ImageObject\",\"inLanguage\":\"fr-FR\",\"@id\":\"https:\\\/\\\/canadacaremedical.com\\\/#\\\/schema\\\/logo\\\/image\\\/\",\"url\":\"https:\\\/\\\/canadacaremedical.com\\\/wp-content\\\/uploads\\\/2022\\\/04\\\/cropped-CCM-an-NSM-company-website-vertical-no-50-1.png\",\"contentUrl\":\"https:\\\/\\\/canadacaremedical.com\\\/wp-content\\\/uploads\\\/2022\\\/04\\\/cropped-CCM-an-NSM-company-website-vertical-no-50-1.png\",\"width\":500,\"height\":181,\"caption\":\"Canada Care Medical\"},\"image\":{\"@id\":\"https:\\\/\\\/canadacaremedical.com\\\/#\\\/schema\\\/logo\\\/image\\\/\"}}]}<\/script>\n<!-- \/ Yoast SEO plugin. -->","yoast_head_json":{"title":"Syst\u00e8me de rails au plafond arjohuntleigh - Canada Care Medical","robots":{"index":"index","follow":"follow","max-snippet":"max-snippet:-1","max-image-preview":"max-image-preview:large","max-video-preview":"max-video-preview:-1"},"canonical":"https:\/\/canadacaremedical.com\/fr\/product\/produits-daccessibilite\/rails-au-plafond\/systeme-de-rails-au-plafond-arjohuntleigh\/","og_locale":"fr_FR","og_type":"article","og_title":"Syst\u00e8me de rails au plafond arjohuntleigh - Canada Care Medical","og_description":"Syst\u00e8me de rails au plafond versatile pouvant r\u00e9pondre \u00e0 tous vos besoins de lev\u00e9es sur plusieurs axes. Canada Care Medical peut vous mettre au point un syst\u00e8me de rails au plafond parfaitement adapt\u00e9 \u00e0 vos besoins et espace au moyen des produits Arjohuntleigh.","og_url":"https:\/\/canadacaremedical.com\/fr\/product\/produits-daccessibilite\/rails-au-plafond\/systeme-de-rails-au-plafond-arjohuntleigh\/","og_site_name":"Canada Care Medical","article_modified_time":"2021-03-16T08:52:46+00:00","og_image":[{"width":260,"height":215,"url":"https:\/\/canadacaremedical.com\/wp-content\/uploads\/2019\/01\/Arjohuntleigh-Ceilling-Track260x215-1.jpg","type":"image\/jpeg"}],"twitter_card":"summary_large_image","schema":{"@context":"https:\/\/schema.org","@graph":[{"@type":"WebPage","@id":"https:\/\/canadacaremedical.com\/fr\/product\/produits-daccessibilite\/rails-au-plafond\/systeme-de-rails-au-plafond-arjohuntleigh\/","url":"https:\/\/canadacaremedical.com\/fr\/product\/produits-daccessibilite\/rails-au-plafond\/systeme-de-rails-au-plafond-arjohuntleigh\/","name":"Syst\u00e8me de rails au plafond arjohuntleigh - Canada Care Medical","isPartOf":{"@id":"https:\/\/canadacaremedical.com\/#website"},"primaryImageOfPage":{"@id":"https:\/\/canadacaremedical.com\/fr\/product\/produits-daccessibilite\/rails-au-plafond\/systeme-de-rails-au-plafond-arjohuntleigh\/#primaryimage"},"image":{"@id":"https:\/\/canadacaremedical.com\/fr\/product\/produits-daccessibilite\/rails-au-plafond\/systeme-de-rails-au-plafond-arjohuntleigh\/#primaryimage"},"thumbnailUrl":"https:\/\/canadacaremedical.com\/wp-content\/uploads\/2019\/01\/Arjohuntleigh-Ceilling-Track260x215-1.jpg","datePublished":"2019-01-02T09:34:00+00:00","dateModified":"2021-03-16T08:52:46+00:00","breadcrumb":{"@id":"https:\/\/canadacaremedical.com\/fr\/product\/produits-daccessibilite\/rails-au-plafond\/systeme-de-rails-au-plafond-arjohuntleigh\/#breadcrumb"},"inLanguage":"fr-FR","potentialAction":[{"@type":"ReadAction","target":["https:\/\/canadacaremedical.com\/fr\/product\/produits-daccessibilite\/rails-au-plafond\/systeme-de-rails-au-plafond-arjohuntleigh\/"]}]},{"@type":"ImageObject","inLanguage":"fr-FR","@id":"https:\/\/canadacaremedical.com\/fr\/product\/produits-daccessibilite\/rails-au-plafond\/systeme-de-rails-au-plafond-arjohuntleigh\/#primaryimage","url":"https:\/\/canadacaremedical.com\/wp-content\/uploads\/2019\/01\/Arjohuntleigh-Ceilling-Track260x215-1.jpg","contentUrl":"https:\/\/canadacaremedical.com\/wp-content\/uploads\/2019\/01\/Arjohuntleigh-Ceilling-Track260x215-1.jpg","width":260,"height":215,"caption":"SYST\u00c8ME DE RAILS AU PLAFOND ARJOHUNTLEIGH"},{"@type":"BreadcrumbList","@id":"https:\/\/canadacaremedical.com\/fr\/product\/produits-daccessibilite\/rails-au-plafond\/systeme-de-rails-au-plafond-arjohuntleigh\/#breadcrumb","itemListElement":[{"@type":"ListItem","position":1,"name":"Home","item":"https:\/\/canadacaremedical.com\/fr\/"},{"@type":"ListItem","position":2,"name":"FIRST AID","item":"https:\/\/canadacaremedical.com\/?page_id=1227"},{"@type":"ListItem","position":3,"name":"SYST\u00c8ME DE RAILS AU PLAFOND ARJOHUNTLEIGH"}]},{"@type":"WebSite","@id":"https:\/\/canadacaremedical.com\/#website","url":"https:\/\/canadacaremedical.com\/","name":"Canada Care Medical","description":"","publisher":{"@id":"https:\/\/canadacaremedical.com\/#organization"},"potentialAction":[{"@type":"SearchAction","target":{"@type":"EntryPoint","urlTemplate":"https:\/\/canadacaremedical.com\/?s={search_term_string}"},"query-input":{"@type":"PropertyValueSpecification","valueRequired":true,"valueName":"search_term_string"}}],"inLanguage":"fr-FR"},{"@type":"Organization","@id":"https:\/\/canadacaremedical.com\/#organization","name":"Canada Care Medical","url":"https:\/\/canadacaremedical.com\/","logo":{"@type":"ImageObject","inLanguage":"fr-FR","@id":"https:\/\/canadacaremedical.com\/#\/schema\/logo\/image\/","url":"https:\/\/canadacaremedical.com\/wp-content\/uploads\/2022\/04\/cropped-CCM-an-NSM-company-website-vertical-no-50-1.png","contentUrl":"https:\/\/canadacaremedical.com\/wp-content\/uploads\/2022\/04\/cropped-CCM-an-NSM-company-website-vertical-no-50-1.png","width":500,"height":181,"caption":"Canada Care Medical"},"image":{"@id":"https:\/\/canadacaremedical.com\/#\/schema\/logo\/image\/"}}]}},"jetpack_sharing_enabled":true,"_links":{"self":[{"href":"https:\/\/canadacaremedical.com\/fr\/wp-json\/wp\/v2\/product\/814","targetHints":{"allow":["GET"]}}],"collection":[{"href":"https:\/\/canadacaremedical.com\/fr\/wp-json\/wp\/v2\/product"}],"about":[{"href":"https:\/\/canadacaremedical.com\/fr\/wp-json\/wp\/v2\/types\/product"}],"wp:featuredmedia":[{"embeddable":true,"href":"https:\/\/canadacaremedical.com\/fr\/wp-json\/wp\/v2\/media\/2434"}],"wp:attachment":[{"href":"https:\/\/canadacaremedical.com\/fr\/wp-json\/wp\/v2\/media?parent=814"}],"wp:term":[{"taxonomy":"product_brand","embeddable":true,"href":"https:\/\/canadacaremedical.com\/fr\/wp-json\/wp\/v2\/product_brand?post=814"},{"taxonomy":"product_cat","embeddable":true,"href":"https:\/\/canadacaremedical.com\/fr\/wp-json\/wp\/v2\/product_cat?post=814"},{"taxonomy":"product_tag","embeddable":true,"href":"https:\/\/canadacaremedical.com\/fr\/wp-json\/wp\/v2\/product_tag?post=814"}],"curies":[{"name":"wp","href":"https:\/\/api.w.org\/{rel}","templated":true}]}}