{"id":943,"date":"2019-01-02T12:56:34","date_gmt":"2019-01-02T12:56:34","guid":{"rendered":"\/?post_type=product&#038;p=943"},"modified":"2021-03-16T09:39:58","modified_gmt":"2021-03-16T09:39:58","slug":"coussin-blake-en-gel-pour-fauteuil-roulant","status":"publish","type":"product","link":"https:\/\/canadacaremedical.com\/fr\/product\/produits-de-mobilite\/coussins-pour-fauteuils-roulants\/coussin-blake-en-gel-pour-fauteuil-roulant\/","title":{"rendered":"COUSSIN BLAKE EN GEL POUR FAUTEUIL ROULANT"},"content":{"rendered":"","protected":false},"excerpt":{"rendered":"<h2><strong>Un coussin amortisseur de vibrations s\u2019adaptant \u00e0 vos mouvements.<\/strong><\/h2>\n<p>Le cousin Blake en gel s\u2019adapte \u00e0 la pression variable comme nul autre. Il peut aussi facilement \u00eatre adapt\u00e9 de mani\u00e8re \u00e0 satisfaire vos besoins sp\u00e9cifiques.<\/p>\n","protected":false},"featured_media":2422,"template":"","meta":[],"product_brand":[],"product_cat":[103],"product_tag":[],"class_list":{"0":"post-943","1":"product","2":"type-product","3":"status-publish","4":"has-post-thumbnail","6":"product_cat-coussins-pour-fauteuils-roulants","8":"first","9":"instock","10":"shipping-taxable","11":"product-type-simple"},"yoast_head":"<!-- This site is optimized with the Yoast SEO plugin v27.3 - https:\/\/yoast.com\/product\/yoast-seo-wordpress\/ -->\n<title>Coussin blake en gel pour fauteuil roulant - Canada Care Medical<\/title>\n<meta name=\"robots\" content=\"index, follow, max-snippet:-1, max-image-preview:large, max-video-preview:-1\" \/>\n<link rel=\"canonical\" href=\"https:\/\/canadacaremedical.com\/fr\/product\/produits-de-mobilite\/coussins-pour-fauteuils-roulants\/coussin-blake-en-gel-pour-fauteuil-roulant\/\" \/>\n<meta property=\"og:locale\" content=\"fr_FR\" \/>\n<meta property=\"og:type\" content=\"article\" \/>\n<meta property=\"og:title\" content=\"Coussin blake en gel pour fauteuil roulant - Canada Care Medical\" \/>\n<meta property=\"og:description\" content=\"Un coussin amortisseur de vibrations s\u2019adaptant \u00e0 vos mouvements. Le cousin Blake en gel s\u2019adapte \u00e0 la pression variable comme nul autre. Il peut aussi facilement \u00eatre adapt\u00e9 de mani\u00e8re \u00e0 satisfaire vos besoins sp\u00e9cifiques.\" \/>\n<meta property=\"og:url\" content=\"https:\/\/canadacaremedical.com\/fr\/product\/produits-de-mobilite\/coussins-pour-fauteuils-roulants\/coussin-blake-en-gel-pour-fauteuil-roulant\/\" \/>\n<meta property=\"og:site_name\" content=\"Canada Care Medical\" \/>\n<meta property=\"article:modified_time\" content=\"2021-03-16T09:39:58+00:00\" \/>\n<meta property=\"og:image\" content=\"https:\/\/canadacaremedical.com\/wp-content\/uploads\/2019\/01\/Blake-Gel-Cushion260x215-1.jpg\" \/>\n\t<meta property=\"og:image:width\" content=\"260\" \/>\n\t<meta property=\"og:image:height\" content=\"215\" \/>\n\t<meta property=\"og:image:type\" content=\"image\/jpeg\" \/>\n<meta name=\"twitter:card\" content=\"summary_large_image\" \/>\n<script type=\"application\/ld+json\" class=\"yoast-schema-graph\">{\"@context\":\"https:\\\/\\\/schema.org\",\"@graph\":[{\"@type\":\"WebPage\",\"@id\":\"https:\\\/\\\/canadacaremedical.com\\\/fr\\\/product\\\/produits-de-mobilite\\\/coussins-pour-fauteuils-roulants\\\/coussin-blake-en-gel-pour-fauteuil-roulant\\\/\",\"url\":\"https:\\\/\\\/canadacaremedical.com\\\/fr\\\/product\\\/produits-de-mobilite\\\/coussins-pour-fauteuils-roulants\\\/coussin-blake-en-gel-pour-fauteuil-roulant\\\/\",\"name\":\"Coussin blake en gel pour fauteuil roulant - Canada Care Medical\",\"isPartOf\":{\"@id\":\"https:\\\/\\\/canadacaremedical.com\\\/#website\"},\"primaryImageOfPage\":{\"@id\":\"https:\\\/\\\/canadacaremedical.com\\\/fr\\\/product\\\/produits-de-mobilite\\\/coussins-pour-fauteuils-roulants\\\/coussin-blake-en-gel-pour-fauteuil-roulant\\\/#primaryimage\"},\"image\":{\"@id\":\"https:\\\/\\\/canadacaremedical.com\\\/fr\\\/product\\\/produits-de-mobilite\\\/coussins-pour-fauteuils-roulants\\\/coussin-blake-en-gel-pour-fauteuil-roulant\\\/#primaryimage\"},\"thumbnailUrl\":\"https:\\\/\\\/canadacaremedical.com\\\/wp-content\\\/uploads\\\/2019\\\/01\\\/Blake-Gel-Cushion260x215-1.jpg\",\"datePublished\":\"2019-01-02T12:56:34+00:00\",\"dateModified\":\"2021-03-16T09:39:58+00:00\",\"breadcrumb\":{\"@id\":\"https:\\\/\\\/canadacaremedical.com\\\/fr\\\/product\\\/produits-de-mobilite\\\/coussins-pour-fauteuils-roulants\\\/coussin-blake-en-gel-pour-fauteuil-roulant\\\/#breadcrumb\"},\"inLanguage\":\"fr-FR\",\"potentialAction\":[{\"@type\":\"ReadAction\",\"target\":[\"https:\\\/\\\/canadacaremedical.com\\\/fr\\\/product\\\/produits-de-mobilite\\\/coussins-pour-fauteuils-roulants\\\/coussin-blake-en-gel-pour-fauteuil-roulant\\\/\"]}]},{\"@type\":\"ImageObject\",\"inLanguage\":\"fr-FR\",\"@id\":\"https:\\\/\\\/canadacaremedical.com\\\/fr\\\/product\\\/produits-de-mobilite\\\/coussins-pour-fauteuils-roulants\\\/coussin-blake-en-gel-pour-fauteuil-roulant\\\/#primaryimage\",\"url\":\"https:\\\/\\\/canadacaremedical.com\\\/wp-content\\\/uploads\\\/2019\\\/01\\\/Blake-Gel-Cushion260x215-1.jpg\",\"contentUrl\":\"https:\\\/\\\/canadacaremedical.com\\\/wp-content\\\/uploads\\\/2019\\\/01\\\/Blake-Gel-Cushion260x215-1.jpg\",\"width\":260,\"height\":215,\"caption\":\"COUSSIN BLAKE EN GEL POUR FAUTEUIL ROULANT\"},{\"@type\":\"BreadcrumbList\",\"@id\":\"https:\\\/\\\/canadacaremedical.com\\\/fr\\\/product\\\/produits-de-mobilite\\\/coussins-pour-fauteuils-roulants\\\/coussin-blake-en-gel-pour-fauteuil-roulant\\\/#breadcrumb\",\"itemListElement\":[{\"@type\":\"ListItem\",\"position\":1,\"name\":\"Home\",\"item\":\"https:\\\/\\\/canadacaremedical.com\\\/fr\\\/\"},{\"@type\":\"ListItem\",\"position\":2,\"name\":\"FIRST AID\",\"item\":\"https:\\\/\\\/canadacaremedical.com\\\/?page_id=1227\"},{\"@type\":\"ListItem\",\"position\":3,\"name\":\"COUSSIN BLAKE EN GEL POUR FAUTEUIL ROULANT\"}]},{\"@type\":\"WebSite\",\"@id\":\"https:\\\/\\\/canadacaremedical.com\\\/#website\",\"url\":\"https:\\\/\\\/canadacaremedical.com\\\/\",\"name\":\"Canada Care Medical\",\"description\":\"\",\"publisher\":{\"@id\":\"https:\\\/\\\/canadacaremedical.com\\\/#organization\"},\"potentialAction\":[{\"@type\":\"SearchAction\",\"target\":{\"@type\":\"EntryPoint\",\"urlTemplate\":\"https:\\\/\\\/canadacaremedical.com\\\/?s={search_term_string}\"},\"query-input\":{\"@type\":\"PropertyValueSpecification\",\"valueRequired\":true,\"valueName\":\"search_term_string\"}}],\"inLanguage\":\"fr-FR\"},{\"@type\":\"Organization\",\"@id\":\"https:\\\/\\\/canadacaremedical.com\\\/#organization\",\"name\":\"Canada Care Medical\",\"url\":\"https:\\\/\\\/canadacaremedical.com\\\/\",\"logo\":{\"@type\":\"ImageObject\",\"inLanguage\":\"fr-FR\",\"@id\":\"https:\\\/\\\/canadacaremedical.com\\\/#\\\/schema\\\/logo\\\/image\\\/\",\"url\":\"https:\\\/\\\/canadacaremedical.com\\\/wp-content\\\/uploads\\\/2022\\\/04\\\/cropped-CCM-an-NSM-company-website-vertical-no-50-1.png\",\"contentUrl\":\"https:\\\/\\\/canadacaremedical.com\\\/wp-content\\\/uploads\\\/2022\\\/04\\\/cropped-CCM-an-NSM-company-website-vertical-no-50-1.png\",\"width\":500,\"height\":181,\"caption\":\"Canada Care Medical\"},\"image\":{\"@id\":\"https:\\\/\\\/canadacaremedical.com\\\/#\\\/schema\\\/logo\\\/image\\\/\"}}]}<\/script>\n<!-- \/ Yoast SEO plugin. -->","yoast_head_json":{"title":"Coussin blake en gel pour fauteuil roulant - Canada Care Medical","robots":{"index":"index","follow":"follow","max-snippet":"max-snippet:-1","max-image-preview":"max-image-preview:large","max-video-preview":"max-video-preview:-1"},"canonical":"https:\/\/canadacaremedical.com\/fr\/product\/produits-de-mobilite\/coussins-pour-fauteuils-roulants\/coussin-blake-en-gel-pour-fauteuil-roulant\/","og_locale":"fr_FR","og_type":"article","og_title":"Coussin blake en gel pour fauteuil roulant - Canada Care Medical","og_description":"Un coussin amortisseur de vibrations s\u2019adaptant \u00e0 vos mouvements. Le cousin Blake en gel s\u2019adapte \u00e0 la pression variable comme nul autre. Il peut aussi facilement \u00eatre adapt\u00e9 de mani\u00e8re \u00e0 satisfaire vos besoins sp\u00e9cifiques.","og_url":"https:\/\/canadacaremedical.com\/fr\/product\/produits-de-mobilite\/coussins-pour-fauteuils-roulants\/coussin-blake-en-gel-pour-fauteuil-roulant\/","og_site_name":"Canada Care Medical","article_modified_time":"2021-03-16T09:39:58+00:00","og_image":[{"width":260,"height":215,"url":"https:\/\/canadacaremedical.com\/wp-content\/uploads\/2019\/01\/Blake-Gel-Cushion260x215-1.jpg","type":"image\/jpeg"}],"twitter_card":"summary_large_image","schema":{"@context":"https:\/\/schema.org","@graph":[{"@type":"WebPage","@id":"https:\/\/canadacaremedical.com\/fr\/product\/produits-de-mobilite\/coussins-pour-fauteuils-roulants\/coussin-blake-en-gel-pour-fauteuil-roulant\/","url":"https:\/\/canadacaremedical.com\/fr\/product\/produits-de-mobilite\/coussins-pour-fauteuils-roulants\/coussin-blake-en-gel-pour-fauteuil-roulant\/","name":"Coussin blake en gel pour fauteuil roulant - Canada Care Medical","isPartOf":{"@id":"https:\/\/canadacaremedical.com\/#website"},"primaryImageOfPage":{"@id":"https:\/\/canadacaremedical.com\/fr\/product\/produits-de-mobilite\/coussins-pour-fauteuils-roulants\/coussin-blake-en-gel-pour-fauteuil-roulant\/#primaryimage"},"image":{"@id":"https:\/\/canadacaremedical.com\/fr\/product\/produits-de-mobilite\/coussins-pour-fauteuils-roulants\/coussin-blake-en-gel-pour-fauteuil-roulant\/#primaryimage"},"thumbnailUrl":"https:\/\/canadacaremedical.com\/wp-content\/uploads\/2019\/01\/Blake-Gel-Cushion260x215-1.jpg","datePublished":"2019-01-02T12:56:34+00:00","dateModified":"2021-03-16T09:39:58+00:00","breadcrumb":{"@id":"https:\/\/canadacaremedical.com\/fr\/product\/produits-de-mobilite\/coussins-pour-fauteuils-roulants\/coussin-blake-en-gel-pour-fauteuil-roulant\/#breadcrumb"},"inLanguage":"fr-FR","potentialAction":[{"@type":"ReadAction","target":["https:\/\/canadacaremedical.com\/fr\/product\/produits-de-mobilite\/coussins-pour-fauteuils-roulants\/coussin-blake-en-gel-pour-fauteuil-roulant\/"]}]},{"@type":"ImageObject","inLanguage":"fr-FR","@id":"https:\/\/canadacaremedical.com\/fr\/product\/produits-de-mobilite\/coussins-pour-fauteuils-roulants\/coussin-blake-en-gel-pour-fauteuil-roulant\/#primaryimage","url":"https:\/\/canadacaremedical.com\/wp-content\/uploads\/2019\/01\/Blake-Gel-Cushion260x215-1.jpg","contentUrl":"https:\/\/canadacaremedical.com\/wp-content\/uploads\/2019\/01\/Blake-Gel-Cushion260x215-1.jpg","width":260,"height":215,"caption":"COUSSIN BLAKE EN GEL POUR FAUTEUIL ROULANT"},{"@type":"BreadcrumbList","@id":"https:\/\/canadacaremedical.com\/fr\/product\/produits-de-mobilite\/coussins-pour-fauteuils-roulants\/coussin-blake-en-gel-pour-fauteuil-roulant\/#breadcrumb","itemListElement":[{"@type":"ListItem","position":1,"name":"Home","item":"https:\/\/canadacaremedical.com\/fr\/"},{"@type":"ListItem","position":2,"name":"FIRST AID","item":"https:\/\/canadacaremedical.com\/?page_id=1227"},{"@type":"ListItem","position":3,"name":"COUSSIN BLAKE EN GEL POUR FAUTEUIL ROULANT"}]},{"@type":"WebSite","@id":"https:\/\/canadacaremedical.com\/#website","url":"https:\/\/canadacaremedical.com\/","name":"Canada Care Medical","description":"","publisher":{"@id":"https:\/\/canadacaremedical.com\/#organization"},"potentialAction":[{"@type":"SearchAction","target":{"@type":"EntryPoint","urlTemplate":"https:\/\/canadacaremedical.com\/?s={search_term_string}"},"query-input":{"@type":"PropertyValueSpecification","valueRequired":true,"valueName":"search_term_string"}}],"inLanguage":"fr-FR"},{"@type":"Organization","@id":"https:\/\/canadacaremedical.com\/#organization","name":"Canada Care Medical","url":"https:\/\/canadacaremedical.com\/","logo":{"@type":"ImageObject","inLanguage":"fr-FR","@id":"https:\/\/canadacaremedical.com\/#\/schema\/logo\/image\/","url":"https:\/\/canadacaremedical.com\/wp-content\/uploads\/2022\/04\/cropped-CCM-an-NSM-company-website-vertical-no-50-1.png","contentUrl":"https:\/\/canadacaremedical.com\/wp-content\/uploads\/2022\/04\/cropped-CCM-an-NSM-company-website-vertical-no-50-1.png","width":500,"height":181,"caption":"Canada Care Medical"},"image":{"@id":"https:\/\/canadacaremedical.com\/#\/schema\/logo\/image\/"}}]}},"jetpack_sharing_enabled":true,"_links":{"self":[{"href":"https:\/\/canadacaremedical.com\/fr\/wp-json\/wp\/v2\/product\/943","targetHints":{"allow":["GET"]}}],"collection":[{"href":"https:\/\/canadacaremedical.com\/fr\/wp-json\/wp\/v2\/product"}],"about":[{"href":"https:\/\/canadacaremedical.com\/fr\/wp-json\/wp\/v2\/types\/product"}],"wp:featuredmedia":[{"embeddable":true,"href":"https:\/\/canadacaremedical.com\/fr\/wp-json\/wp\/v2\/media\/2422"}],"wp:attachment":[{"href":"https:\/\/canadacaremedical.com\/fr\/wp-json\/wp\/v2\/media?parent=943"}],"wp:term":[{"taxonomy":"product_brand","embeddable":true,"href":"https:\/\/canadacaremedical.com\/fr\/wp-json\/wp\/v2\/product_brand?post=943"},{"taxonomy":"product_cat","embeddable":true,"href":"https:\/\/canadacaremedical.com\/fr\/wp-json\/wp\/v2\/product_cat?post=943"},{"taxonomy":"product_tag","embeddable":true,"href":"https:\/\/canadacaremedical.com\/fr\/wp-json\/wp\/v2\/product_tag?post=943"}],"curies":[{"name":"wp","href":"https:\/\/api.w.org\/{rel}","templated":true}]}}