{"id":957,"date":"2019-01-02T13:06:33","date_gmt":"2019-01-02T13:06:33","guid":{"rendered":"\/?post_type=product&#038;p=957"},"modified":"2021-03-16T08:53:26","modified_gmt":"2021-03-16T08:53:26","slug":"le-deambulateur-evolution-trillium","status":"publish","type":"product","link":"https:\/\/canadacaremedical.com\/fr\/product\/produits-de-mobilite\/deambulateurs\/le-deambulateur-evolution-trillium\/","title":{"rendered":"LE D\u00c9AMBULATEUR EVOLUTION TRILLIUM"},"content":{"rendered":"","protected":false},"excerpt":{"rendered":"<h2><strong>Le d\u00e9ambulateur le plus confortable sur le march\u00e9.<\/strong><\/h2>\n<p>Le d\u00e9ambulateur Evolution Trillium est facile \u00e0 transporter et aussi tr\u00e8s l\u00e9ger. Son coussin se retire au besoin et est aussi constitu\u00e9 de fibres plus l\u00e9g\u00e8res.<\/p>\n","protected":false},"featured_media":2402,"template":"","meta":[],"product_brand":[],"product_cat":[101],"product_tag":[],"class_list":{"0":"post-957","1":"product","2":"type-product","3":"status-publish","4":"has-post-thumbnail","6":"product_cat-deambulateurs","8":"first","9":"instock","10":"shipping-taxable","11":"purchasable","12":"product-type-simple"},"yoast_head":"<!-- This site is optimized with the Yoast SEO plugin v27.3 - https:\/\/yoast.com\/product\/yoast-seo-wordpress\/ -->\n<title>Le d\u00e9ambulateur evolution trillium - Canada Care Medical<\/title>\n<meta name=\"robots\" content=\"index, follow, max-snippet:-1, max-image-preview:large, max-video-preview:-1\" \/>\n<link rel=\"canonical\" href=\"https:\/\/canadacaremedical.com\/fr\/product\/produits-de-mobilite\/deambulateurs\/le-deambulateur-evolution-trillium\/\" \/>\n<meta property=\"og:locale\" content=\"fr_FR\" \/>\n<meta property=\"og:type\" content=\"article\" \/>\n<meta property=\"og:title\" content=\"Le d\u00e9ambulateur evolution trillium - Canada Care Medical\" \/>\n<meta property=\"og:description\" content=\"Le d\u00e9ambulateur le plus confortable sur le march\u00e9. Le d\u00e9ambulateur Evolution Trillium est facile \u00e0 transporter et aussi tr\u00e8s l\u00e9ger. Son coussin se retire au besoin et est aussi constitu\u00e9 de fibres plus l\u00e9g\u00e8res.\" \/>\n<meta property=\"og:url\" content=\"https:\/\/canadacaremedical.com\/fr\/product\/produits-de-mobilite\/deambulateurs\/le-deambulateur-evolution-trillium\/\" \/>\n<meta property=\"og:site_name\" content=\"Canada Care Medical\" \/>\n<meta property=\"article:modified_time\" content=\"2021-03-16T08:53:26+00:00\" \/>\n<meta property=\"og:image\" content=\"https:\/\/canadacaremedical.com\/wp-content\/uploads\/2019\/01\/Evolution-Trillium260x215-1.jpg\" \/>\n\t<meta property=\"og:image:width\" content=\"260\" \/>\n\t<meta property=\"og:image:height\" content=\"215\" \/>\n\t<meta property=\"og:image:type\" content=\"image\/jpeg\" \/>\n<meta name=\"twitter:card\" content=\"summary_large_image\" \/>\n<script type=\"application\/ld+json\" class=\"yoast-schema-graph\">{\"@context\":\"https:\\\/\\\/schema.org\",\"@graph\":[{\"@type\":\"WebPage\",\"@id\":\"https:\\\/\\\/canadacaremedical.com\\\/fr\\\/product\\\/produits-de-mobilite\\\/deambulateurs\\\/le-deambulateur-evolution-trillium\\\/\",\"url\":\"https:\\\/\\\/canadacaremedical.com\\\/fr\\\/product\\\/produits-de-mobilite\\\/deambulateurs\\\/le-deambulateur-evolution-trillium\\\/\",\"name\":\"Le d\u00e9ambulateur evolution trillium - Canada Care Medical\",\"isPartOf\":{\"@id\":\"https:\\\/\\\/canadacaremedical.com\\\/#website\"},\"primaryImageOfPage\":{\"@id\":\"https:\\\/\\\/canadacaremedical.com\\\/fr\\\/product\\\/produits-de-mobilite\\\/deambulateurs\\\/le-deambulateur-evolution-trillium\\\/#primaryimage\"},\"image\":{\"@id\":\"https:\\\/\\\/canadacaremedical.com\\\/fr\\\/product\\\/produits-de-mobilite\\\/deambulateurs\\\/le-deambulateur-evolution-trillium\\\/#primaryimage\"},\"thumbnailUrl\":\"https:\\\/\\\/canadacaremedical.com\\\/wp-content\\\/uploads\\\/2019\\\/01\\\/Evolution-Trillium260x215-1.jpg\",\"datePublished\":\"2019-01-02T13:06:33+00:00\",\"dateModified\":\"2021-03-16T08:53:26+00:00\",\"breadcrumb\":{\"@id\":\"https:\\\/\\\/canadacaremedical.com\\\/fr\\\/product\\\/produits-de-mobilite\\\/deambulateurs\\\/le-deambulateur-evolution-trillium\\\/#breadcrumb\"},\"inLanguage\":\"fr-FR\",\"potentialAction\":[{\"@type\":\"ReadAction\",\"target\":[\"https:\\\/\\\/canadacaremedical.com\\\/fr\\\/product\\\/produits-de-mobilite\\\/deambulateurs\\\/le-deambulateur-evolution-trillium\\\/\"]}]},{\"@type\":\"ImageObject\",\"inLanguage\":\"fr-FR\",\"@id\":\"https:\\\/\\\/canadacaremedical.com\\\/fr\\\/product\\\/produits-de-mobilite\\\/deambulateurs\\\/le-deambulateur-evolution-trillium\\\/#primaryimage\",\"url\":\"https:\\\/\\\/canadacaremedical.com\\\/wp-content\\\/uploads\\\/2019\\\/01\\\/Evolution-Trillium260x215-1.jpg\",\"contentUrl\":\"https:\\\/\\\/canadacaremedical.com\\\/wp-content\\\/uploads\\\/2019\\\/01\\\/Evolution-Trillium260x215-1.jpg\",\"width\":260,\"height\":215,\"caption\":\"LE D\u00c9AMBULATEUR EVOLUTION TRILLIUM\"},{\"@type\":\"BreadcrumbList\",\"@id\":\"https:\\\/\\\/canadacaremedical.com\\\/fr\\\/product\\\/produits-de-mobilite\\\/deambulateurs\\\/le-deambulateur-evolution-trillium\\\/#breadcrumb\",\"itemListElement\":[{\"@type\":\"ListItem\",\"position\":1,\"name\":\"Home\",\"item\":\"https:\\\/\\\/canadacaremedical.com\\\/fr\\\/\"},{\"@type\":\"ListItem\",\"position\":2,\"name\":\"FIRST AID\",\"item\":\"https:\\\/\\\/canadacaremedical.com\\\/?page_id=1227\"},{\"@type\":\"ListItem\",\"position\":3,\"name\":\"LE D\u00c9AMBULATEUR EVOLUTION TRILLIUM\"}]},{\"@type\":\"WebSite\",\"@id\":\"https:\\\/\\\/canadacaremedical.com\\\/#website\",\"url\":\"https:\\\/\\\/canadacaremedical.com\\\/\",\"name\":\"Canada Care Medical\",\"description\":\"\",\"publisher\":{\"@id\":\"https:\\\/\\\/canadacaremedical.com\\\/#organization\"},\"potentialAction\":[{\"@type\":\"SearchAction\",\"target\":{\"@type\":\"EntryPoint\",\"urlTemplate\":\"https:\\\/\\\/canadacaremedical.com\\\/?s={search_term_string}\"},\"query-input\":{\"@type\":\"PropertyValueSpecification\",\"valueRequired\":true,\"valueName\":\"search_term_string\"}}],\"inLanguage\":\"fr-FR\"},{\"@type\":\"Organization\",\"@id\":\"https:\\\/\\\/canadacaremedical.com\\\/#organization\",\"name\":\"Canada Care Medical\",\"url\":\"https:\\\/\\\/canadacaremedical.com\\\/\",\"logo\":{\"@type\":\"ImageObject\",\"inLanguage\":\"fr-FR\",\"@id\":\"https:\\\/\\\/canadacaremedical.com\\\/#\\\/schema\\\/logo\\\/image\\\/\",\"url\":\"https:\\\/\\\/canadacaremedical.com\\\/wp-content\\\/uploads\\\/2022\\\/04\\\/cropped-CCM-an-NSM-company-website-vertical-no-50-1.png\",\"contentUrl\":\"https:\\\/\\\/canadacaremedical.com\\\/wp-content\\\/uploads\\\/2022\\\/04\\\/cropped-CCM-an-NSM-company-website-vertical-no-50-1.png\",\"width\":500,\"height\":181,\"caption\":\"Canada Care Medical\"},\"image\":{\"@id\":\"https:\\\/\\\/canadacaremedical.com\\\/#\\\/schema\\\/logo\\\/image\\\/\"}}]}<\/script>\n<!-- \/ Yoast SEO plugin. -->","yoast_head_json":{"title":"Le d\u00e9ambulateur evolution trillium - Canada Care Medical","robots":{"index":"index","follow":"follow","max-snippet":"max-snippet:-1","max-image-preview":"max-image-preview:large","max-video-preview":"max-video-preview:-1"},"canonical":"https:\/\/canadacaremedical.com\/fr\/product\/produits-de-mobilite\/deambulateurs\/le-deambulateur-evolution-trillium\/","og_locale":"fr_FR","og_type":"article","og_title":"Le d\u00e9ambulateur evolution trillium - Canada Care Medical","og_description":"Le d\u00e9ambulateur le plus confortable sur le march\u00e9. Le d\u00e9ambulateur Evolution Trillium est facile \u00e0 transporter et aussi tr\u00e8s l\u00e9ger. Son coussin se retire au besoin et est aussi constitu\u00e9 de fibres plus l\u00e9g\u00e8res.","og_url":"https:\/\/canadacaremedical.com\/fr\/product\/produits-de-mobilite\/deambulateurs\/le-deambulateur-evolution-trillium\/","og_site_name":"Canada Care Medical","article_modified_time":"2021-03-16T08:53:26+00:00","og_image":[{"width":260,"height":215,"url":"https:\/\/canadacaremedical.com\/wp-content\/uploads\/2019\/01\/Evolution-Trillium260x215-1.jpg","type":"image\/jpeg"}],"twitter_card":"summary_large_image","schema":{"@context":"https:\/\/schema.org","@graph":[{"@type":"WebPage","@id":"https:\/\/canadacaremedical.com\/fr\/product\/produits-de-mobilite\/deambulateurs\/le-deambulateur-evolution-trillium\/","url":"https:\/\/canadacaremedical.com\/fr\/product\/produits-de-mobilite\/deambulateurs\/le-deambulateur-evolution-trillium\/","name":"Le d\u00e9ambulateur evolution trillium - Canada Care Medical","isPartOf":{"@id":"https:\/\/canadacaremedical.com\/#website"},"primaryImageOfPage":{"@id":"https:\/\/canadacaremedical.com\/fr\/product\/produits-de-mobilite\/deambulateurs\/le-deambulateur-evolution-trillium\/#primaryimage"},"image":{"@id":"https:\/\/canadacaremedical.com\/fr\/product\/produits-de-mobilite\/deambulateurs\/le-deambulateur-evolution-trillium\/#primaryimage"},"thumbnailUrl":"https:\/\/canadacaremedical.com\/wp-content\/uploads\/2019\/01\/Evolution-Trillium260x215-1.jpg","datePublished":"2019-01-02T13:06:33+00:00","dateModified":"2021-03-16T08:53:26+00:00","breadcrumb":{"@id":"https:\/\/canadacaremedical.com\/fr\/product\/produits-de-mobilite\/deambulateurs\/le-deambulateur-evolution-trillium\/#breadcrumb"},"inLanguage":"fr-FR","potentialAction":[{"@type":"ReadAction","target":["https:\/\/canadacaremedical.com\/fr\/product\/produits-de-mobilite\/deambulateurs\/le-deambulateur-evolution-trillium\/"]}]},{"@type":"ImageObject","inLanguage":"fr-FR","@id":"https:\/\/canadacaremedical.com\/fr\/product\/produits-de-mobilite\/deambulateurs\/le-deambulateur-evolution-trillium\/#primaryimage","url":"https:\/\/canadacaremedical.com\/wp-content\/uploads\/2019\/01\/Evolution-Trillium260x215-1.jpg","contentUrl":"https:\/\/canadacaremedical.com\/wp-content\/uploads\/2019\/01\/Evolution-Trillium260x215-1.jpg","width":260,"height":215,"caption":"LE D\u00c9AMBULATEUR EVOLUTION TRILLIUM"},{"@type":"BreadcrumbList","@id":"https:\/\/canadacaremedical.com\/fr\/product\/produits-de-mobilite\/deambulateurs\/le-deambulateur-evolution-trillium\/#breadcrumb","itemListElement":[{"@type":"ListItem","position":1,"name":"Home","item":"https:\/\/canadacaremedical.com\/fr\/"},{"@type":"ListItem","position":2,"name":"FIRST AID","item":"https:\/\/canadacaremedical.com\/?page_id=1227"},{"@type":"ListItem","position":3,"name":"LE D\u00c9AMBULATEUR EVOLUTION TRILLIUM"}]},{"@type":"WebSite","@id":"https:\/\/canadacaremedical.com\/#website","url":"https:\/\/canadacaremedical.com\/","name":"Canada Care Medical","description":"","publisher":{"@id":"https:\/\/canadacaremedical.com\/#organization"},"potentialAction":[{"@type":"SearchAction","target":{"@type":"EntryPoint","urlTemplate":"https:\/\/canadacaremedical.com\/?s={search_term_string}"},"query-input":{"@type":"PropertyValueSpecification","valueRequired":true,"valueName":"search_term_string"}}],"inLanguage":"fr-FR"},{"@type":"Organization","@id":"https:\/\/canadacaremedical.com\/#organization","name":"Canada Care Medical","url":"https:\/\/canadacaremedical.com\/","logo":{"@type":"ImageObject","inLanguage":"fr-FR","@id":"https:\/\/canadacaremedical.com\/#\/schema\/logo\/image\/","url":"https:\/\/canadacaremedical.com\/wp-content\/uploads\/2022\/04\/cropped-CCM-an-NSM-company-website-vertical-no-50-1.png","contentUrl":"https:\/\/canadacaremedical.com\/wp-content\/uploads\/2022\/04\/cropped-CCM-an-NSM-company-website-vertical-no-50-1.png","width":500,"height":181,"caption":"Canada Care Medical"},"image":{"@id":"https:\/\/canadacaremedical.com\/#\/schema\/logo\/image\/"}}]}},"jetpack_sharing_enabled":true,"_links":{"self":[{"href":"https:\/\/canadacaremedical.com\/fr\/wp-json\/wp\/v2\/product\/957","targetHints":{"allow":["GET"]}}],"collection":[{"href":"https:\/\/canadacaremedical.com\/fr\/wp-json\/wp\/v2\/product"}],"about":[{"href":"https:\/\/canadacaremedical.com\/fr\/wp-json\/wp\/v2\/types\/product"}],"wp:featuredmedia":[{"embeddable":true,"href":"https:\/\/canadacaremedical.com\/fr\/wp-json\/wp\/v2\/media\/2402"}],"wp:attachment":[{"href":"https:\/\/canadacaremedical.com\/fr\/wp-json\/wp\/v2\/media?parent=957"}],"wp:term":[{"taxonomy":"product_brand","embeddable":true,"href":"https:\/\/canadacaremedical.com\/fr\/wp-json\/wp\/v2\/product_brand?post=957"},{"taxonomy":"product_cat","embeddable":true,"href":"https:\/\/canadacaremedical.com\/fr\/wp-json\/wp\/v2\/product_cat?post=957"},{"taxonomy":"product_tag","embeddable":true,"href":"https:\/\/canadacaremedical.com\/fr\/wp-json\/wp\/v2\/product_tag?post=957"}],"curies":[{"name":"wp","href":"https:\/\/api.w.org\/{rel}","templated":true}]}}