{"id":963,"date":"2019-01-02T13:13:53","date_gmt":"2019-01-02T13:13:53","guid":{"rendered":"\/?post_type=product&#038;p=963"},"modified":"2021-03-16T09:20:19","modified_gmt":"2021-03-16T09:20:19","slug":"le-fauteuil-roulant-electrique-permobil-m300","status":"publish","type":"product","link":"https:\/\/canadacaremedical.com\/fr\/product\/produits-de-mobilite\/fauteuils-roulants-electriques\/le-fauteuil-roulant-electrique-permobil-m300\/","title":{"rendered":"LE FAUTEUIL ROULANT \u00c9LECTRIQUE PERMOBIL M300"},"content":{"rendered":"","protected":false},"excerpt":{"rendered":"<h2><strong>Un fauteuil roulant \u00e9lectrique ultrapuissant.<\/strong><\/h2>\n<p>Ce fauteuil roulant \u00e9lectrique con\u00e7u pour soutenir jusqu\u2019\u00e0 450 lb est d\u2019une endurance exceptionnelle tout en offrant un confort optimal gr\u00e2ce \u00e0 son syst\u00e8me de si\u00e8ge Corpus de man\u0153uvrabilit\u00e9 sup\u00e9rieure.<\/p>\n","protected":false},"featured_media":2345,"template":"","meta":[],"product_brand":[],"product_cat":[96],"product_tag":[],"class_list":{"0":"post-963","1":"product","2":"type-product","3":"status-publish","4":"has-post-thumbnail","6":"product_cat-fauteuils-roulants-electriques","8":"first","9":"instock","10":"shipping-taxable","11":"purchasable","12":"product-type-simple"},"yoast_head":"<!-- This site is optimized with the Yoast SEO plugin v27.3 - https:\/\/yoast.com\/product\/yoast-seo-wordpress\/ -->\n<title>Le fauteuil roulant \u00e9lectrique permobil m300 - Canada Care Medical<\/title>\n<meta name=\"robots\" content=\"index, follow, max-snippet:-1, max-image-preview:large, max-video-preview:-1\" \/>\n<link rel=\"canonical\" href=\"https:\/\/canadacaremedical.com\/fr\/product\/produits-de-mobilite\/fauteuils-roulants-electriques\/le-fauteuil-roulant-electrique-permobil-m300\/\" \/>\n<meta property=\"og:locale\" content=\"fr_FR\" \/>\n<meta property=\"og:type\" content=\"article\" \/>\n<meta property=\"og:title\" content=\"Le fauteuil roulant \u00e9lectrique permobil m300 - Canada Care Medical\" \/>\n<meta property=\"og:description\" content=\"Un fauteuil roulant \u00e9lectrique ultrapuissant. Ce fauteuil roulant \u00e9lectrique con\u00e7u pour soutenir jusqu\u2019\u00e0 450 lb est d\u2019une endurance exceptionnelle tout en offrant un confort optimal gr\u00e2ce \u00e0 son syst\u00e8me de si\u00e8ge Corpus de man\u0153uvrabilit\u00e9 sup\u00e9rieure.\" \/>\n<meta property=\"og:url\" content=\"https:\/\/canadacaremedical.com\/fr\/product\/produits-de-mobilite\/fauteuils-roulants-electriques\/le-fauteuil-roulant-electrique-permobil-m300\/\" \/>\n<meta property=\"og:site_name\" content=\"Canada Care Medical\" \/>\n<meta property=\"article:modified_time\" content=\"2021-03-16T09:20:19+00:00\" \/>\n<meta property=\"og:image\" content=\"https:\/\/canadacaremedical.com\/wp-content\/uploads\/2019\/01\/Permobil-M300-I105799-99-0260x215-1.jpg\" \/>\n\t<meta property=\"og:image:width\" content=\"260\" \/>\n\t<meta property=\"og:image:height\" content=\"215\" \/>\n\t<meta property=\"og:image:type\" content=\"image\/jpeg\" \/>\n<meta name=\"twitter:card\" content=\"summary_large_image\" \/>\n<script type=\"application\/ld+json\" class=\"yoast-schema-graph\">{\"@context\":\"https:\\\/\\\/schema.org\",\"@graph\":[{\"@type\":\"WebPage\",\"@id\":\"https:\\\/\\\/canadacaremedical.com\\\/fr\\\/product\\\/produits-de-mobilite\\\/fauteuils-roulants-electriques\\\/le-fauteuil-roulant-electrique-permobil-m300\\\/\",\"url\":\"https:\\\/\\\/canadacaremedical.com\\\/fr\\\/product\\\/produits-de-mobilite\\\/fauteuils-roulants-electriques\\\/le-fauteuil-roulant-electrique-permobil-m300\\\/\",\"name\":\"Le fauteuil roulant \u00e9lectrique permobil m300 - Canada Care Medical\",\"isPartOf\":{\"@id\":\"https:\\\/\\\/canadacaremedical.com\\\/#website\"},\"primaryImageOfPage\":{\"@id\":\"https:\\\/\\\/canadacaremedical.com\\\/fr\\\/product\\\/produits-de-mobilite\\\/fauteuils-roulants-electriques\\\/le-fauteuil-roulant-electrique-permobil-m300\\\/#primaryimage\"},\"image\":{\"@id\":\"https:\\\/\\\/canadacaremedical.com\\\/fr\\\/product\\\/produits-de-mobilite\\\/fauteuils-roulants-electriques\\\/le-fauteuil-roulant-electrique-permobil-m300\\\/#primaryimage\"},\"thumbnailUrl\":\"https:\\\/\\\/canadacaremedical.com\\\/wp-content\\\/uploads\\\/2019\\\/01\\\/Permobil-M300-I105799-99-0260x215-1.jpg\",\"datePublished\":\"2019-01-02T13:13:53+00:00\",\"dateModified\":\"2021-03-16T09:20:19+00:00\",\"breadcrumb\":{\"@id\":\"https:\\\/\\\/canadacaremedical.com\\\/fr\\\/product\\\/produits-de-mobilite\\\/fauteuils-roulants-electriques\\\/le-fauteuil-roulant-electrique-permobil-m300\\\/#breadcrumb\"},\"inLanguage\":\"fr-FR\",\"potentialAction\":[{\"@type\":\"ReadAction\",\"target\":[\"https:\\\/\\\/canadacaremedical.com\\\/fr\\\/product\\\/produits-de-mobilite\\\/fauteuils-roulants-electriques\\\/le-fauteuil-roulant-electrique-permobil-m300\\\/\"]}]},{\"@type\":\"ImageObject\",\"inLanguage\":\"fr-FR\",\"@id\":\"https:\\\/\\\/canadacaremedical.com\\\/fr\\\/product\\\/produits-de-mobilite\\\/fauteuils-roulants-electriques\\\/le-fauteuil-roulant-electrique-permobil-m300\\\/#primaryimage\",\"url\":\"https:\\\/\\\/canadacaremedical.com\\\/wp-content\\\/uploads\\\/2019\\\/01\\\/Permobil-M300-I105799-99-0260x215-1.jpg\",\"contentUrl\":\"https:\\\/\\\/canadacaremedical.com\\\/wp-content\\\/uploads\\\/2019\\\/01\\\/Permobil-M300-I105799-99-0260x215-1.jpg\",\"width\":260,\"height\":215,\"caption\":\"LE FAUTEUIL ROULANT \u00c9LECTRIQUE PERMOBIL M300\"},{\"@type\":\"BreadcrumbList\",\"@id\":\"https:\\\/\\\/canadacaremedical.com\\\/fr\\\/product\\\/produits-de-mobilite\\\/fauteuils-roulants-electriques\\\/le-fauteuil-roulant-electrique-permobil-m300\\\/#breadcrumb\",\"itemListElement\":[{\"@type\":\"ListItem\",\"position\":1,\"name\":\"Home\",\"item\":\"https:\\\/\\\/canadacaremedical.com\\\/fr\\\/\"},{\"@type\":\"ListItem\",\"position\":2,\"name\":\"FIRST AID\",\"item\":\"https:\\\/\\\/canadacaremedical.com\\\/?page_id=1227\"},{\"@type\":\"ListItem\",\"position\":3,\"name\":\"LE FAUTEUIL ROULANT \u00c9LECTRIQUE PERMOBIL M300\"}]},{\"@type\":\"WebSite\",\"@id\":\"https:\\\/\\\/canadacaremedical.com\\\/#website\",\"url\":\"https:\\\/\\\/canadacaremedical.com\\\/\",\"name\":\"Canada Care Medical\",\"description\":\"\",\"publisher\":{\"@id\":\"https:\\\/\\\/canadacaremedical.com\\\/#organization\"},\"potentialAction\":[{\"@type\":\"SearchAction\",\"target\":{\"@type\":\"EntryPoint\",\"urlTemplate\":\"https:\\\/\\\/canadacaremedical.com\\\/?s={search_term_string}\"},\"query-input\":{\"@type\":\"PropertyValueSpecification\",\"valueRequired\":true,\"valueName\":\"search_term_string\"}}],\"inLanguage\":\"fr-FR\"},{\"@type\":\"Organization\",\"@id\":\"https:\\\/\\\/canadacaremedical.com\\\/#organization\",\"name\":\"Canada Care Medical\",\"url\":\"https:\\\/\\\/canadacaremedical.com\\\/\",\"logo\":{\"@type\":\"ImageObject\",\"inLanguage\":\"fr-FR\",\"@id\":\"https:\\\/\\\/canadacaremedical.com\\\/#\\\/schema\\\/logo\\\/image\\\/\",\"url\":\"https:\\\/\\\/canadacaremedical.com\\\/wp-content\\\/uploads\\\/2022\\\/04\\\/cropped-CCM-an-NSM-company-website-vertical-no-50-1.png\",\"contentUrl\":\"https:\\\/\\\/canadacaremedical.com\\\/wp-content\\\/uploads\\\/2022\\\/04\\\/cropped-CCM-an-NSM-company-website-vertical-no-50-1.png\",\"width\":500,\"height\":181,\"caption\":\"Canada Care Medical\"},\"image\":{\"@id\":\"https:\\\/\\\/canadacaremedical.com\\\/#\\\/schema\\\/logo\\\/image\\\/\"}}]}<\/script>\n<!-- \/ Yoast SEO plugin. -->","yoast_head_json":{"title":"Le fauteuil roulant \u00e9lectrique permobil m300 - Canada Care Medical","robots":{"index":"index","follow":"follow","max-snippet":"max-snippet:-1","max-image-preview":"max-image-preview:large","max-video-preview":"max-video-preview:-1"},"canonical":"https:\/\/canadacaremedical.com\/fr\/product\/produits-de-mobilite\/fauteuils-roulants-electriques\/le-fauteuil-roulant-electrique-permobil-m300\/","og_locale":"fr_FR","og_type":"article","og_title":"Le fauteuil roulant \u00e9lectrique permobil m300 - Canada Care Medical","og_description":"Un fauteuil roulant \u00e9lectrique ultrapuissant. Ce fauteuil roulant \u00e9lectrique con\u00e7u pour soutenir jusqu\u2019\u00e0 450 lb est d\u2019une endurance exceptionnelle tout en offrant un confort optimal gr\u00e2ce \u00e0 son syst\u00e8me de si\u00e8ge Corpus de man\u0153uvrabilit\u00e9 sup\u00e9rieure.","og_url":"https:\/\/canadacaremedical.com\/fr\/product\/produits-de-mobilite\/fauteuils-roulants-electriques\/le-fauteuil-roulant-electrique-permobil-m300\/","og_site_name":"Canada Care Medical","article_modified_time":"2021-03-16T09:20:19+00:00","og_image":[{"width":260,"height":215,"url":"https:\/\/canadacaremedical.com\/wp-content\/uploads\/2019\/01\/Permobil-M300-I105799-99-0260x215-1.jpg","type":"image\/jpeg"}],"twitter_card":"summary_large_image","schema":{"@context":"https:\/\/schema.org","@graph":[{"@type":"WebPage","@id":"https:\/\/canadacaremedical.com\/fr\/product\/produits-de-mobilite\/fauteuils-roulants-electriques\/le-fauteuil-roulant-electrique-permobil-m300\/","url":"https:\/\/canadacaremedical.com\/fr\/product\/produits-de-mobilite\/fauteuils-roulants-electriques\/le-fauteuil-roulant-electrique-permobil-m300\/","name":"Le fauteuil roulant \u00e9lectrique permobil m300 - Canada Care Medical","isPartOf":{"@id":"https:\/\/canadacaremedical.com\/#website"},"primaryImageOfPage":{"@id":"https:\/\/canadacaremedical.com\/fr\/product\/produits-de-mobilite\/fauteuils-roulants-electriques\/le-fauteuil-roulant-electrique-permobil-m300\/#primaryimage"},"image":{"@id":"https:\/\/canadacaremedical.com\/fr\/product\/produits-de-mobilite\/fauteuils-roulants-electriques\/le-fauteuil-roulant-electrique-permobil-m300\/#primaryimage"},"thumbnailUrl":"https:\/\/canadacaremedical.com\/wp-content\/uploads\/2019\/01\/Permobil-M300-I105799-99-0260x215-1.jpg","datePublished":"2019-01-02T13:13:53+00:00","dateModified":"2021-03-16T09:20:19+00:00","breadcrumb":{"@id":"https:\/\/canadacaremedical.com\/fr\/product\/produits-de-mobilite\/fauteuils-roulants-electriques\/le-fauteuil-roulant-electrique-permobil-m300\/#breadcrumb"},"inLanguage":"fr-FR","potentialAction":[{"@type":"ReadAction","target":["https:\/\/canadacaremedical.com\/fr\/product\/produits-de-mobilite\/fauteuils-roulants-electriques\/le-fauteuil-roulant-electrique-permobil-m300\/"]}]},{"@type":"ImageObject","inLanguage":"fr-FR","@id":"https:\/\/canadacaremedical.com\/fr\/product\/produits-de-mobilite\/fauteuils-roulants-electriques\/le-fauteuil-roulant-electrique-permobil-m300\/#primaryimage","url":"https:\/\/canadacaremedical.com\/wp-content\/uploads\/2019\/01\/Permobil-M300-I105799-99-0260x215-1.jpg","contentUrl":"https:\/\/canadacaremedical.com\/wp-content\/uploads\/2019\/01\/Permobil-M300-I105799-99-0260x215-1.jpg","width":260,"height":215,"caption":"LE FAUTEUIL ROULANT \u00c9LECTRIQUE PERMOBIL M300"},{"@type":"BreadcrumbList","@id":"https:\/\/canadacaremedical.com\/fr\/product\/produits-de-mobilite\/fauteuils-roulants-electriques\/le-fauteuil-roulant-electrique-permobil-m300\/#breadcrumb","itemListElement":[{"@type":"ListItem","position":1,"name":"Home","item":"https:\/\/canadacaremedical.com\/fr\/"},{"@type":"ListItem","position":2,"name":"FIRST AID","item":"https:\/\/canadacaremedical.com\/?page_id=1227"},{"@type":"ListItem","position":3,"name":"LE FAUTEUIL ROULANT \u00c9LECTRIQUE PERMOBIL M300"}]},{"@type":"WebSite","@id":"https:\/\/canadacaremedical.com\/#website","url":"https:\/\/canadacaremedical.com\/","name":"Canada Care Medical","description":"","publisher":{"@id":"https:\/\/canadacaremedical.com\/#organization"},"potentialAction":[{"@type":"SearchAction","target":{"@type":"EntryPoint","urlTemplate":"https:\/\/canadacaremedical.com\/?s={search_term_string}"},"query-input":{"@type":"PropertyValueSpecification","valueRequired":true,"valueName":"search_term_string"}}],"inLanguage":"fr-FR"},{"@type":"Organization","@id":"https:\/\/canadacaremedical.com\/#organization","name":"Canada Care Medical","url":"https:\/\/canadacaremedical.com\/","logo":{"@type":"ImageObject","inLanguage":"fr-FR","@id":"https:\/\/canadacaremedical.com\/#\/schema\/logo\/image\/","url":"https:\/\/canadacaremedical.com\/wp-content\/uploads\/2022\/04\/cropped-CCM-an-NSM-company-website-vertical-no-50-1.png","contentUrl":"https:\/\/canadacaremedical.com\/wp-content\/uploads\/2022\/04\/cropped-CCM-an-NSM-company-website-vertical-no-50-1.png","width":500,"height":181,"caption":"Canada Care Medical"},"image":{"@id":"https:\/\/canadacaremedical.com\/#\/schema\/logo\/image\/"}}]}},"jetpack_sharing_enabled":true,"_links":{"self":[{"href":"https:\/\/canadacaremedical.com\/fr\/wp-json\/wp\/v2\/product\/963","targetHints":{"allow":["GET"]}}],"collection":[{"href":"https:\/\/canadacaremedical.com\/fr\/wp-json\/wp\/v2\/product"}],"about":[{"href":"https:\/\/canadacaremedical.com\/fr\/wp-json\/wp\/v2\/types\/product"}],"wp:featuredmedia":[{"embeddable":true,"href":"https:\/\/canadacaremedical.com\/fr\/wp-json\/wp\/v2\/media\/2345"}],"wp:attachment":[{"href":"https:\/\/canadacaremedical.com\/fr\/wp-json\/wp\/v2\/media?parent=963"}],"wp:term":[{"taxonomy":"product_brand","embeddable":true,"href":"https:\/\/canadacaremedical.com\/fr\/wp-json\/wp\/v2\/product_brand?post=963"},{"taxonomy":"product_cat","embeddable":true,"href":"https:\/\/canadacaremedical.com\/fr\/wp-json\/wp\/v2\/product_cat?post=963"},{"taxonomy":"product_tag","embeddable":true,"href":"https:\/\/canadacaremedical.com\/fr\/wp-json\/wp\/v2\/product_tag?post=963"}],"curies":[{"name":"wp","href":"https:\/\/api.w.org\/{rel}","templated":true}]}}