{"id":974,"date":"2019-01-02T13:25:17","date_gmt":"2019-01-02T13:25:17","guid":{"rendered":"\/?post_type=product&#038;p=974"},"modified":"2021-03-16T09:40:59","modified_gmt":"2021-03-16T09:40:59","slug":"le-fauteuil-roulant-inclinable-broda-elite-785","status":"publish","type":"product","link":"https:\/\/canadacaremedical.com\/fr\/product\/produits-de-mobilite\/fauteuils-roulants-inclinables\/le-fauteuil-roulant-inclinable-broda-elite-785\/","title":{"rendered":"LE FAUTEUIL ROULANT INCLINABLE BRODA ELITE 785"},"content":{"rendered":"","protected":false},"excerpt":{"rendered":"<h2><strong>Le nec plus ultra en confort et polyvalence,<\/strong><\/h2>\n<p><strong> ce fauteuil inclinable aide \u00e0 la digestion, l\u2019oxyg\u00e9nation et \u00e0 la gestion et au soulagement de la douleur.<\/strong><\/p>\n<p>Le Broda Elite 785 est un fauteuil permettant un positionnement postural optimis\u00e9 et une durabilit\u00e9 sup\u00e9rieure.<\/p>\n","protected":false},"featured_media":2392,"template":"","meta":[],"product_brand":[],"product_cat":[100],"product_tag":[],"class_list":{"0":"post-974","1":"product","2":"type-product","3":"status-publish","4":"has-post-thumbnail","6":"product_cat-fauteuils-roulants-inclinables","8":"first","9":"instock","10":"shipping-taxable","11":"purchasable","12":"product-type-simple"},"yoast_head":"<!-- This site is optimized with the Yoast SEO plugin v27.3 - https:\/\/yoast.com\/product\/yoast-seo-wordpress\/ -->\n<title>Le fauteuil roulant inclinable broda elite 785 - Canada Care Medical<\/title>\n<meta name=\"robots\" content=\"index, follow, max-snippet:-1, max-image-preview:large, max-video-preview:-1\" \/>\n<link rel=\"canonical\" href=\"https:\/\/canadacaremedical.com\/fr\/product\/produits-de-mobilite\/fauteuils-roulants-inclinables\/le-fauteuil-roulant-inclinable-broda-elite-785\/\" \/>\n<meta property=\"og:locale\" content=\"fr_FR\" \/>\n<meta property=\"og:type\" content=\"article\" \/>\n<meta property=\"og:title\" content=\"Le fauteuil roulant inclinable broda elite 785 - Canada Care Medical\" \/>\n<meta property=\"og:description\" content=\"Le nec plus ultra en confort et polyvalence,  ce fauteuil inclinable aide \u00e0 la digestion, l\u2019oxyg\u00e9nation et \u00e0 la gestion et au soulagement de la douleur.  Le Broda Elite 785 est un fauteuil permettant un positionnement postural optimis\u00e9 et une durabilit\u00e9 sup\u00e9rieure.\" \/>\n<meta property=\"og:url\" content=\"https:\/\/canadacaremedical.com\/fr\/product\/produits-de-mobilite\/fauteuils-roulants-inclinables\/le-fauteuil-roulant-inclinable-broda-elite-785\/\" \/>\n<meta property=\"og:site_name\" content=\"Canada Care Medical\" \/>\n<meta property=\"article:modified_time\" content=\"2021-03-16T09:40:59+00:00\" \/>\n<meta property=\"og:image\" content=\"https:\/\/canadacaremedical.com\/wp-content\/uploads\/2019\/01\/Broda-Elite-785260x215-1.jpg\" \/>\n\t<meta property=\"og:image:width\" content=\"260\" \/>\n\t<meta property=\"og:image:height\" content=\"215\" \/>\n\t<meta property=\"og:image:type\" content=\"image\/jpeg\" \/>\n<meta name=\"twitter:card\" content=\"summary_large_image\" \/>\n<script type=\"application\/ld+json\" class=\"yoast-schema-graph\">{\"@context\":\"https:\\\/\\\/schema.org\",\"@graph\":[{\"@type\":\"WebPage\",\"@id\":\"https:\\\/\\\/canadacaremedical.com\\\/fr\\\/product\\\/produits-de-mobilite\\\/fauteuils-roulants-inclinables\\\/le-fauteuil-roulant-inclinable-broda-elite-785\\\/\",\"url\":\"https:\\\/\\\/canadacaremedical.com\\\/fr\\\/product\\\/produits-de-mobilite\\\/fauteuils-roulants-inclinables\\\/le-fauteuil-roulant-inclinable-broda-elite-785\\\/\",\"name\":\"Le fauteuil roulant inclinable broda elite 785 - Canada Care Medical\",\"isPartOf\":{\"@id\":\"https:\\\/\\\/canadacaremedical.com\\\/#website\"},\"primaryImageOfPage\":{\"@id\":\"https:\\\/\\\/canadacaremedical.com\\\/fr\\\/product\\\/produits-de-mobilite\\\/fauteuils-roulants-inclinables\\\/le-fauteuil-roulant-inclinable-broda-elite-785\\\/#primaryimage\"},\"image\":{\"@id\":\"https:\\\/\\\/canadacaremedical.com\\\/fr\\\/product\\\/produits-de-mobilite\\\/fauteuils-roulants-inclinables\\\/le-fauteuil-roulant-inclinable-broda-elite-785\\\/#primaryimage\"},\"thumbnailUrl\":\"https:\\\/\\\/canadacaremedical.com\\\/wp-content\\\/uploads\\\/2019\\\/01\\\/Broda-Elite-785260x215-1.jpg\",\"datePublished\":\"2019-01-02T13:25:17+00:00\",\"dateModified\":\"2021-03-16T09:40:59+00:00\",\"breadcrumb\":{\"@id\":\"https:\\\/\\\/canadacaremedical.com\\\/fr\\\/product\\\/produits-de-mobilite\\\/fauteuils-roulants-inclinables\\\/le-fauteuil-roulant-inclinable-broda-elite-785\\\/#breadcrumb\"},\"inLanguage\":\"fr-FR\",\"potentialAction\":[{\"@type\":\"ReadAction\",\"target\":[\"https:\\\/\\\/canadacaremedical.com\\\/fr\\\/product\\\/produits-de-mobilite\\\/fauteuils-roulants-inclinables\\\/le-fauteuil-roulant-inclinable-broda-elite-785\\\/\"]}]},{\"@type\":\"ImageObject\",\"inLanguage\":\"fr-FR\",\"@id\":\"https:\\\/\\\/canadacaremedical.com\\\/fr\\\/product\\\/produits-de-mobilite\\\/fauteuils-roulants-inclinables\\\/le-fauteuil-roulant-inclinable-broda-elite-785\\\/#primaryimage\",\"url\":\"https:\\\/\\\/canadacaremedical.com\\\/wp-content\\\/uploads\\\/2019\\\/01\\\/Broda-Elite-785260x215-1.jpg\",\"contentUrl\":\"https:\\\/\\\/canadacaremedical.com\\\/wp-content\\\/uploads\\\/2019\\\/01\\\/Broda-Elite-785260x215-1.jpg\",\"width\":260,\"height\":215,\"caption\":\"LE FAUTEUIL ROULANT INCLINABLE BRODA ELITE 785\"},{\"@type\":\"BreadcrumbList\",\"@id\":\"https:\\\/\\\/canadacaremedical.com\\\/fr\\\/product\\\/produits-de-mobilite\\\/fauteuils-roulants-inclinables\\\/le-fauteuil-roulant-inclinable-broda-elite-785\\\/#breadcrumb\",\"itemListElement\":[{\"@type\":\"ListItem\",\"position\":1,\"name\":\"Home\",\"item\":\"https:\\\/\\\/canadacaremedical.com\\\/fr\\\/\"},{\"@type\":\"ListItem\",\"position\":2,\"name\":\"FIRST AID\",\"item\":\"https:\\\/\\\/canadacaremedical.com\\\/?page_id=1227\"},{\"@type\":\"ListItem\",\"position\":3,\"name\":\"LE FAUTEUIL ROULANT INCLINABLE BRODA ELITE 785\"}]},{\"@type\":\"WebSite\",\"@id\":\"https:\\\/\\\/canadacaremedical.com\\\/#website\",\"url\":\"https:\\\/\\\/canadacaremedical.com\\\/\",\"name\":\"Canada Care Medical\",\"description\":\"\",\"publisher\":{\"@id\":\"https:\\\/\\\/canadacaremedical.com\\\/#organization\"},\"potentialAction\":[{\"@type\":\"SearchAction\",\"target\":{\"@type\":\"EntryPoint\",\"urlTemplate\":\"https:\\\/\\\/canadacaremedical.com\\\/?s={search_term_string}\"},\"query-input\":{\"@type\":\"PropertyValueSpecification\",\"valueRequired\":true,\"valueName\":\"search_term_string\"}}],\"inLanguage\":\"fr-FR\"},{\"@type\":\"Organization\",\"@id\":\"https:\\\/\\\/canadacaremedical.com\\\/#organization\",\"name\":\"Canada Care Medical\",\"url\":\"https:\\\/\\\/canadacaremedical.com\\\/\",\"logo\":{\"@type\":\"ImageObject\",\"inLanguage\":\"fr-FR\",\"@id\":\"https:\\\/\\\/canadacaremedical.com\\\/#\\\/schema\\\/logo\\\/image\\\/\",\"url\":\"https:\\\/\\\/canadacaremedical.com\\\/wp-content\\\/uploads\\\/2022\\\/04\\\/cropped-CCM-an-NSM-company-website-vertical-no-50-1.png\",\"contentUrl\":\"https:\\\/\\\/canadacaremedical.com\\\/wp-content\\\/uploads\\\/2022\\\/04\\\/cropped-CCM-an-NSM-company-website-vertical-no-50-1.png\",\"width\":500,\"height\":181,\"caption\":\"Canada Care Medical\"},\"image\":{\"@id\":\"https:\\\/\\\/canadacaremedical.com\\\/#\\\/schema\\\/logo\\\/image\\\/\"}}]}<\/script>\n<!-- \/ Yoast SEO plugin. -->","yoast_head_json":{"title":"Le fauteuil roulant inclinable broda elite 785 - Canada Care Medical","robots":{"index":"index","follow":"follow","max-snippet":"max-snippet:-1","max-image-preview":"max-image-preview:large","max-video-preview":"max-video-preview:-1"},"canonical":"https:\/\/canadacaremedical.com\/fr\/product\/produits-de-mobilite\/fauteuils-roulants-inclinables\/le-fauteuil-roulant-inclinable-broda-elite-785\/","og_locale":"fr_FR","og_type":"article","og_title":"Le fauteuil roulant inclinable broda elite 785 - Canada Care Medical","og_description":"Le nec plus ultra en confort et polyvalence,  ce fauteuil inclinable aide \u00e0 la digestion, l\u2019oxyg\u00e9nation et \u00e0 la gestion et au soulagement de la douleur.  Le Broda Elite 785 est un fauteuil permettant un positionnement postural optimis\u00e9 et une durabilit\u00e9 sup\u00e9rieure.","og_url":"https:\/\/canadacaremedical.com\/fr\/product\/produits-de-mobilite\/fauteuils-roulants-inclinables\/le-fauteuil-roulant-inclinable-broda-elite-785\/","og_site_name":"Canada Care Medical","article_modified_time":"2021-03-16T09:40:59+00:00","og_image":[{"width":260,"height":215,"url":"https:\/\/canadacaremedical.com\/wp-content\/uploads\/2019\/01\/Broda-Elite-785260x215-1.jpg","type":"image\/jpeg"}],"twitter_card":"summary_large_image","schema":{"@context":"https:\/\/schema.org","@graph":[{"@type":"WebPage","@id":"https:\/\/canadacaremedical.com\/fr\/product\/produits-de-mobilite\/fauteuils-roulants-inclinables\/le-fauteuil-roulant-inclinable-broda-elite-785\/","url":"https:\/\/canadacaremedical.com\/fr\/product\/produits-de-mobilite\/fauteuils-roulants-inclinables\/le-fauteuil-roulant-inclinable-broda-elite-785\/","name":"Le fauteuil roulant inclinable broda elite 785 - Canada Care Medical","isPartOf":{"@id":"https:\/\/canadacaremedical.com\/#website"},"primaryImageOfPage":{"@id":"https:\/\/canadacaremedical.com\/fr\/product\/produits-de-mobilite\/fauteuils-roulants-inclinables\/le-fauteuil-roulant-inclinable-broda-elite-785\/#primaryimage"},"image":{"@id":"https:\/\/canadacaremedical.com\/fr\/product\/produits-de-mobilite\/fauteuils-roulants-inclinables\/le-fauteuil-roulant-inclinable-broda-elite-785\/#primaryimage"},"thumbnailUrl":"https:\/\/canadacaremedical.com\/wp-content\/uploads\/2019\/01\/Broda-Elite-785260x215-1.jpg","datePublished":"2019-01-02T13:25:17+00:00","dateModified":"2021-03-16T09:40:59+00:00","breadcrumb":{"@id":"https:\/\/canadacaremedical.com\/fr\/product\/produits-de-mobilite\/fauteuils-roulants-inclinables\/le-fauteuil-roulant-inclinable-broda-elite-785\/#breadcrumb"},"inLanguage":"fr-FR","potentialAction":[{"@type":"ReadAction","target":["https:\/\/canadacaremedical.com\/fr\/product\/produits-de-mobilite\/fauteuils-roulants-inclinables\/le-fauteuil-roulant-inclinable-broda-elite-785\/"]}]},{"@type":"ImageObject","inLanguage":"fr-FR","@id":"https:\/\/canadacaremedical.com\/fr\/product\/produits-de-mobilite\/fauteuils-roulants-inclinables\/le-fauteuil-roulant-inclinable-broda-elite-785\/#primaryimage","url":"https:\/\/canadacaremedical.com\/wp-content\/uploads\/2019\/01\/Broda-Elite-785260x215-1.jpg","contentUrl":"https:\/\/canadacaremedical.com\/wp-content\/uploads\/2019\/01\/Broda-Elite-785260x215-1.jpg","width":260,"height":215,"caption":"LE FAUTEUIL ROULANT INCLINABLE BRODA ELITE 785"},{"@type":"BreadcrumbList","@id":"https:\/\/canadacaremedical.com\/fr\/product\/produits-de-mobilite\/fauteuils-roulants-inclinables\/le-fauteuil-roulant-inclinable-broda-elite-785\/#breadcrumb","itemListElement":[{"@type":"ListItem","position":1,"name":"Home","item":"https:\/\/canadacaremedical.com\/fr\/"},{"@type":"ListItem","position":2,"name":"FIRST AID","item":"https:\/\/canadacaremedical.com\/?page_id=1227"},{"@type":"ListItem","position":3,"name":"LE FAUTEUIL ROULANT INCLINABLE BRODA ELITE 785"}]},{"@type":"WebSite","@id":"https:\/\/canadacaremedical.com\/#website","url":"https:\/\/canadacaremedical.com\/","name":"Canada Care Medical","description":"","publisher":{"@id":"https:\/\/canadacaremedical.com\/#organization"},"potentialAction":[{"@type":"SearchAction","target":{"@type":"EntryPoint","urlTemplate":"https:\/\/canadacaremedical.com\/?s={search_term_string}"},"query-input":{"@type":"PropertyValueSpecification","valueRequired":true,"valueName":"search_term_string"}}],"inLanguage":"fr-FR"},{"@type":"Organization","@id":"https:\/\/canadacaremedical.com\/#organization","name":"Canada Care Medical","url":"https:\/\/canadacaremedical.com\/","logo":{"@type":"ImageObject","inLanguage":"fr-FR","@id":"https:\/\/canadacaremedical.com\/#\/schema\/logo\/image\/","url":"https:\/\/canadacaremedical.com\/wp-content\/uploads\/2022\/04\/cropped-CCM-an-NSM-company-website-vertical-no-50-1.png","contentUrl":"https:\/\/canadacaremedical.com\/wp-content\/uploads\/2022\/04\/cropped-CCM-an-NSM-company-website-vertical-no-50-1.png","width":500,"height":181,"caption":"Canada Care Medical"},"image":{"@id":"https:\/\/canadacaremedical.com\/#\/schema\/logo\/image\/"}}]}},"jetpack_sharing_enabled":true,"_links":{"self":[{"href":"https:\/\/canadacaremedical.com\/fr\/wp-json\/wp\/v2\/product\/974","targetHints":{"allow":["GET"]}}],"collection":[{"href":"https:\/\/canadacaremedical.com\/fr\/wp-json\/wp\/v2\/product"}],"about":[{"href":"https:\/\/canadacaremedical.com\/fr\/wp-json\/wp\/v2\/types\/product"}],"wp:featuredmedia":[{"embeddable":true,"href":"https:\/\/canadacaremedical.com\/fr\/wp-json\/wp\/v2\/media\/2392"}],"wp:attachment":[{"href":"https:\/\/canadacaremedical.com\/fr\/wp-json\/wp\/v2\/media?parent=974"}],"wp:term":[{"taxonomy":"product_brand","embeddable":true,"href":"https:\/\/canadacaremedical.com\/fr\/wp-json\/wp\/v2\/product_brand?post=974"},{"taxonomy":"product_cat","embeddable":true,"href":"https:\/\/canadacaremedical.com\/fr\/wp-json\/wp\/v2\/product_cat?post=974"},{"taxonomy":"product_tag","embeddable":true,"href":"https:\/\/canadacaremedical.com\/fr\/wp-json\/wp\/v2\/product_tag?post=974"}],"curies":[{"name":"wp","href":"https:\/\/api.w.org\/{rel}","templated":true}]}}