{"id":983,"date":"2019-01-02T13:39:00","date_gmt":"2019-01-02T13:39:00","guid":{"rendered":"\/?post_type=product&#038;p=983"},"modified":"2021-03-16T09:20:02","modified_gmt":"2021-03-16T09:20:02","slug":"le-fauteuil-roulant-manuel-motion-composites-helio","status":"publish","type":"product","link":"https:\/\/canadacaremedical.com\/fr\/product\/produits-de-mobilite\/fauteuils-roulants-manuels\/le-fauteuil-roulant-manuel-motion-composites-helio\/","title":{"rendered":"LE FAUTEUIL ROULANT MANUEL MOTION COMPOSITES HELIO"},"content":{"rendered":"","protected":false},"excerpt":{"rendered":"<h2><strong>Un fauteuil roulant manuel extr\u00eamement l\u00e9ger et endurant qui optimise votre effort \u00e0 la roue.<\/strong><\/h2>\n<p>Le fauteuil roulant manuel Helio est vraiment unique, car il est con\u00e7u au moyen d\u2019une technologie de fibre de carbone d\u2019avant-garde, entra\u00eenant une r\u00e9sistance exceptionnelle et un fauteuil au poids plume qui d\u00e9cuplera votre effort \u00e0 la roue et donc le terrain parcouru.<\/p>\n","protected":false},"featured_media":2364,"template":"","meta":[],"product_brand":[],"product_cat":[97],"product_tag":[],"class_list":{"0":"post-983","1":"product","2":"type-product","3":"status-publish","4":"has-post-thumbnail","6":"product_cat-fauteuils-roulants-manuels","8":"first","9":"instock","10":"shipping-taxable","11":"purchasable","12":"product-type-simple"},"yoast_head":"<!-- This site is optimized with the Yoast SEO plugin v27.3 - https:\/\/yoast.com\/product\/yoast-seo-wordpress\/ -->\n<title>Le fauteuil roulant manuel motion composites helio - Canada Care Medical<\/title>\n<meta name=\"robots\" content=\"index, follow, max-snippet:-1, max-image-preview:large, max-video-preview:-1\" \/>\n<link rel=\"canonical\" href=\"https:\/\/canadacaremedical.com\/fr\/product\/produits-de-mobilite\/fauteuils-roulants-manuels\/le-fauteuil-roulant-manuel-motion-composites-helio\/\" \/>\n<meta property=\"og:locale\" content=\"fr_FR\" \/>\n<meta property=\"og:type\" content=\"article\" \/>\n<meta property=\"og:title\" content=\"Le fauteuil roulant manuel motion composites helio - Canada Care Medical\" \/>\n<meta property=\"og:description\" content=\"Un fauteuil roulant manuel extr\u00eamement l\u00e9ger et endurant qui optimise votre effort \u00e0 la roue. Le fauteuil roulant manuel Helio est vraiment unique, car il est con\u00e7u au moyen d\u2019une technologie de fibre de carbone d\u2019avant-garde, entra\u00eenant une r\u00e9sistance exceptionnelle et un fauteuil au poids plume qui d\u00e9cuplera votre effort \u00e0 la roue et donc le terrain parcouru.\" \/>\n<meta property=\"og:url\" content=\"https:\/\/canadacaremedical.com\/fr\/product\/produits-de-mobilite\/fauteuils-roulants-manuels\/le-fauteuil-roulant-manuel-motion-composites-helio\/\" \/>\n<meta property=\"og:site_name\" content=\"Canada Care Medical\" \/>\n<meta property=\"article:modified_time\" content=\"2021-03-16T09:20:02+00:00\" \/>\n<meta property=\"og:image\" content=\"https:\/\/canadacaremedical.com\/wp-content\/uploads\/2019\/01\/Helio-C2260x215-1.jpg\" \/>\n\t<meta property=\"og:image:width\" content=\"260\" \/>\n\t<meta property=\"og:image:height\" content=\"215\" \/>\n\t<meta property=\"og:image:type\" content=\"image\/jpeg\" \/>\n<meta name=\"twitter:card\" content=\"summary_large_image\" \/>\n<script type=\"application\/ld+json\" class=\"yoast-schema-graph\">{\"@context\":\"https:\\\/\\\/schema.org\",\"@graph\":[{\"@type\":\"WebPage\",\"@id\":\"https:\\\/\\\/canadacaremedical.com\\\/fr\\\/product\\\/produits-de-mobilite\\\/fauteuils-roulants-manuels\\\/le-fauteuil-roulant-manuel-motion-composites-helio\\\/\",\"url\":\"https:\\\/\\\/canadacaremedical.com\\\/fr\\\/product\\\/produits-de-mobilite\\\/fauteuils-roulants-manuels\\\/le-fauteuil-roulant-manuel-motion-composites-helio\\\/\",\"name\":\"Le fauteuil roulant manuel motion composites helio - Canada Care Medical\",\"isPartOf\":{\"@id\":\"https:\\\/\\\/canadacaremedical.com\\\/#website\"},\"primaryImageOfPage\":{\"@id\":\"https:\\\/\\\/canadacaremedical.com\\\/fr\\\/product\\\/produits-de-mobilite\\\/fauteuils-roulants-manuels\\\/le-fauteuil-roulant-manuel-motion-composites-helio\\\/#primaryimage\"},\"image\":{\"@id\":\"https:\\\/\\\/canadacaremedical.com\\\/fr\\\/product\\\/produits-de-mobilite\\\/fauteuils-roulants-manuels\\\/le-fauteuil-roulant-manuel-motion-composites-helio\\\/#primaryimage\"},\"thumbnailUrl\":\"https:\\\/\\\/canadacaremedical.com\\\/wp-content\\\/uploads\\\/2019\\\/01\\\/Helio-C2260x215-1.jpg\",\"datePublished\":\"2019-01-02T13:39:00+00:00\",\"dateModified\":\"2021-03-16T09:20:02+00:00\",\"breadcrumb\":{\"@id\":\"https:\\\/\\\/canadacaremedical.com\\\/fr\\\/product\\\/produits-de-mobilite\\\/fauteuils-roulants-manuels\\\/le-fauteuil-roulant-manuel-motion-composites-helio\\\/#breadcrumb\"},\"inLanguage\":\"fr-FR\",\"potentialAction\":[{\"@type\":\"ReadAction\",\"target\":[\"https:\\\/\\\/canadacaremedical.com\\\/fr\\\/product\\\/produits-de-mobilite\\\/fauteuils-roulants-manuels\\\/le-fauteuil-roulant-manuel-motion-composites-helio\\\/\"]}]},{\"@type\":\"ImageObject\",\"inLanguage\":\"fr-FR\",\"@id\":\"https:\\\/\\\/canadacaremedical.com\\\/fr\\\/product\\\/produits-de-mobilite\\\/fauteuils-roulants-manuels\\\/le-fauteuil-roulant-manuel-motion-composites-helio\\\/#primaryimage\",\"url\":\"https:\\\/\\\/canadacaremedical.com\\\/wp-content\\\/uploads\\\/2019\\\/01\\\/Helio-C2260x215-1.jpg\",\"contentUrl\":\"https:\\\/\\\/canadacaremedical.com\\\/wp-content\\\/uploads\\\/2019\\\/01\\\/Helio-C2260x215-1.jpg\",\"width\":260,\"height\":215,\"caption\":\"LE FAUTEUIL ROULANT MANUEL MOTION COMPOSITES HELIO\"},{\"@type\":\"BreadcrumbList\",\"@id\":\"https:\\\/\\\/canadacaremedical.com\\\/fr\\\/product\\\/produits-de-mobilite\\\/fauteuils-roulants-manuels\\\/le-fauteuil-roulant-manuel-motion-composites-helio\\\/#breadcrumb\",\"itemListElement\":[{\"@type\":\"ListItem\",\"position\":1,\"name\":\"Home\",\"item\":\"https:\\\/\\\/canadacaremedical.com\\\/fr\\\/\"},{\"@type\":\"ListItem\",\"position\":2,\"name\":\"FIRST AID\",\"item\":\"https:\\\/\\\/canadacaremedical.com\\\/?page_id=1227\"},{\"@type\":\"ListItem\",\"position\":3,\"name\":\"LE FAUTEUIL ROULANT MANUEL MOTION COMPOSITES HELIO\"}]},{\"@type\":\"WebSite\",\"@id\":\"https:\\\/\\\/canadacaremedical.com\\\/#website\",\"url\":\"https:\\\/\\\/canadacaremedical.com\\\/\",\"name\":\"Canada Care Medical\",\"description\":\"\",\"publisher\":{\"@id\":\"https:\\\/\\\/canadacaremedical.com\\\/#organization\"},\"potentialAction\":[{\"@type\":\"SearchAction\",\"target\":{\"@type\":\"EntryPoint\",\"urlTemplate\":\"https:\\\/\\\/canadacaremedical.com\\\/?s={search_term_string}\"},\"query-input\":{\"@type\":\"PropertyValueSpecification\",\"valueRequired\":true,\"valueName\":\"search_term_string\"}}],\"inLanguage\":\"fr-FR\"},{\"@type\":\"Organization\",\"@id\":\"https:\\\/\\\/canadacaremedical.com\\\/#organization\",\"name\":\"Canada Care Medical\",\"url\":\"https:\\\/\\\/canadacaremedical.com\\\/\",\"logo\":{\"@type\":\"ImageObject\",\"inLanguage\":\"fr-FR\",\"@id\":\"https:\\\/\\\/canadacaremedical.com\\\/#\\\/schema\\\/logo\\\/image\\\/\",\"url\":\"https:\\\/\\\/canadacaremedical.com\\\/wp-content\\\/uploads\\\/2022\\\/04\\\/cropped-CCM-an-NSM-company-website-vertical-no-50-1.png\",\"contentUrl\":\"https:\\\/\\\/canadacaremedical.com\\\/wp-content\\\/uploads\\\/2022\\\/04\\\/cropped-CCM-an-NSM-company-website-vertical-no-50-1.png\",\"width\":500,\"height\":181,\"caption\":\"Canada Care Medical\"},\"image\":{\"@id\":\"https:\\\/\\\/canadacaremedical.com\\\/#\\\/schema\\\/logo\\\/image\\\/\"}}]}<\/script>\n<!-- \/ Yoast SEO plugin. -->","yoast_head_json":{"title":"Le fauteuil roulant manuel motion composites helio - Canada Care Medical","robots":{"index":"index","follow":"follow","max-snippet":"max-snippet:-1","max-image-preview":"max-image-preview:large","max-video-preview":"max-video-preview:-1"},"canonical":"https:\/\/canadacaremedical.com\/fr\/product\/produits-de-mobilite\/fauteuils-roulants-manuels\/le-fauteuil-roulant-manuel-motion-composites-helio\/","og_locale":"fr_FR","og_type":"article","og_title":"Le fauteuil roulant manuel motion composites helio - Canada Care Medical","og_description":"Un fauteuil roulant manuel extr\u00eamement l\u00e9ger et endurant qui optimise votre effort \u00e0 la roue. Le fauteuil roulant manuel Helio est vraiment unique, car il est con\u00e7u au moyen d\u2019une technologie de fibre de carbone d\u2019avant-garde, entra\u00eenant une r\u00e9sistance exceptionnelle et un fauteuil au poids plume qui d\u00e9cuplera votre effort \u00e0 la roue et donc le terrain parcouru.","og_url":"https:\/\/canadacaremedical.com\/fr\/product\/produits-de-mobilite\/fauteuils-roulants-manuels\/le-fauteuil-roulant-manuel-motion-composites-helio\/","og_site_name":"Canada Care Medical","article_modified_time":"2021-03-16T09:20:02+00:00","og_image":[{"width":260,"height":215,"url":"https:\/\/canadacaremedical.com\/wp-content\/uploads\/2019\/01\/Helio-C2260x215-1.jpg","type":"image\/jpeg"}],"twitter_card":"summary_large_image","schema":{"@context":"https:\/\/schema.org","@graph":[{"@type":"WebPage","@id":"https:\/\/canadacaremedical.com\/fr\/product\/produits-de-mobilite\/fauteuils-roulants-manuels\/le-fauteuil-roulant-manuel-motion-composites-helio\/","url":"https:\/\/canadacaremedical.com\/fr\/product\/produits-de-mobilite\/fauteuils-roulants-manuels\/le-fauteuil-roulant-manuel-motion-composites-helio\/","name":"Le fauteuil roulant manuel motion composites helio - Canada Care Medical","isPartOf":{"@id":"https:\/\/canadacaremedical.com\/#website"},"primaryImageOfPage":{"@id":"https:\/\/canadacaremedical.com\/fr\/product\/produits-de-mobilite\/fauteuils-roulants-manuels\/le-fauteuil-roulant-manuel-motion-composites-helio\/#primaryimage"},"image":{"@id":"https:\/\/canadacaremedical.com\/fr\/product\/produits-de-mobilite\/fauteuils-roulants-manuels\/le-fauteuil-roulant-manuel-motion-composites-helio\/#primaryimage"},"thumbnailUrl":"https:\/\/canadacaremedical.com\/wp-content\/uploads\/2019\/01\/Helio-C2260x215-1.jpg","datePublished":"2019-01-02T13:39:00+00:00","dateModified":"2021-03-16T09:20:02+00:00","breadcrumb":{"@id":"https:\/\/canadacaremedical.com\/fr\/product\/produits-de-mobilite\/fauteuils-roulants-manuels\/le-fauteuil-roulant-manuel-motion-composites-helio\/#breadcrumb"},"inLanguage":"fr-FR","potentialAction":[{"@type":"ReadAction","target":["https:\/\/canadacaremedical.com\/fr\/product\/produits-de-mobilite\/fauteuils-roulants-manuels\/le-fauteuil-roulant-manuel-motion-composites-helio\/"]}]},{"@type":"ImageObject","inLanguage":"fr-FR","@id":"https:\/\/canadacaremedical.com\/fr\/product\/produits-de-mobilite\/fauteuils-roulants-manuels\/le-fauteuil-roulant-manuel-motion-composites-helio\/#primaryimage","url":"https:\/\/canadacaremedical.com\/wp-content\/uploads\/2019\/01\/Helio-C2260x215-1.jpg","contentUrl":"https:\/\/canadacaremedical.com\/wp-content\/uploads\/2019\/01\/Helio-C2260x215-1.jpg","width":260,"height":215,"caption":"LE FAUTEUIL ROULANT MANUEL MOTION COMPOSITES HELIO"},{"@type":"BreadcrumbList","@id":"https:\/\/canadacaremedical.com\/fr\/product\/produits-de-mobilite\/fauteuils-roulants-manuels\/le-fauteuil-roulant-manuel-motion-composites-helio\/#breadcrumb","itemListElement":[{"@type":"ListItem","position":1,"name":"Home","item":"https:\/\/canadacaremedical.com\/fr\/"},{"@type":"ListItem","position":2,"name":"FIRST AID","item":"https:\/\/canadacaremedical.com\/?page_id=1227"},{"@type":"ListItem","position":3,"name":"LE FAUTEUIL ROULANT MANUEL MOTION COMPOSITES HELIO"}]},{"@type":"WebSite","@id":"https:\/\/canadacaremedical.com\/#website","url":"https:\/\/canadacaremedical.com\/","name":"Canada Care Medical","description":"","publisher":{"@id":"https:\/\/canadacaremedical.com\/#organization"},"potentialAction":[{"@type":"SearchAction","target":{"@type":"EntryPoint","urlTemplate":"https:\/\/canadacaremedical.com\/?s={search_term_string}"},"query-input":{"@type":"PropertyValueSpecification","valueRequired":true,"valueName":"search_term_string"}}],"inLanguage":"fr-FR"},{"@type":"Organization","@id":"https:\/\/canadacaremedical.com\/#organization","name":"Canada Care Medical","url":"https:\/\/canadacaremedical.com\/","logo":{"@type":"ImageObject","inLanguage":"fr-FR","@id":"https:\/\/canadacaremedical.com\/#\/schema\/logo\/image\/","url":"https:\/\/canadacaremedical.com\/wp-content\/uploads\/2022\/04\/cropped-CCM-an-NSM-company-website-vertical-no-50-1.png","contentUrl":"https:\/\/canadacaremedical.com\/wp-content\/uploads\/2022\/04\/cropped-CCM-an-NSM-company-website-vertical-no-50-1.png","width":500,"height":181,"caption":"Canada Care Medical"},"image":{"@id":"https:\/\/canadacaremedical.com\/#\/schema\/logo\/image\/"}}]}},"jetpack_sharing_enabled":true,"_links":{"self":[{"href":"https:\/\/canadacaremedical.com\/fr\/wp-json\/wp\/v2\/product\/983","targetHints":{"allow":["GET"]}}],"collection":[{"href":"https:\/\/canadacaremedical.com\/fr\/wp-json\/wp\/v2\/product"}],"about":[{"href":"https:\/\/canadacaremedical.com\/fr\/wp-json\/wp\/v2\/types\/product"}],"wp:featuredmedia":[{"embeddable":true,"href":"https:\/\/canadacaremedical.com\/fr\/wp-json\/wp\/v2\/media\/2364"}],"wp:attachment":[{"href":"https:\/\/canadacaremedical.com\/fr\/wp-json\/wp\/v2\/media?parent=983"}],"wp:term":[{"taxonomy":"product_brand","embeddable":true,"href":"https:\/\/canadacaremedical.com\/fr\/wp-json\/wp\/v2\/product_brand?post=983"},{"taxonomy":"product_cat","embeddable":true,"href":"https:\/\/canadacaremedical.com\/fr\/wp-json\/wp\/v2\/product_cat?post=983"},{"taxonomy":"product_tag","embeddable":true,"href":"https:\/\/canadacaremedical.com\/fr\/wp-json\/wp\/v2\/product_tag?post=983"}],"curies":[{"name":"wp","href":"https:\/\/api.w.org\/{rel}","templated":true}]}}